{"id":31205,"date":"2012-05-08T11:35:16","date_gmt":"2012-05-08T09:35:16","guid":{"rendered":"http:\/\/statensmusikverk.se\/capricerecords\/om-caprice-records\/"},"modified":"2022-06-28T14:56:01","modified_gmt":"2022-06-28T12:56:01","slug":"om-caprice-records","status":"publish","type":"page","link":"https:\/\/musikverket-old.test.consids5.se\/capricemusic\/om-caprice-records\/?lang=sm","title":{"rendered":"Om Caprice Records"},"content":{"rendered":"<div id=\"pl-31205\"  class=\"panel-layout\" ><div id=\"pg-31205-0\"  class=\"panel-grid panel-no-style\" ><div id=\"pgc-31205-0-0\"  class=\"panel-grid-cell\" ><div id=\"panel-31205-0-0-0\" class=\"so-panel widget widget_headers panel-first-child panel-last-child\" data-index=\"0\" ><div class=\"so-widget-headers so-widget-headers-base\"><h1 id=\"om-caprice-records\">Om Caprice Records<\/h1>\n<\/div><\/div><\/div><\/div><div id=\"pg-31205-1\"  class=\"panel-grid panel-no-style\" ><div id=\"pgc-31205-1-0\"  class=\"panel-grid-cell panel-grid-cell-mobile-last\" ><div id=\"panel-31205-1-0-0\" class=\"so-panel widget widget_black-studio-tinymce widget_black_studio_tinymce panel-first-child\" data-index=\"1\" ><div class=\"textwidget\"><p><em>Utgivning i nutidens tj\u00e4nst \u2013 Caprice Records ger ut nya och tidigare produktioner ur den egna katalogen samt material ur Musikverkets samlingar.<\/em><\/p>\n<\/div><\/div><div id=\"panel-31205-1-0-1\" class=\"so-panel widget widget_black-studio-tinymce widget_black_studio_tinymce\" data-index=\"2\" ><div class=\"textwidget\"><p><a href=\"\/capricerecords\/artikel\/om-caprice-records-teckentolkat\/\">Information p\u00e5 svenskt teckenspr\u00e5k<\/a><br \/>\n<a title=\"Om Caprice Records, l\u00e4ttl\u00e4st\" href=\"\/capricerecords\/artikel\/om-caprice-records\/\">Information p\u00e5 l\u00e4ttl\u00e4st svenska<\/a><\/p>\n<\/div><\/div><div id=\"panel-31205-1-0-2\" class=\"so-panel widget widget_headers\" data-index=\"3\" ><div class=\"so-widget-headers so-widget-headers-base\"><h3 id=\"over-500-albumtitlar-fran-over-50-ar\">\u00d6ver 500 albumtitlar fr\u00e5n \u00f6ver 50 \u00e5r<\/h3>\n<\/div><\/div><div id=\"panel-31205-1-0-3\" class=\"so-panel widget widget_black-studio-tinymce widget_black_studio_tinymce panel-last-child\" data-index=\"4\" ><div class=\"textwidget\"><p>Utgivningen best\u00e5r fr\u00e4mst av svensk musik av och med svenska artister, musiker och komposit\u00f6rer, men det finns musik fr\u00e5n hela v\u00e4rlden representerad. Caprice Records katalog omfattar ett brett genrespektrum med allt fr\u00e5n klassisk och nutida konstmusik, elektroakustisk musik, jazz, folk- och v\u00e4rldsmusik, till pop och barn- och ungdomsmusik. Katalogen inneh\u00e5ller \u00e4ven historiska dokumentationer, tons\u00e4ttarportr\u00e4tt och samlingsutg\u00e5vor.<\/p>\n<p>Caprice Records startades 1971 och var Rikskonserters eget skivbolag fram till och med 2011 d\u00e5 verksamheten togs \u00f6ver av Musikverket.&nbsp;Bolaget samarbetar och har samarbetat med olika parter i och utanf\u00f6r musiklivet, exempelvis <a title=\"Kungliga Musikaliska Akademien\" href=\"http:\/\/www.musakad.se\/\" target=\"_blank\" rel=\"noopener\">Kungliga Musikaliska Akademien<\/a>, <a title=\"Sveriges Radio\" href=\"http:\/\/sverigesradio.se\/\" target=\"_blank\" rel=\"noopener\">Sveriges Radio<\/a>, <a title=\"Sveriges Television\" href=\"http:\/\/www.svt.se\/\" target=\"_blank\" rel=\"noopener\">Sveriges Television<\/a>, Nomus, <a title=\"Sida\" href=\"http:\/\/www.sida.se\/Svenska\/\" target=\"_blank\" rel=\"noopener\">Sida<\/a>, <a title=\"Export Music Sweden\" href=\"http:\/\/www.exportmusicsweden.org\/\" target=\"_blank\" rel=\"noopener\">Export Music Sweden<\/a>, <a title=\"Svenska Institutet\" href=\"http:\/\/www.si.se\/Svenska\/\" target=\"_blank\" rel=\"noopener\">Svenska Institutet<\/a>, <a title=\"Kungliga Operan\" href=\"http:\/\/www.operan.se\/\" target=\"_blank\" rel=\"noopener\">Kungliga Operan<\/a> med flera.<\/p>\n<p><a title=\"\u00c5terutgivning i nutidens tj\u00e4nst\" href=\"\/capricerecords\/artikel\/aterutgivning-i-nutidens-tjanst\/\">L\u00e4s mer om Caprice Records<\/a><\/p>\n<p><a title=\"\" href=\"\/artikel\/sa-behandlar-musikverket-personuppgifter\/\">S\u00e5 behandlar vi personuppgifter<\/a><\/p>\n<\/div><\/div><\/div><div id=\"pgc-31205-1-1\"  class=\"panel-grid-cell panel-grid-cell-empty\" ><\/div><\/div><\/div>","protected":false},"excerpt":{"rendered":"<p>Utgivning i nutidens tj\u00e4nst \u2013 Caprice Records ger ut nya och tidigare produktioner ur den egna katalogen samt material ur Musikverkets samlingar. Information p\u00e5 svenskt teckenspr\u00e5k Information p\u00e5 l\u00e4ttl\u00e4st svenska Utgivningen best\u00e5r fr\u00e4mst av svensk musik av och med svenska artister, musiker och komposit\u00f6rer, men det finns musik fr\u00e5n hela v\u00e4rlden representerad. Caprice Records katalog [&hellip;]<\/p>\n","protected":false},"author":4,"featured_media":0,"parent":0,"menu_order":0,"comment_status":"open","ping_status":"closed","template":"","meta":{"ngg_post_thumbnail":0},"categories":[3],"tags":[115],"yoast_head":"<!-- This site is optimized with the Yoast SEO plugin v16.3 - https:\/\/yoast.com\/wordpress\/plugins\/seo\/ -->\n<meta name=\"robots\" content=\"index, follow, max-snippet:-1, max-image-preview:large, max-video-preview:-1\" \/>\n<link rel=\"canonical\" href=\"https:\/\/musikverket-old.test.consids5.se\/capricemusic\/om-caprice-records\/\" \/>\n<meta property=\"og:locale\" content=\"sv_SE\" \/>\n<meta property=\"og:type\" content=\"article\" \/>\n<meta property=\"og:title\" content=\"Om Caprice Records - Caprice Music\" \/>\n<meta property=\"og:description\" content=\"Utgivning i nutidens tj\u00e4nst \u2013 Caprice Records ger ut nya och tidigare produktioner ur den egna katalogen samt material ur Musikverkets samlingar. Information p\u00e5 svenskt teckenspr\u00e5k Information p\u00e5 l\u00e4ttl\u00e4st svenska Utgivningen best\u00e5r fr\u00e4mst av svensk musik av och med svenska artister, musiker och komposit\u00f6rer, men det finns musik fr\u00e5n hela v\u00e4rlden representerad. Caprice Records katalog [&hellip;]\" \/>\n<meta property=\"og:url\" content=\"https:\/\/musikverket-old.test.consids5.se\/capricemusic\/om-caprice-records\/?lang=sm\" \/>\n<meta property=\"og:site_name\" content=\"Caprice Music\" \/>\n<meta property=\"article:modified_time\" content=\"2022-06-28T12:56:01+00:00\" \/>\n<meta name=\"twitter:label1\" content=\"Ber\u00e4knad l\u00e4stid\">\n\t<meta name=\"twitter:data1\" content=\"1 minut\">\n<script type=\"application\/ld+json\" class=\"yoast-schema-graph\">{\"@context\":\"https:\/\/schema.org\",\"@graph\":[{\"@type\":\"WebSite\",\"@id\":\"https:\/\/musikverket-old.test.consids5.se\/capricemusic\/#website\",\"url\":\"https:\/\/musikverket-old.test.consids5.se\/capricemusic\/\",\"name\":\"Caprice Music\",\"description\":\"Inspelningar av konstn\\u00e4rligt intressant musik\",\"potentialAction\":[{\"@type\":\"SearchAction\",\"target\":\"https:\/\/musikverket-old.test.consids5.se\/capricemusic\/?s={search_term_string}\",\"query-input\":\"required name=search_term_string\"}],\"inLanguage\":\"sv-SE\"},{\"@type\":\"WebPage\",\"@id\":\"https:\/\/musikverket-old.test.consids5.se\/capricemusic\/om-caprice-records\/?lang=sm#webpage\",\"url\":\"https:\/\/musikverket-old.test.consids5.se\/capricemusic\/om-caprice-records\/?lang=sm\",\"name\":\"Om Caprice Records - Caprice Music\",\"isPartOf\":{\"@id\":\"https:\/\/musikverket-old.test.consids5.se\/capricemusic\/#website\"},\"datePublished\":\"2012-05-08T09:35:16+00:00\",\"dateModified\":\"2022-06-28T12:56:01+00:00\",\"breadcrumb\":{\"@id\":\"https:\/\/musikverket-old.test.consids5.se\/capricemusic\/om-caprice-records\/?lang=sm#breadcrumb\"},\"inLanguage\":\"sv-SE\",\"potentialAction\":[{\"@type\":\"ReadAction\",\"target\":[\"https:\/\/musikverket-old.test.consids5.se\/capricemusic\/om-caprice-records\/?lang=sm\"]}]},{\"@type\":\"BreadcrumbList\",\"@id\":\"https:\/\/musikverket-old.test.consids5.se\/capricemusic\/om-caprice-records\/?lang=sm#breadcrumb\",\"itemListElement\":[{\"@type\":\"ListItem\",\"position\":1,\"item\":{\"@type\":\"WebPage\",\"@id\":\"https:\/\/musikverket-old.test.consids5.se\/capricemusic\/\",\"url\":\"https:\/\/musikverket-old.test.consids5.se\/capricemusic\/\",\"name\":\"Hem\"}},{\"@type\":\"ListItem\",\"position\":2,\"item\":{\"@id\":\"https:\/\/musikverket-old.test.consids5.se\/capricemusic\/om-caprice-records\/?lang=sm#webpage\"}}]}]}<\/script>\n<!-- \/ Yoast SEO plugin. -->","jetpack_shortlink":"https:\/\/wp.me\/P2Zwn0-87j","jetpack_sharing_enabled":true,"_links":{"self":[{"href":"https:\/\/musikverket-old.test.consids5.se\/capricemusic\/wp-json\/wp\/v2\/pages\/31205"}],"collection":[{"href":"https:\/\/musikverket-old.test.consids5.se\/capricemusic\/wp-json\/wp\/v2\/pages"}],"about":[{"href":"https:\/\/musikverket-old.test.consids5.se\/capricemusic\/wp-json\/wp\/v2\/types\/page"}],"author":[{"embeddable":true,"href":"https:\/\/musikverket-old.test.consids5.se\/capricemusic\/wp-json\/wp\/v2\/users\/4"}],"replies":[{"embeddable":true,"href":"https:\/\/musikverket-old.test.consids5.se\/capricemusic\/wp-json\/wp\/v2\/comments?post=31205"}],"version-history":[{"count":0,"href":"https:\/\/musikverket-old.test.consids5.se\/capricemusic\/wp-json\/wp\/v2\/pages\/31205\/revisions"}],"wp:attachment":[{"href":"https:\/\/musikverket-old.test.consids5.se\/capricemusic\/wp-json\/wp\/v2\/media?parent=31205"}],"wp:term":[{"taxonomy":"category","embeddable":true,"href":"https:\/\/musikverket-old.test.consids5.se\/capricemusic\/wp-json\/wp\/v2\/categories?post=31205"},{"taxonomy":"post_tag","embeddable":true,"href":"https:\/\/musikverket-old.test.consids5.se\/capricemusic\/wp-json\/wp\/v2\/tags?post=31205"}],"curies":[{"name":"wp","href":"https:\/\/api.w.org\/{rel}","templated":true}]}}