{"id":35996,"date":"2022-02-14T13:54:07","date_gmt":"2022-02-14T12:54:07","guid":{"rendered":"https:\/\/musikverket.se\/capricerecords\/?page_id=35996"},"modified":"2022-06-28T13:42:34","modified_gmt":"2022-06-28T11:42:34","slug":"caprice-musikpodd","status":"publish","type":"page","link":"https:\/\/musikverket-old.test.consids5.se\/capricemusic\/caprice-musikpodd\/","title":{"rendered":"Caprice Musikpodd"},"content":{"rendered":"<div id=\"pl-35996\"  class=\"panel-layout\" ><div id=\"pg-35996-0\"  class=\"panel-grid panel-no-style\" ><div id=\"pgc-35996-0-0\"  class=\"panel-grid-cell\" ><div id=\"panel-35996-0-0-0\" class=\"so-panel widget widget_headers panel-first-child panel-last-child\" data-index=\"0\" ><div class=\"so-widget-headers so-widget-headers-base\"><h1 id=\"caprice-musikpodd\">Caprice musikpodd<\/h1>\n<\/div><\/div><\/div><\/div><div id=\"pg-35996-1\"  class=\"panel-grid panel-no-style\" ><div id=\"pgc-35996-1-0\"  class=\"panel-grid-cell panel-grid-cell-mobile-last\" ><div id=\"panel-35996-1-0-0\" class=\"so-panel widget widget_black-studio-tinymce widget_black_studio_tinymce panel-first-child panel-last-child\" data-index=\"1\" ><div class=\"textwidget\"><p><em>Premi\u00e4r 18 februari, 2022. <\/em><\/p>\n<p><em>F\u00f6lj med in i den svenska musikhistorien tillsammans med Caprice! I den h\u00e4r nya musikpodden g\u00f6r vi unika nedslag i v\u00e5ra arkiv och utforskar musiken och personerna bakom det rika svenska kultur- och musikarvet.<\/em><\/p>\n<\/div><\/div><\/div><div id=\"pgc-35996-1-1\"  class=\"panel-grid-cell panel-grid-cell-empty\" ><\/div><\/div><div id=\"pg-35996-2\"  class=\"panel-grid panel-has-style\" ><div class=\"siteorigin-panels-stretch panel-row-style panel-row-style-for-35996-2\" data-stretch-type=\"full-stretched\" ><div id=\"pgc-35996-2-0\"  class=\"panel-grid-cell\" ><div id=\"panel-35996-2-0-0\" class=\"so-panel widget widget_slideshow_widget panel-first-child panel-last-child\" data-index=\"2\" >\n\n<div class=\"slideshow-container\" style=\"background: black\">\n  <div data-duration=\"10\" class=\"slideshow standard\">\n    <ul class=\"inner centrerad\">\n    <li class=\"item\"><img class=\"image\" src=\"https:\/\/musikverket.se\/capricerecords\/files\/2021\/11\/Podd-toppsnurra-webb.png\" alt=\"\" \/><div class=\"content\"><p><\/p><p><\/p><\/div><\/li>    <\/ul>\n  <\/div>\n<\/div>\n\n\t\t<\/div><\/div><\/div><\/div><div id=\"pg-35996-3\"  class=\"panel-grid panel-no-style\" ><div id=\"pgc-35996-3-0\"  class=\"panel-grid-cell panel-grid-cell-mobile-last\" ><div id=\"panel-35996-3-0-0\" class=\"so-panel widget widget_headers panel-first-child\" data-index=\"3\" ><div class=\"so-widget-headers so-widget-headers-base\"><h3 id=\"unika-nedslag-i-den-svenska-musikhistorien\">Unika nedslag i den svenska musikhistorien<\/h3>\n<\/div><\/div><div id=\"panel-35996-3-0-1\" class=\"so-panel widget widget_black-studio-tinymce widget_black_studio_tinymce\" data-index=\"4\" ><div class=\"textwidget\"><p>I Caprice Musikpodd st\u00e5r musiken och ber\u00e4ttelserna i fokus. Musik i alla former fr\u00e5n olika platser och tider. Vi g\u00f6r djupdykningar i de arkiv som Caprice och <strong>Musikverket<\/strong> har tillg\u00e5ng till. Djuplodande intervjuer och analyser varvas med m\u00e4ngder av sp\u00e4nnande musik, som presenteras av erfarna musikprofiler som <strong>Kalle Tiderman<\/strong> och <strong>Mattias Lundberg<\/strong>.<\/p>\n<p>I den <strong>f\u00f6rsta s\u00e4songen<\/strong> har vi hittat fantastiska inspelningar fr\u00e5n den konsertserie som h\u00f6lls p\u00e5 <strong>Mix Musikcaf\u00e9<\/strong> under 1990-talet och b\u00f6rjan 2000-talet i <strong>Scenkonstmuseet<\/strong>s (d\u00e5varande <strong>Musikmuseet<\/strong>) lokaler i Stockholm. Vi har letat upp medarbetare till konsertserien och m\u00e5nga av de musiker som medverkade. Allt presenterat av tidigare radioproducenten Kalle Tiderman i samarbete med produktionsbolaget <strong>Filt<\/strong>.<\/p>\n<p>I <strong>s\u00e4song tv\u00e5<\/strong> djupdyker Mattias Lundberg, professor i musikvetenskap, ner i&nbsp;<strong>Kungliga Musikaliska Akademiens<\/strong>&nbsp;intervjuarkiv f\u00f6r att ta del av tankar, \u00e5sikter och minnen fr\u00e5n n\u00e5gra av de m\u00e5nga personligheter som passerat genom KMA under \u00e5ren.<\/p>\n<p><em>Du hittar Caprice Musikpodd d\u00e4r du hittar andra poddar.<\/em><\/p>\n<\/div><\/div><div id=\"panel-35996-3-0-2\" class=\"so-panel widget widget_headers\" data-index=\"5\" ><div class=\"so-widget-headers so-widget-headers-base\"><h3 id=\"sasong-1-mix-musikcafe\">S\u00e4song 1 \u2013 Mix Musikcaf\u00e9<\/h3>\n<\/div><\/div><div id=\"panel-35996-3-0-3\" class=\"so-panel widget widget_black-studio-tinymce widget_black_studio_tinymce\" data-index=\"6\" ><div class=\"textwidget\"><p><em>Mix Musikcaf\u00e9<\/em> existerade mellan 1991 och 2002. D\u00e5varande museichefen p\u00e5 Musikmuseet, Krister Malm, ville b\u00f6rja dokumentera \u00e4ven s\u00e5 kallad invandrad musik, allts\u00e5 f\u00f6retr\u00e4desvis icke-svensk traditionell musik som kommit till Sverige genom invandring. I samband med detta dokumentationsarbete f\u00f6ddes tanken p\u00e5 att&nbsp;\u00e4ven l\u00e5ta dessa band spela f\u00f6r publik, dels f\u00f6r att f\u00e5 exponering, dels f\u00f6r att kunna tr\u00e4ffa andra musiker och dels f\u00f6r att en artists \u201degna\u201d publik skulle f\u00e5 h\u00f6ra \u00e4ven annan musik. Redan fr\u00e5n b\u00f6rjan fanns allts\u00e5 tanken om tv\u00e5 konserter samma kv\u00e4ll \u2013 d\u00e4r fanns sj\u00e4lva mixen.<\/p>\n<p>V\u00e5ren 1993 tillkom Sveriges Radio P2 som akt\u00f6r i Mix Musikcaf\u00e9 och b\u00f6rjade g\u00f6ra professionella inspelningar av konserterna. Inspelningarna s\u00e4ndes senare i redigerad form i P2 under resten av Mix Musikcaf\u00e9s existens.<\/p>\n<p>Det \u00e4r ett urval av dessa konserter, inspelade av Sveriges Radio, som presenteras i <em>Caprice Musikpodd<\/em>. Vi kommer att b\u00e5de publicera konserterna i sin helhet, samt i redigerade versioner som varvas med intervjuer och presentationer av <em>Kalle Tiderman<\/em>. Producent \u00e4r <em>Daniel S\u00e4fstr\u00f6m<\/em> p\u00e5 Filt.<\/p>\n<\/div><\/div><div id=\"panel-35996-3-0-4\" class=\"so-panel widget widget_faq-widget\" data-index=\"7\" ><div class=\"so-widget-faq-widget so-widget-faq-widget-base\"><div class=\"faq-widget\">\n  <div class=\"faq-widget-top\">\n        <h3>S\u00e4song 1 \u2013 Avsnitt<\/h3>\n        <ul>\n      <li>\n        <a href=\"\" class=\"show-all\">Visa alla<\/a>\n      <\/li>\n      <li>\n        <a href=\"\" class=\"hide-all\">D\u00f6lj alla<\/a>\n      <\/li>\n    <\/ul>\n  <\/div>\n\n      <div class=\"faq-content\">\n      <div class=\"question\">\n        <a href=\"#IntroduktionomMixMusikcafe1s1\" id=\"IntroduktionomMixMusikcafe1s1\">Introduktion \u2013 om Mix Musikcaf\u00e9 (e1s1)<\/a>\n      <\/div>\n      <div class=\"answer\"><p class=\"v1msolistparagraph\">Podds\u00e4songen inleds med ett avsnitt som ger en bakgrund till <strong>Mix Musikcaf\u00e9<\/strong>, som var en regelbunden scen f\u00f6r folk- och v\u00e4rldsmusik i Stockholm i 10 \u00e5r, och som fick stor spridning genom Sveriges Radio P2:s s\u00e4ndningar. Hur startade alltihop? Hur p\u00e5verkade Sveriges Radio n\u00e4r de kom med som medarrang\u00f6r? Varf\u00f6r hette det just \u201dMix\u201d Musikcaf\u00e9?<\/p>\n<p class=\"v1msolistparagraph\">I avsnittet intervjuas <em>Cattis Eriksson<\/em>, som var med i produktionsgruppen, och <em>Mats Einarsson<\/em>, producent p\u00e5 Sveriges Radio P2. Vi h\u00f6r \u00e4ven musik fr\u00e5n de kommande avsnittens konserter.<\/p>\n<p><i>Premi\u00e4r: 18 februari, 2022<\/i><\/p>\n<\/div>\n    <\/div>\n      <div class=\"faq-content\">\n      <div class=\"question\">\n        <a href=\"#HansCaldarasampStefanBucurEnsemblee2s1\" id=\"HansCaldarasampStefanBucurEnsemblee2s1\">Hans Caldaras &amp; Stefan Bucur Ensemble (e2s1)<\/a>\n      <\/div>\n      <div class=\"answer\"><p class=\"v1msolistparagraph\">Ett unikt samarbete mellan den svenske s\u00e5ngaren <strong>Hans Caldaras<\/strong> och rum\u00e4nska <strong>Stefan Bucur Ensemble<\/strong> fr\u00e5n 1998. B\u00e5da verkar i den romska musiken, och konserten inneh\u00e5ller s\u00e5nger fr\u00e5n den ryska och den rum\u00e4nska romska traditionen.<\/p>\n<p class=\"v1msolistparagraph\">I avsnittet h\u00f6r vi Hans Caldaras i en nygjord intervju.<\/p>\n<p><i>Premi\u00e4r: 25 februari, 2022<\/i><\/p>\n<\/div>\n    <\/div>\n      <div class=\"faq-content\">\n      <div class=\"question\">\n        <a href=\"#AnitasLivse3s1\" id=\"AnitasLivse3s1\">Anitas Livs (e3s1)<\/a>\n      <\/div>\n      <div class=\"answer\"><p class=\"v1msolistparagraph\"><strong>Anitas Livs<\/strong> var en slagverkstrio med traditionella och moderna slagverk, och en repertoar som str\u00e4ckte sig fr\u00e5n jojk och sydindisk musik till tolkningar av Bessie Smith och Sam Cooke. En konsert fr\u00e5n 1993.<\/p>\n<p class=\"v1msolistparagraph\">I avsnittet h\u00f6r vi en nygjord intervju med <em>Anita Livstrand<\/em> och <em>Lise-Lotte Norelius<\/em>.<\/p>\n<p><i>Premi\u00e4r: 4 mars, 2022<\/i><\/p>\n<\/div>\n    <\/div>\n      <div class=\"faq-content\">\n      <div class=\"question\">\n        <a href=\"#TangoFatalee4s1\" id=\"TangoFatalee4s1\">Tango Fatale (e4s1)<\/a>\n      <\/div>\n      <div class=\"answer\"><p class=\"v1msolistparagraph\">I den h\u00e4r konserten fr\u00e5n 2000 h\u00f6r vi en vid den h\u00e4r tiden t\u00e4mligen nybildad tangotrio, <strong>Tango Fatale<\/strong>, som specialiserade sig p\u00e5 arrangemang av Astor Piazzollas musik. Musiken \u00e4r full av energi, i ett mindre kammarmusikformat f\u00f6r accordeon, cello och piano.<\/p>\n<p class=\"v1msolistparagraph\">I avsnittet h\u00f6r vi en nygjord intervju med <em>Minna Weurlander<\/em>, som spelade accordeon i trion.<\/p>\n<p><i>Premi\u00e4r: 11 mars, 2022<\/i><\/p>\n<\/div>\n    <\/div>\n      <div class=\"faq-content\">\n      <div class=\"question\">\n        <a href=\"#Hesare5s1\" id=\"Hesare5s1\">Hesar (e5s1)<\/a>\n      <\/div>\n      <div class=\"answer\"><p class=\"v1msolistparagraph\"><strong>Hesar<\/strong> var vid tiden f\u00f6r konserten (1994) ensemblen som var knuten till Iranska Kammarmusikf\u00f6reningen, med musiker utbildade i Iran. Konserten presenterar iransk dastgah-musik och best\u00e5r av tv\u00e5 l\u00e5nga sviter.<\/p>\n<p class=\"v1msolistparagraph\">I avsnittet h\u00f6r vi en nygjord intervju med <em>Mahmoud Shafieian<\/em>, som var bandledare och spelade setar i Hesar.<\/p>\n<p><i>Premi\u00e4r: 18 mars, 2022<\/i><\/p>\n<\/div>\n    <\/div>\n      <div class=\"faq-content\">\n      <div class=\"question\">\n        <a href=\"#Rumie6s1\" id=\"Rumie6s1\">Rumi (e6s1)<\/a>\n      <\/div>\n      <div class=\"answer\"><p class=\"v1msolistparagraph\"><strong>Rumi<\/strong> var en grupp som bestod av tv\u00e5 sk\u00e5despelare och tv\u00e5 musiker, och som utgick fr\u00e5n 1200-talspoeten <em>Jalal al-din Rumi<\/em>. Konserten \u00e4r fr\u00e5n 1997 och tar avstamp, bokstavligen, i det rytmiska i Rumis poesi, det dansanta och extatiska.<\/p>\n<p class=\"v1msolistparagraph\">I avsnittet h\u00f6r vi en nygjord intervju med <em>Susan Taslimi<\/em> och <em>Ellika Frisell<\/em> som var med i Rumi.<\/p>\n<p><i>Premi\u00e4r: 25 mars, 2022<\/i><\/p>\n<\/div>\n    <\/div>\n      <div class=\"faq-content\">\n      <div class=\"question\">\n        <a href=\"#AlagiMByeMatsEdnampTinaQuarteye7s1\" id=\"AlagiMByeMatsEdnampTinaQuarteye7s1\">Alagi M\u2018Bye, Mats Ed\u00e9n &amp; Tina Quartey (e7s1)<\/a>\n      <\/div>\n      <div class=\"answer\"><p class=\"v1msolistparagraph\">Detta var ett m\u00f6te mellan tre m\u00e4starmusiker fr\u00e5n olika traditioner. Dels jali <strong>Alagi M\u2019Bye<\/strong> fr\u00e5n Gambia, som tillh\u00f6rde det \u00e4rftliga musikerskr\u00e5et och ber\u00e4ttade historier \u2013 och historia \u2013 till sitt koraspel. Dels v\u00e4rmlandsspelmannen <strong>Mats Ed\u00e9n<\/strong> och dels slagverkaren <strong>Tina Quartey<\/strong> (f.d. Johansson), som tar avstamp i flera olika latinamerikanska traditioner. Som ciceron till konserten finns \u00e4ven musikpedagogen <em>Eva Saether<\/em> med. Konserten \u00e4r fr\u00e5n 1994.<\/p>\n<p class=\"v1msolistparagraph\">I avsnittet h\u00f6r vi en nygjord intervju med <em>Tina Quartey<\/em> och <em>Mats Ed\u00e9n<\/em>.<\/p>\n<p><i>Premi\u00e4r: 1&nbsp;april, 2022<\/i><\/p>\n<\/div>\n    <\/div>\n      <div class=\"faq-content\">\n      <div class=\"question\">\n        <a href=\"#Makondee8s1\" id=\"Makondee8s1\">Makonde (e8s1)<\/a>\n      <\/div>\n      <div class=\"answer\"><p class=\"v1msolistparagraph\"><strong>Makonde<\/strong> hade sitt ursprung i \u00f6stra Afrika, men fick en svensk upplaga n\u00e4r bandledaren <em>Sammy Kasule<\/em> flyttade hit under 1980-talet. Sammy, som dog 2021, samlade ett drivet g\u00e4ng musiker med olika bakgrund, f\u00f6r att spela zoukous \u2013 \u201dlike there is no tomorrow\u201d. Vi h\u00f6r Makonde i en konsert fr\u00e5n 1994.<\/p>\n<p class=\"v1msolistparagraph\">I avsnittet h\u00f6r vi en nygjord intervju med <em>Kahanga \u201dWumbi\u201d Dekula<\/em>, <em>Ulf Lind\u00e9n<\/em> och <em>Marianne N\u2019Lemvo Lind\u00e9n<\/em>.<\/p>\n<p><i>Premi\u00e4r: 8 april, 2022<\/i><\/p>\n<\/div>\n    <\/div>\n      <div class=\"faq-content\">\n      <div class=\"question\">\n        <a href=\"#KatzenKapelle9s1\" id=\"KatzenKapelle9s1\">Katzen Kapell (e9s1)<\/a>\n      <\/div>\n      <div class=\"answer\"><p class=\"v1msolistparagraph\"><strong>Katzen Kapell<\/strong> spelade musik som studsade vilt mellan tango, Zappa, progressive rock, folkmelodier och variet\u00e9musik. I den h\u00e4r konserten fr\u00e5n 1998 h\u00f6r vi kapellets vilda vindlingar, och vi tr\u00e4ffar ocks\u00e5 p\u00e5 karakt\u00e4rer som Sima Tulpanen fr\u00e5n Hammenh\u00f6g, Trixon och \u00c5lkvinnan.<\/p>\n<p class=\"v1msolistparagraph\">I avsnittet h\u00f6r vi en nygjord intervju med tons\u00e4ttaren <em>Catharina Backman<\/em>, dragspelare och en av ledarna f\u00f6r Katzen Kapell.<\/p>\n<p><i>Premi\u00e4r: 15 april, 2022<\/i><\/p>\n<\/div>\n    <\/div>\n      <div class=\"faq-content\">\n      <div class=\"question\">\n        <a href=\"#TbalWalGhaytae10s1\" id=\"TbalWalGhaytae10s1\">Tbal Wal Ghayta (e10s1)<\/a>\n      <\/div>\n      <div class=\"answer\"><p class=\"v1msolistparagraph\">Tbal Wal Ghayta, som betyder trumma och skalmeja, \u00e4r ett samarbete mellan den gruppen Kalousch och tre marockanska musiker ur olika musikbr\u00f6draskap. Kalousch leddes av Roland Keijser (d. 2019) och spelade n\u00e5got de kallade \"ormtjusarjazz\", musik i m\u00f6tet mellan jazz och marockansk bl\u00e5s- och slagverkstraditioner. Under resor i Marocko etablerades kontakter med musiker i br\u00f6draskapen aissawa, hmadsha och gnawa. 1997 kom tre musiker till Sverige och upptr\u00e4dde med Kalousch p\u00e5 bl.a. Mix Musikcaf\u00e9 under namnet Tbal Wal Ghayta.<br \/>\nI programmet h\u00f6r vi en nygjord intervju med Kalousch-medlemmen Abdelghani \"Abbe\" Najraoui.<\/p>\n<p><i>Premi\u00e4r: 1 juli, 2022<\/i><\/p>\n<\/div>\n    <\/div>\n  <\/div>\n<\/div><\/div><div id=\"panel-35996-3-0-5\" class=\"so-panel widget widget_headers\" data-index=\"8\" ><div class=\"so-widget-headers so-widget-headers-base\"><h3 id=\"sasong-2-ur-kma-s-arkiv\">S\u00e4song 2 \u2013 Ur KMA:s arkiv<\/h3>\n<\/div><\/div><div id=\"panel-35996-3-0-6\" class=\"so-panel widget widget_black-studio-tinymce widget_black_studio_tinymce panel-last-child\" data-index=\"9\" ><div class=\"textwidget\"><p><em>Mer info kommer inom kort.<\/em><\/p>\n<\/div><\/div><\/div><div id=\"pgc-35996-3-1\"  class=\"panel-grid-cell panel-grid-cell-empty\" ><\/div><\/div><\/div>","protected":false},"excerpt":{"rendered":"<p>F\u00f6lj med in i den svenska musikhistorien tillsammans med Caprice! I den h\u00e4r nya musikpodden g\u00f6r vi unika nedslag i v\u00e5ra arkiv och utforskar musiken och personerna bakom det rika svenska kultur- och musikarvet.<\/p>\n","protected":false},"author":3,"featured_media":36078,"parent":0,"menu_order":0,"comment_status":"open","ping_status":"closed","template":"","meta":{"ngg_post_thumbnail":0},"categories":[3,573],"tags":[575,114,574],"yoast_head":"<!-- This site is optimized with the Yoast SEO plugin v16.3 - https:\/\/yoast.com\/wordpress\/plugins\/seo\/ -->\n<meta name=\"description\" content=\"F\u00f6lj med in i den svenska musikhistorien tillsammans med Caprice! I den h\u00e4r nya musikpodden g\u00f6r vi unika nedslag i v\u00e5ra arkiv och utforskar musiken och personerna bakom det rika svenska kultur- och musikarvet.\" \/>\n<meta name=\"robots\" content=\"index, follow, max-snippet:-1, max-image-preview:large, max-video-preview:-1\" \/>\n<link rel=\"canonical\" href=\"https:\/\/musikverket-old.test.consids5.se\/capricemusic\/caprice-musikpodd\/\" \/>\n<meta property=\"og:locale\" content=\"sv_SE\" \/>\n<meta property=\"og:type\" content=\"article\" \/>\n<meta property=\"og:title\" content=\"Caprice musikpodd\" \/>\n<meta property=\"og:description\" content=\"F\u00f6lj med in i den svenska musikhistorien tillsammans med Caprice! I den h\u00e4r nya musikpodden g\u00f6r vi unika nedslag i v\u00e5ra arkiv och utforskar musiken och personerna bakom det rika svenska kultur- och musikarvet.\" \/>\n<meta property=\"og:url\" content=\"https:\/\/musikverket-old.test.consids5.se\/capricemusic\/caprice-musikpodd\/\" \/>\n<meta property=\"og:site_name\" content=\"Caprice Music\" \/>\n<meta property=\"article:modified_time\" content=\"2022-06-28T11:42:34+00:00\" \/>\n<meta property=\"og:image\" content=\"https:\/\/musikverket.se\/capricerecords\/files\/2022\/02\/Capricepodden-\u2013-Omslag-Mix-Musikcafe-scaled.jpg\" \/>\n\t<meta property=\"og:image:width\" content=\"2560\" \/>\n\t<meta property=\"og:image:height\" content=\"2560\" \/>\n<meta name=\"twitter:label1\" content=\"Ber\u00e4knad l\u00e4stid\">\n\t<meta name=\"twitter:data1\" content=\"3 minuter\">\n<script type=\"application\/ld+json\" class=\"yoast-schema-graph\">{\"@context\":\"https:\/\/schema.org\",\"@graph\":[{\"@type\":\"WebSite\",\"@id\":\"https:\/\/musikverket-old.test.consids5.se\/capricemusic\/#website\",\"url\":\"https:\/\/musikverket-old.test.consids5.se\/capricemusic\/\",\"name\":\"Caprice Music\",\"description\":\"Inspelningar av konstn\\u00e4rligt intressant musik\",\"potentialAction\":[{\"@type\":\"SearchAction\",\"target\":\"https:\/\/musikverket-old.test.consids5.se\/capricemusic\/?s={search_term_string}\",\"query-input\":\"required name=search_term_string\"}],\"inLanguage\":\"sv-SE\"},{\"@type\":\"ImageObject\",\"@id\":\"https:\/\/musikverket-old.test.consids5.se\/capricemusic\/caprice-musikpodd\/#primaryimage\",\"inLanguage\":\"sv-SE\",\"url\":\"https:\/\/musikverket-old.test.consids5.se\/capricemusic\/files\/2022\/02\/Capricepodden-\\u2013-Omslag-Mix-Musikcafe-scaled.jpg\",\"contentUrl\":\"https:\/\/musikverket-old.test.consids5.se\/capricemusic\/files\/2022\/02\/Capricepodden-\\u2013-Omslag-Mix-Musikcafe-scaled.jpg\",\"width\":2560,\"height\":2560,\"caption\":\"Omslagsbild till Caprice musikpodd\"},{\"@type\":\"WebPage\",\"@id\":\"https:\/\/musikverket-old.test.consids5.se\/capricemusic\/caprice-musikpodd\/#webpage\",\"url\":\"https:\/\/musikverket-old.test.consids5.se\/capricemusic\/caprice-musikpodd\/\",\"name\":\"Caprice Musikpodd - Caprice Music\",\"isPartOf\":{\"@id\":\"https:\/\/musikverket-old.test.consids5.se\/capricemusic\/#website\"},\"primaryImageOfPage\":{\"@id\":\"https:\/\/musikverket-old.test.consids5.se\/capricemusic\/caprice-musikpodd\/#primaryimage\"},\"datePublished\":\"2022-02-14T12:54:07+00:00\",\"dateModified\":\"2022-06-28T11:42:34+00:00\",\"description\":\"F\\u00f6lj med in i den svenska musikhistorien tillsammans med Caprice! I den h\\u00e4r nya musikpodden g\\u00f6r vi unika nedslag i v\\u00e5ra arkiv och utforskar musiken och personerna bakom det rika svenska kultur- och musikarvet.\",\"breadcrumb\":{\"@id\":\"https:\/\/musikverket-old.test.consids5.se\/capricemusic\/caprice-musikpodd\/#breadcrumb\"},\"inLanguage\":\"sv-SE\",\"potentialAction\":[{\"@type\":\"ReadAction\",\"target\":[\"https:\/\/musikverket-old.test.consids5.se\/capricemusic\/caprice-musikpodd\/\"]}]},{\"@type\":\"BreadcrumbList\",\"@id\":\"https:\/\/musikverket-old.test.consids5.se\/capricemusic\/caprice-musikpodd\/#breadcrumb\",\"itemListElement\":[{\"@type\":\"ListItem\",\"position\":1,\"item\":{\"@type\":\"WebPage\",\"@id\":\"https:\/\/musikverket-old.test.consids5.se\/capricemusic\/\",\"url\":\"https:\/\/musikverket-old.test.consids5.se\/capricemusic\/\",\"name\":\"Hem\"}},{\"@type\":\"ListItem\",\"position\":2,\"item\":{\"@id\":\"https:\/\/musikverket-old.test.consids5.se\/capricemusic\/caprice-musikpodd\/#webpage\"}}]}]}<\/script>\n<!-- \/ Yoast SEO plugin. -->","jetpack_shortlink":"https:\/\/wp.me\/P2Zwn0-9mA","jetpack_sharing_enabled":true,"_links":{"self":[{"href":"https:\/\/musikverket-old.test.consids5.se\/capricemusic\/wp-json\/wp\/v2\/pages\/35996"}],"collection":[{"href":"https:\/\/musikverket-old.test.consids5.se\/capricemusic\/wp-json\/wp\/v2\/pages"}],"about":[{"href":"https:\/\/musikverket-old.test.consids5.se\/capricemusic\/wp-json\/wp\/v2\/types\/page"}],"author":[{"embeddable":true,"href":"https:\/\/musikverket-old.test.consids5.se\/capricemusic\/wp-json\/wp\/v2\/users\/3"}],"replies":[{"embeddable":true,"href":"https:\/\/musikverket-old.test.consids5.se\/capricemusic\/wp-json\/wp\/v2\/comments?post=35996"}],"version-history":[{"count":0,"href":"https:\/\/musikverket-old.test.consids5.se\/capricemusic\/wp-json\/wp\/v2\/pages\/35996\/revisions"}],"wp:featuredmedia":[{"embeddable":true,"href":"https:\/\/musikverket-old.test.consids5.se\/capricemusic\/wp-json\/wp\/v2\/media\/36078"}],"wp:attachment":[{"href":"https:\/\/musikverket-old.test.consids5.se\/capricemusic\/wp-json\/wp\/v2\/media?parent=35996"}],"wp:term":[{"taxonomy":"category","embeddable":true,"href":"https:\/\/musikverket-old.test.consids5.se\/capricemusic\/wp-json\/wp\/v2\/categories?post=35996"},{"taxonomy":"post_tag","embeddable":true,"href":"https:\/\/musikverket-old.test.consids5.se\/capricemusic\/wp-json\/wp\/v2\/tags?post=35996"}],"curies":[{"name":"wp","href":"https:\/\/api.w.org\/{rel}","templated":true}]}}