{"id":10,"date":"2013-05-15T13:58:21","date_gmt":"2013-05-15T11:58:21","guid":{"rendered":"http:\/\/musikverket.adeprimo.se\/musikochteaterbiblioteket\/?page_id=156"},"modified":"2017-04-10T13:46:02","modified_gmt":"2017-04-10T11:46:02","slug":"samlingar","status":"publish","type":"page","link":"https:\/\/musikverket-old.test.consids5.se\/musikochteaterbiblioteket\/samlingar\/","title":{"rendered":"Samlingar"},"content":{"rendered":"<div id=\"pl-10\"  class=\"panel-layout\" ><div id=\"pg-10-0\"  class=\"panel-grid panel-no-style\" ><div id=\"pgc-10-0-0\"  class=\"panel-grid-cell\" ><div id=\"panel-10-0-0-0\" class=\"so-panel widget widget_headers panel-first-child panel-last-child\" data-index=\"0\" ><div class=\"so-widget-headers so-widget-headers-base\"><h1 id=\"i-samlingarna\">I samlingarna<\/h1>\n<\/div><\/div><\/div><\/div><div id=\"pg-10-1\"  class=\"panel-grid panel-no-style\" ><div id=\"pgc-10-1-0\"  class=\"panel-grid-cell panel-grid-cell-mobile-last\" ><div id=\"panel-10-1-0-0\" class=\"so-panel widget widget_black-studio-tinymce widget_black_studio_tinymce panel-first-child panel-last-child\" data-index=\"1\" ><div class=\"textwidget\"><p><em>I bibliotekets moderna samlingar finns noter f&ouml;r alla upps&auml;ttningar och genrer, litteratur om musik och teater, pj&auml;smanus och tidskrifter, skivor och filmer. Det mesta av materialet f&ouml;rvaras i magasin och best&auml;lls fram via <a title=\"Bibliotekets kataloger\" href=\"\/musikochteaterbiblioteket\/kataloger\/\">bibliotekets kataloger<\/a>.<br \/><\/em><\/p>\n<\/div><\/div><\/div><div id=\"pgc-10-1-1\"  class=\"panel-grid-cell panel-grid-cell-empty\" ><\/div><\/div><div id=\"pg-10-2\"  class=\"panel-grid panel-has-style\" ><div class=\"siteorigin-panels-stretch panel-row-style panel-row-style-for-10-2\" data-stretch-type=\"full-stretched\" ><div id=\"pgc-10-2-0\"  class=\"panel-grid-cell\" ><div id=\"panel-10-2-0-0\" class=\"so-panel widget widget_slideshow_widget panel-first-child panel-last-child\" data-index=\"2\" >\n\n<div class=\"slideshow-container\" style=\"background: #f3f3f3\">\n  <div data-duration=\"10\" class=\"slideshow standard\">\n    <ul class=\"inner centrerad\">\n    <li class=\"item\"><img class=\"image\" src=\"\/musikochteaterbiblioteket\/files\/2012\/12\/MTB_toppsnurra_samlingar_raritet.png\" alt=\"\" \/><div class=\"content\"><p><\/p><p><\/p><\/div><\/li><li class=\"item\"><img class=\"image\" src=\"\/musikochteaterbiblioteket\/files\/2012\/12\/MTB_toppsnurra_samlingar_partitur.png\" alt=\"\" \/><div class=\"content\"><p><\/p><p><\/p><\/div><\/li><li class=\"item\"><img class=\"image\" src=\"\/musikochteaterbiblioteket\/files\/2012\/12\/MTB_toppsnurra_samlingar_grek.png\" alt=\"\" \/><div class=\"content\"><p><\/p><p><\/p><\/div><\/li><li class=\"item\"><img class=\"image\" src=\"\/musikochteaterbiblioteket\/files\/2012\/12\/MTB_toppsnurra_samlingar_noter2.png\" alt=\"\" \/><div class=\"content\"><p><\/p><p><\/p><\/div><\/li><li class=\"item\"><img class=\"image\" src=\"\/musikochteaterbiblioteket\/files\/2012\/12\/MTB_toppsnurra_samlingar_noter1.png\" alt=\"\" \/><div class=\"content\"><p><\/p><p><\/p><\/div><\/li>    <\/ul>\n  <\/div>\n<\/div>\n\n\t\t<\/div><\/div><\/div><\/div><div id=\"pg-10-3\"  class=\"panel-grid panel-no-style\" ><div id=\"pgc-10-3-0\"  class=\"panel-grid-cell\" ><div id=\"panel-10-3-0-0\" class=\"so-panel widget widget_headers panel-first-child\" data-index=\"3\" ><div class=\"so-widget-headers so-widget-headers-base\"><h3 id=\"120-000-bocker\">120 000 b\u00f6cker<\/h3>\n<\/div><\/div><div id=\"panel-10-3-0-1\" class=\"so-panel widget widget_black-studio-tinymce widget_black_studio_tinymce\" data-index=\"4\" ><div class=\"textwidget\"><p>50&nbsp;000 b&ouml;cker om musikhistoria, musikgenrer, pedagogik, teknik och musikvetenskap. 70&nbsp;000 b&ouml;cker om&nbsp;teaterhistoria, dramaturgi, regi, kostym, scenografi och koreografi. Uppsatser och biografier om musiker, sk&aring;despelare, tons&auml;ttare, regiss&ouml;rer och dansare.<\/p>\n<\/div><\/div><div id=\"panel-10-3-0-2\" class=\"so-panel widget widget_headers\" data-index=\"5\" ><div class=\"so-widget-headers so-widget-headers-base\"><h3 id=\"378-000-noter\">378 000 noter<\/h3>\n<\/div><\/div><div id=\"panel-10-3-0-3\" class=\"so-panel widget widget_black-studio-tinymce widget_black_studio_tinymce\" data-index=\"6\" ><div class=\"textwidget\"><p>Noter f&ouml;r nyb&ouml;rjare och professionella, f&ouml;r olika instrument och genrer &ndash; fr&aring;n medeltida motetter till heavy metal, fr&aring;n barnvisor till operaarior. Kammarmusik finns i massor och orkestersamlingen har &ouml;ver 6&nbsp;000 kompletta verk f&ouml;r symfoni- och bl&aring;sorkester.<\/p>\n<\/div><\/div><div id=\"panel-10-3-0-4\" class=\"so-panel widget widget_headers\" data-index=\"7\" ><div class=\"so-widget-headers so-widget-headers-base\"><h3 id=\"250-tidskrifter\">250 tidskrifter<\/h3>\n<\/div><\/div><div id=\"panel-10-3-0-5\" class=\"so-panel widget widget_black-studio-tinymce widget_black_studio_tinymce panel-last-child\" data-index=\"8\" ><div class=\"textwidget\"><p>&Ouml;ver 250 tidskrifter, fr&aring;n mycket smala som svenska Elvisf&ouml;reningens medlemsblad till mer omfattande som internationella musikvetenskapliga tidskrifter. H&auml;r finns tidningar knutna till teater, musikgenrer, instrument, inspelningar, opera och balett.<\/p>\n<ul>\n<li><a title=\"Teatertidskrifter utanf&ouml;r onlinekatalogen\" href=\"\/musikochteaterbiblioteket\/teatertidskrifter-utanfor-onlinekatalogen\/\">Lista &ouml;ver teatertidskrifter utanf&ouml;r onlinekatalogen<\/a><\/li>\n<li><a title=\"Till lista &ouml;ver bibliotekets musiktidskrifter\" href=\"http:\/\/statensmusikverk.se\/musikochteaterbiblioteket\/samlingar\/musiktidskrifter\/\">Lista &ouml;ver musiktidskrifter<\/a><\/li>\n<li><a title=\"S&ouml;k musikartiklar i Libris\" href=\"http:\/\/libris.kb.se\/index.jsp\" target=\"_blank\">S&ouml;k musikartiklar i Libris<\/a><\/li>\n<\/ul>\n<\/div><\/div><\/div><div id=\"pgc-10-3-1\"  class=\"panel-grid-cell\" ><div id=\"panel-10-3-1-0\" class=\"so-panel widget widget_headers panel-first-child\" data-index=\"9\" ><div class=\"so-widget-headers so-widget-headers-base\"><h3 id=\"40-000-pjasmanus-massor-av-dramatik\">40 000 pj\u00e4smanus, massor av dramatik<\/h3>\n<\/div><\/div><div id=\"panel-10-3-1-1\" class=\"so-panel widget widget_black-studio-tinymce widget_black_studio_tinymce\" data-index=\"10\" ><div class=\"textwidget\"><p>Tryckt dramatik p&aring; flera spr&aring;k och en stor och v&auml;xande samling med cirka 40&nbsp;000 pj&auml;smanus fr&aring;n f&ouml;rest&auml;llningar som spelats p&aring; m&aring;nga av Sveriges teatrar.<\/p>\n<\/div><\/div><div id=\"panel-10-3-1-2\" class=\"so-panel widget widget_headers\" data-index=\"11\" ><div class=\"so-widget-headers so-widget-headers-base\"><h3 id=\"mer-an-1-000-filmer\">Mer \u00e4n 1 000 filmer<\/h3>\n<\/div><\/div><div id=\"panel-10-3-1-3\" class=\"so-panel widget widget_black-studio-tinymce widget_black_studio_tinymce\" data-index=\"12\" ><div class=\"textwidget\"><p>DVD:er med konserter, musikaler, opera och dans samt dokument&auml;rfilmer och en del utbildningsmaterial. L&aring;nekortet ger dig dessutom tillg&aring;ng till &ouml;ver 1&nbsp;600 streamade musikfilmer i <a title=\"Naxos Video Library\" href=\"http:\/\/statens.naxosvideolibrary.com\/\" target=\"_blank\">Naxos Video Library<\/a>.<\/p>\n<\/div><\/div><div id=\"panel-10-3-1-4\" class=\"so-panel widget widget_headers\" data-index=\"13\" ><div class=\"so-widget-headers so-widget-headers-base\"><h3 id=\"mer-an-85-000-streamade-album\">Mer \u00e4n 85 000 streamade album<\/h3>\n<\/div><\/div><div id=\"panel-10-3-1-5\" class=\"so-panel widget widget_black-studio-tinymce widget_black_studio_tinymce\" data-index=\"14\" ><div class=\"textwidget\"><p>Cd-samling med de flesta genrer inklusive barnskivor. Play-along-cd&nbsp; finns som bilaga i m\u00e5nga notb\u00f6cker. Med l\u00e5nekort kan du lyssna p\u00e5 streamad musik fr\u00e5n \u00f6ver 85&nbsp;000 album p\u00e5 <a title=\"L\u00e4s mer om Naxos musiktj\u00e4nster\" href=\"http:\/\/statens.naxosmusiclibrary.com\/\">Naxos Music Library<\/a>.<\/p>\n<\/div><\/div><div id=\"panel-10-3-1-6\" class=\"so-panel widget widget_headers\" data-index=\"15\" ><div class=\"so-widget-headers so-widget-headers-base\"><h3 id=\"30-000-rariteter\">30 000 rariteter<\/h3>\n<\/div><\/div><div id=\"panel-10-3-1-7\" class=\"so-panel widget widget_black-studio-tinymce widget_black_studio_tinymce panel-last-child\" data-index=\"16\" ><div class=\"textwidget\"><p>Missa inte bibliotekets omfattande raritetssamling. H&auml;r finns bland annat flera hundra &aring;r gamla noter i tryck och handskrift samt tidskrifter och b&ouml;cker. <a title=\"Rariteter\" href=\"\/musikochteaterbiblioteket\/rariteter\/\">Till raritetssamlingen<\/a>.<\/p>\n<\/div><\/div><\/div><\/div><\/div>","protected":false},"excerpt":{"rendered":"<p>I bibliotekets moderna samlingar finns noter f\u00f6r alla bes\u00e4ttningar och genrer, litteratur om musik, teater och dans, pj\u00e4smanus och tidskrifter, skivor och filmer.<\/p>\n","protected":false},"author":1,"featured_media":308,"parent":0,"menu_order":0,"comment_status":"open","ping_status":"closed","template":"","meta":{"ngg_post_thumbnail":0,"spay_email":""},"categories":[7,4,3,8],"tags":[9],"yoast_head":"<!-- This site is optimized with the Yoast SEO plugin v16.3 - https:\/\/yoast.com\/wordpress\/plugins\/seo\/ -->\n<meta name=\"robots\" content=\"index, follow, max-snippet:-1, max-image-preview:large, max-video-preview:-1\" \/>\n<link rel=\"canonical\" href=\"https:\/\/musikverket-old.test.consids5.se\/musikochteaterbiblioteket\/samlingar\/\" \/>\n<meta property=\"og:locale\" content=\"sv_SE\" \/>\n<meta property=\"og:type\" content=\"article\" \/>\n<meta property=\"og:title\" content=\"Samlingar - Musik- och teaterbiblioteket\" \/>\n<meta property=\"og:description\" content=\"I bibliotekets moderna samlingar finns noter f\u00f6r alla bes\u00e4ttningar och genrer, litteratur om musik, teater och dans, pj\u00e4smanus och tidskrifter, skivor och filmer.\" \/>\n<meta property=\"og:url\" content=\"https:\/\/musikverket-old.test.consids5.se\/musikochteaterbiblioteket\/samlingar\/\" \/>\n<meta property=\"og:site_name\" content=\"Musik- och teaterbiblioteket\" \/>\n<meta property=\"article:modified_time\" content=\"2017-04-10T11:46:02+00:00\" \/>\n<meta property=\"og:image\" content=\"https:\/\/musikverket.se\/musikochteaterbiblioteket\/files\/2012\/12\/MTB_samlingar_storloop.png\" \/>\n\t<meta property=\"og:image:width\" content=\"680\" \/>\n\t<meta property=\"og:image:height\" content=\"364\" \/>\n<meta name=\"twitter:label1\" content=\"Ber\u00e4knad l\u00e4stid\">\n\t<meta name=\"twitter:data1\" content=\"2 minuter\">\n<script type=\"application\/ld+json\" class=\"yoast-schema-graph\">{\"@context\":\"https:\/\/schema.org\",\"@graph\":[{\"@type\":\"WebSite\",\"@id\":\"https:\/\/musikverket-old.test.consids5.se\/musikochteaterbiblioteket\/#website\",\"url\":\"https:\/\/musikverket-old.test.consids5.se\/musikochteaterbiblioteket\/\",\"name\":\"Musik- och teaterbiblioteket\",\"description\":\"F\\u00f6rdjupning, kunskap och spelgl\\u00e4dje\",\"potentialAction\":[{\"@type\":\"SearchAction\",\"target\":\"https:\/\/musikverket-old.test.consids5.se\/musikochteaterbiblioteket\/?s={search_term_string}\",\"query-input\":\"required name=search_term_string\"}],\"inLanguage\":\"sv-SE\"},{\"@type\":\"ImageObject\",\"@id\":\"https:\/\/musikverket-old.test.consids5.se\/musikochteaterbiblioteket\/samlingar\/#primaryimage\",\"inLanguage\":\"sv-SE\",\"url\":\"https:\/\/musikverket-old.test.consids5.se\/musikochteaterbiblioteket\/files\/2012\/12\/MTB_samlingar_storloop.png\",\"contentUrl\":\"https:\/\/musikverket-old.test.consids5.se\/musikochteaterbiblioteket\/files\/2012\/12\/MTB_samlingar_storloop.png\",\"width\":\"680\",\"height\":\"364\",\"caption\":\"Samlingar. Foto: Miki Anagrius\"},{\"@type\":\"WebPage\",\"@id\":\"https:\/\/musikverket-old.test.consids5.se\/musikochteaterbiblioteket\/samlingar\/#webpage\",\"url\":\"https:\/\/musikverket-old.test.consids5.se\/musikochteaterbiblioteket\/samlingar\/\",\"name\":\"Samlingar - Musik- och teaterbiblioteket\",\"isPartOf\":{\"@id\":\"https:\/\/musikverket-old.test.consids5.se\/musikochteaterbiblioteket\/#website\"},\"primaryImageOfPage\":{\"@id\":\"https:\/\/musikverket-old.test.consids5.se\/musikochteaterbiblioteket\/samlingar\/#primaryimage\"},\"datePublished\":\"2013-05-15T11:58:21+00:00\",\"dateModified\":\"2017-04-10T11:46:02+00:00\",\"breadcrumb\":{\"@id\":\"https:\/\/musikverket-old.test.consids5.se\/musikochteaterbiblioteket\/samlingar\/#breadcrumb\"},\"inLanguage\":\"sv-SE\",\"potentialAction\":[{\"@type\":\"ReadAction\",\"target\":[\"https:\/\/musikverket-old.test.consids5.se\/musikochteaterbiblioteket\/samlingar\/\"]}]},{\"@type\":\"BreadcrumbList\",\"@id\":\"https:\/\/musikverket-old.test.consids5.se\/musikochteaterbiblioteket\/samlingar\/#breadcrumb\",\"itemListElement\":[{\"@type\":\"ListItem\",\"position\":1,\"item\":{\"@type\":\"WebPage\",\"@id\":\"https:\/\/musikverket-old.test.consids5.se\/musikochteaterbiblioteket\/\",\"url\":\"https:\/\/musikverket-old.test.consids5.se\/musikochteaterbiblioteket\/\",\"name\":\"Hem\"}},{\"@type\":\"ListItem\",\"position\":2,\"item\":{\"@id\":\"https:\/\/musikverket-old.test.consids5.se\/musikochteaterbiblioteket\/samlingar\/#webpage\"}}]}]}<\/script>\n<!-- \/ Yoast SEO plugin. -->","jetpack_shortlink":"https:\/\/wp.me\/P2ZwmI-a","jetpack_sharing_enabled":true,"_links":{"self":[{"href":"https:\/\/musikverket-old.test.consids5.se\/musikochteaterbiblioteket\/wp-json\/wp\/v2\/pages\/10"}],"collection":[{"href":"https:\/\/musikverket-old.test.consids5.se\/musikochteaterbiblioteket\/wp-json\/wp\/v2\/pages"}],"about":[{"href":"https:\/\/musikverket-old.test.consids5.se\/musikochteaterbiblioteket\/wp-json\/wp\/v2\/types\/page"}],"author":[{"embeddable":true,"href":"https:\/\/musikverket-old.test.consids5.se\/musikochteaterbiblioteket\/wp-json\/wp\/v2\/users\/1"}],"replies":[{"embeddable":true,"href":"https:\/\/musikverket-old.test.consids5.se\/musikochteaterbiblioteket\/wp-json\/wp\/v2\/comments?post=10"}],"version-history":[{"count":0,"href":"https:\/\/musikverket-old.test.consids5.se\/musikochteaterbiblioteket\/wp-json\/wp\/v2\/pages\/10\/revisions"}],"wp:featuredmedia":[{"embeddable":true,"href":"https:\/\/musikverket-old.test.consids5.se\/musikochteaterbiblioteket\/wp-json\/wp\/v2\/media\/308"}],"wp:attachment":[{"href":"https:\/\/musikverket-old.test.consids5.se\/musikochteaterbiblioteket\/wp-json\/wp\/v2\/media?parent=10"}],"wp:term":[{"taxonomy":"category","embeddable":true,"href":"https:\/\/musikverket-old.test.consids5.se\/musikochteaterbiblioteket\/wp-json\/wp\/v2\/categories?post=10"},{"taxonomy":"post_tag","embeddable":true,"href":"https:\/\/musikverket-old.test.consids5.se\/musikochteaterbiblioteket\/wp-json\/wp\/v2\/tags?post=10"}],"curies":[{"name":"wp","href":"https:\/\/api.w.org\/{rel}","templated":true}]}}