{"id":12,"date":"2012-05-09T13:58:53","date_gmt":"2012-05-09T11:58:53","guid":{"rendered":"http:\/\/musikverket.adeprimo.se\/musikochteaterbiblioteket\/?page_id=158"},"modified":"2022-12-06T15:22:24","modified_gmt":"2022-12-06T14:22:24","slug":"lana","status":"publish","type":"page","link":"https:\/\/musikverket-old.test.consids5.se\/musikochteaterbiblioteket\/lana\/","title":{"rendered":"L\u00e5na"},"content":{"rendered":"<div id=\"pl-12\"  class=\"panel-layout\" ><div id=\"pg-12-0\"  class=\"panel-grid panel-no-style\" ><div id=\"pgc-12-0-0\"  class=\"panel-grid-cell\" ><div id=\"panel-12-0-0-0\" class=\"so-panel widget widget_headers panel-first-child\" data-index=\"0\" ><div class=\"so-widget-headers so-widget-headers-base\"><h1 id=\"lana\">L\u00e5na<\/h1>\n<\/div><\/div><div id=\"panel-12-0-0-1\" class=\"so-panel widget widget_black-studio-tinymce widget_black_studio_tinymce panel-last-child\" data-index=\"1\" ><div class=\"textwidget\"><p><em>Musik- och teaterbiblioteket &auml;r b&aring;de ett forskningsbibliotek och<\/em>&nbsp;<em>ett allm&auml;nt bibliotek&nbsp;&ndash; &ouml;ppet f&ouml;r alla.&nbsp;<\/em><\/p>\n<\/div><\/div><\/div><\/div><div id=\"pg-12-1\"  class=\"panel-grid panel-no-style\" ><div id=\"pgc-12-1-0\"  class=\"panel-grid-cell\" ><div id=\"panel-12-1-0-0\" class=\"so-panel widget widget_headers panel-first-child\" data-index=\"2\" ><div class=\"so-widget-headers so-widget-headers-base\"><h3 id=\"laneinformation\">L\u00e5neinformation<\/h3>\n<\/div><\/div><div id=\"panel-12-1-0-1\" class=\"so-panel widget widget_black-studio-tinymce widget_black_studio_tinymce\" data-index=\"3\" ><div class=\"textwidget\"><p>De flesta noter och b\u00f6cker f\u00f6rvaras i magasin dit bara personalen har tillg\u00e5ng och m\u00e5ste d\u00e4rf\u00f6r best\u00e4llas. Best\u00e4ll via&nbsp;<a title=\"exp@muslib.se\" href=\"mailto:exp@muslib.se\" target=\"_blank\" rel=\"noopener\">e-post<\/a>,&nbsp;<a title=\"Kontakta Musik- och teaterbiblioteket\" href=\"http:\/\/statensmusikverk.se\/musikochteaterbiblioteket\/kontakt\/\">telefon<\/a>&nbsp;eller genom att <a href=\"http:\/\/discover.musikverket.se\">logga in<\/a> med e-postadress och l\u00f6senord och s\u00f6k sj\u00e4lv i onlinekatalogen. F\u00f6r att s\u00f6ka och best\u00e4lla via de digitaliserade kortkatalogerna f\u00f6r <a title=\"Kortkatalog f\u00f6r noter\" href=\"http:\/\/www2.muslib.se\/digilellky.php\" target=\"_blank\" rel=\"noopener\">noter<\/a> eller <a title=\"Kortkatalog f\u00f6r teater\" href=\"http:\/\/www2.muslib.se\/DigiBeijer\/DigiBeijer.php\" target=\"_blank\" rel=\"noopener\">teater<\/a> beh\u00f6ver man inte logga in. Biblioteket har fasta <a title=\"Framtagningstider\" href=\"http:\/\/statensmusikverk.se\/musikochteaterbiblioteket\/besok-biblioteket\/#framtagning\">tider f\u00f6r&nbsp;framtagning.<\/a><\/p>\n<\/div><\/div><div id=\"panel-12-1-0-2\" class=\"so-panel widget widget_headers\" data-index=\"4\" ><div class=\"so-widget-headers so-widget-headers-base\"><h3 id=\"omlan\">Oml\u00e5n<\/h3>\n<\/div><\/div><div id=\"panel-12-1-0-3\" class=\"so-panel widget widget_black-studio-tinymce widget_black_studio_tinymce\" data-index=\"5\" ><div class=\"textwidget\"><p>L\u00e5netiden \u00e4r i regel 30 dagar. Materialet kan d\u00e4refter l\u00e5nas om h\u00f6gst sju g\u00e5nger i f\u00f6ljd och detta sker automatiskt. <a href=\"https:\/\/discover.musikverket.se\/\">Logga in i katalogen<\/a> f\u00f6r att kontrollera status p\u00e5 dina l\u00e5n. Det g\u00e5r att kontakta biblioteket via e-post eller telefon vid speciella behov\/s\u00e4rskilda situationer.<\/p>\n<\/div><\/div><div id=\"panel-12-1-0-4\" class=\"so-panel widget widget_headers\" data-index=\"6\" ><div class=\"so-widget-headers so-widget-headers-base\"><h3 id=\"lasesalslan\">L\u00e4sesalsl\u00e5n<\/h3>\n<\/div><\/div><div id=\"panel-12-1-0-5\" class=\"so-panel widget widget_black-studio-tinymce widget_black_studio_tinymce\" data-index=\"7\" ><div class=\"textwidget\"><p><a name=\"lasesalslan\"><\/a>Tidskrifter och raritetsmaterial best&auml;lls i l&aring;neexpeditionen. Materialet f&aring;r ej l&aring;nas hem utan studeras p&aring; plats vid bibliotekets l&auml;splatser.&nbsp;Tidskriftsartiklar, material yngre &auml;n cirka 100 &aring;r samt b&ouml;cker och noter ur referensbiblioteket f&aring;r du kopiera sj&auml;lv p&aring; bibliotekets kopiator. &nbsp;Kopior av raritetsmaterial best&auml;lls med en blankett vid l&aring;nedisken eller via mejl till&nbsp;<a title=\"rarecoll@muslib.se\" href=\"mailto:rarecoll@muslib.se\" target=\"_blank\">raritetsavdelningen<\/a>,&nbsp;se&nbsp;<a title=\"Prislista \" href=\"http:\/\/statensmusikverk.se\/musikochteaterbiblioteket\/besok-biblioteket\/prislista\/\">prislista<\/a>.&nbsp;&Auml;ldre material m&aring;ste hanteras varsamt, och f&aring;r till exempel inte utg&ouml;ra underlag vid anteckning. Det f&aring;r inte under n&aring;gra omst&auml;ndigheter l&auml;mnas utan tillsyn utan m&aring;ste l&auml;mnas till personalen vid l&aring;nedisken.<\/p>\n<\/div><\/div><div id=\"panel-12-1-0-6\" class=\"so-panel widget widget_headers\" data-index=\"8\" ><div class=\"so-widget-headers so-widget-headers-base\"><h3 id=\"onlineresurser\">Onlineresurser<\/h3>\n<\/div><\/div><div id=\"panel-12-1-0-7\" class=\"so-panel widget widget_black-studio-tinymce widget_black_studio_tinymce panel-last-child\" data-index=\"9\" ><div class=\"textwidget\"><p>Vi har samlat de viktigaste katalogerna f\u00f6r att n\u00e5 myndighetens samlingar p\u00e5 en sida med onlineresurser. D\u00e4r kan du ocks\u00e5 hitta digitaliserade noter fr\u00e5n Musik- och teaterbiblioteket och Svenskt visarkiv, str\u00f6mmad musik fr\u00e5n Naxos och externa databaser med uppslagsverk och tidskriftsartiklar i fulltext med mera.<\/p>\n<p><a href=\"\/onlineresurser\/\">Till onlineresurser<\/a><\/p>\n<\/div><\/div><\/div><div id=\"pgc-12-1-1\"  class=\"panel-grid-cell\" ><div id=\"panel-12-1-1-0\" class=\"so-panel widget widget_headers panel-first-child\" data-index=\"10\" ><div class=\"so-widget-headers so-widget-headers-base\"><h3 id=\"lanevillkor\">L\u00e5nevillkor<\/h3>\n<\/div><\/div><div id=\"panel-12-1-1-1\" class=\"so-panel widget widget_black-studio-tinymce widget_black_studio_tinymce\" data-index=\"11\" ><div class=\"textwidget\"><ul>\n<li>L\u00e5nen l\u00e4mnas ut mot uppvisande av l\u00e5nekort eller legitimation och f\u00e5r inte \u00f6verl\u00e5tas p\u00e5 n\u00e5gon annan.<\/li>\n<li>L\u00e5netiden \u00e4r normalt 30 dagar.<\/li>\n<li>L\u00e5ntagaren \u00e4r ers\u00e4ttningsskyldig f\u00f6r f\u00f6rkommet eller skadat material.<\/li>\n<li>Den som \u00f6vertr\u00e4der reglerna kan avst\u00e4ngas fr\u00e5n vidare l\u00e5n.<\/li>\n<li>Material yngre \u00e4n cirka 100 \u00e5r kan i princip l\u00e5nas hem, med undantag f\u00f6r\u00a0bland annat tidskrifter och referensmaterial.<\/li>\n<li>Handskrifter och annat raritetsmaterial f\u00e5r varken l\u00e5nas hem eller kopieras, men kopior kan best\u00e4llas fr\u00e5n\u00a0<a title=\"Kontakta raritetsavdelningen\" href=\"http:\/\/statensmusikverk.se\/musikochteaterbiblioteket\/kontakt\" target=\"_self\">raritetsavdelningen<\/a>.<\/li>\n<li>L\u00e4s de <a href=\"https:\/\/musikverket.se\/musikochteaterbiblioteket\/artikel\/musik-och-teaterbibliotekets-laneregler\/\">fullst\u00e4ndiga l\u00e5nereglerna<\/a><\/li>\n<\/ul>\n<\/div><\/div><div id=\"panel-12-1-1-2\" class=\"so-panel widget widget_headers\" data-index=\"12\" ><div class=\"so-widget-headers so-widget-headers-base\"><h3 id=\"forslag-pa-inkop\">F\u00f6rslag p\u00e5 ink\u00f6p<\/h3>\n<\/div><\/div><div id=\"panel-12-1-1-3\" class=\"so-panel widget widget_black-studio-tinymce widget_black_studio_tinymce panel-last-child\" data-index=\"13\" ><div class=\"textwidget\"><p>N\u00e4r det du vill l\u00e5na inte finns p\u00e5 Musik- och teaterbiblioteket kan du skicka en fr\u00e5ga om fj\u00e4rrl\u00e5n eller ett ink\u00f6psf\u00f6rslag. Ett fj\u00e4rrl\u00e5n \u00e4r material som l\u00e5nas in fr\u00e5n ett annat bibliotek. Material som finns p\u00e5 biblioteket fj\u00e4rrl\u00e5nas inte, \u00e4ven om det \u00e4r utl\u00e5nad. Biblioteket avg\u00f6r om materialet fj\u00e4rrl\u00e5nas eller k\u00f6ps in. Om vi k\u00f6per in det reserveras det till dig.<\/p>\n<p>Du kan l\u00e4mna ink\u00f6psf\u00f6rslag n\u00e4r du \u00e4r inloggad p\u00e5 ditt <a href=\"https:\/\/discover.musikverket.se\/\">bibliotekskonto<\/a>. Om du inte har l\u00e5nekort hos oss \u00e4nnu kan du \u00e4ven skicka ink\u00f6psf\u00f6rslag till <a href=\"mailto:exp@musikverket.se\">exp@musikverket.se<\/a>.&nbsp;<\/p>\n<\/div><\/div><\/div><\/div><\/div>","protected":false},"excerpt":{"rendered":"<p>Musik- och teaterbiblioteket \u00e4r b\u00e5de ett forskningsbibliotek och ett allm\u00e4nt bibliotek \u2013 \u00f6ppet f\u00f6r alla.<\/p>\n","protected":false},"author":1,"featured_media":309,"parent":0,"menu_order":0,"comment_status":"open","ping_status":"closed","template":"","meta":{"ngg_post_thumbnail":0,"spay_email":""},"categories":[7,4,3,8],"tags":[11,114],"yoast_head":"<!-- This site is optimized with the Yoast SEO plugin v16.3 - https:\/\/yoast.com\/wordpress\/plugins\/seo\/ -->\n<meta name=\"robots\" content=\"index, follow, max-snippet:-1, max-image-preview:large, max-video-preview:-1\" \/>\n<link rel=\"canonical\" href=\"https:\/\/musikverket-old.test.consids5.se\/musikochteaterbiblioteket\/lana\/\" \/>\n<meta property=\"og:locale\" content=\"sv_SE\" \/>\n<meta property=\"og:type\" content=\"article\" \/>\n<meta property=\"og:title\" content=\"L\u00e5na - Musik- och teaterbiblioteket\" \/>\n<meta property=\"og:description\" content=\"Musik- och teaterbiblioteket \u00e4r b\u00e5de ett forskningsbibliotek och ett allm\u00e4nt bibliotek \u2013 \u00f6ppet f\u00f6r alla.\" \/>\n<meta property=\"og:url\" content=\"https:\/\/musikverket-old.test.consids5.se\/musikochteaterbiblioteket\/lana\/\" \/>\n<meta property=\"og:site_name\" content=\"Musik- och teaterbiblioteket\" \/>\n<meta property=\"article:modified_time\" content=\"2022-12-06T14:22:24+00:00\" \/>\n<meta property=\"og:image\" content=\"https:\/\/musikverket.se\/musikochteaterbiblioteket\/files\/2012\/12\/MTB_lana_storloop.png\" \/>\n\t<meta property=\"og:image:width\" content=\"680\" \/>\n\t<meta property=\"og:image:height\" content=\"364\" \/>\n<meta name=\"twitter:label1\" content=\"Ber\u00e4knad l\u00e4stid\">\n\t<meta name=\"twitter:data1\" content=\"2 minuter\">\n<script type=\"application\/ld+json\" class=\"yoast-schema-graph\">{\"@context\":\"https:\/\/schema.org\",\"@graph\":[{\"@type\":\"WebSite\",\"@id\":\"https:\/\/musikverket-old.test.consids5.se\/musikochteaterbiblioteket\/#website\",\"url\":\"https:\/\/musikverket-old.test.consids5.se\/musikochteaterbiblioteket\/\",\"name\":\"Musik- och teaterbiblioteket\",\"description\":\"F\\u00f6rdjupning, kunskap och spelgl\\u00e4dje\",\"potentialAction\":[{\"@type\":\"SearchAction\",\"target\":\"https:\/\/musikverket-old.test.consids5.se\/musikochteaterbiblioteket\/?s={search_term_string}\",\"query-input\":\"required name=search_term_string\"}],\"inLanguage\":\"sv-SE\"},{\"@type\":\"ImageObject\",\"@id\":\"https:\/\/musikverket-old.test.consids5.se\/musikochteaterbiblioteket\/lana\/#primaryimage\",\"inLanguage\":\"sv-SE\",\"url\":\"https:\/\/musikverket-old.test.consids5.se\/musikochteaterbiblioteket\/files\/2012\/12\/MTB_lana_storloop.png\",\"contentUrl\":\"https:\/\/musikverket-old.test.consids5.se\/musikochteaterbiblioteket\/files\/2012\/12\/MTB_lana_storloop.png\",\"width\":\"680\",\"height\":\"364\",\"caption\":\"L\\u00e5na. Foto: Miki Anagrius\"},{\"@type\":\"WebPage\",\"@id\":\"https:\/\/musikverket-old.test.consids5.se\/musikochteaterbiblioteket\/lana\/#webpage\",\"url\":\"https:\/\/musikverket-old.test.consids5.se\/musikochteaterbiblioteket\/lana\/\",\"name\":\"L\\u00e5na - Musik- och teaterbiblioteket\",\"isPartOf\":{\"@id\":\"https:\/\/musikverket-old.test.consids5.se\/musikochteaterbiblioteket\/#website\"},\"primaryImageOfPage\":{\"@id\":\"https:\/\/musikverket-old.test.consids5.se\/musikochteaterbiblioteket\/lana\/#primaryimage\"},\"datePublished\":\"2012-05-09T11:58:53+00:00\",\"dateModified\":\"2022-12-06T14:22:24+00:00\",\"breadcrumb\":{\"@id\":\"https:\/\/musikverket-old.test.consids5.se\/musikochteaterbiblioteket\/lana\/#breadcrumb\"},\"inLanguage\":\"sv-SE\",\"potentialAction\":[{\"@type\":\"ReadAction\",\"target\":[\"https:\/\/musikverket-old.test.consids5.se\/musikochteaterbiblioteket\/lana\/\"]}]},{\"@type\":\"BreadcrumbList\",\"@id\":\"https:\/\/musikverket-old.test.consids5.se\/musikochteaterbiblioteket\/lana\/#breadcrumb\",\"itemListElement\":[{\"@type\":\"ListItem\",\"position\":1,\"item\":{\"@type\":\"WebPage\",\"@id\":\"https:\/\/musikverket-old.test.consids5.se\/musikochteaterbiblioteket\/\",\"url\":\"https:\/\/musikverket-old.test.consids5.se\/musikochteaterbiblioteket\/\",\"name\":\"Hem\"}},{\"@type\":\"ListItem\",\"position\":2,\"item\":{\"@id\":\"https:\/\/musikverket-old.test.consids5.se\/musikochteaterbiblioteket\/lana\/#webpage\"}}]}]}<\/script>\n<!-- \/ Yoast SEO plugin. -->","jetpack_shortlink":"https:\/\/wp.me\/P2ZwmI-c","jetpack_sharing_enabled":true,"_links":{"self":[{"href":"https:\/\/musikverket-old.test.consids5.se\/musikochteaterbiblioteket\/wp-json\/wp\/v2\/pages\/12"}],"collection":[{"href":"https:\/\/musikverket-old.test.consids5.se\/musikochteaterbiblioteket\/wp-json\/wp\/v2\/pages"}],"about":[{"href":"https:\/\/musikverket-old.test.consids5.se\/musikochteaterbiblioteket\/wp-json\/wp\/v2\/types\/page"}],"author":[{"embeddable":true,"href":"https:\/\/musikverket-old.test.consids5.se\/musikochteaterbiblioteket\/wp-json\/wp\/v2\/users\/1"}],"replies":[{"embeddable":true,"href":"https:\/\/musikverket-old.test.consids5.se\/musikochteaterbiblioteket\/wp-json\/wp\/v2\/comments?post=12"}],"version-history":[{"count":0,"href":"https:\/\/musikverket-old.test.consids5.se\/musikochteaterbiblioteket\/wp-json\/wp\/v2\/pages\/12\/revisions"}],"wp:featuredmedia":[{"embeddable":true,"href":"https:\/\/musikverket-old.test.consids5.se\/musikochteaterbiblioteket\/wp-json\/wp\/v2\/media\/309"}],"wp:attachment":[{"href":"https:\/\/musikverket-old.test.consids5.se\/musikochteaterbiblioteket\/wp-json\/wp\/v2\/media?parent=12"}],"wp:term":[{"taxonomy":"category","embeddable":true,"href":"https:\/\/musikverket-old.test.consids5.se\/musikochteaterbiblioteket\/wp-json\/wp\/v2\/categories?post=12"},{"taxonomy":"post_tag","embeddable":true,"href":"https:\/\/musikverket-old.test.consids5.se\/musikochteaterbiblioteket\/wp-json\/wp\/v2\/tags?post=12"}],"curies":[{"name":"wp","href":"https:\/\/api.w.org\/{rel}","templated":true}]}}