{"id":13,"date":"2012-05-09T14:30:33","date_gmt":"2012-05-09T12:30:33","guid":{"rendered":"http:\/\/musikverket.adeprimo.se\/musikochteaterbiblioteket\/?page_id=224"},"modified":"2020-05-28T13:19:02","modified_gmt":"2020-05-28T11:19:02","slug":"lanekort","status":"publish","type":"page","link":"https:\/\/musikverket-old.test.consids5.se\/musikochteaterbiblioteket\/lana\/lanekort\/","title":{"rendered":"L\u00e5nekort"},"content":{"rendered":"<div id=\"pl-13\"  class=\"panel-layout\" ><div id=\"pg-13-0\"  class=\"panel-grid panel-no-style\" ><div id=\"pgc-13-0-0\"  class=\"panel-grid-cell\" ><div id=\"panel-13-0-0-0\" class=\"so-panel widget widget_headers panel-first-child panel-last-child\" data-index=\"0\" ><div class=\"so-widget-headers so-widget-headers-base\"><h1 id=\"lanekort\">L\u00e5nekort<\/h1>\n<\/div><\/div><\/div><\/div><div id=\"pg-13-1\"  class=\"panel-grid panel-no-style\" ><div id=\"pgc-13-1-0\"  class=\"panel-grid-cell panel-grid-cell-mobile-last\" ><div id=\"panel-13-1-0-0\" class=\"so-panel widget widget_black-studio-tinymce widget_black_studio_tinymce panel-first-child panel-last-child\" data-index=\"1\" ><div class=\"textwidget\"><p><em>L&aring;nekortet ger dig tillg&aring;ng till 50&nbsp;000 b&ouml;cker om musikhistoria, 70&nbsp;000 b&ouml;cker om teater, dans och opera, n&auml;ra 400&nbsp;000 noter&nbsp;och mycket mer.<\/em><\/p>\n<\/div><\/div><\/div><div id=\"pgc-13-1-1\"  class=\"panel-grid-cell panel-grid-cell-empty\" ><\/div><\/div><div id=\"pg-13-2\"  class=\"panel-grid panel-no-style\" ><div id=\"pgc-13-2-0\"  class=\"panel-grid-cell\" ><div id=\"panel-13-2-0-0\" class=\"so-panel widget widget_headers panel-first-child\" data-index=\"2\" ><div class=\"so-widget-headers so-widget-headers-base\"><h3 id=\"skaffa-lanekort\">Skaffa l\u00e5nekort<\/h3>\n<\/div><\/div><div id=\"panel-13-2-0-1\" class=\"so-panel widget widget_black-studio-tinymce widget_black_studio_tinymce panel-last-child\" data-index=\"3\" ><div class=\"textwidget\"><p>F\u00f6r att f\u00e5 l\u00e5nekort beh\u00f6ver du vara 16 \u00e5r eller \u00e4ldre och ha en giltig fotolegitimation. Om du \u00e4r yngre \u00e4n 16 \u00e5r kan du f\u00e5 l\u00e5nekort om din v\u00e5rdnadshavare ocks\u00e5 skriver under l\u00e5nef\u00f6rbindelsen.<\/p>\n<p>Du ansvarar f\u00f6r alla l\u00e5n som \u00e4r registrerade p\u00e5 ditt konto. Kontot \u00e4r personligt.<\/p>\n<p>Du kan ha maximalt 75 l\u00e5n samtidigt, varav maximalt 14 orkesterverk med komplett st\u00e4mupps\u00e4ttning.<\/p>\n<p>L\u00e5nat material \u00e5terl\u00e4mnas i oskadat skick. Du ansvarar f\u00f6r att l\u00e5nen \u00e5terkommer i tid \u00e4ven om du \u00e4r bortrest eller sjuk.<\/p>\n<p>Du godk\u00e4nner v\u00e5r hantering av dina personuppgifter enligt&nbsp;<a href=\"https:\/\/musikverket.se\/musikochteaterbiblioteket\/artikel\/sa-behandlar-musik-och-teaterbiblioteket-personuppgifter\/\">GDPR<\/a>.<\/p>\n<\/div><\/div><\/div><div id=\"pgc-13-2-1\"  class=\"panel-grid-cell\" ><div id=\"panel-13-2-1-0\" class=\"so-panel widget widget_headers panel-first-child\" data-index=\"4\" ><div class=\"so-widget-headers so-widget-headers-base\"><h3 id=\"bestall-och-forlang-dina-lan-sjalv\">Best\u00e4ll och f\u00f6rl\u00e4ng dina l\u00e5n sj\u00e4lv<\/h3>\n<\/div><\/div><div id=\"panel-13-2-1-1\" class=\"so-panel widget widget_black-studio-tinymce widget_black_studio_tinymce\" data-index=\"5\" ><div class=\"textwidget\"><p><a href=\"https:\/\/discover.musikverket.se\/cgi-bin\/koha\/opac-password-recovery.pl\">Logga in<\/a> med din e-postadress och ett l\u00f6senord du v\u00e4ljer sj\u00e4lv. D\u00e5 kan du kan sj\u00e4lv best\u00e4lla det du vill l\u00e5na eller h\u00e5lla koll p\u00e5 och f\u00f6rl\u00e4nga dina l\u00e5n.<\/p>\n<\/div><\/div><div id=\"panel-13-2-1-2\" class=\"so-panel widget widget_headers\" data-index=\"6\" ><div class=\"so-widget-headers so-widget-headers-base\"><h3 id=\"tillgang-till-databaser\">Tillg\u00e5ng till databaser<\/h3>\n<\/div><\/div><div id=\"panel-13-2-1-3\" class=\"so-panel widget widget_black-studio-tinymce widget_black_studio_tinymce panel-last-child\" data-index=\"7\" ><div class=\"textwidget\"><p>L\u00e5nekortet ger dig tillg\u00e5ng till streamade musiktj\u00e4nster fr\u00e5n&nbsp;<a title=\"musiktj\u00e4nster fr\u00e5n Naxos\" href=\"\/musikochteaterbiblioteket\/artikel\/naxos-music-library-och-naxos-video-library\/\">Naxos Music Library<\/a> d\u00e4r du kan lyssna p\u00e5 \u00f6ver 75 000 album och titta p\u00e5 \u00f6ver 1 450 filmer p\u00e5 n\u00e4tet. Du f\u00e5r ocks\u00e5 tillg\u00e5ng till flera musik- och teaterdatabaser. Bland annat <a title=\"Grove\u2019s online\" href=\"https:\/\/www.oxfordmusiconline.com\/grovemusic\/\" target=\"_blank\" rel=\"noopener\">Grove\u2019s online<\/a>, IPM och&nbsp; International Bibliography of Theatre and Dance. <a href=\"https:\/\/musikverket.se\/musikochteaterbiblioteket\/lana\/externa-databaser\/\">L\u00e4s mer om databaserna<\/a>.&nbsp;<\/p>\n<\/div><\/div><\/div><\/div><\/div>","protected":false},"excerpt":{"rendered":"<p>L&aring;nekortet ger dig tillg&aring;ng till 50&nbsp;000 b&ouml;cker om musikhistoria, 70&nbsp;000 b&ouml;cker om teater, dans och opera, n&auml;ra 400&nbsp;000 noter&nbsp;och mycket mer.<\/p>\n","protected":false},"author":1,"featured_media":0,"parent":12,"menu_order":0,"comment_status":"open","ping_status":"closed","template":"","meta":{"ngg_post_thumbnail":0,"spay_email":""},"categories":[3],"tags":[11,47,114,46],"yoast_head":"<!-- This site is optimized with the Yoast SEO plugin v16.3 - https:\/\/yoast.com\/wordpress\/plugins\/seo\/ -->\n<meta name=\"robots\" content=\"index, follow, max-snippet:-1, max-image-preview:large, max-video-preview:-1\" \/>\n<link rel=\"canonical\" href=\"https:\/\/musikverket-old.test.consids5.se\/musikochteaterbiblioteket\/lana\/lanekort\/\" \/>\n<meta property=\"og:locale\" content=\"sv_SE\" \/>\n<meta property=\"og:type\" content=\"article\" \/>\n<meta property=\"og:title\" content=\"L\u00e5nekort - Musik- och teaterbiblioteket\" \/>\n<meta property=\"og:description\" content=\"L&aring;nekortet ger dig tillg&aring;ng till 50&nbsp;000 b&ouml;cker om musikhistoria, 70&nbsp;000 b&ouml;cker om teater, dans och opera, n&auml;ra 400&nbsp;000 noter&nbsp;och mycket mer.\" \/>\n<meta property=\"og:url\" content=\"https:\/\/musikverket-old.test.consids5.se\/musikochteaterbiblioteket\/lana\/lanekort\/\" \/>\n<meta property=\"og:site_name\" content=\"Musik- och teaterbiblioteket\" \/>\n<meta property=\"article:modified_time\" content=\"2020-05-28T11:19:02+00:00\" \/>\n<meta name=\"twitter:label1\" content=\"Ber\u00e4knad l\u00e4stid\">\n\t<meta name=\"twitter:data1\" content=\"1 minut\">\n<script type=\"application\/ld+json\" class=\"yoast-schema-graph\">{\"@context\":\"https:\/\/schema.org\",\"@graph\":[{\"@type\":\"WebSite\",\"@id\":\"https:\/\/musikverket-old.test.consids5.se\/musikochteaterbiblioteket\/#website\",\"url\":\"https:\/\/musikverket-old.test.consids5.se\/musikochteaterbiblioteket\/\",\"name\":\"Musik- och teaterbiblioteket\",\"description\":\"F\\u00f6rdjupning, kunskap och spelgl\\u00e4dje\",\"potentialAction\":[{\"@type\":\"SearchAction\",\"target\":\"https:\/\/musikverket-old.test.consids5.se\/musikochteaterbiblioteket\/?s={search_term_string}\",\"query-input\":\"required name=search_term_string\"}],\"inLanguage\":\"sv-SE\"},{\"@type\":\"WebPage\",\"@id\":\"https:\/\/musikverket-old.test.consids5.se\/musikochteaterbiblioteket\/lana\/lanekort\/#webpage\",\"url\":\"https:\/\/musikverket-old.test.consids5.se\/musikochteaterbiblioteket\/lana\/lanekort\/\",\"name\":\"L\\u00e5nekort - Musik- och teaterbiblioteket\",\"isPartOf\":{\"@id\":\"https:\/\/musikverket-old.test.consids5.se\/musikochteaterbiblioteket\/#website\"},\"datePublished\":\"2012-05-09T12:30:33+00:00\",\"dateModified\":\"2020-05-28T11:19:02+00:00\",\"breadcrumb\":{\"@id\":\"https:\/\/musikverket-old.test.consids5.se\/musikochteaterbiblioteket\/lana\/lanekort\/#breadcrumb\"},\"inLanguage\":\"sv-SE\",\"potentialAction\":[{\"@type\":\"ReadAction\",\"target\":[\"https:\/\/musikverket-old.test.consids5.se\/musikochteaterbiblioteket\/lana\/lanekort\/\"]}]},{\"@type\":\"BreadcrumbList\",\"@id\":\"https:\/\/musikverket-old.test.consids5.se\/musikochteaterbiblioteket\/lana\/lanekort\/#breadcrumb\",\"itemListElement\":[{\"@type\":\"ListItem\",\"position\":1,\"item\":{\"@type\":\"WebPage\",\"@id\":\"https:\/\/musikverket-old.test.consids5.se\/musikochteaterbiblioteket\/\",\"url\":\"https:\/\/musikverket-old.test.consids5.se\/musikochteaterbiblioteket\/\",\"name\":\"Hem\"}},{\"@type\":\"ListItem\",\"position\":2,\"item\":{\"@type\":\"WebPage\",\"@id\":\"https:\/\/musikverket-old.test.consids5.se\/musikochteaterbiblioteket\/lana\/\",\"url\":\"https:\/\/musikverket-old.test.consids5.se\/musikochteaterbiblioteket\/lana\/\",\"name\":\"L\\u00e5na\"}},{\"@type\":\"ListItem\",\"position\":3,\"item\":{\"@id\":\"https:\/\/musikverket-old.test.consids5.se\/musikochteaterbiblioteket\/lana\/lanekort\/#webpage\"}}]}]}<\/script>\n<!-- \/ Yoast SEO plugin. -->","jetpack_shortlink":"https:\/\/wp.me\/P2ZwmI-d","jetpack_sharing_enabled":true,"_links":{"self":[{"href":"https:\/\/musikverket-old.test.consids5.se\/musikochteaterbiblioteket\/wp-json\/wp\/v2\/pages\/13"}],"collection":[{"href":"https:\/\/musikverket-old.test.consids5.se\/musikochteaterbiblioteket\/wp-json\/wp\/v2\/pages"}],"about":[{"href":"https:\/\/musikverket-old.test.consids5.se\/musikochteaterbiblioteket\/wp-json\/wp\/v2\/types\/page"}],"author":[{"embeddable":true,"href":"https:\/\/musikverket-old.test.consids5.se\/musikochteaterbiblioteket\/wp-json\/wp\/v2\/users\/1"}],"replies":[{"embeddable":true,"href":"https:\/\/musikverket-old.test.consids5.se\/musikochteaterbiblioteket\/wp-json\/wp\/v2\/comments?post=13"}],"version-history":[{"count":0,"href":"https:\/\/musikverket-old.test.consids5.se\/musikochteaterbiblioteket\/wp-json\/wp\/v2\/pages\/13\/revisions"}],"up":[{"embeddable":true,"href":"https:\/\/musikverket-old.test.consids5.se\/musikochteaterbiblioteket\/wp-json\/wp\/v2\/pages\/12"}],"wp:attachment":[{"href":"https:\/\/musikverket-old.test.consids5.se\/musikochteaterbiblioteket\/wp-json\/wp\/v2\/media?parent=13"}],"wp:term":[{"taxonomy":"category","embeddable":true,"href":"https:\/\/musikverket-old.test.consids5.se\/musikochteaterbiblioteket\/wp-json\/wp\/v2\/categories?post=13"},{"taxonomy":"post_tag","embeddable":true,"href":"https:\/\/musikverket-old.test.consids5.se\/musikochteaterbiblioteket\/wp-json\/wp\/v2\/tags?post=13"}],"curies":[{"name":"wp","href":"https:\/\/api.w.org\/{rel}","templated":true}]}}