{"id":16,"date":"2012-06-11T14:43:03","date_gmt":"2012-06-11T12:43:03","guid":{"rendered":"http:\/\/musikverket.adeprimo.se\/musikochteaterbiblioteket\/?page_id=484"},"modified":"2021-10-01T10:56:32","modified_gmt":"2021-10-01T08:56:32","slug":"orkesterlan-2","status":"publish","type":"page","link":"https:\/\/musikverket-old.test.consids5.se\/musikochteaterbiblioteket\/lana\/orkesterlan-2\/","title":{"rendered":"Orkesterl\u00e5n"},"content":{"rendered":"<div id=\"pl-16\"  class=\"panel-layout\" ><div id=\"pg-16-0\"  class=\"panel-grid panel-no-style\" ><div id=\"pgc-16-0-0\"  class=\"panel-grid-cell\" ><div id=\"panel-16-0-0-0\" class=\"so-panel widget widget_headers panel-first-child panel-last-child\" data-index=\"0\" ><div class=\"so-widget-headers so-widget-headers-base\"><h1 id=\"orkesterlan\">Orkesterl\u00e5n<\/h1>\n<\/div><\/div><\/div><\/div><div id=\"pg-16-1\"  class=\"panel-grid panel-no-style\" ><div id=\"pgc-16-1-0\"  class=\"panel-grid-cell panel-grid-cell-mobile-last\" ><div id=\"panel-16-1-0-0\" class=\"so-panel widget widget_black-studio-tinymce widget_black_studio_tinymce panel-first-child panel-last-child\" data-index=\"1\" ><div class=\"textwidget\"><p><em>Partitur och st&auml;mmor till orkestrar och st&ouml;rre ensembler i hela landet, v&auml;lj bland sammanlagt&nbsp;6 000 kompletta verk.<\/em><\/p>\n<\/div><\/div><\/div><div id=\"pgc-16-1-1\"  class=\"panel-grid-cell panel-grid-cell-empty\" ><\/div><\/div><div id=\"pg-16-2\"  class=\"panel-grid panel-no-style\" ><div id=\"pgc-16-2-0\"  class=\"panel-grid-cell\" ><div id=\"panel-16-2-0-0\" class=\"so-panel widget widget_headers panel-first-child\" data-index=\"2\" ><div class=\"so-widget-headers so-widget-headers-base\"><h3 id=\"massor-att-lana\">Massor att l\u00e5na<\/h3>\n<\/div><\/div><div id=\"panel-16-2-0-1\" class=\"so-panel widget widget_black-studio-tinymce widget_black_studio_tinymce\" data-index=\"3\" ><div class=\"textwidget\"><p>I orkestermusiksamlingen finns noter f\u00f6r:<\/p>\n<ul>\n<li>symfoniorkester<\/li>\n<li>kammarorkester<\/li>\n<li>str\u00e5korkester<\/li>\n<li>soloinstrument och orkester&nbsp;<\/li>\n<li>salongsorkester<\/li>\n<li>symfonisk bl\u00e5sorkester<\/li>\n<li>storband<\/li>\n<li>verk f\u00f6r solor\u00f6st, k\u00f6r och orkester finns bland annat i form av utdrag ur operor, oratorier, m\u00e4ssor, kantater eller konsertarior<\/li>\n<\/ul>\n<p>Har du fr\u00e5gor eller f\u00f6rslag p\u00e5 nya ink\u00f6p? L\u00e4mna ditt f\u00f6rslag via <a title=\"L\u00e4mna ink\u00f6psf\u00f6rslag\" href=\"https:\/\/musikverket.se\/musikochteaterbiblioteket\/lana\/forslag-pa-inkop-fjarrlan\/\">webben<\/a>&nbsp;eller via telefon 08\u2011519&nbsp;554&nbsp;40&nbsp;<\/p>\n<\/div><\/div><div id=\"panel-16-2-0-2\" class=\"so-panel widget widget_headers\" data-index=\"4\" ><div class=\"so-widget-headers so-widget-headers-base\"><h3 id=\"viktigt-stod-till-orkestrar\">Viktigt st\u00f6d till orkestrar<\/h3>\n<\/div><\/div><div id=\"panel-16-2-0-3\" class=\"so-panel widget widget_black-studio-tinymce widget_black_studio_tinymce panel-last-child\" data-index=\"5\" ><div class=\"textwidget\"><p>Utl\u00e5ning av partitur och st\u00e4mmor till orkestrar och st\u00f6rre ensembler \u00f6ver hela landet har l\u00e4nge varit en viktig del av Musik- och teaterbibliotekets verksamhet.&nbsp; Orkestersamlingen \u00e4r till st\u00f6rsta delen sk\u00e4nkt av Sveriges orkesterf\u00f6rbund och f\u00f6re detta Regionmusikens centrala notbibliotek.<\/p>\n<\/div><\/div><\/div><div id=\"pgc-16-2-1\"  class=\"panel-grid-cell\" ><div id=\"panel-16-2-1-0\" class=\"so-panel widget widget_headers panel-first-child\" data-index=\"6\" ><div class=\"so-widget-headers so-widget-headers-base\"><h3 id=\"lana-gratis\">L\u00e5na gratis<\/h3>\n<\/div><\/div><div id=\"panel-16-2-1-1\" class=\"so-panel widget widget_black-studio-tinymce widget_black_studio_tinymce panel-last-child\" data-index=\"7\" ><div class=\"textwidget\"><p class=\"p1\"><span class=\"s1\">L\u00e5n kan best\u00e4llas via:&nbsp;<br \/>\n<\/span><\/p>\n<ul>\n<li><a href=\"mailto:orkester@musikverket.se\"><span class=\"s2\">orkester@musikverket.se<\/span><\/a>&nbsp;<\/li>\n<li>Telefon<\/li>\n<li><span class=\"s2\"><a href=\"http:\/\/discover.musikverket.se\/\">Onlinekatalogen<\/a><\/span>&nbsp;&nbsp;<\/li>\n<li><a href=\"http:\/\/www2.muslib.se\/digilellky.php\">Katalogen f\u00f6r noter till 1985<\/a><\/li>\n<\/ul>\n<p class=\"p1\"><strong>Telefontider<br \/>\n<\/strong>Tisdag\u2013torsdag kl 10\u201312<br \/>\nOrkester- och bl\u00e5smusik:<br \/>\n08-519&nbsp;554&nbsp;40<\/p>\n<p class=\"p1\"><span class=\"s1\">Kompletta orkesternoter m\u00e5ste best\u00e4llas f\u00f6re kl 12.00 f\u00f6r att kunna h\u00e4mtas eller skickas n\u00e4stf\u00f6ljande dag. Material som best\u00e4lls p\u00e5 helgen kan h\u00e4mtas eller skickas n\u00e4stf\u00f6ljande tisdag. L\u00e5netiden \u00e4r normalt tv\u00e5 m\u00e5nader och antalet samtidiga l\u00e5n \u00e4r h\u00f6gst 14.<\/span><\/p>\n<p class=\"p1\"><span class=\"s1\">Ring eller maila om du vill f\u00f6rhandsboka orkestermaterial.<\/span><\/p>\n<p class=\"p1\"><span class=\"s1\">Fj\u00e4rrl\u00e5n till orkestrar och ensembler i Sverige \u00e4r gratis, det enda som kr\u00e4vs \u00e4r att en kontaktperson utses som \u00e4r personligen ansvarig f\u00f6r noterna. <\/span><\/p>\n<p class=\"p1\"><span class=\"s1\">Fj\u00e4rrl\u00e5n av orkestermaterial till utlandet \u00e4r begr\u00e4nsat till endast svenska orkesterverk och kostar 500 kronor per verk plus porto.<\/span><\/p>\n<\/div><\/div><\/div><\/div><\/div>","protected":false},"excerpt":{"rendered":"<p>Partitur och st&auml;mmor till orkestrar och st&ouml;rre ensembler i hela landet, v&auml;lj bland sammanlagt&nbsp;6 000 kompletta verk.<\/p>\n","protected":false},"author":1,"featured_media":0,"parent":12,"menu_order":0,"comment_status":"open","ping_status":"closed","template":"","meta":{"ngg_post_thumbnail":0,"spay_email":""},"categories":[4,3],"tags":[11,114,117,118],"yoast_head":"<!-- This site is optimized with the Yoast SEO plugin v16.3 - https:\/\/yoast.com\/wordpress\/plugins\/seo\/ -->\n<meta name=\"robots\" content=\"index, follow, max-snippet:-1, max-image-preview:large, max-video-preview:-1\" \/>\n<link rel=\"canonical\" href=\"https:\/\/musikverket-old.test.consids5.se\/musikochteaterbiblioteket\/lana\/orkesterlan-2\/\" \/>\n<meta property=\"og:locale\" content=\"sv_SE\" \/>\n<meta property=\"og:type\" content=\"article\" \/>\n<meta property=\"og:title\" content=\"Orkesterl\u00e5n - Musik- och teaterbiblioteket\" \/>\n<meta property=\"og:description\" content=\"Partitur och st&auml;mmor till orkestrar och st&ouml;rre ensembler i hela landet, v&auml;lj bland sammanlagt&nbsp;6 000 kompletta verk.\" \/>\n<meta property=\"og:url\" content=\"https:\/\/musikverket-old.test.consids5.se\/musikochteaterbiblioteket\/lana\/orkesterlan-2\/\" \/>\n<meta property=\"og:site_name\" content=\"Musik- och teaterbiblioteket\" \/>\n<meta property=\"article:modified_time\" content=\"2021-10-01T08:56:32+00:00\" \/>\n<meta name=\"twitter:label1\" content=\"Ber\u00e4knad l\u00e4stid\">\n\t<meta name=\"twitter:data1\" content=\"2 minuter\">\n<script type=\"application\/ld+json\" class=\"yoast-schema-graph\">{\"@context\":\"https:\/\/schema.org\",\"@graph\":[{\"@type\":\"WebSite\",\"@id\":\"https:\/\/musikverket-old.test.consids5.se\/musikochteaterbiblioteket\/#website\",\"url\":\"https:\/\/musikverket-old.test.consids5.se\/musikochteaterbiblioteket\/\",\"name\":\"Musik- och teaterbiblioteket\",\"description\":\"F\\u00f6rdjupning, kunskap och spelgl\\u00e4dje\",\"potentialAction\":[{\"@type\":\"SearchAction\",\"target\":\"https:\/\/musikverket-old.test.consids5.se\/musikochteaterbiblioteket\/?s={search_term_string}\",\"query-input\":\"required name=search_term_string\"}],\"inLanguage\":\"sv-SE\"},{\"@type\":\"WebPage\",\"@id\":\"https:\/\/musikverket-old.test.consids5.se\/musikochteaterbiblioteket\/lana\/orkesterlan-2\/#webpage\",\"url\":\"https:\/\/musikverket-old.test.consids5.se\/musikochteaterbiblioteket\/lana\/orkesterlan-2\/\",\"name\":\"Orkesterl\\u00e5n - Musik- och teaterbiblioteket\",\"isPartOf\":{\"@id\":\"https:\/\/musikverket-old.test.consids5.se\/musikochteaterbiblioteket\/#website\"},\"datePublished\":\"2012-06-11T12:43:03+00:00\",\"dateModified\":\"2021-10-01T08:56:32+00:00\",\"breadcrumb\":{\"@id\":\"https:\/\/musikverket-old.test.consids5.se\/musikochteaterbiblioteket\/lana\/orkesterlan-2\/#breadcrumb\"},\"inLanguage\":\"sv-SE\",\"potentialAction\":[{\"@type\":\"ReadAction\",\"target\":[\"https:\/\/musikverket-old.test.consids5.se\/musikochteaterbiblioteket\/lana\/orkesterlan-2\/\"]}]},{\"@type\":\"BreadcrumbList\",\"@id\":\"https:\/\/musikverket-old.test.consids5.se\/musikochteaterbiblioteket\/lana\/orkesterlan-2\/#breadcrumb\",\"itemListElement\":[{\"@type\":\"ListItem\",\"position\":1,\"item\":{\"@type\":\"WebPage\",\"@id\":\"https:\/\/musikverket-old.test.consids5.se\/musikochteaterbiblioteket\/\",\"url\":\"https:\/\/musikverket-old.test.consids5.se\/musikochteaterbiblioteket\/\",\"name\":\"Hem\"}},{\"@type\":\"ListItem\",\"position\":2,\"item\":{\"@type\":\"WebPage\",\"@id\":\"https:\/\/musikverket-old.test.consids5.se\/musikochteaterbiblioteket\/lana\/\",\"url\":\"https:\/\/musikverket-old.test.consids5.se\/musikochteaterbiblioteket\/lana\/\",\"name\":\"L\\u00e5na\"}},{\"@type\":\"ListItem\",\"position\":3,\"item\":{\"@id\":\"https:\/\/musikverket-old.test.consids5.se\/musikochteaterbiblioteket\/lana\/orkesterlan-2\/#webpage\"}}]}]}<\/script>\n<!-- \/ Yoast SEO plugin. -->","jetpack_shortlink":"https:\/\/wp.me\/P2ZwmI-g","jetpack_sharing_enabled":true,"_links":{"self":[{"href":"https:\/\/musikverket-old.test.consids5.se\/musikochteaterbiblioteket\/wp-json\/wp\/v2\/pages\/16"}],"collection":[{"href":"https:\/\/musikverket-old.test.consids5.se\/musikochteaterbiblioteket\/wp-json\/wp\/v2\/pages"}],"about":[{"href":"https:\/\/musikverket-old.test.consids5.se\/musikochteaterbiblioteket\/wp-json\/wp\/v2\/types\/page"}],"author":[{"embeddable":true,"href":"https:\/\/musikverket-old.test.consids5.se\/musikochteaterbiblioteket\/wp-json\/wp\/v2\/users\/1"}],"replies":[{"embeddable":true,"href":"https:\/\/musikverket-old.test.consids5.se\/musikochteaterbiblioteket\/wp-json\/wp\/v2\/comments?post=16"}],"version-history":[{"count":0,"href":"https:\/\/musikverket-old.test.consids5.se\/musikochteaterbiblioteket\/wp-json\/wp\/v2\/pages\/16\/revisions"}],"up":[{"embeddable":true,"href":"https:\/\/musikverket-old.test.consids5.se\/musikochteaterbiblioteket\/wp-json\/wp\/v2\/pages\/12"}],"wp:attachment":[{"href":"https:\/\/musikverket-old.test.consids5.se\/musikochteaterbiblioteket\/wp-json\/wp\/v2\/media?parent=16"}],"wp:term":[{"taxonomy":"category","embeddable":true,"href":"https:\/\/musikverket-old.test.consids5.se\/musikochteaterbiblioteket\/wp-json\/wp\/v2\/categories?post=16"},{"taxonomy":"post_tag","embeddable":true,"href":"https:\/\/musikverket-old.test.consids5.se\/musikochteaterbiblioteket\/wp-json\/wp\/v2\/tags?post=16"}],"curies":[{"name":"wp","href":"https:\/\/api.w.org\/{rel}","templated":true}]}}