{"id":17,"date":"2012-05-09T14:02:21","date_gmt":"2012-05-09T12:02:21","guid":{"rendered":"http:\/\/musikverket.adeprimo.se\/musikochteaterbiblioteket\/?page_id=160"},"modified":"2019-09-23T14:12:43","modified_gmt":"2019-09-23T12:12:43","slug":"ladda-ner-noter","status":"publish","type":"page","link":"https:\/\/musikverket-old.test.consids5.se\/musikochteaterbiblioteket\/ladda-ner-noter\/","title":{"rendered":"Ladda ner noter"},"content":{"rendered":"<div id=\"pl-17\"  class=\"panel-layout\" ><div id=\"pg-17-0\"  class=\"panel-grid panel-no-style\" ><div id=\"pgc-17-0-0\"  class=\"panel-grid-cell\" ><div id=\"panel-17-0-0-0\" class=\"so-panel widget widget_headers panel-first-child panel-last-child\" data-index=\"0\" ><div class=\"so-widget-headers so-widget-headers-base\"><h1 id=\"ladda-ner-noter\">Ladda ner noter<\/h1>\n<\/div><\/div><\/div><\/div><div id=\"pg-17-1\"  class=\"panel-grid panel-no-style\" ><div id=\"pgc-17-1-0\"  class=\"panel-grid-cell panel-grid-cell-mobile-last\" ><div id=\"panel-17-1-0-0\" class=\"so-panel widget widget_black-studio-tinymce widget_black_studio_tinymce panel-first-child panel-last-child\" data-index=\"1\" ><div class=\"textwidget\"><p><em>100 000 digitala noter att ladda ner fr&aring;n bibliotekets samlingar, dessutom l&auml;nkar till &auml;nnu fler noter som finns tillg&auml;ngliga p&aring; annat h&aring;ll.<\/em><\/p>\n<\/div><\/div><\/div><div id=\"pgc-17-1-1\"  class=\"panel-grid-cell panel-grid-cell-empty\" ><\/div><\/div><div id=\"pg-17-2\"  class=\"panel-grid panel-no-style\" ><div id=\"pgc-17-2-0\"  class=\"panel-grid-cell\" ><div id=\"panel-17-2-0-0\" class=\"so-panel widget widget_headers panel-first-child panel-last-child\" data-index=\"2\" ><div class=\"so-widget-headers so-widget-headers-base\"><h3 id=\"nedladdningsbara-notsamlingar\">Nedladdningsbara notsamlingar<\/h3>\n<\/div><\/div><\/div><\/div><div id=\"pg-17-3\"  class=\"panel-grid panel-no-style\" ><div id=\"pgc-17-3-0\"  class=\"panel-grid-cell\" ><div id=\"panel-17-3-0-0\" class=\"so-panel widget widget_puff_widget panel-first-child panel-last-child\" data-index=\"3\" >\t\t\t<div class=\"inner with_title with_text with_picture with_link\" >\r\n\t\t\t<a href=\"https:\/\/discover.musikverket.se\/cgi-bin\/koha\/opac-search.pl?q=romansamlingen\">\t\t\t<div class=\"puff-picture\"><img src=\"\/musikochteaterbiblioteket\/files\/2012\/12\/MTB_JH_Roman_fempuff.png\" alt=\"Puff Picture\" \/><\/div>\t\t\t<h4>Romansamlingen<\/h4>\t\t\t<div class=\"puff-text\"><p>Verk av den svenska musikens fader Johan Helmich Roman (1694\u20131758). Samlingen omfattar n\u00e4stan hela Romans k\u00e4nda produktion och ligger till grund f\u00f6r notutg\u00e5vor och forskning. Noterna kan fritt laddas ner och skrivas ut.<\/p><\/div>\t\t\t<\/a>\t\t\t<\/div>\r\n\t\t<\/div><\/div><div id=\"pgc-17-3-1\"  class=\"panel-grid-cell\" ><div id=\"panel-17-3-1-0\" class=\"so-panel widget widget_puff_widget panel-first-child panel-last-child\" data-index=\"4\" >\t\t\t<div class=\"inner with_title with_text with_picture with_link\" >\r\n\t\t\t<a href=\"https:\/\/discover.musikverket.se\/cgi-bin\/koha\/opac-search.pl?q=utile+dulci\">\t\t\t<div class=\"puff-picture\"><img src=\"\/musikochteaterbiblioteket\/files\/2012\/12\/MTB_utile_dulci_fempuff.png\" alt=\"Puff Picture\" \/><\/div>\t\t\t<h4>Utile Dulci-samlingen<\/h4>\t\t\t<div class=\"puff-text\">Det litter\u00e4ra och musikaliska s\u00e4llskapet Utile Dulci verkade 1766\u20131795. I samlingen finns instrumentalmusik och vokalmusik, huvudsakligen av tyska och italienska tons\u00e4ttare. Noterna kan fritt kan laddas ner och skrivas ut.<\/div>\t\t\t<\/a>\t\t\t<\/div>\r\n\t\t<\/div><\/div><div id=\"pgc-17-3-2\"  class=\"panel-grid-cell\" ><div id=\"panel-17-3-2-0\" class=\"so-panel widget widget_puff_widget panel-first-child panel-last-child\" data-index=\"5\" >\t\t\t<div class=\"inner with_title with_text with_picture with_link\" >\r\n\t\t\t<a href=\"\/musikochteaterbiblioteket\/ladda-ner-noter\/boijes-samling\/\">\t\t\t<div class=\"puff-picture\"><img src=\"\/musikochteaterbiblioteket\/files\/2012\/12\/MTB_boije_fempuff1.png\" alt=\"Puff Picture\" \/><\/div>\t\t\t<h4>Boijes samling<\/h4>\t\t\t<div class=\"puff-text\"><p>Omfattande samling med gitarrmusik efter Carl Oscar Boije af Genn\u00e4s (1849\u20131923) med tryckta utg\u00e5vor fr\u00e5n 1800-talet,\u00a0 och handskrifter, till exempel av JK Mertz. Noterna kan fritt laddas ner och skrivas ut.<\/p><\/div>\t\t\t<\/a>\t\t\t<\/div>\r\n\t\t<\/div><\/div><div id=\"pgc-17-3-3\"  class=\"panel-grid-cell panel-grid-cell-mobile-last\" ><div id=\"panel-17-3-3-0\" class=\"so-panel widget widget_puff_widget panel-first-child panel-last-child\" data-index=\"6\" >\t\t\t<div class=\"inner with_title with_text with_picture with_link\" >\r\n\t\t\t<a href=\"https:\/\/discover.musikverket.se\/\">\t\t\t<div class=\"puff-picture\"><img src=\"\/musikochteaterbiblioteket\/files\/2015\/12\/ladda-ner-noter.png\" alt=\"Puff Picture\" \/><\/div>\t\t\t<h4>Bibliotekets katalog<\/h4>\t\t\t<div class=\"puff-text\">Ladda ned digitaliserade och fritt tillg\u00e4ngliga noter ur bibliotekets katalog. Katalogen ut\u00f6kas fortl\u00f6pande med fler verk.<\/div>\t\t\t<\/a>\t\t\t<\/div>\r\n\t\t<\/div><\/div><div id=\"pgc-17-3-4\"  class=\"panel-grid-cell panel-grid-cell-empty\" ><\/div><\/div><div id=\"pg-17-4\"  class=\"panel-grid panel-no-style\" ><div id=\"pgc-17-4-0\"  class=\"panel-grid-cell panel-grid-cell-mobile-last\" ><div id=\"panel-17-4-0-0\" class=\"so-panel widget widget_headers panel-first-child\" data-index=\"7\" ><div class=\"so-widget-headers so-widget-headers-base\"><h3 id=\"ladda-ner-hos-andra\">Ladda ner hos andra<\/h3>\n<\/div><\/div><div id=\"panel-17-4-0-1\" class=\"so-panel widget widget_black-studio-tinymce widget_black_studio_tinymce panel-last-child\" data-index=\"8\" ><div class=\"textwidget\"><ul>\n<li><a title=\"Ladda ner noter gratis\" href=\"http:\/\/statensmusikverk.se\/musikochteaterbiblioteket\/artikel\/ladda-ner-noter-gratis\/\">Ladda ner noter gratis<\/a><br \/>&ndash; Webbplatser d&auml;r noter finns fritt tillg&auml;ngliga<\/li>\n<li><a title=\"K&ouml;p noter\" href=\"http:\/\/statensmusikverk.se\/musikochteaterbiblioteket\/artikel\/kop-och-ladda-ner-noter\/\">K&ouml;p noter p&aring; n&auml;tet<\/a><br \/>&ndash; Webbplatser d&auml;r du kan k&ouml;pa noter f&ouml;r nedladdning<\/li>\n<li><a title=\"Ladda ner s&aring;ngtexter\" href=\"http:\/\/statensmusikverk.se\/musikochteaterbiblioteket\/artikel\/sangtexter\/\">Ladda ner s&aring;ngtexter<\/a><br \/>&ndash; Webbplatser med s&aring;ngtexter och libretton f&ouml;r nedladdning<\/li>\n<li><a title=\"Handskrifter och pikturer\" href=\"http:\/\/statensmusikverk.se\/musikochteaterbiblioteket\/artikel\/handskrifter-och-pikturer\/\">Handskrifter och pikturer<\/a><br \/>&ndash; Webbplatser med fr&auml;mst &auml;ldre handskrifter f&ouml;r visning och nedladdning&nbsp;<\/li>\n<\/ul>\n<\/div><\/div><\/div><div id=\"pgc-17-4-1\"  class=\"panel-grid-cell panel-grid-cell-empty\" ><\/div><\/div><\/div>","protected":false},"excerpt":{"rendered":"<p>100 000 digitala noter att ladda ner fr&aring;n bibliotekets samlingar, dessutom l&auml;nkar till &auml;nnu fler noter som finns tillg&auml;ngliga p&aring; annat h&aring;ll.<\/p>\n","protected":false},"author":1,"featured_media":0,"parent":0,"menu_order":0,"comment_status":"open","ping_status":"closed","template":"","meta":{"ngg_post_thumbnail":0,"spay_email":""},"categories":[4,3],"tags":[25,14],"yoast_head":"<!-- This site is optimized with the Yoast SEO plugin v16.3 - https:\/\/yoast.com\/wordpress\/plugins\/seo\/ -->\n<meta name=\"robots\" content=\"index, follow, max-snippet:-1, max-image-preview:large, max-video-preview:-1\" \/>\n<link rel=\"canonical\" href=\"https:\/\/musikverket-old.test.consids5.se\/musikochteaterbiblioteket\/ladda-ner-noter\/\" \/>\n<meta property=\"og:locale\" content=\"sv_SE\" \/>\n<meta property=\"og:type\" content=\"article\" \/>\n<meta property=\"og:title\" content=\"Ladda ner noter - Musik- och teaterbiblioteket\" \/>\n<meta property=\"og:description\" content=\"100 000 digitala noter att ladda ner fr&aring;n bibliotekets samlingar, dessutom l&auml;nkar till &auml;nnu fler noter som finns tillg&auml;ngliga p&aring; annat h&aring;ll.\" \/>\n<meta property=\"og:url\" content=\"https:\/\/musikverket-old.test.consids5.se\/musikochteaterbiblioteket\/ladda-ner-noter\/\" \/>\n<meta property=\"og:site_name\" content=\"Musik- och teaterbiblioteket\" \/>\n<meta property=\"article:modified_time\" content=\"2019-09-23T12:12:43+00:00\" \/>\n<meta name=\"twitter:label1\" content=\"Ber\u00e4knad l\u00e4stid\">\n\t<meta name=\"twitter:data1\" content=\"1 minut\">\n<script type=\"application\/ld+json\" class=\"yoast-schema-graph\">{\"@context\":\"https:\/\/schema.org\",\"@graph\":[{\"@type\":\"WebSite\",\"@id\":\"https:\/\/musikverket-old.test.consids5.se\/musikochteaterbiblioteket\/#website\",\"url\":\"https:\/\/musikverket-old.test.consids5.se\/musikochteaterbiblioteket\/\",\"name\":\"Musik- och teaterbiblioteket\",\"description\":\"F\\u00f6rdjupning, kunskap och spelgl\\u00e4dje\",\"potentialAction\":[{\"@type\":\"SearchAction\",\"target\":\"https:\/\/musikverket-old.test.consids5.se\/musikochteaterbiblioteket\/?s={search_term_string}\",\"query-input\":\"required name=search_term_string\"}],\"inLanguage\":\"sv-SE\"},{\"@type\":\"WebPage\",\"@id\":\"https:\/\/musikverket-old.test.consids5.se\/musikochteaterbiblioteket\/ladda-ner-noter\/#webpage\",\"url\":\"https:\/\/musikverket-old.test.consids5.se\/musikochteaterbiblioteket\/ladda-ner-noter\/\",\"name\":\"Ladda ner noter - Musik- och teaterbiblioteket\",\"isPartOf\":{\"@id\":\"https:\/\/musikverket-old.test.consids5.se\/musikochteaterbiblioteket\/#website\"},\"datePublished\":\"2012-05-09T12:02:21+00:00\",\"dateModified\":\"2019-09-23T12:12:43+00:00\",\"breadcrumb\":{\"@id\":\"https:\/\/musikverket-old.test.consids5.se\/musikochteaterbiblioteket\/ladda-ner-noter\/#breadcrumb\"},\"inLanguage\":\"sv-SE\",\"potentialAction\":[{\"@type\":\"ReadAction\",\"target\":[\"https:\/\/musikverket-old.test.consids5.se\/musikochteaterbiblioteket\/ladda-ner-noter\/\"]}]},{\"@type\":\"BreadcrumbList\",\"@id\":\"https:\/\/musikverket-old.test.consids5.se\/musikochteaterbiblioteket\/ladda-ner-noter\/#breadcrumb\",\"itemListElement\":[{\"@type\":\"ListItem\",\"position\":1,\"item\":{\"@type\":\"WebPage\",\"@id\":\"https:\/\/musikverket-old.test.consids5.se\/musikochteaterbiblioteket\/\",\"url\":\"https:\/\/musikverket-old.test.consids5.se\/musikochteaterbiblioteket\/\",\"name\":\"Hem\"}},{\"@type\":\"ListItem\",\"position\":2,\"item\":{\"@id\":\"https:\/\/musikverket-old.test.consids5.se\/musikochteaterbiblioteket\/ladda-ner-noter\/#webpage\"}}]}]}<\/script>\n<!-- \/ Yoast SEO plugin. -->","jetpack_shortlink":"https:\/\/wp.me\/P2ZwmI-h","jetpack_sharing_enabled":true,"_links":{"self":[{"href":"https:\/\/musikverket-old.test.consids5.se\/musikochteaterbiblioteket\/wp-json\/wp\/v2\/pages\/17"}],"collection":[{"href":"https:\/\/musikverket-old.test.consids5.se\/musikochteaterbiblioteket\/wp-json\/wp\/v2\/pages"}],"about":[{"href":"https:\/\/musikverket-old.test.consids5.se\/musikochteaterbiblioteket\/wp-json\/wp\/v2\/types\/page"}],"author":[{"embeddable":true,"href":"https:\/\/musikverket-old.test.consids5.se\/musikochteaterbiblioteket\/wp-json\/wp\/v2\/users\/1"}],"replies":[{"embeddable":true,"href":"https:\/\/musikverket-old.test.consids5.se\/musikochteaterbiblioteket\/wp-json\/wp\/v2\/comments?post=17"}],"version-history":[{"count":0,"href":"https:\/\/musikverket-old.test.consids5.se\/musikochteaterbiblioteket\/wp-json\/wp\/v2\/pages\/17\/revisions"}],"wp:attachment":[{"href":"https:\/\/musikverket-old.test.consids5.se\/musikochteaterbiblioteket\/wp-json\/wp\/v2\/media?parent=17"}],"wp:term":[{"taxonomy":"category","embeddable":true,"href":"https:\/\/musikverket-old.test.consids5.se\/musikochteaterbiblioteket\/wp-json\/wp\/v2\/categories?post=17"},{"taxonomy":"post_tag","embeddable":true,"href":"https:\/\/musikverket-old.test.consids5.se\/musikochteaterbiblioteket\/wp-json\/wp\/v2\/tags?post=17"}],"curies":[{"name":"wp","href":"https:\/\/api.w.org\/{rel}","templated":true}]}}