{"id":1702,"date":"2012-12-17T09:18:40","date_gmt":"2012-12-17T08:18:40","guid":{"rendered":"http:\/\/statensmusikverk.se\/musikochteaterbiblioteket\/?page_id=1702"},"modified":"2022-01-28T13:47:08","modified_gmt":"2022-01-28T12:47:08","slug":"prislista","status":"publish","type":"page","link":"https:\/\/musikverket-old.test.consids5.se\/musikochteaterbiblioteket\/besok-biblioteket\/prislista\/","title":{"rendered":"Prislistor"},"content":{"rendered":"<div id=\"pl-1702\"  class=\"panel-layout\" ><div id=\"pg-1702-0\"  class=\"panel-grid panel-no-style\" ><div id=\"pgc-1702-0-0\"  class=\"panel-grid-cell\" ><div id=\"panel-1702-0-0-0\" class=\"so-panel widget widget_headers panel-first-child panel-last-child\" data-index=\"0\" ><div class=\"so-widget-headers so-widget-headers-base\"><h1 id=\"prislistor\">Prislistor<\/h1>\n<\/div><\/div><\/div><\/div><div id=\"pg-1702-1\"  class=\"panel-grid panel-no-style\" ><div id=\"pgc-1702-1-0\"  class=\"panel-grid-cell panel-grid-cell-mobile-last\" ><div id=\"panel-1702-1-0-0\" class=\"so-panel widget widget_black-studio-tinymce widget_black_studio_tinymce panel-first-child panel-last-child\" data-index=\"1\" ><div class=\"textwidget\"><h2>Kopiering sj\u00e4lvservice<\/h2>\n<p>Papperskopior: 2 kr per papper<br \/>\nSkanning till e-post\/USB-minne: Kostnadsfritt<br \/>\nK\u00f6p av USB-minne: 50 kr<\/p>\n<h2>Kopior av raritetsmaterial<\/h2>\n<p>F\u00f6r att skydda raritetsmaterial och undvika skador skannas materialet av biblioteket. F\u00f6r att best\u00e4lla skanning, kontakta l\u00e5neexpeditionen: 08-519 554 12 eller <a href=\"mailto:specialsamlingar@musikverket.se\">specialsamlingar@musikverket.se<\/a>.<\/p>\n<p>Skanning av raritetsmaterial, papperskopia: 50 kr (grundavgift) + 8 kr per sida<br \/>\nSkanning av raritetsmaterial, digitala filer p\u00e5 CD\/DVD: 50 kr (grundavgift) + 30 kr (CD\/DVD) + 4 kr per digital kopia<br \/>\nKopia av hel mikrofilm: 50 kr (grundavgift) + 500 kr<\/p>\n<h2>Fj\u00e4rrl\u00e5n<\/h2>\n<p>Utl\u00e5n till andra bibliotek: Gratis, best\u00e4lls via respektive bibliotek.<\/p>\n<p>Papperskopior eller skannade kopior (pdf) till andra bibliotek:<br \/>\n1-9 st. gratis<br \/>\n10-19 st. 50 kr<br \/>\n20-30 st. 100 kr<br \/>\nD\u00e4rut\u00f6ver 4 kr per kopia<br \/>\nBest\u00e4lls via respektive bibliotek. Faktureras.<br \/>\nPortokostnad l\u00e4ggs till vid fakturering till utlandet. Ej momspliktigt.<\/p>\n<p>Inl\u00e5n fr\u00e5n andra bibliotek inom Norden: Gratis. Ej avh\u00e4mtat material debiteras.<br \/>\nInl\u00e5n fr\u00e5n andra bibliotek utanf\u00f6r Norden: 200 kr per l\u00e5n<br \/>\nBest\u00e4llning av kopior fr\u00e5n andra bibliotek: 75 kr\/artikel eller verk<\/p>\n<h2>Expertf\u00f6rfr\u00e5gningar<\/h2>\n<p>Hj\u00e4lp att s\u00f6ka i bibliotekets kataloger \u00e4r alltid kostnadsfri.<\/p>\n<p>Expertf\u00f6rfr\u00e5gningar, den f\u00f6rsta halvtimmen Kostnadsfritt<br \/>\nExpertf\u00f6rfr\u00e5gningar, f\u00f6r enskilt bruk: 200 kr per timme<br \/>\nExpertf\u00f6rfr\u00e5gningar, f\u00f6r kommersiellt bruk: 400 kr per timme<\/p>\n<h2>\u00d6vrigt<\/h2>\n<p>Porto: Faktisk kostnad. Inklusive moms inom Sverige.<br \/>\nAdministrativ avgift: 15 kr p\u00e5 fakturor till utlandet<br \/>\n<a href=\"https:\/\/musikverket.se\/musikochteaterbiblioteket\/publikationer\/\">Prislista \u00f6ver b\u00f6cker<\/a><\/p>\n<\/div><\/div><\/div><div id=\"pgc-1702-1-1\"  class=\"panel-grid-cell panel-grid-cell-empty\" ><\/div><\/div><\/div>","protected":false},"excerpt":{"rendered":"<p>Kopiering sj\u00e4lvservice Papperskopior: 2 kr per papper Skanning till e-post\/USB-minne: Kostnadsfritt K\u00f6p av USB-minne: 50 kr Kopior av raritetsmaterial F\u00f6r att skydda raritetsmaterial och undvika skador skannas materialet av biblioteket. F\u00f6r att best\u00e4lla skanning, kontakta l\u00e5neexpeditionen: 08-519 554 12 eller specialsamlingar@musikverket.se. Skanning av raritetsmaterial, papperskopia: 50 kr (grundavgift) + 8 kr per sida Skanning av [&hellip;]<\/p>\n","protected":false},"author":8,"featured_media":0,"parent":43,"menu_order":0,"comment_status":"open","ping_status":"open","template":"","meta":{"ngg_post_thumbnail":0,"spay_email":""},"categories":[3],"tags":[33,32],"yoast_head":"<!-- This site is optimized with the Yoast SEO plugin v16.3 - https:\/\/yoast.com\/wordpress\/plugins\/seo\/ -->\n<meta name=\"robots\" content=\"index, follow, max-snippet:-1, max-image-preview:large, max-video-preview:-1\" \/>\n<link rel=\"canonical\" href=\"https:\/\/musikverket-old.test.consids5.se\/musikochteaterbiblioteket\/besok-biblioteket\/prislista\/\" \/>\n<meta property=\"og:locale\" content=\"sv_SE\" \/>\n<meta property=\"og:type\" content=\"article\" \/>\n<meta property=\"og:title\" content=\"Prislistor - Musik- och teaterbiblioteket\" \/>\n<meta property=\"og:description\" content=\"Kopiering sj\u00e4lvservice Papperskopior: 2 kr per papper Skanning till e-post\/USB-minne: Kostnadsfritt K\u00f6p av USB-minne: 50 kr Kopior av raritetsmaterial F\u00f6r att skydda raritetsmaterial och undvika skador skannas materialet av biblioteket. F\u00f6r att best\u00e4lla skanning, kontakta l\u00e5neexpeditionen: 08-519 554 12 eller specialsamlingar@musikverket.se. Skanning av raritetsmaterial, papperskopia: 50 kr (grundavgift) + 8 kr per sida Skanning av [&hellip;]\" \/>\n<meta property=\"og:url\" content=\"https:\/\/musikverket-old.test.consids5.se\/musikochteaterbiblioteket\/besok-biblioteket\/prislista\/\" \/>\n<meta property=\"og:site_name\" content=\"Musik- och teaterbiblioteket\" \/>\n<meta property=\"article:modified_time\" content=\"2022-01-28T12:47:08+00:00\" \/>\n<meta name=\"twitter:label1\" content=\"Ber\u00e4knad l\u00e4stid\">\n\t<meta name=\"twitter:data1\" content=\"1 minut\">\n<script type=\"application\/ld+json\" class=\"yoast-schema-graph\">{\"@context\":\"https:\/\/schema.org\",\"@graph\":[{\"@type\":\"WebSite\",\"@id\":\"https:\/\/musikverket-old.test.consids5.se\/musikochteaterbiblioteket\/#website\",\"url\":\"https:\/\/musikverket-old.test.consids5.se\/musikochteaterbiblioteket\/\",\"name\":\"Musik- och teaterbiblioteket\",\"description\":\"F\\u00f6rdjupning, kunskap och spelgl\\u00e4dje\",\"potentialAction\":[{\"@type\":\"SearchAction\",\"target\":\"https:\/\/musikverket-old.test.consids5.se\/musikochteaterbiblioteket\/?s={search_term_string}\",\"query-input\":\"required name=search_term_string\"}],\"inLanguage\":\"sv-SE\"},{\"@type\":\"WebPage\",\"@id\":\"https:\/\/musikverket-old.test.consids5.se\/musikochteaterbiblioteket\/besok-biblioteket\/prislista\/#webpage\",\"url\":\"https:\/\/musikverket-old.test.consids5.se\/musikochteaterbiblioteket\/besok-biblioteket\/prislista\/\",\"name\":\"Prislistor - Musik- och teaterbiblioteket\",\"isPartOf\":{\"@id\":\"https:\/\/musikverket-old.test.consids5.se\/musikochteaterbiblioteket\/#website\"},\"datePublished\":\"2012-12-17T08:18:40+00:00\",\"dateModified\":\"2022-01-28T12:47:08+00:00\",\"breadcrumb\":{\"@id\":\"https:\/\/musikverket-old.test.consids5.se\/musikochteaterbiblioteket\/besok-biblioteket\/prislista\/#breadcrumb\"},\"inLanguage\":\"sv-SE\",\"potentialAction\":[{\"@type\":\"ReadAction\",\"target\":[\"https:\/\/musikverket-old.test.consids5.se\/musikochteaterbiblioteket\/besok-biblioteket\/prislista\/\"]}]},{\"@type\":\"BreadcrumbList\",\"@id\":\"https:\/\/musikverket-old.test.consids5.se\/musikochteaterbiblioteket\/besok-biblioteket\/prislista\/#breadcrumb\",\"itemListElement\":[{\"@type\":\"ListItem\",\"position\":1,\"item\":{\"@type\":\"WebPage\",\"@id\":\"https:\/\/musikverket-old.test.consids5.se\/musikochteaterbiblioteket\/\",\"url\":\"https:\/\/musikverket-old.test.consids5.se\/musikochteaterbiblioteket\/\",\"name\":\"Hem\"}},{\"@type\":\"ListItem\",\"position\":2,\"item\":{\"@type\":\"WebPage\",\"@id\":\"https:\/\/musikverket-old.test.consids5.se\/musikochteaterbiblioteket\/besok-biblioteket\/\",\"url\":\"https:\/\/musikverket-old.test.consids5.se\/musikochteaterbiblioteket\/besok-biblioteket\/\",\"name\":\"Bes\\u00f6k biblioteket\"}},{\"@type\":\"ListItem\",\"position\":3,\"item\":{\"@id\":\"https:\/\/musikverket-old.test.consids5.se\/musikochteaterbiblioteket\/besok-biblioteket\/prislista\/#webpage\"}}]}]}<\/script>\n<!-- \/ Yoast SEO plugin. -->","jetpack_shortlink":"https:\/\/wp.me\/P2ZwmI-rs","jetpack_sharing_enabled":true,"_links":{"self":[{"href":"https:\/\/musikverket-old.test.consids5.se\/musikochteaterbiblioteket\/wp-json\/wp\/v2\/pages\/1702"}],"collection":[{"href":"https:\/\/musikverket-old.test.consids5.se\/musikochteaterbiblioteket\/wp-json\/wp\/v2\/pages"}],"about":[{"href":"https:\/\/musikverket-old.test.consids5.se\/musikochteaterbiblioteket\/wp-json\/wp\/v2\/types\/page"}],"author":[{"embeddable":true,"href":"https:\/\/musikverket-old.test.consids5.se\/musikochteaterbiblioteket\/wp-json\/wp\/v2\/users\/8"}],"replies":[{"embeddable":true,"href":"https:\/\/musikverket-old.test.consids5.se\/musikochteaterbiblioteket\/wp-json\/wp\/v2\/comments?post=1702"}],"version-history":[{"count":0,"href":"https:\/\/musikverket-old.test.consids5.se\/musikochteaterbiblioteket\/wp-json\/wp\/v2\/pages\/1702\/revisions"}],"up":[{"embeddable":true,"href":"https:\/\/musikverket-old.test.consids5.se\/musikochteaterbiblioteket\/wp-json\/wp\/v2\/pages\/43"}],"wp:attachment":[{"href":"https:\/\/musikverket-old.test.consids5.se\/musikochteaterbiblioteket\/wp-json\/wp\/v2\/media?parent=1702"}],"wp:term":[{"taxonomy":"category","embeddable":true,"href":"https:\/\/musikverket-old.test.consids5.se\/musikochteaterbiblioteket\/wp-json\/wp\/v2\/categories?post=1702"},{"taxonomy":"post_tag","embeddable":true,"href":"https:\/\/musikverket-old.test.consids5.se\/musikochteaterbiblioteket\/wp-json\/wp\/v2\/tags?post=1702"}],"curies":[{"name":"wp","href":"https:\/\/api.w.org\/{rel}","templated":true}]}}