{"id":18,"date":"2012-05-09T15:43:17","date_gmt":"2012-05-09T13:43:17","guid":{"rendered":"http:\/\/musikverket.adeprimo.se\/musikochteaterbiblioteket\/?page_id=309"},"modified":"2022-01-28T11:15:57","modified_gmt":"2022-01-28T10:15:57","slug":"boijes-samling","status":"publish","type":"page","link":"https:\/\/musikverket-old.test.consids5.se\/musikochteaterbiblioteket\/ladda-ner-noter\/boijes-samling\/","title":{"rendered":"Boijes samling"},"content":{"rendered":"<div id=\"pl-18\"  class=\"panel-layout\" ><div id=\"pg-18-0\"  class=\"panel-grid panel-no-style\" ><div id=\"pgc-18-0-0\"  class=\"panel-grid-cell\" ><div id=\"panel-18-0-0-0\" class=\"so-panel widget widget_headers panel-first-child panel-last-child\" data-index=\"0\" ><div class=\"so-widget-headers so-widget-headers-base\"><h1 id=\"boijes-samling\">Boijes samling<\/h1>\n<\/div><\/div><\/div><\/div><div id=\"pg-18-1\"  class=\"panel-grid panel-no-style\" ><div id=\"pgc-18-1-0\"  class=\"panel-grid-cell panel-grid-cell-mobile-last\" ><div id=\"panel-18-1-0-0\" class=\"so-panel widget widget_black-studio-tinymce widget_black_studio_tinymce panel-first-child\" data-index=\"1\" ><div class=\"textwidget\"><p align=\"left\"><em>Carl Oscar Boije af Genn&auml;s (1849&ndash;1923) var f&ouml;rs&auml;kringstj&auml;nsteman och amat&ouml;rgitarrist. Hans samling omfattar n&auml;rmare 1000 verk i tryck och handskrift fr&aring;n 1800-talet, till exempel n&aring;gra originalmanuskript av J.K. Mertz. Samlingen, som endast inneh&aring;ller musik f&ouml;r gitarr, sk&auml;nktes till biblioteket 1924. Den digitaliserades 2007.<\/em><\/p>\n<\/div><\/div><div id=\"panel-18-1-0-1\" class=\"so-panel widget widget_headers\" data-index=\"2\" ><div class=\"so-widget-headers so-widget-headers-base\"><h3 id=\"ladda-ner-gratis\">Ladda ner gratis<\/h3>\n<\/div><\/div><div id=\"panel-18-1-0-2\" class=\"so-panel widget widget_black-studio-tinymce widget_black_studio_tinymce\" data-index=\"3\" ><div class=\"textwidget\"><p>Noterna \u00e4r tillg\u00e4ngliga utan kostnad i PDF-format. Verken f\u00e5r publiceras utan s\u00e4rskilt tillst\u00e5nd med angivande av k\u00e4llan (Musik- och teaterbiblioteket - The Music and Theatre Library of Sweden). Tv\u00e5 exemplar ska i s\u00e5 fall skickas till biblioteket. Fr\u00e5gor eller synpunkter tas g\u00e4rna emot p\u00e5&nbsp;<a href=\"mailto:specialsamlingar@musikverket.se\">specialsamlingar@musikverket.se<\/a>.<\/p>\n<p>Bl\u00e4ddra bland tons\u00e4ttare med hj\u00e4lp av indexet nedan.<\/p>\n<\/div><\/div><div id=\"panel-18-1-0-3\" class=\"so-panel widget widget_black-studio-tinymce widget_black_studio_tinymce panel-last-child\" data-index=\"4\" ><div class=\"textwidget\"><p align=\"center\"><a title=\"Boijes samling A\" href=\"\/musikochteaterbiblioteket\/ladda-ner-noter\/boijes-samling\/boijes-samling-a\/\" target=\"_blank\">A<\/a> <a href=\"\/musikochteaterbiblioteket\/ladda-ner-noter\/boijes-samling\/boijes-samling-b\/\" target=\"_blank\">B<\/a> <a href=\"\/musikochteaterbiblioteket\/ladda-ner-noter\/boijes-samling\/boijes-samling-c\/\" target=\"_blank\">C<\/a> <a href=\"\/musikochteaterbiblioteket\/ladda-ner-noter\/boijes-samling\/boijes-samling-d\/\" target=\"_blank\">D<\/a> <a href=\"\/musikochteaterbiblioteket\/ladda-ner-noter\/boijes-samling\/boijes-samling-e\/\" target=\"_blank\">E<\/a> <a href=\"\/musikochteaterbiblioteket\/ladda-ner-noter\/boijes-samling\/boijes-samling-f\/\" target=\"_blank\">F<\/a> <a href=\"\/musikochteaterbiblioteket\/ladda-ner-noter\/boijes-samling\/boijes-samling-g\/\" target=\"_blank\">G<\/a> <a href=\"\/musikochteaterbiblioteket\/ladda-ner-noter\/boijes-samling\/boijes-samling-h\/\" target=\"_blank\">H<\/a> <a href=\"\/musikochteaterbiblioteket\/ladda-ner-noter\/boijes-samling\/boijes-samling-i\/\" target=\"_blank\">I<\/a> <a href=\"\/musikochteaterbiblioteket\/ladda-ner-noter\/boijes-samling\/boijes-samling-j\/\" target=\"_blank\">J<\/a> <a href=\"\/musikochteaterbiblioteket\/ladda-ner-noter\/boijes-samling\/boijes-samling-k\/\" target=\"_blank\">K<\/a> <a href=\"\/musikochteaterbiblioteket\/ladda-ner-noter\/boijes-samling\/boijes-samling-l\/\" target=\"_blank\">L<\/a> <a href=\"\/musikochteaterbiblioteket\/ladda-ner-noter\/boijes-samling\/boijes-samling-m\/\" target=\"_blank\">M<\/a> <a href=\"\/musikochteaterbiblioteket\/ladda-ner-noter\/boijes-samling\/boijes-samling-n\/\" target=\"_blank\">N<\/a> <a href=\"\/musikochteaterbiblioteket\/ladda-ner-noter\/boijes-samling\/boijes-samling-o\/\" target=\"_blank\">O<\/a> <a href=\"\/musikochteaterbiblioteket\/ladda-ner-noter\/boijes-samling\/boijes-samling-p\/\" target=\"_blank\">P<\/a> <a href=\"\/musikochteaterbiblioteket\/ladda-ner-noter\/boijes-samling\/boijes-samling-r\/\" target=\"_blank\">R<\/a> <a href=\"\/musikochteaterbiblioteket\/ladda-ner-noter\/boijes-samling\/boijes-samling-s\/\" target=\"_blank\">S<\/a> <a href=\"\/musikochteaterbiblioteket\/ladda-ner-noter\/boijes-samling\/boijes-samling-t\/\" target=\"_blank\">T<\/a> <a href=\"\/musikochteaterbiblioteket\/ladda-ner-noter\/boijes-samling\/boijes-samling-u\/\" target=\"_blank\">U<\/a> <a href=\"\/musikochteaterbiblioteket\/ladda-ner-noter\/boijes-samling\/boijes-samling-v-w\/\" target=\"_blank\">V,W<\/a> <a href=\"\/musikochteaterbiblioteket\/ladda-ner-noter\/boijes-samling\/boijes-samling-z\/\" target=\"_blank\">Z<\/a> <a href=\"\/musikochteaterbiblioteket\/ladda-ner-noter\/boijes-samling\/boijes-samling-a-2\/\" target=\"_blank\">&Auml;<\/a><\/p>\n<\/div><\/div><\/div><div id=\"pgc-18-1-1\"  class=\"panel-grid-cell panel-grid-cell-empty\" ><\/div><\/div><\/div>","protected":false},"excerpt":{"rendered":"<p>Carl Oscar Boije af Genn&auml;s (1849&ndash;1923) var f&ouml;rs&auml;kringstj&auml;nsteman och amat&ouml;rgitarrist. Hans samling omfattar n&auml;rmare 1000 verk i tryck och handskrift fr&aring;n 1800-talet, till exempel n&aring;gra originalmanuskript av J.K. Mertz. Samlingen, som endast inneh&aring;ller musik f&ouml;r gitarr, sk&auml;nktes till biblioteket 1924. Den digitaliserades 2007. Noterna \u00e4r tillg\u00e4ngliga utan kostnad i PDF-format. Verken f\u00e5r publiceras utan s\u00e4rskilt [&hellip;]<\/p>\n","protected":false},"author":1,"featured_media":0,"parent":17,"menu_order":0,"comment_status":"open","ping_status":"closed","template":"","meta":{"ngg_post_thumbnail":0,"spay_email":""},"categories":[4,3],"tags":[12,13,14,15,9],"yoast_head":"<!-- This site is optimized with the Yoast SEO plugin v16.3 - https:\/\/yoast.com\/wordpress\/plugins\/seo\/ -->\n<meta name=\"robots\" content=\"index, follow, max-snippet:-1, max-image-preview:large, max-video-preview:-1\" \/>\n<link rel=\"canonical\" href=\"https:\/\/musikverket-old.test.consids5.se\/musikochteaterbiblioteket\/ladda-ner-noter\/boijes-samling\/\" \/>\n<meta property=\"og:locale\" content=\"sv_SE\" \/>\n<meta property=\"og:type\" content=\"article\" \/>\n<meta property=\"og:title\" content=\"Boijes samling - Musik- och teaterbiblioteket\" \/>\n<meta property=\"og:description\" content=\"Carl Oscar Boije af Genn&auml;s (1849&ndash;1923) var f&ouml;rs&auml;kringstj&auml;nsteman och amat&ouml;rgitarrist. Hans samling omfattar n&auml;rmare 1000 verk i tryck och handskrift fr&aring;n 1800-talet, till exempel n&aring;gra originalmanuskript av J.K. Mertz. Samlingen, som endast inneh&aring;ller musik f&ouml;r gitarr, sk&auml;nktes till biblioteket 1924. Den digitaliserades 2007. Noterna \u00e4r tillg\u00e4ngliga utan kostnad i PDF-format. Verken f\u00e5r publiceras utan s\u00e4rskilt [&hellip;]\" \/>\n<meta property=\"og:url\" content=\"https:\/\/musikverket-old.test.consids5.se\/musikochteaterbiblioteket\/ladda-ner-noter\/boijes-samling\/\" \/>\n<meta property=\"og:site_name\" content=\"Musik- och teaterbiblioteket\" \/>\n<meta property=\"article:modified_time\" content=\"2022-01-28T10:15:57+00:00\" \/>\n<meta name=\"twitter:label1\" content=\"Ber\u00e4knad l\u00e4stid\">\n\t<meta name=\"twitter:data1\" content=\"1 minut\">\n<script type=\"application\/ld+json\" class=\"yoast-schema-graph\">{\"@context\":\"https:\/\/schema.org\",\"@graph\":[{\"@type\":\"WebSite\",\"@id\":\"https:\/\/musikverket-old.test.consids5.se\/musikochteaterbiblioteket\/#website\",\"url\":\"https:\/\/musikverket-old.test.consids5.se\/musikochteaterbiblioteket\/\",\"name\":\"Musik- och teaterbiblioteket\",\"description\":\"F\\u00f6rdjupning, kunskap och spelgl\\u00e4dje\",\"potentialAction\":[{\"@type\":\"SearchAction\",\"target\":\"https:\/\/musikverket-old.test.consids5.se\/musikochteaterbiblioteket\/?s={search_term_string}\",\"query-input\":\"required name=search_term_string\"}],\"inLanguage\":\"sv-SE\"},{\"@type\":\"WebPage\",\"@id\":\"https:\/\/musikverket-old.test.consids5.se\/musikochteaterbiblioteket\/ladda-ner-noter\/boijes-samling\/#webpage\",\"url\":\"https:\/\/musikverket-old.test.consids5.se\/musikochteaterbiblioteket\/ladda-ner-noter\/boijes-samling\/\",\"name\":\"Boijes samling - Musik- och teaterbiblioteket\",\"isPartOf\":{\"@id\":\"https:\/\/musikverket-old.test.consids5.se\/musikochteaterbiblioteket\/#website\"},\"datePublished\":\"2012-05-09T13:43:17+00:00\",\"dateModified\":\"2022-01-28T10:15:57+00:00\",\"breadcrumb\":{\"@id\":\"https:\/\/musikverket-old.test.consids5.se\/musikochteaterbiblioteket\/ladda-ner-noter\/boijes-samling\/#breadcrumb\"},\"inLanguage\":\"sv-SE\",\"potentialAction\":[{\"@type\":\"ReadAction\",\"target\":[\"https:\/\/musikverket-old.test.consids5.se\/musikochteaterbiblioteket\/ladda-ner-noter\/boijes-samling\/\"]}]},{\"@type\":\"BreadcrumbList\",\"@id\":\"https:\/\/musikverket-old.test.consids5.se\/musikochteaterbiblioteket\/ladda-ner-noter\/boijes-samling\/#breadcrumb\",\"itemListElement\":[{\"@type\":\"ListItem\",\"position\":1,\"item\":{\"@type\":\"WebPage\",\"@id\":\"https:\/\/musikverket-old.test.consids5.se\/musikochteaterbiblioteket\/\",\"url\":\"https:\/\/musikverket-old.test.consids5.se\/musikochteaterbiblioteket\/\",\"name\":\"Hem\"}},{\"@type\":\"ListItem\",\"position\":2,\"item\":{\"@type\":\"WebPage\",\"@id\":\"https:\/\/musikverket-old.test.consids5.se\/musikochteaterbiblioteket\/ladda-ner-noter\/\",\"url\":\"https:\/\/musikverket-old.test.consids5.se\/musikochteaterbiblioteket\/ladda-ner-noter\/\",\"name\":\"Ladda ner noter\"}},{\"@type\":\"ListItem\",\"position\":3,\"item\":{\"@id\":\"https:\/\/musikverket-old.test.consids5.se\/musikochteaterbiblioteket\/ladda-ner-noter\/boijes-samling\/#webpage\"}}]}]}<\/script>\n<!-- \/ Yoast SEO plugin. -->","jetpack_shortlink":"https:\/\/wp.me\/P2ZwmI-i","jetpack_sharing_enabled":true,"_links":{"self":[{"href":"https:\/\/musikverket-old.test.consids5.se\/musikochteaterbiblioteket\/wp-json\/wp\/v2\/pages\/18"}],"collection":[{"href":"https:\/\/musikverket-old.test.consids5.se\/musikochteaterbiblioteket\/wp-json\/wp\/v2\/pages"}],"about":[{"href":"https:\/\/musikverket-old.test.consids5.se\/musikochteaterbiblioteket\/wp-json\/wp\/v2\/types\/page"}],"author":[{"embeddable":true,"href":"https:\/\/musikverket-old.test.consids5.se\/musikochteaterbiblioteket\/wp-json\/wp\/v2\/users\/1"}],"replies":[{"embeddable":true,"href":"https:\/\/musikverket-old.test.consids5.se\/musikochteaterbiblioteket\/wp-json\/wp\/v2\/comments?post=18"}],"version-history":[{"count":0,"href":"https:\/\/musikverket-old.test.consids5.se\/musikochteaterbiblioteket\/wp-json\/wp\/v2\/pages\/18\/revisions"}],"up":[{"embeddable":true,"href":"https:\/\/musikverket-old.test.consids5.se\/musikochteaterbiblioteket\/wp-json\/wp\/v2\/pages\/17"}],"wp:attachment":[{"href":"https:\/\/musikverket-old.test.consids5.se\/musikochteaterbiblioteket\/wp-json\/wp\/v2\/media?parent=18"}],"wp:term":[{"taxonomy":"category","embeddable":true,"href":"https:\/\/musikverket-old.test.consids5.se\/musikochteaterbiblioteket\/wp-json\/wp\/v2\/categories?post=18"},{"taxonomy":"post_tag","embeddable":true,"href":"https:\/\/musikverket-old.test.consids5.se\/musikochteaterbiblioteket\/wp-json\/wp\/v2\/tags?post=18"}],"curies":[{"name":"wp","href":"https:\/\/api.w.org\/{rel}","templated":true}]}}