{"id":24,"date":"2012-11-20T15:36:48","date_gmt":"2012-11-20T14:36:48","guid":{"rendered":"http:\/\/musikverket.adeprimo.se\/musikochteaterbiblioteket\/?page_id=3704"},"modified":"2022-01-28T11:42:27","modified_gmt":"2022-01-28T10:42:27","slug":"boijes-samling-f","status":"publish","type":"page","link":"https:\/\/musikverket-old.test.consids5.se\/musikochteaterbiblioteket\/ladda-ner-noter\/boijes-samling\/boijes-samling-f\/","title":{"rendered":"F"},"content":{"rendered":"<div id=\"pl-24\"  class=\"panel-layout\" ><div id=\"pg-24-0\"  class=\"panel-grid panel-no-style\" ><div id=\"pgc-24-0-0\"  class=\"panel-grid-cell\" ><div id=\"panel-24-0-0-0\" class=\"so-panel widget widget_headers panel-first-child panel-last-child\" data-index=\"0\" ><div class=\"so-widget-headers so-widget-headers-base\"><h1 id=\"boijes-samling-f\">Boijes samling \u2013 F<\/h1>\n<\/div><\/div><\/div><\/div><div id=\"pg-24-1\"  class=\"panel-grid panel-no-style\" ><div id=\"pgc-24-1-0\"  class=\"panel-grid-cell panel-grid-cell-mobile-last\" ><div id=\"panel-24-1-0-0\" class=\"so-panel widget widget_black-studio-tinymce widget_black_studio_tinymce panel-first-child panel-last-child\" data-index=\"1\" ><div class=\"textwidget\"><p align=\"left\"><em>Noterna \u00e4r tillg\u00e4ngliga utan kostnad i PDF-format. Verken f\u00e5r publiceras utan s\u00e4rskilt tillst\u00e5nd med angivande av k\u00e4llan (Musik- och teaterbiblioteket - The Music and Theatre Library of Sweden). Tv\u00e5 exemplar ska i s\u00e5 fall skickas till biblioteket. Fr\u00e5gor eller synpunkter tas g\u00e4rna emot p\u00e5 <a href=\"mailto:specialsamlingar@musikverket.se\">specialsamlingar@musikverket.se<\/a>.<\/em><\/p>\n<p><a title=\"Boijes samling\" href=\"\/musikochteaterbiblioteket\/ladda-ner-noter\/boijes-samling\/\" target=\"_self\">Till registret f\u00f6r Boijes samling<\/a><\/p>\n<\/div><\/div><\/div><div id=\"pgc-24-1-1\"  class=\"panel-grid-cell panel-grid-cell-empty\" ><\/div><\/div><div id=\"pg-24-2\"  class=\"panel-grid panel-no-style\" ><div id=\"pgc-24-2-0\"  class=\"panel-grid-cell\" ><div id=\"panel-24-2-0-0\" class=\"so-panel widget widget_black-studio-tinymce widget_black_studio_tinymce panel-first-child panel-last-child\" data-index=\"2\" ><div class=\"textwidget\"><table id=\"table_1\" border=\"2\" cellspacing=\"0\" cellpadding=\"2\">\n<tbody>\n<tr>\n<td>&nbsp;<\/td>\n<td><a href=\"http:\/\/urn.kb.se\/resolve?urn=urn:nbn:se:statensmusikverk-4975\" target=\"_blank\">FAVORIT S&Aring;NGER Nio, med ett L&auml;tt accompagnement ...<\/a><\/td>\n<td>Boije&nbsp;946<\/td>\n<\/tr>\n<tr>\n<td>Feder, Linz.<\/td>\n<td><a href=\"http:\/\/urn.kb.se\/resolve?urn=urn:nbn:se:statensmusikverk-5187\" target=\"_blank\">Die Behandlung der Guitarre ...<\/a><\/td>\n<td>Boije&nbsp;1132<\/td>\n<\/tr>\n<tr>\n<td>Feist, E.<\/td>\n<td><a href=\"http:\/\/urn.kb.se\/resolve?urn=urn:nbn:se:statensmusikverk-5050\" target=\"_blank\">Ringelreihen. Se: Gitarristische Vereinigung ... XIV. Jahrg. Nr 4. 1913<\/a><\/td>\n<td>Boije&nbsp;993<\/td>\n<\/tr>\n<tr>\n<td>Feltre, A. de<\/td>\n<td><a href=\"http:\/\/urn.kb.se\/resolve?urn=urn:nbn:se:statensmusikverk-4882\" target=\"_blank\">Doux Tyrol. Mein Tyrol.<\/a><\/td>\n<td>Boije&nbsp;851<\/td>\n<\/tr>\n<tr>\n<td>Ferrer, J.<\/td>\n<td><a href=\"http:\/\/urn.kb.se\/resolve?urn=urn:nbn:se:statensmusikverk-4711\" target=\"_blank\">Op. 25. Souvenir du 15 Ao&ucirc;t. Romance sans paroles, ...<\/a><\/td>\n<td>Boije&nbsp;681<\/td>\n<\/tr>\n<tr>\n<td>Ferrer, J.<\/td>\n<td><a href=\"http:\/\/urn.kb.se\/resolve?urn=urn:nbn:se:statensmusikverk-4712\" target=\"_blank\">Op. 31. L'&Eacute;tudiant de Salamanque. Pi&egrave;ces Caract&eacute;ristiques espagnoles.<\/a><\/td>\n<td>Boije&nbsp;682<\/td>\n<\/tr>\n<tr>\n<td>Ferrer, J.<\/td>\n<td><a href=\"http:\/\/urn.kb.se\/resolve?urn=urn:nbn:se:statensmusikverk-4713\" target=\"_blank\">Op. 36. Charmes de la nuit, nocturne. ...<\/a><\/td>\n<td>Boije&nbsp;683<\/td>\n<\/tr>\n<tr>\n<td>Ferrer, J.<\/td>\n<td><a href=\"http:\/\/urn.kb.se\/resolve?urn=urn:nbn:se:statensmusikverk-4714\" target=\"_blank\">Op. 44. Pens&eacute;es du Soir, Nocturne ...<\/a><\/td>\n<td>Boije&nbsp;684<\/td>\n<\/tr>\n<tr>\n<td>Fier, J.B. de<\/td>\n<td><a href=\"http:\/\/urn.kb.se\/resolve?urn=urn:nbn:se:statensmusikverk-4715\" target=\"_blank\">Op. 40. 8 Variations ... sur une Romance du Ballet: Nina.<\/a><\/td>\n<td>Boije&nbsp;685<\/td>\n<\/tr>\n<tr>\n<td>Fier, J.B. de<\/td>\n<td><a href=\"http:\/\/urn.kb.se\/resolve?urn=urn:nbn:se:statensmusikverk-4716\" target=\"_blank\">Op. 50. 7 Variations ... sur la Cavatine favorite (\"di tanti palpiti\") de l'opera Tancredi.<\/a><\/td>\n<td>Boije&nbsp;686<\/td>\n<\/tr>\n<tr>\n<td>Flotow,&nbsp;F.&nbsp;von&nbsp;<\/td>\n<td><a href=\"http:\/\/urn.kb.se\/resolve?urn=urn:nbn:se:statensmusikverk-4883\" target=\"_blank\">Lieblings-Ges&auml;nge ... No 5. Lied. Italia mein Vater land.<\/a><\/td>\n<td>Boije&nbsp;852<\/td>\n<\/tr>\n<tr>\n<td>Flotow, F. von<\/td>\n<td><a href=\"http:\/\/urn.kb.se\/resolve?urn=urn:nbn:se:statensmusikverk-4884\" target=\"_blank\">Lieblings-Ges&auml;nge ... No 8. Hymne. Jungfrau Maria ...<\/a><\/td>\n<td>Boije&nbsp;853<\/td>\n<\/tr>\n<tr>\n<td>&nbsp;<\/td>\n<td><a href=\"http:\/\/urn.kb.se\/resolve?urn=urn:nbn:se:statensmusikverk-5136\" target=\"_blank\">[FOLKVISA, Finsk] Fj&auml;rran han dr&ouml;jer... [Handskrift]<\/a><\/td>\n<td>Boije&nbsp;1081<\/td>\n<\/tr>\n<tr>\n<td>&nbsp;<\/td>\n<td><a href=\"http:\/\/urn.kb.se\/resolve?urn=urn:nbn:se:statensmusikverk-5138\" target=\"_blank\">Folkvisa, Svensk [Handskrift]<\/a><\/td>\n<td>Boije&nbsp;1083<\/td>\n<\/tr>\n<tr>\n<td>&nbsp;<\/td>\n<td><a href=\"http:\/\/urn.kb.se\/resolve?urn=urn:nbn:se:statensmusikverk-5137\" target=\"_blank\">[Folkvisor, Finska.] 1. Preghiera. 2. Voi &auml;iti parkka. 3. Vid elfvens strand. [Handskrift]<\/a><\/td>\n<td>Boije&nbsp;1082<\/td>\n<\/tr>\n<tr>\n<td>&nbsp;<\/td>\n<td><a href=\"http:\/\/urn.kb.se\/resolve?urn=urn:nbn:se:statensmusikverk-5139\" target=\"_blank\">[Folkvisor, Svenska.] Den bergtagna. -- Dansvisa. -- J&auml;ntan som vill gifta sig. -- Om Michaelidagen. m. m.<\/a><\/td>\n<td>Boije&nbsp;1084<\/td>\n<\/tr>\n<tr>\n<td>&nbsp;<\/td>\n<td><a href=\"http:\/\/urn.kb.se\/resolve?urn=urn:nbn:se:statensmusikverk-4974\" target=\"_blank\">FOLKVISOR Svenska, Svenska folkvisor och folklekar ...<\/a><\/td>\n<td>Boije&nbsp;945<\/td>\n<\/tr>\n<tr>\n<td>Fossa, Fr. de<\/td>\n<td><a href=\"http:\/\/urn.kb.se\/resolve?urn=urn:nbn:se:statensmusikverk-4717\" target=\"_blank\">Ouverture de l'Op&eacute;ra: Le Calife de Bagdad, Musique de Boieldieu ...<\/a><\/td>\n<td>Boije&nbsp;687<\/td>\n<\/tr>\n<tr>\n<td>Fossa, Fr. de<\/td>\n<td><a href=\"http:\/\/urn.kb.se\/resolve?urn=urn:nbn:se:statensmusikverk-4718\" target=\"_blank\">Recuerdo de su siempre Afmo Amigo ...<\/a><\/td>\n<td>Boije&nbsp;688<\/td>\n<\/tr>\n<tr>\n<td>Fossa, Fr. de<\/td>\n<td><a href=\"http:\/\/urn.kb.se\/resolve?urn=urn:nbn:se:statensmusikverk-4719\" target=\"_blank\">Op. 8. Cinq Contre Danses Extraites des Op&eacute;ras de Rossini et deux Valses favorites ...<\/a><\/td>\n<td>Boije&nbsp;689<\/td>\n<\/tr>\n<tr>\n<td>Franz, F.<\/td>\n<td><a href=\"http:\/\/urn.kb.se\/resolve?urn=urn:nbn:se:statensmusikverk-4999\" target=\"_blank\">Zwei Solost&uuml;cke ... 1. Polonaise. 2. Mazurka.<\/a><\/td>\n<td>Boije&nbsp;965:5<\/td>\n<\/tr>\n<tr>\n<td>Franz, J.<\/td>\n<td><a href=\"http:\/\/urn.kb.se\/resolve?urn=urn:nbn:se:statensmusikverk-5076\" target=\"_blank\">Auf den Fluren. Fantasie ... Se: Freie Vereinigung ... [1. Jahrg.] Nr 6. 1904<\/a><\/td>\n<td>Boije&nbsp;1019<\/td>\n<\/tr>\n<tr>\n<td>Franz, J.<\/td>\n<td><a href=\"http:\/\/urn.kb.se\/resolve?urn=urn:nbn:se:statensmusikverk-5072\" target=\"_blank\">Etude No. 2. ... . Se: Freie Vereinigung ... [1. Jahrg.] Nr 2. 1904<\/a><\/td>\n<td>Boije&nbsp;1015<\/td>\n<\/tr>\n<tr>\n<td>Franz, J.<\/td>\n<td><a href=\"http:\/\/urn.kb.se\/resolve?urn=urn:nbn:se:statensmusikverk-5085\" target=\"_blank\">Etude No. 5. Se: Freie Vereinigung ... 2. Jahrg. Nr 8. 1906<\/a><\/td>\n<td>Boije&nbsp;1029<\/td>\n<\/tr>\n<tr>\n<td>Franz, J.<\/td>\n<td><a href=\"http:\/\/urn.kb.se\/resolve?urn=urn:nbn:se:statensmusikverk-5073\" target=\"_blank\">Etude No. 6. Se: Freie Vereinigung ... [1. Jahrg.] Nr 3. 1904<\/a><\/td>\n<td>Boije&nbsp;1016<\/td>\n<\/tr>\n<tr>\n<td>Franz, J.<\/td>\n<td><a href=\"http:\/\/urn.kb.se\/resolve?urn=urn:nbn:se:statensmusikverk-5089\" target=\"_blank\">Etude No. 7. Se: Freie Vereinigung ... 3. Jahrg. Nr 4. 1906<\/a><\/td>\n<td>Boije&nbsp;1033<\/td>\n<\/tr>\n<tr>\n<td>Franz, J.<\/td>\n<td><a href=\"http:\/\/urn.kb.se\/resolve?urn=urn:nbn:se:statensmusikverk-5075\" target=\"_blank\">Im Walde. Se: Freie Vereinigung ... [1. Jahrg.] Nr 5. 1904<\/a><\/td>\n<td>Boije&nbsp;1018<\/td>\n<\/tr>\n<tr>\n<td>Franz, J.<\/td>\n<td><a href=\"http:\/\/urn.kb.se\/resolve?urn=urn:nbn:se:statensmusikverk-5074\" target=\"_blank\">Marche s&eacute;rieuse. Se: Freie Vereinigung ... [1. Jahrg.] Nr 4. 1904<\/a><\/td>\n<td>Boije&nbsp;1017<\/td>\n<\/tr>\n<tr>\n<td>Franz, J.<\/td>\n<td><a href=\"http:\/\/urn.kb.se\/resolve?urn=urn:nbn:se:statensmusikverk-5109\" target=\"_blank\">Marsch. Se: Freie Vereinigung ... 5. Jahrg. Nr 8. 1908<\/a><\/td>\n<td>Boije&nbsp;1053<\/td>\n<\/tr>\n<tr>\n<td>&nbsp;<\/td>\n<td><a href=\"http:\/\/urn.kb.se\/resolve?urn=urn:nbn:se:statensmusikverk-5071\" target=\"_blank\">Freie Vereinigung ... [1. Jahrg.] Nr 1. 1904<\/a><\/td>\n<td>Boije&nbsp;1014<\/td>\n<\/tr>\n<tr>\n<td>&nbsp;<\/td>\n<td><a href=\"http:\/\/urn.kb.se\/resolve?urn=urn:nbn:se:statensmusikverk-5072\" target=\"_blank\">Freie Vereinigung ... [1. Jahrg.] Nr 2. 1904<\/a><\/td>\n<td>Boije&nbsp;1015<\/td>\n<\/tr>\n<tr>\n<td>&nbsp;<\/td>\n<td><a href=\"http:\/\/urn.kb.se\/resolve?urn=urn:nbn:se:statensmusikverk-5073\" target=\"_blank\">Freie Vereinigung ... [1. Jahrg.] Nr 3. 1904<\/a><\/td>\n<td>Boije&nbsp;1016<\/td>\n<\/tr>\n<tr>\n<td>&nbsp;<\/td>\n<td><a href=\"http:\/\/urn.kb.se\/resolve?urn=urn:nbn:se:statensmusikverk-5074\" target=\"_blank\">Freie Vereinigung ... [1. Jahrg.] Nr 4. 1904<\/a><\/td>\n<td>Boije&nbsp;1017<\/td>\n<\/tr>\n<tr>\n<td>&nbsp;<\/td>\n<td><a href=\"http:\/\/urn.kb.se\/resolve?urn=urn:nbn:se:statensmusikverk-5075\" target=\"_blank\">Freie Vereinigung ... [1. Jahrg.] Nr 5. 1904<\/a><\/td>\n<td>Boije&nbsp;1018<\/td>\n<\/tr>\n<tr>\n<td>&nbsp;<\/td>\n<td><a href=\"http:\/\/urn.kb.se\/resolve?urn=urn:nbn:se:statensmusikverk-5076\" target=\"_blank\">Freie Vereinigung ... [1. Jahrg.] Nr 6. 1904<\/a><\/td>\n<td>Boije&nbsp;1019<\/td>\n<\/tr>\n<tr>\n<td>&nbsp;<\/td>\n<td><a href=\"http:\/\/urn.kb.se\/resolve?urn=urn:nbn:se:statensmusikverk-5077\" target=\"_blank\">Freie Vereinigung ... [1. Jahrg.] Nr 7. 1905<\/a><\/td>\n<td>Boije&nbsp;1020<\/td>\n<\/tr>\n<tr>\n<td>&nbsp;<\/td>\n<td><a href=\"http:\/\/urn.kb.se\/resolve?urn=urn:nbn:se:statensmusikverk-5078\" target=\"_blank\">Freie Vereinigung ... [1. Jahrg.] Nr 8. 1905<\/a><\/td>\n<td>Boije&nbsp;1021<\/td>\n<\/tr>\n<tr>\n<td>&nbsp;<\/td>\n<td><a href=\"http:\/\/urn.kb.se\/resolve?urn=urn:nbn:se:statensmusikverk-5079\" target=\"_blank\">Freie Vereinigung ... 2. Jahrg. Nr 1. 1905<\/a><\/td>\n<td>Boije&nbsp;1022<\/td>\n<\/tr>\n<tr>\n<td>&nbsp;<\/td>\n<td><a href=\"http:\/\/urn.kb.se\/resolve?urn=urn:nbn:se:statensmusikverk-5080\" target=\"_blank\">Freie Vereinigung ... 2. Jahrg. Nr 2. 1905<\/a><\/td>\n<td>Boije&nbsp;1023<\/td>\n<\/tr>\n<tr>\n<td>&nbsp;<\/td>\n<td><a href=\"http:\/\/urn.kb.se\/resolve?urn=urn:nbn:se:statensmusikverk-5081\" target=\"_blank\">Freie Vereinigung ... 2. Jahrg. Nr 4. 1905<\/a><\/td>\n<td>Boije&nbsp;1025<\/td>\n<\/tr>\n<tr>\n<td>&nbsp;<\/td>\n<td><a href=\"http:\/\/urn.kb.se\/resolve?urn=urn:nbn:se:statensmusikverk-5082\" target=\"_blank\">Freie Vereinigung ... 2. Jahrg. Nr 5. 1905<\/a><\/td>\n<td>Boije&nbsp;1026<\/td>\n<\/tr>\n<tr>\n<td>&nbsp;<\/td>\n<td><a href=\"http:\/\/urn.kb.se\/resolve?urn=urn:nbn:se:statensmusikverk-5083\" target=\"_blank\">Freie Vereinigung ... 2. Jahrg. Nr 6. 1905<\/a><\/td>\n<td>Boije&nbsp;1027<\/td>\n<\/tr>\n<tr>\n<td>&nbsp;<\/td>\n<td><a href=\"http:\/\/urn.kb.se\/resolve?urn=urn:nbn:se:statensmusikverk-5084\" target=\"_blank\">Freie Vereinigung ... 2. Jahrg. Nr 7. 1905<\/a><\/td>\n<td>Boije&nbsp;1028<\/td>\n<\/tr>\n<tr>\n<td>&nbsp;<\/td>\n<td><a href=\"http:\/\/urn.kb.se\/resolve?urn=urn:nbn:se:statensmusikverk-5085\" target=\"_blank\">Freie Vereinigung ... 2. Jahrg. Nr 8. 1906<\/a><\/td>\n<td>Boije&nbsp;1029<\/td>\n<\/tr>\n<tr>\n<td>&nbsp;<\/td>\n<td><a href=\"http:\/\/urn.kb.se\/resolve?urn=urn:nbn:se:statensmusikverk-5086\" target=\"_blank\">Freie Vereinigung ... 3. Jahrg. Nr 1. 1906<\/a><\/td>\n<td>Boije&nbsp;1030<\/td>\n<\/tr>\n<tr>\n<td>&nbsp;<\/td>\n<td><a href=\"http:\/\/urn.kb.se\/resolve?urn=urn:nbn:se:statensmusikverk-5087\" target=\"_blank\">Freie Vereinigung ... 3. Jahrg. Nr 2. 1906<\/a><\/td>\n<td>Boije&nbsp;1031<\/td>\n<\/tr>\n<tr>\n<td>&nbsp;<\/td>\n<td><a href=\"http:\/\/urn.kb.se\/resolve?urn=urn:nbn:se:statensmusikverk-5088\" target=\"_blank\">Freie Vereinigung ... 3. Jahrg. Nr 3. 1906<\/a><\/td>\n<td>Boije&nbsp;1032<\/td>\n<\/tr>\n<tr>\n<td>&nbsp;<\/td>\n<td><a href=\"http:\/\/urn.kb.se\/resolve?urn=urn:nbn:se:statensmusikverk-5089\" target=\"_blank\">Freie Vereinigung ... 3. Jahrg. Nr 4. 1906<\/a><\/td>\n<td>Boije&nbsp;1033<\/td>\n<\/tr>\n<tr>\n<td>&nbsp;<\/td>\n<td><a href=\"http:\/\/urn.kb.se\/resolve?urn=urn:nbn:se:statensmusikverk-5090\" target=\"_blank\">Freie Vereinigung ... 3. Jahrg. Nr 5. 1906<\/a><\/td>\n<td>Boije&nbsp;1034<\/td>\n<\/tr>\n<tr>\n<td>&nbsp;<\/td>\n<td><a href=\"http:\/\/urn.kb.se\/resolve?urn=urn:nbn:se:statensmusikverk-5091\" target=\"_blank\">Freie Vereinigung ... 3. Jahrg. Nr 6. 1906<\/a><\/td>\n<td>Boije&nbsp;1035<\/td>\n<\/tr>\n<tr>\n<td>&nbsp;<\/td>\n<td><a href=\"http:\/\/urn.kb.se\/resolve?urn=urn:nbn:se:statensmusikverk-5092\" target=\"_blank\">Freie Vereinigung ... 3. Jahrg. Nr 7. 1907<\/a><\/td>\n<td>Boije&nbsp;1036<\/td>\n<\/tr>\n<tr>\n<td>&nbsp;<\/td>\n<td><a href=\"http:\/\/urn.kb.se\/resolve?urn=urn:nbn:se:statensmusikverk-5093\" target=\"_blank\">Freie Vereinigung ... 3. Jahrg. Nr 8. 1907<\/a><\/td>\n<td>Boije&nbsp;1037<\/td>\n<\/tr>\n<tr>\n<td>&nbsp;<\/td>\n<td><a href=\"http:\/\/urn.kb.se\/resolve?urn=urn:nbn:se:statensmusikverk-5094\" target=\"_blank\">Freie Vereinigung ... 4. Jahrg. Nr 1. 1907<\/a><\/td>\n<td>Boije&nbsp;1038<\/td>\n<\/tr>\n<tr>\n<td>&nbsp;<\/td>\n<td><a href=\"http:\/\/urn.kb.se\/resolve?urn=urn:nbn:se:statensmusikverk-5095\" target=\"_blank\">Freie Vereinigung ... 4. Jahrg. Nr 2. 1907<\/a><\/td>\n<td>Boije&nbsp;1039<\/td>\n<\/tr>\n<tr>\n<td>&nbsp;<\/td>\n<td><a href=\"http:\/\/urn.kb.se\/resolve?urn=urn:nbn:se:statensmusikverk-5096\" target=\"_blank\">Freie Vereinigung ... 4. Jahrg. Nr 3. 1907<\/a><\/td>\n<td>Boije&nbsp;1040<\/td>\n<\/tr>\n<tr>\n<td>&nbsp;<\/td>\n<td><a href=\"http:\/\/urn.kb.se\/resolve?urn=urn:nbn:se:statensmusikverk-5097\" target=\"_blank\">Freie Vereinigung ... 4. Jahrg. Nr 4. 1907<\/a><\/td>\n<td>Boije&nbsp;1041<\/td>\n<\/tr>\n<tr>\n<td>&nbsp;<\/td>\n<td><a href=\"http:\/\/urn.kb.se\/resolve?urn=urn:nbn:se:statensmusikverk-5098\" target=\"_blank\">Freie Vereinigung ... 4. Jahrg. Nr 5. 1907<\/a><\/td>\n<td>Boije&nbsp;1042<\/td>\n<\/tr>\n<tr>\n<td>&nbsp;<\/td>\n<td><a href=\"http:\/\/urn.kb.se\/resolve?urn=urn:nbn:se:statensmusikverk-5099\" target=\"_blank\">Freie Vereinigung ... 4. Jahrg. Nr 6. 1908<\/a><\/td>\n<td>Boije&nbsp;1043<\/td>\n<\/tr>\n<tr>\n<td>&nbsp;<\/td>\n<td><a href=\"http:\/\/urn.kb.se\/resolve?urn=urn:nbn:se:statensmusikverk-5100\" target=\"_blank\">Freie Vereinigung ... 4. Jahrg. Nr 7. 1908<\/a><\/td>\n<td>Boije&nbsp;1044<\/td>\n<\/tr>\n<tr>\n<td>&nbsp;<\/td>\n<td><a href=\"http:\/\/urn.kb.se\/resolve?urn=urn:nbn:se:statensmusikverk-5101\" target=\"_blank\">Freie Vereinigung ... 4. Jahrg. Nr 8. 1908<\/a><\/td>\n<td>Boije&nbsp;1045<\/td>\n<\/tr>\n<tr>\n<td>&nbsp;<\/td>\n<td><a href=\"http:\/\/urn.kb.se\/resolve?urn=urn:nbn:se:statensmusikverk-5102\" target=\"_blank\">Freie Vereinigung ... 5. Jahrg. Nr 1. 1908<\/a><\/td>\n<td>Boije&nbsp;1046<\/td>\n<\/tr>\n<tr>\n<td>&nbsp;<\/td>\n<td><a href=\"http:\/\/urn.kb.se\/resolve?urn=urn:nbn:se:statensmusikverk-5103\" target=\"_blank\">Freie Vereinigung ... 5. Jahrg. Nr 2. 1908<\/a><\/td>\n<td>Boije&nbsp;1047<\/td>\n<\/tr>\n<tr>\n<td>&nbsp;<\/td>\n<td><a href=\"http:\/\/urn.kb.se\/resolve?urn=urn:nbn:se:statensmusikverk-5104\" target=\"_blank\">Freie Vereinigung ... 5. Jahrg. Nr 3. 1908<\/a><\/td>\n<td>Boije&nbsp;1048<\/td>\n<\/tr>\n<tr>\n<td>&nbsp;<\/td>\n<td><a href=\"http:\/\/urn.kb.se\/resolve?urn=urn:nbn:se:statensmusikverk-5105\" target=\"_blank\">Freie Vereinigung ... 5. Jahrg. Nr 4. 1908<\/a><\/td>\n<td>Boije&nbsp;1049<\/td>\n<\/tr>\n<tr>\n<td>&nbsp;<\/td>\n<td><a href=\"http:\/\/urn.kb.se\/resolve?urn=urn:nbn:se:statensmusikverk-5106\" target=\"_blank\">Freie Vereinigung ... 5. Jahrg. Nr 5. 1908<\/a><\/td>\n<td>Boije&nbsp;1050<\/td>\n<\/tr>\n<tr>\n<td>&nbsp;<\/td>\n<td><a href=\"http:\/\/urn.kb.se\/resolve?urn=urn:nbn:se:statensmusikverk-5107\" target=\"_blank\">Freie Vereinigung ... 5. Jahrg. Nr 6. 1908<\/a><\/td>\n<td>Boije&nbsp;1051<\/td>\n<\/tr>\n<tr>\n<td>&nbsp;<\/td>\n<td><a href=\"http:\/\/urn.kb.se\/resolve?urn=urn:nbn:se:statensmusikverk-5108\" target=\"_blank\">Freie Vereinigung ... 5. Jahrg. Nr 7. 1908<\/a><\/td>\n<td>Boije&nbsp;1052<\/td>\n<\/tr>\n<tr>\n<td>&nbsp;<\/td>\n<td><a href=\"http:\/\/urn.kb.se\/resolve?urn=urn:nbn:se:statensmusikverk-5109\" target=\"_blank\">Freie Vereinigung ... 5. Jahrg. Nr 8. 1908<\/a><\/td>\n<td>Boije&nbsp;1053<\/td>\n<\/tr>\n<tr>\n<td>&nbsp;<\/td>\n<td><a href=\"http:\/\/urn.kb.se\/resolve?urn=urn:nbn:se:statensmusikverk-5177\" target=\"_blank\">[FR&Ouml;DINGSDIKTER] Vallarel&aring;t ...<\/a><\/td>\n<td>Boije&nbsp;1122<\/td>\n<\/tr>\n<tr>\n<td>&nbsp;<\/td>\n<td><a href=\"http:\/\/urn.kb.se\/resolve?urn=urn:nbn:se:statensmusikverk-5178\" target=\"_blank\">[FR&Ouml;DINGSDIKTER] Stina Stursk ...<\/a><\/td>\n<td>Boije&nbsp;1123<\/td>\n<\/tr>\n<tr>\n<td>&nbsp;<\/td>\n<td><a href=\"http:\/\/urn.kb.se\/resolve?urn=urn:nbn:se:statensmusikverk-5179\" target=\"_blank\">[FR&Ouml;DINGSDIKTER] I solnedg&aring;ngen ...<\/a><\/td>\n<td>Boije&nbsp;1124<\/td>\n<\/tr>\n<tr>\n<td>Funk, W.<\/td>\n<td><a href=\"http:\/\/urn.kb.se\/resolve?urn=urn:nbn:se:statensmusikverk-5013\" target=\"_blank\">Es war ein K&ouml;nig in Thule.<\/a><\/td>\n<td>Boije&nbsp;965:19<\/td>\n<\/tr>\n<tr>\n<td>Funk, W.<\/td>\n<td><a href=\"http:\/\/urn.kb.se\/resolve?urn=urn:nbn:se:statensmusikverk-5013\" target=\"_blank\">Es wollt ein M&auml;dchen fr&uuml;h aufsteh'n.<\/a><\/td>\n<td>Boije&nbsp;965:19<\/td>\n<\/tr>\n<tr>\n<td>Funk, W.<\/td>\n<td><a href=\"http:\/\/urn.kb.se\/resolve?urn=urn:nbn:se:statensmusikverk-5013\" target=\"_blank\">Fiamenga.<\/a><\/td>\n<td>Boije&nbsp;965:19<\/td>\n<\/tr>\n<tr>\n<td>Funk, W.<\/td>\n<td><a href=\"http:\/\/urn.kb.se\/resolve?urn=urn:nbn:se:statensmusikverk-5013\" target=\"_blank\">Fort zog mein Liebster.<\/a><\/td>\n<td>Boije&nbsp;965:19&nbsp;<\/td>\n<\/tr>\n<tr>\n<td>Fusani, C.A.<\/td>\n<td><a href=\"http:\/\/urn.kb.se\/resolve?urn=urn:nbn:se:statensmusikverk-4584\" target=\"_blank\">Op. 43 edita. Addio del passato. Aria nella Traviata ...<\/a><\/td>\n<td>Boije&nbsp;555<\/td>\n<\/tr>\n<\/tbody>\n<\/table>\n<p>&nbsp;<\/p>\n<\/div><\/div><\/div><\/div><\/div>","protected":false},"excerpt":{"rendered":"<p>Noterna \u00e4r tillg\u00e4ngliga utan kostnad i PDF-format. Verken f\u00e5r publiceras utan s\u00e4rskilt tillst\u00e5nd med angivande av k\u00e4llan (Musik- och teaterbiblioteket &#8211; The Music and Theatre Library of Sweden). Tv\u00e5 exemplar ska i s\u00e5 fall skickas till biblioteket. Fr\u00e5gor eller synpunkter tas g\u00e4rna emot p\u00e5 specialsamlingar@musikverket.se. Till registret f\u00f6r Boijes samling<\/p>\n","protected":false},"author":1,"featured_media":0,"parent":18,"menu_order":0,"comment_status":"open","ping_status":"closed","template":"","meta":{"ngg_post_thumbnail":0,"spay_email":""},"categories":[4,3],"tags":[12,13,25,14],"yoast_head":"<!-- This site is optimized with the Yoast SEO plugin v16.3 - https:\/\/yoast.com\/wordpress\/plugins\/seo\/ -->\n<meta name=\"robots\" content=\"index, follow, max-snippet:-1, max-image-preview:large, max-video-preview:-1\" \/>\n<link rel=\"canonical\" href=\"https:\/\/musikverket-old.test.consids5.se\/musikochteaterbiblioteket\/ladda-ner-noter\/boijes-samling\/boijes-samling-f\/\" \/>\n<meta property=\"og:locale\" content=\"sv_SE\" \/>\n<meta property=\"og:type\" content=\"article\" \/>\n<meta property=\"og:title\" content=\"F - Musik- och teaterbiblioteket\" \/>\n<meta property=\"og:description\" content=\"Noterna \u00e4r tillg\u00e4ngliga utan kostnad i PDF-format. Verken f\u00e5r publiceras utan s\u00e4rskilt tillst\u00e5nd med angivande av k\u00e4llan (Musik- och teaterbiblioteket - The Music and Theatre Library of Sweden). Tv\u00e5 exemplar ska i s\u00e5 fall skickas till biblioteket. Fr\u00e5gor eller synpunkter tas g\u00e4rna emot p\u00e5 specialsamlingar@musikverket.se. Till registret f\u00f6r Boijes samling\" \/>\n<meta property=\"og:url\" content=\"https:\/\/musikverket-old.test.consids5.se\/musikochteaterbiblioteket\/ladda-ner-noter\/boijes-samling\/boijes-samling-f\/\" \/>\n<meta property=\"og:site_name\" content=\"Musik- och teaterbiblioteket\" \/>\n<meta property=\"article:modified_time\" content=\"2022-01-28T10:42:27+00:00\" \/>\n<meta name=\"twitter:label1\" content=\"Ber\u00e4knad l\u00e4stid\">\n\t<meta name=\"twitter:data1\" content=\"4 minuter\">\n<script type=\"application\/ld+json\" class=\"yoast-schema-graph\">{\"@context\":\"https:\/\/schema.org\",\"@graph\":[{\"@type\":\"WebSite\",\"@id\":\"https:\/\/musikverket-old.test.consids5.se\/musikochteaterbiblioteket\/#website\",\"url\":\"https:\/\/musikverket-old.test.consids5.se\/musikochteaterbiblioteket\/\",\"name\":\"Musik- och teaterbiblioteket\",\"description\":\"F\\u00f6rdjupning, kunskap och spelgl\\u00e4dje\",\"potentialAction\":[{\"@type\":\"SearchAction\",\"target\":\"https:\/\/musikverket-old.test.consids5.se\/musikochteaterbiblioteket\/?s={search_term_string}\",\"query-input\":\"required name=search_term_string\"}],\"inLanguage\":\"sv-SE\"},{\"@type\":\"WebPage\",\"@id\":\"https:\/\/musikverket-old.test.consids5.se\/musikochteaterbiblioteket\/ladda-ner-noter\/boijes-samling\/boijes-samling-f\/#webpage\",\"url\":\"https:\/\/musikverket-old.test.consids5.se\/musikochteaterbiblioteket\/ladda-ner-noter\/boijes-samling\/boijes-samling-f\/\",\"name\":\"F - Musik- och teaterbiblioteket\",\"isPartOf\":{\"@id\":\"https:\/\/musikverket-old.test.consids5.se\/musikochteaterbiblioteket\/#website\"},\"datePublished\":\"2012-11-20T14:36:48+00:00\",\"dateModified\":\"2022-01-28T10:42:27+00:00\",\"breadcrumb\":{\"@id\":\"https:\/\/musikverket-old.test.consids5.se\/musikochteaterbiblioteket\/ladda-ner-noter\/boijes-samling\/boijes-samling-f\/#breadcrumb\"},\"inLanguage\":\"sv-SE\",\"potentialAction\":[{\"@type\":\"ReadAction\",\"target\":[\"https:\/\/musikverket-old.test.consids5.se\/musikochteaterbiblioteket\/ladda-ner-noter\/boijes-samling\/boijes-samling-f\/\"]}]},{\"@type\":\"BreadcrumbList\",\"@id\":\"https:\/\/musikverket-old.test.consids5.se\/musikochteaterbiblioteket\/ladda-ner-noter\/boijes-samling\/boijes-samling-f\/#breadcrumb\",\"itemListElement\":[{\"@type\":\"ListItem\",\"position\":1,\"item\":{\"@type\":\"WebPage\",\"@id\":\"https:\/\/musikverket-old.test.consids5.se\/musikochteaterbiblioteket\/\",\"url\":\"https:\/\/musikverket-old.test.consids5.se\/musikochteaterbiblioteket\/\",\"name\":\"Hem\"}},{\"@type\":\"ListItem\",\"position\":2,\"item\":{\"@type\":\"WebPage\",\"@id\":\"https:\/\/musikverket-old.test.consids5.se\/musikochteaterbiblioteket\/ladda-ner-noter\/\",\"url\":\"https:\/\/musikverket-old.test.consids5.se\/musikochteaterbiblioteket\/ladda-ner-noter\/\",\"name\":\"Ladda ner noter\"}},{\"@type\":\"ListItem\",\"position\":3,\"item\":{\"@type\":\"WebPage\",\"@id\":\"https:\/\/musikverket-old.test.consids5.se\/musikochteaterbiblioteket\/ladda-ner-noter\/boijes-samling\/\",\"url\":\"https:\/\/musikverket-old.test.consids5.se\/musikochteaterbiblioteket\/ladda-ner-noter\/boijes-samling\/\",\"name\":\"Boijes samling\"}},{\"@type\":\"ListItem\",\"position\":4,\"item\":{\"@id\":\"https:\/\/musikverket-old.test.consids5.se\/musikochteaterbiblioteket\/ladda-ner-noter\/boijes-samling\/boijes-samling-f\/#webpage\"}}]}]}<\/script>\n<!-- \/ Yoast SEO plugin. -->","jetpack_shortlink":"https:\/\/wp.me\/P2ZwmI-o","jetpack_sharing_enabled":true,"_links":{"self":[{"href":"https:\/\/musikverket-old.test.consids5.se\/musikochteaterbiblioteket\/wp-json\/wp\/v2\/pages\/24"}],"collection":[{"href":"https:\/\/musikverket-old.test.consids5.se\/musikochteaterbiblioteket\/wp-json\/wp\/v2\/pages"}],"about":[{"href":"https:\/\/musikverket-old.test.consids5.se\/musikochteaterbiblioteket\/wp-json\/wp\/v2\/types\/page"}],"author":[{"embeddable":true,"href":"https:\/\/musikverket-old.test.consids5.se\/musikochteaterbiblioteket\/wp-json\/wp\/v2\/users\/1"}],"replies":[{"embeddable":true,"href":"https:\/\/musikverket-old.test.consids5.se\/musikochteaterbiblioteket\/wp-json\/wp\/v2\/comments?post=24"}],"version-history":[{"count":0,"href":"https:\/\/musikverket-old.test.consids5.se\/musikochteaterbiblioteket\/wp-json\/wp\/v2\/pages\/24\/revisions"}],"up":[{"embeddable":true,"href":"https:\/\/musikverket-old.test.consids5.se\/musikochteaterbiblioteket\/wp-json\/wp\/v2\/pages\/18"}],"wp:attachment":[{"href":"https:\/\/musikverket-old.test.consids5.se\/musikochteaterbiblioteket\/wp-json\/wp\/v2\/media?parent=24"}],"wp:term":[{"taxonomy":"category","embeddable":true,"href":"https:\/\/musikverket-old.test.consids5.se\/musikochteaterbiblioteket\/wp-json\/wp\/v2\/categories?post=24"},{"taxonomy":"post_tag","embeddable":true,"href":"https:\/\/musikverket-old.test.consids5.se\/musikochteaterbiblioteket\/wp-json\/wp\/v2\/tags?post=24"}],"curies":[{"name":"wp","href":"https:\/\/api.w.org\/{rel}","templated":true}]}}