{"id":26,"date":"2012-11-20T15:47:24","date_gmt":"2012-11-20T14:47:24","guid":{"rendered":"http:\/\/musikverket.adeprimo.se\/musikochteaterbiblioteket\/?page_id=3723"},"modified":"2022-01-28T11:44:30","modified_gmt":"2022-01-28T10:44:30","slug":"boijes-samling-h","status":"publish","type":"page","link":"https:\/\/musikverket-old.test.consids5.se\/musikochteaterbiblioteket\/ladda-ner-noter\/boijes-samling\/boijes-samling-h\/","title":{"rendered":"H"},"content":{"rendered":"<div id=\"pl-26\"  class=\"panel-layout\" ><div id=\"pg-26-0\"  class=\"panel-grid panel-no-style\" ><div id=\"pgc-26-0-0\"  class=\"panel-grid-cell\" ><div id=\"panel-26-0-0-0\" class=\"so-panel widget widget_headers panel-first-child panel-last-child\" data-index=\"0\" ><div class=\"so-widget-headers so-widget-headers-base\"><h1 id=\"boijes-samling-h\">Boijes samling \u2013 H<\/h1>\n<\/div><\/div><\/div><\/div><div id=\"pg-26-1\"  class=\"panel-grid panel-no-style\" ><div id=\"pgc-26-1-0\"  class=\"panel-grid-cell panel-grid-cell-mobile-last\" ><div id=\"panel-26-1-0-0\" class=\"so-panel widget widget_black-studio-tinymce widget_black_studio_tinymce panel-first-child panel-last-child\" data-index=\"1\" ><div class=\"textwidget\"><p align=\"left\"><em>Noterna \u00e4r tillg\u00e4ngliga utan kostnad i PDF-format. Verken f\u00e5r publiceras utan s\u00e4rskilt tillst\u00e5nd med angivande av k\u00e4llan (Musik- och teaterbiblioteket - The Music and Theatre Library of Sweden). Tv\u00e5 exemplar ska i s\u00e5 fall skickas till biblioteket. Fr\u00e5gor eller synpunkter tas g\u00e4rna emot p\u00e5 <a href=\"mailto:specialsamlingar@musikverket.se\">specialsamlingar@musikverket.se<\/a>.<\/em><\/p>\n<p><a title=\"Boijes samling\" href=\"\/musikochteaterbiblioteket\/ladda-ner-noter\/boijes-samling\/\" target=\"_self\">Till registret f\u00f6r Boijes samling<\/a><\/p>\n<\/div><\/div><\/div><div id=\"pgc-26-1-1\"  class=\"panel-grid-cell panel-grid-cell-empty\" ><\/div><\/div><div id=\"pg-26-2\"  class=\"panel-grid panel-no-style\" ><div id=\"pgc-26-2-0\"  class=\"panel-grid-cell\" ><div id=\"panel-26-2-0-0\" class=\"so-panel widget widget_black-studio-tinymce widget_black_studio_tinymce panel-first-child panel-last-child\" data-index=\"2\" ><div class=\"textwidget\"><table id=\"table_1\" border=\"2\" width=\"975\" cellspacing=\"0\" cellpadding=\"2\">\n<tbody>\n<tr>\n<td>H....b, A.<\/td>\n<td><a href=\"http:\/\/urn.kb.se\/resolve?urn=urn:nbn:se:statensmusikverk-4731\" target=\"_blank\">&Eacute;tude ur romansen L&auml;rkan av Glinka.<\/a><\/td>\n<td>Boije&nbsp;701<\/td>\n<\/tr>\n<tr>\n<td>H....b, A.<\/td>\n<td><a href=\"http:\/\/urn.kb.se\/resolve?urn=urn:nbn:se:statensmusikverk-4732\" target=\"_blank\">Potpourri &ouml;ver ryska s&aring;nger.<\/a><\/td>\n<td>Boije&nbsp;702<\/td>\n<\/tr>\n<tr>\n<td>Harder, A.<\/td>\n<td><a href=\"http:\/\/urn.kb.se\/resolve?urn=urn:nbn:se:statensmusikverk-4603\" target=\"_blank\">8 variations ...<\/a><\/td>\n<td>Boije&nbsp;574<\/td>\n<\/tr>\n<tr>\n<td>Hartenfels, E.<\/td>\n<td><a href=\"http:\/\/urn.kb.se\/resolve?urn=urn:nbn:se:statensmusikverk-4604\" target=\"_blank\">Op. 13. Variations brillantes ...<\/a><\/td>\n<td>Boije&nbsp;575<\/td>\n<\/tr>\n<tr>\n<td>Haydn, J.<\/td>\n<td><a href=\"http:\/\/urn.kb.se\/resolve?urn=urn:nbn:se:statensmusikverk-5158\" target=\"_blank\">Andante.<\/a><\/td>\n<td>Boije&nbsp;1103<\/td>\n<\/tr>\n<tr>\n<td>Heland<\/td>\n<td><a href=\"http:\/\/urn.kb.se\/resolve?urn=urn:nbn:se:statensmusikverk-5142\" target=\"_blank\">Bland fj&auml;llen. -- Hertig Henrik. m.m.<\/a><\/td>\n<td>Boije&nbsp;1087<\/td>\n<\/tr>\n<tr>\n<td>Henze, Ch.<\/td>\n<td><a href=\"http:\/\/urn.kb.se\/resolve?urn=urn:nbn:se:statensmusikverk-5101\" target=\"_blank\">Regrette. Se: Freie Vereinigung ... 4. Jahrg. Nr 8. 1908<\/a><\/td>\n<td>Boije&nbsp;1045<\/td>\n<\/tr>\n<tr>\n<td>Henze, K.<\/td>\n<td><a href=\"http:\/\/urn.kb.se\/resolve?urn=urn:nbn:se:statensmusikverk-5056\" target=\"_blank\">Lied-Elfchen. Se: Gitarristische Vereinigung ... XV. Jahrg. Nr 4. 1914<\/a><\/td>\n<td>Boije&nbsp;999<\/td>\n<\/tr>\n<tr>\n<td>Hertig Henrik. m.m.<\/td>\n<td><a href=\"http:\/\/urn.kb.se\/resolve?urn=urn:nbn:se:statensmusikverk-5143\" target=\"_blank\">Hertig Henrik. m.m.<\/a><\/td>\n<td>Boije&nbsp;1088<\/td>\n<\/tr>\n<tr>\n<td>Hildebrand, W.<\/td>\n<td><a href=\"http:\/\/urn.kb.se\/resolve?urn=urn:nbn:se:statensmusikverk-4733\" target=\"_blank\">Verschiedene T&auml;nze und ein Marsch ...<\/a><\/td>\n<td>Boije&nbsp;703<\/td>\n<\/tr>\n<tr>\n<td>Holl, C.<\/td>\n<td><a href=\"http:\/\/urn.kb.se\/resolve?urn=urn:nbn:se:statensmusikverk-4976\" target=\"_blank\">Lieder ernsten und heitern Inhalts ... H. 1.<\/a><\/td>\n<td>Boije&nbsp;947<\/td>\n<\/tr>\n<tr>\n<td>Holl, C.<\/td>\n<td><a href=\"http:\/\/urn.kb.se\/resolve?urn=urn:nbn:se:statensmusikverk-4977\" target=\"_blank\">Lieder ernsten und heitern Inhalts ... H. 3.<\/a><\/td>\n<td>Boije&nbsp;948<\/td>\n<\/tr>\n<tr>\n<td>Holl, C.<\/td>\n<td><a href=\"http:\/\/urn.kb.se\/resolve?urn=urn:nbn:se:statensmusikverk-4978\" target=\"_blank\">Lieder ernsten und heitern Inhalts ... H. 4.<\/a><\/td>\n<td>Boije&nbsp;949<\/td>\n<\/tr>\n<tr>\n<td>Horetsky, F.<\/td>\n<td><a href=\"http:\/\/urn.kb.se\/resolve?urn=urn:nbn:se:statensmusikverk-4298\" target=\"_blank\">La lyre. Album musical ...<\/a><\/td>\n<td>Boije&nbsp;269<\/td>\n<\/tr>\n<tr>\n<td>Horetsky, F.<\/td>\n<td><a href=\"http:\/\/urn.kb.se\/resolve?urn=urn:nbn:se:statensmusikverk-4297\" target=\"_blank\">60 National airs of different nations ...<\/a><\/td>\n<td>Boije&nbsp;268<\/td>\n<\/tr>\n<tr>\n<td>Horetsky, F.<\/td>\n<td><a href=\"http:\/\/urn.kb.se\/resolve?urn=urn:nbn:se:statensmusikverk-4284\" target=\"_blank\">Op. 10. Valses brillantes ...<\/a><\/td>\n<td>Boije&nbsp;255<\/td>\n<\/tr>\n<tr>\n<td>Horetsky, F.<\/td>\n<td><a href=\"http:\/\/urn.kb.se\/resolve?urn=urn:nbn:se:statensmusikverk-4285\" target=\"_blank\">Op. 11. Rondo ...<\/a><\/td>\n<td>Boije&nbsp;256<\/td>\n<\/tr>\n<tr>\n<td>Horetsky, F.<\/td>\n<td><a href=\"http:\/\/urn.kb.se\/resolve?urn=urn:nbn:se:statensmusikverk-4286\" target=\"_blank\">Op. 12. S&eacute;r&eacute;nade ...<\/a><\/td>\n<td>Boije&nbsp;257<\/td>\n<\/tr>\n<tr>\n<td>Horetsky, F.<\/td>\n<td><a href=\"http:\/\/urn.kb.se\/resolve?urn=urn:nbn:se:statensmusikverk-4287\" target=\"_blank\">Op. 14. Grande fantaisie ...<\/a><\/td>\n<td>Boije&nbsp;258<\/td>\n<\/tr>\n<tr>\n<td>Horetsky, F.<\/td>\n<td><a href=\"http:\/\/urn.kb.se\/resolve?urn=urn:nbn:se:statensmusikverk-4288\" target=\"_blank\">Op. 15. Instructive exercises ... Book 1.<\/a><\/td>\n<td>Boije&nbsp;259<\/td>\n<\/tr>\n<tr>\n<td>Horetsky, F.<\/td>\n<td><a href=\"http:\/\/urn.kb.se\/resolve?urn=urn:nbn:se:statensmusikverk-4289\" target=\"_blank\">Op. 15. Instructive exercises ... Book 2.<\/a><\/td>\n<td>Boije&nbsp;260<\/td>\n<\/tr>\n<tr>\n<td>Horetsky, F.<\/td>\n<td><a href=\"http:\/\/urn.kb.se\/resolve?urn=urn:nbn:se:statensmusikverk-5112\" target=\"_blank\">Op. 15. Exercise 3. Se: Notbok, s. 4.<\/a><\/td>\n<td>Boije&nbsp;1057<\/td>\n<\/tr>\n<tr>\n<td>Horetsky, F.<\/td>\n<td><a href=\"http:\/\/urn.kb.se\/resolve?urn=urn:nbn:se:statensmusikverk-4290\" target=\"_blank\">Op. 16. Grandes variations ...<\/a><\/td>\n<td>Boije&nbsp;261<\/td>\n<\/tr>\n<tr>\n<td>Horetsky, F.<\/td>\n<td><a href=\"http:\/\/urn.kb.se\/resolve?urn=urn:nbn:se:statensmusikverk-4291\" target=\"_blank\">Op. 18. Amusemens ...<\/a><\/td>\n<td>Boije&nbsp;262<\/td>\n<\/tr>\n<tr>\n<td>Horetsky, F.<\/td>\n<td><a href=\"http:\/\/urn.kb.se\/resolve?urn=urn:nbn:se:statensmusikverk-5112\" target=\"_blank\">Op. 18. Andantino 3. Se: Notbok, s. 3.<\/a><\/td>\n<td>Boije&nbsp;1057<\/td>\n<\/tr>\n<tr>\n<td>Horetsky, F.<\/td>\n<td><a href=\"http:\/\/urn.kb.se\/resolve?urn=urn:nbn:se:statensmusikverk-4292\" target=\"_blank\">Op. 20. Grand variations ...<\/a><\/td>\n<td>Boije&nbsp;263<\/td>\n<\/tr>\n<tr>\n<td>Horetsky, F.<\/td>\n<td><a href=\"http:\/\/urn.kb.se\/resolve?urn=urn:nbn:se:statensmusikverk-4293\" target=\"_blank\">Op. 21. Preludes, cadences, and modulations in every key ...<\/a><\/td>\n<td>Boije&nbsp;264<\/td>\n<\/tr>\n<tr>\n<td>Horetsky, F.<\/td>\n<td><a href=\"http:\/\/urn.kb.se\/resolve?urn=urn:nbn:se:statensmusikverk-4294\" target=\"_blank\">Op. 23. Twelve divertimentos ...<\/a><\/td>\n<td>Boije&nbsp;265<\/td>\n<\/tr>\n<tr>\n<td>Horetsky, F.<\/td>\n<td><a href=\"http:\/\/urn.kb.se\/resolve?urn=urn:nbn:se:statensmusikverk-5112\" target=\"_blank\">Op. 23. Divertimento no. 3. Se: Notbok, s. 4.<\/a><\/td>\n<td>Boije&nbsp;1057<\/td>\n<\/tr>\n<tr>\n<td>Horetsky, F.<\/td>\n<td><a href=\"http:\/\/urn.kb.se\/resolve?urn=urn:nbn:se:statensmusikverk-4295\" target=\"_blank\">Op. 33. Instructive lessons for the Spanish guitar ...<\/a><\/td>\n<td>Boije&nbsp;266<\/td>\n<\/tr>\n<tr>\n<td>Horetsky, F.<\/td>\n<td><a href=\"http:\/\/urn.kb.se\/resolve?urn=urn:nbn:se:statensmusikverk-4296\" target=\"_blank\">Op. 40. Fantasia ...<\/a><\/td>\n<td>Boije&nbsp;267<\/td>\n<\/tr>\n<tr>\n<td>Hummel, J. N.<\/td>\n<td><a href=\"http:\/\/urn.kb.se\/resolve?urn=urn:nbn:se:statensmusikverk-5017\" target=\"_blank\">Op. 63. \"Thema und Variation\" ... aus: Grande Serenade ...<\/a><\/td>\n<td>Boije&nbsp;965:23<\/td>\n<\/tr>\n<tr>\n<td>Hunyady<\/td>\n<td><a href=\"http:\/\/urn.kb.se\/resolve?urn=urn:nbn:se:statensmusikverk-5033\" target=\"_blank\">Aus dem sch&ouml;ne Schwabel&auml;ndche. I-II. Se: Gitarristische Vereinigung ... XI. Jahrg. Nr 4. 1910<\/a><\/td>\n<td>Boije&nbsp;975<\/td>\n<\/tr>\n<tr>\n<td>Hunyady<\/td>\n<td><a href=\"http:\/\/urn.kb.se\/resolve?urn=urn:nbn:se:statensmusikverk-5033\" target=\"_blank\">S&auml;chsisches Minnelied. Se: Gitarristische Vereinigung ... XI. Jahrg. Nr 4. 1910<\/a><\/td>\n<td>Boije&nbsp;975<\/td>\n<\/tr>\n<tr>\n<td>H&auml;ndel, G. F.<\/td>\n<td><a href=\"http:\/\/urn.kb.se\/resolve?urn=urn:nbn:se:statensmusikverk-4923\" target=\"_blank\">Ber&uuml;hmtes Largo. Fl&ouml;te mit Guitarre.<\/a><\/td>\n<td>Boije&nbsp;893<\/td>\n<\/tr>\n<tr>\n<td>H&auml;ndel, G. F.<\/td>\n<td><a href=\"http:\/\/urn.kb.se\/resolve?urn=urn:nbn:se:statensmusikverk-4924\" target=\"_blank\">Ber&uuml;hmtes Largo. Violine mit Guitarre.<\/a><\/td>\n<td>Boije&nbsp;894<\/td>\n<\/tr>\n<\/tbody>\n<\/table>\n<p>&nbsp;<\/p>\n<\/div><\/div><\/div><\/div><\/div>","protected":false},"excerpt":{"rendered":"<p>Noterna \u00e4r tillg\u00e4ngliga utan kostnad i PDF-format. Verken f\u00e5r publiceras utan s\u00e4rskilt tillst\u00e5nd med angivande av k\u00e4llan (Musik- och teaterbiblioteket &#8211; The Music and Theatre Library of Sweden). Tv\u00e5 exemplar ska i s\u00e5 fall skickas till biblioteket. Fr\u00e5gor eller synpunkter tas g\u00e4rna emot p\u00e5 specialsamlingar@musikverket.se. Till registret f\u00f6r Boijes samling<\/p>\n","protected":false},"author":1,"featured_media":0,"parent":18,"menu_order":0,"comment_status":"open","ping_status":"closed","template":"","meta":{"ngg_post_thumbnail":0,"spay_email":""},"categories":[4,3],"tags":[12,13,25,14],"yoast_head":"<!-- This site is optimized with the Yoast SEO plugin v16.3 - https:\/\/yoast.com\/wordpress\/plugins\/seo\/ -->\n<meta name=\"robots\" content=\"index, follow, max-snippet:-1, max-image-preview:large, max-video-preview:-1\" \/>\n<link rel=\"canonical\" href=\"https:\/\/musikverket-old.test.consids5.se\/musikochteaterbiblioteket\/ladda-ner-noter\/boijes-samling\/boijes-samling-h\/\" \/>\n<meta property=\"og:locale\" content=\"sv_SE\" \/>\n<meta property=\"og:type\" content=\"article\" \/>\n<meta property=\"og:title\" content=\"H - Musik- och teaterbiblioteket\" \/>\n<meta property=\"og:description\" content=\"Noterna \u00e4r tillg\u00e4ngliga utan kostnad i PDF-format. Verken f\u00e5r publiceras utan s\u00e4rskilt tillst\u00e5nd med angivande av k\u00e4llan (Musik- och teaterbiblioteket - The Music and Theatre Library of Sweden). Tv\u00e5 exemplar ska i s\u00e5 fall skickas till biblioteket. Fr\u00e5gor eller synpunkter tas g\u00e4rna emot p\u00e5 specialsamlingar@musikverket.se. Till registret f\u00f6r Boijes samling\" \/>\n<meta property=\"og:url\" content=\"https:\/\/musikverket-old.test.consids5.se\/musikochteaterbiblioteket\/ladda-ner-noter\/boijes-samling\/boijes-samling-h\/\" \/>\n<meta property=\"og:site_name\" content=\"Musik- och teaterbiblioteket\" \/>\n<meta property=\"article:modified_time\" content=\"2022-01-28T10:44:30+00:00\" \/>\n<meta name=\"twitter:label1\" content=\"Ber\u00e4knad l\u00e4stid\">\n\t<meta name=\"twitter:data1\" content=\"2 minuter\">\n<script type=\"application\/ld+json\" class=\"yoast-schema-graph\">{\"@context\":\"https:\/\/schema.org\",\"@graph\":[{\"@type\":\"WebSite\",\"@id\":\"https:\/\/musikverket-old.test.consids5.se\/musikochteaterbiblioteket\/#website\",\"url\":\"https:\/\/musikverket-old.test.consids5.se\/musikochteaterbiblioteket\/\",\"name\":\"Musik- och teaterbiblioteket\",\"description\":\"F\\u00f6rdjupning, kunskap och spelgl\\u00e4dje\",\"potentialAction\":[{\"@type\":\"SearchAction\",\"target\":\"https:\/\/musikverket-old.test.consids5.se\/musikochteaterbiblioteket\/?s={search_term_string}\",\"query-input\":\"required name=search_term_string\"}],\"inLanguage\":\"sv-SE\"},{\"@type\":\"WebPage\",\"@id\":\"https:\/\/musikverket-old.test.consids5.se\/musikochteaterbiblioteket\/ladda-ner-noter\/boijes-samling\/boijes-samling-h\/#webpage\",\"url\":\"https:\/\/musikverket-old.test.consids5.se\/musikochteaterbiblioteket\/ladda-ner-noter\/boijes-samling\/boijes-samling-h\/\",\"name\":\"H - Musik- och teaterbiblioteket\",\"isPartOf\":{\"@id\":\"https:\/\/musikverket-old.test.consids5.se\/musikochteaterbiblioteket\/#website\"},\"datePublished\":\"2012-11-20T14:47:24+00:00\",\"dateModified\":\"2022-01-28T10:44:30+00:00\",\"breadcrumb\":{\"@id\":\"https:\/\/musikverket-old.test.consids5.se\/musikochteaterbiblioteket\/ladda-ner-noter\/boijes-samling\/boijes-samling-h\/#breadcrumb\"},\"inLanguage\":\"sv-SE\",\"potentialAction\":[{\"@type\":\"ReadAction\",\"target\":[\"https:\/\/musikverket-old.test.consids5.se\/musikochteaterbiblioteket\/ladda-ner-noter\/boijes-samling\/boijes-samling-h\/\"]}]},{\"@type\":\"BreadcrumbList\",\"@id\":\"https:\/\/musikverket-old.test.consids5.se\/musikochteaterbiblioteket\/ladda-ner-noter\/boijes-samling\/boijes-samling-h\/#breadcrumb\",\"itemListElement\":[{\"@type\":\"ListItem\",\"position\":1,\"item\":{\"@type\":\"WebPage\",\"@id\":\"https:\/\/musikverket-old.test.consids5.se\/musikochteaterbiblioteket\/\",\"url\":\"https:\/\/musikverket-old.test.consids5.se\/musikochteaterbiblioteket\/\",\"name\":\"Hem\"}},{\"@type\":\"ListItem\",\"position\":2,\"item\":{\"@type\":\"WebPage\",\"@id\":\"https:\/\/musikverket-old.test.consids5.se\/musikochteaterbiblioteket\/ladda-ner-noter\/\",\"url\":\"https:\/\/musikverket-old.test.consids5.se\/musikochteaterbiblioteket\/ladda-ner-noter\/\",\"name\":\"Ladda ner noter\"}},{\"@type\":\"ListItem\",\"position\":3,\"item\":{\"@type\":\"WebPage\",\"@id\":\"https:\/\/musikverket-old.test.consids5.se\/musikochteaterbiblioteket\/ladda-ner-noter\/boijes-samling\/\",\"url\":\"https:\/\/musikverket-old.test.consids5.se\/musikochteaterbiblioteket\/ladda-ner-noter\/boijes-samling\/\",\"name\":\"Boijes samling\"}},{\"@type\":\"ListItem\",\"position\":4,\"item\":{\"@id\":\"https:\/\/musikverket-old.test.consids5.se\/musikochteaterbiblioteket\/ladda-ner-noter\/boijes-samling\/boijes-samling-h\/#webpage\"}}]}]}<\/script>\n<!-- \/ Yoast SEO plugin. -->","jetpack_shortlink":"https:\/\/wp.me\/P2ZwmI-q","jetpack_sharing_enabled":true,"_links":{"self":[{"href":"https:\/\/musikverket-old.test.consids5.se\/musikochteaterbiblioteket\/wp-json\/wp\/v2\/pages\/26"}],"collection":[{"href":"https:\/\/musikverket-old.test.consids5.se\/musikochteaterbiblioteket\/wp-json\/wp\/v2\/pages"}],"about":[{"href":"https:\/\/musikverket-old.test.consids5.se\/musikochteaterbiblioteket\/wp-json\/wp\/v2\/types\/page"}],"author":[{"embeddable":true,"href":"https:\/\/musikverket-old.test.consids5.se\/musikochteaterbiblioteket\/wp-json\/wp\/v2\/users\/1"}],"replies":[{"embeddable":true,"href":"https:\/\/musikverket-old.test.consids5.se\/musikochteaterbiblioteket\/wp-json\/wp\/v2\/comments?post=26"}],"version-history":[{"count":0,"href":"https:\/\/musikverket-old.test.consids5.se\/musikochteaterbiblioteket\/wp-json\/wp\/v2\/pages\/26\/revisions"}],"up":[{"embeddable":true,"href":"https:\/\/musikverket-old.test.consids5.se\/musikochteaterbiblioteket\/wp-json\/wp\/v2\/pages\/18"}],"wp:attachment":[{"href":"https:\/\/musikverket-old.test.consids5.se\/musikochteaterbiblioteket\/wp-json\/wp\/v2\/media?parent=26"}],"wp:term":[{"taxonomy":"category","embeddable":true,"href":"https:\/\/musikverket-old.test.consids5.se\/musikochteaterbiblioteket\/wp-json\/wp\/v2\/categories?post=26"},{"taxonomy":"post_tag","embeddable":true,"href":"https:\/\/musikverket-old.test.consids5.se\/musikochteaterbiblioteket\/wp-json\/wp\/v2\/tags?post=26"}],"curies":[{"name":"wp","href":"https:\/\/api.w.org\/{rel}","templated":true}]}}