{"id":28,"date":"2012-11-20T15:52:10","date_gmt":"2012-11-20T14:52:10","guid":{"rendered":"http:\/\/musikverket.adeprimo.se\/musikochteaterbiblioteket\/?page_id=3734"},"modified":"2022-01-28T11:45:48","modified_gmt":"2022-01-28T10:45:48","slug":"boijes-samling-j","status":"publish","type":"page","link":"https:\/\/musikverket-old.test.consids5.se\/musikochteaterbiblioteket\/ladda-ner-noter\/boijes-samling\/boijes-samling-j\/","title":{"rendered":"J"},"content":{"rendered":"<div id=\"pl-28\"  class=\"panel-layout\" ><div id=\"pg-28-0\"  class=\"panel-grid panel-no-style\" ><div id=\"pgc-28-0-0\"  class=\"panel-grid-cell\" ><div id=\"panel-28-0-0-0\" class=\"so-panel widget widget_headers panel-first-child panel-last-child\" data-index=\"0\" ><div class=\"so-widget-headers so-widget-headers-base\"><h1 id=\"boijes-samling-j\">Boijes samling \u2013 J<\/h1>\n<\/div><\/div><\/div><\/div><div id=\"pg-28-1\"  class=\"panel-grid panel-no-style\" ><div id=\"pgc-28-1-0\"  class=\"panel-grid-cell panel-grid-cell-mobile-last\" ><div id=\"panel-28-1-0-0\" class=\"so-panel widget widget_black-studio-tinymce widget_black_studio_tinymce panel-first-child panel-last-child\" data-index=\"1\" ><div class=\"textwidget\"><p align=\"left\"><em>Noterna \u00e4r tillg\u00e4ngliga utan kostnad i PDF-format. Verken f\u00e5r publiceras utan s\u00e4rskilt tillst\u00e5nd med angivande av k\u00e4llan (Musik- och teaterbiblioteket - The Music and Theatre Library of Sweden). Tv\u00e5 exemplar ska i s\u00e5 fall skickas till biblioteket. Fr\u00e5gor eller synpunkter tas g\u00e4rna emot p\u00e5 <a href=\"mailto:specialsamlingar@musikverket.se\">specialsamlingar@musikverket.se<\/a>.<\/em><\/p>\n<p><a title=\"Boijes samling\" href=\"\/musikochteaterbiblioteket\/ladda-ner-noter\/boijes-samling\/\" target=\"_self\">Till registret f\u00f6r Boijes samling<\/a><\/p>\n<\/div><\/div><\/div><div id=\"pgc-28-1-1\"  class=\"panel-grid-cell panel-grid-cell-empty\" ><\/div><\/div><div id=\"pg-28-2\"  class=\"panel-grid panel-no-style\" ><div id=\"pgc-28-2-0\"  class=\"panel-grid-cell\" ><div id=\"panel-28-2-0-0\" class=\"so-panel widget widget_black-studio-tinymce widget_black_studio_tinymce panel-first-child panel-last-child\" data-index=\"2\" ><div class=\"textwidget\"><table id=\"table_1\" border=\"2\" width=\"720\" cellspacing=\"0\" cellpadding=\"2\">\n<tbody>\n<tr>\n<td>Joly, D.<\/td>\n<td><a href=\"http:\/\/urn.kb.se\/resolve?urn=urn:nbn:se:statensmusikverk-5053\" target=\"_blank\">Etude. Se: Gitarristische Vereinigung ... XV. Jahrg. Nr 1. 1914<\/a><\/td>\n<td>Boije&nbsp;996<\/td>\n<\/tr>\n<tr>\n<td>Joly, D.<\/td>\n<td><a href=\"http:\/\/urn.kb.se\/resolve?urn=urn:nbn:se:statensmusikverk-5052\" target=\"_blank\">L'image de l'amour. Se: Gitarristische Vereinigung ... XIV. Jahrg. Nr 6. 1913<\/a><\/td>\n<td>Boije&nbsp;995<\/td>\n<\/tr>\n<tr>\n<td>Joly, D.<\/td>\n<td><a href=\"http:\/\/urn.kb.se\/resolve?urn=urn:nbn:se:statensmusikverk-5053\" target=\"_blank\">Tyrolienne. Se: Gitarristische Vereinigung ... XV. Jahrg. Nr 1. 1914<\/a><\/td>\n<td>Boije&nbsp;996<\/td>\n<\/tr>\n<tr>\n<td>&nbsp;<\/td>\n<td><a href=\"http:\/\/urn.kb.se\/resolve?urn=urn:nbn:se:statensmusikverk-4979\" target=\"_blank\">JOURNAL f&uuml;r Gesang und Guitarre. No 22. Rossini, ...<\/a><\/td>\n<td>Boije&nbsp;950<\/td>\n<\/tr>\n<\/tbody>\n<\/table>\n<p>&nbsp;<\/p>\n<\/div><\/div><\/div><\/div><\/div>","protected":false},"excerpt":{"rendered":"<p>Noterna \u00e4r tillg\u00e4ngliga utan kostnad i PDF-format. Verken f\u00e5r publiceras utan s\u00e4rskilt tillst\u00e5nd med angivande av k\u00e4llan (Musik- och teaterbiblioteket &#8211; The Music and Theatre Library of Sweden). Tv\u00e5 exemplar ska i s\u00e5 fall skickas till biblioteket. Fr\u00e5gor eller synpunkter tas g\u00e4rna emot p\u00e5 specialsamlingar@musikverket.se. Till registret f\u00f6r Boijes samling<\/p>\n","protected":false},"author":1,"featured_media":0,"parent":18,"menu_order":0,"comment_status":"open","ping_status":"closed","template":"","meta":{"ngg_post_thumbnail":0,"spay_email":""},"categories":[4,3],"tags":[12,13,25,14],"yoast_head":"<!-- This site is optimized with the Yoast SEO plugin v16.3 - https:\/\/yoast.com\/wordpress\/plugins\/seo\/ -->\n<meta name=\"robots\" content=\"index, follow, max-snippet:-1, max-image-preview:large, max-video-preview:-1\" \/>\n<link rel=\"canonical\" href=\"https:\/\/musikverket-old.test.consids5.se\/musikochteaterbiblioteket\/ladda-ner-noter\/boijes-samling\/boijes-samling-j\/\" \/>\n<meta property=\"og:locale\" content=\"sv_SE\" \/>\n<meta property=\"og:type\" content=\"article\" \/>\n<meta property=\"og:title\" content=\"J - Musik- och teaterbiblioteket\" \/>\n<meta property=\"og:description\" content=\"Noterna \u00e4r tillg\u00e4ngliga utan kostnad i PDF-format. Verken f\u00e5r publiceras utan s\u00e4rskilt tillst\u00e5nd med angivande av k\u00e4llan (Musik- och teaterbiblioteket - The Music and Theatre Library of Sweden). Tv\u00e5 exemplar ska i s\u00e5 fall skickas till biblioteket. Fr\u00e5gor eller synpunkter tas g\u00e4rna emot p\u00e5 specialsamlingar@musikverket.se. Till registret f\u00f6r Boijes samling\" \/>\n<meta property=\"og:url\" content=\"https:\/\/musikverket-old.test.consids5.se\/musikochteaterbiblioteket\/ladda-ner-noter\/boijes-samling\/boijes-samling-j\/\" \/>\n<meta property=\"og:site_name\" content=\"Musik- och teaterbiblioteket\" \/>\n<meta property=\"article:modified_time\" content=\"2022-01-28T10:45:48+00:00\" \/>\n<meta name=\"twitter:label1\" content=\"Ber\u00e4knad l\u00e4stid\">\n\t<meta name=\"twitter:data1\" content=\"1 minut\">\n<script type=\"application\/ld+json\" class=\"yoast-schema-graph\">{\"@context\":\"https:\/\/schema.org\",\"@graph\":[{\"@type\":\"WebSite\",\"@id\":\"https:\/\/musikverket-old.test.consids5.se\/musikochteaterbiblioteket\/#website\",\"url\":\"https:\/\/musikverket-old.test.consids5.se\/musikochteaterbiblioteket\/\",\"name\":\"Musik- och teaterbiblioteket\",\"description\":\"F\\u00f6rdjupning, kunskap och spelgl\\u00e4dje\",\"potentialAction\":[{\"@type\":\"SearchAction\",\"target\":\"https:\/\/musikverket-old.test.consids5.se\/musikochteaterbiblioteket\/?s={search_term_string}\",\"query-input\":\"required name=search_term_string\"}],\"inLanguage\":\"sv-SE\"},{\"@type\":\"WebPage\",\"@id\":\"https:\/\/musikverket-old.test.consids5.se\/musikochteaterbiblioteket\/ladda-ner-noter\/boijes-samling\/boijes-samling-j\/#webpage\",\"url\":\"https:\/\/musikverket-old.test.consids5.se\/musikochteaterbiblioteket\/ladda-ner-noter\/boijes-samling\/boijes-samling-j\/\",\"name\":\"J - Musik- och teaterbiblioteket\",\"isPartOf\":{\"@id\":\"https:\/\/musikverket-old.test.consids5.se\/musikochteaterbiblioteket\/#website\"},\"datePublished\":\"2012-11-20T14:52:10+00:00\",\"dateModified\":\"2022-01-28T10:45:48+00:00\",\"breadcrumb\":{\"@id\":\"https:\/\/musikverket-old.test.consids5.se\/musikochteaterbiblioteket\/ladda-ner-noter\/boijes-samling\/boijes-samling-j\/#breadcrumb\"},\"inLanguage\":\"sv-SE\",\"potentialAction\":[{\"@type\":\"ReadAction\",\"target\":[\"https:\/\/musikverket-old.test.consids5.se\/musikochteaterbiblioteket\/ladda-ner-noter\/boijes-samling\/boijes-samling-j\/\"]}]},{\"@type\":\"BreadcrumbList\",\"@id\":\"https:\/\/musikverket-old.test.consids5.se\/musikochteaterbiblioteket\/ladda-ner-noter\/boijes-samling\/boijes-samling-j\/#breadcrumb\",\"itemListElement\":[{\"@type\":\"ListItem\",\"position\":1,\"item\":{\"@type\":\"WebPage\",\"@id\":\"https:\/\/musikverket-old.test.consids5.se\/musikochteaterbiblioteket\/\",\"url\":\"https:\/\/musikverket-old.test.consids5.se\/musikochteaterbiblioteket\/\",\"name\":\"Hem\"}},{\"@type\":\"ListItem\",\"position\":2,\"item\":{\"@type\":\"WebPage\",\"@id\":\"https:\/\/musikverket-old.test.consids5.se\/musikochteaterbiblioteket\/ladda-ner-noter\/\",\"url\":\"https:\/\/musikverket-old.test.consids5.se\/musikochteaterbiblioteket\/ladda-ner-noter\/\",\"name\":\"Ladda ner noter\"}},{\"@type\":\"ListItem\",\"position\":3,\"item\":{\"@type\":\"WebPage\",\"@id\":\"https:\/\/musikverket-old.test.consids5.se\/musikochteaterbiblioteket\/ladda-ner-noter\/boijes-samling\/\",\"url\":\"https:\/\/musikverket-old.test.consids5.se\/musikochteaterbiblioteket\/ladda-ner-noter\/boijes-samling\/\",\"name\":\"Boijes samling\"}},{\"@type\":\"ListItem\",\"position\":4,\"item\":{\"@id\":\"https:\/\/musikverket-old.test.consids5.se\/musikochteaterbiblioteket\/ladda-ner-noter\/boijes-samling\/boijes-samling-j\/#webpage\"}}]}]}<\/script>\n<!-- \/ Yoast SEO plugin. -->","jetpack_shortlink":"https:\/\/wp.me\/P2ZwmI-s","jetpack_sharing_enabled":true,"_links":{"self":[{"href":"https:\/\/musikverket-old.test.consids5.se\/musikochteaterbiblioteket\/wp-json\/wp\/v2\/pages\/28"}],"collection":[{"href":"https:\/\/musikverket-old.test.consids5.se\/musikochteaterbiblioteket\/wp-json\/wp\/v2\/pages"}],"about":[{"href":"https:\/\/musikverket-old.test.consids5.se\/musikochteaterbiblioteket\/wp-json\/wp\/v2\/types\/page"}],"author":[{"embeddable":true,"href":"https:\/\/musikverket-old.test.consids5.se\/musikochteaterbiblioteket\/wp-json\/wp\/v2\/users\/1"}],"replies":[{"embeddable":true,"href":"https:\/\/musikverket-old.test.consids5.se\/musikochteaterbiblioteket\/wp-json\/wp\/v2\/comments?post=28"}],"version-history":[{"count":0,"href":"https:\/\/musikverket-old.test.consids5.se\/musikochteaterbiblioteket\/wp-json\/wp\/v2\/pages\/28\/revisions"}],"up":[{"embeddable":true,"href":"https:\/\/musikverket-old.test.consids5.se\/musikochteaterbiblioteket\/wp-json\/wp\/v2\/pages\/18"}],"wp:attachment":[{"href":"https:\/\/musikverket-old.test.consids5.se\/musikochteaterbiblioteket\/wp-json\/wp\/v2\/media?parent=28"}],"wp:term":[{"taxonomy":"category","embeddable":true,"href":"https:\/\/musikverket-old.test.consids5.se\/musikochteaterbiblioteket\/wp-json\/wp\/v2\/categories?post=28"},{"taxonomy":"post_tag","embeddable":true,"href":"https:\/\/musikverket-old.test.consids5.se\/musikochteaterbiblioteket\/wp-json\/wp\/v2\/tags?post=28"}],"curies":[{"name":"wp","href":"https:\/\/api.w.org\/{rel}","templated":true}]}}