{"id":29,"date":"2012-11-20T15:55:38","date_gmt":"2012-11-20T14:55:38","guid":{"rendered":"http:\/\/musikverket.adeprimo.se\/musikochteaterbiblioteket\/?page_id=3739"},"modified":"2022-01-28T11:46:22","modified_gmt":"2022-01-28T10:46:22","slug":"boijes-samling-k","status":"publish","type":"page","link":"https:\/\/musikverket-old.test.consids5.se\/musikochteaterbiblioteket\/ladda-ner-noter\/boijes-samling\/boijes-samling-k\/","title":{"rendered":"K"},"content":{"rendered":"<div id=\"pl-29\"  class=\"panel-layout\" ><div id=\"pg-29-0\"  class=\"panel-grid panel-no-style\" ><div id=\"pgc-29-0-0\"  class=\"panel-grid-cell\" ><div id=\"panel-29-0-0-0\" class=\"so-panel widget widget_headers panel-first-child panel-last-child\" data-index=\"0\" ><div class=\"so-widget-headers so-widget-headers-base\"><h1 id=\"boijes-samling-k\">Boijes samling \u2013 K<\/h1>\n<\/div><\/div><\/div><\/div><div id=\"pg-29-1\"  class=\"panel-grid panel-no-style\" ><div id=\"pgc-29-1-0\"  class=\"panel-grid-cell panel-grid-cell-mobile-last\" ><div id=\"panel-29-1-0-0\" class=\"so-panel widget widget_black-studio-tinymce widget_black_studio_tinymce panel-first-child panel-last-child\" data-index=\"1\" ><div class=\"textwidget\"><p align=\"left\"><em>Noterna \u00e4r tillg\u00e4ngliga utan kostnad i PDF-format. Verken f\u00e5r publiceras utan s\u00e4rskilt tillst\u00e5nd med angivande av k\u00e4llan (Musik- och teaterbiblioteket - The Music and Theatre Library of Sweden). Tv\u00e5 exemplar ska i s\u00e5 fall skickas till biblioteket. Fr\u00e5gor eller synpunkter tas g\u00e4rna emot p\u00e5 <a href=\"mailto:specialsamlingar@musikverket.se\">specialsamlingar@musikverket.se<\/a>.<\/em><\/p>\n<p><a title=\"Boijes samling\" href=\"\/musikochteaterbiblioteket\/ladda-ner-noter\/boijes-samling\/\" target=\"_self\">Till registret f\u00f6r Boijes samling<\/a><\/p>\n<\/div><\/div><\/div><div id=\"pgc-29-1-1\"  class=\"panel-grid-cell panel-grid-cell-empty\" ><\/div><\/div><div id=\"pg-29-2\"  class=\"panel-grid panel-no-style\" ><div id=\"pgc-29-2-0\"  class=\"panel-grid-cell\" ><div id=\"panel-29-2-0-0\" class=\"so-panel widget widget_black-studio-tinymce widget_black_studio_tinymce panel-first-child panel-last-child\" data-index=\"2\" ><div class=\"textwidget\"><table id=\"table_1\" border=\"2\" width=\"1002\" cellspacing=\"0\" cellpadding=\"2\">\n<tbody>\n<tr>\n<td>K&aacute;rp&aacute;ti, E.<\/td>\n<td><a href=\"http:\/\/urn.kb.se\/resolve?urn=urn:nbn:se:statensmusikverk-5059\" target=\"_blank\">Ungarisches Lied. (Sohsem tudtam mi a banat...) Se: Gitarristische Vereinigung ... XVI. Jahrg. Nr 2. 1915<\/a><\/td>\n<td>Boije 1002<\/td>\n<\/tr>\n<tr>\n<td>Kliewer, F.<\/td>\n<td><a href=\"http:\/\/urn.kb.se\/resolve?urn=urn:nbn:se:statensmusikverk-5008\" target=\"_blank\">Zwei arabische Volkslieder. No. 2. Tarabil, tarabil ja Moh&aacute;med. No. 3. Schailuni harir fi harir.<\/a><\/td>\n<td>Boije&nbsp;965:14<\/td>\n<\/tr>\n<tr>\n<td>Kliewer, F.<\/td>\n<td><a href=\"http:\/\/urn.kb.se\/resolve?urn=urn:nbn:se:statensmusikverk-5008\" target=\"_blank\">No 1. Erinnerung an Kairo ...<\/a><\/td>\n<td>Boije&nbsp;965:14<\/td>\n<\/tr>\n<tr>\n<td>Kliewer, F.<\/td>\n<td><a href=\"http:\/\/urn.kb.se\/resolve?urn=urn:nbn:se:statensmusikverk-5008\" target=\"_blank\">Zwei maltesische Volkslieder. No. 4. O, Malta bella. No. 5. Malta bella fior dil mondo.<\/a><\/td>\n<td>Boije&nbsp;965:14<\/td>\n<\/tr>\n<tr>\n<td>Klinger, J.<\/td>\n<td><a href=\"http:\/\/urn.kb.se\/resolve?urn=urn:nbn:se:statensmusikverk-5077\" target=\"_blank\">Mazurka. Se: Freie Vereinigung ... [1. Jahrg.] Nr 7. 1905<\/a><\/td>\n<td>Boije&nbsp;1020<\/td>\n<\/tr>\n<tr>\n<td>Klinger, J.<\/td>\n<td><a href=\"http:\/\/urn.kb.se\/resolve?urn=urn:nbn:se:statensmusikverk-5073\" target=\"_blank\">Russische Weisen No 1. : Freie Vereinigung ... [1. Jahrg.] Nr 3. 1904<\/a><\/td>\n<td>Boije&nbsp;1016<\/td>\n<\/tr>\n<tr>\n<td>Klinger, J.<\/td>\n<td><a href=\"http:\/\/urn.kb.se\/resolve?urn=urn:nbn:se:statensmusikverk-4756\" target=\"_blank\">\"Winterlied\" von Mendelssohn ...<\/a><\/td>\n<td>Boije&nbsp;726<\/td>\n<\/tr>\n<tr>\n<td>Klinger, J.<\/td>\n<td><a href=\"http:\/\/urn.kb.se\/resolve?urn=urn:nbn:se:statensmusikverk-4737\" target=\"_blank\">Op. 1. Le R&ecirc;ve. Nocturne ...<\/a><\/td>\n<td>Boije&nbsp;707<\/td>\n<\/tr>\n<tr>\n<td>Klinger, J.<\/td>\n<td><a href=\"http:\/\/urn.kb.se\/resolve?urn=urn:nbn:se:statensmusikverk-4738\" target=\"_blank\">Op. 2. Fantasia ...<\/a><\/td>\n<td>Boije&nbsp;708<\/td>\n<\/tr>\n<tr>\n<td>Klinger, J.<\/td>\n<td><a href=\"http:\/\/urn.kb.se\/resolve?urn=urn:nbn:se:statensmusikverk-4739\" target=\"_blank\">Op. 3 R&eacute;proche et justification ...<\/a><\/td>\n<td>Boije&nbsp;709<\/td>\n<\/tr>\n<tr>\n<td>Klinger, J.<\/td>\n<td><a href=\"http:\/\/urn.kb.se\/resolve?urn=urn:nbn:se:statensmusikverk-4740\" target=\"_blank\">Op. 4. Mamma, lilla dufva ...<\/a><\/td>\n<td>Boije&nbsp;710<\/td>\n<\/tr>\n<tr>\n<td>Klinger, J.<\/td>\n<td><a href=\"http:\/\/urn.kb.se\/resolve?urn=urn:nbn:se:statensmusikverk-4741\" target=\"_blank\">Op. 5. Vredens lugnande ...<\/a><\/td>\n<td>Boije&nbsp;711<\/td>\n<\/tr>\n<tr>\n<td>Klinger, J.<\/td>\n<td><a href=\"http:\/\/urn.kb.se\/resolve?urn=urn:nbn:se:statensmusikverk-4742\" target=\"_blank\">Op. 6. Fantasia. (Koketten ...)<\/a><\/td>\n<td>Boije&nbsp;712<\/td>\n<\/tr>\n<tr>\n<td>Klinger, J.<\/td>\n<td><a href=\"http:\/\/urn.kb.se\/resolve?urn=urn:nbn:se:statensmusikverk-4743\" target=\"_blank\">Op. 7. S&eacute;r&eacute;nade. Det finns mycket i v&auml;rlden ...<\/a><\/td>\n<td>Boije&nbsp;713<\/td>\n<\/tr>\n<tr>\n<td>Klinger, J.<\/td>\n<td><a href=\"http:\/\/urn.kb.se\/resolve?urn=urn:nbn:se:statensmusikverk-4744\" target=\"_blank\">Op. 8. Caprice sur Le Carneval de Venise.<\/a><\/td>\n<td>Boije&nbsp;714<\/td>\n<\/tr>\n<tr>\n<td>Klinger, J.<\/td>\n<td><a href=\"http:\/\/urn.kb.se\/resolve?urn=urn:nbn:se:statensmusikverk-4745\" target=\"_blank\">Op. 9. Hvarf&ouml;r &auml;r du s&aring; eftert&auml;nksam ...<\/a><\/td>\n<td>Boije&nbsp;715<\/td>\n<\/tr>\n<tr>\n<td>Klinger, J.<\/td>\n<td><a href=\"http:\/\/urn.kb.se\/resolve?urn=urn:nbn:se:statensmusikverk-4746\" target=\"_blank\">Op. 10. K&auml;rlekss&aring;ng i gammal ...<\/a><\/td>\n<td>Boije&nbsp;716<\/td>\n<\/tr>\n<tr>\n<td>Klinger, J.<\/td>\n<td><a href=\"http:\/\/urn.kb.se\/resolve?urn=urn:nbn:se:statensmusikverk-4747\" target=\"_blank\">Op. 11. Morceau de salon ...<\/a><\/td>\n<td>Boije&nbsp;717<\/td>\n<\/tr>\n<tr>\n<td>Klinger, J.<\/td>\n<td><a href=\"http:\/\/urn.kb.se\/resolve?urn=urn:nbn:se:statensmusikverk-4748\" target=\"_blank\">Op. 12. Hvit sn&ouml; och jag g&aring;r ...<\/a><\/td>\n<td>Boije&nbsp;718<\/td>\n<\/tr>\n<tr>\n<td>Klinger, J.<\/td>\n<td><a href=\"http:\/\/urn.kb.se\/resolve?urn=urn:nbn:se:statensmusikverk-4749\" target=\"_blank\">Op. 13. Minne af Wieniavski ...<\/a><\/td>\n<td>Boije&nbsp;719<\/td>\n<\/tr>\n<tr>\n<td>Klinger, J.<\/td>\n<td><a href=\"http:\/\/urn.kb.se\/resolve?urn=urn:nbn:se:statensmusikverk-4750\" target=\"_blank\">Op. 15. Fantasie &ouml;fver 4 motiv ...<\/a><\/td>\n<td>Boije&nbsp;720<\/td>\n<\/tr>\n<tr>\n<td>Klinger, J.<\/td>\n<td><a href=\"http:\/\/urn.kb.se\/resolve?urn=urn:nbn:se:statensmusikverk-4751\" target=\"_blank\">Op. 16. Den f&ouml;r&auml;ldral&ouml;ses s&aring;ng ...<\/a><\/td>\n<td>Boije&nbsp;721<\/td>\n<\/tr>\n<tr>\n<td>Klinger, J.<\/td>\n<td><a href=\"http:\/\/urn.kb.se\/resolve?urn=urn:nbn:se:statensmusikverk-4752\" target=\"_blank\">Op. 17. Fantasi &ouml;fver... Du &auml;r f&ouml;r...<\/a><\/td>\n<td>Boije&nbsp;722<\/td>\n<\/tr>\n<tr>\n<td>Klinger, J.<\/td>\n<td><a href=\"http:\/\/urn.kb.se\/resolve?urn=urn:nbn:se:statensmusikverk-4753\" target=\"_blank\">Op. 18. Fantasi &ouml;fver... En kvist...<\/a><\/td>\n<td>Boije&nbsp;723<\/td>\n<\/tr>\n<tr>\n<td>Klinger, J.<\/td>\n<td><a href=\"http:\/\/urn.kb.se\/resolve?urn=urn:nbn:se:statensmusikverk-4754\" target=\"_blank\">Op. 19. Serenata ...<\/a><\/td>\n<td>Boije&nbsp;724<\/td>\n<\/tr>\n<tr>\n<td>Klinger, J.<\/td>\n<td><a href=\"http:\/\/urn.kb.se\/resolve?urn=urn:nbn:se:statensmusikverk-4755\" target=\"_blank\">Op. 21. Tidsf&ouml;rdriv ...<\/a><\/td>\n<td>Boije&nbsp;725<\/td>\n<\/tr>\n<tr>\n<td>Knab, A.<\/td>\n<td><a href=\"http:\/\/urn.kb.se\/resolve?urn=urn:nbn:se:statensmusikverk-5007\" target=\"_blank\">Abendlied.<\/a><\/td>\n<td>Boije&nbsp;965:13<\/td>\n<\/tr>\n<tr>\n<td>Knab, A.<\/td>\n<td><a href=\"http:\/\/urn.kb.se\/resolve?urn=urn:nbn:se:statensmusikverk-5011\" target=\"_blank\">Abschiedszeichen.<\/a><\/td>\n<td>Boije&nbsp;965:17<\/td>\n<\/tr>\n<tr>\n<td>Knab, A.<\/td>\n<td><a href=\"http:\/\/urn.kb.se\/resolve?urn=urn:nbn:se:statensmusikverk-5011\" target=\"_blank\">Aria zu einer Nachtmusik vor der Brautkammer.<\/a><\/td>\n<td>Boije&nbsp;965:17<\/td>\n<\/tr>\n<tr>\n<td>Knab, A.<\/td>\n<td><a href=\"http:\/\/urn.kb.se\/resolve?urn=urn:nbn:se:statensmusikverk-5034\" target=\"_blank\">Heimweh. Se: Gitarristische Vereinigung ... XI. Jahrg. Nr 5. 1910<\/a><\/td>\n<td>Boije&nbsp;976<\/td>\n<\/tr>\n<tr>\n<td>Knab, A.<\/td>\n<td><a href=\"http:\/\/urn.kb.se\/resolve?urn=urn:nbn:se:statensmusikverk-5011\" target=\"_blank\">Im Atelier.<\/a><\/td>\n<td>Boije&nbsp;965:17<\/td>\n<\/tr>\n<tr>\n<td>Knab, A.<\/td>\n<td><a href=\"http:\/\/urn.kb.se\/resolve?urn=urn:nbn:se:statensmusikverk-5053\" target=\"_blank\">Zwei Kinderlieder aus des Knaben Wunderhorn. Se: Gitarristische Vereinigung ... XV. Jahrg. Nr 1. 1914<\/a><\/td>\n<td>Boije&nbsp;996<\/td>\n<\/tr>\n<tr>\n<td>Knab, A.<\/td>\n<td><a href=\"http:\/\/urn.kb.se\/resolve?urn=urn:nbn:se:statensmusikverk-5034\" target=\"_blank\">Die Kleine. Se: Gitarristische Vereinigung ... XI. Jahrg. Nr 5. 1910<\/a><\/td>\n<td>Boije&nbsp;976<\/td>\n<\/tr>\n<tr>\n<td>Knab, A.<\/td>\n<td><a href=\"http:\/\/urn.kb.se\/resolve?urn=urn:nbn:se:statensmusikverk-5034\" target=\"_blank\">Liebe in der Fremde. Se: Gitarristische Vereinigung ... XI. Jahrg. Nr 5. 1910<\/a><\/td>\n<td>Boije&nbsp;976<\/td>\n<\/tr>\n<tr>\n<td>Knab, A.<\/td>\n<td><a href=\"http:\/\/urn.kb.se\/resolve?urn=urn:nbn:se:statensmusikverk-5034\" target=\"_blank\">Die Nacht. Se: Gitarristische Vereinigung ... XI. Jahrg. Nr 5. 1910<\/a><\/td>\n<td>Boije&nbsp;976<\/td>\n<\/tr>\n<tr>\n<td>Knab, A.<\/td>\n<td><a href=\"http:\/\/urn.kb.se\/resolve?urn=urn:nbn:se:statensmusikverk-5011\" target=\"_blank\">So ich traurig bin.<\/a><\/td>\n<td>Boije&nbsp;965:17<\/td>\n<\/tr>\n<tr>\n<td>Knab, A.<\/td>\n<td><a href=\"http:\/\/urn.kb.se\/resolve?urn=urn:nbn:se:statensmusikverk-5034\" target=\"_blank\">Der Soldat. Se: Gitarristische Vereinigung ... XI. Jahrg. Nr 5. 1910<\/a><\/td>\n<td>Boije&nbsp;976<\/td>\n<\/tr>\n<tr>\n<td>Knjze, F.M.<\/td>\n<td><a href=\"http:\/\/urn.kb.se\/resolve?urn=urn:nbn:se:statensmusikverk-4299\" target=\"_blank\">Op. 3. La Chasse en Rondeau ...<\/a><\/td>\n<td>Boije&nbsp;270<\/td>\n<\/tr>\n<tr>\n<td>Knjze, F.M.<\/td>\n<td><a href=\"http:\/\/urn.kb.se\/resolve?urn=urn:nbn:se:statensmusikverk-4300\" target=\"_blank\">Op. 4. Six Variations ...<\/a><\/td>\n<td>Boije&nbsp;271<\/td>\n<\/tr>\n<tr>\n<td>Knjze, F.M.<\/td>\n<td><a href=\"http:\/\/urn.kb.se\/resolve?urn=urn:nbn:se:statensmusikverk-4301\" target=\"_blank\">Op. 5. Pieces faciles et agreables ...<\/a><\/td>\n<td>Boije&nbsp;272<\/td>\n<\/tr>\n<tr>\n<td>Knjze, F.M.<\/td>\n<td><a href=\"http:\/\/urn.kb.se\/resolve?urn=urn:nbn:se:statensmusikverk-4310\" target=\"_blank\">Op. 5. Divertissements ...<\/a><\/td>\n<td>Boije&nbsp;281<\/td>\n<\/tr>\n<tr>\n<td>Knjze, F.M.<\/td>\n<td><a href=\"http:\/\/urn.kb.se\/resolve?urn=urn:nbn:se:statensmusikverk-4302\" target=\"_blank\">Op. 6. 12 Laendler ...<\/a><\/td>\n<td>Boije&nbsp;273<\/td>\n<\/tr>\n<tr>\n<td>Knjze, F.M.<\/td>\n<td><a href=\"http:\/\/urn.kb.se\/resolve?urn=urn:nbn:se:statensmusikverk-4303\" target=\"_blank\">Op. 7. Grandes Variations ...<\/a><\/td>\n<td>Boije&nbsp;274<\/td>\n<\/tr>\n<tr>\n<td>Knjze, F.M.<\/td>\n<td><a href=\"http:\/\/urn.kb.se\/resolve?urn=urn:nbn:se:statensmusikverk-4304\" target=\"_blank\">Op. 8. Divertimenti ...<\/a><\/td>\n<td>Boije&nbsp;275<\/td>\n<\/tr>\n<tr>\n<td>Knjze, F.M.<\/td>\n<td><a href=\"http:\/\/urn.kb.se\/resolve?urn=urn:nbn:se:statensmusikverk-4305\" target=\"_blank\">Op. 11. 6 Fortschreitende Lectionen ...<\/a><\/td>\n<td>Boije&nbsp;276<\/td>\n<\/tr>\n<tr>\n<td>Knjze, F.M.<\/td>\n<td><a href=\"http:\/\/urn.kb.se\/resolve?urn=urn:nbn:se:statensmusikverk-4306\" target=\"_blank\">Op. 15. Pieces progresives ...<\/a><\/td>\n<td>Boije&nbsp;277<\/td>\n<\/tr>\n<tr>\n<td>Knjze, F.M.<\/td>\n<td><a href=\"http:\/\/urn.kb.se\/resolve?urn=urn:nbn:se:statensmusikverk-4307\" target=\"_blank\">Op. 16. Ober-Oesterreicher ...<\/a><\/td>\n<td>Boije&nbsp;278<\/td>\n<\/tr>\n<tr>\n<td>Knjze, F.M.<\/td>\n<td><a href=\"http:\/\/urn.kb.se\/resolve?urn=urn:nbn:se:statensmusikverk-4308\" target=\"_blank\">Op. 19. 12 Monferrine ...<\/a><\/td>\n<td>Boije&nbsp;279<\/td>\n<\/tr>\n<tr>\n<td>Knjze, F.M.<\/td>\n<td><a href=\"http:\/\/urn.kb.se\/resolve?urn=urn:nbn:se:statensmusikverk-4309\" target=\"_blank\">Op. 20. Six Variations ...<\/a><\/td>\n<td>Boije&nbsp;280<\/td>\n<\/tr>\n<tr>\n<td>Kolosoiw, W.<\/td>\n<td><a href=\"http:\/\/urn.kb.se\/resolve?urn=urn:nbn:se:statensmusikverk-4757\" target=\"_blank\">Mandolinata ...<\/a><\/td>\n<td>Boije&nbsp;727<\/td>\n<\/tr>\n<tr>\n<td>Kragelund, L.C.<\/td>\n<td><a href=\"http:\/\/urn.kb.se\/resolve?urn=urn:nbn:se:statensmusikverk-4758\" target=\"_blank\">Etuder og Soloer ...<\/a><\/td>\n<td>Boije&nbsp;728<\/td>\n<\/tr>\n<tr>\n<td>Kremberg, J.<\/td>\n<td><a href=\"http:\/\/urn.kb.se\/resolve?urn=urn:nbn:se:statensmusikverk-5067\" target=\"_blank\">Gr&uuml;net die Hoffnung. Se: Gitarristische Vereinigung ... XVII. Jahrg. Nr 5. 1916<\/a><\/td>\n<td>Boije&nbsp;1010<\/td>\n<\/tr>\n<tr>\n<td>Kreutzer, J.<\/td>\n<td><a href=\"http:\/\/urn.kb.se\/resolve?urn=urn:nbn:se:statensmusikverk-4606\" target=\"_blank\">Op. 23. Trois rondeaux ...<\/a><\/td>\n<td>Boije&nbsp;577<\/td>\n<\/tr>\n<tr>\n<td>Kreutzer, K.<\/td>\n<td><a href=\"http:\/\/urn.kb.se\/resolve?urn=urn:nbn:se:statensmusikverk-4835\" target=\"_blank\">Se: Scherrer, H. Zwei Ch&ouml;re ...<\/a><\/td>\n<td>Boije&nbsp;804<\/td>\n<\/tr>\n<tr>\n<td>Krick, Geo C.<\/td>\n<td><a href=\"http:\/\/urn.kb.se\/resolve?urn=urn:nbn:se:statensmusikverk-5107\" target=\"_blank\">Der Wechselschlag. Se: Freie Vereinigung ... 5. Jahrg. Nr 6. 1908<\/a><\/td>\n<td>Boije&nbsp;1051<\/td>\n<\/tr>\n<tr>\n<td>Krieger, A.<\/td>\n<td><a href=\"http:\/\/urn.kb.se\/resolve?urn=urn:nbn:se:statensmusikverk-5058\" target=\"_blank\">\"Der Augen Schein, Sein Schertz und Pein\". Se: Gitarristische Vereinigung ... XVI. Jahrg. Nr 1. 1915<\/a><\/td>\n<td>Boije&nbsp;1001<\/td>\n<\/tr>\n<tr>\n<td>Krieger, A.<\/td>\n<td><a href=\"http:\/\/urn.kb.se\/resolve?urn=urn:nbn:se:statensmusikverk-5058\" target=\"_blank\">Der Rheinsche Wein tanzt gar zu fein. Se: Gitarristische Vereinigung ... XVI. Jahrg. Nr 1. 1915<\/a><\/td>\n<td>Boije&nbsp;1001<\/td>\n<\/tr>\n<tr>\n<td>K&uuml;ffner<\/td>\n<td><a href=\"http:\/\/urn.kb.se\/resolve?urn=urn:nbn:se:statensmusikverk-4996\" target=\"_blank\">\"Air vari&eacute;\".<\/a><\/td>\n<td>Boije&nbsp;965:2<\/td>\n<\/tr>\n<tr>\n<td>K&ouml;hler, R.<\/td>\n<td><a href=\"http:\/\/urn.kb.se\/resolve?urn=urn:nbn:se:statensmusikverk-4605\" target=\"_blank\">Six variations brillantes sur le th&egrave;me favori \"Denkst du dran mein etc.\"<\/a><\/td>\n<td>Boije&nbsp;576<\/td>\n<\/tr>\n<tr>\n<td>K&ouml;rner, Th.<\/td>\n<td><a href=\"http:\/\/urn.kb.se\/resolve?urn=urn:nbn:se:statensmusikverk-4998\" target=\"_blank\">Drei Lieder. ... Heft 1.<\/a><\/td>\n<td>Boije&nbsp;965:4<\/td>\n<\/tr>\n<\/tbody>\n<\/table>\n<p>&nbsp;<\/p>\n<\/div><\/div><\/div><\/div><\/div>","protected":false},"excerpt":{"rendered":"<p>Noterna \u00e4r tillg\u00e4ngliga utan kostnad i PDF-format. Verken f\u00e5r publiceras utan s\u00e4rskilt tillst\u00e5nd med angivande av k\u00e4llan (Musik- och teaterbiblioteket &#8211; The Music and Theatre Library of Sweden). Tv\u00e5 exemplar ska i s\u00e5 fall skickas till biblioteket. Fr\u00e5gor eller synpunkter tas g\u00e4rna emot p\u00e5 specialsamlingar@musikverket.se. Till registret f\u00f6r Boijes samling<\/p>\n","protected":false},"author":1,"featured_media":0,"parent":18,"menu_order":0,"comment_status":"open","ping_status":"closed","template":"","meta":{"ngg_post_thumbnail":0,"spay_email":""},"categories":[4,3],"tags":[12,13,25,14],"yoast_head":"<!-- This site is optimized with the Yoast SEO plugin v16.3 - https:\/\/yoast.com\/wordpress\/plugins\/seo\/ -->\n<meta name=\"robots\" content=\"index, follow, max-snippet:-1, max-image-preview:large, max-video-preview:-1\" \/>\n<link rel=\"canonical\" href=\"https:\/\/musikverket-old.test.consids5.se\/musikochteaterbiblioteket\/ladda-ner-noter\/boijes-samling\/boijes-samling-k\/\" \/>\n<meta property=\"og:locale\" content=\"sv_SE\" \/>\n<meta property=\"og:type\" content=\"article\" \/>\n<meta property=\"og:title\" content=\"K - Musik- och teaterbiblioteket\" \/>\n<meta property=\"og:description\" content=\"Noterna \u00e4r tillg\u00e4ngliga utan kostnad i PDF-format. Verken f\u00e5r publiceras utan s\u00e4rskilt tillst\u00e5nd med angivande av k\u00e4llan (Musik- och teaterbiblioteket - The Music and Theatre Library of Sweden). Tv\u00e5 exemplar ska i s\u00e5 fall skickas till biblioteket. Fr\u00e5gor eller synpunkter tas g\u00e4rna emot p\u00e5 specialsamlingar@musikverket.se. Till registret f\u00f6r Boijes samling\" \/>\n<meta property=\"og:url\" content=\"https:\/\/musikverket-old.test.consids5.se\/musikochteaterbiblioteket\/ladda-ner-noter\/boijes-samling\/boijes-samling-k\/\" \/>\n<meta property=\"og:site_name\" content=\"Musik- och teaterbiblioteket\" \/>\n<meta property=\"article:modified_time\" content=\"2022-01-28T10:46:22+00:00\" \/>\n<meta name=\"twitter:label1\" content=\"Ber\u00e4knad l\u00e4stid\">\n\t<meta name=\"twitter:data1\" content=\"3 minuter\">\n<script type=\"application\/ld+json\" class=\"yoast-schema-graph\">{\"@context\":\"https:\/\/schema.org\",\"@graph\":[{\"@type\":\"WebSite\",\"@id\":\"https:\/\/musikverket-old.test.consids5.se\/musikochteaterbiblioteket\/#website\",\"url\":\"https:\/\/musikverket-old.test.consids5.se\/musikochteaterbiblioteket\/\",\"name\":\"Musik- och teaterbiblioteket\",\"description\":\"F\\u00f6rdjupning, kunskap och spelgl\\u00e4dje\",\"potentialAction\":[{\"@type\":\"SearchAction\",\"target\":\"https:\/\/musikverket-old.test.consids5.se\/musikochteaterbiblioteket\/?s={search_term_string}\",\"query-input\":\"required name=search_term_string\"}],\"inLanguage\":\"sv-SE\"},{\"@type\":\"WebPage\",\"@id\":\"https:\/\/musikverket-old.test.consids5.se\/musikochteaterbiblioteket\/ladda-ner-noter\/boijes-samling\/boijes-samling-k\/#webpage\",\"url\":\"https:\/\/musikverket-old.test.consids5.se\/musikochteaterbiblioteket\/ladda-ner-noter\/boijes-samling\/boijes-samling-k\/\",\"name\":\"K - Musik- och teaterbiblioteket\",\"isPartOf\":{\"@id\":\"https:\/\/musikverket-old.test.consids5.se\/musikochteaterbiblioteket\/#website\"},\"datePublished\":\"2012-11-20T14:55:38+00:00\",\"dateModified\":\"2022-01-28T10:46:22+00:00\",\"breadcrumb\":{\"@id\":\"https:\/\/musikverket-old.test.consids5.se\/musikochteaterbiblioteket\/ladda-ner-noter\/boijes-samling\/boijes-samling-k\/#breadcrumb\"},\"inLanguage\":\"sv-SE\",\"potentialAction\":[{\"@type\":\"ReadAction\",\"target\":[\"https:\/\/musikverket-old.test.consids5.se\/musikochteaterbiblioteket\/ladda-ner-noter\/boijes-samling\/boijes-samling-k\/\"]}]},{\"@type\":\"BreadcrumbList\",\"@id\":\"https:\/\/musikverket-old.test.consids5.se\/musikochteaterbiblioteket\/ladda-ner-noter\/boijes-samling\/boijes-samling-k\/#breadcrumb\",\"itemListElement\":[{\"@type\":\"ListItem\",\"position\":1,\"item\":{\"@type\":\"WebPage\",\"@id\":\"https:\/\/musikverket-old.test.consids5.se\/musikochteaterbiblioteket\/\",\"url\":\"https:\/\/musikverket-old.test.consids5.se\/musikochteaterbiblioteket\/\",\"name\":\"Hem\"}},{\"@type\":\"ListItem\",\"position\":2,\"item\":{\"@type\":\"WebPage\",\"@id\":\"https:\/\/musikverket-old.test.consids5.se\/musikochteaterbiblioteket\/ladda-ner-noter\/\",\"url\":\"https:\/\/musikverket-old.test.consids5.se\/musikochteaterbiblioteket\/ladda-ner-noter\/\",\"name\":\"Ladda ner noter\"}},{\"@type\":\"ListItem\",\"position\":3,\"item\":{\"@type\":\"WebPage\",\"@id\":\"https:\/\/musikverket-old.test.consids5.se\/musikochteaterbiblioteket\/ladda-ner-noter\/boijes-samling\/\",\"url\":\"https:\/\/musikverket-old.test.consids5.se\/musikochteaterbiblioteket\/ladda-ner-noter\/boijes-samling\/\",\"name\":\"Boijes samling\"}},{\"@type\":\"ListItem\",\"position\":4,\"item\":{\"@id\":\"https:\/\/musikverket-old.test.consids5.se\/musikochteaterbiblioteket\/ladda-ner-noter\/boijes-samling\/boijes-samling-k\/#webpage\"}}]}]}<\/script>\n<!-- \/ Yoast SEO plugin. -->","jetpack_shortlink":"https:\/\/wp.me\/P2ZwmI-t","jetpack_sharing_enabled":true,"_links":{"self":[{"href":"https:\/\/musikverket-old.test.consids5.se\/musikochteaterbiblioteket\/wp-json\/wp\/v2\/pages\/29"}],"collection":[{"href":"https:\/\/musikverket-old.test.consids5.se\/musikochteaterbiblioteket\/wp-json\/wp\/v2\/pages"}],"about":[{"href":"https:\/\/musikverket-old.test.consids5.se\/musikochteaterbiblioteket\/wp-json\/wp\/v2\/types\/page"}],"author":[{"embeddable":true,"href":"https:\/\/musikverket-old.test.consids5.se\/musikochteaterbiblioteket\/wp-json\/wp\/v2\/users\/1"}],"replies":[{"embeddable":true,"href":"https:\/\/musikverket-old.test.consids5.se\/musikochteaterbiblioteket\/wp-json\/wp\/v2\/comments?post=29"}],"version-history":[{"count":0,"href":"https:\/\/musikverket-old.test.consids5.se\/musikochteaterbiblioteket\/wp-json\/wp\/v2\/pages\/29\/revisions"}],"up":[{"embeddable":true,"href":"https:\/\/musikverket-old.test.consids5.se\/musikochteaterbiblioteket\/wp-json\/wp\/v2\/pages\/18"}],"wp:attachment":[{"href":"https:\/\/musikverket-old.test.consids5.se\/musikochteaterbiblioteket\/wp-json\/wp\/v2\/media?parent=29"}],"wp:term":[{"taxonomy":"category","embeddable":true,"href":"https:\/\/musikverket-old.test.consids5.se\/musikochteaterbiblioteket\/wp-json\/wp\/v2\/categories?post=29"},{"taxonomy":"post_tag","embeddable":true,"href":"https:\/\/musikverket-old.test.consids5.se\/musikochteaterbiblioteket\/wp-json\/wp\/v2\/tags?post=29"}],"curies":[{"name":"wp","href":"https:\/\/api.w.org\/{rel}","templated":true}]}}