{"id":34,"date":"2012-11-20T16:11:47","date_gmt":"2012-11-20T15:11:47","guid":{"rendered":"http:\/\/musikverket.adeprimo.se\/musikochteaterbiblioteket\/?page_id=3771"},"modified":"2022-01-28T11:49:30","modified_gmt":"2022-01-28T10:49:30","slug":"boijes-samling-p","status":"publish","type":"page","link":"https:\/\/musikverket-old.test.consids5.se\/musikochteaterbiblioteket\/ladda-ner-noter\/boijes-samling\/boijes-samling-p\/","title":{"rendered":"P"},"content":{"rendered":"<div id=\"pl-34\"  class=\"panel-layout\" ><div id=\"pg-34-0\"  class=\"panel-grid panel-no-style\" ><div id=\"pgc-34-0-0\"  class=\"panel-grid-cell\" ><div id=\"panel-34-0-0-0\" class=\"so-panel widget widget_headers panel-first-child panel-last-child\" data-index=\"0\" ><div class=\"so-widget-headers so-widget-headers-base\"><h1 id=\"boijes-samling-p\">Boijes samling \u2013 P<\/h1>\n<\/div><\/div><\/div><\/div><div id=\"pg-34-1\"  class=\"panel-grid panel-no-style\" ><div id=\"pgc-34-1-0\"  class=\"panel-grid-cell panel-grid-cell-mobile-last\" ><div id=\"panel-34-1-0-0\" class=\"so-panel widget widget_black-studio-tinymce widget_black_studio_tinymce panel-first-child panel-last-child\" data-index=\"1\" ><div class=\"textwidget\"><p align=\"left\"><em>Noterna \u00e4r tillg\u00e4ngliga utan kostnad i PDF-format. Verken f\u00e5r publiceras utan s\u00e4rskilt tillst\u00e5nd med angivande av k\u00e4llan (Musik- och teaterbiblioteket - The Music and Theatre Library of Sweden). Tv\u00e5 exemplar ska i s\u00e5 fall skickas till biblioteket. Fr\u00e5gor eller synpunkter tas g\u00e4rna emot p\u00e5 <a href=\"mailto:specialsamlingar@musikverket.se\">specialsamlingar@musikverket.se<\/a>.<\/em><\/p>\n<p><a title=\"Boijes samling\" href=\"\/musikochteaterbiblioteket\/ladda-ner-noter\/boijes-samling\/\" target=\"_self\">Till registret f\u00f6r Boijes samling<\/a><\/p>\n<\/div><\/div><\/div><div id=\"pgc-34-1-1\"  class=\"panel-grid-cell panel-grid-cell-empty\" ><\/div><\/div><div id=\"pg-34-2\"  class=\"panel-grid panel-no-style\" ><div id=\"pgc-34-2-0\"  class=\"panel-grid-cell\" ><div id=\"panel-34-2-0-0\" class=\"so-panel widget widget_black-studio-tinymce widget_black_studio_tinymce panel-first-child panel-last-child\" data-index=\"2\" ><div class=\"textwidget\"><table id=\"table_1\" border=\"2\" width=\"890\" cellspacing=\"0\" cellpadding=\"2\">\n<tbody>\n<tr>\n<td>Padovetz, J.<\/td>\n<td><a href=\"http:\/\/urn.kb.se\/resolve?urn=urn:nbn:se:statensmusikverk-4453\" target=\"_blank\">Op. 1. Variationen ...<\/a><\/td>\n<td>Boije&nbsp;424<\/td>\n<\/tr>\n<tr>\n<td>Padovetz, J.<\/td>\n<td><a href=\"http:\/\/urn.kb.se\/resolve?urn=urn:nbn:se:statensmusikverk-4454\" target=\"_blank\">Op. 4. Variations ...<\/a><\/td>\n<td>Boije&nbsp;425<\/td>\n<\/tr>\n<tr>\n<td>Padovetz, J.<\/td>\n<td><a href=\"http:\/\/urn.kb.se\/resolve?urn=urn:nbn:se:statensmusikverk-4455\" target=\"_blank\">Op. 6. Unterhaltungen ... H. 1.<\/a><\/td>\n<td>Boije&nbsp;426<\/td>\n<\/tr>\n<tr>\n<td>Padovetz, J.<\/td>\n<td><a href=\"http:\/\/urn.kb.se\/resolve?urn=urn:nbn:se:statensmusikverk-4456\" target=\"_blank\">Op. 9. Introduction et Variations ...<\/a><\/td>\n<td>Boije&nbsp;427<\/td>\n<\/tr>\n<tr>\n<td>Padovetz, J.<\/td>\n<td><a href=\"http:\/\/urn.kb.se\/resolve?urn=urn:nbn:se:statensmusikverk-4457\" target=\"_blank\">Op. 13. Introduction und Variationen ...<\/a><\/td>\n<td>Boije&nbsp;428<\/td>\n<\/tr>\n<tr>\n<td>Padovetz, J.<\/td>\n<td><a href=\"http:\/\/urn.kb.se\/resolve?urn=urn:nbn:se:statensmusikverk-4791\" target=\"_blank\">Op. 13. Introduction und Variationen ...<\/a><\/td>\n<td>Boije&nbsp;760<\/td>\n<\/tr>\n<tr>\n<td>Padovetz, J.<\/td>\n<td><a href=\"http:\/\/urn.kb.se\/resolve?urn=urn:nbn:se:statensmusikverk-4458\" target=\"_blank\">Op. 14. Introduction und Variationen ...<\/a><\/td>\n<td>Boije&nbsp;429<\/td>\n<\/tr>\n<tr>\n<td>Padovetz, J<\/td>\n<td><a href=\"http:\/\/urn.kb.se\/resolve?urn=urn:nbn:se:statensmusikverk-4459\" target=\"_blank\">Op. 16. Variations ... Norma de V. Bellini ...<\/a><\/td>\n<td>Boije&nbsp;430<\/td>\n<\/tr>\n<tr>\n<td>Padovetz, J.<\/td>\n<td><a href=\"http:\/\/urn.kb.se\/resolve?urn=urn:nbn:se:statensmusikverk-4460\" target=\"_blank\">Op. 17. Fantaisie ... Montechi e Capuleti de Bellini ...<\/a><\/td>\n<td>Boije&nbsp;431<\/td>\n<\/tr>\n<tr>\n<td>Padovetz, J.<\/td>\n<td><a href=\"http:\/\/urn.kb.se\/resolve?urn=urn:nbn:se:statensmusikverk-4792\" target=\"_blank\">Op. 17. Fantaisie ... Montechi e Capuleti de Bellini ...<\/a><\/td>\n<td>Boije&nbsp;761<\/td>\n<\/tr>\n<tr>\n<td>Padovetz, J.<\/td>\n<td><a href=\"http:\/\/urn.kb.se\/resolve?urn=urn:nbn:se:statensmusikverk-4461\" target=\"_blank\">Op. 20. Fantaisie ... Norma de Bellini ...<\/a><\/td>\n<td>Boije&nbsp;432<\/td>\n<\/tr>\n<tr>\n<td>Padovetz, J.<\/td>\n<td><a href=\"http:\/\/urn.kb.se\/resolve?urn=urn:nbn:se:statensmusikverk-4795\" target=\"_blank\">[Op. 20]. Fantaisie ... Norma de Bellini ...<\/a><\/td>\n<td>Boije&nbsp;764<\/td>\n<\/tr>\n<tr>\n<td>Padovetz, J.<\/td>\n<td><a href=\"http:\/\/urn.kb.se\/resolve?urn=urn:nbn:se:statensmusikverk-4462\" target=\"_blank\">Op. 21. Fantaisie ... Robert le Diable de Mayerbeer [sic] ...<\/a><\/td>\n<td>Boije&nbsp;433<\/td>\n<\/tr>\n<tr>\n<td>Padovetz, J.<\/td>\n<td><a href=\"http:\/\/urn.kb.se\/resolve?urn=urn:nbn:se:statensmusikverk-4463\" target=\"_blank\">Op. 22. Fantaisie ... La Straniera ... de Bellini ...<\/a><\/td>\n<td>Boije&nbsp;434<\/td>\n<\/tr>\n<tr>\n<td>Padovetz, J.<\/td>\n<td><a href=\"http:\/\/urn.kb.se\/resolve?urn=urn:nbn:se:statensmusikverk-4464\" target=\"_blank\">Op. 23. Fantaisie ... Anna Bolena de Donizetti ...<\/a><\/td>\n<td>Boije&nbsp;435<\/td>\n<\/tr>\n<tr>\n<td>Padovetz, J.<\/td>\n<td><a href=\"http:\/\/urn.kb.se\/resolve?urn=urn:nbn:se:statensmusikverk-4465\" target=\"_blank\">Op. 24. Fantaisie ... La Sonnambula de V. Bellini ...<\/a><\/td>\n<td>Boije&nbsp;436<\/td>\n<\/tr>\n<tr>\n<td>Padovetz, J.<\/td>\n<td><a href=\"http:\/\/urn.kb.se\/resolve?urn=urn:nbn:se:statensmusikverk-4793\" target=\"_blank\">Op. 25. Wariations ... de l'Opera: Robert le Diable, de Mayerbeer ...<\/a><\/td>\n<td>Boije&nbsp;762<\/td>\n<\/tr>\n<tr>\n<td>Padovetz, J.<\/td>\n<td><a href=\"http:\/\/urn.kb.se\/resolve?urn=urn:nbn:se:statensmusikverk-4466\" target=\"_blank\">Op. 26. Introduction und Variationen ... Montechi und Capuletti von V. Bellini ...<\/a><\/td>\n<td>Boije&nbsp;437<\/td>\n<\/tr>\n<tr>\n<td>Padovetz, J.<\/td>\n<td><a href=\"http:\/\/urn.kb.se\/resolve?urn=urn:nbn:se:statensmusikverk-4794\" target=\"_blank\">Op. 26. Introduction und Wariationen ... Montechi u. Capuletti von V. Bellini ...<\/a><\/td>\n<td>Boije&nbsp;763<\/td>\n<\/tr>\n<tr>\n<td>Padovetz, J.<\/td>\n<td><a href=\"http:\/\/urn.kb.se\/resolve?urn=urn:nbn:se:statensmusikverk-4467\" target=\"_blank\">Op. 51. Fantasie ... Puritani von Bellini ...<\/a><\/td>\n<td>Boije&nbsp;438<\/td>\n<\/tr>\n<tr>\n<td>Padovetz, J.<\/td>\n<td><a href=\"http:\/\/urn.kb.se\/resolve?urn=urn:nbn:se:statensmusikverk-4468\" target=\"_blank\">Op. 52. Introduction und Variationen ... Sonnambula von Bellini ...<\/a><\/td>\n<td>Boije&nbsp;439<\/td>\n<\/tr>\n<tr>\n<td>Padovetz, J.<\/td>\n<td><a href=\"http:\/\/urn.kb.se\/resolve?urn=urn:nbn:se:statensmusikverk-4469\" target=\"_blank\">Op. 53. Lyra. Zusammenstellung ...<\/a><\/td>\n<td>Boije&nbsp;440<\/td>\n<\/tr>\n<tr>\n<td>Padovetz, J.<\/td>\n<td><a href=\"http:\/\/urn.kb.se\/resolve?urn=urn:nbn:se:statensmusikverk-4901\" target=\"_blank\">Op. 57. Die Sehnsucht ...<\/a><\/td>\n<td>Boije&nbsp;870<\/td>\n<\/tr>\n<tr>\n<td>Padovetz, J.<\/td>\n<td><a href=\"http:\/\/urn.kb.se\/resolve?urn=urn:nbn:se:statensmusikverk-4902\" target=\"_blank\">Op. 58. Gedenke mein. ...<\/a><\/td>\n<td>Boije&nbsp;871<\/td>\n<\/tr>\n<tr>\n<td>Padovetz, J.<\/td>\n<td><a href=\"http:\/\/urn.kb.se\/resolve?urn=urn:nbn:se:statensmusikverk-4903\" target=\"_blank\">Op. 59. Lebensbild ...<\/a><\/td>\n<td>Boije&nbsp;872<\/td>\n<\/tr>\n<tr>\n<td>Padovetz, J.<\/td>\n<td><a href=\"http:\/\/urn.kb.se\/resolve?urn=urn:nbn:se:statensmusikverk-4904\" target=\"_blank\">Op. 60. Die Einsame. ...<\/a><\/td>\n<td>Boije&nbsp;873<\/td>\n<\/tr>\n<tr>\n<td>Padovetz, J.<\/td>\n<td><a href=\"http:\/\/urn.kb.se\/resolve?urn=urn:nbn:se:statensmusikverk-4470\" target=\"_blank\">Op. 61. Introduction et Variations ... Lucrezia Borgia von Donizetti ...<\/a><\/td>\n<td>Boije&nbsp;441<\/td>\n<\/tr>\n<tr>\n<td>Paganini, N.<\/td>\n<td><a href=\"http:\/\/urn.kb.se\/resolve?urn=urn:nbn:se:statensmusikverk-5044\" target=\"_blank\">Scala obliqua e contraria ... Se: Gitarristische Vereinigung ... XIII. Jahrg. Nr 4. 1912<\/a><\/td>\n<td>Boije&nbsp;987<\/td>\n<\/tr>\n<tr>\n<td>Pavlistcheff, N.<\/td>\n<td><a href=\"http:\/\/urn.kb.se\/resolve?urn=urn:nbn:se:statensmusikverk-4796\" target=\"_blank\">Op. 25. Grande Fantaisie ...<\/a><\/td>\n<td>Boije&nbsp;765<\/td>\n<\/tr>\n<tr>\n<td>Pavlistcheff, N.<\/td>\n<td><a href=\"http:\/\/urn.kb.se\/resolve?urn=urn:nbn:se:statensmusikverk-4797\" target=\"_blank\">Op. 41. Nocturne ...<\/a><\/td>\n<td>Boije&nbsp;766<\/td>\n<\/tr>\n<tr>\n<td>Pelzer, F.<\/td>\n<td><a href=\"http:\/\/urn.kb.se\/resolve?urn=urn:nbn:se:statensmusikverk-5192\" target=\"_blank\">Second Edition of Instructions ...<\/a><\/td>\n<td>Boije&nbsp;1137<\/td>\n<\/tr>\n<tr>\n<td>Peschek, J. L.<\/td>\n<td><a href=\"http:\/\/urn.kb.se\/resolve?urn=urn:nbn:se:statensmusikverk-4610\" target=\"_blank\">Op. 3. Grandes variations ...<\/a><\/td>\n<td>Boije&nbsp;581<\/td>\n<\/tr>\n<tr>\n<td>Peterson-Berger, W.<\/td>\n<td><a href=\"http:\/\/urn.kb.se\/resolve?urn=urn:nbn:se:statensmusikverk-5131\" target=\"_blank\">Klockringning. [Ofullst.]<\/a><\/td>\n<td>Boije&nbsp;1076<\/td>\n<\/tr>\n<tr>\n<td>Pettoletti, P.<\/td>\n<td><a href=\"http:\/\/urn.kb.se\/resolve?urn=urn:nbn:se:statensmusikverk-4995\" target=\"_blank\">Divertissement f&uuml;r Terz- und Prim-Guitarre.<\/a><\/td>\n<td>Boije&nbsp;965:1<\/td>\n<\/tr>\n<tr>\n<td>Pettoletti, P.<\/td>\n<td><a href=\"http:\/\/urn.kb.se\/resolve?urn=urn:nbn:se:statensmusikverk-4486\" target=\"_blank\">Morceaux choisies d'op&eacute;ras ... No 1. Lucia di Lammermoor de Donizetti.<\/a><\/td>\n<td>Boije&nbsp;457<\/td>\n<\/tr>\n<tr>\n<td>Pettoletti, P.<\/td>\n<td><a href=\"http:\/\/urn.kb.se\/resolve?urn=urn:nbn:se:statensmusikverk-4471\" target=\"_blank\">Op. 1. Six walzes ...<\/a><\/td>\n<td>Boije&nbsp;442<\/td>\n<\/tr>\n<tr>\n<td>Pettoletti, P.<\/td>\n<td><a href=\"http:\/\/urn.kb.se\/resolve?urn=urn:nbn:se:statensmusikverk-4593\" target=\"_blank\">Op. 3. Six walzes instructives ...<\/a><\/td>\n<td>Boije&nbsp;564<\/td>\n<\/tr>\n<tr>\n<td>Pettoletti, P.<\/td>\n<td><a href=\"http:\/\/urn.kb.se\/resolve?urn=urn:nbn:se:statensmusikverk-4472\" target=\"_blank\">Op. 6. Mes Souvenirs ...<\/a><\/td>\n<td>Boije&nbsp;443<\/td>\n<\/tr>\n<tr>\n<td>Pettoletti, P.<\/td>\n<td><a href=\"http:\/\/urn.kb.se\/resolve?urn=urn:nbn:se:statensmusikverk-4798\" target=\"_blank\">Op. 6. Mes Souvenirs ...<\/a><\/td>\n<td>Boije&nbsp;767<\/td>\n<\/tr>\n<tr>\n<td>Pettoletti, P<\/td>\n<td><a href=\"http:\/\/urn.kb.se\/resolve?urn=urn:nbn:se:statensmusikverk-4473\" target=\"_blank\">Op. 7. Variations ...<\/a><\/td>\n<td>Boije&nbsp;444<\/td>\n<\/tr>\n<tr>\n<td>Pettoletti, P.<\/td>\n<td><a href=\"http:\/\/urn.kb.se\/resolve?urn=urn:nbn:se:statensmusikverk-4474\" target=\"_blank\">Op. 8. Six variations faciles ...<\/a><\/td>\n<td>Boije&nbsp;445<\/td>\n<\/tr>\n<tr>\n<td>Pettoletti, P.<\/td>\n<td><a href=\"http:\/\/urn.kb.se\/resolve?urn=urn:nbn:se:statensmusikverk-4475\" target=\"_blank\">Op. 14. Troika ...<\/a><\/td>\n<td>Boije&nbsp;446<\/td>\n<\/tr>\n<tr>\n<td>Pettoletti, P.<\/td>\n<td><a href=\"http:\/\/urn.kb.se\/resolve?urn=urn:nbn:se:statensmusikverk-4476\" target=\"_blank\">Op. 15. Fantaisie ...<\/a><\/td>\n<td>Boije&nbsp;447<\/td>\n<\/tr>\n<tr>\n<td>Pettoletti, P.<\/td>\n<td><a href=\"http:\/\/urn.kb.se\/resolve?urn=urn:nbn:se:statensmusikverk-4477\" target=\"_blank\">Op. 17. Divertissement ...<\/a><\/td>\n<td>Boije&nbsp;448<\/td>\n<\/tr>\n<tr>\n<td>Pettoletti, P.<\/td>\n<td><a href=\"http:\/\/urn.kb.se\/resolve?urn=urn:nbn:se:statensmusikverk-4478\" target=\"_blank\">Op. 18. [Gud beskydde Tsaren.]<\/a><\/td>\n<td>Boije&nbsp;449<\/td>\n<\/tr>\n<tr>\n<td>Pettoletti, P.<\/td>\n<td><a href=\"http:\/\/urn.kb.se\/resolve?urn=urn:nbn:se:statensmusikverk-4479\" target=\"_blank\">Op. 19. [Den r&ouml;da sarafanen.]<\/a><\/td>\n<td>Boije&nbsp;450<\/td>\n<\/tr>\n<tr>\n<td>Pettoletti, P.<\/td>\n<td><a href=\"http:\/\/urn.kb.se\/resolve?urn=urn:nbn:se:statensmusikverk-4480\" target=\"_blank\">Op. 21. [Med vad har jag gjort dig ledsen. Variationer]<\/a><\/td>\n<td>Boije&nbsp;451<\/td>\n<\/tr>\n<tr>\n<td>Pettoletti, P.<\/td>\n<td><a href=\"http:\/\/urn.kb.se\/resolve?urn=urn:nbn:se:statensmusikverk-4481\" target=\"_blank\">Op. 23. [Vals, marsch och 2 tema...]<\/a><\/td>\n<td>Boije&nbsp;452<\/td>\n<\/tr>\n<tr>\n<td>Pettoletti, P.<\/td>\n<td><a href=\"http:\/\/urn.kb.se\/resolve?urn=urn:nbn:se:statensmusikverk-4482\" target=\"_blank\">Op. 26. Variations sur la Cavatine favorite ... Le Pirata de Bellini ...<\/a><\/td>\n<td>Boije&nbsp;453<\/td>\n<\/tr>\n<tr>\n<td>Pettoletti, P.<\/td>\n<td><a href=\"http:\/\/urn.kb.se\/resolve?urn=urn:nbn:se:statensmusikverk-4483\" target=\"_blank\">Op. 29. Impromptu ...<\/a><\/td>\n<td>Boije&nbsp;454<\/td>\n<\/tr>\n<tr>\n<td>Pettoletti, P.<\/td>\n<td><a href=\"http:\/\/urn.kb.se\/resolve?urn=urn:nbn:se:statensmusikverk-4484\" target=\"_blank\">Op. 31. Fantaisie sur une romance ...<\/a><\/td>\n<td>Boije&nbsp;455<\/td>\n<\/tr>\n<tr>\n<td>Pettoletti, P.<\/td>\n<td><a href=\"http:\/\/urn.kb.se\/resolve?urn=urn:nbn:se:statensmusikverk-4485\" target=\"_blank\">Op. 32. Fantaisie sur une m&eacute;lodie ...<\/a><\/td>\n<td>Boije&nbsp;456<\/td>\n<\/tr>\n<tr>\n<td>&nbsp;<\/td>\n<td><a href=\"http:\/\/urn.kb.se\/resolve?urn=urn:nbn:se:statensmusikverk-4950\" target=\"_blank\">PHILOMELE Samling af yndede Sange ... Nr 1-8.<\/a><\/td>\n<td>Boije&nbsp;920<\/td>\n<\/tr>\n<tr>\n<td>&nbsp;<\/td>\n<td><a href=\"http:\/\/urn.kb.se\/resolve?urn=urn:nbn:se:statensmusikverk-4951\" target=\"_blank\">PHILOMELE Eine Sammlung ... No 61-62, 86, 163, 187, 189, 196.<\/a><\/td>\n<td>Boije&nbsp;921<\/td>\n<\/tr>\n<tr>\n<td>&nbsp;<\/td>\n<td><a href=\"http:\/\/urn.kb.se\/resolve?urn=urn:nbn:se:statensmusikverk-4984\" target=\"_blank\">PHOEBUS Auswahl beliebter Opern-Arien und Ges&auml;nge ... Samml. 1-5.<\/a><\/td>\n<td>Boije&nbsp;955<\/td>\n<\/tr>\n<tr>\n<td>Pignocchi, E.<\/td>\n<td><a href=\"http:\/\/urn.kb.se\/resolve?urn=urn:nbn:se:statensmusikverk-5047\" target=\"_blank\">Barcarola. Se: Gitarristische Vereinigung ... XIV. Jahrg. Nr 1. 1913<\/a><\/td>\n<td>Boije&nbsp;990<\/td>\n<\/tr>\n<tr>\n<td>&nbsp;<\/td>\n<td><a href=\"http:\/\/urn.kb.se\/resolve?urn=urn:nbn:se:statensmusikverk-4985\" target=\"_blank\">POLYMNIA Samling af valda S&aring;ngstycken ...<\/a><\/td>\n<td>Boije&nbsp;956<\/td>\n<\/tr>\n<tr>\n<td>Ponzio, A.<\/td>\n<td><a href=\"http:\/\/urn.kb.se\/resolve?urn=urn:nbn:se:statensmusikverk-4801\" target=\"_blank\">La Stella d'Italia, Mazurka.<\/a><\/td>\n<td>Boije&nbsp;770<\/td>\n<\/tr>\n<tr>\n<td>&nbsp;<\/td>\n<td><a href=\"http:\/\/urn.kb.se\/resolve?urn=urn:nbn:se:statensmusikverk-4413\" target=\"_blank\">Portefeuille f&uuml;r Guitarrespieler. H. 1-19.<\/a><\/td>\n<td>Boije&nbsp;384<\/td>\n<\/tr>\n<tr>\n<td>&nbsp;<\/td>\n<td><a href=\"http:\/\/urn.kb.se\/resolve?urn=urn:nbn:se:statensmusikverk-5173\" target=\"_blank\">POT-POURRI en Quintuor ...<\/a><\/td>\n<td>Boije&nbsp;1118<\/td>\n<\/tr>\n<tr>\n<td>Praeger, H. A.<\/td>\n<td><a href=\"http:\/\/urn.kb.se\/resolve?urn=urn:nbn:se:statensmusikverk-4611\" target=\"_blank\">Op. 48. Suite des exercices ... Liv. 1.<\/a><\/td>\n<td>Boije&nbsp;582<\/td>\n<\/tr>\n<tr>\n<td>Praeger, H. A.<\/td>\n<td><a href=\"http:\/\/urn.kb.se\/resolve?urn=urn:nbn:se:statensmusikverk-4612\" target=\"_blank\">Op. 48. Suite des exercices ... Liv. 2.<\/a><\/td>\n<td>Boije&nbsp;583<\/td>\n<\/tr>\n<tr>\n<td>Pratten, C. J.<\/td>\n<td><a href=\"http:\/\/urn.kb.se\/resolve?urn=urn:nbn:se:statensmusikverk-4804\" target=\"_blank\">Eventide. Songs without words and sketches ...<\/a><\/td>\n<td>Boije&nbsp;773<\/td>\n<\/tr>\n<tr>\n<td>Pratten, C. J.<\/td>\n<td><a href=\"http:\/\/urn.kb.se\/resolve?urn=urn:nbn:se:statensmusikverk-4805\" target=\"_blank\">Forgotten, an Impromtu ..Songs without words and sketches ...<\/a><\/td>\n<td>Boije&nbsp;774<\/td>\n<\/tr>\n<tr>\n<td>Pratten, C. J.<\/td>\n<td><a href=\"http:\/\/urn.kb.se\/resolve?urn=urn:nbn:se:statensmusikverk-4803\" target=\"_blank\">Sadness. A lost Love. A Lament. Songs without words and sketches ...<\/a><\/td>\n<td>Boije&nbsp;772<\/td>\n<\/tr>\n<tr>\n<td>Pratten, C. J.<\/td>\n<td><a href=\"http:\/\/urn.kb.se\/resolve?urn=urn:nbn:se:statensmusikverk-4802\" target=\"_blank\">Sehnsucht and Weary. Songs without words and sketches ...<\/a><\/td>\n<td>Boije&nbsp;771<\/td>\n<\/tr>\n<tr>\n<td>Proch, H.<\/td>\n<td><a href=\"http:\/\/urn.kb.se\/resolve?urn=urn:nbn:se:statensmusikverk-4905\" target=\"_blank\">Das Alpenhorn. Lied ...<\/a><\/td>\n<td>Boije&nbsp;874<\/td>\n<\/tr>\n<tr>\n<td>&nbsp;<\/td>\n<td><a href=\"http:\/\/urn.kb.se\/resolve?urn=urn:nbn:se:statensmusikverk-5183\" target=\"_blank\">Programme. Madame Giulia Pelzer<\/a><\/td>\n<td>Boije&nbsp;1128<\/td>\n<\/tr>\n<\/tbody>\n<\/table>\n<p>&nbsp;<\/p>\n<\/div><\/div><\/div><\/div><\/div>","protected":false},"excerpt":{"rendered":"<p>Noterna \u00e4r tillg\u00e4ngliga utan kostnad i PDF-format. Verken f\u00e5r publiceras utan s\u00e4rskilt tillst\u00e5nd med angivande av k\u00e4llan (Musik- och teaterbiblioteket &#8211; The Music and Theatre Library of Sweden). Tv\u00e5 exemplar ska i s\u00e5 fall skickas till biblioteket. Fr\u00e5gor eller synpunkter tas g\u00e4rna emot p\u00e5 specialsamlingar@musikverket.se. Till registret f\u00f6r Boijes samling<\/p>\n","protected":false},"author":1,"featured_media":0,"parent":18,"menu_order":0,"comment_status":"open","ping_status":"closed","template":"","meta":{"ngg_post_thumbnail":0,"spay_email":""},"categories":[4,3],"tags":[12,13,25,14],"yoast_head":"<!-- This site is optimized with the Yoast SEO plugin v16.3 - https:\/\/yoast.com\/wordpress\/plugins\/seo\/ -->\n<meta name=\"robots\" content=\"index, follow, max-snippet:-1, max-image-preview:large, max-video-preview:-1\" \/>\n<link rel=\"canonical\" href=\"https:\/\/musikverket-old.test.consids5.se\/musikochteaterbiblioteket\/ladda-ner-noter\/boijes-samling\/boijes-samling-p\/\" \/>\n<meta property=\"og:locale\" content=\"sv_SE\" \/>\n<meta property=\"og:type\" content=\"article\" \/>\n<meta property=\"og:title\" content=\"P - Musik- och teaterbiblioteket\" \/>\n<meta property=\"og:description\" content=\"Noterna \u00e4r tillg\u00e4ngliga utan kostnad i PDF-format. Verken f\u00e5r publiceras utan s\u00e4rskilt tillst\u00e5nd med angivande av k\u00e4llan (Musik- och teaterbiblioteket - The Music and Theatre Library of Sweden). Tv\u00e5 exemplar ska i s\u00e5 fall skickas till biblioteket. Fr\u00e5gor eller synpunkter tas g\u00e4rna emot p\u00e5 specialsamlingar@musikverket.se. Till registret f\u00f6r Boijes samling\" \/>\n<meta property=\"og:url\" content=\"https:\/\/musikverket-old.test.consids5.se\/musikochteaterbiblioteket\/ladda-ner-noter\/boijes-samling\/boijes-samling-p\/\" \/>\n<meta property=\"og:site_name\" content=\"Musik- och teaterbiblioteket\" \/>\n<meta property=\"article:modified_time\" content=\"2022-01-28T10:49:30+00:00\" \/>\n<meta name=\"twitter:label1\" content=\"Ber\u00e4knad l\u00e4stid\">\n\t<meta name=\"twitter:data1\" content=\"3 minuter\">\n<script type=\"application\/ld+json\" class=\"yoast-schema-graph\">{\"@context\":\"https:\/\/schema.org\",\"@graph\":[{\"@type\":\"WebSite\",\"@id\":\"https:\/\/musikverket-old.test.consids5.se\/musikochteaterbiblioteket\/#website\",\"url\":\"https:\/\/musikverket-old.test.consids5.se\/musikochteaterbiblioteket\/\",\"name\":\"Musik- och teaterbiblioteket\",\"description\":\"F\\u00f6rdjupning, kunskap och spelgl\\u00e4dje\",\"potentialAction\":[{\"@type\":\"SearchAction\",\"target\":\"https:\/\/musikverket-old.test.consids5.se\/musikochteaterbiblioteket\/?s={search_term_string}\",\"query-input\":\"required name=search_term_string\"}],\"inLanguage\":\"sv-SE\"},{\"@type\":\"WebPage\",\"@id\":\"https:\/\/musikverket-old.test.consids5.se\/musikochteaterbiblioteket\/ladda-ner-noter\/boijes-samling\/boijes-samling-p\/#webpage\",\"url\":\"https:\/\/musikverket-old.test.consids5.se\/musikochteaterbiblioteket\/ladda-ner-noter\/boijes-samling\/boijes-samling-p\/\",\"name\":\"P - Musik- och teaterbiblioteket\",\"isPartOf\":{\"@id\":\"https:\/\/musikverket-old.test.consids5.se\/musikochteaterbiblioteket\/#website\"},\"datePublished\":\"2012-11-20T15:11:47+00:00\",\"dateModified\":\"2022-01-28T10:49:30+00:00\",\"breadcrumb\":{\"@id\":\"https:\/\/musikverket-old.test.consids5.se\/musikochteaterbiblioteket\/ladda-ner-noter\/boijes-samling\/boijes-samling-p\/#breadcrumb\"},\"inLanguage\":\"sv-SE\",\"potentialAction\":[{\"@type\":\"ReadAction\",\"target\":[\"https:\/\/musikverket-old.test.consids5.se\/musikochteaterbiblioteket\/ladda-ner-noter\/boijes-samling\/boijes-samling-p\/\"]}]},{\"@type\":\"BreadcrumbList\",\"@id\":\"https:\/\/musikverket-old.test.consids5.se\/musikochteaterbiblioteket\/ladda-ner-noter\/boijes-samling\/boijes-samling-p\/#breadcrumb\",\"itemListElement\":[{\"@type\":\"ListItem\",\"position\":1,\"item\":{\"@type\":\"WebPage\",\"@id\":\"https:\/\/musikverket-old.test.consids5.se\/musikochteaterbiblioteket\/\",\"url\":\"https:\/\/musikverket-old.test.consids5.se\/musikochteaterbiblioteket\/\",\"name\":\"Hem\"}},{\"@type\":\"ListItem\",\"position\":2,\"item\":{\"@type\":\"WebPage\",\"@id\":\"https:\/\/musikverket-old.test.consids5.se\/musikochteaterbiblioteket\/ladda-ner-noter\/\",\"url\":\"https:\/\/musikverket-old.test.consids5.se\/musikochteaterbiblioteket\/ladda-ner-noter\/\",\"name\":\"Ladda ner noter\"}},{\"@type\":\"ListItem\",\"position\":3,\"item\":{\"@type\":\"WebPage\",\"@id\":\"https:\/\/musikverket-old.test.consids5.se\/musikochteaterbiblioteket\/ladda-ner-noter\/boijes-samling\/\",\"url\":\"https:\/\/musikverket-old.test.consids5.se\/musikochteaterbiblioteket\/ladda-ner-noter\/boijes-samling\/\",\"name\":\"Boijes samling\"}},{\"@type\":\"ListItem\",\"position\":4,\"item\":{\"@id\":\"https:\/\/musikverket-old.test.consids5.se\/musikochteaterbiblioteket\/ladda-ner-noter\/boijes-samling\/boijes-samling-p\/#webpage\"}}]}]}<\/script>\n<!-- \/ Yoast SEO plugin. -->","jetpack_shortlink":"https:\/\/wp.me\/P2ZwmI-y","jetpack_sharing_enabled":true,"_links":{"self":[{"href":"https:\/\/musikverket-old.test.consids5.se\/musikochteaterbiblioteket\/wp-json\/wp\/v2\/pages\/34"}],"collection":[{"href":"https:\/\/musikverket-old.test.consids5.se\/musikochteaterbiblioteket\/wp-json\/wp\/v2\/pages"}],"about":[{"href":"https:\/\/musikverket-old.test.consids5.se\/musikochteaterbiblioteket\/wp-json\/wp\/v2\/types\/page"}],"author":[{"embeddable":true,"href":"https:\/\/musikverket-old.test.consids5.se\/musikochteaterbiblioteket\/wp-json\/wp\/v2\/users\/1"}],"replies":[{"embeddable":true,"href":"https:\/\/musikverket-old.test.consids5.se\/musikochteaterbiblioteket\/wp-json\/wp\/v2\/comments?post=34"}],"version-history":[{"count":0,"href":"https:\/\/musikverket-old.test.consids5.se\/musikochteaterbiblioteket\/wp-json\/wp\/v2\/pages\/34\/revisions"}],"up":[{"embeddable":true,"href":"https:\/\/musikverket-old.test.consids5.se\/musikochteaterbiblioteket\/wp-json\/wp\/v2\/pages\/18"}],"wp:attachment":[{"href":"https:\/\/musikverket-old.test.consids5.se\/musikochteaterbiblioteket\/wp-json\/wp\/v2\/media?parent=34"}],"wp:term":[{"taxonomy":"category","embeddable":true,"href":"https:\/\/musikverket-old.test.consids5.se\/musikochteaterbiblioteket\/wp-json\/wp\/v2\/categories?post=34"},{"taxonomy":"post_tag","embeddable":true,"href":"https:\/\/musikverket-old.test.consids5.se\/musikochteaterbiblioteket\/wp-json\/wp\/v2\/tags?post=34"}],"curies":[{"name":"wp","href":"https:\/\/api.w.org\/{rel}","templated":true}]}}