{"id":35,"date":"2012-11-20T16:14:47","date_gmt":"2012-11-20T15:14:47","guid":{"rendered":"http:\/\/musikverket.adeprimo.se\/musikochteaterbiblioteket\/?page_id=3778"},"modified":"2022-01-28T11:50:05","modified_gmt":"2022-01-28T10:50:05","slug":"boijes-samling-r","status":"publish","type":"page","link":"https:\/\/musikverket-old.test.consids5.se\/musikochteaterbiblioteket\/ladda-ner-noter\/boijes-samling\/boijes-samling-r\/","title":{"rendered":"R"},"content":{"rendered":"<div id=\"pl-35\"  class=\"panel-layout\" ><div id=\"pg-35-0\"  class=\"panel-grid panel-no-style\" ><div id=\"pgc-35-0-0\"  class=\"panel-grid-cell\" ><div id=\"panel-35-0-0-0\" class=\"so-panel widget widget_headers panel-first-child panel-last-child\" data-index=\"0\" ><div class=\"so-widget-headers so-widget-headers-base\"><h1 id=\"boijes-samling-r\">Boijes samling \u2013 R<\/h1>\n<\/div><\/div><\/div><\/div><div id=\"pg-35-1\"  class=\"panel-grid panel-no-style\" ><div id=\"pgc-35-1-0\"  class=\"panel-grid-cell panel-grid-cell-mobile-last\" ><div id=\"panel-35-1-0-0\" class=\"so-panel widget widget_black-studio-tinymce widget_black_studio_tinymce panel-first-child panel-last-child\" data-index=\"1\" ><div class=\"textwidget\"><p align=\"left\"><em>Noterna \u00e4r tillg\u00e4ngliga utan kostnad i PDF-format. Verken f\u00e5r publiceras utan s\u00e4rskilt tillst\u00e5nd med angivande av k\u00e4llan (Musik- och teaterbiblioteket - The Music and Theatre Library of Sweden). Tv\u00e5 exemplar ska i s\u00e5 fall skickas till biblioteket. Fr\u00e5gor eller synpunkter tas g\u00e4rna emot p\u00e5 <a href=\"mailto:specialsamlingar@musikverket.se\">specialsamlingar@musikverket.se<\/a>.<\/em><\/p>\n<p><a title=\"Boijes samling\" href=\"\/musikochteaterbiblioteket\/ladda-ner-noter\/boijes-samling\/\" target=\"_self\">Till registret f\u00f6r Boijes samling<\/a><\/p>\n<\/div><\/div><\/div><div id=\"pgc-35-1-1\"  class=\"panel-grid-cell panel-grid-cell-empty\" ><\/div><\/div><div id=\"pg-35-2\"  class=\"panel-grid panel-no-style\" ><div id=\"pgc-35-2-0\"  class=\"panel-grid-cell\" ><div id=\"panel-35-2-0-0\" class=\"so-panel widget widget_black-studio-tinymce widget_black_studio_tinymce panel-first-child panel-last-child\" data-index=\"2\" ><div class=\"textwidget\"><table id=\"table_1\" border=\"2\" width=\"1125\" cellspacing=\"0\" cellpadding=\"2\">\n<tbody>\n<tr>\n<td>Raab, J.<\/td>\n<td><a href=\"http:\/\/urn.kb.se\/resolve?urn=urn:nbn:se:statensmusikverk-4613\" target=\"_blank\">Op. 3. Variations ...<\/a><\/td>\n<td>Boije&nbsp;584<\/td>\n<\/tr>\n<tr>\n<td>Raab, J.<\/td>\n<td><a href=\"http:\/\/urn.kb.se\/resolve?urn=urn:nbn:se:statensmusikverk-4614\" target=\"_blank\">Op. 4. Fantaisie ...<\/a><\/td>\n<td>Boije&nbsp;585<\/td>\n<\/tr>\n<tr>\n<td>Raab, J.<\/td>\n<td><a href=\"http:\/\/urn.kb.se\/resolve?urn=urn:nbn:se:statensmusikverk-5081\" target=\"_blank\">Op. 4. Fantaisie. 2. Satz. Guitare. Se: Freie Vereinigung ... 2. Jahrg. Nr 4. 1905<\/a><\/td>\n<td>Boije&nbsp;1025<\/td>\n<\/tr>\n<tr>\n<td>Rameau, J. P.<\/td>\n<td><a href=\"http:\/\/urn.kb.se\/resolve?urn=urn:nbn:se:statensmusikverk-5109\" target=\"_blank\">Sarabande a. d. Suite ... Se: Freie Vereinigung ... 5. Jahrg. Nr 8. 1908<\/a><\/td>\n<td>Boije&nbsp;1053<\/td>\n<\/tr>\n<tr>\n<td>Rau, V.<\/td>\n<td><a href=\"http:\/\/urn.kb.se\/resolve?urn=urn:nbn:se:statensmusikverk-5066\" target=\"_blank\">Ein Soldatenlied. Se: Gitarristische Vereinigung ... XVII. Jahrg. Nr 4. 1916<\/a><\/td>\n<td>Boije&nbsp;1009<\/td>\n<\/tr>\n<tr>\n<td>Reger, C.<\/td>\n<td><a href=\"http:\/\/urn.kb.se\/resolve?urn=urn:nbn:se:statensmusikverk-5045\" target=\"_blank\">Am gr&uuml;nen Ehein. Marsch. Se: Gitarristische Vereinigung ... XIII. Jahrg. Nr 5. 1912<\/a><\/td>\n<td>Boije&nbsp;988<\/td>\n<\/tr>\n<tr>\n<td>Reger, C.<\/td>\n<td><a href=\"http:\/\/urn.kb.se\/resolve?urn=urn:nbn:se:statensmusikverk-5043\" target=\"_blank\">Immer gem&uuml;tlich. Bayerische L&auml;ndler. Se: Gitarristische Vereinigung ... XIII. Jahrg. Nr 3. 1912<\/a><\/td>\n<td>Boije&nbsp;986<\/td>\n<\/tr>\n<tr>\n<td>Regondi, G.<\/td>\n<td><a href=\"http:\/\/urn.kb.se\/resolve?urn=urn:nbn:se:statensmusikverk-4806\" target=\"_blank\">Etude No 1.<\/a><\/td>\n<td>Boije&nbsp;775<\/td>\n<\/tr>\n<tr>\n<td>Regondi, G.<\/td>\n<td><a href=\"http:\/\/urn.kb.se\/resolve?urn=urn:nbn:se:statensmusikverk-5075\" target=\"_blank\">Etude No. 3. Se: Freie Vereinigung ... [1. Jahrg.] Nr 5. 1904<\/a><\/td>\n<td>Boije&nbsp;1018<\/td>\n<\/tr>\n<tr>\n<td>Regondi, G.<\/td>\n<td><a href=\"http:\/\/urn.kb.se\/resolve?urn=urn:nbn:se:statensmusikverk-5079\" target=\"_blank\">Etude No 4. Se. Freie Vereinigung ... 2. Jahrg. Nr 1. 1905<\/a><\/td>\n<td>Boije&nbsp;1022<\/td>\n<\/tr>\n<tr>\n<td>Regondi, G.<\/td>\n<td><a href=\"http:\/\/urn.kb.se\/resolve?urn=urn:nbn:se:statensmusikverk-4807\" target=\"_blank\">Op. 19. R&ecirc;verie. Nocturne ...<\/a><\/td>\n<td>Boije&nbsp;776<\/td>\n<\/tr>\n<tr>\n<td>Regondi, G.<\/td>\n<td><a href=\"http:\/\/urn.kb.se\/resolve?urn=urn:nbn:se:statensmusikverk-4808\" target=\"_blank\">Op. 20. F&ecirc;te Villageoise ...<\/a><\/td>\n<td>Boije&nbsp;777<\/td>\n<\/tr>\n<tr>\n<td>Regondi, G.<\/td>\n<td><a href=\"http:\/\/urn.kb.se\/resolve?urn=urn:nbn:se:statensmusikverk-4809\" target=\"_blank\">Op. 21. 1er Air Vari&eacute; ...<\/a><\/td>\n<td>Boije&nbsp;778<\/td>\n<\/tr>\n<tr>\n<td>Regondi, G.<\/td>\n<td><a href=\"http:\/\/urn.kb.se\/resolve?urn=urn:nbn:se:statensmusikverk-4810\" target=\"_blank\">Op. 22. 2me Air Vari&eacute; ...<\/a><\/td>\n<td>Boije&nbsp;779<\/td>\n<\/tr>\n<tr>\n<td>Regondi, G.<\/td>\n<td><a href=\"http:\/\/urn.kb.se\/resolve?urn=urn:nbn:se:statensmusikverk-4811\" target=\"_blank\">Op. 23. Introduction et Caprice ...<\/a><\/td>\n<td>Boije&nbsp;780<\/td>\n<\/tr>\n<tr>\n<td>Reinhardt, J. F.<\/td>\n<td><a href=\"http:\/\/urn.kb.se\/resolve?urn=urn:nbn:se:statensmusikverk-5060\" target=\"_blank\">Reiters Abschied. Volkslied 1552. Se: Gitarristische Vereinigung ... XVI. Jahrg. Nr 3. 1915<\/a><\/td>\n<td>Boije&nbsp;1003<\/td>\n<\/tr>\n<tr>\n<td>Reisinger, M. J.<\/td>\n<td><a href=\"http:\/\/urn.kb.se\/resolve?urn=urn:nbn:se:statensmusikverk-4812\" target=\"_blank\">Variationen ...<\/a><\/td>\n<td>Boije&nbsp;781<\/td>\n<\/tr>\n<tr>\n<td>Rensch, H.<\/td>\n<td><a href=\"http:\/\/urn.kb.se\/resolve?urn=urn:nbn:se:statensmusikverk-5003\" target=\"_blank\">Orientierende Zugabe f&uuml;r Gitarrspieler ...<\/a><\/td>\n<td>Boije&nbsp;965:9<\/td>\n<\/tr>\n<tr>\n<td>Rigot<\/td>\n<td><a href=\"http:\/\/urn.kb.se\/resolve?urn=urn:nbn:se:statensmusikverk-4813\" target=\"_blank\">Op. 11. Deuxi&egrave;me Fantaisie ...<\/a><\/td>\n<td>Boije&nbsp;782<\/td>\n<\/tr>\n<tr>\n<td>Ringler, F.<\/td>\n<td><a href=\"http:\/\/urn.kb.se\/resolve?urn=urn:nbn:se:statensmusikverk-5038\" target=\"_blank\">O Klosterleben und Einsamkeit. Se: Gitarristische Vereinigung ... XII. Jahrg. Nr 3. 1911<\/a><\/td>\n<td>Boije&nbsp;980<\/td>\n<\/tr>\n<tr>\n<td>Roch, F.<\/td>\n<td><a href=\"http:\/\/urn.kb.se\/resolve?urn=urn:nbn:se:statensmusikverk-4814\" target=\"_blank\">Variations sur un air russe ...<\/a><\/td>\n<td>Boije&nbsp;783<\/td>\n<\/tr>\n<tr>\n<td>&nbsp;<\/td>\n<td><a href=\"http:\/\/urn.kb.se\/resolve?urn=urn:nbn:se:statensmusikverk-4880\" target=\"_blank\">Romancer Nye, og Vaudeville-Sange ... No 5. Donizetti, \"Lucrezia Borgia\", \"Elskovsdrikken\"<\/a><\/td>\n<td>Boije&nbsp;849<\/td>\n<\/tr>\n<tr>\n<td>&nbsp;<\/td>\n<td><a href=\"http:\/\/urn.kb.se\/resolve?urn=urn:nbn:se:statensmusikverk-4872\" target=\"_blank\">Romancer Nye, og Vaudeville-Sange ... No 7. Abschied vom Dirndel. Lindpaintner, Sehnsucht. Zilcher, Lore-Ley.<\/a><\/td>\n<td>Boije&nbsp;841<\/td>\n<\/tr>\n<tr>\n<td>&nbsp;<\/td>\n<td><a href=\"http:\/\/urn.kb.se\/resolve?urn=urn:nbn:se:statensmusikverk-4881\" target=\"_blank\">Romancer Nye, og Vaudeville-Sange ... No 11. Donizetti, \"Die Regimentstochter\". Bellini, \"Montecchi und Capuletti\", \"Die Nachtwanderin\".<\/a><\/td>\n<td>Boije&nbsp;850<\/td>\n<\/tr>\n<tr>\n<td>&nbsp;<\/td>\n<td><a href=\"http:\/\/urn.kb.se\/resolve?urn=urn:nbn:se:statensmusikverk-4877\" target=\"_blank\">Romancer Nye, og Vaudeville-Sange ... No 28. Bay, Sorte &Ouml;ine Romance, Tonekunstens Fee. Dannstr&ouml;m Den Elskedes &ouml;ie.<\/a><\/td>\n<td>Boije&nbsp;846<\/td>\n<\/tr>\n<tr>\n<td>&nbsp;<\/td>\n<td><a href=\"http:\/\/urn.kb.se\/resolve?urn=urn:nbn:se:statensmusikverk-4897\" target=\"_blank\">Romancer Nye, og Vaudeville-Sange ... No 30. Mozart, Arie af Don Juan<\/a><\/td>\n<td>Boije&nbsp;866<\/td>\n<\/tr>\n<tr>\n<td>&nbsp;<\/td>\n<td><a href=\"http:\/\/urn.kb.se\/resolve?urn=urn:nbn:se:statensmusikverk-4889\" target=\"_blank\">Romancer Nye, og Vaudeville-Sange ... No 41. Malmqvist, C., N&ouml;kken, Ved solnedgang<\/a><\/td>\n<td>Boije&nbsp;858<\/td>\n<\/tr>\n<tr>\n<td>Rouget&nbsp;de&nbsp;Lisle,&nbsp;C.&nbsp;<\/td>\n<td><a href=\"http:\/\/urn.kb.se\/resolve?urn=urn:nbn:se:statensmusikverk-5174\" target=\"_blank\">La Marseillaise ...<\/a><\/td>\n<td>Boije&nbsp;1119<\/td>\n<\/tr>\n<tr>\n<td>Rueff, R.<\/td>\n<td><a href=\"http:\/\/urn.kb.se\/resolve?urn=urn:nbn:se:statensmusikverk-5055\" target=\"_blank\">Ich h&ouml;rt' ein Sichel rauschen. Se: Gitarristische Vereinigung ... XV. Jahrg. Nr 3. 1914<\/a><\/td>\n<td>Boije&nbsp;998<\/td>\n<\/tr>\n<tr>\n<td>Rueff, R.<\/td>\n<td><a href=\"http:\/\/urn.kb.se\/resolve?urn=urn:nbn:se:statensmusikverk-5050\" target=\"_blank\">Der Pantoffel. Se: Gitarristische Vereinigung ... XIV. Jahrg. Nr 4. 1913<\/a><\/td>\n<td>Boije&nbsp;993<\/td>\n<\/tr>\n<tr>\n<td>Rueff, R.<\/td>\n<td><a href=\"http:\/\/urn.kb.se\/resolve?urn=urn:nbn:se:statensmusikverk-5046\" target=\"_blank\">Der Schwartze Reiter ... Se: Gitarristische Vereinigung ... XIII. Jahrg. Nr 6. 1912<\/a><\/td>\n<td>Boije&nbsp;989<\/td>\n<\/tr>\n<tr>\n<td>&nbsp;<\/td>\n<td><a href=\"http:\/\/urn.kb.se\/resolve?urn=urn:nbn:se:statensmusikverk-4906\" target=\"_blank\">RULE Britannia \"When Britain first\".<\/a><\/td>\n<td>Boije&nbsp;875<\/td>\n<\/tr>\n<tr>\n<td>Rung, H.<\/td>\n<td><a href=\"http:\/\/urn.kb.se\/resolve?urn=urn:nbn:se:statensmusikverk-5016\" target=\"_blank\">Bourr&eacute;e.<\/a><\/td>\n<td>Boije&nbsp;965:22<\/td>\n<\/tr>\n<tr>\n<td>Rung, H.<\/td>\n<td><a href=\"http:\/\/urn.kb.se\/resolve?urn=urn:nbn:se:statensmusikverk-5016\" target=\"_blank\">Elegie.<\/a><\/td>\n<td>Boije&nbsp;965:22<\/td>\n<\/tr>\n<tr>\n<td>Rung, H.<\/td>\n<td><a href=\"http:\/\/urn.kb.se\/resolve?urn=urn:nbn:se:statensmusikverk-5016\" target=\"_blank\">Ricordanza d'Italia (I.).<\/a><\/td>\n<td>Boije&nbsp;965:22<\/td>\n<\/tr>\n<tr>\n<td>Rung, H.<\/td>\n<td><a href=\"http:\/\/urn.kb.se\/resolve?urn=urn:nbn:se:statensmusikverk-5016\" target=\"_blank\">Ricordanza d'Italia (III.).<\/a><\/td>\n<td>Boije&nbsp;965:22<\/td>\n<\/tr>\n<tr>\n<td>Rung, H.<\/td>\n<td><a href=\"http:\/\/urn.kb.se\/resolve?urn=urn:nbn:se:statensmusikverk-5016\" target=\"_blank\">Romance.<\/a><\/td>\n<td>Boije&nbsp;965:22<\/td>\n<\/tr>\n<tr>\n<td>Rung, H.<\/td>\n<td><a href=\"http:\/\/urn.kb.se\/resolve?urn=urn:nbn:se:statensmusikverk-4817\" target=\"_blank\">Op. 1. Six Pi&egrave;ces ...<\/a><\/td>\n<td>Boije&nbsp;786<\/td>\n<\/tr>\n<tr>\n<td>Rung, H.<\/td>\n<td><a href=\"http:\/\/urn.kb.se\/resolve?urn=urn:nbn:se:statensmusikverk-4815\" target=\"_blank\">Op. 2. Deux Polonaises ...<\/a><\/td>\n<td>Boije&nbsp;784<\/td>\n<\/tr>\n<tr>\n<td>Rung, H.<\/td>\n<td><a href=\"http:\/\/urn.kb.se\/resolve?urn=urn:nbn:se:statensmusikverk-5193\" target=\"_blank\">Op. 3. Petites le&ccedil;ons progressives.<\/a><\/td>\n<td>Boije&nbsp;1138<\/td>\n<\/tr>\n<tr>\n<td>Rung, H.<\/td>\n<td><a href=\"http:\/\/urn.kb.se\/resolve?urn=urn:nbn:se:statensmusikverk-4816\" target=\"_blank\">Op. 4. Quatre solo ...<\/a><\/td>\n<td>Boije&nbsp;785<\/td>\n<\/tr>\n<tr>\n<td>&nbsp;<\/td>\n<td><a href=\"http:\/\/urn.kb.se\/resolve?urn=urn:nbn:se:statensmusikverk-4887\" target=\"_blank\">Russisches kirchenlied. Ich bete an die Macht der Liebe...<\/a><\/td>\n<td>Boije&nbsp;856<\/td>\n<\/tr>\n<tr>\n<td>R&ouml;mer, M.<\/td>\n<td><a href=\"http:\/\/urn.kb.se\/resolve?urn=urn:nbn:se:statensmusikverk-5025\" target=\"_blank\">Das ist das allerschwerste, das bittertiefste Weh. Se: Gitarristische Vereinigung ... X. Jahrg. Nr 2. 1909<\/a><\/td>\n<td>Boije&nbsp;967<\/td>\n<\/tr>\n<tr>\n<td>R&ouml;mer, M.<\/td>\n<td><a href=\"http:\/\/urn.kb.se\/resolve?urn=urn:nbn:se:statensmusikverk-5016\" target=\"_blank\">Hab' Sonne.<\/a><\/td>\n<td>Boije&nbsp;965:22&nbsp;<\/td>\n<\/tr>\n<tr>\n<td>R&ouml;mer, M.<\/td>\n<td><a href=\"http:\/\/urn.kb.se\/resolve?urn=urn:nbn:se:statensmusikverk-5027\" target=\"_blank\">Stilles Gl&uuml;ck. Se: Gitarristische Vereinigung ... X. Jahrg. Nr 4. 1909<\/a><\/td>\n<td>Boije&nbsp;969<\/td>\n<\/tr>\n<\/tbody>\n<\/table>\n<p>&nbsp;<\/p>\n<\/div><\/div><\/div><\/div><\/div>","protected":false},"excerpt":{"rendered":"<p>Noterna \u00e4r tillg\u00e4ngliga utan kostnad i PDF-format. Verken f\u00e5r publiceras utan s\u00e4rskilt tillst\u00e5nd med angivande av k\u00e4llan (Musik- och teaterbiblioteket &#8211; The Music and Theatre Library of Sweden). Tv\u00e5 exemplar ska i s\u00e5 fall skickas till biblioteket. Fr\u00e5gor eller synpunkter tas g\u00e4rna emot p\u00e5 specialsamlingar@musikverket.se. Till registret f\u00f6r Boijes samling<\/p>\n","protected":false},"author":1,"featured_media":0,"parent":18,"menu_order":0,"comment_status":"open","ping_status":"closed","template":"","meta":{"ngg_post_thumbnail":0,"spay_email":""},"categories":[4,3],"tags":[12,13,25,14],"yoast_head":"<!-- This site is optimized with the Yoast SEO plugin v16.3 - https:\/\/yoast.com\/wordpress\/plugins\/seo\/ -->\n<meta name=\"robots\" content=\"index, follow, max-snippet:-1, max-image-preview:large, max-video-preview:-1\" \/>\n<link rel=\"canonical\" href=\"https:\/\/musikverket-old.test.consids5.se\/musikochteaterbiblioteket\/ladda-ner-noter\/boijes-samling\/boijes-samling-r\/\" \/>\n<meta property=\"og:locale\" content=\"sv_SE\" \/>\n<meta property=\"og:type\" content=\"article\" \/>\n<meta property=\"og:title\" content=\"R - Musik- och teaterbiblioteket\" \/>\n<meta property=\"og:description\" content=\"Noterna \u00e4r tillg\u00e4ngliga utan kostnad i PDF-format. Verken f\u00e5r publiceras utan s\u00e4rskilt tillst\u00e5nd med angivande av k\u00e4llan (Musik- och teaterbiblioteket - The Music and Theatre Library of Sweden). Tv\u00e5 exemplar ska i s\u00e5 fall skickas till biblioteket. Fr\u00e5gor eller synpunkter tas g\u00e4rna emot p\u00e5 specialsamlingar@musikverket.se. Till registret f\u00f6r Boijes samling\" \/>\n<meta property=\"og:url\" content=\"https:\/\/musikverket-old.test.consids5.se\/musikochteaterbiblioteket\/ladda-ner-noter\/boijes-samling\/boijes-samling-r\/\" \/>\n<meta property=\"og:site_name\" content=\"Musik- och teaterbiblioteket\" \/>\n<meta property=\"article:modified_time\" content=\"2022-01-28T10:50:05+00:00\" \/>\n<meta name=\"twitter:label1\" content=\"Ber\u00e4knad l\u00e4stid\">\n\t<meta name=\"twitter:data1\" content=\"3 minuter\">\n<script type=\"application\/ld+json\" class=\"yoast-schema-graph\">{\"@context\":\"https:\/\/schema.org\",\"@graph\":[{\"@type\":\"WebSite\",\"@id\":\"https:\/\/musikverket-old.test.consids5.se\/musikochteaterbiblioteket\/#website\",\"url\":\"https:\/\/musikverket-old.test.consids5.se\/musikochteaterbiblioteket\/\",\"name\":\"Musik- och teaterbiblioteket\",\"description\":\"F\\u00f6rdjupning, kunskap och spelgl\\u00e4dje\",\"potentialAction\":[{\"@type\":\"SearchAction\",\"target\":\"https:\/\/musikverket-old.test.consids5.se\/musikochteaterbiblioteket\/?s={search_term_string}\",\"query-input\":\"required name=search_term_string\"}],\"inLanguage\":\"sv-SE\"},{\"@type\":\"WebPage\",\"@id\":\"https:\/\/musikverket-old.test.consids5.se\/musikochteaterbiblioteket\/ladda-ner-noter\/boijes-samling\/boijes-samling-r\/#webpage\",\"url\":\"https:\/\/musikverket-old.test.consids5.se\/musikochteaterbiblioteket\/ladda-ner-noter\/boijes-samling\/boijes-samling-r\/\",\"name\":\"R - Musik- och teaterbiblioteket\",\"isPartOf\":{\"@id\":\"https:\/\/musikverket-old.test.consids5.se\/musikochteaterbiblioteket\/#website\"},\"datePublished\":\"2012-11-20T15:14:47+00:00\",\"dateModified\":\"2022-01-28T10:50:05+00:00\",\"breadcrumb\":{\"@id\":\"https:\/\/musikverket-old.test.consids5.se\/musikochteaterbiblioteket\/ladda-ner-noter\/boijes-samling\/boijes-samling-r\/#breadcrumb\"},\"inLanguage\":\"sv-SE\",\"potentialAction\":[{\"@type\":\"ReadAction\",\"target\":[\"https:\/\/musikverket-old.test.consids5.se\/musikochteaterbiblioteket\/ladda-ner-noter\/boijes-samling\/boijes-samling-r\/\"]}]},{\"@type\":\"BreadcrumbList\",\"@id\":\"https:\/\/musikverket-old.test.consids5.se\/musikochteaterbiblioteket\/ladda-ner-noter\/boijes-samling\/boijes-samling-r\/#breadcrumb\",\"itemListElement\":[{\"@type\":\"ListItem\",\"position\":1,\"item\":{\"@type\":\"WebPage\",\"@id\":\"https:\/\/musikverket-old.test.consids5.se\/musikochteaterbiblioteket\/\",\"url\":\"https:\/\/musikverket-old.test.consids5.se\/musikochteaterbiblioteket\/\",\"name\":\"Hem\"}},{\"@type\":\"ListItem\",\"position\":2,\"item\":{\"@type\":\"WebPage\",\"@id\":\"https:\/\/musikverket-old.test.consids5.se\/musikochteaterbiblioteket\/ladda-ner-noter\/\",\"url\":\"https:\/\/musikverket-old.test.consids5.se\/musikochteaterbiblioteket\/ladda-ner-noter\/\",\"name\":\"Ladda ner noter\"}},{\"@type\":\"ListItem\",\"position\":3,\"item\":{\"@type\":\"WebPage\",\"@id\":\"https:\/\/musikverket-old.test.consids5.se\/musikochteaterbiblioteket\/ladda-ner-noter\/boijes-samling\/\",\"url\":\"https:\/\/musikverket-old.test.consids5.se\/musikochteaterbiblioteket\/ladda-ner-noter\/boijes-samling\/\",\"name\":\"Boijes samling\"}},{\"@type\":\"ListItem\",\"position\":4,\"item\":{\"@id\":\"https:\/\/musikverket-old.test.consids5.se\/musikochteaterbiblioteket\/ladda-ner-noter\/boijes-samling\/boijes-samling-r\/#webpage\"}}]}]}<\/script>\n<!-- \/ Yoast SEO plugin. -->","jetpack_shortlink":"https:\/\/wp.me\/P2ZwmI-z","jetpack_sharing_enabled":true,"_links":{"self":[{"href":"https:\/\/musikverket-old.test.consids5.se\/musikochteaterbiblioteket\/wp-json\/wp\/v2\/pages\/35"}],"collection":[{"href":"https:\/\/musikverket-old.test.consids5.se\/musikochteaterbiblioteket\/wp-json\/wp\/v2\/pages"}],"about":[{"href":"https:\/\/musikverket-old.test.consids5.se\/musikochteaterbiblioteket\/wp-json\/wp\/v2\/types\/page"}],"author":[{"embeddable":true,"href":"https:\/\/musikverket-old.test.consids5.se\/musikochteaterbiblioteket\/wp-json\/wp\/v2\/users\/1"}],"replies":[{"embeddable":true,"href":"https:\/\/musikverket-old.test.consids5.se\/musikochteaterbiblioteket\/wp-json\/wp\/v2\/comments?post=35"}],"version-history":[{"count":0,"href":"https:\/\/musikverket-old.test.consids5.se\/musikochteaterbiblioteket\/wp-json\/wp\/v2\/pages\/35\/revisions"}],"up":[{"embeddable":true,"href":"https:\/\/musikverket-old.test.consids5.se\/musikochteaterbiblioteket\/wp-json\/wp\/v2\/pages\/18"}],"wp:attachment":[{"href":"https:\/\/musikverket-old.test.consids5.se\/musikochteaterbiblioteket\/wp-json\/wp\/v2\/media?parent=35"}],"wp:term":[{"taxonomy":"category","embeddable":true,"href":"https:\/\/musikverket-old.test.consids5.se\/musikochteaterbiblioteket\/wp-json\/wp\/v2\/categories?post=35"},{"taxonomy":"post_tag","embeddable":true,"href":"https:\/\/musikverket-old.test.consids5.se\/musikochteaterbiblioteket\/wp-json\/wp\/v2\/tags?post=35"}],"curies":[{"name":"wp","href":"https:\/\/api.w.org\/{rel}","templated":true}]}}