{"id":3528,"date":"2013-02-28T14:05:01","date_gmt":"2013-02-28T13:05:01","guid":{"rendered":"http:\/\/statensmusikverk.se\/musikochteaterbiblioteket\/?page_id=3528"},"modified":"2021-03-04T10:17:23","modified_gmt":"2021-03-04T09:17:23","slug":"kvinnliga-tonsattare","status":"publish","type":"page","link":"https:\/\/musikverket-old.test.consids5.se\/musikochteaterbiblioteket\/rariteter\/kvinnliga-tonsattare\/","title":{"rendered":"Kvinnliga tons\u00e4ttare"},"content":{"rendered":"<div id=\"pl-3528\"  class=\"panel-layout\" ><div id=\"pg-3528-0\"  class=\"panel-grid panel-no-style\" ><div id=\"pgc-3528-0-0\"  class=\"panel-grid-cell\" ><div id=\"panel-3528-0-0-0\" class=\"so-panel widget widget_headers panel-first-child panel-last-child\" data-index=\"0\" ><div class=\"so-widget-headers so-widget-headers-base\"><h1 id=\"en-aterfunnen-repertoar\">En \u00e5terfunnen repertoar<\/h1>\n<\/div><\/div><\/div><\/div><div id=\"pg-3528-1\"  class=\"panel-grid panel-no-style\" ><div id=\"pgc-3528-1-0\"  class=\"panel-grid-cell panel-grid-cell-mobile-last\" ><div id=\"panel-3528-1-0-0\" class=\"so-panel widget widget_black-studio-tinymce widget_black_studio_tinymce panel-first-child panel-last-child\" data-index=\"1\" ><div class=\"textwidget\"><p><em>Kungl. Musikaliska Akademien har letat reda p&aring; en undang&ouml;md musikresurs i Musik- och teaterbibliotekets arkiv. I en omfattande inventering hittades &ouml;ver tusen verk av drygt 70 kvinnliga tons&auml;ttare, verk som tidigare har legat utspridda i samlingarna.<\/em><\/p>\n<\/div><\/div><\/div><div id=\"pgc-3528-1-1\"  class=\"panel-grid-cell panel-grid-cell-empty\" ><\/div><\/div><div id=\"pg-3528-2\"  class=\"panel-grid panel-has-style\" ><div class=\"siteorigin-panels-stretch panel-row-style panel-row-style-for-3528-2\" data-stretch-type=\"full-stretched\" ><div id=\"pgc-3528-2-0\"  class=\"panel-grid-cell\" ><div id=\"panel-3528-2-0-0\" class=\"so-panel widget widget_text panel-first-child panel-last-child\" data-index=\"2\" >\t\t\t<div class=\"textwidget\"><div style=\"background-color:black;margin:0px;height:425px\">\n<img src=\"\/musikochteaterbiblioteket\/files\/2013\/02\/MTM_Toppsnurra_bild_kvinl_tonst.jpg\" alt=\"Kvinnliga tons\u00e4ttare \u2013 en \u00e5terfunnen repertoar. (fr. v. Amanda Maier-R\u00f6ntgen, Helfrid Lambert, Laura Netzel, Elfrida Andr\u00e9e & Helena Munktell)\" title=\"Kvinnliga tons\u00e4ttare \u2013 en \u00e5terfunnen repertoar. (fr. v. Amanda Maier-R\u00f6ntgen, Helfrid Lambert, Laura Netzel, Elfrida Andr\u00e9e & Helena Munktell)\">\n<\/div><\/div>\n\t\t<\/div><\/div><\/div><\/div><div id=\"pg-3528-3\"  class=\"panel-grid panel-no-style\" ><div id=\"pgc-3528-3-0\"  class=\"panel-grid-cell\" ><div id=\"panel-3528-3-0-0\" class=\"so-panel widget widget_headers panel-first-child\" data-index=\"3\" ><div class=\"so-widget-headers so-widget-headers-base\"><h3 id=\"levande-musikarv\">Levande musikarv<\/h3>\n<\/div><\/div><div id=\"panel-3528-3-0-1\" class=\"so-panel widget widget_black-studio-tinymce widget_black_studio_tinymce\" data-index=\"4\" ><div class=\"textwidget\"><p><a title=\"Kungl. Musikaliska akademien\" href=\"http:\/\/www.musakad.se\/\" target=\"_blank\">Kungl. Musikaliska Akademien<\/a>s projekt <a title=\"En \u00e5terfunnen repertoar\" href=\"\/artikel\/en-aterfunnen-repertoar-2\/\"><em>Kvinnliga tons\u00e4ttare: bevarande och tillg\u00e4ngligg\u00f6rande av ett kulturarv <\/em><\/a>syftar till att lyfta fram verk skrivna av kvinnor och att g\u00f6ra noterna spelbara f\u00f6r dagens musiker. Projektet ing\u00e5r i akademiens projekt <em><a title=\"Levande musikarv\" href=\"http:\/\/www.levandemusikarv.se\/\" target=\"_blank\">Levande musikarv<\/a>\u00a0<\/em>och har genomf\u00f6rts med j\u00e4mst\u00e4lldhetsst\u00f6d fr\u00e5n Musikverket. Kungl. Musikaliska Akademien vill nu g\u00e5 vidare och skanna vissa utvalda verk f\u00f6r att g\u00f6ra dem tillg\u00e4ngliga via den nationella biblioteksdatabasen Libris.<\/p>\n<\/div><\/div><div id=\"panel-3528-3-0-2\" class=\"so-panel widget widget_headers\" data-index=\"5\" ><div class=\"so-widget-headers so-widget-headers-base\"><h3 id=\"noter-fran-flera-hundra-ar\">Noter fr\u00e5n flera hundra \u00e5r<\/h3>\n<\/div><\/div><div id=\"panel-3528-3-0-3\" class=\"so-panel widget widget_black-studio-tinymce widget_black_studio_tinymce panel-last-child\" data-index=\"6\" ><div class=\"textwidget\"><p>Musik- och teaterbiblioteket grundades 1771 som Kungl. Musikaliska akademiens eget bibliotek och har samlat noter &auml;nda sedan dess. Under bibliotekets m&aring;nghundra&aring;riga historia har sorteringsprinciperna och omflyttningarna avl&ouml;st varandra. Det har inneburit att verk av en och samma tons&auml;ttare kan ha splittrats och spridits ut p&aring; olika platser i de stora och m&aring;nga samlingarna. Att f&aring; &ouml;verblick &ouml;ver vissa tons&auml;ttares samlade produktion och betydelse har d&auml;rmed varit mycket sv&aring;rt.<\/p>\n<\/div><\/div><\/div><div id=\"pgc-3528-3-1\"  class=\"panel-grid-cell\" ><div id=\"panel-3528-3-1-0\" class=\"so-panel widget widget_headers panel-first-child\" data-index=\"7\" ><div class=\"so-widget-headers so-widget-headers-base\"><h3 id=\"forteckning-over-verken\">F\u00f6rteckning \u00f6ver verken<\/h3>\n<\/div><\/div><div id=\"panel-3528-3-1-1\" class=\"so-panel widget widget_black-studio-tinymce widget_black_studio_tinymce\" data-index=\"8\" ><div class=\"textwidget\"><p>\u00d6ver tusen verk av drygt 70 kvinnliga tons\u00e4ttare f\u00f6dda mellan 1746 och 1916 har hittats hitills.&nbsp;Vanligast f\u00f6rekommande \u00e4r pianostycken och s\u00e5nger med pianoackompanjemang. H\u00e4r finns \u00e4ven tv\u00e5 operor, <em>Fritiofs saga<\/em> av Elfrida Andr\u00e9e och <em>I Firenze<\/em> av Helena Munktell, operetten <em>Skatten<\/em> av Helfrid Lambert, sagospelen<em> Kung Balbunga i Vajavunga<\/em> av M\u00e4rta Tham och <em>Skogsst\u00e4mning<\/em> av Alice Tegn\u00e9r, ett 30-tal kantater, n\u00e5gra st\u00f6rre k\u00f6rverk och 15 vaggs\u00e5nger.&nbsp;<\/p>\n<p><a title=\"Inventering kvinnliga tons\u00e4ttare\" href=\"\/musikochteaterbiblioteket\/files\/2017\/11\/Inventering-kvinnliga-tons\u00e4ttare_2021-02-19.pdf\" target=\"_blank\">Till f\u00f6rteckningen<\/a><\/p>\n<\/div><\/div><div id=\"panel-3528-3-1-2\" class=\"so-panel widget widget_headers\" data-index=\"9\" ><div class=\"so-widget-headers so-widget-headers-base\"><h3 id=\"ladda-ner-och-bestall-noter\">Ladda ner och best\u00e4ll noter<\/h3>\n<\/div><\/div><div id=\"panel-3528-3-1-3\" class=\"so-panel widget widget_black-studio-tinymce widget_black_studio_tinymce panel-last-child\" data-index=\"10\" ><div class=\"textwidget\"><p class=\"p1\">En stor m&auml;ngd av noterna har digitaliserats och kan laddas ner&nbsp;fritt fr&aring;n&nbsp;<a title=\"Ladda ner fr&aring;n bibliotekets katalog\" href=\"http:\/\/discover.musikverket.se\/iii\/encore\/search\/C__S%28kvinnliga%20tons%C3%A4ttare%29__Ff%3Afacetmediatype%3A1%3A1%3ADigitala%20noter%3A%3A__Orightresult__U__X0?lang=swe&amp;suite=gold%20\" target=\"_blank\">Musik- och teaterbibliotekets katalog<\/a>. Digitaliseringsarbetet p&aring;g&aring;r och fler verk fylls p&aring; efterhand. Samtliga noter&nbsp;kan&nbsp;l&aring;nas p&aring; biblioteket, det g&aring;r &auml;ven bra att best&auml;lla kopior genom att&nbsp;<a title=\"Kontakt\" href=\"\/musikochteaterbiblioteket\/kontakt\/#raritet\">kontakta raritetsavdelningen<\/a>. Se&nbsp;<a title=\"Prislista\" href=\"http:\/\/statensmusikverk.se\/musikochteaterbiblioteket\/besok-biblioteket\/prislista\/\">prislista<\/a>&nbsp;f&ouml;r kopior.<\/p>\n<\/div><\/div><\/div><\/div><\/div>","protected":false},"excerpt":{"rendered":"<p>Kungl. Musikaliska Akademien har letat reda p&aring; en undang&ouml;md musikresurs i Musik- och teaterbibliotekets arkiv. I en omfattande inventering hittades &ouml;ver tusen verk av drygt 70 kvinnliga tons&auml;ttare, verk som tidigare har legat utspridda i samlingarna.<\/p>\n","protected":false},"author":4,"featured_media":0,"parent":45,"menu_order":0,"comment_status":"open","ping_status":"open","template":"","meta":{"ngg_post_thumbnail":0,"spay_email":""},"categories":[4,3],"tags":[188,54,189,191,187,192,152,190,15],"yoast_head":"<!-- This site is optimized with the Yoast SEO plugin v16.3 - https:\/\/yoast.com\/wordpress\/plugins\/seo\/ -->\n<meta name=\"robots\" content=\"index, follow, max-snippet:-1, max-image-preview:large, max-video-preview:-1\" \/>\n<link rel=\"canonical\" href=\"https:\/\/musikverket-old.test.consids5.se\/musikochteaterbiblioteket\/rariteter\/kvinnliga-tonsattare\/\" \/>\n<meta property=\"og:locale\" content=\"sv_SE\" \/>\n<meta property=\"og:type\" content=\"article\" \/>\n<meta property=\"og:title\" content=\"Kvinnliga tons\u00e4ttare - Musik- och teaterbiblioteket\" \/>\n<meta property=\"og:description\" content=\"Kungl. Musikaliska Akademien har letat reda p&aring; en undang&ouml;md musikresurs i Musik- och teaterbibliotekets arkiv. I en omfattande inventering hittades &ouml;ver tusen verk av drygt 70 kvinnliga tons&auml;ttare, verk som tidigare har legat utspridda i samlingarna.\" \/>\n<meta property=\"og:url\" content=\"https:\/\/musikverket-old.test.consids5.se\/musikochteaterbiblioteket\/rariteter\/kvinnliga-tonsattare\/\" \/>\n<meta property=\"og:site_name\" content=\"Musik- och teaterbiblioteket\" \/>\n<meta property=\"article:modified_time\" content=\"2021-03-04T09:17:23+00:00\" \/>\n<meta property=\"og:image\" content=\"https:\/\/musikverket-old.test.consids5.se\/musikochteaterbiblioteket\/files\/2013\/02\/MTM_Toppsnurra_bild_kvinl_tonst.jpg\" \/>\n<meta name=\"twitter:label1\" content=\"Ber\u00e4knad l\u00e4stid\">\n\t<meta name=\"twitter:data1\" content=\"2 minuter\">\n<script type=\"application\/ld+json\" class=\"yoast-schema-graph\">{\"@context\":\"https:\/\/schema.org\",\"@graph\":[{\"@type\":\"WebSite\",\"@id\":\"https:\/\/musikverket-old.test.consids5.se\/musikochteaterbiblioteket\/#website\",\"url\":\"https:\/\/musikverket-old.test.consids5.se\/musikochteaterbiblioteket\/\",\"name\":\"Musik- och teaterbiblioteket\",\"description\":\"F\\u00f6rdjupning, kunskap och spelgl\\u00e4dje\",\"potentialAction\":[{\"@type\":\"SearchAction\",\"target\":\"https:\/\/musikverket-old.test.consids5.se\/musikochteaterbiblioteket\/?s={search_term_string}\",\"query-input\":\"required name=search_term_string\"}],\"inLanguage\":\"sv-SE\"},{\"@type\":\"ImageObject\",\"@id\":\"https:\/\/musikverket-old.test.consids5.se\/musikochteaterbiblioteket\/rariteter\/kvinnliga-tonsattare\/#primaryimage\",\"inLanguage\":\"sv-SE\",\"url\":\"\/musikochteaterbiblioteket\/files\/2013\/02\/MTM_Toppsnurra_bild_kvinl_tonst.jpg\",\"contentUrl\":\"\/musikochteaterbiblioteket\/files\/2013\/02\/MTM_Toppsnurra_bild_kvinl_tonst.jpg\"},{\"@type\":\"WebPage\",\"@id\":\"https:\/\/musikverket-old.test.consids5.se\/musikochteaterbiblioteket\/rariteter\/kvinnliga-tonsattare\/#webpage\",\"url\":\"https:\/\/musikverket-old.test.consids5.se\/musikochteaterbiblioteket\/rariteter\/kvinnliga-tonsattare\/\",\"name\":\"Kvinnliga tons\\u00e4ttare - Musik- och teaterbiblioteket\",\"isPartOf\":{\"@id\":\"https:\/\/musikverket-old.test.consids5.se\/musikochteaterbiblioteket\/#website\"},\"primaryImageOfPage\":{\"@id\":\"https:\/\/musikverket-old.test.consids5.se\/musikochteaterbiblioteket\/rariteter\/kvinnliga-tonsattare\/#primaryimage\"},\"datePublished\":\"2013-02-28T13:05:01+00:00\",\"dateModified\":\"2021-03-04T09:17:23+00:00\",\"breadcrumb\":{\"@id\":\"https:\/\/musikverket-old.test.consids5.se\/musikochteaterbiblioteket\/rariteter\/kvinnliga-tonsattare\/#breadcrumb\"},\"inLanguage\":\"sv-SE\",\"potentialAction\":[{\"@type\":\"ReadAction\",\"target\":[\"https:\/\/musikverket-old.test.consids5.se\/musikochteaterbiblioteket\/rariteter\/kvinnliga-tonsattare\/\"]}]},{\"@type\":\"BreadcrumbList\",\"@id\":\"https:\/\/musikverket-old.test.consids5.se\/musikochteaterbiblioteket\/rariteter\/kvinnliga-tonsattare\/#breadcrumb\",\"itemListElement\":[{\"@type\":\"ListItem\",\"position\":1,\"item\":{\"@type\":\"WebPage\",\"@id\":\"https:\/\/musikverket-old.test.consids5.se\/musikochteaterbiblioteket\/\",\"url\":\"https:\/\/musikverket-old.test.consids5.se\/musikochteaterbiblioteket\/\",\"name\":\"Hem\"}},{\"@type\":\"ListItem\",\"position\":2,\"item\":{\"@type\":\"WebPage\",\"@id\":\"https:\/\/musikverket-old.test.consids5.se\/musikochteaterbiblioteket\/rariteter\/\",\"url\":\"https:\/\/musikverket-old.test.consids5.se\/musikochteaterbiblioteket\/rariteter\/\",\"name\":\"Rariteter\"}},{\"@type\":\"ListItem\",\"position\":3,\"item\":{\"@id\":\"https:\/\/musikverket-old.test.consids5.se\/musikochteaterbiblioteket\/rariteter\/kvinnliga-tonsattare\/#webpage\"}}]}]}<\/script>\n<!-- \/ Yoast SEO plugin. -->","jetpack_shortlink":"https:\/\/wp.me\/P2ZwmI-UU","jetpack_sharing_enabled":true,"_links":{"self":[{"href":"https:\/\/musikverket-old.test.consids5.se\/musikochteaterbiblioteket\/wp-json\/wp\/v2\/pages\/3528"}],"collection":[{"href":"https:\/\/musikverket-old.test.consids5.se\/musikochteaterbiblioteket\/wp-json\/wp\/v2\/pages"}],"about":[{"href":"https:\/\/musikverket-old.test.consids5.se\/musikochteaterbiblioteket\/wp-json\/wp\/v2\/types\/page"}],"author":[{"embeddable":true,"href":"https:\/\/musikverket-old.test.consids5.se\/musikochteaterbiblioteket\/wp-json\/wp\/v2\/users\/4"}],"replies":[{"embeddable":true,"href":"https:\/\/musikverket-old.test.consids5.se\/musikochteaterbiblioteket\/wp-json\/wp\/v2\/comments?post=3528"}],"version-history":[{"count":0,"href":"https:\/\/musikverket-old.test.consids5.se\/musikochteaterbiblioteket\/wp-json\/wp\/v2\/pages\/3528\/revisions"}],"up":[{"embeddable":true,"href":"https:\/\/musikverket-old.test.consids5.se\/musikochteaterbiblioteket\/wp-json\/wp\/v2\/pages\/45"}],"wp:attachment":[{"href":"https:\/\/musikverket-old.test.consids5.se\/musikochteaterbiblioteket\/wp-json\/wp\/v2\/media?parent=3528"}],"wp:term":[{"taxonomy":"category","embeddable":true,"href":"https:\/\/musikverket-old.test.consids5.se\/musikochteaterbiblioteket\/wp-json\/wp\/v2\/categories?post=3528"},{"taxonomy":"post_tag","embeddable":true,"href":"https:\/\/musikverket-old.test.consids5.se\/musikochteaterbiblioteket\/wp-json\/wp\/v2\/tags?post=3528"}],"curies":[{"name":"wp","href":"https:\/\/api.w.org\/{rel}","templated":true}]}}