{"id":39,"date":"2012-11-20T16:25:16","date_gmt":"2012-11-20T15:25:16","guid":{"rendered":"http:\/\/musikverket.adeprimo.se\/musikochteaterbiblioteket\/?page_id=3800"},"modified":"2022-01-28T11:52:58","modified_gmt":"2022-01-28T10:52:58","slug":"boijes-samling-v-w","status":"publish","type":"page","link":"https:\/\/musikverket-old.test.consids5.se\/musikochteaterbiblioteket\/ladda-ner-noter\/boijes-samling\/boijes-samling-v-w\/","title":{"rendered":"V, W"},"content":{"rendered":"<div id=\"pl-39\"  class=\"panel-layout\" ><div id=\"pg-39-0\"  class=\"panel-grid panel-no-style\" ><div id=\"pgc-39-0-0\"  class=\"panel-grid-cell\" ><div id=\"panel-39-0-0-0\" class=\"so-panel widget widget_headers panel-first-child panel-last-child\" data-index=\"0\" ><div class=\"so-widget-headers so-widget-headers-base\"><h1 id=\"boijes-samling-v-w\">Boijes samling \u2013 V, W<\/h1>\n<\/div><\/div><\/div><\/div><div id=\"pg-39-1\"  class=\"panel-grid panel-no-style\" ><div id=\"pgc-39-1-0\"  class=\"panel-grid-cell panel-grid-cell-mobile-last\" ><div id=\"panel-39-1-0-0\" class=\"so-panel widget widget_black-studio-tinymce widget_black_studio_tinymce panel-first-child panel-last-child\" data-index=\"1\" ><div class=\"textwidget\"><p align=\"left\"><em>Noterna \u00e4r tillg\u00e4ngliga utan kostnad i PDF-format. Verken f\u00e5r publiceras utan s\u00e4rskilt tillst\u00e5nd med angivande av k\u00e4llan (Musik- och teaterbiblioteket - The Music and Theatre Library of Sweden). Tv\u00e5 exemplar ska i s\u00e5 fall skickas till biblioteket. Fr\u00e5gor eller synpunkter tas g\u00e4rna emot p\u00e5 <a href=\"mailto:specialsamlingar@musikverket.se\">specialsamlingar@musikverket.se<\/a>.<\/em><\/p>\n<p><a title=\"Boijes samling\" href=\"\/musikochteaterbiblioteket\/ladda-ner-noter\/boijes-samling\/\" target=\"_self\">Till registret f\u00f6r Boijes samling<\/a><\/p>\n<\/div><\/div><\/div><div id=\"pgc-39-1-1\"  class=\"panel-grid-cell panel-grid-cell-empty\" ><\/div><\/div><div id=\"pg-39-2\"  class=\"panel-grid panel-no-style\" ><div id=\"pgc-39-2-0\"  class=\"panel-grid-cell\" ><div id=\"panel-39-2-0-0\" class=\"so-panel widget widget_black-studio-tinymce widget_black_studio_tinymce panel-first-child panel-last-child\" data-index=\"2\" ><div class=\"textwidget\"><table id=\"table_1\" border=\"2\" width=\"1044\" cellspacing=\"0\" cellpadding=\"2\">\n<tbody>\n<tr>\n<td>Wagner, A.<\/td>\n<td><a href=\"http:\/\/urn.kb.se\/resolve?urn=urn:nbn:se:statensmusikverk-5069\" target=\"_blank\">Bl&uuml;mlein, liebe Bl&uuml;mlein. Se: Gitarristische Vereinigung ... XVIII. Jahrg. Nr 1. 1917<\/a><\/td>\n<td>Boije&nbsp;1012<\/td>\n<\/tr>\n<tr>\n<td>Wagner, J. H.<\/td>\n<td><a href=\"http:\/\/urn.kb.se\/resolve?urn=urn:nbn:se:statensmusikverk-5090\" target=\"_blank\">Rondo No. 3. Se: Freie Vereinigung ... 3. Jahrg. Nr 5. 1906<\/a><\/td>\n<td>Boije&nbsp;1034<\/td>\n<\/tr>\n<tr>\n<td>&nbsp;<\/td>\n<td><a href=\"http:\/\/urn.kb.se\/resolve?urn=urn:nbn:se:statensmusikverk-5066\" target=\"_blank\">Waltzer (Rundtanz, der im 18:ten Jahrhundert...) Se: Gitarristische Vereinigung ... XVII. Jahrg. Nr 4. 1916<\/a><\/td>\n<td>Boije&nbsp;1009<\/td>\n<\/tr>\n<tr>\n<td>Wanczura, J.<\/td>\n<td><a href=\"http:\/\/urn.kb.se\/resolve?urn=urn:nbn:se:statensmusikverk-4864\" target=\"_blank\">Op. 13. Variationen ...<\/a><\/td>\n<td>Boije&nbsp;833<\/td>\n<\/tr>\n<tr>\n<td>Weber, C. M. v<\/td>\n<td><a href=\"http:\/\/urn.kb.se\/resolve?urn=urn:nbn:se:statensmusikverk-5161\" target=\"_blank\">Cotillon ur Oberon.<\/a><\/td>\n<td>Boije&nbsp;1106<\/td>\n<\/tr>\n<tr>\n<td>Weber, C. M. v<\/td>\n<td><a href=\"http:\/\/urn.kb.se\/resolve?urn=urn:nbn:se:statensmusikverk-5162\" target=\"_blank\">Cotillon ur Oberon. Mozart, ...<\/a><\/td>\n<td>Boije&nbsp;1107<\/td>\n<\/tr>\n<tr>\n<td>Weber, C. M. v<\/td>\n<td><a href=\"http:\/\/urn.kb.se\/resolve?urn=urn:nbn:se:statensmusikverk-5108\" target=\"_blank\">Lied aus Preciosa. Se: Freie Vereinigung ... 5. Jahrg. Nr 7. 1908<\/a><\/td>\n<td>Boije&nbsp;1052<\/td>\n<\/tr>\n<tr>\n<td>Wennerberg, G.<\/td>\n<td><a href=\"http:\/\/urn.kb.se\/resolve?urn=urn:nbn:se:statensmusikverk-4917\" target=\"_blank\">S&aring;nger ... H. 1.<\/a><\/td>\n<td>Boije&nbsp;887<\/td>\n<\/tr>\n<tr>\n<td>Wepf, J.<\/td>\n<td><a href=\"http:\/\/urn.kb.se\/resolve?urn=urn:nbn:se:statensmusikverk-4987\" target=\"_blank\">Der Frohe Guitarrenspieler ... H. 1.<\/a><\/td>\n<td>Boije&nbsp;958<\/td>\n<\/tr>\n<tr>\n<td>Wepf, J.<\/td>\n<td><a href=\"http:\/\/urn.kb.se\/resolve?urn=urn:nbn:se:statensmusikverk-4988\" target=\"_blank\">Der Frohe Guitarrenspieler ... H. 2.<\/a><\/td>\n<td>Boije&nbsp;959<\/td>\n<\/tr>\n<tr>\n<td>Wepf, J.<\/td>\n<td><a href=\"http:\/\/urn.kb.se\/resolve?urn=urn:nbn:se:statensmusikverk-4989\" target=\"_blank\">Der Frohe Guitarrenspieler ... H. 3.<\/a><\/td>\n<td>Boije&nbsp;960<\/td>\n<\/tr>\n<tr>\n<td>Wepf, J.<\/td>\n<td><a href=\"http:\/\/urn.kb.se\/resolve?urn=urn:nbn:se:statensmusikverk-4990\" target=\"_blank\">Der Frohe Guitarrenspieler ... H. 4.<\/a><\/td>\n<td>Boije&nbsp;961<\/td>\n<\/tr>\n<tr>\n<td>Wepf, J.<\/td>\n<td><a href=\"http:\/\/urn.kb.se\/resolve?urn=urn:nbn:se:statensmusikverk-4991\" target=\"_blank\">Der Frohe Guitarrenspieler ... H. 5.<\/a><\/td>\n<td>Boije&nbsp;962<\/td>\n<\/tr>\n<tr>\n<td>Wepf, J.<\/td>\n<td><a href=\"http:\/\/urn.kb.se\/resolve?urn=urn:nbn:se:statensmusikverk-4992\" target=\"_blank\">Der Frohe Guitarrenspieler ... H. 6.<\/a><\/td>\n<td>Boije&nbsp;963<\/td>\n<\/tr>\n<tr>\n<td>Verini, P.<\/td>\n<td><a href=\"http:\/\/urn.kb.se\/resolve?urn=urn:nbn:se:statensmusikverk-4865\" target=\"_blank\">Rudiments ... Book 2.<\/a><\/td>\n<td>Boije&nbsp;834<\/td>\n<\/tr>\n<tr>\n<td>Verini, P.<\/td>\n<td><a href=\"http:\/\/urn.kb.se\/resolve?urn=urn:nbn:se:statensmusikverk-4919\" target=\"_blank\">Spanish guitar. The New Year's gift for 1837.<\/a><\/td>\n<td>Boije&nbsp;889<\/td>\n<\/tr>\n<tr>\n<td>Verini, P.<\/td>\n<td><a href=\"http:\/\/urn.kb.se\/resolve?urn=urn:nbn:se:statensmusikverk-4918\" target=\"_blank\">Spanish guitar. Petit souvenir ... 1836.<\/a><\/td>\n<td>Boije&nbsp;888<\/td>\n<\/tr>\n<tr>\n<td>&nbsp;<\/td>\n<td><a href=\"http:\/\/urn.kb.se\/resolve?urn=urn:nbn:se:statensmusikverk-5165\" target=\"_blank\">Vermlandsvisa Om dagen vid mitt arbete. M.m.<\/a><\/td>\n<td>Boije&nbsp;1110<\/td>\n<\/tr>\n<tr>\n<td>Werner, Ad.<\/td>\n<td><a href=\"http:\/\/urn.kb.se\/resolve?urn=urn:nbn:se:statensmusikverk-5083\" target=\"_blank\">Sonate. 1. Satz. Guitare. Se: Freie Vereinigung ... 2. Jahrg. Nr 6. 1905<\/a><\/td>\n<td>Boije&nbsp;1027<\/td>\n<\/tr>\n<tr>\n<td>Werner, Ad.<\/td>\n<td><a href=\"http:\/\/urn.kb.se\/resolve?urn=urn:nbn:se:statensmusikverk-5084\" target=\"_blank\">Sonate. 2, 3, 4. Satz. Se: Freie Vereinigung ... 2. Jahrg. Nr 7. 1905<\/a><\/td>\n<td>Boije&nbsp;1028<\/td>\n<\/tr>\n<tr>\n<td>Weyse, C. E. F.<\/td>\n<td><a href=\"http:\/\/urn.kb.se\/resolve?urn=urn:nbn:se:statensmusikverk-5163\" target=\"_blank\">Konge i Leire.<\/a><\/td>\n<td>Boije&nbsp;1108<\/td>\n<\/tr>\n<tr>\n<td>Vidal<\/td>\n<td><a href=\"http:\/\/urn.kb.se\/resolve?urn=urn:nbn:se:statensmusikverk-4866\" target=\"_blank\">Air des Folies d'Espagne<\/a><\/td>\n<td>Boije&nbsp;835<\/td>\n<\/tr>\n<tr>\n<td>Villebois, C.<\/td>\n<td><a href=\"http:\/\/urn.kb.se\/resolve?urn=urn:nbn:se:statensmusikverk-4867\" target=\"_blank\">150 Airs nationales russes.<\/a><\/td>\n<td>Boije&nbsp;836<\/td>\n<\/tr>\n<tr>\n<td>Willroider, J.<\/td>\n<td><a href=\"http:\/\/urn.kb.se\/resolve?urn=urn:nbn:se:statensmusikverk-5007\" target=\"_blank\">Mein Bua. L&auml;ndler.<\/a><\/td>\n<td>Boije&nbsp;965:13<\/td>\n<\/tr>\n<tr>\n<td>Willroider, J.<\/td>\n<td><a href=\"http:\/\/urn.kb.se\/resolve?urn=urn:nbn:se:statensmusikverk-5007\" target=\"_blank\">Der verlassene Bua. L&auml;ndler.<\/a><\/td>\n<td>Boije&nbsp;965:13<\/td>\n<\/tr>\n<tr>\n<td>Wisotzky, M.<\/td>\n<td><a href=\"http:\/\/urn.kb.se\/resolve?urn=urn:nbn:se:statensmusikverk-5102\" target=\"_blank\">Pr&eacute;lude No. 2, No. 8. Se: Freie Vereinigung ... 5. Jahrg. Nr 1. 1908<\/a><\/td>\n<td>Boije&nbsp;1046<\/td>\n<\/tr>\n<tr>\n<td>&nbsp;<\/td>\n<td><a href=\"http:\/\/urn.kb.se\/resolve?urn=urn:nbn:se:statensmusikverk-5011\" target=\"_blank\">Wo i geh, wo i steh<\/a><\/td>\n<td>Boije&nbsp;965:17<\/td>\n<\/tr>\n<tr>\n<td>Volker, S.<\/td>\n<td><a href=\"http:\/\/urn.kb.se\/resolve?urn=urn:nbn:se:statensmusikverk-4868\" target=\"_blank\">Marche Fun&eacute;ber ...<\/a><\/td>\n<td>Boije&nbsp;837<\/td>\n<\/tr>\n<tr>\n<td>&nbsp;<\/td>\n<td><a href=\"http:\/\/urn.kb.se\/resolve?urn=urn:nbn:se:statensmusikverk-5164\" target=\"_blank\">VOLKSLIEDER Finnische<\/a><\/td>\n<td>Boije&nbsp;1109<\/td>\n<\/tr>\n<tr>\n<td>Wusotski, M.<\/td>\n<td><a href=\"http:\/\/urn.kb.se\/resolve?urn=urn:nbn:se:statensmusikverk-4870\" target=\"_blank\">Min n&auml;ktergal.<\/a><\/td>\n<td>Boije&nbsp;839<\/td>\n<\/tr>\n<tr>\n<td>Wusotski, M.<\/td>\n<td><a href=\"http:\/\/urn.kb.se\/resolve?urn=urn:nbn:se:statensmusikverk-4869\" target=\"_blank\">Prelude.<\/a><\/td>\n<td>Boije&nbsp;838<\/td>\n<\/tr>\n<\/tbody>\n<\/table>\n<p>&nbsp;<\/p>\n<\/div><\/div><\/div><\/div><\/div>","protected":false},"excerpt":{"rendered":"<p>Noterna \u00e4r tillg\u00e4ngliga utan kostnad i PDF-format. Verken f\u00e5r publiceras utan s\u00e4rskilt tillst\u00e5nd med angivande av k\u00e4llan (Musik- och teaterbiblioteket &#8211; The Music and Theatre Library of Sweden). Tv\u00e5 exemplar ska i s\u00e5 fall skickas till biblioteket. Fr\u00e5gor eller synpunkter tas g\u00e4rna emot p\u00e5 specialsamlingar@musikverket.se. Till registret f\u00f6r Boijes samling<\/p>\n","protected":false},"author":1,"featured_media":0,"parent":18,"menu_order":0,"comment_status":"open","ping_status":"closed","template":"","meta":{"ngg_post_thumbnail":0,"spay_email":""},"categories":[4,3],"tags":[12,13,25,14],"yoast_head":"<!-- This site is optimized with the Yoast SEO plugin v16.3 - https:\/\/yoast.com\/wordpress\/plugins\/seo\/ -->\n<meta name=\"robots\" content=\"index, follow, max-snippet:-1, max-image-preview:large, max-video-preview:-1\" \/>\n<link rel=\"canonical\" href=\"https:\/\/musikverket-old.test.consids5.se\/musikochteaterbiblioteket\/ladda-ner-noter\/boijes-samling\/boijes-samling-v-w\/\" \/>\n<meta property=\"og:locale\" content=\"sv_SE\" \/>\n<meta property=\"og:type\" content=\"article\" \/>\n<meta property=\"og:title\" content=\"V, W - Musik- och teaterbiblioteket\" \/>\n<meta property=\"og:description\" content=\"Noterna \u00e4r tillg\u00e4ngliga utan kostnad i PDF-format. Verken f\u00e5r publiceras utan s\u00e4rskilt tillst\u00e5nd med angivande av k\u00e4llan (Musik- och teaterbiblioteket - The Music and Theatre Library of Sweden). Tv\u00e5 exemplar ska i s\u00e5 fall skickas till biblioteket. Fr\u00e5gor eller synpunkter tas g\u00e4rna emot p\u00e5 specialsamlingar@musikverket.se. Till registret f\u00f6r Boijes samling\" \/>\n<meta property=\"og:url\" content=\"https:\/\/musikverket-old.test.consids5.se\/musikochteaterbiblioteket\/ladda-ner-noter\/boijes-samling\/boijes-samling-v-w\/\" \/>\n<meta property=\"og:site_name\" content=\"Musik- och teaterbiblioteket\" \/>\n<meta property=\"article:modified_time\" content=\"2022-01-28T10:52:58+00:00\" \/>\n<meta name=\"twitter:label1\" content=\"Ber\u00e4knad l\u00e4stid\">\n\t<meta name=\"twitter:data1\" content=\"2 minuter\">\n<script type=\"application\/ld+json\" class=\"yoast-schema-graph\">{\"@context\":\"https:\/\/schema.org\",\"@graph\":[{\"@type\":\"WebSite\",\"@id\":\"https:\/\/musikverket-old.test.consids5.se\/musikochteaterbiblioteket\/#website\",\"url\":\"https:\/\/musikverket-old.test.consids5.se\/musikochteaterbiblioteket\/\",\"name\":\"Musik- och teaterbiblioteket\",\"description\":\"F\\u00f6rdjupning, kunskap och spelgl\\u00e4dje\",\"potentialAction\":[{\"@type\":\"SearchAction\",\"target\":\"https:\/\/musikverket-old.test.consids5.se\/musikochteaterbiblioteket\/?s={search_term_string}\",\"query-input\":\"required name=search_term_string\"}],\"inLanguage\":\"sv-SE\"},{\"@type\":\"WebPage\",\"@id\":\"https:\/\/musikverket-old.test.consids5.se\/musikochteaterbiblioteket\/ladda-ner-noter\/boijes-samling\/boijes-samling-v-w\/#webpage\",\"url\":\"https:\/\/musikverket-old.test.consids5.se\/musikochteaterbiblioteket\/ladda-ner-noter\/boijes-samling\/boijes-samling-v-w\/\",\"name\":\"V, W - Musik- och teaterbiblioteket\",\"isPartOf\":{\"@id\":\"https:\/\/musikverket-old.test.consids5.se\/musikochteaterbiblioteket\/#website\"},\"datePublished\":\"2012-11-20T15:25:16+00:00\",\"dateModified\":\"2022-01-28T10:52:58+00:00\",\"breadcrumb\":{\"@id\":\"https:\/\/musikverket-old.test.consids5.se\/musikochteaterbiblioteket\/ladda-ner-noter\/boijes-samling\/boijes-samling-v-w\/#breadcrumb\"},\"inLanguage\":\"sv-SE\",\"potentialAction\":[{\"@type\":\"ReadAction\",\"target\":[\"https:\/\/musikverket-old.test.consids5.se\/musikochteaterbiblioteket\/ladda-ner-noter\/boijes-samling\/boijes-samling-v-w\/\"]}]},{\"@type\":\"BreadcrumbList\",\"@id\":\"https:\/\/musikverket-old.test.consids5.se\/musikochteaterbiblioteket\/ladda-ner-noter\/boijes-samling\/boijes-samling-v-w\/#breadcrumb\",\"itemListElement\":[{\"@type\":\"ListItem\",\"position\":1,\"item\":{\"@type\":\"WebPage\",\"@id\":\"https:\/\/musikverket-old.test.consids5.se\/musikochteaterbiblioteket\/\",\"url\":\"https:\/\/musikverket-old.test.consids5.se\/musikochteaterbiblioteket\/\",\"name\":\"Hem\"}},{\"@type\":\"ListItem\",\"position\":2,\"item\":{\"@type\":\"WebPage\",\"@id\":\"https:\/\/musikverket-old.test.consids5.se\/musikochteaterbiblioteket\/ladda-ner-noter\/\",\"url\":\"https:\/\/musikverket-old.test.consids5.se\/musikochteaterbiblioteket\/ladda-ner-noter\/\",\"name\":\"Ladda ner noter\"}},{\"@type\":\"ListItem\",\"position\":3,\"item\":{\"@type\":\"WebPage\",\"@id\":\"https:\/\/musikverket-old.test.consids5.se\/musikochteaterbiblioteket\/ladda-ner-noter\/boijes-samling\/\",\"url\":\"https:\/\/musikverket-old.test.consids5.se\/musikochteaterbiblioteket\/ladda-ner-noter\/boijes-samling\/\",\"name\":\"Boijes samling\"}},{\"@type\":\"ListItem\",\"position\":4,\"item\":{\"@id\":\"https:\/\/musikverket-old.test.consids5.se\/musikochteaterbiblioteket\/ladda-ner-noter\/boijes-samling\/boijes-samling-v-w\/#webpage\"}}]}]}<\/script>\n<!-- \/ Yoast SEO plugin. -->","jetpack_shortlink":"https:\/\/wp.me\/P2ZwmI-D","jetpack_sharing_enabled":true,"_links":{"self":[{"href":"https:\/\/musikverket-old.test.consids5.se\/musikochteaterbiblioteket\/wp-json\/wp\/v2\/pages\/39"}],"collection":[{"href":"https:\/\/musikverket-old.test.consids5.se\/musikochteaterbiblioteket\/wp-json\/wp\/v2\/pages"}],"about":[{"href":"https:\/\/musikverket-old.test.consids5.se\/musikochteaterbiblioteket\/wp-json\/wp\/v2\/types\/page"}],"author":[{"embeddable":true,"href":"https:\/\/musikverket-old.test.consids5.se\/musikochteaterbiblioteket\/wp-json\/wp\/v2\/users\/1"}],"replies":[{"embeddable":true,"href":"https:\/\/musikverket-old.test.consids5.se\/musikochteaterbiblioteket\/wp-json\/wp\/v2\/comments?post=39"}],"version-history":[{"count":0,"href":"https:\/\/musikverket-old.test.consids5.se\/musikochteaterbiblioteket\/wp-json\/wp\/v2\/pages\/39\/revisions"}],"up":[{"embeddable":true,"href":"https:\/\/musikverket-old.test.consids5.se\/musikochteaterbiblioteket\/wp-json\/wp\/v2\/pages\/18"}],"wp:attachment":[{"href":"https:\/\/musikverket-old.test.consids5.se\/musikochteaterbiblioteket\/wp-json\/wp\/v2\/media?parent=39"}],"wp:term":[{"taxonomy":"category","embeddable":true,"href":"https:\/\/musikverket-old.test.consids5.se\/musikochteaterbiblioteket\/wp-json\/wp\/v2\/categories?post=39"},{"taxonomy":"post_tag","embeddable":true,"href":"https:\/\/musikverket-old.test.consids5.se\/musikochteaterbiblioteket\/wp-json\/wp\/v2\/tags?post=39"}],"curies":[{"name":"wp","href":"https:\/\/api.w.org\/{rel}","templated":true}]}}