{"id":40,"date":"2012-11-20T16:27:46","date_gmt":"2012-11-20T15:27:46","guid":{"rendered":"http:\/\/musikverket.adeprimo.se\/musikochteaterbiblioteket\/?page_id=3805"},"modified":"2022-01-28T11:53:45","modified_gmt":"2022-01-28T10:53:45","slug":"boijes-samling-z","status":"publish","type":"page","link":"https:\/\/musikverket-old.test.consids5.se\/musikochteaterbiblioteket\/ladda-ner-noter\/boijes-samling\/boijes-samling-z\/","title":{"rendered":"Z"},"content":{"rendered":"<div id=\"pl-40\"  class=\"panel-layout\" ><div id=\"pg-40-0\"  class=\"panel-grid panel-no-style\" ><div id=\"pgc-40-0-0\"  class=\"panel-grid-cell\" ><div id=\"panel-40-0-0-0\" class=\"so-panel widget widget_headers panel-first-child panel-last-child\" data-index=\"0\" ><div class=\"so-widget-headers so-widget-headers-base\"><h1 id=\"boijes-samling-z\">Boijes samling \u2013 Z<\/h1>\n<\/div><\/div><\/div><\/div><div id=\"pg-40-1\"  class=\"panel-grid panel-no-style\" ><div id=\"pgc-40-1-0\"  class=\"panel-grid-cell panel-grid-cell-mobile-last\" ><div id=\"panel-40-1-0-0\" class=\"so-panel widget widget_black-studio-tinymce widget_black_studio_tinymce panel-first-child panel-last-child\" data-index=\"1\" ><div class=\"textwidget\"><p align=\"left\"><em>Noterna \u00e4r tillg\u00e4ngliga utan kostnad i PDF-format. Verken f\u00e5r publiceras utan s\u00e4rskilt tillst\u00e5nd med angivande av k\u00e4llan (Musik- och teaterbiblioteket - The Music and Theatre Library of Sweden). Tv\u00e5 exemplar ska i s\u00e5 fall skickas till biblioteket. Fr\u00e5gor eller synpunkter tas g\u00e4rna emot p\u00e5 <a href=\"mailto:specialsamlingar@musikverket.se\">specialsamlingar@musikverket.se<\/a>.<\/em><\/p>\n<p><a title=\"Boijes samling\" href=\"\/musikochteaterbiblioteket\/ladda-ner-noter\/boijes-samling\/\" target=\"_self\">Till registret f\u00f6r Boijes samling<\/a><\/p>\n<\/div><\/div><\/div><div id=\"pgc-40-1-1\"  class=\"panel-grid-cell panel-grid-cell-empty\" ><\/div><\/div><div id=\"pg-40-2\"  class=\"panel-grid panel-no-style\" ><div id=\"pgc-40-2-0\"  class=\"panel-grid-cell\" ><div id=\"panel-40-2-0-0\" class=\"so-panel widget widget_black-studio-tinymce widget_black_studio_tinymce panel-first-child panel-last-child\" data-index=\"2\" ><div class=\"textwidget\"><table id=\"table_1\" border=\"2\" width=\"982\" cellspacing=\"0\" cellpadding=\"2\">\n<tbody>\n<tr>\n<td>Zani de Ferranti, M. A.<\/td>\n<td><a href=\"http:\/\/urn.kb.se\/resolve?urn=urn:nbn:se:statensmusikverk-4569\" target=\"_blank\">Nuit de Walpurgis ...<\/a><\/td>\n<td>Boije&nbsp;540<\/td>\n<\/tr>\n<tr>\n<td>Zani de Ferranti, M. A.<\/td>\n<td><a href=\"http:\/\/urn.kb.se\/resolve?urn=urn:nbn:se:statensmusikverk-4557\" target=\"_blank\">Op. 1. Fantaisie vari&eacute;e ...<\/a><\/td>\n<td>Boije&nbsp;528<\/td>\n<\/tr>\n<tr>\n<td>Zani de Ferranti, M. A.<\/td>\n<td><a href=\"http:\/\/urn.kb.se\/resolve?urn=urn:nbn:se:statensmusikverk-4558\" target=\"_blank\">Op. 2. \"Ronde des f&eacute;es\" ...<\/a><\/td>\n<td>Boije&nbsp;529<\/td>\n<\/tr>\n<tr>\n<td>Zani de Ferranti, M. A.<\/td>\n<td><a href=\"http:\/\/urn.kb.se\/resolve?urn=urn:nbn:se:statensmusikverk-4559\" target=\"_blank\">Op. 3. Six nocturnes ...<\/a><\/td>\n<td>Boije&nbsp;530<\/td>\n<\/tr>\n<tr>\n<td>Zani de Ferranti, M. A.<\/td>\n<td><a href=\"http:\/\/urn.kb.se\/resolve?urn=urn:nbn:se:statensmusikverk-4560\" target=\"_blank\">Op. 4. Fantaisie caprice ...<\/a><\/td>\n<td>Boije&nbsp;531<\/td>\n<\/tr>\n<tr>\n<td>Zani de Ferranti, M. A.<\/td>\n<td><a href=\"http:\/\/urn.kb.se\/resolve?urn=urn:nbn:se:statensmusikverk-4561\" target=\"_blank\">Op. 5. Fantaisie vari&eacute;e ...<\/a><\/td>\n<td>Boije&nbsp;532<\/td>\n<\/tr>\n<tr>\n<td>Zani de Ferranti, M. A..<\/td>\n<td><a href=\"http:\/\/urn.kb.se\/resolve?urn=urn:nbn:se:statensmusikverk-4562\" target=\"_blank\">Op. 6 Loin de toi ...<\/a><\/td>\n<td>Boije&nbsp;533<\/td>\n<\/tr>\n<tr>\n<td>Zani de Ferranti, M. A.<\/td>\n<td><a href=\"http:\/\/urn.kb.se\/resolve?urn=urn:nbn:se:statensmusikverk-4563\" target=\"_blank\">Op. 7. Fantaisie vari&eacute;e ... Romance d'Otello. \"Assisa &agrave; pi&egrave; d'un salice\" ...<\/a><\/td>\n<td>Boije&nbsp;534<\/td>\n<\/tr>\n<tr>\n<td>Zani de Ferranti, M. A.<\/td>\n<td><a href=\"http:\/\/urn.kb.se\/resolve?urn=urn:nbn:se:statensmusikverk-4564\" target=\"_blank\">Op. 8. Divertissement sur trois Romances Anglaises favorites ...<\/a><\/td>\n<td>Boije&nbsp;535<\/td>\n<\/tr>\n<tr>\n<td>Zani de Ferranti, M. A.<\/td>\n<td><a href=\"http:\/\/urn.kb.se\/resolve?urn=urn:nbn:se:statensmusikverk-4565\" target=\"_blank\">Op. 9. Nocturne sur la derni&egrave;re pens&eacute;e de C. M. de Weber ...<\/a><\/td>\n<td>Boije&nbsp;536<\/td>\n<\/tr>\n<tr>\n<td>Zani de Ferranti, M. A.<\/td>\n<td><a href=\"http:\/\/urn.kb.se\/resolve?urn=urn:nbn:se:statensmusikverk-4566\" target=\"_blank\">Op. 10. Fantaisie vari&eacute;e sur l'Air favori \"O cara memoria\".<\/a><\/td>\n<td>Boije&nbsp;537<\/td>\n<\/tr>\n<tr>\n<td>Zani de Ferranti, M. A.<\/td>\n<td><a href=\"http:\/\/urn.kb.se\/resolve?urn=urn:nbn:se:statensmusikverk-4567\" target=\"_blank\">Op. 11. 24 caprices ...<\/a><\/td>\n<td>Boije&nbsp;538<\/td>\n<\/tr>\n<tr>\n<td>Zani de Ferranti, M. A.<\/td>\n<td><a href=\"http:\/\/urn.kb.se\/resolve?urn=urn:nbn:se:statensmusikverk-4568\" target=\"_blank\">Op. 20. Fantaisie vari&eacute;e ...<\/a><\/td>\n<td>Boije&nbsp;539<\/td>\n<\/tr>\n<tr>\n<td>Ziegler, I.<\/td>\n<td><a href=\"http:\/\/urn.kb.se\/resolve?urn=urn:nbn:se:statensmusikverk-5061\" target=\"_blank\">Die alten Lieder. Se: Gitarristische Vereinigung ... XVI. Jahrg. Nr 4. 1915<\/a><\/td>\n<td>Boije&nbsp;1004<\/td>\n<\/tr>\n<tr>\n<td>Ziegler, I.<\/td>\n<td><a href=\"http:\/\/urn.kb.se\/resolve?urn=urn:nbn:se:statensmusikverk-5061\" target=\"_blank\">Junges Sterben. Se: Gitarristische Vereinigung ... XVI. Jahrg. Nr 4. 1915<\/a><\/td>\n<td>Boije&nbsp;1004<\/td>\n<\/tr>\n<tr>\n<td>Ziegler, I.<\/td>\n<td><a href=\"http:\/\/urn.kb.se\/resolve?urn=urn:nbn:se:statensmusikverk-5068\" target=\"_blank\">Der Kriegsfreiwillige. Se: Gitarristische Vereinigung ... XVII. Jahrg. Nr 6. 1916<\/a><\/td>\n<td>Boije&nbsp;1011<\/td>\n<\/tr>\n<tr>\n<td>Ziegler, I.<\/td>\n<td><a href=\"http:\/\/urn.kb.se\/resolve?urn=urn:nbn:se:statensmusikverk-5063\" target=\"_blank\">Reiche Besch&auml;ftigung. Se: Gitarristische Vereinigung ... XVI. Jahrg. Nr 6. 1915<\/a><\/td>\n<td>Boije&nbsp;1006<\/td>\n<\/tr>\n<tr>\n<td>Ziegler, I.<\/td>\n<td><a href=\"http:\/\/urn.kb.se\/resolve?urn=urn:nbn:se:statensmusikverk-5063\" target=\"_blank\">Sie war ein Bl&uuml;mlein. Se: Gitarristische Vereinigung ... XVI. Jahrg. Nr 6. 1915<\/a><\/td>\n<td>Boije&nbsp;1006<\/td>\n<\/tr>\n<tr>\n<td>Ziegler, I.<\/td>\n<td><a href=\"http:\/\/urn.kb.se\/resolve?urn=urn:nbn:se:statensmusikverk-5056\" target=\"_blank\">Op. 6. Im Volkston. Se: Gitarristische Vereinigung ... XV. Jahrg. Nr 4. 1914<\/a><\/td>\n<td>Boije&nbsp;999<\/td>\n<\/tr>\n<tr>\n<td>Ziegler, I.<\/td>\n<td><a href=\"http:\/\/urn.kb.se\/resolve?urn=urn:nbn:se:statensmusikverk-5056\" target=\"_blank\">Op. 7. M&auml;dchenlied. Se: Gitarristische Vereinigung ... XV. Jahrg. Nr 4. 1914<\/a><\/td>\n<td>Boije&nbsp;999<\/td>\n<\/tr>\n<tr>\n<td>Zimmermann, F.<\/td>\n<td><a href=\"http:\/\/urn.kb.se\/resolve?urn=urn:nbn:se:statensmusikverk-5088\" target=\"_blank\">Fantasie. Se: Freie Vereinigung ... 3. Jahrg. Nr 3. 1906<\/a><\/td>\n<td>Boije&nbsp;1032<\/td>\n<\/tr>\n<tr>\n<td>Zimmermann, F.<\/td>\n<td><a href=\"http:\/\/urn.kb.se\/resolve?urn=urn:nbn:se:statensmusikverk-5102\" target=\"_blank\">L&auml;ndler. Se: Freie Vereinigung ... 5. Jahrg. Nr 1. 1908<\/a><\/td>\n<td>Boije&nbsp;1046<\/td>\n<\/tr>\n<tr>\n<td>Zimmermann, H.<\/td>\n<td><a href=\"http:\/\/urn.kb.se\/resolve?urn=urn:nbn:se:statensmusikverk-5042\" target=\"_blank\">Adagio. Se: Gitarristische Vereinigung ... XIII. Jahrg. Nr 2. 1912<\/a><\/td>\n<td>Boije&nbsp;985<\/td>\n<\/tr>\n<tr>\n<td>Zimmermann, H.<\/td>\n<td><a href=\"http:\/\/urn.kb.se\/resolve?urn=urn:nbn:se:statensmusikverk-5065\" target=\"_blank\">Duo No 2 ... Se: Gitarristische Vereinigung ... XVII. Jahrg. Nr 2-3. 1916<\/a><\/td>\n<td>Boije&nbsp;1008<\/td>\n<\/tr>\n<tr>\n<td>Zurfluh, A.<\/td>\n<td><a href=\"http:\/\/urn.kb.se\/resolve?urn=urn:nbn:se:statensmusikverk-4871\" target=\"_blank\">Romance sans paroles.<\/a><\/td>\n<td>Boije&nbsp;840<\/td>\n<\/tr>\n<\/tbody>\n<\/table>\n<p>&nbsp;<\/p>\n<\/div><\/div><\/div><\/div><\/div>","protected":false},"excerpt":{"rendered":"<p>Noterna \u00e4r tillg\u00e4ngliga utan kostnad i PDF-format. Verken f\u00e5r publiceras utan s\u00e4rskilt tillst\u00e5nd med angivande av k\u00e4llan (Musik- och teaterbiblioteket &#8211; The Music and Theatre Library of Sweden). Tv\u00e5 exemplar ska i s\u00e5 fall skickas till biblioteket. Fr\u00e5gor eller synpunkter tas g\u00e4rna emot p\u00e5 specialsamlingar@musikverket.se. Till registret f\u00f6r Boijes samling<\/p>\n","protected":false},"author":1,"featured_media":0,"parent":18,"menu_order":0,"comment_status":"open","ping_status":"closed","template":"","meta":{"ngg_post_thumbnail":0,"spay_email":""},"categories":[4,3],"tags":[12,13,25,14],"yoast_head":"<!-- This site is optimized with the Yoast SEO plugin v16.3 - https:\/\/yoast.com\/wordpress\/plugins\/seo\/ -->\n<meta name=\"robots\" content=\"index, follow, max-snippet:-1, max-image-preview:large, max-video-preview:-1\" \/>\n<link rel=\"canonical\" href=\"https:\/\/musikverket-old.test.consids5.se\/musikochteaterbiblioteket\/ladda-ner-noter\/boijes-samling\/boijes-samling-z\/\" \/>\n<meta property=\"og:locale\" content=\"sv_SE\" \/>\n<meta property=\"og:type\" content=\"article\" \/>\n<meta property=\"og:title\" content=\"Z - Musik- och teaterbiblioteket\" \/>\n<meta property=\"og:description\" content=\"Noterna \u00e4r tillg\u00e4ngliga utan kostnad i PDF-format. Verken f\u00e5r publiceras utan s\u00e4rskilt tillst\u00e5nd med angivande av k\u00e4llan (Musik- och teaterbiblioteket - The Music and Theatre Library of Sweden). Tv\u00e5 exemplar ska i s\u00e5 fall skickas till biblioteket. Fr\u00e5gor eller synpunkter tas g\u00e4rna emot p\u00e5 specialsamlingar@musikverket.se. Till registret f\u00f6r Boijes samling\" \/>\n<meta property=\"og:url\" content=\"https:\/\/musikverket-old.test.consids5.se\/musikochteaterbiblioteket\/ladda-ner-noter\/boijes-samling\/boijes-samling-z\/\" \/>\n<meta property=\"og:site_name\" content=\"Musik- och teaterbiblioteket\" \/>\n<meta property=\"article:modified_time\" content=\"2022-01-28T10:53:45+00:00\" \/>\n<meta name=\"twitter:label1\" content=\"Ber\u00e4knad l\u00e4stid\">\n\t<meta name=\"twitter:data1\" content=\"2 minuter\">\n<script type=\"application\/ld+json\" class=\"yoast-schema-graph\">{\"@context\":\"https:\/\/schema.org\",\"@graph\":[{\"@type\":\"WebSite\",\"@id\":\"https:\/\/musikverket-old.test.consids5.se\/musikochteaterbiblioteket\/#website\",\"url\":\"https:\/\/musikverket-old.test.consids5.se\/musikochteaterbiblioteket\/\",\"name\":\"Musik- och teaterbiblioteket\",\"description\":\"F\\u00f6rdjupning, kunskap och spelgl\\u00e4dje\",\"potentialAction\":[{\"@type\":\"SearchAction\",\"target\":\"https:\/\/musikverket-old.test.consids5.se\/musikochteaterbiblioteket\/?s={search_term_string}\",\"query-input\":\"required name=search_term_string\"}],\"inLanguage\":\"sv-SE\"},{\"@type\":\"WebPage\",\"@id\":\"https:\/\/musikverket-old.test.consids5.se\/musikochteaterbiblioteket\/ladda-ner-noter\/boijes-samling\/boijes-samling-z\/#webpage\",\"url\":\"https:\/\/musikverket-old.test.consids5.se\/musikochteaterbiblioteket\/ladda-ner-noter\/boijes-samling\/boijes-samling-z\/\",\"name\":\"Z - Musik- och teaterbiblioteket\",\"isPartOf\":{\"@id\":\"https:\/\/musikverket-old.test.consids5.se\/musikochteaterbiblioteket\/#website\"},\"datePublished\":\"2012-11-20T15:27:46+00:00\",\"dateModified\":\"2022-01-28T10:53:45+00:00\",\"breadcrumb\":{\"@id\":\"https:\/\/musikverket-old.test.consids5.se\/musikochteaterbiblioteket\/ladda-ner-noter\/boijes-samling\/boijes-samling-z\/#breadcrumb\"},\"inLanguage\":\"sv-SE\",\"potentialAction\":[{\"@type\":\"ReadAction\",\"target\":[\"https:\/\/musikverket-old.test.consids5.se\/musikochteaterbiblioteket\/ladda-ner-noter\/boijes-samling\/boijes-samling-z\/\"]}]},{\"@type\":\"BreadcrumbList\",\"@id\":\"https:\/\/musikverket-old.test.consids5.se\/musikochteaterbiblioteket\/ladda-ner-noter\/boijes-samling\/boijes-samling-z\/#breadcrumb\",\"itemListElement\":[{\"@type\":\"ListItem\",\"position\":1,\"item\":{\"@type\":\"WebPage\",\"@id\":\"https:\/\/musikverket-old.test.consids5.se\/musikochteaterbiblioteket\/\",\"url\":\"https:\/\/musikverket-old.test.consids5.se\/musikochteaterbiblioteket\/\",\"name\":\"Hem\"}},{\"@type\":\"ListItem\",\"position\":2,\"item\":{\"@type\":\"WebPage\",\"@id\":\"https:\/\/musikverket-old.test.consids5.se\/musikochteaterbiblioteket\/ladda-ner-noter\/\",\"url\":\"https:\/\/musikverket-old.test.consids5.se\/musikochteaterbiblioteket\/ladda-ner-noter\/\",\"name\":\"Ladda ner noter\"}},{\"@type\":\"ListItem\",\"position\":3,\"item\":{\"@type\":\"WebPage\",\"@id\":\"https:\/\/musikverket-old.test.consids5.se\/musikochteaterbiblioteket\/ladda-ner-noter\/boijes-samling\/\",\"url\":\"https:\/\/musikverket-old.test.consids5.se\/musikochteaterbiblioteket\/ladda-ner-noter\/boijes-samling\/\",\"name\":\"Boijes samling\"}},{\"@type\":\"ListItem\",\"position\":4,\"item\":{\"@id\":\"https:\/\/musikverket-old.test.consids5.se\/musikochteaterbiblioteket\/ladda-ner-noter\/boijes-samling\/boijes-samling-z\/#webpage\"}}]}]}<\/script>\n<!-- \/ Yoast SEO plugin. -->","jetpack_shortlink":"https:\/\/wp.me\/P2ZwmI-E","jetpack_sharing_enabled":true,"_links":{"self":[{"href":"https:\/\/musikverket-old.test.consids5.se\/musikochteaterbiblioteket\/wp-json\/wp\/v2\/pages\/40"}],"collection":[{"href":"https:\/\/musikverket-old.test.consids5.se\/musikochteaterbiblioteket\/wp-json\/wp\/v2\/pages"}],"about":[{"href":"https:\/\/musikverket-old.test.consids5.se\/musikochteaterbiblioteket\/wp-json\/wp\/v2\/types\/page"}],"author":[{"embeddable":true,"href":"https:\/\/musikverket-old.test.consids5.se\/musikochteaterbiblioteket\/wp-json\/wp\/v2\/users\/1"}],"replies":[{"embeddable":true,"href":"https:\/\/musikverket-old.test.consids5.se\/musikochteaterbiblioteket\/wp-json\/wp\/v2\/comments?post=40"}],"version-history":[{"count":0,"href":"https:\/\/musikverket-old.test.consids5.se\/musikochteaterbiblioteket\/wp-json\/wp\/v2\/pages\/40\/revisions"}],"up":[{"embeddable":true,"href":"https:\/\/musikverket-old.test.consids5.se\/musikochteaterbiblioteket\/wp-json\/wp\/v2\/pages\/18"}],"wp:attachment":[{"href":"https:\/\/musikverket-old.test.consids5.se\/musikochteaterbiblioteket\/wp-json\/wp\/v2\/media?parent=40"}],"wp:term":[{"taxonomy":"category","embeddable":true,"href":"https:\/\/musikverket-old.test.consids5.se\/musikochteaterbiblioteket\/wp-json\/wp\/v2\/categories?post=40"},{"taxonomy":"post_tag","embeddable":true,"href":"https:\/\/musikverket-old.test.consids5.se\/musikochteaterbiblioteket\/wp-json\/wp\/v2\/tags?post=40"}],"curies":[{"name":"wp","href":"https:\/\/api.w.org\/{rel}","templated":true}]}}