{"id":43,"date":"2012-05-09T14:51:45","date_gmt":"2012-05-09T12:51:45","guid":{"rendered":"http:\/\/musikverket.adeprimo.se\/musikochteaterbiblioteket\/?page_id=267"},"modified":"2023-01-09T09:44:59","modified_gmt":"2023-01-09T08:44:59","slug":"besok-biblioteket","status":"publish","type":"page","link":"https:\/\/musikverket-old.test.consids5.se\/musikochteaterbiblioteket\/besok-biblioteket\/","title":{"rendered":"Bes\u00f6k biblioteket"},"content":{"rendered":"<div id=\"pl-43\"  class=\"panel-layout\" ><div id=\"pg-43-0\"  class=\"panel-grid panel-no-style\" ><div id=\"pgc-43-0-0\"  class=\"panel-grid-cell\" ><div id=\"panel-43-0-0-0\" class=\"so-panel widget widget_headers panel-first-child panel-last-child\" data-index=\"0\" ><div class=\"so-widget-headers so-widget-headers-base\"><h1 id=\"besok-biblioteket\">Bes\u00f6k biblioteket<\/h1>\n<\/div><\/div><\/div><\/div><div id=\"pg-43-1\"  class=\"panel-grid panel-no-style\" ><div id=\"pgc-43-1-0\"  class=\"panel-grid-cell panel-grid-cell-mobile-last\" ><div id=\"panel-43-1-0-0\" class=\"so-panel widget widget_black-studio-tinymce widget_black_studio_tinymce panel-first-child panel-last-child\" data-index=\"1\" ><div class=\"textwidget\"><p><em>Hela Sveriges bibliotek f&ouml;r musik, teater och dans, &ouml;ppet f&ouml;r forskare&nbsp;och alla intresserade. Ett av de st&ouml;rsta biblioteken i sitt slag i Europa.&nbsp;<\/em><\/p>\n<\/div><\/div><\/div><div id=\"pgc-43-1-1\"  class=\"panel-grid-cell panel-grid-cell-empty\" ><\/div><\/div><div id=\"pg-43-2\"  class=\"panel-grid panel-has-style\" ><div class=\"siteorigin-panels-stretch panel-row-style panel-row-style-for-43-2\" data-stretch-type=\"full-stretched\" ><div id=\"pgc-43-2-0\"  class=\"panel-grid-cell\" ><div id=\"panel-43-2-0-0\" class=\"so-panel widget widget_slideshow_widget panel-first-child panel-last-child\" data-index=\"2\" >\n\n<div class=\"slideshow-container\" style=\"background: #f3f3f3\">\n  <div data-duration=\"10\" class=\"slideshow standard\">\n    <ul class=\"inner centrerad\">\n    <li class=\"item\"><img class=\"image\" src=\"\/musikochteaterbiblioteket\/files\/2012\/12\/MTB_toppsnurra_stolar.png\" alt=\"\" \/><div class=\"content\"><p><\/p><p><\/p><\/div><\/li><li class=\"item\"><img class=\"image\" src=\"\/musikochteaterbiblioteket\/files\/2012\/12\/MTB_toppsnurra_billie.png\" alt=\"\" \/><div class=\"content\"><p><\/p><p><\/p><\/div><\/li><li class=\"item\"><img class=\"image\" src=\"\/musikochteaterbiblioteket\/files\/2012\/12\/MTB_toppsnurra_lador.png\" alt=\"\" \/><div class=\"content\"><p><\/p><p><\/p><\/div><\/li><li class=\"item\"><img class=\"image\" src=\"\/musikochteaterbiblioteket\/files\/2012\/12\/MTB_toppsnurra_bord.png\" alt=\"\" \/><div class=\"content\"><p><\/p><p><\/p><\/div><\/li><li class=\"item\"><img class=\"image\" src=\"\/musikochteaterbiblioteket\/files\/2012\/12\/MTB_toppsnurra_laser_bok.png\" alt=\"\" \/><div class=\"content\"><p><\/p><p><\/p><\/div><\/li>    <\/ul>\n  <\/div>\n<\/div>\n\n\t\t<\/div><\/div><\/div><\/div><div id=\"pg-43-3\"  class=\"panel-grid panel-no-style\" ><div id=\"pgc-43-3-0\"  class=\"panel-grid-cell panel-grid-cell-mobile-last\" ><div id=\"panel-43-3-0-0\" class=\"so-panel widget widget_headers panel-first-child\" data-index=\"3\" ><div class=\"so-widget-headers so-widget-headers-base\"><h3 id=\"biblioteket-pa-tegeluddsvagen-100\">Biblioteket p\u00e5 Tegeluddsv\u00e4gen 100<\/h3>\n<\/div><\/div><div id=\"panel-43-3-0-1\" class=\"so-panel widget widget_black-studio-tinymce widget_black_studio_tinymce panel-last-child\" data-index=\"4\" ><div class=\"textwidget\"><p>L\u00e5neexpedition, referensbibliotek och forskarrum.<\/p>\n<\/div><\/div><\/div><div id=\"pgc-43-3-1\"  class=\"panel-grid-cell panel-grid-cell-empty\" ><\/div><\/div><div id=\"pg-43-4\"  class=\"panel-grid panel-no-style\" ><div id=\"pgc-43-4-0\"  class=\"panel-grid-cell\" ><div id=\"panel-43-4-0-0\" class=\"so-panel widget widget_black-studio-tinymce widget_black_studio_tinymce panel-first-child panel-last-child\" data-index=\"5\" ><div class=\"textwidget\"><h3>\u00d6ppettider<em><br \/>\n<\/em><\/h3>\n<p>M\u00e5ndag kl 12\u201317<br \/>\nTisdag\u2013torsdag kl 10\u201317<\/p>\n<\/div><\/div><\/div><div id=\"pgc-43-4-1\"  class=\"panel-grid-cell\" ><div id=\"panel-43-4-1-0\" class=\"so-panel widget widget_black-studio-tinymce widget_black_studio_tinymce panel-first-child panel-last-child\" data-index=\"6\" ><div class=\"textwidget\"><h3>Adress<\/h3>\n<p>Tegeluddsv\u00e4gen 100<br \/>\n<a href=\"https:\/\/www.google.se\/maps\/place\/Tegeluddsv%C3%A4gen+100,+115+28+Stockholm\/@59.3404912,18.1146668,16z\/data=!4m5!3m4!1s0x465f82b45102e9f3:0x85468a12e817490e!8m2!3d59.3401848!4d18.1134974?hl=sv\">Hitta hit<\/a><\/p>\n<\/div><\/div><\/div><div id=\"pgc-43-4-2\"  class=\"panel-grid-cell\" ><div id=\"panel-43-4-2-0\" class=\"so-panel widget widget_black-studio-tinymce widget_black_studio_tinymce panel-first-child panel-last-child\" data-index=\"7\" ><div class=\"textwidget\"><h3>Kontakta oss<\/h3>\n<p>L\u00e5neexpedition och fj\u00e4rrl\u00e5n<br \/>\n08-519 554 12<br \/>\n<a href=\"mailto:exp@musikverket.se\">exp@musikverket.se<\/a><\/p>\n<\/div><\/div><\/div><div id=\"pgc-43-4-3\"  class=\"panel-grid-cell\" ><div id=\"panel-43-4-3-0\" class=\"so-panel widget widget_headers panel-first-child\" data-index=\"8\" ><div class=\"so-widget-headers so-widget-headers-base\"><h3 id=\"orkesterlan\">Orkesterl\u00e5n<\/h3>\n<\/div><\/div><div id=\"panel-43-4-3-1\" class=\"so-panel widget widget_black-studio-tinymce widget_black_studio_tinymce panel-last-child\" data-index=\"9\" ><div class=\"textwidget\"><p>Se framtagningstider och telefontider f\u00f6r <a href=\"https:\/\/musikverket.se\/musikochteaterbiblioteket\/lana\/orkesterlan-2\/\">orkesterl\u00e5n<\/a>.<\/p>\n<\/div><\/div><\/div><\/div><div id=\"pg-43-5\"  class=\"panel-grid panel-no-style\" ><div id=\"pgc-43-5-0\"  class=\"panel-grid-cell\" ><div id=\"panel-43-5-0-0\" class=\"so-panel widget widget_headers panel-first-child\" data-index=\"10\" ><div class=\"so-widget-headers so-widget-headers-base\"><h3 id=\"valkommen-till-biblioteket\">V\u00e4lkommen till biblioteket<\/h3>\n<\/div><\/div><div id=\"panel-43-5-0-1\" class=\"so-panel widget widget_black-studio-tinymce widget_black_studio_tinymce\" data-index=\"11\" ><div class=\"textwidget\"><p>I biblioteket p\u00e5 Tegeluddsv\u00e4gen 100 finns l\u00e5neexpeditionen, referensbiblioteket, tidskrifter, pj\u00e4smanus, cd- och dvd-skivor samt en \u00f6ppen samling med de nyaste b\u00f6ckerna f\u00f6r heml\u00e5n. Allt annat material finns i magasin, och best\u00e4lls fram via <a title=\"Bibliotekets kataloger\" href=\"http:\/\/statensmusikverk.se\/musikochteaterbiblioteket\/kataloger\/\">bibliotekets kataloger<\/a>. Det finns kopiator och scanner. Du kan ocks\u00e5 fynda noter och b\u00f6cker.<\/p>\n<p>Biblioteket har gratis tr\u00e5dl\u00f6st Internet. Datorer finns d\u00e4r du kan s\u00f6ka i bibliotekets och Svenskt visarkivs&nbsp;databaser&nbsp;och&nbsp;kataloger. En s\u00e4rskild plats \u00e4r reserverad f\u00f6r att lyssna p\u00e5 musik och titta p\u00e5 filmer fr\u00e5n&nbsp;<a title=\"musiktj\u00e4nster fr\u00e5n Naxos\" href=\"http:\/\/statensmusikverk.se\/musikochteaterbiblioteket\/artikel\/hitta-ljudfiler\/\" target=\"_self\">Naxos Music Library<\/a>, du kan ocks\u00e5 lyssna p\u00e5&nbsp;Spotify.<\/p>\n<p>F\u00f6r dig som beh\u00f6ver extra arbetsro eller vill titta p\u00e5 \u00e4ldre \u00f6mt\u00e5ligt material finns en l\u00e4sesal. Det finns ocks\u00e5 forskarrum som kan bokas i f\u00f6rv\u00e4g genom att <a title=\"Kontakta l\u00e5neexpeditionen\" href=\"http:\/\/statensmusikverk.se\/musikochteaterbiblioteket\/kontakt\/\" target=\"_self\">kontakta l\u00e5neexpeditionen<\/a>.<\/p>\n<p>Det finns \u00e4ven ljudrum med elpiano, h\u00f6rlurar kan h\u00e4mtas vid l\u00e5nedisken.&nbsp;<\/p>\n<\/div><\/div><div id=\"panel-43-5-0-2\" class=\"so-panel widget widget_headers\" data-index=\"12\" ><div class=\"so-widget-headers so-widget-headers-base\"><h3 id=\"tillganglighet-och-trivselregler\">Tillg\u00e4nglighet och trivselregler<\/h3>\n<\/div><\/div><div id=\"panel-43-5-0-3\" class=\"so-panel widget widget_black-studio-tinymce widget_black_studio_tinymce\" data-index=\"13\" ><div class=\"textwidget\"><p>Handikapptoalett med sk&ouml;tbord finns. L&auml;s mer om lokalernas tillg&auml;nglighet p&aring;&nbsp;<a title=\"Entr&eacute; Stockholm\" href=\"http:\/\/entre.stockholm.se\/scripts\/db\/entre.dll\/detnofra?css=d0*f0*t1*r0&amp;soktyp=normalsok&amp;page=0&amp;hitnumber=0&amp;antalhits=1&amp;objid=67466&amp;seekoptions=6;musik-%20och%20teaterbiblioteket;;142;musikbibliotek;;&amp;onehit=true\" target=\"_blank\">Entr&eacute; Stockholm<\/a>.<\/p>\n<p>Undvik st&ouml;rande mobiltelefonsamtal. Mat och dryck f&aring;r inte f&ouml;rt&auml;ras i biblioteket. Husdjur (f&ouml;rutom ledarhund) l&auml;mnas utanf&ouml;r huset.<\/p>\n<\/div><\/div><div id=\"panel-43-5-0-4\" class=\"so-panel widget widget_headers\" data-index=\"14\" ><div class=\"so-widget-headers so-widget-headers-base\"><h3 id=\"boka-en-bibliotekarie\">Boka en bibliotekarie<\/h3>\n<\/div><\/div><div id=\"panel-43-5-0-5\" class=\"so-panel widget widget_black-studio-tinymce widget_black_studio_tinymce\" data-index=\"15\" ><div class=\"textwidget\"><p>Du som beh&ouml;ver hj&auml;lp med mer avancerad informationss&ouml;kning kan boka tid med en av bibliotekets musik- eller teaterbibliotekarier. Du f&aring;r cirka en timmes skr&auml;ddarsydd hj&auml;lp med att s&ouml;ka i samlingarna. <a href=\"\/musikochteaterbiblioteket\/kontakt\/\">Kontakta biblioteket<\/a> f&ouml;r att boka, gl&ouml;m inte att specificera vad du vill ha hj&auml;lp med.<\/p>\n<\/div><\/div><div id=\"panel-43-5-0-6\" class=\"so-panel widget widget_headers\" data-index=\"16\" ><div class=\"so-widget-headers so-widget-headers-base\"><h3 id=\"studiebesok\">Studiebes\u00f6k<\/h3>\n<\/div><\/div><div id=\"panel-43-5-0-7\" class=\"so-panel widget widget_black-studio-tinymce widget_black_studio_tinymce panel-last-child\" data-index=\"17\" ><div class=\"textwidget\"><div class=\"puff-title\">\n<p>F\u00f6reningar, studenter, studiecirklar, orkestrar, bibliotekarier och andra intresserade kan f\u00e5 en guidning i bibliotekets lokaler och specialvisningar av det material eller de s\u00f6khj\u00e4lpmedel ni \u00e4r s\u00e4rskilt intresserade av. <a title=\"Kontakta Musik- och teaterbiblioteket\" href=\"\/musikochteaterbiblioteket\/kontakt\/\">Kontakta biblioteket<\/a> f\u00f6r bokning.<\/p>\n<p>Du kan ocks\u00e5 ta del av v\u00e5rt <a href=\"\/musikochteaterbiblioteket\/artikel\/digitalt-studiebesok\/\">digitala studiebes\u00f6k<\/a>.<\/div>\n<\/div><\/div><\/div><div id=\"pgc-43-5-1\"  class=\"panel-grid-cell\" ><div id=\"panel-43-5-1-0\" class=\"so-panel widget widget_headers panel-first-child\" data-index=\"18\" ><div class=\"so-widget-headers so-widget-headers-base\"><h3 id=\"referensbiblioteket\">Referensbiblioteket<\/h3>\n<\/div><\/div><div id=\"panel-43-5-1-1\" class=\"so-panel widget widget_black-studio-tinymce widget_black_studio_tinymce\" data-index=\"19\" ><div class=\"textwidget\"><p>I referensbiblioteket finns allm\u00e4nna uppslagsverk f\u00f6r musik, teater och dans. Biblioteket har ocks\u00e5 speciallexikon f\u00f6r mode, kostymer och konst samt personlexikon \u00f6ver sk\u00e5despelare, s\u00e5ngare och kvinnliga tons\u00e4ttare. B\u00f6cker om teater- och musikhistoria, b\u00e5de allm\u00e4nna och f\u00f6r enskilda l\u00e4nder.\u00a0 F\u00f6rteckningar \u00f6ver enskilda tons\u00e4ttares verk, pj\u00e4ser, listor \u00f6ver noter f\u00f6r olika instrument och diskografier.<\/p>\n<p>Stor samling med noter\u00a0\u2013 s\u00e5 kallade vetenskapliga monumentautg\u00e5vor. M\u00e5nga tons\u00e4ttares samtliga kompositioner, enskilda l\u00e4nders musik fr\u00e5n olika perioder och i olika genrer. Noter i faksimil\u00a0\u2013 nyutg\u00e5vor med exakta kopior av \u00e4ldre nottryck eller tons\u00e4ttarens handskrift. Ett urval av de mest efterfr\u00e5gade s\u00e5ngb\u00f6ckerna av typen <em>Vispop<\/em> och <em>Real book<\/em> samt koral- och psalmb\u00f6cker fr\u00e5n olika tider och l\u00e4nder.<\/p>\n<p>De flesta av bibliotekets och Svenskt visarkivs 250 tidskrifter st\u00e5r uppst\u00e4llda i referensbiblioteket. Alla \u00e5rets nummer finns p\u00e5 hyllorna. Vill du l\u00e4sa \u00e4ldre nummer eller n\u00e5gon annan av bibliotekets tidskrifter kan du best\u00e4lla fram dem, du hittar dem h\u00e4r: <a title=\"Lista p\u00e5 bibliotekets musiktidskrifter\" href=\"http:\/\/statensmusikverk.se\/musikochteaterbiblioteket\/samlingar\/musiktidskrifter\/\">musiktidskrifter<\/a> och <a title=\"Teatertidskrifter utanf\u00f6r onlinekatalogen\" href=\"http:\/\/statensmusikverk.se\/musikochteaterbiblioteket\/samlingar\/teatertidskrifter-utanfor-onlinekatalogen\/\">teatertidskrifter<\/a>. Observera att biblioteket har fasta tider f\u00f6r framtagning.<\/p>\n<p>Material ur referensbiblioteket kan inte l\u00e5nas hem, men det g\u00e5r bra att ta kopior f\u00f6r eget bruk. Se\u00a0<a title=\"Prislista\" href=\"http:\/\/statensmusikverk.se\/musikochteaterbiblioteket\/besok-biblioteket\/prislista\/\">prislista<\/a>.<\/p>\n<\/div><\/div><div id=\"panel-43-5-1-2\" class=\"so-panel widget widget_headers\" data-index=\"20\" ><div class=\"so-widget-headers so-widget-headers-base\"><h3 id=\"evenemang\">Evenemang<\/h3>\n<\/div><\/div><div id=\"panel-43-5-1-3\" class=\"so-panel widget widget_black-studio-tinymce widget_black_studio_tinymce panel-last-child\" data-index=\"21\" ><div class=\"textwidget\"><p>L\u00e4s mer om aktuella <a href=\"\/evenemang-2019\/\">evenemang p\u00e5 Musik- och teaterbiblioteket<\/a>.<\/p>\n<\/div><\/div><\/div><\/div><\/div>","protected":false},"excerpt":{"rendered":"<p>Hela Sveriges bibliotek f&ouml;r musik, teater och dans, &ouml;ppet f&ouml;r forskare&nbsp;och alla intresserade. Ett av de st&ouml;rsta biblioteken i sitt slag i Europa.&nbsp;<\/p>\n","protected":false},"author":1,"featured_media":4854,"parent":0,"menu_order":0,"comment_status":"open","ping_status":"closed","template":"","meta":{"ngg_post_thumbnail":0,"spay_email":""},"categories":[3],"tags":[107,109,108,10],"yoast_head":"<!-- This site is optimized with the Yoast SEO plugin v16.3 - https:\/\/yoast.com\/wordpress\/plugins\/seo\/ -->\n<meta name=\"robots\" content=\"index, follow, max-snippet:-1, max-image-preview:large, max-video-preview:-1\" \/>\n<link rel=\"canonical\" href=\"https:\/\/musikverket-old.test.consids5.se\/musikochteaterbiblioteket\/besok-biblioteket\/\" \/>\n<meta property=\"og:locale\" content=\"sv_SE\" \/>\n<meta property=\"og:type\" content=\"article\" \/>\n<meta property=\"og:title\" content=\"Bes\u00f6k biblioteket - Musik- och teaterbiblioteket\" \/>\n<meta property=\"og:description\" content=\"Hela Sveriges bibliotek f&ouml;r musik, teater och dans, &ouml;ppet f&ouml;r forskare&nbsp;och alla intresserade. Ett av de st&ouml;rsta biblioteken i sitt slag i Europa.&nbsp;\" \/>\n<meta property=\"og:url\" content=\"https:\/\/musikverket-old.test.consids5.se\/musikochteaterbiblioteket\/besok-biblioteket\/\" \/>\n<meta property=\"og:site_name\" content=\"Musik- och teaterbiblioteket\" \/>\n<meta property=\"article:modified_time\" content=\"2023-01-09T08:44:59+00:00\" \/>\n<meta property=\"og:image\" content=\"https:\/\/musikverket.se\/musikochteaterbiblioteket\/files\/2013\/06\/MTB_besok_bibl_utv_bild_500x364px.jpg\" \/>\n\t<meta property=\"og:image:width\" content=\"500\" \/>\n\t<meta property=\"og:image:height\" content=\"364\" \/>\n<meta name=\"twitter:label1\" content=\"Ber\u00e4knad l\u00e4stid\">\n\t<meta name=\"twitter:data1\" content=\"3 minuter\">\n<script type=\"application\/ld+json\" class=\"yoast-schema-graph\">{\"@context\":\"https:\/\/schema.org\",\"@graph\":[{\"@type\":\"WebSite\",\"@id\":\"https:\/\/musikverket-old.test.consids5.se\/musikochteaterbiblioteket\/#website\",\"url\":\"https:\/\/musikverket-old.test.consids5.se\/musikochteaterbiblioteket\/\",\"name\":\"Musik- och teaterbiblioteket\",\"description\":\"F\\u00f6rdjupning, kunskap och spelgl\\u00e4dje\",\"potentialAction\":[{\"@type\":\"SearchAction\",\"target\":\"https:\/\/musikverket-old.test.consids5.se\/musikochteaterbiblioteket\/?s={search_term_string}\",\"query-input\":\"required name=search_term_string\"}],\"inLanguage\":\"sv-SE\"},{\"@type\":\"ImageObject\",\"@id\":\"https:\/\/musikverket-old.test.consids5.se\/musikochteaterbiblioteket\/besok-biblioteket\/#primaryimage\",\"inLanguage\":\"sv-SE\",\"url\":\"https:\/\/musikverket-old.test.consids5.se\/musikochteaterbiblioteket\/files\/2013\/06\/MTB_besok_bibl_utv_bild_500x364px.jpg\",\"contentUrl\":\"https:\/\/musikverket-old.test.consids5.se\/musikochteaterbiblioteket\/files\/2013\/06\/MTB_besok_bibl_utv_bild_500x364px.jpg\",\"width\":\"500\",\"height\":\"364\",\"caption\":\"Bes\\u00f6k biblioteket. Foto: Mark Earthy\/Scanpix\"},{\"@type\":\"WebPage\",\"@id\":\"https:\/\/musikverket-old.test.consids5.se\/musikochteaterbiblioteket\/besok-biblioteket\/#webpage\",\"url\":\"https:\/\/musikverket-old.test.consids5.se\/musikochteaterbiblioteket\/besok-biblioteket\/\",\"name\":\"Bes\\u00f6k biblioteket - Musik- och teaterbiblioteket\",\"isPartOf\":{\"@id\":\"https:\/\/musikverket-old.test.consids5.se\/musikochteaterbiblioteket\/#website\"},\"primaryImageOfPage\":{\"@id\":\"https:\/\/musikverket-old.test.consids5.se\/musikochteaterbiblioteket\/besok-biblioteket\/#primaryimage\"},\"datePublished\":\"2012-05-09T12:51:45+00:00\",\"dateModified\":\"2023-01-09T08:44:59+00:00\",\"breadcrumb\":{\"@id\":\"https:\/\/musikverket-old.test.consids5.se\/musikochteaterbiblioteket\/besok-biblioteket\/#breadcrumb\"},\"inLanguage\":\"sv-SE\",\"potentialAction\":[{\"@type\":\"ReadAction\",\"target\":[\"https:\/\/musikverket-old.test.consids5.se\/musikochteaterbiblioteket\/besok-biblioteket\/\"]}]},{\"@type\":\"BreadcrumbList\",\"@id\":\"https:\/\/musikverket-old.test.consids5.se\/musikochteaterbiblioteket\/besok-biblioteket\/#breadcrumb\",\"itemListElement\":[{\"@type\":\"ListItem\",\"position\":1,\"item\":{\"@type\":\"WebPage\",\"@id\":\"https:\/\/musikverket-old.test.consids5.se\/musikochteaterbiblioteket\/\",\"url\":\"https:\/\/musikverket-old.test.consids5.se\/musikochteaterbiblioteket\/\",\"name\":\"Hem\"}},{\"@type\":\"ListItem\",\"position\":2,\"item\":{\"@id\":\"https:\/\/musikverket-old.test.consids5.se\/musikochteaterbiblioteket\/besok-biblioteket\/#webpage\"}}]}]}<\/script>\n<!-- \/ Yoast SEO plugin. -->","jetpack_shortlink":"https:\/\/wp.me\/P2ZwmI-H","jetpack_sharing_enabled":true,"_links":{"self":[{"href":"https:\/\/musikverket-old.test.consids5.se\/musikochteaterbiblioteket\/wp-json\/wp\/v2\/pages\/43"}],"collection":[{"href":"https:\/\/musikverket-old.test.consids5.se\/musikochteaterbiblioteket\/wp-json\/wp\/v2\/pages"}],"about":[{"href":"https:\/\/musikverket-old.test.consids5.se\/musikochteaterbiblioteket\/wp-json\/wp\/v2\/types\/page"}],"author":[{"embeddable":true,"href":"https:\/\/musikverket-old.test.consids5.se\/musikochteaterbiblioteket\/wp-json\/wp\/v2\/users\/1"}],"replies":[{"embeddable":true,"href":"https:\/\/musikverket-old.test.consids5.se\/musikochteaterbiblioteket\/wp-json\/wp\/v2\/comments?post=43"}],"version-history":[{"count":0,"href":"https:\/\/musikverket-old.test.consids5.se\/musikochteaterbiblioteket\/wp-json\/wp\/v2\/pages\/43\/revisions"}],"wp:featuredmedia":[{"embeddable":true,"href":"https:\/\/musikverket-old.test.consids5.se\/musikochteaterbiblioteket\/wp-json\/wp\/v2\/media\/4854"}],"wp:attachment":[{"href":"https:\/\/musikverket-old.test.consids5.se\/musikochteaterbiblioteket\/wp-json\/wp\/v2\/media?parent=43"}],"wp:term":[{"taxonomy":"category","embeddable":true,"href":"https:\/\/musikverket-old.test.consids5.se\/musikochteaterbiblioteket\/wp-json\/wp\/v2\/categories?post=43"},{"taxonomy":"post_tag","embeddable":true,"href":"https:\/\/musikverket-old.test.consids5.se\/musikochteaterbiblioteket\/wp-json\/wp\/v2\/tags?post=43"}],"curies":[{"name":"wp","href":"https:\/\/api.w.org\/{rel}","templated":true}]}}