{"id":44,"date":"2012-05-09T13:58:07","date_gmt":"2012-05-09T11:58:07","guid":{"rendered":"http:\/\/musikverket.adeprimo.se\/musikochteaterbiblioteket\/?page_id=154"},"modified":"2021-10-18T14:25:43","modified_gmt":"2021-10-18T12:25:43","slug":"externa-databaser","status":"publish","type":"page","link":"https:\/\/musikverket-old.test.consids5.se\/musikochteaterbiblioteket\/lana\/externa-databaser\/","title":{"rendered":"Externa databaser"},"content":{"rendered":"<div id=\"pl-44\"  class=\"panel-layout\" ><div id=\"pg-44-0\"  class=\"panel-grid panel-no-style\" ><div id=\"pgc-44-0-0\"  class=\"panel-grid-cell\" ><div id=\"panel-44-0-0-0\" class=\"so-panel widget widget_headers panel-first-child panel-last-child\" data-index=\"0\" ><div class=\"so-widget-headers so-widget-headers-base\"><h1 id=\"externa-databaser\">Externa databaser<\/h1>\n<\/div><\/div><\/div><\/div><div id=\"pg-44-1\"  class=\"panel-grid panel-no-style\" ><div id=\"pgc-44-1-0\"  class=\"panel-grid-cell panel-grid-cell-mobile-last\" ><div id=\"panel-44-1-0-0\" class=\"so-panel widget widget_black-studio-tinymce widget_black_studio_tinymce panel-first-child panel-last-child\" data-index=\"1\" ><div class=\"textwidget\"><p><em>Biblioteket prenumererar p\u00e5 flera databaser f\u00f6r den som \u00e4r specialintresserad av musik. Det g\u00e5r bland annat att s\u00f6ka i musikvetenskapliga artiklar, uppslagsverk, verkf\u00f6rteckningar och handskrifter \u00f6ver hela v\u00e4rlden.<br \/>\n<\/em><\/p>\n<\/div><\/div><\/div><div id=\"pgc-44-1-1\"  class=\"panel-grid-cell panel-grid-cell-empty\" ><\/div><\/div><div id=\"pg-44-2\"  class=\"panel-grid panel-no-style\" ><div id=\"pgc-44-2-0\"  class=\"panel-grid-cell\" ><div id=\"panel-44-2-0-0\" class=\"so-panel widget widget_headers panel-first-child\" data-index=\"2\" ><div class=\"so-widget-headers so-widget-headers-base\"><h3 id=\"80-internationella-musiktidskrifter\">80 internationella musiktidskrifter<\/h3>\n<\/div><\/div><div id=\"panel-44-2-0-1\" class=\"so-panel widget widget_black-studio-tinymce widget_black_studio_tinymce panel-last-child\" data-index=\"3\" ><div class=\"textwidget\"><p><a title=\"JSTOR\" href=\"http:\/\/www.jstor.org\/\" target=\"_blank\">JSTOR<\/a>&nbsp;(Journal storage), en databas som inneh&aring;ller artiklar fr&aring;n ett 80-tal internationella musiktidskrifter, s&ouml;k- och l&auml;sbara online.<\/p>\n<\/div><\/div><\/div><div id=\"pgc-44-2-1\"  class=\"panel-grid-cell\" ><div id=\"panel-44-2-1-0\" class=\"so-panel widget widget_headers panel-first-child\" data-index=\"4\" ><div class=\"so-widget-headers so-widget-headers-base\"><h3 id=\"uppslagsverk\">Uppslagsverk<\/h3>\n<\/div><\/div><div id=\"panel-44-2-1-1\" class=\"so-panel widget widget_black-studio-tinymce widget_black_studio_tinymce panel-last-child\" data-index=\"5\" ><div class=\"textwidget\"><p><a title=\"Grove\u2019s online\" href=\"https:\/\/www.oxfordmusiconline.com\/grovemusic\/\" target=\"_blank\" rel=\"noopener\">Grove\u2019s online<\/a>, uppslagsverket&nbsp;<em>The New Grove Dictionary of Music and Musicians<\/em>&nbsp;finns i en onlineversion,&nbsp;<em>Oxford Music Online.<\/em> Tillg\u00e4nglig via ditt l\u00e5nekortsnummer.&nbsp;<\/p>\n<\/div><\/div><\/div><div id=\"pgc-44-2-2\"  class=\"panel-grid-cell\" ><div id=\"panel-44-2-2-0\" class=\"so-panel widget widget_headers panel-first-child\" data-index=\"6\" ><div class=\"so-widget-headers so-widget-headers-base\"><h3 id=\"sokhjalp-for-notutgavor\">S\u00f6khj\u00e4lp f\u00f6r notutg\u00e5vor<\/h3>\n<\/div><\/div><div id=\"panel-44-2-2-1\" class=\"so-panel widget widget_black-studio-tinymce widget_black_studio_tinymce panel-last-child\" data-index=\"7\" ><div class=\"textwidget\"><p><a href=\"https:\/\/search.ebscohost.com\/login.aspx?authtype=cpid&amp;custid=ns144610\">IPM&nbsp;<\/a>(Index of Printed Music) ger s\u00f6khj\u00e4lp f\u00f6r att hitta noter i tryckta samlingsutg\u00e5vor. S\u00f6k p\u00e5 enstaka titlar f\u00f6r information om i vilken utg\u00e5va och p\u00e5 vilken sida stycket finns. G\u00e5 till <a href=\"https:\/\/search.ebscohost.com\/login.aspx?authtype=cpid&amp;custid=ns144610\">inloggningssidan<\/a> och logga in med l\u00e5nekortsnummer i f\u00e4ltet \u201dPatron ID\u201d. Klicka sedan p\u00e5 \u201dEBSCOhost Research Databases\u201d.<\/p>\n<\/div><\/div><\/div><\/div><div id=\"pg-44-3\"  class=\"panel-grid panel-no-style\" ><div id=\"pgc-44-3-0\"  class=\"panel-grid-cell\" ><div id=\"panel-44-3-0-0\" class=\"so-panel widget widget_headers panel-first-child\" data-index=\"8\" ><div class=\"so-widget-headers so-widget-headers-base\"><h3 id=\"musikvetenskapliga-artiklar\">Musikvetenskapliga artiklar<\/h3>\n<\/div><\/div><div id=\"panel-44-3-0-1\" class=\"so-panel widget widget_black-studio-tinymce widget_black_studio_tinymce panel-last-child\" data-index=\"9\" ><div class=\"textwidget\"><p><a href=\"https:\/\/search.ebscohost.com\/login.aspx?authtype=cpid&amp;custid=ns144610\">RILM<\/a> (R\u00e9pertoire International de Litt\u00e9rature Musicale), en internationell databas med 600&nbsp;000 sammanfattningar av vetenskapliga artiklar, b\u00f6cker, uppsatser, avhandlingar och filmer. G\u00e5 till <a href=\"https:\/\/search.ebscohost.com\/login.aspx?authtype=cpid&amp;custid=ns144610\">inloggningssidan<\/a> och logga in med l\u00e5nekortsnummer i f\u00e4ltet \u201dPatron ID\u201d. Klicka sedan p\u00e5 \u201dEBSCOhost Research Databases\u201d<\/p>\n<p>&nbsp;<\/p>\n<\/div><\/div><\/div><div id=\"pgc-44-3-1\"  class=\"panel-grid-cell\" ><div id=\"panel-44-3-1-0\" class=\"so-panel widget widget_headers panel-first-child\" data-index=\"10\" ><div class=\"so-widget-headers so-widget-headers-base\"><h3 id=\"musikkallor-fore-ar-1800\">Musikk\u00e4llor f\u00f6re \u00e5r 1800<\/h3>\n<\/div><\/div><div id=\"panel-44-3-1-1\" class=\"so-panel widget widget_black-studio-tinymce widget_black_studio_tinymce panel-last-child\" data-index=\"11\" ><div class=\"textwidget\"><p><a title=\"RISM\" href=\"http:\/\/opac.rism.info\/index.php?id=2&amp;L=1\" target=\"_blank\">RISM<\/a> (R&eacute;pertoire International des Sources Musicales) &auml;r en internationell f&ouml;rteckning &ouml;ver musikk&auml;llor - tryckta och handskrivna noter och musikskrifter - f&ouml;re &aring;r 1800. I RISM online kan man s&ouml;ka handskrifter, &auml;ven via melodib&ouml;rjan (s&aring; kallad incipit), &nbsp;men det tryckta materialet kan endast s&ouml;kas i referensbibliotekets RISM-b&ouml;cker.<\/p>\n<\/div><\/div><\/div><div id=\"pgc-44-3-2\"  class=\"panel-grid-cell\" ><div id=\"panel-44-3-2-0\" class=\"so-panel widget widget_headers panel-first-child\" data-index=\"12\" ><div class=\"so-widget-headers so-widget-headers-base\"><h3 id=\"international-bibliography-of-theatre-and-dance\">International Bibliography of Theatre and Dance<\/h3>\n<\/div><\/div><div id=\"panel-44-3-2-1\" class=\"so-panel widget widget_black-studio-tinymce widget_black_studio_tinymce panel-last-child\" data-index=\"13\" ><div class=\"textwidget\"><div class=\"puff-text\"><a href=\"https:\/\/search.ebscohost.com\/login.aspx?authtype=cpid&amp;custid=ns144610\">International Bibliography of Theatre and Dance with Full Text<\/a> inneh\u00e5ller fler \u00e4n 360 boktitlar i fulltext och 170 teater- och danstidskrifter, \u00e4ven m\u00e5nga av dessa tillg\u00e4ngliga i fulltext. G\u00e5 till <a href=\"https:\/\/search.ebscohost.com\/login.aspx?authtype=cpid&amp;custid=ns144610\">inloggningssidan<\/a> och logga in med l\u00e5nekortsnummer i f\u00e4ltet \u201dPatron ID\u201d. Klicka sedan p\u00e5 \u201dEBSCOhost Research Databases\u201d<\/div>\n<div>&nbsp;<\/div>\n<\/div><\/div><\/div><\/div><div id=\"pg-44-4\"  class=\"panel-grid panel-no-style\" ><div id=\"pgc-44-4-0\"  class=\"panel-grid-cell\" ><div id=\"panel-44-4-0-0\" class=\"so-panel widget widget_headers panel-first-child\" data-index=\"14\" ><div class=\"so-widget-headers so-widget-headers-base\"><h3 id=\"mer-musik-och-teatermaterial\">Mer musik- och teatermaterial<\/h3>\n<\/div><\/div><div id=\"panel-44-4-0-1\" class=\"so-panel widget widget_black-studio-tinymce widget_black_studio_tinymce panel-last-child\" data-index=\"15\" ><div class=\"textwidget\"><p>Musik- och teaterbiblioteket visar v&auml;gen till massor av anv&auml;ndbara l&auml;nkar och webbplatser. Se <a title=\"Musik- och teaterbibliotekets l&auml;nkar\" href=\"http:\/\/statensmusikverk.se\/musikochteaterbiblioteket\/lankar\/\">samlade l&auml;nkar<\/a>.<\/p>\n<\/div><\/div><\/div><div id=\"pgc-44-4-1\"  class=\"panel-grid-cell panel-grid-cell-empty panel-grid-cell-mobile-last\" ><\/div><div id=\"pgc-44-4-2\"  class=\"panel-grid-cell panel-grid-cell-empty\" ><\/div><\/div><\/div>","protected":false},"excerpt":{"rendered":"<p>Biblioteket prenumererar p\u00e5 flera databaser f\u00f6r den som \u00e4r specialintresserad av musik. Det g\u00e5r bland annat att s\u00f6ka i musikvetenskapliga artiklar, uppslagsverk, verkf\u00f6rteckningar och handskrifter \u00f6ver hela v\u00e4rlden.<\/p>\n","protected":false},"author":1,"featured_media":0,"parent":12,"menu_order":0,"comment_status":"open","ping_status":"open","template":"","meta":{"ngg_post_thumbnail":0,"spay_email":""},"categories":[3],"tags":[44,45],"yoast_head":"<!-- This site is optimized with the Yoast SEO plugin v16.3 - https:\/\/yoast.com\/wordpress\/plugins\/seo\/ -->\n<meta name=\"robots\" content=\"index, follow, max-snippet:-1, max-image-preview:large, max-video-preview:-1\" \/>\n<link rel=\"canonical\" href=\"https:\/\/musikverket-old.test.consids5.se\/musikochteaterbiblioteket\/lana\/externa-databaser\/\" \/>\n<meta property=\"og:locale\" content=\"sv_SE\" \/>\n<meta property=\"og:type\" content=\"article\" \/>\n<meta property=\"og:title\" content=\"Externa databaser - Musik- och teaterbiblioteket\" \/>\n<meta property=\"og:description\" content=\"Biblioteket prenumererar p\u00e5 flera databaser f\u00f6r den som \u00e4r specialintresserad av musik. Det g\u00e5r bland annat att s\u00f6ka i musikvetenskapliga artiklar, uppslagsverk, verkf\u00f6rteckningar och handskrifter \u00f6ver hela v\u00e4rlden.\" \/>\n<meta property=\"og:url\" content=\"https:\/\/musikverket-old.test.consids5.se\/musikochteaterbiblioteket\/lana\/externa-databaser\/\" \/>\n<meta property=\"og:site_name\" content=\"Musik- och teaterbiblioteket\" \/>\n<meta property=\"article:modified_time\" content=\"2021-10-18T12:25:43+00:00\" \/>\n<meta name=\"twitter:label1\" content=\"Ber\u00e4knad l\u00e4stid\">\n\t<meta name=\"twitter:data1\" content=\"2 minuter\">\n<script type=\"application\/ld+json\" class=\"yoast-schema-graph\">{\"@context\":\"https:\/\/schema.org\",\"@graph\":[{\"@type\":\"WebSite\",\"@id\":\"https:\/\/musikverket-old.test.consids5.se\/musikochteaterbiblioteket\/#website\",\"url\":\"https:\/\/musikverket-old.test.consids5.se\/musikochteaterbiblioteket\/\",\"name\":\"Musik- och teaterbiblioteket\",\"description\":\"F\\u00f6rdjupning, kunskap och spelgl\\u00e4dje\",\"potentialAction\":[{\"@type\":\"SearchAction\",\"target\":\"https:\/\/musikverket-old.test.consids5.se\/musikochteaterbiblioteket\/?s={search_term_string}\",\"query-input\":\"required name=search_term_string\"}],\"inLanguage\":\"sv-SE\"},{\"@type\":\"WebPage\",\"@id\":\"https:\/\/musikverket-old.test.consids5.se\/musikochteaterbiblioteket\/lana\/externa-databaser\/#webpage\",\"url\":\"https:\/\/musikverket-old.test.consids5.se\/musikochteaterbiblioteket\/lana\/externa-databaser\/\",\"name\":\"Externa databaser - Musik- och teaterbiblioteket\",\"isPartOf\":{\"@id\":\"https:\/\/musikverket-old.test.consids5.se\/musikochteaterbiblioteket\/#website\"},\"datePublished\":\"2012-05-09T11:58:07+00:00\",\"dateModified\":\"2021-10-18T12:25:43+00:00\",\"breadcrumb\":{\"@id\":\"https:\/\/musikverket-old.test.consids5.se\/musikochteaterbiblioteket\/lana\/externa-databaser\/#breadcrumb\"},\"inLanguage\":\"sv-SE\",\"potentialAction\":[{\"@type\":\"ReadAction\",\"target\":[\"https:\/\/musikverket-old.test.consids5.se\/musikochteaterbiblioteket\/lana\/externa-databaser\/\"]}]},{\"@type\":\"BreadcrumbList\",\"@id\":\"https:\/\/musikverket-old.test.consids5.se\/musikochteaterbiblioteket\/lana\/externa-databaser\/#breadcrumb\",\"itemListElement\":[{\"@type\":\"ListItem\",\"position\":1,\"item\":{\"@type\":\"WebPage\",\"@id\":\"https:\/\/musikverket-old.test.consids5.se\/musikochteaterbiblioteket\/\",\"url\":\"https:\/\/musikverket-old.test.consids5.se\/musikochteaterbiblioteket\/\",\"name\":\"Hem\"}},{\"@type\":\"ListItem\",\"position\":2,\"item\":{\"@type\":\"WebPage\",\"@id\":\"https:\/\/musikverket-old.test.consids5.se\/musikochteaterbiblioteket\/lana\/\",\"url\":\"https:\/\/musikverket-old.test.consids5.se\/musikochteaterbiblioteket\/lana\/\",\"name\":\"L\\u00e5na\"}},{\"@type\":\"ListItem\",\"position\":3,\"item\":{\"@id\":\"https:\/\/musikverket-old.test.consids5.se\/musikochteaterbiblioteket\/lana\/externa-databaser\/#webpage\"}}]}]}<\/script>\n<!-- \/ Yoast SEO plugin. -->","jetpack_shortlink":"https:\/\/wp.me\/P2ZwmI-I","jetpack_sharing_enabled":true,"_links":{"self":[{"href":"https:\/\/musikverket-old.test.consids5.se\/musikochteaterbiblioteket\/wp-json\/wp\/v2\/pages\/44"}],"collection":[{"href":"https:\/\/musikverket-old.test.consids5.se\/musikochteaterbiblioteket\/wp-json\/wp\/v2\/pages"}],"about":[{"href":"https:\/\/musikverket-old.test.consids5.se\/musikochteaterbiblioteket\/wp-json\/wp\/v2\/types\/page"}],"author":[{"embeddable":true,"href":"https:\/\/musikverket-old.test.consids5.se\/musikochteaterbiblioteket\/wp-json\/wp\/v2\/users\/1"}],"replies":[{"embeddable":true,"href":"https:\/\/musikverket-old.test.consids5.se\/musikochteaterbiblioteket\/wp-json\/wp\/v2\/comments?post=44"}],"version-history":[{"count":0,"href":"https:\/\/musikverket-old.test.consids5.se\/musikochteaterbiblioteket\/wp-json\/wp\/v2\/pages\/44\/revisions"}],"up":[{"embeddable":true,"href":"https:\/\/musikverket-old.test.consids5.se\/musikochteaterbiblioteket\/wp-json\/wp\/v2\/pages\/12"}],"wp:attachment":[{"href":"https:\/\/musikverket-old.test.consids5.se\/musikochteaterbiblioteket\/wp-json\/wp\/v2\/media?parent=44"}],"wp:term":[{"taxonomy":"category","embeddable":true,"href":"https:\/\/musikverket-old.test.consids5.se\/musikochteaterbiblioteket\/wp-json\/wp\/v2\/categories?post=44"},{"taxonomy":"post_tag","embeddable":true,"href":"https:\/\/musikverket-old.test.consids5.se\/musikochteaterbiblioteket\/wp-json\/wp\/v2\/tags?post=44"}],"curies":[{"name":"wp","href":"https:\/\/api.w.org\/{rel}","templated":true}]}}