{"id":46,"date":"2012-05-09T15:31:21","date_gmt":"2012-05-09T13:31:21","guid":{"rendered":"http:\/\/musikverket.adeprimo.se\/musikochteaterbiblioteket\/?page_id=301"},"modified":"2021-07-01T11:47:14","modified_gmt":"2021-07-01T09:47:14","slug":"musik-i-konsten","status":"publish","type":"page","link":"https:\/\/musikverket-old.test.consids5.se\/musikochteaterbiblioteket\/rariteter\/musik-i-konsten\/","title":{"rendered":"Musik i konsten"},"content":{"rendered":"<div id=\"pl-46\"  class=\"panel-layout\" ><div id=\"pg-46-0\"  class=\"panel-grid panel-no-style\" ><div id=\"pgc-46-0-0\"  class=\"panel-grid-cell\" ><div id=\"panel-46-0-0-0\" class=\"so-panel widget widget_headers panel-first-child panel-last-child\" data-index=\"0\" ><div class=\"so-widget-headers so-widget-headers-base\"><h1 id=\"musik-i-konsten\">Musik i konsten<\/h1>\n<\/div><\/div><\/div><\/div><div id=\"pg-46-1\"  class=\"panel-grid panel-no-style\" ><div id=\"pgc-46-1-0\"  class=\"panel-grid-cell panel-grid-cell-mobile-last\" ><div id=\"panel-46-1-0-0\" class=\"so-panel widget widget_black-studio-tinymce widget_black_studio_tinymce panel-first-child panel-last-child\" data-index=\"1\" ><div class=\"textwidget\"><p><em>Konstverk som inneh&aring;ller information om musikaliska f&ouml;rh&aring;llanden &auml;r en viktig k&auml;lla till kunskap om musik och musikhistoria. Svenska RIdIM-kommitt&eacute;ns arbete, som utf&ouml;rs vid biblioteket, har som m&aring;ls&auml;ttning att kartl&auml;gga, katalogisera och tillg&auml;ngligg&ouml;ra all konst som p&aring; n&aring;got s&auml;tt ger information om musik och musikliv fr&aring;n forntiden till idag.<\/em><\/p>\n<\/div><\/div><\/div><div id=\"pgc-46-1-1\"  class=\"panel-grid-cell panel-grid-cell-empty\" ><\/div><\/div><div id=\"pg-46-2\"  class=\"panel-grid panel-no-style\" ><div id=\"pgc-46-2-0\"  class=\"panel-grid-cell\" ><div id=\"panel-46-2-0-0\" class=\"so-panel widget widget_headers panel-first-child\" data-index=\"2\" ><div class=\"so-widget-headers so-widget-headers-base\"><h3 id=\"anglar-och-demoner\">\u00c4nglar och demoner<\/h3>\n<\/div><\/div><div id=\"panel-46-2-0-1\" class=\"so-panel widget widget_black-studio-tinymce widget_black_studio_tinymce\" data-index=\"3\" ><div class=\"textwidget\"><p>Bildsamlingen vid Musik- och teaterbiblioteket dokumenterar all slags musikikonografi, det vill s\u00e4ga konstverk med musikmotiv, som finns i svenska museer, arkiv, bibliotek och hos andra institutioner.<\/p>\n<p>Registret, som \u00e4r en kortkatalog med foton av konstverken, finns s\u00f6kbart p\u00e5 webben. Katalogen och reproduktionssamlingen best\u00e5r av svartvita fotokopior, men inneh\u00e5ller \u00e4ven en hel del diapositiv. Studiekopior av konstverken kan best\u00e4llas som l\u00e4sesalsl\u00e5n i bibliotekets lokaler. <a title=\"Till kortkatalogen f\u00f6r musik i konsten\" href=\"http:\/\/katalog.musikverket.se\/mtb\/views\/ridim\/Default.aspx?item=5\" target=\"_blank\" rel=\"noopener\">Till Musik i konsten-katalogen<\/a>.<\/p>\n<p>Tonvikten ligger vid \u00e4ldre konst, fr\u00e5n medeltid och fram\u00e5t, och omfattar mycket olikartade motivtyper \u2013 fr\u00e5n \u00e4nglakonserter, musicerande djur och demoner i medeltida kyrkm\u00e5lningar till instrumentframst\u00e4llningar och musikmilj\u00f6er p\u00e5 oljem\u00e5lningar och gravyrer fr\u00e5n 1600- och 1700-talen. H\u00e4r finns \u00e4ven scenbilder och rollportr\u00e4tt, folkmusikmilj\u00f6er och bonader fr\u00e5n 1700- och 1800-talen med s\u00e5v\u00e4l v\u00e4rldsliga som religi\u00f6sa musikmotiv. Biblioteket har ocks\u00e5 en stor samling ritningar till orgelfasader och en samling musikerportr\u00e4tt.<\/p>\n<\/div><\/div><div id=\"panel-46-2-0-2\" class=\"so-panel widget widget_headers\" data-index=\"4\" ><div class=\"so-widget-headers so-widget-headers-base\"><h3 id=\"viktig-kunskapskalla-till-musik\">Viktig kunskapsk\u00e4lla till musik<\/h3>\n<\/div><\/div><div id=\"panel-46-2-0-3\" class=\"so-panel widget widget_black-studio-tinymce widget_black_studio_tinymce panel-last-child\" data-index=\"5\" ><div class=\"textwidget\"><p>Konstverk som inneh&aring;ller information om musikaliska f&ouml;rh&aring;llanden &auml;r en viktig k&auml;lla till kunskap om musik och musikhistoria fr&aring;n tider d&auml;r annat k&auml;llmaterial f&ouml;rekommer sparsamt eller &auml;r f&ouml;rst&ouml;rt. Konstverken kan &ndash; r&auml;tt tolkade &ndash; informera om vilka musikinstrument som fanns, hur de s&aring;g ut och vilken symbolisk inneb&ouml;rd de kunde ha. De kan ocks&aring; ge svar p&aring; fr&aring;gor om hur musiken framf&ouml;rdes, till exempel hur ensembler var sammansatta, hur stora de var och om vilka sociala f&ouml;rh&aring;llanden som r&aring;dde i musiklivet.<\/p>\n<\/div><\/div><\/div><div id=\"pgc-46-2-1\"  class=\"panel-grid-cell\" ><div id=\"panel-46-2-1-0\" class=\"so-panel widget widget_headers panel-first-child\" data-index=\"6\" ><div class=\"so-widget-headers so-widget-headers-base\"><h3 id=\"sok-i-internationella-databaser\">S\u00f6k i internationella databaser<\/h3>\n<\/div><\/div><div id=\"panel-46-2-1-1\" class=\"so-panel widget widget_black-studio-tinymce widget_black_studio_tinymce panel-last-child\" data-index=\"7\" ><div class=\"textwidget\"><p>Arbetet med samlingen Musik i konsten &auml;r en del av det internationella projektet R&eacute;pertoire international d'iconographie musicale (RIdIM). P&aring; 1970-talet tog den amerikanske musikforskaren Barry Brook initiativet till en v&auml;rldsomsp&auml;nnande inventering och katalogisering av allt musikikonografiskt material. D&auml;rmed uppstod <a title=\"Till RIdIMs webbplats\" href=\"http:\/\/www.ridim.org\/\" target=\"_blank\">RIdIM, R&eacute;pertoire international d'iconographie musicale<\/a>, parallellt med <a title=\"Till RILMs webbplats\" href=\"http:\/\/www.rilm.org\/\" target=\"_blank\">RILM<\/a> och <a title=\"Till RISMs webbplats\" href=\"http:\/\/www.rism.info\/\" target=\"_blank\">RISM<\/a>. Nationella kommitt&eacute;er bildades, d&auml;ribland Svenska RIdIM-kommitt&eacute;n. <a title=\"Till RIdIMs webbplats\" href=\"http:\/\/rcmi.gc.cuny.edu\/\" target=\"_blank\">H&auml;r kan du l&auml;sa mer om RIdIM<\/a>.<\/p>\n<p>Svenska RIdIM-kommitt&eacute;ns arbete, som utf&ouml;rs vid Musik- och teaterbiblioteket har som m&aring;ls&auml;ttning att kartl&auml;gga, katalogisera och tillg&auml;ngligg&ouml;ra allt musikikonografiskt material i Sverige. S&aring;dant material kan bland annat vara kalkm&aring;lningar, oljem&aring;lningar, akvareller, teckningar och skulpturer &ndash;&nbsp;kort sagt all konst som p&aring; n&aring;got s&auml;tt ger information om musik och musikliv fr&aring;n forntiden till idag.<\/p>\n<\/div><\/div><\/div><\/div><\/div>","protected":false},"excerpt":{"rendered":"<p>Konstverk som inneh&aring;ller information om musikaliska f&ouml;rh&aring;llanden &auml;r en viktig k&auml;lla till kunskap om musik och musikhistoria. Svenska RIdIM-kommitt&eacute;ns arbete, som utf&ouml;rs vid biblioteket, har som m&aring;ls&auml;ttning att kartl&auml;gga, katalogisera och tillg&auml;ngligg&ouml;ra all konst som p&aring; n&aring;got s&auml;tt ger information om musik och musikliv fr&aring;n forntiden till idag.<\/p>\n","protected":false},"author":1,"featured_media":0,"parent":45,"menu_order":0,"comment_status":"open","ping_status":"closed","template":"","meta":{"ngg_post_thumbnail":0,"spay_email":""},"categories":[4,3],"tags":[123,124,122,15],"yoast_head":"<!-- This site is optimized with the Yoast SEO plugin v16.3 - https:\/\/yoast.com\/wordpress\/plugins\/seo\/ -->\n<meta name=\"robots\" content=\"index, follow, max-snippet:-1, max-image-preview:large, max-video-preview:-1\" \/>\n<link rel=\"canonical\" href=\"https:\/\/musikverket-old.test.consids5.se\/musikochteaterbiblioteket\/rariteter\/musik-i-konsten\/\" \/>\n<meta property=\"og:locale\" content=\"sv_SE\" \/>\n<meta property=\"og:type\" content=\"article\" \/>\n<meta property=\"og:title\" content=\"Musik i konsten - Musik- och teaterbiblioteket\" \/>\n<meta property=\"og:description\" content=\"Konstverk som inneh&aring;ller information om musikaliska f&ouml;rh&aring;llanden &auml;r en viktig k&auml;lla till kunskap om musik och musikhistoria. Svenska RIdIM-kommitt&eacute;ns arbete, som utf&ouml;rs vid biblioteket, har som m&aring;ls&auml;ttning att kartl&auml;gga, katalogisera och tillg&auml;ngligg&ouml;ra all konst som p&aring; n&aring;got s&auml;tt ger information om musik och musikliv fr&aring;n forntiden till idag.\" \/>\n<meta property=\"og:url\" content=\"https:\/\/musikverket-old.test.consids5.se\/musikochteaterbiblioteket\/rariteter\/musik-i-konsten\/\" \/>\n<meta property=\"og:site_name\" content=\"Musik- och teaterbiblioteket\" \/>\n<meta property=\"article:modified_time\" content=\"2021-07-01T09:47:14+00:00\" \/>\n<meta name=\"twitter:label1\" content=\"Ber\u00e4knad l\u00e4stid\">\n\t<meta name=\"twitter:data1\" content=\"3 minuter\">\n<script type=\"application\/ld+json\" class=\"yoast-schema-graph\">{\"@context\":\"https:\/\/schema.org\",\"@graph\":[{\"@type\":\"WebSite\",\"@id\":\"https:\/\/musikverket-old.test.consids5.se\/musikochteaterbiblioteket\/#website\",\"url\":\"https:\/\/musikverket-old.test.consids5.se\/musikochteaterbiblioteket\/\",\"name\":\"Musik- och teaterbiblioteket\",\"description\":\"F\\u00f6rdjupning, kunskap och spelgl\\u00e4dje\",\"potentialAction\":[{\"@type\":\"SearchAction\",\"target\":\"https:\/\/musikverket-old.test.consids5.se\/musikochteaterbiblioteket\/?s={search_term_string}\",\"query-input\":\"required name=search_term_string\"}],\"inLanguage\":\"sv-SE\"},{\"@type\":\"WebPage\",\"@id\":\"https:\/\/musikverket-old.test.consids5.se\/musikochteaterbiblioteket\/rariteter\/musik-i-konsten\/#webpage\",\"url\":\"https:\/\/musikverket-old.test.consids5.se\/musikochteaterbiblioteket\/rariteter\/musik-i-konsten\/\",\"name\":\"Musik i konsten - Musik- och teaterbiblioteket\",\"isPartOf\":{\"@id\":\"https:\/\/musikverket-old.test.consids5.se\/musikochteaterbiblioteket\/#website\"},\"datePublished\":\"2012-05-09T13:31:21+00:00\",\"dateModified\":\"2021-07-01T09:47:14+00:00\",\"breadcrumb\":{\"@id\":\"https:\/\/musikverket-old.test.consids5.se\/musikochteaterbiblioteket\/rariteter\/musik-i-konsten\/#breadcrumb\"},\"inLanguage\":\"sv-SE\",\"potentialAction\":[{\"@type\":\"ReadAction\",\"target\":[\"https:\/\/musikverket-old.test.consids5.se\/musikochteaterbiblioteket\/rariteter\/musik-i-konsten\/\"]}]},{\"@type\":\"BreadcrumbList\",\"@id\":\"https:\/\/musikverket-old.test.consids5.se\/musikochteaterbiblioteket\/rariteter\/musik-i-konsten\/#breadcrumb\",\"itemListElement\":[{\"@type\":\"ListItem\",\"position\":1,\"item\":{\"@type\":\"WebPage\",\"@id\":\"https:\/\/musikverket-old.test.consids5.se\/musikochteaterbiblioteket\/\",\"url\":\"https:\/\/musikverket-old.test.consids5.se\/musikochteaterbiblioteket\/\",\"name\":\"Hem\"}},{\"@type\":\"ListItem\",\"position\":2,\"item\":{\"@type\":\"WebPage\",\"@id\":\"https:\/\/musikverket-old.test.consids5.se\/musikochteaterbiblioteket\/rariteter\/\",\"url\":\"https:\/\/musikverket-old.test.consids5.se\/musikochteaterbiblioteket\/rariteter\/\",\"name\":\"Rariteter\"}},{\"@type\":\"ListItem\",\"position\":3,\"item\":{\"@id\":\"https:\/\/musikverket-old.test.consids5.se\/musikochteaterbiblioteket\/rariteter\/musik-i-konsten\/#webpage\"}}]}]}<\/script>\n<!-- \/ Yoast SEO plugin. -->","jetpack_shortlink":"https:\/\/wp.me\/P2ZwmI-K","jetpack_sharing_enabled":true,"_links":{"self":[{"href":"https:\/\/musikverket-old.test.consids5.se\/musikochteaterbiblioteket\/wp-json\/wp\/v2\/pages\/46"}],"collection":[{"href":"https:\/\/musikverket-old.test.consids5.se\/musikochteaterbiblioteket\/wp-json\/wp\/v2\/pages"}],"about":[{"href":"https:\/\/musikverket-old.test.consids5.se\/musikochteaterbiblioteket\/wp-json\/wp\/v2\/types\/page"}],"author":[{"embeddable":true,"href":"https:\/\/musikverket-old.test.consids5.se\/musikochteaterbiblioteket\/wp-json\/wp\/v2\/users\/1"}],"replies":[{"embeddable":true,"href":"https:\/\/musikverket-old.test.consids5.se\/musikochteaterbiblioteket\/wp-json\/wp\/v2\/comments?post=46"}],"version-history":[{"count":0,"href":"https:\/\/musikverket-old.test.consids5.se\/musikochteaterbiblioteket\/wp-json\/wp\/v2\/pages\/46\/revisions"}],"up":[{"embeddable":true,"href":"https:\/\/musikverket-old.test.consids5.se\/musikochteaterbiblioteket\/wp-json\/wp\/v2\/pages\/45"}],"wp:attachment":[{"href":"https:\/\/musikverket-old.test.consids5.se\/musikochteaterbiblioteket\/wp-json\/wp\/v2\/media?parent=46"}],"wp:term":[{"taxonomy":"category","embeddable":true,"href":"https:\/\/musikverket-old.test.consids5.se\/musikochteaterbiblioteket\/wp-json\/wp\/v2\/categories?post=46"},{"taxonomy":"post_tag","embeddable":true,"href":"https:\/\/musikverket-old.test.consids5.se\/musikochteaterbiblioteket\/wp-json\/wp\/v2\/tags?post=46"}],"curies":[{"name":"wp","href":"https:\/\/api.w.org\/{rel}","templated":true}]}}