{"id":47,"date":"2012-05-21T14:41:00","date_gmt":"2012-05-21T12:41:00","guid":{"rendered":"http:\/\/musikverket.adeprimo.se\/musikochteaterbiblioteket\/?page_id=323"},"modified":"2021-07-01T11:19:13","modified_gmt":"2021-07-01T09:19:13","slug":"specialsamlingar","status":"publish","type":"page","link":"https:\/\/musikverket-old.test.consids5.se\/musikochteaterbiblioteket\/rariteter\/specialsamlingar\/","title":{"rendered":"\u00d6vriga specialsamlingar"},"content":{"rendered":"<div id=\"pl-47\"  class=\"panel-layout\" ><div id=\"pg-47-0\"  class=\"panel-grid panel-no-style\" ><div id=\"pgc-47-0-0\"  class=\"panel-grid-cell\" ><div id=\"panel-47-0-0-0\" class=\"so-panel widget widget_headers panel-first-child panel-last-child\" data-index=\"0\" ><div class=\"so-widget-headers so-widget-headers-base\"><h1 id=\"specialsamlingar\">Specialsamlingar<\/h1>\n<\/div><\/div><\/div><\/div><div id=\"pg-47-1\"  class=\"panel-grid panel-no-style\" ><div id=\"pgc-47-1-0\"  class=\"panel-grid-cell panel-grid-cell-mobile-last\" ><div id=\"panel-47-1-0-0\" class=\"so-panel widget widget_black-studio-tinymce widget_black_studio_tinymce panel-first-child panel-last-child\" data-index=\"1\" ><div class=\"textwidget\"><p><em>Brev, program, klipp, affischer, manuskript och libretton &ndash; massor av material i fysisk form som har digitala register.<\/em><\/p>\n<\/div><\/div><\/div><div id=\"pgc-47-1-1\"  class=\"panel-grid-cell panel-grid-cell-empty\" ><\/div><\/div><div id=\"pg-47-2\"  class=\"panel-grid panel-no-style\" ><div id=\"pgc-47-2-0\"  class=\"panel-grid-cell\" ><div id=\"panel-47-2-0-0\" class=\"so-panel widget widget_headers panel-first-child\" data-index=\"2\" ><div class=\"so-widget-headers so-widget-headers-base\"><h3 id=\"brevsamlingen\">Brevsamlingen<\/h3>\n<\/div><\/div><div id=\"panel-47-2-0-1\" class=\"so-panel widget widget_black-studio-tinymce widget_black_studio_tinymce\" data-index=\"3\" ><div class=\"textwidget\"><p><a title=\"Brevkatalogen (\u00f6ppnas i ett nytt f\u00f6nster)\" href=\"http:\/\/katalog.musikverket.se\/mtb\/views\/brev\/Default.aspx?item=22\" target=\"_blank\" rel=\"noopener\">Brevkatalogen<\/a> \u00e4r en digitaliserad version av Kungl. Musikaliska akademiens biblioteks \u00e4ldre kortkatalog omfattande ca 15 000 brev. Samlingen f\u00f6rvaras i Musik-och teaterbibliotekets lokaler p\u00e5 Tegeluddsv\u00e4gen 100.<\/p>\n<p><a title=\"Brevregistret (pdf, \u00f6ppnas i ett nytt f\u00f6nster)\" href=\"http:\/\/statensmusikverk.se\/musikochteaterbiblioteket\/files\/2012\/12\/brevregister.pdf\" target=\"_blank\" rel=\"noopener\">Brevregistret<\/a> \u00e4r ett register \u00f6ver brev som tidigare tillh\u00f6rt Musikmuseets arkiv. De f\u00f6rvaras numera i G\u00e4ddviken. Det handlar om brev efter musikaliskt verksamma personer, men \u00e4ven efter andra kulturpersoner som konstn\u00e4rer och sk\u00e5despelare. Samlingen inneh\u00e5ller ocks\u00e5 okatalogiserade brev.<\/p>\n<p>Fler brev kan s\u00f6kas i enskilda arkiv som finns listade i <a title=\"Arkivregistret\" href=\"https:\/\/musikverket.se\/musikochteaterbiblioteket\/arkivregistret\/\">arkivregistret<\/a>.<\/p>\n<\/div><\/div><div id=\"panel-47-2-0-2\" class=\"so-panel widget widget_headers\" data-index=\"4\" ><div class=\"so-widget-headers so-widget-headers-base\"><h3 id=\"program\">Program<\/h3>\n<\/div><\/div><div id=\"panel-47-2-0-3\" class=\"so-panel widget widget_black-studio-tinymce widget_black_studio_tinymce\" data-index=\"5\" ><div class=\"textwidget\"><p>Framf&ouml;r allt program fr&aring;n svenska teatrar men &auml;ven program r&ouml;rande dans, amat&ouml;rteater, revy, cirkus, dockteater och mim. Samlingen str&auml;cker sig fr&aring;n mitten av 1800-talet och ut&ouml;kas kontinuerligt med aktuella program.<\/p>\n<\/div><\/div><div id=\"panel-47-2-0-4\" class=\"so-panel widget widget_headers\" data-index=\"6\" ><div class=\"so-widget-headers so-widget-headers-base\"><h3 id=\"libretton\">Libretton<\/h3>\n<\/div><\/div><div id=\"panel-47-2-0-5\" class=\"so-panel widget widget_black-studio-tinymce widget_black_studio_tinymce\" data-index=\"7\" ><div class=\"textwidget\"><p>Cirka 2 500 libretton till musikdramatiska verk, katalogiserad och s&ouml;kbar i <a title=\"Onlinekatalogen\" href=\"http:\/\/discover.musikverket.se\" target=\"_blank\">onlinekatalogen<\/a>.<\/p>\n<\/div><\/div><div id=\"panel-47-2-0-6\" class=\"so-panel widget widget_headers\" data-index=\"8\" ><div class=\"so-widget-headers so-widget-headers-base\"><h3 id=\"manuskript\">Manuskript<\/h3>\n<\/div><\/div><div id=\"panel-47-2-0-7\" class=\"so-panel widget widget_black-studio-tinymce widget_black_studio_tinymce\" data-index=\"9\" ><div class=\"textwidget\"><p>Sammanh&aring;llna samlingar av &auml;ldre pj&auml;smanuskript fr&aring;n enskilda teatrar, teaterledare och regiss&ouml;rer. Samlingen &auml;r bara delvis katalogiserad.<br \/><a title=\"F&ouml;rteckning &ouml;ver delar av manuskriptsamlingen\" href=\"http:\/\/statensmusikverk.se\/musikochteaterbiblioteket\/files\/2012\/12\/manuskript.pdf\" target=\"_blank\">F&ouml;rteckning &ouml;ver delar av manuskriptsamlingen<\/a><\/p>\n<\/div><\/div><div id=\"panel-47-2-0-8\" class=\"so-panel widget widget_headers\" data-index=\"10\" ><div class=\"so-widget-headers so-widget-headers-base\"><h3 id=\"rollhaften\">Rollh\u00e4ften<\/h3>\n<\/div><\/div><div id=\"panel-47-2-0-9\" class=\"so-panel widget widget_black-studio-tinymce widget_black_studio_tinymce panel-last-child\" data-index=\"11\" ><div class=\"textwidget\"><p class=\"p1\">Samlingen inneh&aring;ller rollh&auml;ften fr&aring;n olika teatrar, bland annat Albert Ranfts teatrar och Kungliga teatern. Allt &auml;r inte katalogiserat, men en f&ouml;rteckning &ouml;ver delar av samlingen finns.<br \/><a title=\"Rollh&auml;ften\" href=\"\/musikochteaterbiblioteket\/files\/2013\/02\/Rollhaften.pdf\" target=\"_blank\">F&ouml;rteckning &ouml;ver rollh&auml;ften<\/a><\/p>\n<p>&nbsp;<\/p>\n<\/div><\/div><\/div><div id=\"pgc-47-2-1\"  class=\"panel-grid-cell\" ><div id=\"panel-47-2-1-0\" class=\"so-panel widget widget_headers panel-first-child\" data-index=\"12\" ><div class=\"so-widget-headers so-widget-headers-base\"><h3 id=\"klippsamlingen\">Klippsamlingen<\/h3>\n<\/div><\/div><div id=\"panel-47-2-1-1\" class=\"so-panel widget widget_black-studio-tinymce widget_black_studio_tinymce\" data-index=\"13\" ><div class=\"textwidget\"><p>Biografiska klipp, recensioner, intervjuer, artiklar om musik, teater och dans. Huvudsakligen fr&aring;n svensk press fr&aring;n mitten av 1800-talet och fram&aring;t. &Auml;ven topografiskt ordnade klipp, klipp om dragspel och klipp om svenska instrumentmakare. &Auml;ven program och enstaka brev. Klipp ing&aring;r i m&aring;nga av bibliotekets person-, institutions- och f&ouml;reningsarkiv.&nbsp;<br \/><a title=\"&Ouml;versikt av klippsamlingen\" href=\"\/musikochteaterbiblioteket\/rariteter\/i-gaddviken\/klippsamlingar-oversikt\/\">&Ouml;versikt &ouml;ver klippsamlingen<br \/><\/a><a title=\"Listor &ouml;ver namn som f&ouml;rekommer i klippsamlingen\" href=\"http:\/\/statensmusikverk.se\/musikochteaterbiblioteket\/rariteter\/specialsamlingar\/klippsamling-nordiska-personer\/\" target=\"_self\">Listor &ouml;ver namn som f&ouml;rekommer i klippsamlingen<\/a><br \/><a title=\"Klipp - svenska orkestrar (PDF)\" href=\"http:\/\/statensmusikverk.se\/musikochteaterbiblioteket\/files\/2012\/12\/svenska_orkestrar.pdf\" target=\"_self\">Klipp &ndash; svenska orkestrar (PDF)<\/a><br \/><a title=\"Klipp &ndash; nordiska pop- och jazzgrupper (PDF)\" href=\"http:\/\/statensmusikverk.se\/musikochteaterbiblioteket\/files\/2012\/12\/nordiska_jazz_o_popgrupper_a-o.pdf\">Klipp &ndash; nordiska pop- och jazzgrupper<\/a> (PDF)<br \/><a title=\"Klipp &ndash; svenska instrumentmakare (PDF)\" href=\"http:\/\/statensmusikverk.se\/musikochteaterbiblioteket\/files\/2012\/12\/svenska_instrumentmakare.pdf\">Klipp &ndash; svenska instrumentmakare<\/a> (PDF)<br \/><a title=\"Klipp &ndash; dragspel (PDF)\" href=\"http:\/\/statensmusikverk.se\/musikochteaterbiblioteket\/files\/2012\/12\/klipp_dragspel.pdf\">Klipp &ndash; dragspel<\/a> (PDF)<br \/><a title=\"Klippsamling - &ouml;vriga nordiska grupper\" href=\"\/musikochteaterbiblioteket\/files\/2012\/12\/ovriga_nordiska_grupper.pdf\">Klipp &ndash; &ouml;vriga nordiska grupper<\/a> (PDF)<br \/><a title=\"Klipp &ndash; orter (PDF)\" href=\"http:\/\/statensmusikverk.se\/musikochteaterbiblioteket\/files\/2012\/12\/klipp_orter.pdf\">Klipp &ndash; orter (PDF)<\/a><\/p>\n<\/div><\/div><div id=\"panel-47-2-1-2\" class=\"so-panel widget widget_headers\" data-index=\"14\" ><div class=\"so-widget-headers so-widget-headers-base\"><h3 id=\"affischer\">Affischer<\/h3>\n<\/div><\/div><div id=\"panel-47-2-1-3\" class=\"so-panel widget widget_black-studio-tinymce widget_black_studio_tinymce\" data-index=\"15\" ><div class=\"textwidget\"><p>Affischer fr&aring;n teatrar och teaters&auml;llskap fr&aring;n mitten av 1800-talet och fram&aring;t. De flesta svenska teatrar finns representerade och samlingen ut&ouml;kas kontinuerligt.<br \/><a title=\"F&ouml;rteckning &ouml;ver delar av affischsamlingen\" href=\"http:\/\/statensmusikverk.se\/musikochteaterbiblioteket\/files\/2012\/12\/affischer.pdf\" target=\"_blank\">F&ouml;rteckning &ouml;ver delar av affischsamlingen<\/a><\/p>\n<\/div><\/div><div id=\"panel-47-2-1-4\" class=\"so-panel widget widget_headers\" data-index=\"16\" ><div class=\"so-widget-headers so-widget-headers-base\"><h3 id=\"noter\">Noter<\/h3>\n<\/div><\/div><div id=\"panel-47-2-1-5\" class=\"so-panel widget widget_black-studio-tinymce widget_black_studio_tinymce panel-last-child\" data-index=\"17\" ><div class=\"textwidget\"><p class=\"p1\">Bland notsamlingarna finns Serie I, Autografsamlingen som inneh\u00e5ller verk i tons\u00e4ttarens egen handskrift, en samling med kyrklig musik samt en samling med siffernotskrifter. Till dessa samlingar finns f\u00f6rteckningar. Noter finns \u00e4ven i raritetssamlingarna samt i vissa pj\u00e4ssamlingar som Folkteaterns samling och Ranfts samling.<\/p>\n<p class=\"p1\"><a href=\"http:\/\/carkiv.musikverk.se\/www\/arkivforteckningar\/serie_1_alfabetisk_ordning.pdf\">F\u00f6rteckning \u00f6ver Serie I<\/a><br \/>\n<a title=\"F\u00f6rteckning Autografsamlingen\" href=\"\/musikochteaterbiblioteket\/files\/2013\/02\/Autografsamlingen.pdf\" target=\"_blank\" rel=\"noopener\">F\u00f6rteckning \u00f6ver Autografsamlingen<br \/>\n<\/a><a title=\"F\u00f6rteckning \u00f6ver kyrklig musik\" href=\"\/musikochteaterbiblioteket\/files\/2013\/02\/Kyrklig-musik.pdf\" target=\"_blank\" rel=\"noopener\">F\u00f6rteckning \u00f6ver kyrklig musik<br \/>\n<\/a><a title=\"F\u00f6rteckning \u00f6ver siffernotskrifter\" href=\"\/musikochteaterbiblioteket\/files\/2013\/02\/Siffernotskrifter.pdf\" target=\"_blank\" rel=\"noopener\">F\u00f6rteckning \u00f6ver siffernotskrifter<\/a><\/p>\n<p class=\"p1\">\n<\/div><\/div><\/div><\/div><\/div>","protected":false},"excerpt":{"rendered":"<p>Brev, program, klipp, affischer, manuskript och libretton &ndash; massor av material i fysisk form som har digitala register.<\/p>\n","protected":false},"author":1,"featured_media":0,"parent":45,"menu_order":0,"comment_status":"open","ping_status":"closed","template":"","meta":{"ngg_post_thumbnail":0,"spay_email":""},"categories":[7,4,3,8],"tags":[126,185,128,125,186,129,130,127,15,184,183],"yoast_head":"<!-- This site is optimized with the Yoast SEO plugin v16.3 - https:\/\/yoast.com\/wordpress\/plugins\/seo\/ -->\n<meta name=\"robots\" content=\"index, follow, max-snippet:-1, max-image-preview:large, max-video-preview:-1\" \/>\n<link rel=\"canonical\" href=\"https:\/\/musikverket-old.test.consids5.se\/musikochteaterbiblioteket\/rariteter\/specialsamlingar\/\" \/>\n<meta property=\"og:locale\" content=\"sv_SE\" \/>\n<meta property=\"og:type\" content=\"article\" \/>\n<meta property=\"og:title\" content=\"\u00d6vriga specialsamlingar - Musik- och teaterbiblioteket\" \/>\n<meta property=\"og:description\" content=\"Brev, program, klipp, affischer, manuskript och libretton &ndash; massor av material i fysisk form som har digitala register.\" \/>\n<meta property=\"og:url\" content=\"https:\/\/musikverket-old.test.consids5.se\/musikochteaterbiblioteket\/rariteter\/specialsamlingar\/\" \/>\n<meta property=\"og:site_name\" content=\"Musik- och teaterbiblioteket\" \/>\n<meta property=\"article:modified_time\" content=\"2021-07-01T09:19:13+00:00\" \/>\n<meta name=\"twitter:label1\" content=\"Ber\u00e4knad l\u00e4stid\">\n\t<meta name=\"twitter:data1\" content=\"3 minuter\">\n<script type=\"application\/ld+json\" class=\"yoast-schema-graph\">{\"@context\":\"https:\/\/schema.org\",\"@graph\":[{\"@type\":\"WebSite\",\"@id\":\"https:\/\/musikverket-old.test.consids5.se\/musikochteaterbiblioteket\/#website\",\"url\":\"https:\/\/musikverket-old.test.consids5.se\/musikochteaterbiblioteket\/\",\"name\":\"Musik- och teaterbiblioteket\",\"description\":\"F\\u00f6rdjupning, kunskap och spelgl\\u00e4dje\",\"potentialAction\":[{\"@type\":\"SearchAction\",\"target\":\"https:\/\/musikverket-old.test.consids5.se\/musikochteaterbiblioteket\/?s={search_term_string}\",\"query-input\":\"required name=search_term_string\"}],\"inLanguage\":\"sv-SE\"},{\"@type\":\"WebPage\",\"@id\":\"https:\/\/musikverket-old.test.consids5.se\/musikochteaterbiblioteket\/rariteter\/specialsamlingar\/#webpage\",\"url\":\"https:\/\/musikverket-old.test.consids5.se\/musikochteaterbiblioteket\/rariteter\/specialsamlingar\/\",\"name\":\"\\u00d6vriga specialsamlingar - Musik- och teaterbiblioteket\",\"isPartOf\":{\"@id\":\"https:\/\/musikverket-old.test.consids5.se\/musikochteaterbiblioteket\/#website\"},\"datePublished\":\"2012-05-21T12:41:00+00:00\",\"dateModified\":\"2021-07-01T09:19:13+00:00\",\"breadcrumb\":{\"@id\":\"https:\/\/musikverket-old.test.consids5.se\/musikochteaterbiblioteket\/rariteter\/specialsamlingar\/#breadcrumb\"},\"inLanguage\":\"sv-SE\",\"potentialAction\":[{\"@type\":\"ReadAction\",\"target\":[\"https:\/\/musikverket-old.test.consids5.se\/musikochteaterbiblioteket\/rariteter\/specialsamlingar\/\"]}]},{\"@type\":\"BreadcrumbList\",\"@id\":\"https:\/\/musikverket-old.test.consids5.se\/musikochteaterbiblioteket\/rariteter\/specialsamlingar\/#breadcrumb\",\"itemListElement\":[{\"@type\":\"ListItem\",\"position\":1,\"item\":{\"@type\":\"WebPage\",\"@id\":\"https:\/\/musikverket-old.test.consids5.se\/musikochteaterbiblioteket\/\",\"url\":\"https:\/\/musikverket-old.test.consids5.se\/musikochteaterbiblioteket\/\",\"name\":\"Hem\"}},{\"@type\":\"ListItem\",\"position\":2,\"item\":{\"@type\":\"WebPage\",\"@id\":\"https:\/\/musikverket-old.test.consids5.se\/musikochteaterbiblioteket\/rariteter\/\",\"url\":\"https:\/\/musikverket-old.test.consids5.se\/musikochteaterbiblioteket\/rariteter\/\",\"name\":\"Rariteter\"}},{\"@type\":\"ListItem\",\"position\":3,\"item\":{\"@id\":\"https:\/\/musikverket-old.test.consids5.se\/musikochteaterbiblioteket\/rariteter\/specialsamlingar\/#webpage\"}}]}]}<\/script>\n<!-- \/ Yoast SEO plugin. -->","jetpack_shortlink":"https:\/\/wp.me\/P2ZwmI-L","jetpack_sharing_enabled":true,"_links":{"self":[{"href":"https:\/\/musikverket-old.test.consids5.se\/musikochteaterbiblioteket\/wp-json\/wp\/v2\/pages\/47"}],"collection":[{"href":"https:\/\/musikverket-old.test.consids5.se\/musikochteaterbiblioteket\/wp-json\/wp\/v2\/pages"}],"about":[{"href":"https:\/\/musikverket-old.test.consids5.se\/musikochteaterbiblioteket\/wp-json\/wp\/v2\/types\/page"}],"author":[{"embeddable":true,"href":"https:\/\/musikverket-old.test.consids5.se\/musikochteaterbiblioteket\/wp-json\/wp\/v2\/users\/1"}],"replies":[{"embeddable":true,"href":"https:\/\/musikverket-old.test.consids5.se\/musikochteaterbiblioteket\/wp-json\/wp\/v2\/comments?post=47"}],"version-history":[{"count":0,"href":"https:\/\/musikverket-old.test.consids5.se\/musikochteaterbiblioteket\/wp-json\/wp\/v2\/pages\/47\/revisions"}],"up":[{"embeddable":true,"href":"https:\/\/musikverket-old.test.consids5.se\/musikochteaterbiblioteket\/wp-json\/wp\/v2\/pages\/45"}],"wp:attachment":[{"href":"https:\/\/musikverket-old.test.consids5.se\/musikochteaterbiblioteket\/wp-json\/wp\/v2\/media?parent=47"}],"wp:term":[{"taxonomy":"category","embeddable":true,"href":"https:\/\/musikverket-old.test.consids5.se\/musikochteaterbiblioteket\/wp-json\/wp\/v2\/categories?post=47"},{"taxonomy":"post_tag","embeddable":true,"href":"https:\/\/musikverket-old.test.consids5.se\/musikochteaterbiblioteket\/wp-json\/wp\/v2\/tags?post=47"}],"curies":[{"name":"wp","href":"https:\/\/api.w.org\/{rel}","templated":true}]}}