{"id":48,"date":"2012-07-19T16:05:36","date_gmt":"2012-07-19T14:05:36","guid":{"rendered":"http:\/\/musikverket.adeprimo.se\/musikochteaterbiblioteket\/?page_id=1852"},"modified":"2021-07-01T11:46:05","modified_gmt":"2021-07-01T09:46:05","slug":"fotografier","status":"publish","type":"page","link":"https:\/\/musikverket-old.test.consids5.se\/musikochteaterbiblioteket\/rariteter\/fotografier\/","title":{"rendered":"Fotografier"},"content":{"rendered":"<div id=\"pl-48\"  class=\"panel-layout\" ><div id=\"pg-48-0\"  class=\"panel-grid panel-no-style\" ><div id=\"pgc-48-0-0\"  class=\"panel-grid-cell\" ><div id=\"panel-48-0-0-0\" class=\"so-panel widget widget_headers panel-first-child panel-last-child\" data-index=\"0\" ><div class=\"so-widget-headers so-widget-headers-base\"><h1 id=\"700-000-fotografier\">700 000 fotografier<\/h1>\n<\/div><\/div><\/div><\/div><div id=\"pg-48-1\"  class=\"panel-grid panel-no-style\" ><div id=\"pgc-48-1-0\"  class=\"panel-grid-cell panel-grid-cell-mobile-last\" ><div id=\"panel-48-1-0-0\" class=\"so-panel widget widget_black-studio-tinymce widget_black_studio_tinymce panel-first-child panel-last-child\" data-index=\"1\" ><div class=\"textwidget\"><p><em>Portr&auml;tt och rollfotografier, fr&auml;mst inom svensk musik, teater och dans. &Auml;ven f&ouml;rest&auml;llningsbilder fr&aring;n de flesta svenska teatrar liksom fotografier av teaterbyggnader, teaterteknik och dekor.<\/em><\/p>\n<\/div><\/div><\/div><div id=\"pgc-48-1-1\"  class=\"panel-grid-cell panel-grid-cell-empty\" ><\/div><\/div><div id=\"pg-48-2\"  class=\"panel-grid panel-has-style\" ><div class=\"siteorigin-panels-stretch panel-row-style panel-row-style-for-48-2\" data-stretch-type=\"full-stretched\" ><div id=\"pgc-48-2-0\"  class=\"panel-grid-cell\" ><div id=\"panel-48-2-0-0\" class=\"so-panel widget widget_text panel-first-child panel-last-child\" data-index=\"2\" >\t\t\t<div class=\"textwidget\"><div style=\"background-color:#f3f3f3;margin:0px;height:425px\">\n<img src=\"\/musikochteaterbiblioteket\/files\/2012\/12\/MTB_fotografier_toppsnurra_bild.png\">\n<\/div><\/div>\n\t\t<\/div><\/div><\/div><\/div><div id=\"pg-48-3\"  class=\"panel-grid panel-no-style\" ><div id=\"pgc-48-3-0\"  class=\"panel-grid-cell panel-grid-cell-mobile-last\" ><div id=\"panel-48-3-0-0\" class=\"so-panel widget widget_headers panel-first-child\" data-index=\"3\" ><div class=\"so-widget-headers so-widget-headers-base\"><h3 id=\"fran-mitten-av-1800-talet-till-i-dag\">Fr\u00e5n mitten av 1800-talet till i dag<\/h3>\n<\/div><\/div><div id=\"panel-48-3-0-1\" class=\"so-panel widget widget_black-studio-tinymce widget_black_studio_tinymce\" data-index=\"4\" ><div class=\"textwidget\"><p>Fotografier fr\u00e5n hela den fotohistoriska epoken av <a title=\"Fotografier av personer inom musik, teater och dans\" href=\"http:\/\/statensmusikverk.se\/musikochteaterbiblioteket\/rariteter\/fotografier\/fotografier-av-nordiska-personer\/\">personer inom musik, teater och dans<\/a>. Bland specialsamlingarna kan n\u00e4mnas Beata Bergstr\u00f6ms samling av f\u00f6rest\u00e4llningsbilder fr\u00e5n framf\u00f6r allt Dramaten samt <a title=\"Helledays samling\" href=\"\/musikochteaterbiblioteket\/rariteter\/fotografier\/helledays-samling\/\">Helledays samling<\/a> av \u00e4ldre teaterfotografier.&nbsp;<\/p>\n<\/div><\/div><div id=\"panel-48-3-0-2\" class=\"so-panel widget widget_headers\" data-index=\"5\" ><div class=\"so-widget-headers so-widget-headers-base\"><h3 id=\"beata-bergstrom-pa-scenkonstmuseet\">Beata Bergstr\u00f6m p\u00e5 Scenkonstmuseet<\/h3>\n<\/div><\/div><div id=\"panel-48-3-0-3\" class=\"so-panel widget widget_black-studio-tinymce widget_black_studio_tinymce panel-last-child\" data-index=\"6\" ><div class=\"textwidget\"><p>Beata Bergstr&ouml;m &auml;r en av Sveriges fr&auml;msta teaterfotografer. I utst&auml;llningen <em>Foto: Beata Bergstr&ouml;m <\/em>p&aring; <a title=\"Scenkonstmuseet\" href=\"https:\/\/musikverket.se\/scenkonstmuseet\/\">Scenkonstmuseet<\/a>&nbsp;fick publiken m&ouml;ta scenpersonligheter som Inga Tidblad, Allan Edvall, Margaretha Krook och Ingmar Bergman. Utst&auml;llningen&nbsp;inneh&ouml;ll f&ouml;rest&auml;llningsbilder fr&aring;n 1950-talet &auml;nda fram till 2000-talet. Den visades mellan 19 april 2013 och 30 mars 2014.<\/p>\n<\/div><\/div><\/div><div id=\"pgc-48-3-1\"  class=\"panel-grid-cell panel-grid-cell-empty\" ><\/div><\/div><\/div>","protected":false},"excerpt":{"rendered":"<p>Portr&auml;tt och rollfotografier, fr&auml;mst inom svensk musik, teater och dans. &Auml;ven f&ouml;rest&auml;llningsbilder fr&aring;n de flesta svenska teatrar liksom fotografier av teaterbyggnader, teaterteknik och dekor.<\/p>\n","protected":false},"author":1,"featured_media":0,"parent":45,"menu_order":0,"comment_status":"open","ping_status":"closed","template":"","meta":{"ngg_post_thumbnail":0,"spay_email":""},"categories":[7,4,3,8],"tags":[31,15],"yoast_head":"<!-- This site is optimized with the Yoast SEO plugin v16.3 - https:\/\/yoast.com\/wordpress\/plugins\/seo\/ -->\n<meta name=\"robots\" content=\"index, follow, max-snippet:-1, max-image-preview:large, max-video-preview:-1\" \/>\n<link rel=\"canonical\" href=\"https:\/\/musikverket-old.test.consids5.se\/musikochteaterbiblioteket\/rariteter\/fotografier\/\" \/>\n<meta property=\"og:locale\" content=\"sv_SE\" \/>\n<meta property=\"og:type\" content=\"article\" \/>\n<meta property=\"og:title\" content=\"Fotografier - Musik- och teaterbiblioteket\" \/>\n<meta property=\"og:description\" content=\"Portr&auml;tt och rollfotografier, fr&auml;mst inom svensk musik, teater och dans. &Auml;ven f&ouml;rest&auml;llningsbilder fr&aring;n de flesta svenska teatrar liksom fotografier av teaterbyggnader, teaterteknik och dekor.\" \/>\n<meta property=\"og:url\" content=\"https:\/\/musikverket-old.test.consids5.se\/musikochteaterbiblioteket\/rariteter\/fotografier\/\" \/>\n<meta property=\"og:site_name\" content=\"Musik- och teaterbiblioteket\" \/>\n<meta property=\"article:modified_time\" content=\"2021-07-01T09:46:05+00:00\" \/>\n<meta property=\"og:image\" content=\"https:\/\/musikverket-old.test.consids5.se\/musikochteaterbiblioteket\/files\/2012\/12\/MTB_fotografier_toppsnurra_bild.png\" \/>\n<meta name=\"twitter:label1\" content=\"Ber\u00e4knad l\u00e4stid\">\n\t<meta name=\"twitter:data1\" content=\"1 minut\">\n<script type=\"application\/ld+json\" class=\"yoast-schema-graph\">{\"@context\":\"https:\/\/schema.org\",\"@graph\":[{\"@type\":\"WebSite\",\"@id\":\"https:\/\/musikverket-old.test.consids5.se\/musikochteaterbiblioteket\/#website\",\"url\":\"https:\/\/musikverket-old.test.consids5.se\/musikochteaterbiblioteket\/\",\"name\":\"Musik- och teaterbiblioteket\",\"description\":\"F\\u00f6rdjupning, kunskap och spelgl\\u00e4dje\",\"potentialAction\":[{\"@type\":\"SearchAction\",\"target\":\"https:\/\/musikverket-old.test.consids5.se\/musikochteaterbiblioteket\/?s={search_term_string}\",\"query-input\":\"required name=search_term_string\"}],\"inLanguage\":\"sv-SE\"},{\"@type\":\"ImageObject\",\"@id\":\"https:\/\/musikverket-old.test.consids5.se\/musikochteaterbiblioteket\/rariteter\/fotografier\/#primaryimage\",\"inLanguage\":\"sv-SE\",\"url\":\"\/musikochteaterbiblioteket\/files\/2012\/12\/MTB_fotografier_toppsnurra_bild.png\",\"contentUrl\":\"\/musikochteaterbiblioteket\/files\/2012\/12\/MTB_fotografier_toppsnurra_bild.png\"},{\"@type\":\"WebPage\",\"@id\":\"https:\/\/musikverket-old.test.consids5.se\/musikochteaterbiblioteket\/rariteter\/fotografier\/#webpage\",\"url\":\"https:\/\/musikverket-old.test.consids5.se\/musikochteaterbiblioteket\/rariteter\/fotografier\/\",\"name\":\"Fotografier - Musik- och teaterbiblioteket\",\"isPartOf\":{\"@id\":\"https:\/\/musikverket-old.test.consids5.se\/musikochteaterbiblioteket\/#website\"},\"primaryImageOfPage\":{\"@id\":\"https:\/\/musikverket-old.test.consids5.se\/musikochteaterbiblioteket\/rariteter\/fotografier\/#primaryimage\"},\"datePublished\":\"2012-07-19T14:05:36+00:00\",\"dateModified\":\"2021-07-01T09:46:05+00:00\",\"breadcrumb\":{\"@id\":\"https:\/\/musikverket-old.test.consids5.se\/musikochteaterbiblioteket\/rariteter\/fotografier\/#breadcrumb\"},\"inLanguage\":\"sv-SE\",\"potentialAction\":[{\"@type\":\"ReadAction\",\"target\":[\"https:\/\/musikverket-old.test.consids5.se\/musikochteaterbiblioteket\/rariteter\/fotografier\/\"]}]},{\"@type\":\"BreadcrumbList\",\"@id\":\"https:\/\/musikverket-old.test.consids5.se\/musikochteaterbiblioteket\/rariteter\/fotografier\/#breadcrumb\",\"itemListElement\":[{\"@type\":\"ListItem\",\"position\":1,\"item\":{\"@type\":\"WebPage\",\"@id\":\"https:\/\/musikverket-old.test.consids5.se\/musikochteaterbiblioteket\/\",\"url\":\"https:\/\/musikverket-old.test.consids5.se\/musikochteaterbiblioteket\/\",\"name\":\"Hem\"}},{\"@type\":\"ListItem\",\"position\":2,\"item\":{\"@type\":\"WebPage\",\"@id\":\"https:\/\/musikverket-old.test.consids5.se\/musikochteaterbiblioteket\/rariteter\/\",\"url\":\"https:\/\/musikverket-old.test.consids5.se\/musikochteaterbiblioteket\/rariteter\/\",\"name\":\"Rariteter\"}},{\"@type\":\"ListItem\",\"position\":3,\"item\":{\"@id\":\"https:\/\/musikverket-old.test.consids5.se\/musikochteaterbiblioteket\/rariteter\/fotografier\/#webpage\"}}]}]}<\/script>\n<!-- \/ Yoast SEO plugin. -->","jetpack_shortlink":"https:\/\/wp.me\/P2ZwmI-M","jetpack_sharing_enabled":true,"_links":{"self":[{"href":"https:\/\/musikverket-old.test.consids5.se\/musikochteaterbiblioteket\/wp-json\/wp\/v2\/pages\/48"}],"collection":[{"href":"https:\/\/musikverket-old.test.consids5.se\/musikochteaterbiblioteket\/wp-json\/wp\/v2\/pages"}],"about":[{"href":"https:\/\/musikverket-old.test.consids5.se\/musikochteaterbiblioteket\/wp-json\/wp\/v2\/types\/page"}],"author":[{"embeddable":true,"href":"https:\/\/musikverket-old.test.consids5.se\/musikochteaterbiblioteket\/wp-json\/wp\/v2\/users\/1"}],"replies":[{"embeddable":true,"href":"https:\/\/musikverket-old.test.consids5.se\/musikochteaterbiblioteket\/wp-json\/wp\/v2\/comments?post=48"}],"version-history":[{"count":0,"href":"https:\/\/musikverket-old.test.consids5.se\/musikochteaterbiblioteket\/wp-json\/wp\/v2\/pages\/48\/revisions"}],"up":[{"embeddable":true,"href":"https:\/\/musikverket-old.test.consids5.se\/musikochteaterbiblioteket\/wp-json\/wp\/v2\/pages\/45"}],"wp:attachment":[{"href":"https:\/\/musikverket-old.test.consids5.se\/musikochteaterbiblioteket\/wp-json\/wp\/v2\/media?parent=48"}],"wp:term":[{"taxonomy":"category","embeddable":true,"href":"https:\/\/musikverket-old.test.consids5.se\/musikochteaterbiblioteket\/wp-json\/wp\/v2\/categories?post=48"},{"taxonomy":"post_tag","embeddable":true,"href":"https:\/\/musikverket-old.test.consids5.se\/musikochteaterbiblioteket\/wp-json\/wp\/v2\/tags?post=48"}],"curies":[{"name":"wp","href":"https:\/\/api.w.org\/{rel}","templated":true}]}}