{"id":50,"date":"2012-05-09T15:05:16","date_gmt":"2012-05-09T13:05:16","guid":{"rendered":"http:\/\/musikverket.adeprimo.se\/musikochteaterbiblioteket\/?page_id=284"},"modified":"2021-11-02T15:27:45","modified_gmt":"2021-11-02T14:27:45","slug":"arkiv","status":"publish","type":"page","link":"https:\/\/musikverket-old.test.consids5.se\/musikochteaterbiblioteket\/arkiv\/","title":{"rendered":"Arkiv"},"content":{"rendered":"<div id=\"pl-50\"  class=\"panel-layout\" ><div id=\"pg-50-0\"  class=\"panel-grid panel-no-style\" ><div id=\"pgc-50-0-0\"  class=\"panel-grid-cell\" ><div id=\"panel-50-0-0-0\" class=\"so-panel widget widget_headers panel-first-child panel-last-child\" data-index=\"0\" ><div class=\"so-widget-headers so-widget-headers-base\"><h1 id=\"i-arkiven\">I arkiven<\/h1>\n<\/div><\/div><\/div><\/div><div id=\"pg-50-1\"  class=\"panel-grid panel-no-style\" ><div id=\"pgc-50-1-0\"  class=\"panel-grid-cell panel-grid-cell-mobile-last\" ><div id=\"panel-50-1-0-0\" class=\"so-panel widget widget_black-studio-tinymce widget_black_studio_tinymce panel-first-child panel-last-child\" data-index=\"1\" ><div class=\"textwidget\"><p><em>Biblioteket har flera hundra enskilda arkiv med unikt material&nbsp;efter personer och&nbsp;organisationer&nbsp;inom&nbsp;musik,&nbsp;teater och dans. Med arkiv menas ett sammanh&aring;llet best&aring;nd av handlingar som uppst&aring;tt organiskt ur en institutions, f&ouml;renings eller persons verksamhet. Biblioteket kan &auml;ven guida vidare till andra arkiv i landet.<br \/><\/em><\/p>\n<\/div><\/div><\/div><div id=\"pgc-50-1-1\"  class=\"panel-grid-cell panel-grid-cell-empty\" ><\/div><\/div><div id=\"pg-50-2\"  class=\"panel-grid panel-no-style\" ><div id=\"pgc-50-2-0\"  class=\"panel-grid-cell\" ><div id=\"panel-50-2-0-0\" class=\"so-panel widget widget_headers panel-first-child\" data-index=\"2\" ><div class=\"so-widget-headers so-widget-headers-base\"><h3 id=\"unikt-material\">Unikt material<\/h3>\n<\/div><\/div><div id=\"panel-50-2-0-1\" class=\"so-panel widget widget_black-studio-tinymce widget_black_studio_tinymce\" data-index=\"3\" ><div class=\"textwidget\"><p>I arkiven finns unikt material som brev, dagb\u00f6cker, kontrakt, r\u00e4kenskaper, klipp, manuskript, noter och fotografier. Materialet \u00e4r en tillg\u00e5ng f\u00f6r s\u00e5v\u00e4l forskare, f\u00f6rfattare och sl\u00e4ktforskare som dagens scenkonstn\u00e4rer inom musik, teater och dans. Arkivmaterial l\u00e5nas inte ut utan m\u00e5ste studeras p\u00e5 plats.<\/p>\n<\/div><\/div><div id=\"panel-50-2-0-2\" class=\"so-panel widget widget_headers\" data-index=\"4\" ><div class=\"so-widget-headers so-widget-headers-base\"><h3 id=\"sok-i-arkivregistret\">S\u00f6k i arkivregistret<\/h3>\n<\/div><\/div><div id=\"panel-50-2-0-3\" class=\"so-panel widget widget_black-studio-tinymce widget_black_studio_tinymce panel-last-child\" data-index=\"5\" ><div class=\"textwidget\"><p>Till m&aring;nga av arkiven finns en arkivf&ouml;rteckning d&auml;r inneh&aring;llet beskrivs.&nbsp;S&ouml;k i arkivregistret efter den person, institution eller f&ouml;rening som handlingarna tillh&ouml;rt<em>.&nbsp;<br \/><\/em><a title=\"Arkivregistret\" href=\"..\/arkivregistret\/\">Till arkivregistret<\/a><\/p>\n<h3>Dokumenterat<\/h3>\n<p>Dokumenterat &auml;r en bulletin fr&aring;n Musik- och teaterbiblioteket. Den upptar f&ouml;rteckningar &ouml;ver k&auml;llmaterial i svenska arkiv, bibliotek och museer, specialpresentationer av enskilda arkiv och samlingar, musikikonografiska bidrag, bibliografier och andra resultat av arbetet vid Arkiv-, raritets och dokumentationsavdelningen.&nbsp;<br \/><a title=\"Ladda ner Dokumenterat\" href=\"..\/arkiv\/dokumenterat\/\">Ladda ner Dokumenterat<\/a><\/p>\n<\/div><\/div><\/div><div id=\"pgc-50-2-1\"  class=\"panel-grid-cell\" ><div id=\"panel-50-2-1-0\" class=\"so-panel widget widget_headers panel-first-child\" data-index=\"6\" ><div class=\"so-widget-headers so-widget-headers-base\"><h3 id=\"nationell-dokumentationscentral\">Nationell dokumentationscentral<\/h3>\n<\/div><\/div><div id=\"panel-50-2-1-1\" class=\"so-panel widget widget_black-studio-tinymce widget_black_studio_tinymce\" data-index=\"7\" ><div class=\"textwidget\"><p>Musik- och teaterbiblioteket &auml;r en&nbsp;nationell dokumentationscentral inom svensk musik, teater och dans. Som forskare kan du f&aring; hj&auml;lp att hitta r&auml;tt k&auml;llmaterial &auml;ven p&aring; andra biblioteket och institutioner. Biblioteket har ett nationalregister med en&nbsp;&ouml;versikt av&nbsp;arkiv och samlingar i hela landet som inneh&aring;ller musikmaterial.&nbsp;&Ouml;versikten uppdateras vartannat &aring;r.&nbsp;<br \/><a title=\"Nationalregistret\" href=\"http:\/\/statensmusikverk.se\/musikochteaterbiblioteket\/rariteter\/musikarkiv-och-ovrigt-kallmaterial\/\">Till nationalregistret<\/a><\/p>\n<h3>Svensk musikhistorisk bibliografi<\/h3>\n<p>Bibliotekets personal bevakar utgivningen av svensk musiklitteratur av alla slag och utl&auml;ndsk litteratur om svensk musik. B&ouml;cker och tidskriftsartiklar katalogiseras s&aring; att de blir s&ouml;kbara i den nationella biblioteksdatabasen Libris. B&ouml;cker l&auml;ggs in n&auml;r de ges ut, tidskrifter n&auml;r hela &aring;rg&aring;ngen utkommit.&nbsp;<br \/><a title=\"Svensk musikhistorisk bibliografi\" href=\"http:\/\/libris.kb.se\/form_extended.jsp?f=smhb\" target=\"_blank\">Till Svensk musikhistorisk bibliografi<\/a><\/p>\n<\/div><\/div><div id=\"panel-50-2-1-2\" class=\"so-panel widget widget_headers\" data-index=\"8\" ><div class=\"so-widget-headers so-widget-headers-base\"><h3 id=\"databas-for-arkiv-foremal-och-forestallningar\">Databas f\u00f6r arkiv, f\u00f6rem\u00e5l och f\u00f6rest\u00e4llningar<\/h3>\n<\/div><\/div><div id=\"panel-50-2-1-3\" class=\"so-panel widget widget_black-studio-tinymce widget_black_studio_tinymce panel-last-child\" data-index=\"9\" ><div class=\"textwidget\"><p>I Musikverkets databas &ouml;ver arkiv, f&ouml;rem&aring;l och f&ouml;rest&auml;llningar finns information som omfattar de arkiv och samlingar inom omr&aring;dena musik, teater och dans som finns p&aring; Musik- och teaterbiblioteket. I databasen finns &auml;ven information om f&ouml;rest&auml;llningar inom alla former av scenkonst. D&auml;r g&aring;r att hitta uppgifter om verk, f&ouml;rest&auml;llning och medverkande och om vilket material relaterat till en specifik f&ouml;rest&auml;llning som finns i samlingarna.<br \/><a title=\"Musikverkets databas\" href=\"http:\/\/calmview.musikverk.se\/CalmView\/default.aspx\" target=\"_blank\">Till databasen<\/a><\/p>\n<\/div><\/div><\/div><\/div><\/div>","protected":false},"excerpt":{"rendered":"<p>Biblioteket har flera hundra enskilda arkiv med unikt material&nbsp;efter personer och&nbsp;organisationer&nbsp;inom&nbsp;musik,&nbsp;teater och dans. Med arkiv menas ett sammanh&aring;llet best&aring;nd av handlingar som uppst&aring;tt organiskt ur en institutions, f&ouml;renings eller persons verksamhet. Biblioteket kan &auml;ven guida vidare till andra arkiv i landet.<\/p>\n","protected":false},"author":1,"featured_media":0,"parent":0,"menu_order":0,"comment_status":"open","ping_status":"closed","template":"","meta":{"ngg_post_thumbnail":0,"spay_email":""},"categories":[3],"tags":[48],"yoast_head":"<!-- This site is optimized with the Yoast SEO plugin v16.3 - https:\/\/yoast.com\/wordpress\/plugins\/seo\/ -->\n<meta name=\"robots\" content=\"index, follow, max-snippet:-1, max-image-preview:large, max-video-preview:-1\" \/>\n<link rel=\"canonical\" href=\"https:\/\/musikverket-old.test.consids5.se\/musikochteaterbiblioteket\/arkiv\/\" \/>\n<meta property=\"og:locale\" content=\"sv_SE\" \/>\n<meta property=\"og:type\" content=\"article\" \/>\n<meta property=\"og:title\" content=\"Arkiv - Musik- och teaterbiblioteket\" \/>\n<meta property=\"og:description\" content=\"Biblioteket har flera hundra enskilda arkiv med unikt material&nbsp;efter personer och&nbsp;organisationer&nbsp;inom&nbsp;musik,&nbsp;teater och dans. Med arkiv menas ett sammanh&aring;llet best&aring;nd av handlingar som uppst&aring;tt organiskt ur en institutions, f&ouml;renings eller persons verksamhet. Biblioteket kan &auml;ven guida vidare till andra arkiv i landet.\" \/>\n<meta property=\"og:url\" content=\"https:\/\/musikverket-old.test.consids5.se\/musikochteaterbiblioteket\/arkiv\/\" \/>\n<meta property=\"og:site_name\" content=\"Musik- och teaterbiblioteket\" \/>\n<meta property=\"article:modified_time\" content=\"2021-11-02T14:27:45+00:00\" \/>\n<meta name=\"twitter:label1\" content=\"Ber\u00e4knad l\u00e4stid\">\n\t<meta name=\"twitter:data1\" content=\"2 minuter\">\n<script type=\"application\/ld+json\" class=\"yoast-schema-graph\">{\"@context\":\"https:\/\/schema.org\",\"@graph\":[{\"@type\":\"WebSite\",\"@id\":\"https:\/\/musikverket-old.test.consids5.se\/musikochteaterbiblioteket\/#website\",\"url\":\"https:\/\/musikverket-old.test.consids5.se\/musikochteaterbiblioteket\/\",\"name\":\"Musik- och teaterbiblioteket\",\"description\":\"F\\u00f6rdjupning, kunskap och spelgl\\u00e4dje\",\"potentialAction\":[{\"@type\":\"SearchAction\",\"target\":\"https:\/\/musikverket-old.test.consids5.se\/musikochteaterbiblioteket\/?s={search_term_string}\",\"query-input\":\"required name=search_term_string\"}],\"inLanguage\":\"sv-SE\"},{\"@type\":\"WebPage\",\"@id\":\"https:\/\/musikverket-old.test.consids5.se\/musikochteaterbiblioteket\/arkiv\/#webpage\",\"url\":\"https:\/\/musikverket-old.test.consids5.se\/musikochteaterbiblioteket\/arkiv\/\",\"name\":\"Arkiv - Musik- och teaterbiblioteket\",\"isPartOf\":{\"@id\":\"https:\/\/musikverket-old.test.consids5.se\/musikochteaterbiblioteket\/#website\"},\"datePublished\":\"2012-05-09T13:05:16+00:00\",\"dateModified\":\"2021-11-02T14:27:45+00:00\",\"breadcrumb\":{\"@id\":\"https:\/\/musikverket-old.test.consids5.se\/musikochteaterbiblioteket\/arkiv\/#breadcrumb\"},\"inLanguage\":\"sv-SE\",\"potentialAction\":[{\"@type\":\"ReadAction\",\"target\":[\"https:\/\/musikverket-old.test.consids5.se\/musikochteaterbiblioteket\/arkiv\/\"]}]},{\"@type\":\"BreadcrumbList\",\"@id\":\"https:\/\/musikverket-old.test.consids5.se\/musikochteaterbiblioteket\/arkiv\/#breadcrumb\",\"itemListElement\":[{\"@type\":\"ListItem\",\"position\":1,\"item\":{\"@type\":\"WebPage\",\"@id\":\"https:\/\/musikverket-old.test.consids5.se\/musikochteaterbiblioteket\/\",\"url\":\"https:\/\/musikverket-old.test.consids5.se\/musikochteaterbiblioteket\/\",\"name\":\"Hem\"}},{\"@type\":\"ListItem\",\"position\":2,\"item\":{\"@id\":\"https:\/\/musikverket-old.test.consids5.se\/musikochteaterbiblioteket\/arkiv\/#webpage\"}}]}]}<\/script>\n<!-- \/ Yoast SEO plugin. -->","jetpack_shortlink":"https:\/\/wp.me\/P2ZwmI-O","jetpack_sharing_enabled":true,"_links":{"self":[{"href":"https:\/\/musikverket-old.test.consids5.se\/musikochteaterbiblioteket\/wp-json\/wp\/v2\/pages\/50"}],"collection":[{"href":"https:\/\/musikverket-old.test.consids5.se\/musikochteaterbiblioteket\/wp-json\/wp\/v2\/pages"}],"about":[{"href":"https:\/\/musikverket-old.test.consids5.se\/musikochteaterbiblioteket\/wp-json\/wp\/v2\/types\/page"}],"author":[{"embeddable":true,"href":"https:\/\/musikverket-old.test.consids5.se\/musikochteaterbiblioteket\/wp-json\/wp\/v2\/users\/1"}],"replies":[{"embeddable":true,"href":"https:\/\/musikverket-old.test.consids5.se\/musikochteaterbiblioteket\/wp-json\/wp\/v2\/comments?post=50"}],"version-history":[{"count":0,"href":"https:\/\/musikverket-old.test.consids5.se\/musikochteaterbiblioteket\/wp-json\/wp\/v2\/pages\/50\/revisions"}],"wp:attachment":[{"href":"https:\/\/musikverket-old.test.consids5.se\/musikochteaterbiblioteket\/wp-json\/wp\/v2\/media?parent=50"}],"wp:term":[{"taxonomy":"category","embeddable":true,"href":"https:\/\/musikverket-old.test.consids5.se\/musikochteaterbiblioteket\/wp-json\/wp\/v2\/categories?post=50"},{"taxonomy":"post_tag","embeddable":true,"href":"https:\/\/musikverket-old.test.consids5.se\/musikochteaterbiblioteket\/wp-json\/wp\/v2\/tags?post=50"}],"curies":[{"name":"wp","href":"https:\/\/api.w.org\/{rel}","templated":true}]}}