{"id":51,"date":"2012-05-09T15:57:02","date_gmt":"2012-05-09T13:57:02","guid":{"rendered":"http:\/\/musikverket.adeprimo.se\/musikochteaterbiblioteket\/?page_id=315"},"modified":"2017-01-26T07:43:02","modified_gmt":"2017-01-26T06:43:02","slug":"publikationer","status":"publish","type":"page","link":"https:\/\/musikverket-old.test.consids5.se\/musikochteaterbiblioteket\/publikationer\/","title":{"rendered":"Publikationer"},"content":{"rendered":"<div id=\"pl-51\"  class=\"panel-layout\" ><div id=\"pg-51-0\"  class=\"panel-grid panel-no-style\" ><div id=\"pgc-51-0-0\"  class=\"panel-grid-cell\" ><div id=\"panel-51-0-0-0\" class=\"so-panel widget widget_headers panel-first-child panel-last-child\" data-index=\"0\" ><div class=\"so-widget-headers so-widget-headers-base\"><h1 id=\"publikationer\">Publikationer<\/h1>\n<\/div><\/div><\/div><\/div><div id=\"pg-51-1\"  class=\"panel-grid panel-no-style\" ><div id=\"pgc-51-1-0\"  class=\"panel-grid-cell panel-grid-cell-mobile-last\" ><div id=\"panel-51-1-0-0\" class=\"so-panel widget widget_black-studio-tinymce widget_black_studio_tinymce panel-first-child panel-last-child\" data-index=\"1\" ><div class=\"textwidget\"><p><em>B\u00f6ckerna kan k\u00f6pas i bibliotekets l\u00e5neexpedition<\/em><em>\u00a0eller best\u00e4llas via <a href=\"http:\/\/katalog.visarkiv.se\/lib\/views\/prisl\/AdvancedSearch.aspx\">Svenskt visarkivs prislista<\/a>.\u00a0<\/em><em>Vid f\u00f6rs\u00e4ndelser tillkommer porto. Samtliga priser inkl. 6% moms.<\/em><\/p>\n<\/div><\/div><\/div><div id=\"pgc-51-1-1\"  class=\"panel-grid-cell panel-grid-cell-empty\" ><\/div><\/div><div id=\"pg-51-2\"  class=\"panel-grid panel-no-style\" ><div id=\"pgc-51-2-0\"  class=\"panel-grid-cell\" ><div id=\"panel-51-2-0-0\" class=\"so-panel widget widget_headers panel-first-child\" data-index=\"2\" ><div class=\"so-widget-headers so-widget-headers-base\"><h3 id=\"tryckt\">Tryckt<\/h3>\n<\/div><\/div><div id=\"panel-51-2-0-1\" class=\"so-panel widget widget_black-studio-tinymce widget_black_studio_tinymce panel-last-child\" data-index=\"3\" ><div class=\"textwidget\"><p><em>Inte bara katalogregler : festskrift till Anders L&ouml;nn<\/em> : 5 mars 2003 \/ redakt&ouml;r<br \/>Veslem&ouml;y Heintz. Stockholm : Statens musikbibliotek, 2003. 141 s.<br \/>Pris 200:- + moms och porto.<\/p>\n<p>Musik i Sverige : dokument och f&ouml;rteckningar (ISSN 0077-2518)<\/p>\n<p>Musik i Sverige &auml;r namnet p&aring; Musik- och teaterbibliotekets skriftserie. Som undertiteln s&auml;ger inneh&aring;ller den bibliografier, kataloger och andra f&ouml;rteckningar, samt dokument&auml;ra utg&aring;vor eller studier med tonvikten&nbsp;p&aring; att presentera k&auml;llmaterial. Rent musikhistoriska framst&auml;llningar ligger utanf&ouml;r. D&auml;remot &auml;r den inte begr&auml;nsad till n&aring;gon viss typ av musik, trots att utgivningen hittills h&aring;llit sig inom konstmusikomr&aring;det. Serien startades 1969 som ett samarbete mellan d&aring;varande Svenskt musikhistoriskt arkiv och Svenska samfundet f&ouml;r musikforskning. Fr&aring;n och med vol. 7 (1994) utges den av biblioteket genom Arkiv-,raritets- och dokumentationsavdelningen.<\/p>\n<p>ISBN f&ouml;r enskilda volymer: 91-85172-<\/p>\n<p>Hittills utkomna volymer:<\/p>\n<ol>\n<li>H&uuml;lphers, A. A:sson, <em>Historisk afhandling om musik och instrumenter<\/em>. Wester&aring;s 1773. Faksimilutg&aring;va med inledning av Thorild Lindgren. 1969 159:-<\/li>\n<li>Ruuth, Gustaf, <em>Katalog &ouml;ver &auml;ldre musikalier i Per Brahegymnasiet i J&ouml;nk&ouml;ping<\/em>. 1971 Gratis<\/li>\n<li>Helmer, Axel, <em>Svensk solos&aring;ng 1850-1890<\/em>. 1. <em>En genrehistorisk studie<\/em>. 1972. 2. <em>S&aring;ngf&ouml;rteckning<\/em>. 1972. (Mit einer deutschen Zusammenfassung) 127:-<\/li>\n<li>&nbsp;<em>Joseph Martin Kraus in seinen Briefen<\/em>, utg. av Irmgard Leux-Henschen. 1978<br \/>Distribueras av Edition Reimers, Stockholm<\/li>\n<li>Rud&eacute;n, Jan Olof, <em>Music in tablature<\/em>. 1981 165:-<\/li>\n<li>Henrysson, Harald, <em>A Jussi Bj&ouml;rling phonography<\/em>. 2nd edition, 1993. Reviderad och ut&ouml;kad upplaga 300:-<\/li>\n<li>Holm, Anna Lena, <em>Tematisk f&ouml;rteckning &ouml;ver J.H. Romans vokalmusik<\/em>. 1994 265:-<\/li>\n<li>Gasparini, Francesco, <em>En uti Harmoni &ouml;fvad p&aring; Clav-Cymbal<\/em> (&ouml;versatt av J.H. Roman, vetenskapligt bearbetad av Kathleen K. Hansell, Martin Tegen och Eva Nordenfeldt). 1994 265:-<\/li>\n<li>Lomn&auml;s, Bonnie &amp; Erling, <em>Stiftelsen Musikkulturens fr&auml;mjande, Catalogue of music manuscripts<\/em>. 1995 212:-<\/li>\n<li>Jonsson, Leif, <em>Offentlig musik i Uppsala 1747-1854: fr&aring;n representativ till borgerlig konsert<\/em>. 1998 240:-<\/li>\n<li>Lomn&auml;s, Bonnie, <em>Stiftelsen Musikkulturens fr&auml;mjande, Catalogue of letters and other documents<\/em>. 1999 212:-<\/li>\n<li>Bengtsson, Britta, <em>1751 &aring;rs m&auml;n : anteckningar om amat&ouml;rer och hovkapellister vid \"Kongl. begrafnings och kongl. kr&ouml;nings musiquerne &aring;r 1751<\/em>\"&nbsp; &nbsp;212:-<\/li>\n<li>Barth Magnus, Ingebj&oslash;rg, <em>H&auml;r &auml;r spel och dans. Musikmotiv i svenskt folkligt m&aring;leri p&aring; bonad och v&auml;gg<\/em> 180:-<\/li>\n<\/ol>\n<p>ERBJUDANDE: Volym 9 och 11 till paketpris 350:-<\/p>\n<p>&nbsp;<\/p>\n<p>&nbsp;<\/p>\n<\/div><\/div><\/div><div id=\"pgc-51-2-1\"  class=\"panel-grid-cell\" ><div id=\"panel-51-2-1-0\" class=\"so-panel widget widget_headers panel-first-child\" data-index=\"4\" ><div class=\"so-widget-headers so-widget-headers-base\"><h3 id=\"online\">Online<\/h3>\n<\/div><\/div><div id=\"panel-51-2-1-1\" class=\"so-panel widget widget_black-studio-tinymce widget_black_studio_tinymce panel-last-child\" data-index=\"5\" ><div class=\"textwidget\"><p><a href=\"http:\/\/www.muslib.se\/ebibliotek\/lussehafte2012.pdf\"><em>Ingen dager synes &auml;n<\/em><\/a>.<em> Visor om Lucia, Staffan och andra figurer ur lussetraditionen<\/em><\/p>\n<p><a title=\"Dokumenterat\" href=\"\/musikochteaterbiblioteket\/arkiv\/dokumenterat\/\"><em>Dokumenterat : bulletin fr&aring;n Musik- och teaterbiblioteket<\/em><\/a> med f&ouml;reg&aring;ngaren <em>Bulletin<\/em> \/ Svenskt musikhistoriskt arkiv<\/p>\n<p><a href=\"http:\/\/statensmusikverk.se\/musikochteaterbiblioteket\/rariteter\/musikarkiv-och-ovrigt-kallmaterial\/\"><em>Musikarkiv och &ouml;vrigt k&auml;llmaterial - en best&aring;nds&ouml;versikt<\/em><\/a> sammanst&auml;lld av Inger Enquist. 2002<\/p>\n<p><em>Nyf&ouml;rv&auml;rvslista<\/em> ges inte l&auml;gre ut. Ses numera i bibliotekets <a title=\"Nyf&ouml;rv&auml;rvslistan i onlinekatalogen\" href=\"http:\/\/katalog.muslib.se\/wsNews.Asp?UnitId=0&amp;DocGrp=0&amp;SearchUnitId=0&amp;LoanUnitId=1&amp;comb=AND&amp;page=1\">onlinekatalog<\/a>.<\/p>\n<p><em>Svensk musikhistorisk bibliografi<\/em>. Numera i <a title=\"Till SMHB i Libris\" href=\"http:\/\/libris.kb.se\/form_extended.jsp?f=smhb\">Libris<\/a>.<\/p>\n<\/div><\/div><\/div><\/div><\/div>","protected":false},"excerpt":{"rendered":"<p>B\u00f6ckerna kan k\u00f6pas i bibliotekets l\u00e5neexpedition\u00a0eller best\u00e4llas via Svenskt visarkivs prislista.\u00a0Vid f\u00f6rs\u00e4ndelser tillkommer porto. Samtliga priser inkl. 6% moms.<\/p>\n","protected":false},"author":1,"featured_media":0,"parent":0,"menu_order":0,"comment_status":"open","ping_status":"closed","template":"","meta":{"ngg_post_thumbnail":0,"spay_email":""},"categories":[3],"tags":[100,120],"yoast_head":"<!-- This site is optimized with the Yoast SEO plugin v16.3 - https:\/\/yoast.com\/wordpress\/plugins\/seo\/ -->\n<meta name=\"robots\" content=\"index, follow, max-snippet:-1, max-image-preview:large, max-video-preview:-1\" \/>\n<link rel=\"canonical\" href=\"https:\/\/musikverket-old.test.consids5.se\/musikochteaterbiblioteket\/publikationer\/\" \/>\n<meta property=\"og:locale\" content=\"sv_SE\" \/>\n<meta property=\"og:type\" content=\"article\" \/>\n<meta property=\"og:title\" content=\"Publikationer - Musik- och teaterbiblioteket\" \/>\n<meta property=\"og:description\" content=\"B\u00f6ckerna kan k\u00f6pas i bibliotekets l\u00e5neexpedition\u00a0eller best\u00e4llas via Svenskt visarkivs prislista.\u00a0Vid f\u00f6rs\u00e4ndelser tillkommer porto. Samtliga priser inkl. 6% moms.\" \/>\n<meta property=\"og:url\" content=\"https:\/\/musikverket-old.test.consids5.se\/musikochteaterbiblioteket\/publikationer\/\" \/>\n<meta property=\"og:site_name\" content=\"Musik- och teaterbiblioteket\" \/>\n<meta property=\"article:modified_time\" content=\"2017-01-26T06:43:02+00:00\" \/>\n<meta name=\"twitter:label1\" content=\"Ber\u00e4knad l\u00e4stid\">\n\t<meta name=\"twitter:data1\" content=\"2 minuter\">\n<script type=\"application\/ld+json\" class=\"yoast-schema-graph\">{\"@context\":\"https:\/\/schema.org\",\"@graph\":[{\"@type\":\"WebSite\",\"@id\":\"https:\/\/musikverket-old.test.consids5.se\/musikochteaterbiblioteket\/#website\",\"url\":\"https:\/\/musikverket-old.test.consids5.se\/musikochteaterbiblioteket\/\",\"name\":\"Musik- och teaterbiblioteket\",\"description\":\"F\\u00f6rdjupning, kunskap och spelgl\\u00e4dje\",\"potentialAction\":[{\"@type\":\"SearchAction\",\"target\":\"https:\/\/musikverket-old.test.consids5.se\/musikochteaterbiblioteket\/?s={search_term_string}\",\"query-input\":\"required name=search_term_string\"}],\"inLanguage\":\"sv-SE\"},{\"@type\":\"WebPage\",\"@id\":\"https:\/\/musikverket-old.test.consids5.se\/musikochteaterbiblioteket\/publikationer\/#webpage\",\"url\":\"https:\/\/musikverket-old.test.consids5.se\/musikochteaterbiblioteket\/publikationer\/\",\"name\":\"Publikationer - Musik- och teaterbiblioteket\",\"isPartOf\":{\"@id\":\"https:\/\/musikverket-old.test.consids5.se\/musikochteaterbiblioteket\/#website\"},\"datePublished\":\"2012-05-09T13:57:02+00:00\",\"dateModified\":\"2017-01-26T06:43:02+00:00\",\"breadcrumb\":{\"@id\":\"https:\/\/musikverket-old.test.consids5.se\/musikochteaterbiblioteket\/publikationer\/#breadcrumb\"},\"inLanguage\":\"sv-SE\",\"potentialAction\":[{\"@type\":\"ReadAction\",\"target\":[\"https:\/\/musikverket-old.test.consids5.se\/musikochteaterbiblioteket\/publikationer\/\"]}]},{\"@type\":\"BreadcrumbList\",\"@id\":\"https:\/\/musikverket-old.test.consids5.se\/musikochteaterbiblioteket\/publikationer\/#breadcrumb\",\"itemListElement\":[{\"@type\":\"ListItem\",\"position\":1,\"item\":{\"@type\":\"WebPage\",\"@id\":\"https:\/\/musikverket-old.test.consids5.se\/musikochteaterbiblioteket\/\",\"url\":\"https:\/\/musikverket-old.test.consids5.se\/musikochteaterbiblioteket\/\",\"name\":\"Hem\"}},{\"@type\":\"ListItem\",\"position\":2,\"item\":{\"@id\":\"https:\/\/musikverket-old.test.consids5.se\/musikochteaterbiblioteket\/publikationer\/#webpage\"}}]}]}<\/script>\n<!-- \/ Yoast SEO plugin. -->","jetpack_shortlink":"https:\/\/wp.me\/P2ZwmI-P","jetpack_sharing_enabled":true,"_links":{"self":[{"href":"https:\/\/musikverket-old.test.consids5.se\/musikochteaterbiblioteket\/wp-json\/wp\/v2\/pages\/51"}],"collection":[{"href":"https:\/\/musikverket-old.test.consids5.se\/musikochteaterbiblioteket\/wp-json\/wp\/v2\/pages"}],"about":[{"href":"https:\/\/musikverket-old.test.consids5.se\/musikochteaterbiblioteket\/wp-json\/wp\/v2\/types\/page"}],"author":[{"embeddable":true,"href":"https:\/\/musikverket-old.test.consids5.se\/musikochteaterbiblioteket\/wp-json\/wp\/v2\/users\/1"}],"replies":[{"embeddable":true,"href":"https:\/\/musikverket-old.test.consids5.se\/musikochteaterbiblioteket\/wp-json\/wp\/v2\/comments?post=51"}],"version-history":[{"count":0,"href":"https:\/\/musikverket-old.test.consids5.se\/musikochteaterbiblioteket\/wp-json\/wp\/v2\/pages\/51\/revisions"}],"wp:attachment":[{"href":"https:\/\/musikverket-old.test.consids5.se\/musikochteaterbiblioteket\/wp-json\/wp\/v2\/media?parent=51"}],"wp:term":[{"taxonomy":"category","embeddable":true,"href":"https:\/\/musikverket-old.test.consids5.se\/musikochteaterbiblioteket\/wp-json\/wp\/v2\/categories?post=51"},{"taxonomy":"post_tag","embeddable":true,"href":"https:\/\/musikverket-old.test.consids5.se\/musikochteaterbiblioteket\/wp-json\/wp\/v2\/tags?post=51"}],"curies":[{"name":"wp","href":"https:\/\/api.w.org\/{rel}","templated":true}]}}