{"id":5171,"date":"2013-09-12T09:49:21","date_gmt":"2013-09-12T07:49:21","guid":{"rendered":"http:\/\/statensmusikverk.se\/musikochteaterbiblioteket\/?page_id=5171"},"modified":"2022-06-29T16:25:41","modified_gmt":"2022-06-29T14:25:41","slug":"amanda-maier-1853-1894","status":"publish","type":"page","link":"https:\/\/musikverket-old.test.consids5.se\/musikochteaterbiblioteket\/arkivregistret\/amanda-maier-1853-1894\/","title":{"rendered":"Amanda Maier (1853\u20131894)"},"content":{"rendered":"<div id=\"pl-5171\"  class=\"panel-layout\" ><div id=\"pg-5171-0\"  class=\"panel-grid panel-no-style\" ><div id=\"pgc-5171-0-0\"  class=\"panel-grid-cell\" ><div id=\"panel-5171-0-0-0\" class=\"so-panel widget widget_headers panel-first-child panel-last-child\" data-index=\"0\" ><div class=\"so-widget-headers so-widget-headers-base\"><h1 id=\"amanda-maier\">Amanda Maier<\/h1>\n<\/div><\/div><\/div><\/div><div id=\"pg-5171-1\"  class=\"panel-grid panel-no-style\" ><div id=\"pgc-5171-1-0\"  class=\"panel-grid-cell panel-grid-cell-mobile-last\" ><div id=\"panel-5171-1-0-0\" class=\"so-panel widget widget_black-studio-tinymce widget_black_studio_tinymce panel-first-child\" data-index=\"1\" ><div class=\"textwidget\"><p><em>I biblioteket finns en stor m\u00e4ngd arkiv och samlingar efter personer, f\u00f6reningar och institutioner som verkat p\u00e5 musikens och teaterns omr\u00e5de. Observera att ytterligare handskriftsmaterial som inte ing\u00e5r i dessa arkiv och samlingar finns att s\u00f6ka via&nbsp;<a title=\"Till bibliotekets kataloger\" href=\"http:\/\/statensmusikverk.se\/musikochteaterbiblioteket\/kataloger\">bibliotekets not- och brevkataloger<\/a>. Kontakta&nbsp;<a title=\"bibliotekets kontaktuppgifter\" href=\"http:\/\/statensmusikverk.se\/musikochteaterbiblioteket\/kontakt\/\">Raritetssamlingarna<\/a>&nbsp;f\u00f6r att best\u00e4lla fram arkivmaterial, k\u00f6pa&nbsp;<a title=\"prislista\" href=\"https:\/\/musikverket.se\/musikochteaterbiblioteket\/besok-biblioteket\/prislista\/\">kopior<\/a>&nbsp;eller f\u00e5 hj\u00e4lp att hitta i samlingarna.<\/em><\/p>\n<\/div><\/div><div id=\"panel-5171-1-0-1\" class=\"so-panel widget widget_black-studio-tinymce widget_black_studio_tinymce panel-last-child\" data-index=\"2\" ><div class=\"textwidget\"><p>Amanda Maier, gift R\u00f6ntgen\u00a0(19\/2 1853\u201315\/7 1894 enligt Sohlex, 20\/2 1854\u201315\/6 1894 enligt gravstenen, f\u00f6dd 20\/2 1853 enligt F\u00f6delse- och dopboken, d\u00f6d 15\/6 1894 enligt samtida dokument.)<\/p>\n<p>Deposition 1997\/7 med till\u00e4ggsaccession 1998\/7(*), 2013\/20, 2016\/32, 2018\/1 samt 2018\/14.<\/p>\n<h3>Autografer<\/h3>\n<p><a title=\"[Konsert, violin, orkester, d-moll] Concerto f\u00fcr Violine mit Begleitung des Orchesters. 1875. Part.\" href=\"http:\/\/urn.kb.se\/resolve?urn=urn:nbn:se:statensmusikverk-1638\">[Konsert, violin, orkester, d-moll] Concerto f\u00fcr Violine mit Begleitung des Orchesters. 1875. Part.<\/a>\u00a0+\u00a0<a title=\"[Konsert, violin, orkester, d-moll] Concerto f\u00fcr Violine mit Begleitung des Orchesters. 1875. Klav. + solost.\" href=\"http:\/\/urn.kb.se\/resolve?urn=urn:nbn:se:statensmusikverk-1639\">klav. + solost.<\/a><\/p>\n<p><a title=\"[Kvartett, piano, str\u00e5kar, e-moll] Quartett f\u00fcr Clavier, Violine, Bratsche und Cello. 1891. Part.\" href=\"http:\/\/urn.kb.se\/resolve?urn=urn:nbn:se:statensmusikverk-1640\">[Kvartett, piano, str\u00e5kar, e-moll] Quartett f\u00fcr Clavier, Violine, Bratsche und Cello. 1891. Part.<\/a><\/p>\n<p><a title=\"[Kvartett, str\u00e5kar, A-dur]. Part.; sats 1 saknas. H\u00e4rtill en kvartettsats i A-dur, part.-fragment, i annat pappersformat = sats 1?\" href=\"http:\/\/urn.kb.se\/resolve?urn=urn:nbn:se:statensmusikverk-1641\">[Kvartett, str\u00e5kar, A-dur]. Part.; sats 1 saknas. H\u00e4rtill en kvartettsats i A-dur, part.-fragment, i annat pappersformat = sats 1?<\/a><\/p>\n<p><a title=\"[25] Preludier. 1869. [F\u00f6r piano]\" href=\"http:\/\/urn.kb.se\/resolve?urn=urn:nbn:se:statensmusikverk-1642\">[25] Preludier. 1869. [F\u00f6r piano]<\/a><\/p>\n<p><a title=\"Den sjuka flickans s\u00e5ng (Tysta minne). Wirs\u00e9n. 1878. [F\u00f6r r\u00f6st och piano]\" href=\"http:\/\/urn.kb.se\/resolve?urn=urn:nbn:se:statensmusikverk-1637\">Den sjuka flickans s\u00e5ng (Tysta minne). Wirs\u00e9n. 1878. [F\u00f6r r\u00f6st och piano]<\/a><\/p>\n<p><a title=\"[Sechs St\u00fccke f\u00fcr Clavier und Violine. Delar]. 1878. Part., paginerat fragment; s. 13-14: Slutet av nr III i trycket ; S. 21-57: S. 21 omfattar slutet p\u00e5 stycke i F-dur, ej i tr. (\u00e4ven separat ex.) d\u00e4refter f\u00f6ljer &quot;Nr 5&quot; [= nr V i tr.], Nr 6 [= nr IV], Nr 7 och 8 [ej i tr.], Nr 9 [= nr VI]\" href=\"http:\/\/urn.kb.se\/resolve?urn=urn:nbn:se:statensmusikverk-1643\">[Sechs St\u00fccke f\u00fcr Clavier und Violine. Delar]. 1878. Part., paginerat fragment; s. 13-14: Slutet av nr III i trycket ; S. 21-57: S. 21 omfattar slutet p\u00e5 stycke i F-dur, ej i tr. (\u00e4ven separat ex.) d\u00e4refter f\u00f6ljer \"Nr 5\" [= nr V i tr.], Nr 6 [= nr IV], Nr 7 och 8 [ej i tr.], Nr 9 [= nr VI]<\/a><\/p>\n<p><a title=\"Ungt mod (Fins ej lots?). 1878. [F\u00f6r r\u00f6st och piano]\" href=\"http:\/\/urn.kb.se\/resolve?urn=urn:nbn:se:statensmusikverk-1644\">Ungt mod (Fins ej lots?). 1878. [F\u00f6r r\u00f6st och piano]<\/a><\/p>\n<p><a href=\"http:\/\/urn.kb.se\/resolve?urn=urn:nbn:se:statensmusikverk-6154\" target=\"_blank\" rel=\"noopener\">Aftonklockan [f\u00f6r r\u00f6st och piano, 1878, tx Wirs\u00e9n]<\/a>\u00a0och\u00a0<a href=\"http:\/\/urn.kb.se\/resolve?urn=urn:nbn:se:statensmusikverk-6155\" target=\"_blank\" rel=\"noopener\">S\u00e5ngen [f\u00f6r r\u00f6st och piano, 1878, tx Wirs\u00e9n]<\/a>. Till\u00e4ggsaccession 2013.<\/p>\n<p><a title=\"\" href=\"http:\/\/urn.kb.se\/resolve?urn=urn:nbn:se:statensmusikverk-9515\" target=\"_blank\" rel=\"noopener\">Trio Ess-dur [f\u00f6r piano, violin och cello, ca 1874]. Partitur och st\u00e4mmor (vl+vlc).<\/a> Till\u00e4ggsaccession 2018.<\/p>\n<h3>Tryck<\/h3>\n<p>5 December 1880. St Nicolas-Schwank aus Amsterdam ... Julius R\u00f6ntgen und Amanda R\u00f6ntgen, geb. Maier ... [Saml. inneh\u00e5llande 10 nr, den sista arr. av A.M.: \"Allt under himmelens f\u00e4ste\". Schwedeische Volksmelodie f\u00fcr Violoncell [och piano].] Fotokopia<\/p>\n<h3>Dagb\u00f6cker*<\/h3>\n<p>6 volymer daterade 1865\u201366, 1875-1876, 1877, 1878, 1879, 1880.<\/p>\n<h3>Diverse<\/h3>\n<p>Avskrift:<br \/>\nHaslinger, T., Sonatine [C-dur, f\u00f6r piano]. Blyerts<\/p>\n<p>Blyertsskiss<\/p>\n<p>Undervisningsintyg<\/p>\n<p>Forskningsmaterial i kopior, foton av graven m.m.<\/p>\n<p>F\u00e4rgfotografier:<br \/>\nAmanda Maiers gravsten<br \/>\nPortr\u00e4tt av \u00e4ldre man i rullstol<br \/>\nFoto av konstverk f\u00f6rest\u00e4llande man vid skrivbord<\/p>\n<h3>Till\u00e4ggsaccession 2016\/32<\/h3>\n<p>Brev:<\/p>\n<p>Fyra stycken brev fr\u00e5n Amanda Maier-R\u00f6ntgen till Bodil Hartmann-Neergaard, 16\/6 1892, 10\/10 1892, 22\/5 1893 och 5\/9 1893.<\/p>\n<p>Musikalier\/Verk av andra:<\/p>\n<p>[Kolligatband inneh\u00e5llande verk f\u00f6r violin och piano]. Tryck och handskrifter. [Bach. Air, f\u00fcr violine aus der Ddur-Suite mss;\u00a0 Schumann. Abendlied, arr. av Maier-R\u00f6ntgen?, autograf; \u00f6vrigt tryck].<\/p>\n<p>Josephson, J.A. Svenska folkvisor satta f\u00f6r Piano-forte. Mss.<\/p>\n<h3>Till\u00e4ggsaccession 2018\/1<\/h3>\n<p>Fotografier:<\/p>\n<p>Portr\u00e4tt av Amanda Maier, 14 stycken<br \/>\nPortr\u00e4tt av Amanda Maier och Julius R\u00f6ntgen [make]<br \/>\nPortr\u00e4tt av Amanda Maier och Julius R\u00f6ntgen [son]<br \/>\nPortr\u00e4tt av Julius och Engelbert R\u00f6ntgen [s\u00f6ner]<br \/>\nPortr\u00e4tt av Carl Eduard Maier [far], 2 stycken<br \/>\nPortr\u00e4tt av Elisabeth [Ellse] Maier Sj\u00f6beck [mor], 3 stycken<\/p>\n<p>Fotoalbum inneh\u00e5llandes 40 stycken fotografier, mestadels porttr\u00e4tt av en ung Amanda Maier.<br \/>\nN\u00e5gra fotografier f\u00f6rekommer andra familjemedlemmar p\u00e5. P\u00e5 framsidan en etikett med texten: Amanda Maier, 1853-1894, Jeugd foto\u2019s [ungdomsfotografier]. P\u00e5 insidan st\u00e5r det: Carolina Amanda Erika Maier, *Landskrona 20.2.1853, + Amsterdam 15.6.1894.<\/p>\n<p><em>F\u00f6rteckningen uppr\u00e4ttad i juli 1997 och mars 1999\u00a0av Anna Lena Holm<\/em><\/p>\n<p><em>Uppdaterad i februari och maj 2018 av Sebastian Lindblom<\/em><\/p>\n<\/div><\/div><\/div><div id=\"pgc-5171-1-1\"  class=\"panel-grid-cell panel-grid-cell-empty\" ><\/div><\/div><\/div>","protected":false},"excerpt":{"rendered":"<p>I biblioteket finns en stor m\u00e4ngd arkiv och samlingar efter personer, f\u00f6reningar och institutioner som verkat p\u00e5 musikens och teaterns omr\u00e5de. Observera att ytterligare handskriftsmaterial som inte ing\u00e5r i dessa arkiv och samlingar finns att s\u00f6ka via&nbsp;bibliotekets not- och brevkataloger. Kontakta&nbsp;Raritetssamlingarna&nbsp;f\u00f6r att best\u00e4lla fram arkivmaterial, k\u00f6pa&nbsp;kopior&nbsp;eller f\u00e5 hj\u00e4lp att hitta i samlingarna. Amanda Maier, gift [&hellip;]<\/p>\n","protected":false},"author":8,"featured_media":0,"parent":52,"menu_order":0,"comment_status":"open","ping_status":"open","template":"","meta":{"ngg_post_thumbnail":0,"spay_email":""},"categories":[4,3],"tags":[270,48,42],"yoast_head":"<!-- This site is optimized with the Yoast SEO plugin v16.3 - https:\/\/yoast.com\/wordpress\/plugins\/seo\/ -->\n<meta name=\"robots\" content=\"index, follow, max-snippet:-1, max-image-preview:large, max-video-preview:-1\" \/>\n<link rel=\"canonical\" href=\"https:\/\/musikverket-old.test.consids5.se\/musikochteaterbiblioteket\/arkivregistret\/amanda-maier-1853-1894\/\" \/>\n<meta property=\"og:locale\" content=\"sv_SE\" \/>\n<meta property=\"og:type\" content=\"article\" \/>\n<meta property=\"og:title\" content=\"Amanda Maier (1853\u20131894) - Musik- och teaterbiblioteket\" \/>\n<meta property=\"og:description\" content=\"I biblioteket finns en stor m\u00e4ngd arkiv och samlingar efter personer, f\u00f6reningar och institutioner som verkat p\u00e5 musikens och teaterns omr\u00e5de. Observera att ytterligare handskriftsmaterial som inte ing\u00e5r i dessa arkiv och samlingar finns att s\u00f6ka via&nbsp;bibliotekets not- och brevkataloger. Kontakta&nbsp;Raritetssamlingarna&nbsp;f\u00f6r att best\u00e4lla fram arkivmaterial, k\u00f6pa&nbsp;kopior&nbsp;eller f\u00e5 hj\u00e4lp att hitta i samlingarna. Amanda Maier, gift [&hellip;]\" \/>\n<meta property=\"og:url\" content=\"https:\/\/musikverket-old.test.consids5.se\/musikochteaterbiblioteket\/arkivregistret\/amanda-maier-1853-1894\/\" \/>\n<meta property=\"og:site_name\" content=\"Musik- och teaterbiblioteket\" \/>\n<meta property=\"article:modified_time\" content=\"2022-06-29T14:25:41+00:00\" \/>\n<meta name=\"twitter:label1\" content=\"Ber\u00e4knad l\u00e4stid\">\n\t<meta name=\"twitter:data1\" content=\"3 minuter\">\n<script type=\"application\/ld+json\" class=\"yoast-schema-graph\">{\"@context\":\"https:\/\/schema.org\",\"@graph\":[{\"@type\":\"WebSite\",\"@id\":\"https:\/\/musikverket-old.test.consids5.se\/musikochteaterbiblioteket\/#website\",\"url\":\"https:\/\/musikverket-old.test.consids5.se\/musikochteaterbiblioteket\/\",\"name\":\"Musik- och teaterbiblioteket\",\"description\":\"F\\u00f6rdjupning, kunskap och spelgl\\u00e4dje\",\"potentialAction\":[{\"@type\":\"SearchAction\",\"target\":\"https:\/\/musikverket-old.test.consids5.se\/musikochteaterbiblioteket\/?s={search_term_string}\",\"query-input\":\"required name=search_term_string\"}],\"inLanguage\":\"sv-SE\"},{\"@type\":\"WebPage\",\"@id\":\"https:\/\/musikverket-old.test.consids5.se\/musikochteaterbiblioteket\/arkivregistret\/amanda-maier-1853-1894\/#webpage\",\"url\":\"https:\/\/musikverket-old.test.consids5.se\/musikochteaterbiblioteket\/arkivregistret\/amanda-maier-1853-1894\/\",\"name\":\"Amanda Maier (1853\\u20131894) - Musik- och teaterbiblioteket\",\"isPartOf\":{\"@id\":\"https:\/\/musikverket-old.test.consids5.se\/musikochteaterbiblioteket\/#website\"},\"datePublished\":\"2013-09-12T07:49:21+00:00\",\"dateModified\":\"2022-06-29T14:25:41+00:00\",\"breadcrumb\":{\"@id\":\"https:\/\/musikverket-old.test.consids5.se\/musikochteaterbiblioteket\/arkivregistret\/amanda-maier-1853-1894\/#breadcrumb\"},\"inLanguage\":\"sv-SE\",\"potentialAction\":[{\"@type\":\"ReadAction\",\"target\":[\"https:\/\/musikverket-old.test.consids5.se\/musikochteaterbiblioteket\/arkivregistret\/amanda-maier-1853-1894\/\"]}]},{\"@type\":\"BreadcrumbList\",\"@id\":\"https:\/\/musikverket-old.test.consids5.se\/musikochteaterbiblioteket\/arkivregistret\/amanda-maier-1853-1894\/#breadcrumb\",\"itemListElement\":[{\"@type\":\"ListItem\",\"position\":1,\"item\":{\"@type\":\"WebPage\",\"@id\":\"https:\/\/musikverket-old.test.consids5.se\/musikochteaterbiblioteket\/\",\"url\":\"https:\/\/musikverket-old.test.consids5.se\/musikochteaterbiblioteket\/\",\"name\":\"Hem\"}},{\"@type\":\"ListItem\",\"position\":2,\"item\":{\"@type\":\"WebPage\",\"@id\":\"https:\/\/musikverket-old.test.consids5.se\/musikochteaterbiblioteket\/arkivregistret\/\",\"url\":\"https:\/\/musikverket-old.test.consids5.se\/musikochteaterbiblioteket\/arkivregistret\/\",\"name\":\"Arkivregistret\"}},{\"@type\":\"ListItem\",\"position\":3,\"item\":{\"@id\":\"https:\/\/musikverket-old.test.consids5.se\/musikochteaterbiblioteket\/arkivregistret\/amanda-maier-1853-1894\/#webpage\"}}]}]}<\/script>\n<!-- \/ Yoast SEO plugin. -->","jetpack_shortlink":"https:\/\/wp.me\/P2ZwmI-1lp","jetpack_sharing_enabled":true,"_links":{"self":[{"href":"https:\/\/musikverket-old.test.consids5.se\/musikochteaterbiblioteket\/wp-json\/wp\/v2\/pages\/5171"}],"collection":[{"href":"https:\/\/musikverket-old.test.consids5.se\/musikochteaterbiblioteket\/wp-json\/wp\/v2\/pages"}],"about":[{"href":"https:\/\/musikverket-old.test.consids5.se\/musikochteaterbiblioteket\/wp-json\/wp\/v2\/types\/page"}],"author":[{"embeddable":true,"href":"https:\/\/musikverket-old.test.consids5.se\/musikochteaterbiblioteket\/wp-json\/wp\/v2\/users\/8"}],"replies":[{"embeddable":true,"href":"https:\/\/musikverket-old.test.consids5.se\/musikochteaterbiblioteket\/wp-json\/wp\/v2\/comments?post=5171"}],"version-history":[{"count":0,"href":"https:\/\/musikverket-old.test.consids5.se\/musikochteaterbiblioteket\/wp-json\/wp\/v2\/pages\/5171\/revisions"}],"up":[{"embeddable":true,"href":"https:\/\/musikverket-old.test.consids5.se\/musikochteaterbiblioteket\/wp-json\/wp\/v2\/pages\/52"}],"wp:attachment":[{"href":"https:\/\/musikverket-old.test.consids5.se\/musikochteaterbiblioteket\/wp-json\/wp\/v2\/media?parent=5171"}],"wp:term":[{"taxonomy":"category","embeddable":true,"href":"https:\/\/musikverket-old.test.consids5.se\/musikochteaterbiblioteket\/wp-json\/wp\/v2\/categories?post=5171"},{"taxonomy":"post_tag","embeddable":true,"href":"https:\/\/musikverket-old.test.consids5.se\/musikochteaterbiblioteket\/wp-json\/wp\/v2\/tags?post=5171"}],"curies":[{"name":"wp","href":"https:\/\/api.w.org\/{rel}","templated":true}]}}