{"id":5462,"date":"2013-10-17T11:51:03","date_gmt":"2013-10-17T09:51:03","guid":{"rendered":"http:\/\/statensmusikverk.se\/musikochteaterbiblioteket\/?page_id=5462"},"modified":"2021-07-01T11:51:07","modified_gmt":"2021-07-01T09:51:07","slug":"historia","status":"publish","type":"page","link":"https:\/\/musikverket-old.test.consids5.se\/musikochteaterbiblioteket\/om-musik-och-teaterbiblioteket\/historia\/","title":{"rendered":"Historia"},"content":{"rendered":"<div id=\"pl-5462\"  class=\"panel-layout\" ><div id=\"pg-5462-0\"  class=\"panel-grid panel-no-style\" ><div id=\"pgc-5462-0-0\"  class=\"panel-grid-cell\" ><div id=\"panel-5462-0-0-0\" class=\"so-panel widget widget_headers panel-first-child panel-last-child\" data-index=\"0\" ><div class=\"so-widget-headers so-widget-headers-base\"><h1 id=\"bibliotekets-historia\">Bibliotekets historia<\/h1>\n<\/div><\/div><\/div><\/div><div id=\"pg-5462-1\"  class=\"panel-grid panel-no-style\" ><div id=\"pgc-5462-1-0\"  class=\"panel-grid-cell panel-grid-cell-mobile-last\" ><div id=\"panel-5462-1-0-0\" class=\"so-panel widget widget_black-studio-tinymce widget_black_studio_tinymce panel-first-child\" data-index=\"1\" ><div class=\"textwidget\"><p><em>Musik- och teaterbiblioteket var ursprungligen Kungliga Musikaliska Akademiens bibliotek. Biblioteket <em>har en 250-\u00e5rig historia och s<\/em>amlingarna g\u00e5r tillbaka till den gustavianska epoken.&nbsp;<\/em><\/p>\n<\/div><\/div><div id=\"panel-5462-1-0-1\" class=\"so-panel widget widget_headers\" data-index=\"2\" ><div class=\"so-widget-headers so-widget-headers-base\"><h3 id=\"grundades-1771\">Grundades 1771<\/h3>\n<\/div><\/div><div id=\"panel-5462-1-0-2\" class=\"so-panel widget widget_black-studio-tinymce widget_black_studio_tinymce\" data-index=\"3\" ><div class=\"textwidget\"><p>Bibliotekets historia inleddes den 8 september 1771, d&aring; Kungliga Musikaliska Akademien grundades. En av avsikterna med Musikaliska Akademien var att bedriva musikundervisning i organiserad form, men i stadgarna framg&aring;r det &auml;ven att Akademien hade f&ouml;r avsikt att bygga upp ett bibliotek.&nbsp;<\/p>\n<p>1772, ett &aring;r efter grundandet, gjordes det f&ouml;rsta ink&ouml;pet till Kungliga Musikaliska Akademiens bibliotek, samma &aring;r fick biblioteket &auml;ven sin f&ouml;rsta g&aring;va. I princip allt som man best&auml;mde sig f&ouml;r att beh&aring;lla finns kvar &auml;n i dag.<\/p>\n<p>En av de f&ouml;rsta arkivarierna f&ouml;r biblioteket hette Pehr Frigel. Han hade &auml;mbetet i 42 &aring;r och sammanst&auml;llde 1806 den f&ouml;rsta kompletta katalogen &ouml;ver bibliotekets samlingar. Han beundrade den engelska tons&auml;ttaren William Horsley, men hade inte mycket till &ouml;vers f&ouml;r Mozart som han ans&aring;g vara f&ouml;r modern.<\/p>\n<\/div><\/div><div id=\"panel-5462-1-0-3\" class=\"so-panel widget widget_headers\" data-index=\"4\" ><div class=\"so-widget-headers so-widget-headers-base\"><h3 id=\"biblioteket-oppnar-for-allmanheten\">Biblioteket \u00f6ppnar f\u00f6r allm\u00e4nheten<\/h3>\n<\/div><\/div><div id=\"panel-5462-1-0-4\" class=\"so-panel widget widget_black-studio-tinymce widget_black_studio_tinymce\" data-index=\"5\" ><div class=\"textwidget\"><p>1849 &ouml;ppnade biblioteket f&ouml;r allm&auml;nheten. Innan dess var samlingen enbart &ouml;ppen f&ouml;r ledam&ouml;terna och d&aring; bara en g&aring;ng i veckan.&nbsp;<\/p>\n<p>1981 togs det in som en institution i Statens musiksamlingar, och d&ouml;ptes 1996 om till Statens musikbibliotek.&nbsp;2010 inf&ouml;rlivades omfattande teater- och danssamlingar som tidigare tillh&ouml;rt Drottningholms slottsteater i samlingarna och biblioteket bytte namn till Musik- och teaterbiblioteket.<\/p>\n<\/div><\/div><div id=\"panel-5462-1-0-5\" class=\"so-panel widget widget_headers\" data-index=\"6\" ><div class=\"so-widget-headers so-widget-headers-base\"><h3 id=\"musik-och-teaterbiblioteket\">Musik- och teaterbiblioteket<\/h3>\n<\/div><\/div><div id=\"panel-5462-1-0-6\" class=\"so-panel widget widget_black-studio-tinymce widget_black_studio_tinymce\" data-index=\"7\" ><div class=\"textwidget\"><p>Sedan 2011 &auml;r Musik- och teaterbiblioteket en del av Musikverket. I biblioteket finns stora samlingar av handskrifter och &auml;ldre tryck fr&aring;n 1600&ndash;1800-talen, dessutom flera betydande svenska och internationella tons&auml;ttares originalmanuskript.<\/p>\n<p>L&aring;ntagare kan v&auml;lja bland noter f&ouml;r alla genrer och bes&auml;ttningar samt 50 000 b&ouml;cker om musikhistoria, musikgenrer, pedagogik, teknik och musikvetenskap. I bibliotekets samling ing&aring;r &auml;ven f&ouml;re detta Sveriges Teatermuseums drygt 73 000 volymer b&ouml;cker som &aring;terspeglar det som skrivits f&ouml;r och om teater de senaste 500 &aring;ren.<\/p>\n<\/div><\/div><div id=\"panel-5462-1-0-7\" class=\"so-panel widget widget_headers\" data-index=\"8\" ><div class=\"so-widget-headers so-widget-headers-base\"><h3 id=\"milstolpar-i-bibliotekets-historia\">Milstolpar i bibliotekets historia<\/h3>\n<\/div><\/div><div id=\"panel-5462-1-0-8\" class=\"so-panel widget widget_black-studio-tinymce widget_black_studio_tinymce panel-last-child\" data-index=\"9\" ><div class=\"textwidget\"><p>1771 &ndash;Kungl. Musikaliska Akademien grundas<\/p>\n<p>1772 &ndash; Akademiens bibliotek g&ouml;r sitt f&ouml;rsta ink&ouml;p och f&aring;r sin f&ouml;rsta donation<\/p>\n<p>1806 &ndash; Den f&ouml;rsta kompletta katalogen &ouml;ver bibliotekets samlingar sammanst&auml;lls<\/p>\n<p>1849 &ndash; Biblioteket &ouml;ppnar f&ouml;r allm&auml;nheten, efter&nbsp;att enbart ha varit &ouml;ppen f&ouml;r elever och akademiledam&ouml;ter<\/p>\n<p>1981 &ndash; Biblioteket skiljs fr&aring;n Akademien och blir en del av Statens musiksamlingar<\/p>\n<p>1996 &ndash; Biblioteket byter namn fr&aring;n Musikaliska Akademiens Bibliotek, MAB, till Statens musikbibliotek<\/p>\n<p>2010 &ndash; Omfattande teater- och danssamlingar som tidigare tillh&ouml;rt Drottningholms slottsteater inf&ouml;rlivas i samlingarna och biblioteket byter namn till Musik- och teaterbiblioteket<\/p>\n<p>2011 &ndash; Musik- och teaterbiblioteket blir en del av Statens musikverk<\/p>\n<\/div><\/div><\/div><div id=\"pgc-5462-1-1\"  class=\"panel-grid-cell panel-grid-cell-empty\" ><\/div><\/div><\/div>","protected":false},"excerpt":{"rendered":"<p>Musik- och teaterbiblioteket var ursprungligen Kungliga Musikaliska Akademiens bibliotek. Biblioteket har en 250-\u00e5rig historia och samlingarna g\u00e5r tillbaka till den gustavianska epoken.&nbsp; Bibliotekets historia inleddes den 8 september 1771, d&aring; Kungliga Musikaliska Akademien grundades. En av avsikterna med Musikaliska Akademien var att bedriva musikundervisning i organiserad form, men i stadgarna framg&aring;r det &auml;ven att Akademien [&hellip;]<\/p>\n","protected":false},"author":4,"featured_media":0,"parent":7,"menu_order":0,"comment_status":"open","ping_status":"open","template":"","meta":{"ngg_post_thumbnail":0,"spay_email":""},"categories":[3],"tags":[293,192,119],"yoast_head":"<!-- This site is optimized with the Yoast SEO plugin v16.3 - https:\/\/yoast.com\/wordpress\/plugins\/seo\/ -->\n<meta name=\"robots\" content=\"index, follow, max-snippet:-1, max-image-preview:large, max-video-preview:-1\" \/>\n<link rel=\"canonical\" href=\"https:\/\/musikverket-old.test.consids5.se\/musikochteaterbiblioteket\/om-musik-och-teaterbiblioteket\/historia\/\" \/>\n<meta property=\"og:locale\" content=\"sv_SE\" \/>\n<meta property=\"og:type\" content=\"article\" \/>\n<meta property=\"og:title\" content=\"Historia - Musik- och teaterbiblioteket\" \/>\n<meta property=\"og:description\" content=\"Musik- och teaterbiblioteket var ursprungligen Kungliga Musikaliska Akademiens bibliotek. Biblioteket har en 250-\u00e5rig historia och samlingarna g\u00e5r tillbaka till den gustavianska epoken.&nbsp; Bibliotekets historia inleddes den 8 september 1771, d&aring; Kungliga Musikaliska Akademien grundades. En av avsikterna med Musikaliska Akademien var att bedriva musikundervisning i organiserad form, men i stadgarna framg&aring;r det &auml;ven att Akademien [&hellip;]\" \/>\n<meta property=\"og:url\" content=\"https:\/\/musikverket-old.test.consids5.se\/musikochteaterbiblioteket\/om-musik-och-teaterbiblioteket\/historia\/\" \/>\n<meta property=\"og:site_name\" content=\"Musik- och teaterbiblioteket\" \/>\n<meta property=\"article:modified_time\" content=\"2021-07-01T09:51:07+00:00\" \/>\n<meta name=\"twitter:label1\" content=\"Ber\u00e4knad l\u00e4stid\">\n\t<meta name=\"twitter:data1\" content=\"3 minuter\">\n<script type=\"application\/ld+json\" class=\"yoast-schema-graph\">{\"@context\":\"https:\/\/schema.org\",\"@graph\":[{\"@type\":\"WebSite\",\"@id\":\"https:\/\/musikverket-old.test.consids5.se\/musikochteaterbiblioteket\/#website\",\"url\":\"https:\/\/musikverket-old.test.consids5.se\/musikochteaterbiblioteket\/\",\"name\":\"Musik- och teaterbiblioteket\",\"description\":\"F\\u00f6rdjupning, kunskap och spelgl\\u00e4dje\",\"potentialAction\":[{\"@type\":\"SearchAction\",\"target\":\"https:\/\/musikverket-old.test.consids5.se\/musikochteaterbiblioteket\/?s={search_term_string}\",\"query-input\":\"required name=search_term_string\"}],\"inLanguage\":\"sv-SE\"},{\"@type\":\"WebPage\",\"@id\":\"https:\/\/musikverket-old.test.consids5.se\/musikochteaterbiblioteket\/om-musik-och-teaterbiblioteket\/historia\/#webpage\",\"url\":\"https:\/\/musikverket-old.test.consids5.se\/musikochteaterbiblioteket\/om-musik-och-teaterbiblioteket\/historia\/\",\"name\":\"Historia - Musik- och teaterbiblioteket\",\"isPartOf\":{\"@id\":\"https:\/\/musikverket-old.test.consids5.se\/musikochteaterbiblioteket\/#website\"},\"datePublished\":\"2013-10-17T09:51:03+00:00\",\"dateModified\":\"2021-07-01T09:51:07+00:00\",\"breadcrumb\":{\"@id\":\"https:\/\/musikverket-old.test.consids5.se\/musikochteaterbiblioteket\/om-musik-och-teaterbiblioteket\/historia\/#breadcrumb\"},\"inLanguage\":\"sv-SE\",\"potentialAction\":[{\"@type\":\"ReadAction\",\"target\":[\"https:\/\/musikverket-old.test.consids5.se\/musikochteaterbiblioteket\/om-musik-och-teaterbiblioteket\/historia\/\"]}]},{\"@type\":\"BreadcrumbList\",\"@id\":\"https:\/\/musikverket-old.test.consids5.se\/musikochteaterbiblioteket\/om-musik-och-teaterbiblioteket\/historia\/#breadcrumb\",\"itemListElement\":[{\"@type\":\"ListItem\",\"position\":1,\"item\":{\"@type\":\"WebPage\",\"@id\":\"https:\/\/musikverket-old.test.consids5.se\/musikochteaterbiblioteket\/\",\"url\":\"https:\/\/musikverket-old.test.consids5.se\/musikochteaterbiblioteket\/\",\"name\":\"Hem\"}},{\"@type\":\"ListItem\",\"position\":2,\"item\":{\"@type\":\"WebPage\",\"@id\":\"https:\/\/musikverket-old.test.consids5.se\/musikochteaterbiblioteket\/om-musik-och-teaterbiblioteket\/\",\"url\":\"https:\/\/musikverket-old.test.consids5.se\/musikochteaterbiblioteket\/om-musik-och-teaterbiblioteket\/\",\"name\":\"Om Musik- och teaterbiblioteket\"}},{\"@type\":\"ListItem\",\"position\":3,\"item\":{\"@id\":\"https:\/\/musikverket-old.test.consids5.se\/musikochteaterbiblioteket\/om-musik-och-teaterbiblioteket\/historia\/#webpage\"}}]}]}<\/script>\n<!-- \/ Yoast SEO plugin. -->","jetpack_shortlink":"https:\/\/wp.me\/P2ZwmI-1q6","jetpack_sharing_enabled":true,"_links":{"self":[{"href":"https:\/\/musikverket-old.test.consids5.se\/musikochteaterbiblioteket\/wp-json\/wp\/v2\/pages\/5462"}],"collection":[{"href":"https:\/\/musikverket-old.test.consids5.se\/musikochteaterbiblioteket\/wp-json\/wp\/v2\/pages"}],"about":[{"href":"https:\/\/musikverket-old.test.consids5.se\/musikochteaterbiblioteket\/wp-json\/wp\/v2\/types\/page"}],"author":[{"embeddable":true,"href":"https:\/\/musikverket-old.test.consids5.se\/musikochteaterbiblioteket\/wp-json\/wp\/v2\/users\/4"}],"replies":[{"embeddable":true,"href":"https:\/\/musikverket-old.test.consids5.se\/musikochteaterbiblioteket\/wp-json\/wp\/v2\/comments?post=5462"}],"version-history":[{"count":0,"href":"https:\/\/musikverket-old.test.consids5.se\/musikochteaterbiblioteket\/wp-json\/wp\/v2\/pages\/5462\/revisions"}],"up":[{"embeddable":true,"href":"https:\/\/musikverket-old.test.consids5.se\/musikochteaterbiblioteket\/wp-json\/wp\/v2\/pages\/7"}],"wp:attachment":[{"href":"https:\/\/musikverket-old.test.consids5.se\/musikochteaterbiblioteket\/wp-json\/wp\/v2\/media?parent=5462"}],"wp:term":[{"taxonomy":"category","embeddable":true,"href":"https:\/\/musikverket-old.test.consids5.se\/musikochteaterbiblioteket\/wp-json\/wp\/v2\/categories?post=5462"},{"taxonomy":"post_tag","embeddable":true,"href":"https:\/\/musikverket-old.test.consids5.se\/musikochteaterbiblioteket\/wp-json\/wp\/v2\/tags?post=5462"}],"curies":[{"name":"wp","href":"https:\/\/api.w.org\/{rel}","templated":true}]}}