{"id":56,"date":"2012-01-26T16:26:47","date_gmt":"2012-01-26T15:26:47","guid":{"rendered":"http:\/\/musikverket.adeprimo.se\/musikochteaterbiblioteket\/?page_id=3115"},"modified":"2020-06-23T14:20:46","modified_gmt":"2020-06-23T12:20:46","slug":"kataloger","status":"publish","type":"page","link":"https:\/\/musikverket-old.test.consids5.se\/musikochteaterbiblioteket\/kataloger\/","title":{"rendered":"Kataloger"},"content":{"rendered":"<div id=\"pl-56\"  class=\"panel-layout\" ><div id=\"pg-56-0\"  class=\"panel-grid panel-no-style\" ><div id=\"pgc-56-0-0\"  class=\"panel-grid-cell\" ><div id=\"panel-56-0-0-0\" class=\"so-panel widget widget_headers panel-first-child panel-last-child\" data-index=\"0\" ><div class=\"so-widget-headers so-widget-headers-base\"><h1 id=\"kataloger\">Kataloger<\/h1>\n<\/div><\/div><\/div><\/div><div id=\"pg-56-1\"  class=\"panel-grid panel-no-style\" ><div id=\"pgc-56-1-0\"  class=\"panel-grid-cell panel-grid-cell-mobile-last\" ><div id=\"panel-56-1-0-0\" class=\"so-panel widget widget_black-studio-tinymce widget_black_studio_tinymce panel-first-child panel-last-child\" data-index=\"1\" ><div class=\"textwidget\"><p><em>Det mesta av bibliotekets material f&ouml;rvaras i magasin och best&auml;lls fram via katalogerna. Om du beh&ouml;ver hj&auml;lp, eller om du saknar l&aring;nekort, <a title=\"Kontakta Musik- och teaterbiblioteket\" href=\"http:\/\/statensmusikverk.se\/musikochteaterbiblioteket\/kontakt\/\">kontakta l&aring;neexpeditionen<\/a>.<\/em><\/p>\n<\/div><\/div><\/div><div id=\"pgc-56-1-1\"  class=\"panel-grid-cell panel-grid-cell-empty\" ><\/div><\/div><div id=\"pg-56-2\"  class=\"panel-grid panel-no-style\" ><div id=\"pgc-56-2-0\"  class=\"panel-grid-cell\" ><div id=\"panel-56-2-0-0\" class=\"so-panel widget widget_headers panel-first-child\" data-index=\"2\" ><div class=\"so-widget-headers so-widget-headers-base\"><h3 id=\"sok-i-onlinekatalogen\">S\u00f6k i onlinekatalogen<\/h3>\n<\/div><\/div><div id=\"panel-56-2-0-1\" class=\"so-panel widget widget_black-studio-tinymce widget_black_studio_tinymce\" data-index=\"3\" ><div class=\"textwidget\"><p>I onlinekatalogen ing&aring;r 65&nbsp;000 av bibliotekets b&ouml;cker, uppsatser och andra texter och 50&nbsp;000 noter (av totalt runt 370&nbsp;000). &Auml;ven ett urval internetresurser, dvd och cd ing&aring;r. Titta g&auml;rna p&aring; bibliotekets <a title=\"S&ouml;ktips\" href=\"http:\/\/statensmusikverk.se\/musikochteaterbiblioteket\/artikel\/soktips\/\">s&ouml;ktips<\/a>&nbsp;innan du b&ouml;rjar s&ouml;ka. <a title=\"Till onlinekatalogen\" href=\"http:\/\/discover.musikverket.se\" target=\"_blank\">Till katalogen<\/a>.<\/p>\n<\/div><\/div><div id=\"panel-56-2-0-2\" class=\"so-panel widget widget_headers\" data-index=\"4\" ><div class=\"so-widget-headers so-widget-headers-base\"><h3 id=\"digitala-kortkataloger\">Digitala kortkataloger<\/h3>\n<\/div><\/div><div id=\"panel-56-2-0-3\" class=\"so-panel widget widget_black-studio-tinymce widget_black_studio_tinymce panel-last-child\" data-index=\"5\" ><div class=\"textwidget\"><p class=\"tajt\">Kortkatalogen f\u00f6r noter till 1985 inneh\u00e5ller tryckta&nbsp;och handskrivna noter som katalogiserats f\u00f6re 1986 med bibliotekets eget klassifikationssystem. Se g\u00e4rna&nbsp;<a title=\"S\u00f6ktips notkatalogen\" href=\"http:\/\/statensmusikverk.se\/musikochteaterbiblioteket\/artikel\/soktips-notkatalogen\/\">s\u00f6ktips f\u00f6r notkatalogen<\/a>.&nbsp;<a title=\"Till kortkatalogen f\u00f6r musiknoter\" href=\"https:\/\/digilellky.musikverket.se\/digilellky.php\">Till notkatalogen<\/a>.&nbsp;<\/p>\n<p>Teaterbibliotekets katalog t\u00e4cker material fr\u00e5n tidigare Drottningholms teatermuseums bibliotek. Den har fyra kategorier: en systematisk del, en alfabetiskt sorterad del samt kategorier f\u00f6r svensk respektive utl\u00e4ndsk dramatik. Se&nbsp;<a title=\"S\u00f6ktips teaterkatalogen\" href=\"\/musikochteaterbiblioteket\/artikel\/soktips-teaterkatalogen\/\">s\u00f6ktips f\u00f6r teaterkatalogen<\/a>.&nbsp;<a title=\"Till teaterbibliotekets katalog\" href=\"https:\/\/digilellky.musikverket.se\/DigiBeijer\/DigiBeijer.php\">Till teaterkatalogen<\/a>.<\/p>\n<p>Bildsamlingen inneh\u00e5ller konstverk med musikmotiv i svenska museer, arkiv, bibliotek och andra institutioner. Studiekopior av konstverken kan best\u00e4llas som l\u00e4sesalsl\u00e5n i bibliotekets lokaler i G\u00e4ddviken, Nacka. <a title=\"Till kortkatalogen f\u00f6r musik i konsten\" href=\"http:\/\/katalog.visarkiv.se\/mtb\/Default.aspx?item=7\">Till konstkatalogen<\/a>.<\/p>\n<\/div><\/div><\/div><div id=\"pgc-56-2-1\"  class=\"panel-grid-cell\" ><div id=\"panel-56-2-1-0\" class=\"so-panel widget widget_headers panel-first-child\" data-index=\"6\" ><div class=\"so-widget-headers so-widget-headers-base\"><h3 id=\"andra-kataloger\">Andra kataloger<\/h3>\n<\/div><\/div><div id=\"panel-56-2-1-1\" class=\"so-panel widget widget_black-studio-tinymce widget_black_studio_tinymce panel-last-child\" data-index=\"7\" ><div class=\"textwidget\"><p>Kortkatalogerna f&ouml;rvaras i magasinen. Personalen hj&auml;lper g&auml;rna till med &nbsp;anv&auml;ndarinformation.<\/p>\n<p>Av litteraturkatalogen finns den alfabetiska avdelningen kvar. Den alfabetiska avdelningen av litteraturkatalogen (uppst&auml;lld p&aring; f&ouml;rfattare och titel) inneh&aring;ller &auml;ven &auml;mnesord. Den som letar efter ett visst &auml;mne eller f&ouml;rfattare kan best&auml;lla upp relevanta delar av katalogen. Katalogen inneh&aring;ller b&ouml;cker, tidskrifter, s&auml;rtryck och till cirka 1965 ett avsev&auml;rt antal artiklar i svenska eller utl&auml;ndska tidskrifter och antologier. S&aring;ngb&ouml;cker (text med enkel melodist&auml;mma) och vissa folkmusikutg&aring;vor i tidigare upplagor kan ha hamnat i litteraturkatalogen. Vissa libretton &aring;terfinns bland litteraturen, uppst&auml;llda efter tons&auml;ttarnamn.<\/p>\n<p>Ut&ouml;ver huvudkatalogerna finns ett antal andra f&ouml;rteckningar &ouml;ver specialsamlingar och raritetsmaterial. F&ouml;r mera utf&ouml;rlig information om dessa, se avsnitten under arkiv, dokumentation och rariteter.<\/p>\n<p>&nbsp;<\/p>\n<\/div><\/div><\/div><\/div><\/div>","protected":false},"excerpt":{"rendered":"<p>Det mesta av bibliotekets material f\u00f6rvaras i magasin och best\u00e4lls fram via v\u00e5ra olika kataloger.<\/p>\n","protected":false},"author":1,"featured_media":311,"parent":0,"menu_order":0,"comment_status":"open","ping_status":"closed","template":"","meta":{"ngg_post_thumbnail":0,"spay_email":""},"categories":[3],"tags":[35,37,36],"yoast_head":"<!-- This site is optimized with the Yoast SEO plugin v16.3 - https:\/\/yoast.com\/wordpress\/plugins\/seo\/ -->\n<meta name=\"robots\" content=\"index, follow, max-snippet:-1, max-image-preview:large, max-video-preview:-1\" \/>\n<link rel=\"canonical\" href=\"https:\/\/musikverket-old.test.consids5.se\/musikochteaterbiblioteket\/kataloger\/\" \/>\n<meta property=\"og:locale\" content=\"sv_SE\" \/>\n<meta property=\"og:type\" content=\"article\" \/>\n<meta property=\"og:title\" content=\"Kataloger - Musik- och teaterbiblioteket\" \/>\n<meta property=\"og:description\" content=\"Det mesta av bibliotekets material f\u00f6rvaras i magasin och best\u00e4lls fram via v\u00e5ra olika kataloger.\" \/>\n<meta property=\"og:url\" content=\"https:\/\/musikverket-old.test.consids5.se\/musikochteaterbiblioteket\/kataloger\/\" \/>\n<meta property=\"og:site_name\" content=\"Musik- och teaterbiblioteket\" \/>\n<meta property=\"article:modified_time\" content=\"2020-06-23T12:20:46+00:00\" \/>\n<meta property=\"og:image\" content=\"https:\/\/musikverket.se\/musikochteaterbiblioteket\/files\/2012\/12\/MTB_onlinekatalog_storloop.png\" \/>\n\t<meta property=\"og:image:width\" content=\"680\" \/>\n\t<meta property=\"og:image:height\" content=\"364\" \/>\n<meta name=\"twitter:label1\" content=\"Ber\u00e4knad l\u00e4stid\">\n\t<meta name=\"twitter:data1\" content=\"2 minuter\">\n<script type=\"application\/ld+json\" class=\"yoast-schema-graph\">{\"@context\":\"https:\/\/schema.org\",\"@graph\":[{\"@type\":\"WebSite\",\"@id\":\"https:\/\/musikverket-old.test.consids5.se\/musikochteaterbiblioteket\/#website\",\"url\":\"https:\/\/musikverket-old.test.consids5.se\/musikochteaterbiblioteket\/\",\"name\":\"Musik- och teaterbiblioteket\",\"description\":\"F\\u00f6rdjupning, kunskap och spelgl\\u00e4dje\",\"potentialAction\":[{\"@type\":\"SearchAction\",\"target\":\"https:\/\/musikverket-old.test.consids5.se\/musikochteaterbiblioteket\/?s={search_term_string}\",\"query-input\":\"required name=search_term_string\"}],\"inLanguage\":\"sv-SE\"},{\"@type\":\"ImageObject\",\"@id\":\"https:\/\/musikverket-old.test.consids5.se\/musikochteaterbiblioteket\/kataloger\/#primaryimage\",\"inLanguage\":\"sv-SE\",\"url\":\"https:\/\/musikverket-old.test.consids5.se\/musikochteaterbiblioteket\/files\/2012\/12\/MTB_onlinekatalog_storloop.png\",\"contentUrl\":\"https:\/\/musikverket-old.test.consids5.se\/musikochteaterbiblioteket\/files\/2012\/12\/MTB_onlinekatalog_storloop.png\",\"width\":\"680\",\"height\":\"364\",\"caption\":\"Kataloger\"},{\"@type\":\"WebPage\",\"@id\":\"https:\/\/musikverket-old.test.consids5.se\/musikochteaterbiblioteket\/kataloger\/#webpage\",\"url\":\"https:\/\/musikverket-old.test.consids5.se\/musikochteaterbiblioteket\/kataloger\/\",\"name\":\"Kataloger - Musik- och teaterbiblioteket\",\"isPartOf\":{\"@id\":\"https:\/\/musikverket-old.test.consids5.se\/musikochteaterbiblioteket\/#website\"},\"primaryImageOfPage\":{\"@id\":\"https:\/\/musikverket-old.test.consids5.se\/musikochteaterbiblioteket\/kataloger\/#primaryimage\"},\"datePublished\":\"2012-01-26T15:26:47+00:00\",\"dateModified\":\"2020-06-23T12:20:46+00:00\",\"breadcrumb\":{\"@id\":\"https:\/\/musikverket-old.test.consids5.se\/musikochteaterbiblioteket\/kataloger\/#breadcrumb\"},\"inLanguage\":\"sv-SE\",\"potentialAction\":[{\"@type\":\"ReadAction\",\"target\":[\"https:\/\/musikverket-old.test.consids5.se\/musikochteaterbiblioteket\/kataloger\/\"]}]},{\"@type\":\"BreadcrumbList\",\"@id\":\"https:\/\/musikverket-old.test.consids5.se\/musikochteaterbiblioteket\/kataloger\/#breadcrumb\",\"itemListElement\":[{\"@type\":\"ListItem\",\"position\":1,\"item\":{\"@type\":\"WebPage\",\"@id\":\"https:\/\/musikverket-old.test.consids5.se\/musikochteaterbiblioteket\/\",\"url\":\"https:\/\/musikverket-old.test.consids5.se\/musikochteaterbiblioteket\/\",\"name\":\"Hem\"}},{\"@type\":\"ListItem\",\"position\":2,\"item\":{\"@id\":\"https:\/\/musikverket-old.test.consids5.se\/musikochteaterbiblioteket\/kataloger\/#webpage\"}}]}]}<\/script>\n<!-- \/ Yoast SEO plugin. -->","jetpack_shortlink":"https:\/\/wp.me\/P2ZwmI-U","jetpack_sharing_enabled":true,"_links":{"self":[{"href":"https:\/\/musikverket-old.test.consids5.se\/musikochteaterbiblioteket\/wp-json\/wp\/v2\/pages\/56"}],"collection":[{"href":"https:\/\/musikverket-old.test.consids5.se\/musikochteaterbiblioteket\/wp-json\/wp\/v2\/pages"}],"about":[{"href":"https:\/\/musikverket-old.test.consids5.se\/musikochteaterbiblioteket\/wp-json\/wp\/v2\/types\/page"}],"author":[{"embeddable":true,"href":"https:\/\/musikverket-old.test.consids5.se\/musikochteaterbiblioteket\/wp-json\/wp\/v2\/users\/1"}],"replies":[{"embeddable":true,"href":"https:\/\/musikverket-old.test.consids5.se\/musikochteaterbiblioteket\/wp-json\/wp\/v2\/comments?post=56"}],"version-history":[{"count":0,"href":"https:\/\/musikverket-old.test.consids5.se\/musikochteaterbiblioteket\/wp-json\/wp\/v2\/pages\/56\/revisions"}],"wp:featuredmedia":[{"embeddable":true,"href":"https:\/\/musikverket-old.test.consids5.se\/musikochteaterbiblioteket\/wp-json\/wp\/v2\/media\/311"}],"wp:attachment":[{"href":"https:\/\/musikverket-old.test.consids5.se\/musikochteaterbiblioteket\/wp-json\/wp\/v2\/media?parent=56"}],"wp:term":[{"taxonomy":"category","embeddable":true,"href":"https:\/\/musikverket-old.test.consids5.se\/musikochteaterbiblioteket\/wp-json\/wp\/v2\/categories?post=56"},{"taxonomy":"post_tag","embeddable":true,"href":"https:\/\/musikverket-old.test.consids5.se\/musikochteaterbiblioteket\/wp-json\/wp\/v2\/tags?post=56"}],"curies":[{"name":"wp","href":"https:\/\/api.w.org\/{rel}","templated":true}]}}