{"id":5946,"date":"2012-05-09T13:58:53","date_gmt":"2012-05-09T11:58:53","guid":{"rendered":"http:\/\/statensmusikverk.se\/musikochteaterbiblioteket\/lana-2\/"},"modified":"2016-02-09T14:31:45","modified_gmt":"2016-02-09T13:31:45","slug":"lana","status":"publish","type":"page","link":"https:\/\/musikverket-old.test.consids5.se\/musikochteaterbiblioteket\/lana\/?lang=en","title":{"rendered":"Library card"},"content":{"rendered":"<div id=\"pl-5946\"  class=\"panel-layout\" ><div id=\"pg-5946-0\"  class=\"panel-grid panel-no-style\" ><div id=\"pgc-5946-0-0\"  class=\"panel-grid-cell\" ><div id=\"panel-5946-0-0-0\" class=\"so-panel widget widget_headers panel-first-child\" data-index=\"0\" ><div class=\"so-widget-headers so-widget-headers-base\"><h1 id=\"library-card\">Library card<\/h1>\n<\/div><\/div><div id=\"panel-5946-0-0-1\" class=\"so-panel widget widget_black-studio-tinymce widget_black_studio_tinymce panel-last-child\" data-index=\"1\" ><div class=\"textwidget\"><p class=\"Default\"><em>The library card gives access to 50,000 books on music history, 70,000 books on theatre, dance and opera, and nearly 400,000 musical scores and much more.<\/em><\/p>\n<\/div><\/div><\/div><\/div><div id=\"pg-5946-1\"  class=\"panel-grid panel-no-style\" ><div id=\"pgc-5946-1-0\"  class=\"panel-grid-cell\" ><div id=\"panel-5946-1-0-0\" class=\"so-panel widget widget_headers panel-first-child\" data-index=\"2\" ><div class=\"so-widget-headers so-widget-headers-base\"><h3 id=\"obtaining-a-library-card\">Obtaining a library card<\/h3>\n<\/div><\/div><div id=\"panel-5946-1-0-1\" class=\"so-panel widget widget_black-studio-tinymce widget_black_studio_tinymce panel-last-child\" data-index=\"3\" ><div class=\"textwidget\"><p class=\"Default\">To obtain a library card, identification is required and the filling out of a loan contract. Persons under 16 require a parental signature. Library cards are available free of charge.&nbsp;<\/p>\n<p class=\"Default\">Foreign nationals may borrow without Swedish identification if they are staying in Sweden for more than three months and show a passport or ID card. Library cards for people without Swedish personal identity are issued for six months at a time.<\/p>\n<p class=\"Default\">If a library card is lost, it is important to contact the library to get it cancelled. The cost of a replacement library card is 40 SEK.<\/p>\n<\/div><\/div><\/div><div id=\"pgc-5946-1-1\"  class=\"panel-grid-cell\" ><div id=\"panel-5946-1-1-0\" class=\"so-panel widget widget_headers panel-first-child\" data-index=\"4\" ><div class=\"so-widget-headers so-widget-headers-base\"><h3 id=\"order-an-extend-your-loans\">Order an extend your loans<\/h3>\n<\/div><\/div><div id=\"panel-5946-1-1-1\" class=\"so-panel widget widget_black-studio-tinymce widget_black_studio_tinymce\" data-index=\"5\" ><div class=\"textwidget\"><p>When filling out the loan registration a four-digit PIN is chosen. This code and the library card number are used as a <a title=\"Log in Online catalogue\" href=\"http:\/\/discover.musikverket.se\/iii\/encore\/home?lang=eng\" target=\"_blank\">log in<\/a>, to order materials for loan, or to keep track of and extend loan times online.<\/p>\n<\/div><\/div><div id=\"panel-5946-1-1-2\" class=\"so-panel widget widget_headers\" data-index=\"6\" ><div class=\"so-widget-headers so-widget-headers-base\"><h3 id=\"access-to-naxos\">Access to Naxos<\/h3>\n<\/div><\/div><div id=\"panel-5946-1-1-3\" class=\"so-panel widget widget_black-studio-tinymce widget_black_studio_tinymce panel-last-child\" data-index=\"7\" ><div class=\"textwidget\"><p class=\"Default\">The library card gives access to streaming music from the <a title=\"Naxos Music Library\" href=\"http:\/\/statens.naxosmusiclibrary.com\/page.library_cardno.asp\" target=\"_blank\">Naxos Music Library<\/a> where 75,000 albums and over 1,450 films are available online. Log on to Naxos by entering your library card number in the box.<\/p>\n<\/div><\/div><\/div><\/div><\/div>","protected":false},"excerpt":{"rendered":"<p>Musik- och teaterbiblioteket \u00e4r b\u00e5de ett forskningsbibliotek och ett allm\u00e4nt bibliotek \u2013 \u00f6ppet f\u00f6r alla.<\/p>\n","protected":false},"author":1,"featured_media":309,"parent":0,"menu_order":0,"comment_status":"open","ping_status":"closed","template":"","meta":{"ngg_post_thumbnail":0,"spay_email":""},"categories":[3],"tags":[],"yoast_head":"<!-- This site is optimized with the Yoast SEO plugin v16.3 - https:\/\/yoast.com\/wordpress\/plugins\/seo\/ -->\n<meta name=\"robots\" content=\"index, follow, max-snippet:-1, max-image-preview:large, max-video-preview:-1\" \/>\n<link rel=\"canonical\" href=\"https:\/\/musikverket-old.test.consids5.se\/musikochteaterbiblioteket\/lana\/\" \/>\n<meta property=\"og:locale\" content=\"sv_SE\" \/>\n<meta property=\"og:type\" content=\"article\" \/>\n<meta property=\"og:title\" content=\"Library card - Musik- och teaterbiblioteket\" \/>\n<meta property=\"og:description\" content=\"Musik- och teaterbiblioteket \u00e4r b\u00e5de ett forskningsbibliotek och ett allm\u00e4nt bibliotek \u2013 \u00f6ppet f\u00f6r alla.\" \/>\n<meta property=\"og:url\" content=\"https:\/\/musikverket-old.test.consids5.se\/musikochteaterbiblioteket\/lana\/?lang=en\" \/>\n<meta property=\"og:site_name\" content=\"Musik- och teaterbiblioteket\" \/>\n<meta property=\"article:modified_time\" content=\"2016-02-09T13:31:45+00:00\" \/>\n<meta property=\"og:image\" content=\"https:\/\/musikverket.se\/musikochteaterbiblioteket\/files\/2012\/12\/MTB_lana_storloop.png\" \/>\n\t<meta property=\"og:image:width\" content=\"680\" \/>\n\t<meta property=\"og:image:height\" content=\"364\" \/>\n<meta name=\"twitter:label1\" content=\"Ber\u00e4knad l\u00e4stid\">\n\t<meta name=\"twitter:data1\" content=\"1 minut\">\n<script type=\"application\/ld+json\" class=\"yoast-schema-graph\">{\"@context\":\"https:\/\/schema.org\",\"@graph\":[{\"@type\":\"WebSite\",\"@id\":\"https:\/\/musikverket-old.test.consids5.se\/musikochteaterbiblioteket\/#website\",\"url\":\"https:\/\/musikverket-old.test.consids5.se\/musikochteaterbiblioteket\/\",\"name\":\"Musik- och teaterbiblioteket\",\"description\":\"F\\u00f6rdjupning, kunskap och spelgl\\u00e4dje\",\"potentialAction\":[{\"@type\":\"SearchAction\",\"target\":\"https:\/\/musikverket-old.test.consids5.se\/musikochteaterbiblioteket\/?s={search_term_string}\",\"query-input\":\"required name=search_term_string\"}],\"inLanguage\":\"sv-SE\"},{\"@type\":\"ImageObject\",\"@id\":\"https:\/\/musikverket-old.test.consids5.se\/musikochteaterbiblioteket\/lana\/?lang=en#primaryimage\",\"inLanguage\":\"sv-SE\",\"url\":\"https:\/\/musikverket-old.test.consids5.se\/musikochteaterbiblioteket\/files\/2012\/12\/MTB_lana_storloop.png\",\"contentUrl\":\"https:\/\/musikverket-old.test.consids5.se\/musikochteaterbiblioteket\/files\/2012\/12\/MTB_lana_storloop.png\",\"width\":\"680\",\"height\":\"364\",\"caption\":\"L\\u00e5na. Foto: Miki Anagrius\"},{\"@type\":\"WebPage\",\"@id\":\"https:\/\/musikverket-old.test.consids5.se\/musikochteaterbiblioteket\/lana\/?lang=en#webpage\",\"url\":\"https:\/\/musikverket-old.test.consids5.se\/musikochteaterbiblioteket\/lana\/?lang=en\",\"name\":\"Library card - Musik- och teaterbiblioteket\",\"isPartOf\":{\"@id\":\"https:\/\/musikverket-old.test.consids5.se\/musikochteaterbiblioteket\/#website\"},\"primaryImageOfPage\":{\"@id\":\"https:\/\/musikverket-old.test.consids5.se\/musikochteaterbiblioteket\/lana\/?lang=en#primaryimage\"},\"datePublished\":\"2012-05-09T11:58:53+00:00\",\"dateModified\":\"2016-02-09T13:31:45+00:00\",\"breadcrumb\":{\"@id\":\"https:\/\/musikverket-old.test.consids5.se\/musikochteaterbiblioteket\/lana\/?lang=en#breadcrumb\"},\"inLanguage\":\"sv-SE\",\"potentialAction\":[{\"@type\":\"ReadAction\",\"target\":[\"https:\/\/musikverket-old.test.consids5.se\/musikochteaterbiblioteket\/lana\/?lang=en\"]}]},{\"@type\":\"BreadcrumbList\",\"@id\":\"https:\/\/musikverket-old.test.consids5.se\/musikochteaterbiblioteket\/lana\/?lang=en#breadcrumb\",\"itemListElement\":[{\"@type\":\"ListItem\",\"position\":1,\"item\":{\"@type\":\"WebPage\",\"@id\":\"https:\/\/musikverket-old.test.consids5.se\/musikochteaterbiblioteket\/\",\"url\":\"https:\/\/musikverket-old.test.consids5.se\/musikochteaterbiblioteket\/\",\"name\":\"Hem\"}},{\"@type\":\"ListItem\",\"position\":2,\"item\":{\"@id\":\"https:\/\/musikverket-old.test.consids5.se\/musikochteaterbiblioteket\/lana\/?lang=en#webpage\"}}]}]}<\/script>\n<!-- \/ Yoast SEO plugin. -->","jetpack_shortlink":"https:\/\/wp.me\/P2ZwmI-1xU","jetpack_sharing_enabled":true,"_links":{"self":[{"href":"https:\/\/musikverket-old.test.consids5.se\/musikochteaterbiblioteket\/wp-json\/wp\/v2\/pages\/5946"}],"collection":[{"href":"https:\/\/musikverket-old.test.consids5.se\/musikochteaterbiblioteket\/wp-json\/wp\/v2\/pages"}],"about":[{"href":"https:\/\/musikverket-old.test.consids5.se\/musikochteaterbiblioteket\/wp-json\/wp\/v2\/types\/page"}],"author":[{"embeddable":true,"href":"https:\/\/musikverket-old.test.consids5.se\/musikochteaterbiblioteket\/wp-json\/wp\/v2\/users\/1"}],"replies":[{"embeddable":true,"href":"https:\/\/musikverket-old.test.consids5.se\/musikochteaterbiblioteket\/wp-json\/wp\/v2\/comments?post=5946"}],"version-history":[{"count":0,"href":"https:\/\/musikverket-old.test.consids5.se\/musikochteaterbiblioteket\/wp-json\/wp\/v2\/pages\/5946\/revisions"}],"wp:featuredmedia":[{"embeddable":true,"href":"https:\/\/musikverket-old.test.consids5.se\/musikochteaterbiblioteket\/wp-json\/wp\/v2\/media\/309"}],"wp:attachment":[{"href":"https:\/\/musikverket-old.test.consids5.se\/musikochteaterbiblioteket\/wp-json\/wp\/v2\/media?parent=5946"}],"wp:term":[{"taxonomy":"category","embeddable":true,"href":"https:\/\/musikverket-old.test.consids5.se\/musikochteaterbiblioteket\/wp-json\/wp\/v2\/categories?post=5946"},{"taxonomy":"post_tag","embeddable":true,"href":"https:\/\/musikverket-old.test.consids5.se\/musikochteaterbiblioteket\/wp-json\/wp\/v2\/tags?post=5946"}],"curies":[{"name":"wp","href":"https:\/\/api.w.org\/{rel}","templated":true}]}}