{"id":9313,"date":"2018-01-16T15:10:41","date_gmt":"2018-01-16T14:10:41","guid":{"rendered":"http:\/\/musikverket.se\/musikochteaterbiblioteket\/?page_id=9313"},"modified":"2018-02-14T11:31:58","modified_gmt":"2018-02-14T10:31:58","slug":"utvalda-rariteter","status":"publish","type":"page","link":"https:\/\/musikverket-old.test.consids5.se\/musikochteaterbiblioteket\/rariteter\/utvalda-rariteter\/","title":{"rendered":"Utvalda rariteter"},"content":{"rendered":"<div id=\"pl-9313\"  class=\"panel-layout\" ><div id=\"pg-9313-0\"  class=\"panel-grid panel-no-style\" ><div id=\"pgc-9313-0-0\"  class=\"panel-grid-cell\" ><div id=\"panel-9313-0-0-0\" class=\"so-panel widget widget_headers panel-first-child panel-last-child\" data-index=\"0\" ><div class=\"so-widget-headers so-widget-headers-base\"><h1 id=\"utvalda-rariteter\">Utvalda rariteter<\/h1>\n<\/div><\/div><\/div><\/div><div id=\"pg-9313-1\"  class=\"panel-grid panel-no-style\" ><div id=\"pgc-9313-1-0\"  class=\"panel-grid-cell panel-grid-cell-mobile-last\" ><div id=\"panel-9313-1-0-0\" class=\"so-panel widget widget_black-studio-tinymce widget_black_studio_tinymce panel-first-child panel-last-child\" data-index=\"1\" ><div class=\"textwidget\"><div class=\"puff-text\">\n<p>I Musik- och teaterbibliotekets raritetssamlingar finns noter i tryck och handskrift, b\u00f6cker och tidskrifter fr\u00e4mst fr\u00e5n 1500\u20131800-talen, fotografier och konst.&nbsp;Den \u00e4ldsta handskriften \u00e4r ett vikt blad med kyrkomusik fr\u00e5n mitten av 1100-talet. Samlingarna uppg\u00e5r i dag till cirka 30&nbsp;000 enheter, d\u00e4rtill kommer en brevsamling om cirka 15&nbsp;000 brev.<\/p>\n<\/div>\n<p>H\u00e4r presenteras ett urval av rariteter fr\u00e5n samlingarna.<\/p>\n<\/div><\/div><\/div><div id=\"pgc-9313-1-1\"  class=\"panel-grid-cell panel-grid-cell-empty\" ><\/div><\/div><div id=\"pg-9313-2\"  class=\"panel-grid panel-no-style\" ><div id=\"pgc-9313-2-0\"  class=\"panel-grid-cell\" ><div id=\"panel-9313-2-0-0\" class=\"so-panel widget widget_puff_widget panel-first-child panel-last-child\" data-index=\"2\" >\t\t\t<div class=\"inner with_title with_text with_picture with_link\" >\r\n\t\t\t<a href=\"\/musikochteaterbiblioteket\/rariteter\/utvalda-rariteter\/inga-tidblads-resedagbok\/\">\t\t\t<div class=\"puff-picture\"><img src=\"\/musikochteaterbiblioteket\/files\/2018\/01\/tidblad-puff.jpg\" alt=\"Puff Picture\" \/><\/div>\t\t\t<h4>Inga Tidblads resedagbok<\/h4>\t\t\t<div class=\"puff-text\">Inga Tidblad var en av sin tids stora sk\u00e5despelare. I hennes resedagbok kan vi l\u00e4sa om teaterf\u00f6rest\u00e4llningar hon s\u00e5g p\u00e5 sina resor \u2013 b\u00e5de de hon hissade och dissade. <\/div>\t\t\t<\/a>\t\t\t<\/div>\r\n\t\t<\/div><\/div><div id=\"pgc-9313-2-1\"  class=\"panel-grid-cell\" ><div id=\"panel-9313-2-1-0\" class=\"so-panel widget widget_puff_widget panel-first-child panel-last-child\" data-index=\"3\" >\t\t\t<div class=\"inner with_title with_text with_picture with_link\" >\r\n\t\t\t<a href=\"\/musikochteaterbiblioteket\/rariteter\/utvalda-rariteter\/ernst-rolfs-jubileumsrevy-1928\/\">\t\t\t<div class=\"puff-picture\"><img src=\"\/musikochteaterbiblioteket\/files\/2018\/01\/Ernst-Rolf.jpg\" alt=\"Puff Picture\" \/><\/div>\t\t\t<h4>Ernst Rolfs Jubileumsrevy 1928<\/h4>\t\t\t<div class=\"puff-text\">I Ernst Rolfs Jubileumsrevy fr\u00e5n 1928 sj\u00f6ng Alfhild \u201dBullan\u201d Weijden foxtrotvisan Det bor i varje hj\u00e4rta en liten amorin, skriven av George Enders. Jubileumsrevyn skapades f\u00f6r att fira att det var 20 \u00e5r sedan Ernst Rolf f\u00f6r f\u00f6rsta g\u00e5ngen kom till Stockholm. <\/div>\t\t\t<\/a>\t\t\t<\/div>\r\n\t\t<\/div><\/div><div id=\"pgc-9313-2-2\"  class=\"panel-grid-cell\" ><div id=\"panel-9313-2-2-0\" class=\"so-panel widget widget_puff_widget panel-first-child panel-last-child\" data-index=\"4\" >\t\t\t<div class=\"inner with_title with_text with_picture with_link\" >\r\n\t\t\t<a href=\"\/musikochteaterbiblioteket\/rariteter\/utvalda-rariteter\/da-foll-skottet\/\">\t\t\t<div class=\"puff-picture\"><img src=\"\/musikochteaterbiblioteket\/files\/2018\/02\/Gustav-III-puff.jpg\" alt=\"Puff Picture\" \/><\/div>\t\t\t<h4>D\u00e5 f\u00f6ll skottet<\/h4>\t\t\t<div class=\"puff-text\">Maskeradbal p\u00e5 Operan 1792. En orkester spelar. Pl\u00f6tsligt ljuder ett pistolskott. Kungen \u00e4r tr\u00e4ffad och musiken tystnar. Men vad var det som spelades? Hur l\u00e5ngt i noterna hann man innan skottet f\u00f6ll? <\/div>\t\t\t<\/a>\t\t\t<\/div>\r\n\t\t<\/div><\/div><div id=\"pgc-9313-2-3\"  class=\"panel-grid-cell panel-grid-cell-mobile-last\" ><div id=\"panel-9313-2-3-0\" class=\"so-panel widget widget_puff_widget panel-first-child panel-last-child\" data-index=\"5\" >\t\t\t<div class=\"inner with_title with_text with_picture with_link\" >\r\n\t\t\t<a href=\"\/musikochteaterbiblioteket\/rariteter\/utvalda-rariteter\/fylkingens-arkiv\/\">\t\t\t<div class=\"puff-picture\"><img src=\"\/musikochteaterbiblioteket\/files\/2018\/01\/fylkingen.jpg\" alt=\"Puff Picture\" \/><\/div>\t\t\t<h4>Fylkingens arkiv<\/h4>\t\t\t<div class=\"puff-text\">Fylkingen, v\u00e4rldens \u00e4ldsta \u00e4nnu existerande f\u00f6rening f\u00f6r ny musik, sk\u00e4nkte sitt historiska arkiv till Musik- och teaterbiblioteket 2009. Arkivleveransen som bestod av bland annat protokoll, korrespondens, konsertprogram, affischer och pressklipp finns att tillg\u00e5 i bibliotekets arkiv.<\/div>\t\t\t<\/a>\t\t\t<\/div>\r\n\t\t<\/div><\/div><div id=\"pgc-9313-2-4\"  class=\"panel-grid-cell panel-grid-cell-empty\" ><\/div><\/div><div id=\"pg-9313-3\"  class=\"panel-grid panel-no-style\" ><div id=\"pgc-9313-3-0\"  class=\"panel-grid-cell\" ><div id=\"panel-9313-3-0-0\" class=\"so-panel widget widget_puff_widget panel-first-child panel-last-child\" data-index=\"6\" >\t\t\t<div class=\"inner with_title with_text with_picture with_link\" >\r\n\t\t\t<a href=\"\/musikochteaterbiblioteket\/rariteter\/utvalda-rariteter\/en-kasperteaterbok-med-rorliga-bilder\/\">\t\t\t<div class=\"puff-picture\"><img src=\"\/musikochteaterbiblioteket\/files\/2018\/01\/Kasper.jpg\" alt=\"Puff Picture\" \/><\/div>\t\t\t<h4>Kasperteaterbok med r\u00f6rliga bilder<\/h4>\t\t\t<div class=\"puff-text\">Den fr\u00e4cka och skr\u00e4niga fiktiva personen Kasper har funnits i Sverige sedan 1700-talet. Kasperteatern var uppskattad av b\u00e5de vuxna och barn, och n\u00e4r bilderb\u00f6cker f\u00f6r barn blev allt vanligare under 1800-talet s\u00e5 gjorde Kasper debut \u00e4ven i b\u00f6ckernas v\u00e4rld.<\/div>\t\t\t<\/a>\t\t\t<\/div>\r\n\t\t<\/div><\/div><div id=\"pgc-9313-3-1\"  class=\"panel-grid-cell\" ><div id=\"panel-9313-3-1-0\" class=\"so-panel widget widget_puff_widget panel-first-child panel-last-child\" data-index=\"7\" >\t\t\t<div class=\"inner with_title with_text with_picture with_link\" >\r\n\t\t\t<a href=\"\/musikochteaterbiblioteket\/rariteter\/utvalda-rariteter\/aarstiderne\/\">\t\t\t<div class=\"puff-picture\"><img src=\"\/musikochteaterbiblioteket\/files\/2018\/01\/aarstiderne.jpg\" alt=\"Puff Picture\" \/><\/div>\t\t\t<h4>Tjajkovskijs tolv \u00e5rstider<\/h4>\t\t\t<div class=\"puff-text\">I den ryske tons\u00e4ttaren Peter Tjajkovskijs pianoverk \u00c5rstiderna \u00e4r \u00e5rstiderna tolv, inte fyra. Verket skapades 1881 och best\u00e5r av 12 pianostycken, ett vardera f\u00f6r \u00e5rets alla m\u00e5nader. Verket finns i m\u00e5nga utg\u00e5vor, ett flertal av dem finns i Musik- och teaterbibliotekets samlingar. <\/div>\t\t\t<\/a>\t\t\t<\/div>\r\n\t\t<\/div><\/div><div id=\"pgc-9313-3-2\"  class=\"panel-grid-cell\" ><div id=\"panel-9313-3-2-0\" class=\"so-panel widget widget_puff_widget panel-first-child panel-last-child\" data-index=\"8\" >\t\t\t<div class=\"inner with_title with_text with_picture with_link\" >\r\n\t\t\t<a href=\"\/musikochteaterbiblioteket\/rariteter\/utvalda-rariteter\/ett-kalejdoskop-for-orat\/\">\t\t\t<div class=\"puff-picture\"><img src=\"\/musikochteaterbiblioteket\/files\/2018\/02\/Kalejdoskop-puff.jpg\" alt=\"Puff Picture\" \/><\/div>\t\t\t<h4>Ett kalejdoskop f\u00f6r \u00f6rat<\/h4>\t\t\t<div class=\"puff-text\">Sexton tusen biljoner \u00e5r \u2013 s\u00e5 l\u00e5ng tid skulle det ta att i sin helhet spela detta m\u00e4rkliga musikverk. Kaleidakustikon \u00e4r ett musikaliskt t\u00e4rningsspel. Det \u00e4r t\u00e4nkt att vara ett underh\u00e5llande s\u00e4llskapsspel, men syftar \u00e4ven till att ge insikter i konsten att komponera.<\/div>\t\t\t<\/a>\t\t\t<\/div>\r\n\t\t<\/div><\/div><div id=\"pgc-9313-3-3\"  class=\"panel-grid-cell panel-grid-cell-empty panel-grid-cell-mobile-last\" ><\/div><div id=\"pgc-9313-3-4\"  class=\"panel-grid-cell panel-grid-cell-empty\" ><\/div><\/div><\/div>","protected":false},"excerpt":{"rendered":"<p>I Musik- och teaterbibliotekets raritetssamlingar finns noter i tryck och handskrift, b\u00f6cker och tidskrifter fr\u00e4mst fr\u00e5n 1500\u20131800-talen, fotografier och konst.&nbsp;Den \u00e4ldsta handskriften \u00e4r ett vikt blad med kyrkomusik fr\u00e5n mitten av 1100-talet. Samlingarna uppg\u00e5r i dag till cirka 30&nbsp;000 enheter, d\u00e4rtill kommer en brevsamling om cirka 15&nbsp;000 brev.H\u00e4r presenteras ett urval av rariteter fr\u00e5n samlingarna.<\/p>\n","protected":false},"author":70,"featured_media":0,"parent":45,"menu_order":0,"comment_status":"closed","ping_status":"closed","template":"","meta":{"ngg_post_thumbnail":0,"spay_email":""},"categories":[4,3,8],"tags":[15],"yoast_head":"<!-- This site is optimized with the Yoast SEO plugin v16.3 - https:\/\/yoast.com\/wordpress\/plugins\/seo\/ -->\n<meta name=\"robots\" content=\"index, follow, max-snippet:-1, max-image-preview:large, max-video-preview:-1\" \/>\n<link rel=\"canonical\" href=\"https:\/\/musikverket-old.test.consids5.se\/musikochteaterbiblioteket\/rariteter\/utvalda-rariteter\/\" \/>\n<meta property=\"og:locale\" content=\"sv_SE\" \/>\n<meta property=\"og:type\" content=\"article\" \/>\n<meta property=\"og:title\" content=\"Utvalda rariteter - Musik- och teaterbiblioteket\" \/>\n<meta property=\"og:description\" content=\"I Musik- och teaterbibliotekets raritetssamlingar finns noter i tryck och handskrift, b\u00f6cker och tidskrifter fr\u00e4mst fr\u00e5n 1500\u20131800-talen, fotografier och konst.&nbsp;Den \u00e4ldsta handskriften \u00e4r ett vikt blad med kyrkomusik fr\u00e5n mitten av 1100-talet. Samlingarna uppg\u00e5r i dag till cirka 30&nbsp;000 enheter, d\u00e4rtill kommer en brevsamling om cirka 15&nbsp;000 brev.H\u00e4r presenteras ett urval av rariteter fr\u00e5n samlingarna.\" \/>\n<meta property=\"og:url\" content=\"https:\/\/musikverket-old.test.consids5.se\/musikochteaterbiblioteket\/rariteter\/utvalda-rariteter\/\" \/>\n<meta property=\"og:site_name\" content=\"Musik- och teaterbiblioteket\" \/>\n<meta property=\"article:modified_time\" content=\"2018-02-14T10:31:58+00:00\" \/>\n<meta name=\"twitter:label1\" content=\"Ber\u00e4knad l\u00e4stid\">\n\t<meta name=\"twitter:data1\" content=\"1 minut\">\n<script type=\"application\/ld+json\" class=\"yoast-schema-graph\">{\"@context\":\"https:\/\/schema.org\",\"@graph\":[{\"@type\":\"WebSite\",\"@id\":\"https:\/\/musikverket-old.test.consids5.se\/musikochteaterbiblioteket\/#website\",\"url\":\"https:\/\/musikverket-old.test.consids5.se\/musikochteaterbiblioteket\/\",\"name\":\"Musik- och teaterbiblioteket\",\"description\":\"F\\u00f6rdjupning, kunskap och spelgl\\u00e4dje\",\"potentialAction\":[{\"@type\":\"SearchAction\",\"target\":\"https:\/\/musikverket-old.test.consids5.se\/musikochteaterbiblioteket\/?s={search_term_string}\",\"query-input\":\"required name=search_term_string\"}],\"inLanguage\":\"sv-SE\"},{\"@type\":\"WebPage\",\"@id\":\"https:\/\/musikverket-old.test.consids5.se\/musikochteaterbiblioteket\/rariteter\/utvalda-rariteter\/#webpage\",\"url\":\"https:\/\/musikverket-old.test.consids5.se\/musikochteaterbiblioteket\/rariteter\/utvalda-rariteter\/\",\"name\":\"Utvalda rariteter - Musik- och teaterbiblioteket\",\"isPartOf\":{\"@id\":\"https:\/\/musikverket-old.test.consids5.se\/musikochteaterbiblioteket\/#website\"},\"datePublished\":\"2018-01-16T14:10:41+00:00\",\"dateModified\":\"2018-02-14T10:31:58+00:00\",\"breadcrumb\":{\"@id\":\"https:\/\/musikverket-old.test.consids5.se\/musikochteaterbiblioteket\/rariteter\/utvalda-rariteter\/#breadcrumb\"},\"inLanguage\":\"sv-SE\",\"potentialAction\":[{\"@type\":\"ReadAction\",\"target\":[\"https:\/\/musikverket-old.test.consids5.se\/musikochteaterbiblioteket\/rariteter\/utvalda-rariteter\/\"]}]},{\"@type\":\"BreadcrumbList\",\"@id\":\"https:\/\/musikverket-old.test.consids5.se\/musikochteaterbiblioteket\/rariteter\/utvalda-rariteter\/#breadcrumb\",\"itemListElement\":[{\"@type\":\"ListItem\",\"position\":1,\"item\":{\"@type\":\"WebPage\",\"@id\":\"https:\/\/musikverket-old.test.consids5.se\/musikochteaterbiblioteket\/\",\"url\":\"https:\/\/musikverket-old.test.consids5.se\/musikochteaterbiblioteket\/\",\"name\":\"Hem\"}},{\"@type\":\"ListItem\",\"position\":2,\"item\":{\"@type\":\"WebPage\",\"@id\":\"https:\/\/musikverket-old.test.consids5.se\/musikochteaterbiblioteket\/rariteter\/\",\"url\":\"https:\/\/musikverket-old.test.consids5.se\/musikochteaterbiblioteket\/rariteter\/\",\"name\":\"Rariteter\"}},{\"@type\":\"ListItem\",\"position\":3,\"item\":{\"@id\":\"https:\/\/musikverket-old.test.consids5.se\/musikochteaterbiblioteket\/rariteter\/utvalda-rariteter\/#webpage\"}}]}]}<\/script>\n<!-- \/ Yoast SEO plugin. -->","jetpack_shortlink":"https:\/\/wp.me\/P2ZwmI-2qd","jetpack_sharing_enabled":true,"_links":{"self":[{"href":"https:\/\/musikverket-old.test.consids5.se\/musikochteaterbiblioteket\/wp-json\/wp\/v2\/pages\/9313"}],"collection":[{"href":"https:\/\/musikverket-old.test.consids5.se\/musikochteaterbiblioteket\/wp-json\/wp\/v2\/pages"}],"about":[{"href":"https:\/\/musikverket-old.test.consids5.se\/musikochteaterbiblioteket\/wp-json\/wp\/v2\/types\/page"}],"author":[{"embeddable":true,"href":"https:\/\/musikverket-old.test.consids5.se\/musikochteaterbiblioteket\/wp-json\/wp\/v2\/users\/70"}],"replies":[{"embeddable":true,"href":"https:\/\/musikverket-old.test.consids5.se\/musikochteaterbiblioteket\/wp-json\/wp\/v2\/comments?post=9313"}],"version-history":[{"count":0,"href":"https:\/\/musikverket-old.test.consids5.se\/musikochteaterbiblioteket\/wp-json\/wp\/v2\/pages\/9313\/revisions"}],"up":[{"embeddable":true,"href":"https:\/\/musikverket-old.test.consids5.se\/musikochteaterbiblioteket\/wp-json\/wp\/v2\/pages\/45"}],"wp:attachment":[{"href":"https:\/\/musikverket-old.test.consids5.se\/musikochteaterbiblioteket\/wp-json\/wp\/v2\/media?parent=9313"}],"wp:term":[{"taxonomy":"category","embeddable":true,"href":"https:\/\/musikverket-old.test.consids5.se\/musikochteaterbiblioteket\/wp-json\/wp\/v2\/categories?post=9313"},{"taxonomy":"post_tag","embeddable":true,"href":"https:\/\/musikverket-old.test.consids5.se\/musikochteaterbiblioteket\/wp-json\/wp\/v2\/tags?post=9313"}],"curies":[{"name":"wp","href":"https:\/\/api.w.org\/{rel}","templated":true}]}}