{"id":9492,"date":"2018-01-16T15:46:56","date_gmt":"2018-01-16T14:46:56","guid":{"rendered":"http:\/\/musikverket.se\/musikochteaterbiblioteket\/?page_id=9492"},"modified":"2018-01-16T15:46:56","modified_gmt":"2018-01-16T14:46:56","slug":"fylkingens-arkiv","status":"publish","type":"page","link":"https:\/\/musikverket-old.test.consids5.se\/musikochteaterbiblioteket\/rariteter\/utvalda-rariteter\/fylkingens-arkiv\/","title":{"rendered":"Fylkingens arkiv"},"content":{"rendered":"<div id=\"pl-9492\"  class=\"panel-layout\" ><div id=\"pg-9492-0\"  class=\"panel-grid panel-no-style\" ><div id=\"pgc-9492-0-0\"  class=\"panel-grid-cell\" ><div id=\"panel-9492-0-0-0\" class=\"so-panel widget widget_headers panel-first-child panel-last-child\" data-index=\"0\" ><div class=\"so-widget-headers so-widget-headers-base\"><h1 id=\"fylkingens-arkiv\">Fylkingens arkiv<\/h1>\n<\/div><\/div><\/div><\/div><div id=\"pg-9492-1\"  class=\"panel-grid panel-no-style\" ><div id=\"pgc-9492-1-0\"  class=\"panel-grid-cell\" ><div id=\"panel-9492-1-0-0\" class=\"so-panel widget widget_black-studio-tinymce widget_black_studio_tinymce panel-first-child panel-last-child\" data-index=\"1\" ><div class=\"textwidget\"><p>2009 sk\u00e4nkte Fylkingen sitt historiska arkiv till Musik- och teaterbiblioteket. F\u00f6reningen grundades \u00e5r 1933 som en kammarmusikf\u00f6rening men har med \u00e5ren blivit en f\u00f6rening f\u00f6r ny musik och intermediakonst. F\u00f6reningen firade sitt 75-\u00e5rsjubileum \u00e5r 2008 och \u00e4r unik s\u00e5tillvida att den \u00e4r v\u00e4rldens \u00e4ldsta \u00e4nnu existerande f\u00f6rening f\u00f6r ny musik.<\/p>\n<p>Arkivleveransen bestod av cirka 6 hyllmeter arkivhandlingar, bland annat protokoll, korrespondens, konsertprogram, affischer, pressklipp och r\u00e4kenskaper. Ljud och bild \u00e4r till stor del ditigaliserat och tillg\u00e4ngligt.<\/p>\n<p>Dessutom finns ytterligare arkivmaterial under bearbetning. Fylkingen \u00e4r fortfarande en verksam f\u00f6rening och arkivet kommer sannolikt att ut\u00f6kas.<\/p>\n<p>I arkivet finns handlingar som speglar Fylkingens verksamhet fr\u00e5n f\u00f6reningens tillkomst fram till \u00f6verl\u00e4mnandet av arkivet, de f\u00f6rsta tio \u00e5ren \u00e4r dock inte lika v\u00e4lrepresenterade i arkivet som senare decennier. Avsikten vid f\u00f6reningens tillkomst var att lyfta fram kammarmusiken p\u00e5 konsertrepertoaren, d\u00e4ribland nutida svensk kammarmusik med \u00e4ven \u00e4ldre musik fr\u00e5n tiden f\u00f6re 1750 och klassiska verk som s\u00e4llan framf\u00f6rdes p\u00e5 konsertscenerna.<\/p>\n<p>Fylkingenn ordnade under de f\u00f6rsta \u00e5ren 6-7 konserter i Konserthusets lilla sal. Efter 1948 blev konsertverksamheten \u00e4nnu mer intensiv. I och med Karl-Birger Blomdahls och Bo Wallners ordf\u00f6randeskap under 1950-talet blev f\u00f6reningens inriktning mer radikal med bland annat tolvtonsmusik och punktmusik p\u00e5 programmet. Samtidigt breddade sig f\u00f6reningen genom att b\u00f6rja ge regelbundna konserter f\u00f6r barn och skolungdom.<\/p>\n<p>\u00c5r 1959 valdes Knut Wiggen till ordf\u00f6rande. Samma \u00e5r utn\u00e4mndes Pontus Hult\u00e9n till intendent p\u00e5 Moderna Museet och kontakter kn\u00f6ts mellan Fylkingen och museet. Fram till 1971 var just Moderna Museet huvudscen f\u00f6r Fylkingen. 1960-talsreperotaren visar ytterligare p\u00e5 en genrem\u00e4ssig breddning med framf\u00f6randen av konkret och elektronisk musik, instrumental teater samt happenings. Fylkingen var under denna tid \u00e4ven drivande bakom tillkomsten av EMS, Elektronmusikstudion i Stockholm, vars arkiv ocks\u00e5 finns i Musik- och teaterbibliotekets samlingar.<\/p>\n<p>Den genrem\u00e4ssiga breddningen har fortsatt sedan 60-talet med exempelvis modern dans, intermediakonst, fri improvisation och bildspel p\u00e5 konserterna. En tendens i dag \u00e4r ett v\u00e4xande intresse f\u00f6r elektronika. Samtidigt str\u00e4var man efter att visa upp en musikalisk och konstn\u00e4rlig m\u00e5ngfald p\u00e5 sina konserter.<\/p>\n<p>Fylkingens historiska utveckling illustreras h\u00e4r genom ett urval konsertprogram h\u00e4mtade fr\u00e5n Fylkingens arkiv.<\/p>\n<p>Arkivet finns i G\u00e4ddviken och \u00e4r \u00f6ppet f\u00f6r forskning.<br \/>Mer om Fylkingens arkiv finns i <a href=\"http:\/\/carkiv.musikverk.se\/www\/epublikationer\/dokumenterat_45.pdf\">P\u00e4r Johanssons text i Dokumenterat 45<\/a>&nbsp;<\/p>\n<p><em>Agnes Sj\u00f6brandt och Kia Hedell<\/em><\/p>\n<p>Not: Informationen i texten \u00e4r huvudsakligen h\u00e4mtad fr\u00e5n <a href=\"http:\/\/www.hz-journal.org\/n4\/hultberg.html\">Teddy Hultbergs artikel Fylkingen<\/a> i n\u00e4ttidskriften HZ, februari 2004 och Bengt Emil Johnsons artikel med samma namn i Sohlmans Musiklexikon, bd 3 (Stockholm 1976), s 28-29<\/p>\n<\/div><\/div><\/div><div id=\"pgc-9492-1-1\"  class=\"panel-grid-cell\" ><div id=\"panel-9492-1-1-0\" class=\"so-panel widget widget_text panel-first-child panel-last-child\" data-index=\"2\" >\t\t\t<div class=\"textwidget\"><p><style type='text\/css'>\n    #ngg-gallery-8896fde21ec624bb6b76163393fbd81b .ngg-pro-masonry-item {\n        margin-bottom: 10px;\n    }\n<\/style>\n<div class=\"ngg-pro-masonry-wrapper\">\n    <div class=\"ngg-pro-masonry-spinner\">\n        <i class='fa fa-spin fa-spinner'><\/i>\n    <\/div>\n    <div class=\"ngg-pro-masonry\" id=\"ngg-gallery-8896fde21ec624bb6b76163393fbd81b\">\n        <div class='ngg-pro-masonry-gutter' style='width: 10px'><\/div>\n        <div class='ngg-pro-masonry-sizer' style='width: 180px'><\/div>\n                    <div class='ngg-pro-masonry-item' style='height: 101px; max-width: 180px;'>\n                <a href=\"https:\/\/musikverket-old.test.consids5.se\/musikochteaterbiblioteket\/wp-content\/blogs.dir\/2\/files\/fylkingen\/fylkingen1_b300.jpg\"\n                   title=\"\"\n                   data-src=\"https:\/\/musikverket-old.test.consids5.se\/musikochteaterbiblioteket\/wp-content\/blogs.dir\/2\/files\/fylkingen\/fylkingen1_b300.jpg\"\n                   data-thumbnail=\"https:\/\/musikverket-old.test.consids5.se\/musikochteaterbiblioteket\/wp-content\/blogs.dir\/2\/files\/fylkingen\/cache\/fylkingen1_b300.jpg-nggid0221-ngg0dyn-180x0-00f0w010c010r110f110r010t010.jpg\"\n                   data-image-id=\"21\"\n                   data-title=\"fylkingen1_b300\"\n                   data-description=\"\"\n                   data-ngg-captions-nostylecopy=\"1\"\n                    class='nextgen_pro_lightbox' data-nplmodal-gallery-id='8896fde21ec624bb6b76163393fbd81b'>\n                    <picture>\n\t\n<source srcset='https:\/\/musikverket-old.test.consids5.se\/musikochteaterbiblioteket\/wp-content\/blogs.dir\/2\/files\/fylkingen\/cache\/fylkingen1_b300.jpg-nggid0221-ngg0dyn-180x0-00f0w010c010r110f110r010t010.jpg' media=''>\n<img title=\"fylkingen1_b300\" alt=\"fylkingen1_b300\" width=\"180\" height=\"101\" style=\"max-width:180px;max-height:101px\" src=\"https:\/\/musikverket-old.test.consids5.se\/musikochteaterbiblioteket\/wp-content\/blogs.dir\/2\/files\/fylkingen\/cache\/fylkingen1_b300.jpg-nggid0221-ngg0dyn-180x0-00f0w010c010r110f110r010t010.jpg\" srcset=\"https:\/\/musikverket-old.test.consids5.se\/musikochteaterbiblioteket\/wp-content\/blogs.dir\/2\/files\/fylkingen\/cache\/fylkingen1_b300.jpg-nggid0221-ngg0dyn-180x0-00f0w010c010r110f110r010t010.jpg\" onerror=\"nggRetryFailedImage(this);\"\/>\n<\/picture>                <\/a>\n            <\/div>\n                                            <div class='ngg-pro-masonry-item' style='height: 57px; max-width: 180px;'>\n                <a href=\"https:\/\/musikverket-old.test.consids5.se\/musikochteaterbiblioteket\/wp-content\/blogs.dir\/2\/files\/fylkingen\/fylkingen2_b900.jpg\"\n                   title=\"\"\n                   data-src=\"https:\/\/musikverket-old.test.consids5.se\/musikochteaterbiblioteket\/wp-content\/blogs.dir\/2\/files\/fylkingen\/fylkingen2_b900.jpg\"\n                   data-thumbnail=\"https:\/\/musikverket-old.test.consids5.se\/musikochteaterbiblioteket\/wp-content\/blogs.dir\/2\/files\/fylkingen\/cache\/fylkingen2_b900.jpg-nggid0222-ngg0dyn-180x0-00f0w010c010r110f110r010t010.jpg\"\n                   data-image-id=\"22\"\n                   data-title=\"fylkingen2_b900\"\n                   data-description=\"\"\n                   data-ngg-captions-nostylecopy=\"1\"\n                    class='nextgen_pro_lightbox' data-nplmodal-gallery-id='8896fde21ec624bb6b76163393fbd81b'>\n                    <picture>\n\t\n<source srcset='https:\/\/musikverket-old.test.consids5.se\/musikochteaterbiblioteket\/wp-content\/blogs.dir\/2\/files\/fylkingen\/cache\/fylkingen2_b900.jpg-nggid0222-ngg0dyn-180x0-00f0w010c010r110f110r010t010.jpg' media=''>\n<img title=\"fylkingen2_b900\" alt=\"fylkingen2_b900\" width=\"180\" height=\"57\" style=\"max-width:180px;max-height:57px\" src=\"https:\/\/musikverket-old.test.consids5.se\/musikochteaterbiblioteket\/wp-content\/blogs.dir\/2\/files\/fylkingen\/cache\/fylkingen2_b900.jpg-nggid0222-ngg0dyn-180x0-00f0w010c010r110f110r010t010.jpg\" srcset=\"https:\/\/musikverket-old.test.consids5.se\/musikochteaterbiblioteket\/wp-content\/blogs.dir\/2\/files\/fylkingen\/cache\/fylkingen2_b900.jpg-nggid0222-ngg0dyn-180x0-00f0w010c010r110f110r010t010.jpg\" onerror=\"nggRetryFailedImage(this);\"\/>\n<\/picture>                <\/a>\n            <\/div>\n                                            <div class='ngg-pro-masonry-item' style='height: 58px; max-width: 180px;'>\n                <a href=\"https:\/\/musikverket-old.test.consids5.se\/musikochteaterbiblioteket\/wp-content\/blogs.dir\/2\/files\/fylkingen\/fylkingen3_b900.jpg\"\n                   title=\"\"\n                   data-src=\"https:\/\/musikverket-old.test.consids5.se\/musikochteaterbiblioteket\/wp-content\/blogs.dir\/2\/files\/fylkingen\/fylkingen3_b900.jpg\"\n                   data-thumbnail=\"https:\/\/musikverket-old.test.consids5.se\/musikochteaterbiblioteket\/wp-content\/blogs.dir\/2\/files\/fylkingen\/cache\/fylkingen3_b900.jpg-nggid0223-ngg0dyn-180x0-00f0w010c010r110f110r010t010.jpg\"\n                   data-image-id=\"23\"\n                   data-title=\"fylkingen3_b900\"\n                   data-description=\"\"\n                   data-ngg-captions-nostylecopy=\"1\"\n                    class='nextgen_pro_lightbox' data-nplmodal-gallery-id='8896fde21ec624bb6b76163393fbd81b'>\n                    <picture>\n\t\n<source srcset='https:\/\/musikverket-old.test.consids5.se\/musikochteaterbiblioteket\/wp-content\/blogs.dir\/2\/files\/fylkingen\/cache\/fylkingen3_b900.jpg-nggid0223-ngg0dyn-180x0-00f0w010c010r110f110r010t010.jpg' media=''>\n<img title=\"fylkingen3_b900\" alt=\"fylkingen3_b900\" width=\"180\" height=\"58\" style=\"max-width:180px;max-height:58px\" src=\"https:\/\/musikverket-old.test.consids5.se\/musikochteaterbiblioteket\/wp-content\/blogs.dir\/2\/files\/fylkingen\/cache\/fylkingen3_b900.jpg-nggid0223-ngg0dyn-180x0-00f0w010c010r110f110r010t010.jpg\" srcset=\"https:\/\/musikverket-old.test.consids5.se\/musikochteaterbiblioteket\/wp-content\/blogs.dir\/2\/files\/fylkingen\/cache\/fylkingen3_b900.jpg-nggid0223-ngg0dyn-180x0-00f0w010c010r110f110r010t010.jpg\" onerror=\"nggRetryFailedImage(this);\"\/>\n<\/picture>                <\/a>\n            <\/div>\n                                            <div class='ngg-pro-masonry-item' style='height: 378px; max-width: 180px;'>\n                <a href=\"https:\/\/musikverket-old.test.consids5.se\/musikochteaterbiblioteket\/wp-content\/blogs.dir\/2\/files\/fylkingen\/fylkingen4_b1000.jpg\"\n                   title=\"\"\n                   data-src=\"https:\/\/musikverket-old.test.consids5.se\/musikochteaterbiblioteket\/wp-content\/blogs.dir\/2\/files\/fylkingen\/fylkingen4_b1000.jpg\"\n                   data-thumbnail=\"https:\/\/musikverket-old.test.consids5.se\/musikochteaterbiblioteket\/wp-content\/blogs.dir\/2\/files\/fylkingen\/cache\/fylkingen4_b1000.jpg-nggid0224-ngg0dyn-180x0-00f0w010c010r110f110r010t010.jpg\"\n                   data-image-id=\"24\"\n                   data-title=\"fylkingen4_b1000\"\n                   data-description=\"\"\n                   data-ngg-captions-nostylecopy=\"1\"\n                    class='nextgen_pro_lightbox' data-nplmodal-gallery-id='8896fde21ec624bb6b76163393fbd81b'>\n                    <picture>\n\t\n<source srcset='https:\/\/musikverket-old.test.consids5.se\/musikochteaterbiblioteket\/wp-content\/blogs.dir\/2\/files\/fylkingen\/cache\/fylkingen4_b1000.jpg-nggid0224-ngg0dyn-180x0-00f0w010c010r110f110r010t010.jpg' media=''>\n<img title=\"fylkingen4_b1000\" alt=\"fylkingen4_b1000\" width=\"180\" height=\"378\" style=\"max-width:180px;max-height:378px\" src=\"https:\/\/musikverket-old.test.consids5.se\/musikochteaterbiblioteket\/wp-content\/blogs.dir\/2\/files\/fylkingen\/cache\/fylkingen4_b1000.jpg-nggid0224-ngg0dyn-180x0-00f0w010c010r110f110r010t010.jpg\" srcset=\"https:\/\/musikverket-old.test.consids5.se\/musikochteaterbiblioteket\/wp-content\/blogs.dir\/2\/files\/fylkingen\/cache\/fylkingen4_b1000.jpg-nggid0224-ngg0dyn-180x0-00f0w010c010r110f110r010t010.jpg\" onerror=\"nggRetryFailedImage(this);\"\/>\n<\/picture>                <\/a>\n            <\/div>\n                                            <div class='ngg-pro-masonry-item' style='height: 259px; max-width: 180px;'>\n                <a href=\"https:\/\/musikverket-old.test.consids5.se\/musikochteaterbiblioteket\/wp-content\/blogs.dir\/2\/files\/fylkingen\/fylkingen5_b800.jpg\"\n                   title=\"\"\n                   data-src=\"https:\/\/musikverket-old.test.consids5.se\/musikochteaterbiblioteket\/wp-content\/blogs.dir\/2\/files\/fylkingen\/fylkingen5_b800.jpg\"\n                   data-thumbnail=\"https:\/\/musikverket-old.test.consids5.se\/musikochteaterbiblioteket\/wp-content\/blogs.dir\/2\/files\/fylkingen\/cache\/fylkingen5_b800.jpg-nggid0225-ngg0dyn-180x0-00f0w010c010r110f110r010t010.jpg\"\n                   data-image-id=\"25\"\n                   data-title=\"fylkingen5_b800\"\n                   data-description=\"\"\n                   data-ngg-captions-nostylecopy=\"1\"\n                    class='nextgen_pro_lightbox' data-nplmodal-gallery-id='8896fde21ec624bb6b76163393fbd81b'>\n                    <picture>\n\t\n<source srcset='https:\/\/musikverket-old.test.consids5.se\/musikochteaterbiblioteket\/wp-content\/blogs.dir\/2\/files\/fylkingen\/cache\/fylkingen5_b800.jpg-nggid0225-ngg0dyn-180x0-00f0w010c010r110f110r010t010.jpg' media=''>\n<img title=\"fylkingen5_b800\" alt=\"fylkingen5_b800\" width=\"180\" height=\"259\" style=\"max-width:180px;max-height:259px\" src=\"https:\/\/musikverket-old.test.consids5.se\/musikochteaterbiblioteket\/wp-content\/blogs.dir\/2\/files\/fylkingen\/cache\/fylkingen5_b800.jpg-nggid0225-ngg0dyn-180x0-00f0w010c010r110f110r010t010.jpg\" srcset=\"https:\/\/musikverket-old.test.consids5.se\/musikochteaterbiblioteket\/wp-content\/blogs.dir\/2\/files\/fylkingen\/cache\/fylkingen5_b800.jpg-nggid0225-ngg0dyn-180x0-00f0w010c010r110f110r010t010.jpg\" onerror=\"nggRetryFailedImage(this);\"\/>\n<\/picture>                <\/a>\n            <\/div>\n                                            <div class='ngg-pro-masonry-item' style='height: 253px; max-width: 180px;'>\n                <a href=\"https:\/\/musikverket-old.test.consids5.se\/musikochteaterbiblioteket\/wp-content\/blogs.dir\/2\/files\/fylkingen\/fylkingen6_b1000.jpg\"\n                   title=\"\"\n                   data-src=\"https:\/\/musikverket-old.test.consids5.se\/musikochteaterbiblioteket\/wp-content\/blogs.dir\/2\/files\/fylkingen\/fylkingen6_b1000.jpg\"\n                   data-thumbnail=\"https:\/\/musikverket-old.test.consids5.se\/musikochteaterbiblioteket\/wp-content\/blogs.dir\/2\/files\/fylkingen\/cache\/fylkingen6_b1000.jpg-nggid0226-ngg0dyn-180x0-00f0w010c010r110f110r010t010.jpg\"\n                   data-image-id=\"26\"\n                   data-title=\"fylkingen6_b1000\"\n                   data-description=\"\"\n                   data-ngg-captions-nostylecopy=\"1\"\n                    class='nextgen_pro_lightbox' data-nplmodal-gallery-id='8896fde21ec624bb6b76163393fbd81b'>\n                    <picture>\n\t\n<source srcset='https:\/\/musikverket-old.test.consids5.se\/musikochteaterbiblioteket\/wp-content\/blogs.dir\/2\/files\/fylkingen\/cache\/fylkingen6_b1000.jpg-nggid0226-ngg0dyn-180x0-00f0w010c010r110f110r010t010.jpg' media=''>\n<img title=\"fylkingen6_b1000\" alt=\"fylkingen6_b1000\" width=\"180\" height=\"253\" style=\"max-width:180px;max-height:253px\" src=\"https:\/\/musikverket-old.test.consids5.se\/musikochteaterbiblioteket\/wp-content\/blogs.dir\/2\/files\/fylkingen\/cache\/fylkingen6_b1000.jpg-nggid0226-ngg0dyn-180x0-00f0w010c010r110f110r010t010.jpg\" srcset=\"https:\/\/musikverket-old.test.consids5.se\/musikochteaterbiblioteket\/wp-content\/blogs.dir\/2\/files\/fylkingen\/cache\/fylkingen6_b1000.jpg-nggid0226-ngg0dyn-180x0-00f0w010c010r110f110r010t010.jpg\" onerror=\"nggRetryFailedImage(this);\"\/>\n<\/picture>                <\/a>\n            <\/div>\n                                            <\/div><\/div><\/p><\/div>\n\t\t<\/div><\/div><\/div><\/div>","protected":false},"excerpt":{"rendered":"<p>2009 sk\u00e4nkte Fylkingen sitt historiska arkiv till Musik- och teaterbiblioteket. F\u00f6reningen grundades \u00e5r 1933 som en kammarmusikf\u00f6rening men har med \u00e5ren blivit en f\u00f6rening f\u00f6r ny musik och intermediakonst. F\u00f6reningen firade sitt 75-\u00e5rsjubileum \u00e5r 2008 och \u00e4r unik s\u00e5tillvida att den \u00e4r v\u00e4rldens \u00e4ldsta \u00e4nnu existerande f\u00f6rening f\u00f6r ny musik.Arkivleveransen bestod av cirka 6 hyllmeter [&hellip;]<\/p>\n","protected":false},"author":70,"featured_media":0,"parent":9313,"menu_order":0,"comment_status":"closed","ping_status":"closed","template":"","meta":{"ngg_post_thumbnail":0,"spay_email":""},"categories":[4,3],"tags":[],"yoast_head":"<!-- This site is optimized with the Yoast SEO plugin v16.3 - https:\/\/yoast.com\/wordpress\/plugins\/seo\/ -->\n<meta name=\"robots\" content=\"index, follow, max-snippet:-1, max-image-preview:large, max-video-preview:-1\" \/>\n<link rel=\"canonical\" href=\"https:\/\/musikverket-old.test.consids5.se\/musikochteaterbiblioteket\/rariteter\/utvalda-rariteter\/fylkingens-arkiv\/\" \/>\n<meta property=\"og:locale\" content=\"sv_SE\" \/>\n<meta property=\"og:type\" content=\"article\" \/>\n<meta property=\"og:title\" content=\"Fylkingens arkiv - Musik- och teaterbiblioteket\" \/>\n<meta property=\"og:description\" content=\"2009 sk\u00e4nkte Fylkingen sitt historiska arkiv till Musik- och teaterbiblioteket. F\u00f6reningen grundades \u00e5r 1933 som en kammarmusikf\u00f6rening men har med \u00e5ren blivit en f\u00f6rening f\u00f6r ny musik och intermediakonst. F\u00f6reningen firade sitt 75-\u00e5rsjubileum \u00e5r 2008 och \u00e4r unik s\u00e5tillvida att den \u00e4r v\u00e4rldens \u00e4ldsta \u00e4nnu existerande f\u00f6rening f\u00f6r ny musik.Arkivleveransen bestod av cirka 6 hyllmeter [&hellip;]\" \/>\n<meta property=\"og:url\" content=\"https:\/\/musikverket-old.test.consids5.se\/musikochteaterbiblioteket\/rariteter\/utvalda-rariteter\/fylkingens-arkiv\/\" \/>\n<meta property=\"og:site_name\" content=\"Musik- och teaterbiblioteket\" \/>\n<meta name=\"twitter:label1\" content=\"Ber\u00e4knad l\u00e4stid\">\n\t<meta name=\"twitter:data1\" content=\"2 minuter\">\n<script type=\"application\/ld+json\" class=\"yoast-schema-graph\">{\"@context\":\"https:\/\/schema.org\",\"@graph\":[{\"@type\":\"WebSite\",\"@id\":\"https:\/\/musikverket-old.test.consids5.se\/musikochteaterbiblioteket\/#website\",\"url\":\"https:\/\/musikverket-old.test.consids5.se\/musikochteaterbiblioteket\/\",\"name\":\"Musik- och teaterbiblioteket\",\"description\":\"F\\u00f6rdjupning, kunskap och spelgl\\u00e4dje\",\"potentialAction\":[{\"@type\":\"SearchAction\",\"target\":\"https:\/\/musikverket-old.test.consids5.se\/musikochteaterbiblioteket\/?s={search_term_string}\",\"query-input\":\"required name=search_term_string\"}],\"inLanguage\":\"sv-SE\"},{\"@type\":\"WebPage\",\"@id\":\"https:\/\/musikverket-old.test.consids5.se\/musikochteaterbiblioteket\/rariteter\/utvalda-rariteter\/fylkingens-arkiv\/#webpage\",\"url\":\"https:\/\/musikverket-old.test.consids5.se\/musikochteaterbiblioteket\/rariteter\/utvalda-rariteter\/fylkingens-arkiv\/\",\"name\":\"Fylkingens arkiv - Musik- och teaterbiblioteket\",\"isPartOf\":{\"@id\":\"https:\/\/musikverket-old.test.consids5.se\/musikochteaterbiblioteket\/#website\"},\"datePublished\":\"2018-01-16T14:46:56+00:00\",\"dateModified\":\"2018-01-16T14:46:56+00:00\",\"breadcrumb\":{\"@id\":\"https:\/\/musikverket-old.test.consids5.se\/musikochteaterbiblioteket\/rariteter\/utvalda-rariteter\/fylkingens-arkiv\/#breadcrumb\"},\"inLanguage\":\"sv-SE\",\"potentialAction\":[{\"@type\":\"ReadAction\",\"target\":[\"https:\/\/musikverket-old.test.consids5.se\/musikochteaterbiblioteket\/rariteter\/utvalda-rariteter\/fylkingens-arkiv\/\"]}]},{\"@type\":\"BreadcrumbList\",\"@id\":\"https:\/\/musikverket-old.test.consids5.se\/musikochteaterbiblioteket\/rariteter\/utvalda-rariteter\/fylkingens-arkiv\/#breadcrumb\",\"itemListElement\":[{\"@type\":\"ListItem\",\"position\":1,\"item\":{\"@type\":\"WebPage\",\"@id\":\"https:\/\/musikverket-old.test.consids5.se\/musikochteaterbiblioteket\/\",\"url\":\"https:\/\/musikverket-old.test.consids5.se\/musikochteaterbiblioteket\/\",\"name\":\"Hem\"}},{\"@type\":\"ListItem\",\"position\":2,\"item\":{\"@type\":\"WebPage\",\"@id\":\"https:\/\/musikverket-old.test.consids5.se\/musikochteaterbiblioteket\/rariteter\/\",\"url\":\"https:\/\/musikverket-old.test.consids5.se\/musikochteaterbiblioteket\/rariteter\/\",\"name\":\"Rariteter\"}},{\"@type\":\"ListItem\",\"position\":3,\"item\":{\"@type\":\"WebPage\",\"@id\":\"https:\/\/musikverket-old.test.consids5.se\/musikochteaterbiblioteket\/rariteter\/utvalda-rariteter\/\",\"url\":\"https:\/\/musikverket-old.test.consids5.se\/musikochteaterbiblioteket\/rariteter\/utvalda-rariteter\/\",\"name\":\"Utvalda rariteter\"}},{\"@type\":\"ListItem\",\"position\":4,\"item\":{\"@id\":\"https:\/\/musikverket-old.test.consids5.se\/musikochteaterbiblioteket\/rariteter\/utvalda-rariteter\/fylkingens-arkiv\/#webpage\"}}]}]}<\/script>\n<!-- \/ Yoast SEO plugin. -->","jetpack_shortlink":"https:\/\/wp.me\/P2ZwmI-2t6","jetpack_sharing_enabled":true,"_links":{"self":[{"href":"https:\/\/musikverket-old.test.consids5.se\/musikochteaterbiblioteket\/wp-json\/wp\/v2\/pages\/9492"}],"collection":[{"href":"https:\/\/musikverket-old.test.consids5.se\/musikochteaterbiblioteket\/wp-json\/wp\/v2\/pages"}],"about":[{"href":"https:\/\/musikverket-old.test.consids5.se\/musikochteaterbiblioteket\/wp-json\/wp\/v2\/types\/page"}],"author":[{"embeddable":true,"href":"https:\/\/musikverket-old.test.consids5.se\/musikochteaterbiblioteket\/wp-json\/wp\/v2\/users\/70"}],"replies":[{"embeddable":true,"href":"https:\/\/musikverket-old.test.consids5.se\/musikochteaterbiblioteket\/wp-json\/wp\/v2\/comments?post=9492"}],"version-history":[{"count":0,"href":"https:\/\/musikverket-old.test.consids5.se\/musikochteaterbiblioteket\/wp-json\/wp\/v2\/pages\/9492\/revisions"}],"up":[{"embeddable":true,"href":"https:\/\/musikverket-old.test.consids5.se\/musikochteaterbiblioteket\/wp-json\/wp\/v2\/pages\/9313"}],"wp:attachment":[{"href":"https:\/\/musikverket-old.test.consids5.se\/musikochteaterbiblioteket\/wp-json\/wp\/v2\/media?parent=9492"}],"wp:term":[{"taxonomy":"category","embeddable":true,"href":"https:\/\/musikverket-old.test.consids5.se\/musikochteaterbiblioteket\/wp-json\/wp\/v2\/categories?post=9492"},{"taxonomy":"post_tag","embeddable":true,"href":"https:\/\/musikverket-old.test.consids5.se\/musikochteaterbiblioteket\/wp-json\/wp\/v2\/tags?post=9492"}],"curies":[{"name":"wp","href":"https:\/\/api.w.org\/{rel}","templated":true}]}}