{"id":981,"date":"2012-05-08T11:51:32","date_gmt":"2012-05-08T09:51:32","guid":{"rendered":"http:\/\/statensmusikverk.se\/musikochteaterbiblioteket\/om-musik-och-teaterbiblioteket\/"},"modified":"2021-07-01T11:50:09","modified_gmt":"2021-07-01T09:50:09","slug":"om-musik-och-teaterbiblioteket","status":"publish","type":"page","link":"https:\/\/musikverket-old.test.consids5.se\/musikochteaterbiblioteket\/om-musik-och-teaterbiblioteket\/?lang=sm","title":{"rendered":"Om Musik- och teaterbiblioteket"},"content":{"rendered":"<div id=\"pl-981\"  class=\"panel-layout\" ><div id=\"pg-981-0\"  class=\"panel-grid panel-no-style\" ><div id=\"pgc-981-0-0\"  class=\"panel-grid-cell\" ><div id=\"panel-981-0-0-0\" class=\"so-panel widget widget_headers panel-first-child panel-last-child\" data-index=\"0\" ><div class=\"so-widget-headers so-widget-headers-base\"><h1 id=\"om-biblioteket\">Om biblioteket<\/h1>\n<\/div><\/div><\/div><\/div><div id=\"pg-981-1\"  class=\"panel-grid panel-no-style\" ><div id=\"pgc-981-1-0\"  class=\"panel-grid-cell panel-grid-cell-mobile-last\" ><div id=\"panel-981-1-0-0\" class=\"so-panel widget widget_black-studio-tinymce widget_black_studio_tinymce panel-first-child\" data-index=\"1\" ><div class=\"textwidget\"><p><em>Musik- och teaterbiblioteket \u00e4r ett allm\u00e4nt bibliotek med stora samlingar f\u00f6r utl\u00e5ning av noter f\u00f6r alla bes\u00e4ttningar och i olika genrer samt litteratur och tidskrifter om musik och teater.<\/em><\/p>\n<\/div><\/div><div id=\"panel-981-1-0-1\" class=\"so-panel widget widget_black-studio-tinymce widget_black_studio_tinymce panel-last-child\" data-index=\"2\" ><div class=\"textwidget\"><p><a href=\"\/musikochteaterbiblioteket\/artikel\/om-musik-och-teaterbiblioteket-teckentolkat\/\">Information p\u00e5 svenskt teckenspr\u00e5k<\/a><br \/>\n<a title=\"Om Musik- och teaterbiblioteket, l\u00e4ttl\u00e4st\" href=\"\/musikochteaterbiblioteket\/artikel\/om-musik-och-teaterbiblioteket\/\">Information p\u00e5 l\u00e4ttl\u00e4st svenska<\/a><\/p>\n<\/div><\/div><\/div><div id=\"pgc-981-1-1\"  class=\"panel-grid-cell panel-grid-cell-empty\" ><\/div><\/div><div id=\"pg-981-2\"  class=\"panel-grid panel-no-style\" ><div id=\"pgc-981-2-0\"  class=\"panel-grid-cell panel-grid-cell-mobile-last\" ><div id=\"panel-981-2-0-0\" class=\"so-panel widget widget_headers panel-first-child\" data-index=\"3\" ><div class=\"so-widget-headers so-widget-headers-base\"><h3 id=\"valkommen-att-lana\">V\u00e4lkommen att l\u00e5na<\/h3>\n<\/div><\/div><div id=\"panel-981-2-0-1\" class=\"so-panel widget widget_black-studio-tinymce widget_black_studio_tinymce\" data-index=\"4\" ><div class=\"textwidget\"><p>Som l\u00e5ntagare kan du v\u00e4lja bland 120&nbsp;000 b\u00f6cker, 378&nbsp;000 noter, 40 000 pj\u00e4smanus, massor av dramatik, 200 tidskrifter samt cd och dvd. L\u00e5nekortet ger dessutom gratis tillg\u00e5ng till Naxos hela samling av cd och filmer.&nbsp;&nbsp;<\/p>\n<p>I referensbiblioteket kan bes\u00f6kare p\u00e5 plats ta del av och f\u00f6r eget bruk kopiera uppslagsverk, noter, arkiv, tidskrifter och onlineresurser.<\/p>\n<p>Den som beh\u00f6ver hj\u00e4lp med avancerad s\u00f6kning kan boka en bibliotekarie.<\/p>\n<p><a title=\"\" href=\"\/musikochteaterbiblioteket\/artikel\/sa-behandlar-musik-och-teaterbiblioteket-personuppgifter\/\">S\u00e5 behandlar vi personuppgifter<\/a><\/p>\n<\/div><\/div><div id=\"panel-981-2-0-2\" class=\"so-panel widget widget_headers\" data-index=\"5\" ><div class=\"so-widget-headers so-widget-headers-base\"><h3 id=\"musik\">Musik<\/h3>\n<\/div><\/div><div id=\"panel-981-2-0-3\" class=\"so-panel widget widget_black-studio-tinymce widget_black_studio_tinymce\" data-index=\"6\" ><div class=\"textwidget\"><p>Biblioteket \u00e4r ett av Europas st\u00f6rsta forskningsbibliotek inom musikomr\u00e5det med rika samlingar av \u00e4ldre tryck (1600\u20131800-tal) och handskrifter, bland annat flertalet betydande svenska tons\u00e4ttares originalmanuskript.<\/p>\n<\/div><\/div><div id=\"panel-981-2-0-4\" class=\"so-panel widget widget_headers\" data-index=\"7\" ><div class=\"so-widget-headers so-widget-headers-base\"><h3 id=\"teater\">Teater<\/h3>\n<\/div><\/div><div id=\"panel-981-2-0-5\" class=\"so-panel widget widget_black-studio-tinymce widget_black_studio_tinymce\" data-index=\"8\" ><div class=\"textwidget\"><p>Sedan 2010 ing&aring;r Sveriges Teatermuseums bibliotek och arkiv i Musik- och teaterbiblioteket. Biblioteket &auml;r ett av norra Europas st&ouml;rsta specialbibliotek f&ouml;r teater och dans.&nbsp; Med drygt 73 000 volymer &aring;terspeglar boksamlingen vad som skrivits f&ouml;r och om teater i vid mening de senaste 500 &aring;ren.<\/p>\n<\/div><\/div><div id=\"panel-981-2-0-6\" class=\"so-panel widget widget_headers\" data-index=\"9\" ><div class=\"so-widget-headers so-widget-headers-base\"><h3 id=\"bibliotekets-historia\">Bibliotekets historia<\/h3>\n<\/div><\/div><div id=\"panel-981-2-0-7\" class=\"so-panel widget widget_black-studio-tinymce widget_black_studio_tinymce\" data-index=\"10\" ><div class=\"textwidget\"><p>Musik- och teaterbiblioteket var ursprungligen Kungliga Musikaliska Akademiens bibliotek. Biblioteket har en 250-\u00e5rig historia och samlingarna g\u00e5r tillbaka till den gustavianska epoken.&nbsp;<\/p>\n<p><a title=\"Bibliotekets historia\" href=\"\/musikochteaterbiblioteket\/om-musik-och-teaterbiblioteket\/historia\/\">L\u00e4s mer om bibliotekets historia<\/a><\/p>\n<\/div><\/div><div id=\"panel-981-2-0-8\" class=\"so-panel widget widget_headers\" data-index=\"11\" ><div class=\"so-widget-headers so-widget-headers-base\"><h3 id=\"spela-pa-musik-och-teaterbiblioteket\">Spela p\u00e5 Musik- och teaterbiblioteket<\/h3>\n<\/div><\/div><div id=\"panel-981-2-0-9\" class=\"so-panel widget widget_black-studio-tinymce widget_black_studio_tinymce panel-last-child\" data-index=\"12\" ><div class=\"textwidget\"><p>Musik- och teaterbiblioteket vill ge plats f\u00f6r ungdomar att musicera och framtr\u00e4da i bibliotekets lokaler samt i samband med detta lyfta fram bibliotekets samlingar f\u00f6r en yngre publik. Biblioteket har bland annat haft flera konserter med elever fr\u00e5n musiklinjer p\u00e5 olika folkh\u00f6gskolor runt om i landet. Vill du och\/eller din grupp komma och spela p\u00e5 biblioteket,  <a title=\"exp@musikverket.se\" href=\"mailto:exp@musikverket.se\" target=\"_blank\"> kontakta oss via mail.<br \/>\n<\/a><\/p>\n<\/div><\/div><\/div><div id=\"pgc-981-2-1\"  class=\"panel-grid-cell panel-grid-cell-empty\" ><\/div><\/div><\/div>","protected":false},"excerpt":{"rendered":"<p>Musik- och teaterbiblioteket \u00e4r ett allm\u00e4nt bibliotek med stora samlingar f\u00f6r utl\u00e5ning av noter f\u00f6r alla bes\u00e4ttningar och i olika genrer samt litteratur och tidskrifter om musik och teater. Information p\u00e5 svenskt teckenspr\u00e5k Information p\u00e5 l\u00e4ttl\u00e4st svenska<\/p>\n","protected":false},"author":1,"featured_media":0,"parent":0,"menu_order":0,"comment_status":"open","ping_status":"closed","template":"","meta":{"ngg_post_thumbnail":0,"spay_email":""},"categories":[3],"tags":[119],"yoast_head":"<!-- This site is optimized with the Yoast SEO plugin v16.3 - https:\/\/yoast.com\/wordpress\/plugins\/seo\/ -->\n<meta name=\"robots\" content=\"index, follow, max-snippet:-1, max-image-preview:large, max-video-preview:-1\" \/>\n<link rel=\"canonical\" href=\"https:\/\/musikverket-old.test.consids5.se\/musikochteaterbiblioteket\/om-musik-och-teaterbiblioteket\/\" \/>\n<meta property=\"og:locale\" content=\"sv_SE\" \/>\n<meta property=\"og:type\" content=\"article\" \/>\n<meta property=\"og:title\" content=\"Om Musik- och teaterbiblioteket - Musik- och teaterbiblioteket\" \/>\n<meta property=\"og:description\" content=\"Musik- och teaterbiblioteket \u00e4r ett allm\u00e4nt bibliotek med stora samlingar f\u00f6r utl\u00e5ning av noter f\u00f6r alla bes\u00e4ttningar och i olika genrer samt litteratur och tidskrifter om musik och teater. Information p\u00e5 svenskt teckenspr\u00e5k Information p\u00e5 l\u00e4ttl\u00e4st svenska\" \/>\n<meta property=\"og:url\" content=\"https:\/\/musikverket-old.test.consids5.se\/musikochteaterbiblioteket\/om-musik-och-teaterbiblioteket\/?lang=sm\" \/>\n<meta property=\"og:site_name\" content=\"Musik- och teaterbiblioteket\" \/>\n<meta property=\"article:modified_time\" content=\"2021-07-01T09:50:09+00:00\" \/>\n<meta name=\"twitter:label1\" content=\"Ber\u00e4knad l\u00e4stid\">\n\t<meta name=\"twitter:data1\" content=\"2 minuter\">\n<script type=\"application\/ld+json\" class=\"yoast-schema-graph\">{\"@context\":\"https:\/\/schema.org\",\"@graph\":[{\"@type\":\"WebSite\",\"@id\":\"https:\/\/musikverket-old.test.consids5.se\/musikochteaterbiblioteket\/#website\",\"url\":\"https:\/\/musikverket-old.test.consids5.se\/musikochteaterbiblioteket\/\",\"name\":\"Musik- och teaterbiblioteket\",\"description\":\"F\\u00f6rdjupning, kunskap och spelgl\\u00e4dje\",\"potentialAction\":[{\"@type\":\"SearchAction\",\"target\":\"https:\/\/musikverket-old.test.consids5.se\/musikochteaterbiblioteket\/?s={search_term_string}\",\"query-input\":\"required name=search_term_string\"}],\"inLanguage\":\"sv-SE\"},{\"@type\":\"WebPage\",\"@id\":\"https:\/\/musikverket-old.test.consids5.se\/musikochteaterbiblioteket\/om-musik-och-teaterbiblioteket\/?lang=sm#webpage\",\"url\":\"https:\/\/musikverket-old.test.consids5.se\/musikochteaterbiblioteket\/om-musik-och-teaterbiblioteket\/?lang=sm\",\"name\":\"Om Musik- och teaterbiblioteket - Musik- och teaterbiblioteket\",\"isPartOf\":{\"@id\":\"https:\/\/musikverket-old.test.consids5.se\/musikochteaterbiblioteket\/#website\"},\"datePublished\":\"2012-05-08T09:51:32+00:00\",\"dateModified\":\"2021-07-01T09:50:09+00:00\",\"breadcrumb\":{\"@id\":\"https:\/\/musikverket-old.test.consids5.se\/musikochteaterbiblioteket\/om-musik-och-teaterbiblioteket\/?lang=sm#breadcrumb\"},\"inLanguage\":\"sv-SE\",\"potentialAction\":[{\"@type\":\"ReadAction\",\"target\":[\"https:\/\/musikverket-old.test.consids5.se\/musikochteaterbiblioteket\/om-musik-och-teaterbiblioteket\/?lang=sm\"]}]},{\"@type\":\"BreadcrumbList\",\"@id\":\"https:\/\/musikverket-old.test.consids5.se\/musikochteaterbiblioteket\/om-musik-och-teaterbiblioteket\/?lang=sm#breadcrumb\",\"itemListElement\":[{\"@type\":\"ListItem\",\"position\":1,\"item\":{\"@type\":\"WebPage\",\"@id\":\"https:\/\/musikverket-old.test.consids5.se\/musikochteaterbiblioteket\/\",\"url\":\"https:\/\/musikverket-old.test.consids5.se\/musikochteaterbiblioteket\/\",\"name\":\"Hem\"}},{\"@type\":\"ListItem\",\"position\":2,\"item\":{\"@id\":\"https:\/\/musikverket-old.test.consids5.se\/musikochteaterbiblioteket\/om-musik-och-teaterbiblioteket\/?lang=sm#webpage\"}}]}]}<\/script>\n<!-- \/ Yoast SEO plugin. -->","jetpack_shortlink":"https:\/\/wp.me\/P2ZwmI-fP","jetpack_sharing_enabled":true,"_links":{"self":[{"href":"https:\/\/musikverket-old.test.consids5.se\/musikochteaterbiblioteket\/wp-json\/wp\/v2\/pages\/981"}],"collection":[{"href":"https:\/\/musikverket-old.test.consids5.se\/musikochteaterbiblioteket\/wp-json\/wp\/v2\/pages"}],"about":[{"href":"https:\/\/musikverket-old.test.consids5.se\/musikochteaterbiblioteket\/wp-json\/wp\/v2\/types\/page"}],"author":[{"embeddable":true,"href":"https:\/\/musikverket-old.test.consids5.se\/musikochteaterbiblioteket\/wp-json\/wp\/v2\/users\/1"}],"replies":[{"embeddable":true,"href":"https:\/\/musikverket-old.test.consids5.se\/musikochteaterbiblioteket\/wp-json\/wp\/v2\/comments?post=981"}],"version-history":[{"count":0,"href":"https:\/\/musikverket-old.test.consids5.se\/musikochteaterbiblioteket\/wp-json\/wp\/v2\/pages\/981\/revisions"}],"wp:attachment":[{"href":"https:\/\/musikverket-old.test.consids5.se\/musikochteaterbiblioteket\/wp-json\/wp\/v2\/media?parent=981"}],"wp:term":[{"taxonomy":"category","embeddable":true,"href":"https:\/\/musikverket-old.test.consids5.se\/musikochteaterbiblioteket\/wp-json\/wp\/v2\/categories?post=981"},{"taxonomy":"post_tag","embeddable":true,"href":"https:\/\/musikverket-old.test.consids5.se\/musikochteaterbiblioteket\/wp-json\/wp\/v2\/tags?post=981"}],"curies":[{"name":"wp","href":"https:\/\/api.w.org\/{rel}","templated":true}]}}