{"id":14,"date":"2012-05-04T08:15:55","date_gmt":"2012-05-04T06:15:55","guid":{"rendered":"http:\/\/musikverket.adeprimo.se\/svensktvisarkiv\/?page_id=13"},"modified":"2021-03-12T09:29:25","modified_gmt":"2021-03-12T08:29:25","slug":"publikationer","status":"publish","type":"page","link":"https:\/\/musikverket-old.test.consids5.se\/svensktvisarkiv\/publikationer\/","title":{"rendered":"Publikationer"},"content":{"rendered":"<div id=\"pl-14\"  class=\"panel-layout\" ><div id=\"pg-14-0\"  class=\"panel-grid panel-no-style\" ><div id=\"pgc-14-0-0\"  class=\"panel-grid-cell\" ><div id=\"panel-14-0-0-0\" class=\"so-panel widget widget_headers panel-first-child panel-last-child\" data-index=\"0\" ><div class=\"so-widget-headers so-widget-headers-base\"><h1 id=\"publikationer\">Publikationer<\/h1>\n<\/div><\/div><\/div><\/div><div id=\"pg-14-1\"  class=\"panel-grid panel-no-style\" ><div id=\"pgc-14-1-0\"  class=\"panel-grid-cell panel-grid-cell-mobile-last\" ><div id=\"panel-14-1-0-0\" class=\"so-panel widget widget_black-studio-tinymce widget_black_studio_tinymce panel-first-child panel-last-child\" data-index=\"1\" ><div class=\"textwidget\"><p><em>B&ouml;cker, cd-skivor och skrifter. En viktig del av Svenskt visarkivs arbete &auml;r utgivning. H&auml;r &aring;terfinns s&aring;v&auml;l akademisk forskning som popul&auml;rvetenskapliga skrifter, cd-skivor och kommenterade notutg&aring;vor. Visarkivet arbetar hela tiden med att g&ouml;ra&nbsp;mer material tillg&auml;ngligt&nbsp;f&ouml;r fler. Det sker ocks&aring; genom samarbeten med andra institutioner i utgivningsprojekt och i radioproduktioner&nbsp;som kan&nbsp;ge perspektiv p&aring; det musikaliska kulturarvet i vidare kretsar.&nbsp;<\/em><\/p>\n<\/div><\/div><\/div><div id=\"pgc-14-1-1\"  class=\"panel-grid-cell panel-grid-cell-empty\" ><\/div><\/div><div id=\"pg-14-2\"  class=\"panel-grid panel-no-style\" ><div id=\"pgc-14-2-0\"  class=\"panel-grid-cell\" ><div id=\"panel-14-2-0-0\" class=\"so-panel widget widget_headers panel-first-child panel-last-child\" data-index=\"2\" ><div class=\"so-widget-headers so-widget-headers-base\"><h2 id=\"visarkivets-publikationer\">Visarkivets publikationer<\/h2>\n<\/div><\/div><\/div><\/div><div id=\"pg-14-3\"  class=\"panel-grid panel-no-style\" ><div id=\"pgc-14-3-0\"  class=\"panel-grid-cell\" ><div id=\"panel-14-3-0-0\" class=\"so-panel widget widget_puff_widget panel-first-child panel-last-child\" data-index=\"3\" >\t\t\t<div class=\"inner with_title with_picture with_link\" >\r\n\t\t\t<a href=\"\/svensktvisarkiv\/publikationer\/onlinepublikationer\/\">\t\t\t<div class=\"puff-picture\"><img src=\"\/svensktvisarkiv\/files\/2012\/12\/SVA_publikationer_online_Fempuff.png\" alt=\"Puff Picture\" \/><\/div>\t\t\t<h4>Onlinepublikationer<\/h4>\t\t\t\t\t\t<\/a>\t\t\t<\/div>\r\n\t\t<\/div><\/div><div id=\"pgc-14-3-1\"  class=\"panel-grid-cell\" ><div id=\"panel-14-3-1-0\" class=\"so-panel widget widget_puff_widget panel-first-child panel-last-child\" data-index=\"4\" >\t\t\t<div class=\"inner with_title with_picture with_link\" >\r\n\t\t\t<a href=\"\/svensktvisarkiv\/publikationer\/bocker\/\">\t\t\t<div class=\"puff-picture\"><img src=\"\/svensktvisarkiv\/files\/2012\/12\/SVA_Bocker_Fempuff.png\" alt=\"Puff Picture\" \/><\/div>\t\t\t<h4>B\u00f6cker<\/h4>\t\t\t\t\t\t<\/a>\t\t\t<\/div>\r\n\t\t<\/div><\/div><div id=\"pgc-14-3-2\"  class=\"panel-grid-cell\" ><div id=\"panel-14-3-2-0\" class=\"so-panel widget widget_puff_widget panel-first-child panel-last-child\" data-index=\"5\" >\t\t\t<div class=\"inner with_title with_picture with_link\" >\r\n\t\t\t<a href=\"\/svensktvisarkiv\/publikationer\/skivor\/\">\t\t\t<div class=\"puff-picture\"><img src=\"\/svensktvisarkiv\/files\/2012\/12\/SVA_publikationer_skivor_Fempuff.png\" alt=\"Puff Picture\" \/><\/div>\t\t\t<h4>Skivor<\/h4>\t\t\t\t\t\t<\/a>\t\t\t<\/div>\r\n\t\t<\/div><\/div><div id=\"pgc-14-3-3\"  class=\"panel-grid-cell panel-grid-cell-mobile-last\" ><div id=\"panel-14-3-3-0\" class=\"so-panel widget widget_puff_widget panel-first-child panel-last-child\" data-index=\"6\" >\t\t\t<div class=\"inner with_title with_picture with_link\" >\r\n\t\t\t<a href=\"\/svensktvisarkiv\/publikationer\/prislistor\/\">\t\t\t<div class=\"puff-picture\"><img src=\"\/svensktvisarkiv\/files\/2012\/12\/SVA_Publikationer_fempuff.png\" alt=\"Puff Picture\" \/><\/div>\t\t\t<h4>Alla publikationer och prislistor<\/h4>\t\t\t\t\t\t<\/a>\t\t\t<\/div>\r\n\t\t<\/div><\/div><div id=\"pgc-14-3-4\"  class=\"panel-grid-cell panel-grid-cell-empty\" ><\/div><\/div><div id=\"pg-14-4\"  class=\"panel-grid panel-no-style\" ><div id=\"pgc-14-4-0\"  class=\"panel-grid-cell\" ><div id=\"panel-14-4-0-0\" class=\"so-panel widget widget_headers panel-first-child panel-last-child\" data-index=\"7\" ><div class=\"so-widget-headers so-widget-headers-base\"><h2 id=\"fordjupa-dig\">F\u00f6rdjupa dig<\/h2>\n<\/div><\/div><\/div><\/div><div id=\"pg-14-5\"  class=\"panel-grid panel-no-style\" ><div id=\"pgc-14-5-0\"  class=\"panel-grid-cell\" ><div id=\"panel-14-5-0-0\" class=\"so-panel widget widget_puff_widget panel-first-child panel-last-child\" data-index=\"8\" >\t\t\t<div class=\"inner with_title with_text with_picture with_link\" >\r\n\t\t\t<a href=\"https:\/\/musikverket.se\/svensktvisarkiv\/alice-tegner-150-ar\/\">\t\t\t<div class=\"puff-picture\"><img src=\"https:\/\/musikverket.se\/svensktvisarkiv\/files\/2016\/10\/Alice-tegner-puff.jpg\" alt=\"Puff Picture\" \/><\/div>\t\t\t<h4>Alice Tegn\u00e9r<\/h4>\t\t\t<div class=\"puff-text\">F\u00f6r m\u00e5nga \u00e4r Alice Tegn\u00e9r barnvisornas moder, men hon skrev \u00e4ven k\u00f6rmusik och instrumentalverk.<\/div>\t\t\t<\/a>\t\t\t<\/div>\r\n\t\t<\/div><\/div><div id=\"pgc-14-5-1\"  class=\"panel-grid-cell\" ><div id=\"panel-14-5-1-0\" class=\"so-panel widget widget_puff_widget panel-first-child panel-last-child\" data-index=\"9\" >\t\t\t<div class=\"inner with_title with_text with_picture with_link\" >\r\n\t\t\t<a href=\"\/svensktvisarkiv\/det-queera-dansgolvet\/\">\t\t\t<div class=\"puff-picture\"><img src=\"\/svensktvisarkiv\/files\/2018\/08\/Queerdans-start-puff.jpg\" alt=\"Puff Picture\" \/><\/div>\t\t\t<h4>Det queera dansgolvet<\/h4>\t\t\t<div class=\"puff-text\">Queerdansen ifr\u00e5gas\u00e4tter normer och l\u00e5tar alla dansa med alla \u2013 och alla f\u00e5r l\u00e4ra sig att b\u00e5de f\u00f6ra och f\u00f6lja. <\/div>\t\t\t<\/a>\t\t\t<\/div>\r\n\t\t<\/div><\/div><div id=\"pgc-14-5-2\"  class=\"panel-grid-cell\" ><div id=\"panel-14-5-2-0\" class=\"so-panel widget widget_puff_widget panel-first-child panel-last-child\" data-index=\"10\" >\t\t\t<div class=\"inner with_title with_text with_picture with_link\" >\r\n\t\t\t<a href=\"\/svensktvisarkiv\/det-stora-inspelningsaret-1968\/\">\t\t\t<div class=\"puff-picture\"><img src=\"\/svensktvisarkiv\/files\/2020\/01\/Sk\u00e5ne-puff.jpg\" alt=\"Puff Picture\" \/><\/div>\t\t\t<h4>Det stora inspelnings\u00e5ret 1968<\/h4>\t\t\t<div class=\"puff-text\">1968 b\u00f6rjade Visarkivet g\u00f6ra egna dokumentationsinspelningar. F\u00f6lj med p\u00e5 resorna under det hektiska inspelnings\u00e5ret. <\/div>\t\t\t<\/a>\t\t\t<\/div>\r\n\t\t<\/div><\/div><div id=\"pgc-14-5-3\"  class=\"panel-grid-cell panel-grid-cell-mobile-last\" ><div id=\"panel-14-5-3-0\" class=\"so-panel widget widget_puff_widget panel-first-child panel-last-child\" data-index=\"11\" >\t\t\t<div class=\"inner with_title with_text with_picture with_link\" >\r\n\t\t\t<a href=\"\/svensktvisarkiv\/handskrivna-visbocker\/\">\t\t\t<div class=\"puff-picture\"><img src=\"\/svensktvisarkiv\/files\/2016\/10\/Gotl\u00e4ndska-visb\u00f6cker.jpg\" alt=\"Puff Picture\" \/><\/div>\t\t\t<h4>Handskrivna visb\u00f6cker<\/h4>\t\t\t<div class=\"puff-text\">Ett urval av visb\u00f6cker som visar vilken roll de kunde fylla i gotl\u00e4nningarnas vardag fr\u00e5n 1820 och fram\u00e5t. <\/div>\t\t\t<\/a>\t\t\t<\/div>\r\n\t\t<\/div><\/div><div id=\"pgc-14-5-4\"  class=\"panel-grid-cell panel-grid-cell-empty\" ><\/div><\/div><div id=\"pg-14-6\"  class=\"panel-grid panel-no-style\" ><div id=\"pgc-14-6-0\"  class=\"panel-grid-cell\" ><div id=\"panel-14-6-0-0\" class=\"so-panel widget widget_puff_widget panel-first-child panel-last-child\" data-index=\"12\" >\t\t\t<div class=\"inner with_title with_text with_picture with_link\" >\r\n\t\t\t<a href=\"https:\/\/musikverket.se\/svensktvisarkiv\/i-samlingarna\/fotografier\/christer-landergrens-samling\/\">\t\t\t<div class=\"puff-picture\"><img src=\"https:\/\/musikverket.se\/svensktvisarkiv\/files\/2016\/10\/landergren-puff.jpg\" alt=\"Puff Picture\" \/><\/div>\t\t\t<h4>Landergrens bildsamling<\/h4>\t\t\t<div class=\"puff-text\">Christer Landergren var en av Sveriges fr\u00e4msta jazzfotografer. Hans bildarkiv med 150 000 bilder finns hos Svenskt visarkiv. <\/div>\t\t\t<\/a>\t\t\t<\/div>\r\n\t\t<\/div><\/div><div id=\"pgc-14-6-1\"  class=\"panel-grid-cell\" ><div id=\"panel-14-6-1-0\" class=\"so-panel widget widget_puff_widget panel-first-child panel-last-child\" data-index=\"13\" >\t\t\t<div class=\"inner with_title with_text with_picture with_link\" >\r\n\t\t\t<a href=\"https:\/\/musikverket.se\/svensktvisarkiv\/arnbergs-resa-i-folkmusiken\/\">\t\t\t<div class=\"puff-picture\"><img src=\"https:\/\/musikverket.se\/svensktvisarkiv\/files\/2016\/10\/Radio-puff.jpg\" alt=\"Puff Picture\" \/><\/div>\t\t\t<h4>Matts Arnbergs resa i Folkmusiken<\/h4>\t\t\t<div class=\"puff-text\">Matts Arnberg har haft stor betydelse f\u00f6r folkmusiken i Sverige. P\u00e5 ett helt nytt s\u00e4tt unders\u00f6kte han genren och tog den in i finrummen. <\/div>\t\t\t<\/a>\t\t\t<\/div>\r\n\t\t<\/div><\/div><div id=\"pgc-14-6-2\"  class=\"panel-grid-cell\" ><div id=\"panel-14-6-2-0\" class=\"so-panel widget widget_puff_widget panel-first-child panel-last-child\" data-index=\"14\" >\t\t\t<div class=\"inner with_title with_text with_picture with_link\" >\r\n\t\t\t<a href=\"\/svensktvisarkiv\/medeltida-ballader\/\">\t\t\t<div class=\"puff-picture\"><img src=\"\/svensktvisarkiv\/files\/2017\/06\/ballader-puff3.jpg\" alt=\"Puff Picture\" \/><\/div>\t\t\t<h4>Medeltida ballader<\/h4>\t\t\t<div class=\"puff-text\">V\u00e4lkommen in i balladernas v\u00e4rld! H\u00e4r kan du lyssna p\u00e5 inspelningar, se noter och l\u00e4sa om balladernas historia, inneh\u00e5ll, form och mycket mer.  <\/div>\t\t\t<\/a>\t\t\t<\/div>\r\n\t\t<\/div><\/div><div id=\"pgc-14-6-3\"  class=\"panel-grid-cell panel-grid-cell-mobile-last\" ><div id=\"panel-14-6-3-0\" class=\"so-panel widget widget_puff_widget panel-first-child panel-last-child\" data-index=\"15\" >\t\t\t<div class=\"inner with_title with_text with_picture with_link\" >\r\n\t\t\t<a href=\"\/svensktvisarkiv\/musik-pa-kaken\/\">\t\t\t<div class=\"puff-picture\"><img src=\"\/svensktvisarkiv\/files\/2017\/09\/Vad-ar-kaklatar-puff.jpg\" alt=\"Puff Picture\" \/><\/div>\t\t\t<h4>Musik p\u00e5 k\u00e5ken<\/h4>\t\t\t<div class=\"puff-text\">Musik och identitet \u00e4r n\u00e4ra sammankopplat. Hur har k\u00e5kfarare anv\u00e4nt musik som identitetsmark\u00f6r? <\/div>\t\t\t<\/a>\t\t\t<\/div>\r\n\t\t<\/div><\/div><div id=\"pgc-14-6-4\"  class=\"panel-grid-cell panel-grid-cell-empty\" ><\/div><\/div><div id=\"pg-14-7\"  class=\"panel-grid panel-no-style\" ><div id=\"pgc-14-7-0\"  class=\"panel-grid-cell\" ><div id=\"panel-14-7-0-0\" class=\"so-panel widget widget_puff_widget panel-first-child\" data-index=\"16\" >\t\t\t<div class=\"inner with_title with_text with_picture with_link\" >\r\n\t\t\t<a href=\"https:\/\/musikverket.se\/svensktvisarkiv\/i-samlingarna\/inspelningar\/karl-tiren\/#_ga=1.194201837.1341441306.1476951210\">\t\t\t<div class=\"puff-picture\"><img src=\"https:\/\/musikverket.se\/svensktvisarkiv\/files\/2016\/10\/samiska_roster_puff.jpg\" alt=\"Puff Picture\" \/><\/div>\t\t\t<h4>Samiska r\u00f6ster \/ S\u00e1me jiena<\/h4>\t\t\t<div class=\"puff-text\">1913 startade Karl Tir\u00e9n ett av de st\u00f6rsta inspelningsprojekten av samisk jojk i Sverige. Nu kan du nu lyssna p\u00e5 inspelningarna p\u00e5 webben.<\/div>\t\t\t<\/a>\t\t\t<\/div>\r\n\t\t<\/div><div id=\"panel-14-7-0-1\" class=\"so-panel widget widget_puff_widget panel-last-child\" data-index=\"17\" >\t\t\t<div class=\"inner with_title with_text with_picture with_link\" >\r\n\t\t\t<a href=\"\/svensktvisarkiv\/dansbocker\/\">\t\t\t<div class=\"puff-picture\"><img src=\"https:\/\/musikverket.se\/svensktvisarkiv\/files\/2021\/03\/danspuff.png\" alt=\"Puff Picture\" \/><\/div>\t\t\t<h4>Dansb\u00f6cker<\/h4>\t\t\t<div class=\"puff-text\">Hur kommer man ih\u00e5g hur en dans ska dansas? Vad \u00e4r en dansm\u00e4stare? Vi riktar fokus mot \u00e4ldre tiders dansb\u00f6cker och dansbeskrivningar.<\/div>\t\t\t<\/a>\t\t\t<\/div>\r\n\t\t<\/div><\/div><div id=\"pgc-14-7-1\"  class=\"panel-grid-cell\" ><div id=\"panel-14-7-1-0\" class=\"so-panel widget widget_puff_widget panel-first-child panel-last-child\" data-index=\"18\" >\t\t\t<div class=\"inner with_title with_text with_picture with_link\" >\r\n\t\t\t<a href=\"\/svensktvisarkiv\/spelmansbocker\/\">\t\t\t<div class=\"puff-picture\"><img src=\"https:\/\/musikverket.se\/svensktvisarkiv\/files\/2016\/10\/Sexdrega-puff.jpg\" alt=\"Puff Picture\" \/><\/div>\t\t\t<h4>Spelmansb\u00f6cker<\/h4>\t\t\t<div class=\"puff-text\">Uppt\u00e4ck en samling med spelmansb\u00f6cker fr\u00e5n sent 1700-tal .<\/div>\t\t\t<\/a>\t\t\t<\/div>\r\n\t\t<\/div><\/div><div id=\"pgc-14-7-2\"  class=\"panel-grid-cell\" ><div id=\"panel-14-7-2-0\" class=\"so-panel widget widget_puff_widget panel-first-child panel-last-child\" data-index=\"19\" >\t\t\t<div class=\"inner with_title with_text with_picture with_link\" >\r\n\t\t\t<a href=\"https:\/\/musikverket.se\/svensktvisarkiv\/musik\/dragspel\/\">\t\t\t<div class=\"puff-picture\"><img src=\"https:\/\/musikverket.se\/svensktvisarkiv\/files\/2016\/10\/Dragspel_Jularbo_puff.jpg\" alt=\"Puff Picture\" \/><\/div>\t\t\t<h4>Uppt\u00e4ck dragspelet<\/h4>\t\t\t<div class=\"puff-text\">Dragspelet har varit \u00e4lskat och folkligt, men ocks\u00e5 omdebatterat och rent av f\u00f6raktat.<\/div>\t\t\t<\/a>\t\t\t<\/div>\r\n\t\t<\/div><\/div><div id=\"pgc-14-7-3\"  class=\"panel-grid-cell panel-grid-cell-mobile-last\" ><div id=\"panel-14-7-3-0\" class=\"so-panel widget widget_puff_widget panel-first-child panel-last-child\" data-index=\"20\" >\t\t\t<div class=\"inner with_title with_text with_picture with_link\" >\r\n\t\t\t<a href=\"\/svensktvisarkiv\/vallmusik\/\">\t\t\t<div class=\"puff-picture\"><img src=\"\/svensktvisarkiv\/files\/2019\/06\/start-puff.jpg\" alt=\"Puff Picture\" \/><\/div>\t\t\t<h4>Vallmusik<\/h4>\t\t\t<div class=\"puff-text\">Musiken \u00e4r inte alltid till f\u00f6r n\u00f6jes skull \u2013 p\u00e5 f\u00e4bodarna anv\u00e4ndes musiken f\u00f6r att utf\u00f6ra arbetet. <\/div>\t\t\t<\/a>\t\t\t<\/div>\r\n\t\t<\/div><\/div><div id=\"pgc-14-7-4\"  class=\"panel-grid-cell panel-grid-cell-empty\" ><\/div><\/div><\/div>","protected":false},"excerpt":{"rendered":"<p>B&ouml;cker, cd-skivor och skrifter. En viktig del av Svenskt visarkivs arbete &auml;r utgivning. H&auml;r &aring;terfinns s&aring;v&auml;l akademisk forskning som popul&auml;rvetenskapliga skrifter, cd-skivor och kommenterade notutg&aring;vor. Visarkivet arbetar hela tiden med att g&ouml;ra&nbsp;mer material tillg&auml;ngligt&nbsp;f&ouml;r fler. Det sker ocks&aring; genom samarbeten med andra institutioner i utgivningsprojekt och i radioproduktioner&nbsp;som kan&nbsp;ge perspektiv p&aring; det musikaliska kulturarvet i [&hellip;]<\/p>\n","protected":false},"author":1,"featured_media":0,"parent":0,"menu_order":0,"comment_status":"open","ping_status":"closed","template":"","meta":{"ngg_post_thumbnail":0,"spay_email":""},"categories":[4],"tags":[215,265,263,264],"yoast_head":"<!-- This site is optimized with the Yoast SEO plugin v16.3 - https:\/\/yoast.com\/wordpress\/plugins\/seo\/ -->\n<meta name=\"robots\" content=\"index, follow, max-snippet:-1, max-image-preview:large, max-video-preview:-1\" \/>\n<link rel=\"canonical\" href=\"https:\/\/musikverket-old.test.consids5.se\/svensktvisarkiv\/publikationer\/\" \/>\n<meta property=\"og:locale\" content=\"sv_SE\" \/>\n<meta property=\"og:type\" content=\"article\" \/>\n<meta property=\"og:title\" content=\"Publikationer - Svenskt visarkiv\" \/>\n<meta property=\"og:description\" content=\"B&ouml;cker, cd-skivor och skrifter. En viktig del av Svenskt visarkivs arbete &auml;r utgivning. H&auml;r &aring;terfinns s&aring;v&auml;l akademisk forskning som popul&auml;rvetenskapliga skrifter, cd-skivor och kommenterade notutg&aring;vor. Visarkivet arbetar hela tiden med att g&ouml;ra&nbsp;mer material tillg&auml;ngligt&nbsp;f&ouml;r fler. Det sker ocks&aring; genom samarbeten med andra institutioner i utgivningsprojekt och i radioproduktioner&nbsp;som kan&nbsp;ge perspektiv p&aring; det musikaliska kulturarvet i [&hellip;]\" \/>\n<meta property=\"og:url\" content=\"https:\/\/musikverket-old.test.consids5.se\/svensktvisarkiv\/publikationer\/\" \/>\n<meta property=\"og:site_name\" content=\"Svenskt visarkiv\" \/>\n<meta property=\"article:modified_time\" content=\"2021-03-12T08:29:25+00:00\" \/>\n<meta name=\"twitter:label1\" content=\"Ber\u00e4knad l\u00e4stid\">\n\t<meta name=\"twitter:data1\" content=\"1 minut\">\n<script type=\"application\/ld+json\" class=\"yoast-schema-graph\">{\"@context\":\"https:\/\/schema.org\",\"@graph\":[{\"@type\":\"WebSite\",\"@id\":\"https:\/\/musikverket-old.test.consids5.se\/svensktvisarkiv\/#website\",\"url\":\"https:\/\/musikverket-old.test.consids5.se\/svensktvisarkiv\/\",\"name\":\"Svenskt visarkiv\",\"description\":\"Bevarar folkmusik, \\u00e4ldre popul\\u00e4rmusik, jazz och inflyttade musiktraditioner\",\"potentialAction\":[{\"@type\":\"SearchAction\",\"target\":\"https:\/\/musikverket-old.test.consids5.se\/svensktvisarkiv\/?s={search_term_string}\",\"query-input\":\"required name=search_term_string\"}],\"inLanguage\":\"sv-SE\"},{\"@type\":\"WebPage\",\"@id\":\"https:\/\/musikverket-old.test.consids5.se\/svensktvisarkiv\/publikationer\/#webpage\",\"url\":\"https:\/\/musikverket-old.test.consids5.se\/svensktvisarkiv\/publikationer\/\",\"name\":\"Publikationer - Svenskt visarkiv\",\"isPartOf\":{\"@id\":\"https:\/\/musikverket-old.test.consids5.se\/svensktvisarkiv\/#website\"},\"datePublished\":\"2012-05-04T06:15:55+00:00\",\"dateModified\":\"2021-03-12T08:29:25+00:00\",\"breadcrumb\":{\"@id\":\"https:\/\/musikverket-old.test.consids5.se\/svensktvisarkiv\/publikationer\/#breadcrumb\"},\"inLanguage\":\"sv-SE\",\"potentialAction\":[{\"@type\":\"ReadAction\",\"target\":[\"https:\/\/musikverket-old.test.consids5.se\/svensktvisarkiv\/publikationer\/\"]}]},{\"@type\":\"BreadcrumbList\",\"@id\":\"https:\/\/musikverket-old.test.consids5.se\/svensktvisarkiv\/publikationer\/#breadcrumb\",\"itemListElement\":[{\"@type\":\"ListItem\",\"position\":1,\"item\":{\"@type\":\"WebPage\",\"@id\":\"https:\/\/musikverket-old.test.consids5.se\/svensktvisarkiv\/\",\"url\":\"https:\/\/musikverket-old.test.consids5.se\/svensktvisarkiv\/\",\"name\":\"Hem\"}},{\"@type\":\"ListItem\",\"position\":2,\"item\":{\"@id\":\"https:\/\/musikverket-old.test.consids5.se\/svensktvisarkiv\/publikationer\/#webpage\"}}]}]}<\/script>\n<!-- \/ Yoast SEO plugin. -->","jetpack_shortlink":"https:\/\/wp.me\/P2Zwnz-e","jetpack_sharing_enabled":true,"_links":{"self":[{"href":"https:\/\/musikverket-old.test.consids5.se\/svensktvisarkiv\/wp-json\/wp\/v2\/pages\/14"}],"collection":[{"href":"https:\/\/musikverket-old.test.consids5.se\/svensktvisarkiv\/wp-json\/wp\/v2\/pages"}],"about":[{"href":"https:\/\/musikverket-old.test.consids5.se\/svensktvisarkiv\/wp-json\/wp\/v2\/types\/page"}],"author":[{"embeddable":true,"href":"https:\/\/musikverket-old.test.consids5.se\/svensktvisarkiv\/wp-json\/wp\/v2\/users\/1"}],"replies":[{"embeddable":true,"href":"https:\/\/musikverket-old.test.consids5.se\/svensktvisarkiv\/wp-json\/wp\/v2\/comments?post=14"}],"version-history":[{"count":0,"href":"https:\/\/musikverket-old.test.consids5.se\/svensktvisarkiv\/wp-json\/wp\/v2\/pages\/14\/revisions"}],"wp:attachment":[{"href":"https:\/\/musikverket-old.test.consids5.se\/svensktvisarkiv\/wp-json\/wp\/v2\/media?parent=14"}],"wp:term":[{"taxonomy":"category","embeddable":true,"href":"https:\/\/musikverket-old.test.consids5.se\/svensktvisarkiv\/wp-json\/wp\/v2\/categories?post=14"},{"taxonomy":"post_tag","embeddable":true,"href":"https:\/\/musikverket-old.test.consids5.se\/svensktvisarkiv\/wp-json\/wp\/v2\/tags?post=14"}],"curies":[{"name":"wp","href":"https:\/\/api.w.org\/{rel}","templated":true}]}}