{"id":1832,"date":"2012-12-18T16:11:19","date_gmt":"2012-12-18T15:11:19","guid":{"rendered":"http:\/\/statensmusikverk.se\/svensktvisarkiv\/?page_id=1832"},"modified":"2016-05-27T13:16:41","modified_gmt":"2016-05-27T11:16:41","slug":"nyckelharpan","status":"publish","type":"page","link":"https:\/\/musikverket-old.test.consids5.se\/svensktvisarkiv\/publikationer\/onlinepublikationer\/nyckelharpan\/","title":{"rendered":"Nyckelharpan"},"content":{"rendered":"<div id=\"pl-1832\"  class=\"panel-layout\" ><div id=\"pg-1832-0\"  class=\"panel-grid panel-no-style\" ><div id=\"pgc-1832-0-0\"  class=\"panel-grid-cell\" ><div id=\"panel-1832-0-0-0\" class=\"so-panel widget widget_headers panel-first-child panel-last-child\" data-index=\"0\" ><div class=\"so-widget-headers so-widget-headers-base\"><h1 id=\"nyckelharpan\">Nyckelharpan<\/h1>\n<\/div><\/div><\/div><\/div><div id=\"pg-1832-1\"  class=\"panel-grid panel-no-style\" ><div id=\"pgc-1832-1-0\"  class=\"panel-grid-cell panel-grid-cell-mobile-last\" ><div id=\"panel-1832-1-0-0\" class=\"so-panel widget widget_black-studio-tinymce widget_black_studio_tinymce panel-first-child\" data-index=\"1\" ><div class=\"textwidget\"><p><em>Jan Lings avhandling&nbsp;Nyckelharpan &ndash; studier i ett folkligt musikinstrument fr&aring;n 1967 som onlinepublikation.<\/em><\/p>\n<p><a title=\"Nyckelharpan &ndash; Jan Ling (webbversion, 99 MB)\" href=\"http:\/\/urn.kb.se\/resolve?urn=urn:nbn:se:statensmusikverk-200\" target=\"_blank\">Till onlinepublikationen (pdf, 99 MB)<\/a><\/p>\n<p><a title=\"Nyckelharpan &ndash; Jan Ling (utskriftsversion, 888 MB)\" href=\"http:\/\/urn.kb.se\/resolve?urn=urn:nbn:se:statensmusikverk-212\" target=\"_blank\">Till utskriftsversionen (pdf, 888 MB)<\/a><\/p>\n<\/div><\/div><div id=\"panel-1832-1-0-1\" class=\"so-panel widget widget_headers\" data-index=\"2\" ><div class=\"so-widget-headers so-widget-headers-base\"><h3 id=\"forord\">F\u00f6rord<\/h3>\n<\/div><\/div><div id=\"panel-1832-1-0-2\" class=\"so-panel widget widget_black-studio-tinymce widget_black_studio_tinymce panel-last-child\" data-index=\"3\" ><div class=\"textwidget\"><p>Jan Lings avhandling\u00a0<em>Nyckelharpan. Studier i ett folkligt musikinstrument\u00a0<\/em>(1967) var en studie av ett unikt svenskt folkinstrument p\u00e5 utd\u00f6ende. Det fanns endast en handfull ut\u00f6vare kvar och m\u00e5nga av dem var till \u00e5ren komna. Det fanns dessutom mycket f\u00e5 kunniga byggare kvar i livet. P\u00e5 det hela taget kom Lings arbete att te sig som en av m\u00e5nga liknande studier av svunna tiders svenska folkmusik och instrument. Ett drygt decennium senare ber\u00e4knade Gunnar Ahlb\u00e4ck i boken\u00a0Nyckelharpsfolket\u00a0att det fanns mer \u00e4n 3\u00a0000 nyckelharpor i landet. 1970-talet innebar en nyckelharpsexplosion. Massor med svenskar l\u00e4rde sig att bygga och spela nyckelharpa. L\u00e4rob\u00f6cker skapades, ny musik skrevs. Intresset f\u00f6r instrumentet var stort inte minst fr\u00e5n studief\u00f6rbunden som gjorde nyckelharpsspel och bygge till n\u00e5got av en folkr\u00f6relse. Och en mycket viktig del i detta var Jan Lings bok.<\/p>\n<p>Tack vare\u00a0Nyckelharpan\u00a0fanns inte bara en gedigen beskrivning av instrumentet, repertoaren och musikerna \u2013 boken blev dessutom en utm\u00e4rkt och n\u00f6dv\u00e4ndig studielitteratur f\u00f6r otaliga cirklar i nyckelharpsbygge. Lings studie f\u00f6ljer metodologiskt de id\u00e9er som utvecklades av Ernst Emsheimer och Erich Stockmann 1967 i\u00a0Handbuch der europ\u00e4ischen Volksmusikinstrumente. Den grundl\u00e4ggande tanken hos Emsheimer och Stockmann \u00e4r att instrumentstudier b\u00f6r omfatta fler aspekter av instrumentet och dess anv\u00e4ndning \u00e4n de rent organologiska, som till exempel social status, etymologi, repertoar, historia och spridningsomr\u00e5de.<\/p>\n<p>Omkring \u00e5r 2010 kan antalet nyckelharpspelare uppskattas till cirka 10\u00a0000. Antalet var troligen som st\u00f6rst vid mitten av 1980-talet. Men instrumentet \u00e4r v\u00e4l etablerat i utbildningar och i spelmansr\u00f6relsen. Nyckelharpan har ocks\u00e5 en spridning l\u00e5ngt utanf\u00f6r Uppland och Sverige \u2013 i dag finns ut\u00f6vare runt om i Europa, Nordamerika och i Japan.<\/p>\n<p><em>Nyckelharpan. Studier i ett folkligt musikinstrument<\/em>\u00a0publicerades i Musikhistoriska museets skriftserie (nuvarande\u00a0<a title=\"Scenkonstmuseet\" href=\"http:\/\/scenkonstmuseet.se\/\">Scenkonstmuseet<\/a>) och gavs ut av Norstedts f\u00f6rlag. En andra upplaga gavs ut 1979 av Prisma. Boken har varit sluts\u00e5ld sedan 1980-talet. Denna elektroniska utg\u00e5va publiceras med tillst\u00e5nd av Norstedts och Scenkonstmuseet.<\/p>\n<p><em>Stockholm den 10 maj 2012<\/em><br \/><em>Dan Lundberg\u00a0<\/em><\/p>\n<\/div><\/div><\/div><div id=\"pgc-1832-1-1\"  class=\"panel-grid-cell panel-grid-cell-empty\" ><\/div><\/div><\/div>","protected":false},"excerpt":{"rendered":"<p>Jan Lings avhandling&nbsp;Nyckelharpan &ndash; studier i ett folkligt musikinstrument fr&aring;n 1967 som onlinepublikation. Till onlinepublikationen (pdf, 99 MB) Till utskriftsversionen (pdf, 888 MB) Jan Lings avhandling\u00a0Nyckelharpan. Studier i ett folkligt musikinstrument\u00a0(1967) var en studie av ett unikt svenskt folkinstrument p\u00e5 utd\u00f6ende. Det fanns endast en handfull ut\u00f6vare kvar och m\u00e5nga av dem var till \u00e5ren [&hellip;]<\/p>\n","protected":false},"author":4,"featured_media":0,"parent":15,"menu_order":0,"comment_status":"open","ping_status":"open","template":"","meta":{"ngg_post_thumbnail":0,"spay_email":""},"categories":[4],"tags":[277,278,271],"yoast_head":"<!-- This site is optimized with the Yoast SEO plugin v16.3 - https:\/\/yoast.com\/wordpress\/plugins\/seo\/ -->\n<meta name=\"robots\" content=\"index, follow, max-snippet:-1, max-image-preview:large, max-video-preview:-1\" \/>\n<link rel=\"canonical\" href=\"https:\/\/musikverket-old.test.consids5.se\/svensktvisarkiv\/publikationer\/onlinepublikationer\/nyckelharpan\/\" \/>\n<meta property=\"og:locale\" content=\"sv_SE\" \/>\n<meta property=\"og:type\" content=\"article\" \/>\n<meta property=\"og:title\" content=\"Nyckelharpan - Svenskt visarkiv\" \/>\n<meta property=\"og:description\" content=\"Jan Lings avhandling&nbsp;Nyckelharpan &ndash; studier i ett folkligt musikinstrument fr&aring;n 1967 som onlinepublikation. Till onlinepublikationen (pdf, 99 MB) Till utskriftsversionen (pdf, 888 MB) Jan Lings avhandling\u00a0Nyckelharpan. Studier i ett folkligt musikinstrument\u00a0(1967) var en studie av ett unikt svenskt folkinstrument p\u00e5 utd\u00f6ende. Det fanns endast en handfull ut\u00f6vare kvar och m\u00e5nga av dem var till \u00e5ren [&hellip;]\" \/>\n<meta property=\"og:url\" content=\"https:\/\/musikverket-old.test.consids5.se\/svensktvisarkiv\/publikationer\/onlinepublikationer\/nyckelharpan\/\" \/>\n<meta property=\"og:site_name\" content=\"Svenskt visarkiv\" \/>\n<meta property=\"article:modified_time\" content=\"2016-05-27T11:16:41+00:00\" \/>\n<meta name=\"twitter:label1\" content=\"Ber\u00e4knad l\u00e4stid\">\n\t<meta name=\"twitter:data1\" content=\"2 minuter\">\n<script type=\"application\/ld+json\" class=\"yoast-schema-graph\">{\"@context\":\"https:\/\/schema.org\",\"@graph\":[{\"@type\":\"WebSite\",\"@id\":\"https:\/\/musikverket-old.test.consids5.se\/svensktvisarkiv\/#website\",\"url\":\"https:\/\/musikverket-old.test.consids5.se\/svensktvisarkiv\/\",\"name\":\"Svenskt visarkiv\",\"description\":\"Bevarar folkmusik, \\u00e4ldre popul\\u00e4rmusik, jazz och inflyttade musiktraditioner\",\"potentialAction\":[{\"@type\":\"SearchAction\",\"target\":\"https:\/\/musikverket-old.test.consids5.se\/svensktvisarkiv\/?s={search_term_string}\",\"query-input\":\"required name=search_term_string\"}],\"inLanguage\":\"sv-SE\"},{\"@type\":\"WebPage\",\"@id\":\"https:\/\/musikverket-old.test.consids5.se\/svensktvisarkiv\/publikationer\/onlinepublikationer\/nyckelharpan\/#webpage\",\"url\":\"https:\/\/musikverket-old.test.consids5.se\/svensktvisarkiv\/publikationer\/onlinepublikationer\/nyckelharpan\/\",\"name\":\"Nyckelharpan - Svenskt visarkiv\",\"isPartOf\":{\"@id\":\"https:\/\/musikverket-old.test.consids5.se\/svensktvisarkiv\/#website\"},\"datePublished\":\"2012-12-18T15:11:19+00:00\",\"dateModified\":\"2016-05-27T11:16:41+00:00\",\"breadcrumb\":{\"@id\":\"https:\/\/musikverket-old.test.consids5.se\/svensktvisarkiv\/publikationer\/onlinepublikationer\/nyckelharpan\/#breadcrumb\"},\"inLanguage\":\"sv-SE\",\"potentialAction\":[{\"@type\":\"ReadAction\",\"target\":[\"https:\/\/musikverket-old.test.consids5.se\/svensktvisarkiv\/publikationer\/onlinepublikationer\/nyckelharpan\/\"]}]},{\"@type\":\"BreadcrumbList\",\"@id\":\"https:\/\/musikverket-old.test.consids5.se\/svensktvisarkiv\/publikationer\/onlinepublikationer\/nyckelharpan\/#breadcrumb\",\"itemListElement\":[{\"@type\":\"ListItem\",\"position\":1,\"item\":{\"@type\":\"WebPage\",\"@id\":\"https:\/\/musikverket-old.test.consids5.se\/svensktvisarkiv\/\",\"url\":\"https:\/\/musikverket-old.test.consids5.se\/svensktvisarkiv\/\",\"name\":\"Hem\"}},{\"@type\":\"ListItem\",\"position\":2,\"item\":{\"@type\":\"WebPage\",\"@id\":\"https:\/\/musikverket-old.test.consids5.se\/svensktvisarkiv\/publikationer\/\",\"url\":\"https:\/\/musikverket-old.test.consids5.se\/svensktvisarkiv\/publikationer\/\",\"name\":\"Publikationer\"}},{\"@type\":\"ListItem\",\"position\":3,\"item\":{\"@type\":\"WebPage\",\"@id\":\"https:\/\/musikverket-old.test.consids5.se\/svensktvisarkiv\/publikationer\/onlinepublikationer\/\",\"url\":\"https:\/\/musikverket-old.test.consids5.se\/svensktvisarkiv\/publikationer\/onlinepublikationer\/\",\"name\":\"Onlinepublikationer\"}},{\"@type\":\"ListItem\",\"position\":4,\"item\":{\"@id\":\"https:\/\/musikverket-old.test.consids5.se\/svensktvisarkiv\/publikationer\/onlinepublikationer\/nyckelharpan\/#webpage\"}}]}]}<\/script>\n<!-- \/ Yoast SEO plugin. -->","jetpack_shortlink":"https:\/\/wp.me\/P2Zwnz-ty","jetpack_sharing_enabled":true,"_links":{"self":[{"href":"https:\/\/musikverket-old.test.consids5.se\/svensktvisarkiv\/wp-json\/wp\/v2\/pages\/1832"}],"collection":[{"href":"https:\/\/musikverket-old.test.consids5.se\/svensktvisarkiv\/wp-json\/wp\/v2\/pages"}],"about":[{"href":"https:\/\/musikverket-old.test.consids5.se\/svensktvisarkiv\/wp-json\/wp\/v2\/types\/page"}],"author":[{"embeddable":true,"href":"https:\/\/musikverket-old.test.consids5.se\/svensktvisarkiv\/wp-json\/wp\/v2\/users\/4"}],"replies":[{"embeddable":true,"href":"https:\/\/musikverket-old.test.consids5.se\/svensktvisarkiv\/wp-json\/wp\/v2\/comments?post=1832"}],"version-history":[{"count":0,"href":"https:\/\/musikverket-old.test.consids5.se\/svensktvisarkiv\/wp-json\/wp\/v2\/pages\/1832\/revisions"}],"up":[{"embeddable":true,"href":"https:\/\/musikverket-old.test.consids5.se\/svensktvisarkiv\/wp-json\/wp\/v2\/pages\/15"}],"wp:attachment":[{"href":"https:\/\/musikverket-old.test.consids5.se\/svensktvisarkiv\/wp-json\/wp\/v2\/media?parent=1832"}],"wp:term":[{"taxonomy":"category","embeddable":true,"href":"https:\/\/musikverket-old.test.consids5.se\/svensktvisarkiv\/wp-json\/wp\/v2\/categories?post=1832"},{"taxonomy":"post_tag","embeddable":true,"href":"https:\/\/musikverket-old.test.consids5.se\/svensktvisarkiv\/wp-json\/wp\/v2\/tags?post=1832"}],"curies":[{"name":"wp","href":"https:\/\/api.w.org\/{rel}","templated":true}]}}