{"id":1934,"date":"2012-12-18T20:43:15","date_gmt":"2012-12-18T19:43:15","guid":{"rendered":"http:\/\/statensmusikverk.se\/svensktvisarkiv\/?page_id=1934"},"modified":"2020-04-28T14:57:27","modified_gmt":"2020-04-28T12:57:27","slug":"noterat","status":"publish","type":"page","link":"https:\/\/musikverket-old.test.consids5.se\/svensktvisarkiv\/publikationer\/noterat\/","title":{"rendered":"Noterat"},"content":{"rendered":"<div id=\"pl-1934\"  class=\"panel-layout\" ><div id=\"pg-1934-0\"  class=\"panel-grid panel-no-style\" ><div id=\"pgc-1934-0-0\"  class=\"panel-grid-cell\" ><div id=\"panel-1934-0-0-0\" class=\"so-panel widget widget_headers panel-first-child panel-last-child\" data-index=\"0\" ><div class=\"so-widget-headers so-widget-headers-base\"><h1 id=\"noterat\">Noterat<\/h1>\n<\/div><\/div><\/div><\/div><div id=\"pg-1934-1\"  class=\"panel-grid panel-no-style\" ><div id=\"pgc-1934-1-0\"  class=\"panel-grid-cell panel-grid-cell-mobile-last\" ><div id=\"panel-1934-1-0-0\" class=\"so-panel widget widget_black-studio-tinymce widget_black_studio_tinymce panel-first-child panel-last-child\" data-index=\"1\" ><div class=\"textwidget\"><\/div><\/div><\/div><div id=\"pgc-1934-1-1\"  class=\"panel-grid-cell panel-grid-cell-empty\" ><\/div><\/div><div id=\"pg-1934-2\"  class=\"panel-grid panel-no-style\" ><div id=\"pgc-1934-2-0\"  class=\"panel-grid-cell\" ><div id=\"panel-1934-2-0-0\" class=\"so-panel widget widget_headers panel-first-child\" data-index=\"2\" ><div class=\"so-widget-headers so-widget-headers-base\"><h3 id=\"\"><\/h3>\n<\/div><\/div><div id=\"panel-1934-2-0-1\" class=\"so-panel widget widget_black-studio-tinymce widget_black_studio_tinymce panel-last-child\" data-index=\"3\" ><div class=\"textwidget\"><p>Den popul\u00e4rvetenskapliga tidskriften <em>Noterat <\/em>gavs ut av Svenskt visarkiv 1995\u20132014. Inriktningen var brett musiketnologisk och tidskriftens ambition var att utg\u00f6ra ett forum f\u00f6r den musiketnologiska forskningen p\u00e5 olika niv\u00e5er och att vara en arena f\u00f6r diskussion av viktiga fr\u00e5gor inom musiklivet. Den t\u00e4nka m\u00e5lgruppen omfattade allt fr\u00e5n musikforskare och studenter, musiker och s\u00e5ngare till en kulturintresserad allm\u00e4nhet. Artiklarna \u00e4r skrivna p\u00e5 svenska, danska, norska och engelska.<\/p>\n<p>I Noterat f\u00f6rekommer \u00e4mnen som ber\u00f6r musikens roll i samh\u00e4llet och som tar sin utg\u00e5ngspunkt i Svenskt visarkivs verksamhetsomr\u00e5den svensk visa, folkmusik, jazz, musik och m\u00e5ngkultur samt \u00e4ldre popul\u00e4rmusik. F\u00f6rutom artiklar av varierande omf\u00e5ng inneh\u00e5ller Noterat ett \"vis- och l\u00e5tlexikon\" \u2013 sm\u00e5 informativa lexikonartiklar som behandlar k\u00e4nda, eller p\u00e5 andra s\u00e4tt intressanta, visors och l\u00e5tars uppkomst och historia. Vissa nummer \u00e4r vikta \u00e5t ett s\u00e4rskilt tema.<\/p>\n<p>Noterat utkom under tv\u00e5 decennier med ett nummer per \u00e5r. I takt med att Visarkivet i tilltagande grad publicerar f\u00f6rdjupande inneh\u00e5ll och kunskapsartiklar p\u00e5 webbplatsen har hemsidan kommit att bli det naturliga forumet f\u00f6r popul\u00e4rvetenskaplig f\u00f6rmedling. Fr\u00e5n 2016 ger Visarkivet i st\u00e4llet ut den musik- och dansetnologiska e-tidskriften <a href=\"https:\/\/musikverket.se\/svensktvisarkiv\/publikationer\/puls\/\"><em>Puls<\/em><\/a>&nbsp;som har en mer renodlat vetenskaplig profil.<\/p>\n<\/div><\/div><\/div><div id=\"pgc-1934-2-1\"  class=\"panel-grid-cell\" ><div id=\"panel-1934-2-1-0\" class=\"so-panel widget widget_headers panel-first-child\" data-index=\"4\" ><div class=\"so-widget-headers so-widget-headers-base\"><h3 id=\"alla-nummer-av-noterat\">Alla nummer av Noterat<\/h3>\n<\/div><\/div><div id=\"panel-1934-2-1-1\" class=\"so-panel widget widget_black-studio-tinymce widget_black_studio_tinymce panel-last-child\" data-index=\"5\" ><div class=\"textwidget\"><ul>\n<li><a href=\"https:\/\/musikverket.se\/svensktvisarkiv\/artikel\/noterat-21\/\">Noterat 21 (tema: Musik, dans och genus)<\/a><\/li>\n<li><a href=\"https:\/\/musikverket.se\/svensktvisarkiv\/artikel\/noterat-20\/\">Noterat 20<\/a><\/li>\n<li><a href=\"https:\/\/musikverket.se\/svensktvisarkiv\/artikel\/noterat-19\/\">Noterat 19 (tema: Ulf Peder Olrog)<\/a><\/li>\n<li><a href=\"https:\/\/musikverket.se\/svensktvisarkiv\/artikel\/noterat-18\/\">Noterat 18<\/a><\/li>\n<li><a href=\"https:\/\/musikverket.se\/svensktvisarkiv\/artikel\/noterat-17-om-musik-och-religion\/\">Noterat 17 (tema: Musik och religion)<\/a><\/li>\n<li><a href=\"https:\/\/musikverket.se\/svensktvisarkiv\/artikel\/noterat-16\/\">Noterat 16<\/a><\/li>\n<li><a href=\"https:\/\/musikverket.se\/svensktvisarkiv\/artikel\/noterat-15\/\">Noterat 15 (tema: Musik och f\u00f6rf\u00f6relse)<\/a><\/li>\n<li><a href=\"https:\/\/musikverket.se\/svensktvisarkiv\/artikel\/noterat-14\/\">Noterat 14<\/a><\/li>\n<li><a href=\"https:\/\/musikverket.se\/svensktvisarkiv\/artikel\/noterat-13\/\">Noterat 13 (till\u00e4gnat Eva Danielson)<\/a><\/li>\n<li><a href=\"https:\/\/musikverket.se\/svensktvisarkiv\/artikel\/noterat-12\/\">Noterat 12<\/a><\/li>\n<li><a href=\"https:\/\/musikverket.se\/svensktvisarkiv\/artikel\/noterat-11\/\">Noterat 11<\/a><\/li>\n<li><a href=\"https:\/\/musikverket.se\/svensktvisarkiv\/artikel\/1696-2\/\">Noterat 10<\/a><\/li>\n<li><a href=\"https:\/\/musikverket.se\/svensktvisarkiv\/artikel\/noterat-9-jubileumsnummer\/\">Noterat 9 (jubileumsnummer)<\/a><\/li>\n<li><a href=\"https:\/\/musikverket.se\/svensktvisarkiv\/artikel\/noterat-8\/\">Noterat 8<\/a><\/li>\n<li><a href=\"https:\/\/musikverket.se\/svensktvisarkiv\/artikel\/noterat-7\/\">Noterat 7<\/a><\/li>\n<li><a href=\"https:\/\/musikverket.se\/svensktvisarkiv\/artikel\/noterat-6\/\">Noterat 6<\/a><\/li>\n<li><a href=\"https:\/\/musikverket.se\/svensktvisarkiv\/artikel\/noterat-5\/\">Noterat 5 (julspecial)<\/a><\/li>\n<li><a href=\"https:\/\/musikverket.se\/svensktvisarkiv\/artikel\/noterat-4\/\">Noterat 4<\/a><\/li>\n<li><a href=\"https:\/\/musikverket.se\/svensktvisarkiv\/artikel\/1688-2\/\">Noterat 3<\/a><\/li>\n<li><a href=\"https:\/\/musikverket.se\/svensktvisarkiv\/artikel\/noterat-2\/\">Noterat 2<\/a><\/li>\n<li><a href=\"https:\/\/musikverket.se\/svensktvisarkiv\/artikel\/noterat-1\/\">Noterat 1<\/a><\/li>\n<\/ul>\n<\/div><\/div><\/div><\/div><\/div>","protected":false},"excerpt":{"rendered":"<p>Noterat Den popul\u00e4rvetenskapliga tidskriften Noterat gavs ut av Svenskt visarkiv 1995\u20132014. Inriktningen var brett musiketnologisk och tidskriftens ambition var att utg\u00f6ra ett forum f\u00f6r den musiketnologiska forskningen p\u00e5 olika niv\u00e5er och att vara en arena f\u00f6r diskussion av viktiga fr\u00e5gor inom musiklivet. Den t\u00e4nka m\u00e5lgruppen omfattade allt fr\u00e5n musikforskare och studenter, musiker och s\u00e5ngare till [&hellip;]<\/p>\n","protected":false},"author":4,"featured_media":0,"parent":14,"menu_order":0,"comment_status":"open","ping_status":"open","template":"","meta":{"ngg_post_thumbnail":0,"spay_email":""},"categories":[4],"tags":[16],"yoast_head":"<!-- This site is optimized with the Yoast SEO plugin v16.3 - https:\/\/yoast.com\/wordpress\/plugins\/seo\/ -->\n<meta name=\"robots\" content=\"index, follow, max-snippet:-1, max-image-preview:large, max-video-preview:-1\" \/>\n<link rel=\"canonical\" href=\"https:\/\/musikverket-old.test.consids5.se\/svensktvisarkiv\/publikationer\/noterat\/\" \/>\n<meta property=\"og:locale\" content=\"sv_SE\" \/>\n<meta property=\"og:type\" content=\"article\" \/>\n<meta property=\"og:title\" content=\"Noterat - Svenskt visarkiv\" \/>\n<meta property=\"og:description\" content=\"Noterat Den popul\u00e4rvetenskapliga tidskriften Noterat gavs ut av Svenskt visarkiv 1995\u20132014. Inriktningen var brett musiketnologisk och tidskriftens ambition var att utg\u00f6ra ett forum f\u00f6r den musiketnologiska forskningen p\u00e5 olika niv\u00e5er och att vara en arena f\u00f6r diskussion av viktiga fr\u00e5gor inom musiklivet. Den t\u00e4nka m\u00e5lgruppen omfattade allt fr\u00e5n musikforskare och studenter, musiker och s\u00e5ngare till [&hellip;]\" \/>\n<meta property=\"og:url\" content=\"https:\/\/musikverket-old.test.consids5.se\/svensktvisarkiv\/publikationer\/noterat\/\" \/>\n<meta property=\"og:site_name\" content=\"Svenskt visarkiv\" \/>\n<meta property=\"article:modified_time\" content=\"2020-04-28T12:57:27+00:00\" \/>\n<meta name=\"twitter:label1\" content=\"Ber\u00e4knad l\u00e4stid\">\n\t<meta name=\"twitter:data1\" content=\"1 minut\">\n<script type=\"application\/ld+json\" class=\"yoast-schema-graph\">{\"@context\":\"https:\/\/schema.org\",\"@graph\":[{\"@type\":\"WebSite\",\"@id\":\"https:\/\/musikverket-old.test.consids5.se\/svensktvisarkiv\/#website\",\"url\":\"https:\/\/musikverket-old.test.consids5.se\/svensktvisarkiv\/\",\"name\":\"Svenskt visarkiv\",\"description\":\"Bevarar folkmusik, \\u00e4ldre popul\\u00e4rmusik, jazz och inflyttade musiktraditioner\",\"potentialAction\":[{\"@type\":\"SearchAction\",\"target\":\"https:\/\/musikverket-old.test.consids5.se\/svensktvisarkiv\/?s={search_term_string}\",\"query-input\":\"required name=search_term_string\"}],\"inLanguage\":\"sv-SE\"},{\"@type\":\"WebPage\",\"@id\":\"https:\/\/musikverket-old.test.consids5.se\/svensktvisarkiv\/publikationer\/noterat\/#webpage\",\"url\":\"https:\/\/musikverket-old.test.consids5.se\/svensktvisarkiv\/publikationer\/noterat\/\",\"name\":\"Noterat - Svenskt visarkiv\",\"isPartOf\":{\"@id\":\"https:\/\/musikverket-old.test.consids5.se\/svensktvisarkiv\/#website\"},\"datePublished\":\"2012-12-18T19:43:15+00:00\",\"dateModified\":\"2020-04-28T12:57:27+00:00\",\"breadcrumb\":{\"@id\":\"https:\/\/musikverket-old.test.consids5.se\/svensktvisarkiv\/publikationer\/noterat\/#breadcrumb\"},\"inLanguage\":\"sv-SE\",\"potentialAction\":[{\"@type\":\"ReadAction\",\"target\":[\"https:\/\/musikverket-old.test.consids5.se\/svensktvisarkiv\/publikationer\/noterat\/\"]}]},{\"@type\":\"BreadcrumbList\",\"@id\":\"https:\/\/musikverket-old.test.consids5.se\/svensktvisarkiv\/publikationer\/noterat\/#breadcrumb\",\"itemListElement\":[{\"@type\":\"ListItem\",\"position\":1,\"item\":{\"@type\":\"WebPage\",\"@id\":\"https:\/\/musikverket-old.test.consids5.se\/svensktvisarkiv\/\",\"url\":\"https:\/\/musikverket-old.test.consids5.se\/svensktvisarkiv\/\",\"name\":\"Hem\"}},{\"@type\":\"ListItem\",\"position\":2,\"item\":{\"@type\":\"WebPage\",\"@id\":\"https:\/\/musikverket-old.test.consids5.se\/svensktvisarkiv\/publikationer\/\",\"url\":\"https:\/\/musikverket-old.test.consids5.se\/svensktvisarkiv\/publikationer\/\",\"name\":\"Publikationer\"}},{\"@type\":\"ListItem\",\"position\":3,\"item\":{\"@id\":\"https:\/\/musikverket-old.test.consids5.se\/svensktvisarkiv\/publikationer\/noterat\/#webpage\"}}]}]}<\/script>\n<!-- \/ Yoast SEO plugin. -->","jetpack_shortlink":"https:\/\/wp.me\/P2Zwnz-vc","jetpack_sharing_enabled":true,"_links":{"self":[{"href":"https:\/\/musikverket-old.test.consids5.se\/svensktvisarkiv\/wp-json\/wp\/v2\/pages\/1934"}],"collection":[{"href":"https:\/\/musikverket-old.test.consids5.se\/svensktvisarkiv\/wp-json\/wp\/v2\/pages"}],"about":[{"href":"https:\/\/musikverket-old.test.consids5.se\/svensktvisarkiv\/wp-json\/wp\/v2\/types\/page"}],"author":[{"embeddable":true,"href":"https:\/\/musikverket-old.test.consids5.se\/svensktvisarkiv\/wp-json\/wp\/v2\/users\/4"}],"replies":[{"embeddable":true,"href":"https:\/\/musikverket-old.test.consids5.se\/svensktvisarkiv\/wp-json\/wp\/v2\/comments?post=1934"}],"version-history":[{"count":0,"href":"https:\/\/musikverket-old.test.consids5.se\/svensktvisarkiv\/wp-json\/wp\/v2\/pages\/1934\/revisions"}],"up":[{"embeddable":true,"href":"https:\/\/musikverket-old.test.consids5.se\/svensktvisarkiv\/wp-json\/wp\/v2\/pages\/14"}],"wp:attachment":[{"href":"https:\/\/musikverket-old.test.consids5.se\/svensktvisarkiv\/wp-json\/wp\/v2\/media?parent=1934"}],"wp:term":[{"taxonomy":"category","embeddable":true,"href":"https:\/\/musikverket-old.test.consids5.se\/svensktvisarkiv\/wp-json\/wp\/v2\/categories?post=1934"},{"taxonomy":"post_tag","embeddable":true,"href":"https:\/\/musikverket-old.test.consids5.se\/svensktvisarkiv\/wp-json\/wp\/v2\/tags?post=1934"}],"curies":[{"name":"wp","href":"https:\/\/api.w.org\/{rel}","templated":true}]}}