{"id":27,"date":"2012-05-04T09:37:25","date_gmt":"2012-05-04T09:37:25","guid":{"rendered":"http:\/\/musikverket.adeprimo.se\/svensktvisarkiv\/?page_id=153"},"modified":"2021-01-18T09:58:53","modified_gmt":"2021-01-18T08:58:53","slug":"samfundet-for-visforskning","status":"publish","type":"page","link":"https:\/\/musikverket-old.test.consids5.se\/svensktvisarkiv\/om-svenskt-visarkiv\/samfundet-for-visforskning\/","title":{"rendered":"Samfundet f\u00f6r visforskning"},"content":{"rendered":"<div id=\"pl-27\"  class=\"panel-layout\" ><div id=\"pg-27-0\"  class=\"panel-grid panel-no-style\" ><div id=\"pgc-27-0-0\"  class=\"panel-grid-cell\" ><div id=\"panel-27-0-0-0\" class=\"so-panel widget widget_headers panel-first-child panel-last-child\" data-index=\"0\" ><div class=\"so-widget-headers so-widget-headers-base\"><h1 id=\"samfundet-for-visforskning\">Samfundet f\u00f6r visforskning <\/h1>\n<\/div><\/div><\/div><\/div><div id=\"pg-27-1\"  class=\"panel-grid panel-no-style\" ><div id=\"pgc-27-1-0\"  class=\"panel-grid-cell\" ><div id=\"panel-27-1-0-0\" class=\"so-panel widget widget_headers panel-first-child\" data-index=\"1\" ><div class=\"so-widget-headers so-widget-headers-base\"><h2 id=\"svenskt-visarkivs-stodforening\">Svenskt visarkivs st\u00f6df\u00f6rening<\/h2>\n<\/div><\/div><div id=\"panel-27-1-0-1\" class=\"so-panel widget widget_black-studio-tinymce widget_black_studio_tinymce\" data-index=\"2\" ><div class=\"textwidget\"><p>Samfundet f\u00f6r visforskning var Svenskt visarkivs st\u00f6df\u00f6rening, verksam mellan 1970 och 2019. Samfundet gav \u00e5rligen ut en publikation som g\u00e5va till sina medlemmar, f\u00f6r att fr\u00e4mja vis- och folkmusikforskning. Denna kunde antingen best\u00e5 i ny forskning fr\u00e5n Svenskt visarkiv, tidigare opublicerat material eller \u00e5terutg\u00e5vor av intressanta vissamlingar. Utgivningen skedde ofta i samarbete med andra musik- eller kulturarvsinstitutioner.<\/p>\n<p>Samfundet s\u00e5g &nbsp;under m\u00e5nga \u00e5r till att &nbsp;Visarkivet &nbsp;kunde ge ut b\u00f6cker och andra publikationer regelbundet. Idag \u00e4r arbete med publikationer i s\u00e5v\u00e4l tryckt som digital form en naturlig del av Visarkivets &nbsp;verksamhet. I v\u00e5rt v\u00e4xande utbud av viktiga forsknings- och musikpublikationer \u00e4r Samfundets \u00e5rsb\u00f6cker ett fundament.<\/p>\n<p>Ta del av <a href=\"\/svensktvisarkiv\/files\/2019\/11\/Samfundet-f\u00f6r-visforsknings-arkiv.pdf\">arkivf\u00f6rteckningen \u00f6ver samfundets arkiv (PDF)<\/a>.&nbsp;<\/p>\n<\/div><\/div><div id=\"panel-27-1-0-2\" class=\"so-panel widget widget_headers\" data-index=\"3\" ><div class=\"so-widget-headers so-widget-headers-base\"><h2 id=\"sumlen\">Sumlen<\/h2>\n<\/div><\/div><div id=\"panel-27-1-0-3\" class=\"so-panel widget widget_black-studio-tinymce widget_black_studio_tinymce panel-last-child\" data-index=\"4\" ><div class=\"textwidget\"><p><em>Sumlen<\/em> \u00e4r Svenskt visarkivs och Samfundet f\u00f6r visforsknings gemensamma \u00e5rsbok som gavs ut mellan 1976 och 1995.&nbsp;<em>Sumlen<\/em>&nbsp;omfattar uppsatser, materialeditioner och recensioner p\u00e5 vis- och folkmusikforskningens omr\u00e5de med st\u00f6rst utrymme f\u00f6r den svenska forskningen.<\/p>\n<p>Eftersom materialet i h\u00f6g grad \u00e4r samnordiskt, har \u00e4ven representanter fr\u00e5n de \u00f6vriga nordiska l\u00e4nderna ing\u00e5tt i redaktionskommitt\u00e9n. Artiklarna \u00e4r skrivna p\u00e5 svenska, norska eller danska, med en sammanfattning p\u00e5 engelska. \u00c4ven utomnordisk forskning med nordisk relevans f\u00f6rekommer i viss m\u00e5n, s\u00e4rskilt i recensionsavdelningen.<\/p>\n<p>Namnet&nbsp;<em>Sumlen<\/em>&nbsp;betyder samling, blandning, och \u00e4r \u00e4ven namnet p\u00e5 en omfattande handskriftsvolym av Johannes Thomae Bureus (1568\u20131652 ), en av portalfigurerna i svensk kulturminnesv\u00e5rd. Vissa av hans insamlade visor finns i den ursprungliga&nbsp;<em>Sumlen<\/em>, som f\u00f6rvaras p\u00e5 Kungl. biblioteket i Stockholm.<\/p>\n<p><em>Sumlens <\/em>\u00e5rg\u00e5ngar&nbsp;kan best\u00e4llas via <a title=\"Best\u00e4ll \u00e5rg\u00e5ngar av Sumlen (\u00f6ppnas p\u00e5 en ny sida)\" href=\"https:\/\/katalog.visarkiv.se\/lib\/views\/prisl\/HitList.aspx?ccl=find+sersor%3d%22sumlen%22\" target=\"_blank\" rel=\"noopener\">Svenskt visarkivs prislista<\/a>.<\/p>\n<\/div><\/div><\/div><div id=\"pgc-27-1-1\"  class=\"panel-grid-cell\" ><div id=\"panel-27-1-1-0\" class=\"so-panel widget widget_headers panel-first-child\" data-index=\"5\" ><div class=\"so-widget-headers so-widget-headers-base\"><h2 id=\"utgivna-arsbocker\">Utgivna \u00e5rsb\u00f6cker<\/h2>\n<\/div><\/div><div id=\"panel-27-1-1-1\" class=\"so-panel widget widget_black-studio-tinymce widget_black_studio_tinymce panel-last-child\" data-index=\"6\" ><div class=\"textwidget\"><ul>\n<li>2019.&nbsp;Bengt af Klintberg: Verser i svenska poesialbum.&nbsp;Kungl. Gustav Adolfs akademien f\u00f6r svensk folkkultur.<\/li>\n<li>2018. Dan Lundberg: <a href=\"\/svensktvisarkiv\/artikel\/kaklatar\/\">K\u00e5kl\u00e5tar<\/a>. F\u00e4ngelsevisor som identitetsmark\u00f6r och kulturarv.&nbsp;Gidlunds f\u00f6rlag.<\/li>\n<li>2017. J\u00f6rgen Dicander: Folkliga koraler fr\u00e5n Dalarna. Bo Ejeby F\u00f6rlag.<\/li>\n<li>2016. <a title=\"\" href=\"\/svensktvisarkiv\/artikel\/brott-tiggeri-och-brannvinets-fordarv\/\">Karin Strand: Brott, tiggeri och br\u00e4nnvinets f\u00f6rd\u00e4rv.<\/a> Studier i socialt orienterade visor i skillingtryck. Gidlunds f\u00f6rlag.<\/li>\n<li>2015. M\u00e4rta Ramsten, Karin Strand och Gunnar Ternhag (red.): Tryckta visor. Perspektiv p\u00e5 skillingtryck som k\u00e4llmaterial. Uppsala: Kungl. Gustav Adolfs Akademien f\u00f6r svensk folkkultur.<\/li>\n<li>2014. Adolf Iwar Arwidsson. Svenska forns\u00e5nger. En samling af K\u00e4mpavisor, Folk-visor, Lekar och Dansar, samt Barn- och Vall-s\u00e5nger. Uppsala och Helsingfors: Kungl. Gustav Adolfs Akademien f\u00f6r svensk folkkultur och Svenska litteraturs\u00e4llskapet i Finland.<\/li>\n<li>2013. <a title=\"Du gamla, du friska\" href=\"https:\/\/musikverket.se\/svensktvisarkiv\/artikel\/du-gamla-du-friska\/\">Eva Danielson och M\u00e4rta Ramsten: Du gamla du friska.<\/a> Fr\u00e5n folkvisa till nationals\u00e5ng. Stockholm: Atlantis.<\/li>\n<li>2012. <a title=\"S\u00e5ng under segel\" href=\"\/svensktvisarkiv\/artikel\/sang-under-segel\/\">Sigurd Sternvall: S\u00e5ng under segel.<\/a> Nyskrivet f\u00f6rord av Mathias Bostr\u00f6m och Eva Danielsson.<\/li>\n<li>2011. <a title=\"Studier i folkets visor\" href=\"\/svensktvisarkiv\/artikel\/studier-i-folkets-visor\/\">Ulf Peder Olrog: Studier i folkets visor.<\/a> Utgivna och kommenterade av Mathias Bostr\u00f6m och Karin Strand.<\/li>\n<li>2010. <a title=\"Julens visor\" href=\"\/svensktvisarkiv\/artikel\/julens-visor\/\">Julens visor.<\/a> Nytryck av uppl. 1936.Inledning av Ingrid \u00c5kesson. Bok + cd.<\/li>\n<li>2009. <a title=\"Visor fr\u00e5n sk\u00e5nska landsbygden\" href=\"\/svensktvisarkiv\/artikel\/visor-fran-skanska-landsbygden\/\">Visor fr\u00e5n sk\u00e5nska landsbygden<\/a>, samlade av Nils Andersson.Utgivna och kommenterade av Mathias Bostr\u00f6m och M\u00e4rta Ramsten.<\/li>\n<li>2008. <a title=\"Samlade visor\" href=\"\/svensktvisarkiv\/artikel\/samlade-visor-perspektiv-pa-handskrivna-visbocker\/\">Gunnar Ternhag (red.): Samlade visor.<\/a> Perspektiv p\u00e5 handskrivna visb\u00f6cker. Uppsala: Kungl. Gustav Adolfs Akademien f\u00f6r svensk folkkultur.<\/li>\n<li>2007. <a title=\"La Folia\" href=\"\/svensktvisarkiv\/artikel\/la-folia-en-europeisk-melodi-i-svenska-musikmiljoer\/\">Margareta Jersild och M\u00e4rta Ramsten: La Folia.<\/a> Bo Ejeby F\u00f6rlag<a title=\"Om La Folia\" href=\"\/svensktvisarkiv\/artikel\/la-folia-en-europeisk-melodi-i-svenska-musikmiljoer\/\">.<\/a><\/li>\n<li>2006. M\u00e4rta Ramsten och Gunnar Ternhag: Zorn och musiken. Mora: Zornsamlingarna.<\/li>\n<li>2005. <a title=\"Visans Gyllene Tid\" href=\"\/svensktvisarkiv\/artikel\/visans-gyllene-tid\/\">Visans Gyllene Tid<\/a>. Dubbel-cd med h\u00e4fte, i urval av Peder Svan.<\/li>\n<li>2004. <a title=\"Nils Svanfeldt S\u00e5ng- och visbok\" href=\"\/svensktvisarkiv\/artikel\/sang-och-visbok\/\">Nils Svanfeldt S\u00e5ng- och visbok<\/a>. (Ursprungligen utgiven 1936)<\/li>\n<li>2003. Folkliga koralmelodier fr\u00e5n Gammalsvenskby och Estland samlade av Olof Andersson. Gidlunds f\u00f6rlag. (Ursprungligen utgiven 1945)<\/li>\n<li>2002. Dan Lundberg &amp; Gunnar Ternhag: Musiketnologi. En introduktion. Gidlunds f\u00f6rlag.<\/li>\n<li>2001. Eva Danielson m.fl. (red.) En brokig samling. En bok om samlingar och samlare. Svenskt visarkiv 50 \u00e5r 1951 \u2013 2001.<\/li>\n<li>2000. Ballader. Gidlunds f\u00f6rlag.<\/li>\n<li>1999. Sven-Bertil Jansson. Den levande balladen. Prisma<\/li>\n<li>1998. Eva Danielson &amp; M\u00e4rta Ramsten. R\u00e4ven raskar. En bok om v\u00e5ra s\u00e5nglekar. Gidlunds f\u00f6rlag.<\/li>\n<li>1997. Vilhelm Carlheim-Gyllenski\u00f6ld: Visor ock Melodier. (Ursprungligen utgiven 1892)<\/li>\n<li>1996. Visa i V\u00e4rend. F\u00f6redrag fr\u00e5n Nordiskt Vissymposium i V\u00e4xj\u00f6 1993.<\/li>\n<li>1976\u20131995. Sumlen. \u00c5rsbok f\u00f6r vis- och folkmusikforskning.<\/li>\n<\/ul>\n<p>\u00c5rsb\u00f6cker kan k\u00f6pas via <a title=\"Best\u00e4ll \u00e5rsb\u00f6cker via prislistan\" href=\"https:\/\/katalog.visarkiv.se\/lib\/views\/prisl\/HitList.aspx?ccl=find+arsbok%3E0\">prislistan<\/a>.<\/p>\n<\/div><\/div><\/div><\/div><\/div>","protected":false},"excerpt":{"rendered":"<p>Samfundet f\u00f6r visforskning var Svenskt visarkivs st\u00f6df\u00f6rening, verksam mellan 1970 och 2019. Samfundet gav \u00e5rligen ut en publikation som g\u00e5va till sina medlemmar, f\u00f6r att fr\u00e4mja vis- och folkmusikforskning. Denna kunde antingen best\u00e5 i ny forskning fr\u00e5n Svenskt visarkiv, tidigare opublicerat material eller \u00e5terutg\u00e5vor av intressanta vissamlingar. Utgivningen skedde ofta i samarbete med andra musik- [&hellip;]<\/p>\n","protected":false},"author":1,"featured_media":0,"parent":45,"menu_order":0,"comment_status":"open","ping_status":"closed","template":"","meta":{"ngg_post_thumbnail":0,"spay_email":""},"categories":[4],"tags":[267,17,266],"yoast_head":"<!-- This site is optimized with the Yoast SEO plugin v16.3 - https:\/\/yoast.com\/wordpress\/plugins\/seo\/ -->\n<meta name=\"robots\" content=\"index, follow, max-snippet:-1, max-image-preview:large, max-video-preview:-1\" \/>\n<link rel=\"canonical\" href=\"https:\/\/musikverket-old.test.consids5.se\/svensktvisarkiv\/om-svenskt-visarkiv\/samfundet-for-visforskning\/\" \/>\n<meta property=\"og:locale\" content=\"sv_SE\" \/>\n<meta property=\"og:type\" content=\"article\" \/>\n<meta property=\"og:title\" content=\"Samfundet f\u00f6r visforskning - Svenskt visarkiv\" \/>\n<meta property=\"og:description\" content=\"Samfundet f\u00f6r visforskning var Svenskt visarkivs st\u00f6df\u00f6rening, verksam mellan 1970 och 2019. Samfundet gav \u00e5rligen ut en publikation som g\u00e5va till sina medlemmar, f\u00f6r att fr\u00e4mja vis- och folkmusikforskning. Denna kunde antingen best\u00e5 i ny forskning fr\u00e5n Svenskt visarkiv, tidigare opublicerat material eller \u00e5terutg\u00e5vor av intressanta vissamlingar. Utgivningen skedde ofta i samarbete med andra musik- [&hellip;]\" \/>\n<meta property=\"og:url\" content=\"https:\/\/musikverket-old.test.consids5.se\/svensktvisarkiv\/om-svenskt-visarkiv\/samfundet-for-visforskning\/\" \/>\n<meta property=\"og:site_name\" content=\"Svenskt visarkiv\" \/>\n<meta property=\"article:modified_time\" content=\"2021-01-18T08:58:53+00:00\" \/>\n<meta name=\"twitter:label1\" content=\"Ber\u00e4knad l\u00e4stid\">\n\t<meta name=\"twitter:data1\" content=\"3 minuter\">\n<script type=\"application\/ld+json\" class=\"yoast-schema-graph\">{\"@context\":\"https:\/\/schema.org\",\"@graph\":[{\"@type\":\"WebSite\",\"@id\":\"https:\/\/musikverket-old.test.consids5.se\/svensktvisarkiv\/#website\",\"url\":\"https:\/\/musikverket-old.test.consids5.se\/svensktvisarkiv\/\",\"name\":\"Svenskt visarkiv\",\"description\":\"Bevarar folkmusik, \\u00e4ldre popul\\u00e4rmusik, jazz och inflyttade musiktraditioner\",\"potentialAction\":[{\"@type\":\"SearchAction\",\"target\":\"https:\/\/musikverket-old.test.consids5.se\/svensktvisarkiv\/?s={search_term_string}\",\"query-input\":\"required name=search_term_string\"}],\"inLanguage\":\"sv-SE\"},{\"@type\":\"WebPage\",\"@id\":\"https:\/\/musikverket-old.test.consids5.se\/svensktvisarkiv\/om-svenskt-visarkiv\/samfundet-for-visforskning\/#webpage\",\"url\":\"https:\/\/musikverket-old.test.consids5.se\/svensktvisarkiv\/om-svenskt-visarkiv\/samfundet-for-visforskning\/\",\"name\":\"Samfundet f\\u00f6r visforskning - Svenskt visarkiv\",\"isPartOf\":{\"@id\":\"https:\/\/musikverket-old.test.consids5.se\/svensktvisarkiv\/#website\"},\"datePublished\":\"2012-05-04T09:37:25+00:00\",\"dateModified\":\"2021-01-18T08:58:53+00:00\",\"breadcrumb\":{\"@id\":\"https:\/\/musikverket-old.test.consids5.se\/svensktvisarkiv\/om-svenskt-visarkiv\/samfundet-for-visforskning\/#breadcrumb\"},\"inLanguage\":\"sv-SE\",\"potentialAction\":[{\"@type\":\"ReadAction\",\"target\":[\"https:\/\/musikverket-old.test.consids5.se\/svensktvisarkiv\/om-svenskt-visarkiv\/samfundet-for-visforskning\/\"]}]},{\"@type\":\"BreadcrumbList\",\"@id\":\"https:\/\/musikverket-old.test.consids5.se\/svensktvisarkiv\/om-svenskt-visarkiv\/samfundet-for-visforskning\/#breadcrumb\",\"itemListElement\":[{\"@type\":\"ListItem\",\"position\":1,\"item\":{\"@type\":\"WebPage\",\"@id\":\"https:\/\/musikverket-old.test.consids5.se\/svensktvisarkiv\/\",\"url\":\"https:\/\/musikverket-old.test.consids5.se\/svensktvisarkiv\/\",\"name\":\"Hem\"}},{\"@type\":\"ListItem\",\"position\":2,\"item\":{\"@type\":\"WebPage\",\"@id\":\"https:\/\/musikverket-old.test.consids5.se\/svensktvisarkiv\/om-svenskt-visarkiv\/\",\"url\":\"https:\/\/musikverket-old.test.consids5.se\/svensktvisarkiv\/om-svenskt-visarkiv\/\",\"name\":\"Om Svenskt visarkiv\"}},{\"@type\":\"ListItem\",\"position\":3,\"item\":{\"@id\":\"https:\/\/musikverket-old.test.consids5.se\/svensktvisarkiv\/om-svenskt-visarkiv\/samfundet-for-visforskning\/#webpage\"}}]}]}<\/script>\n<!-- \/ Yoast SEO plugin. -->","jetpack_shortlink":"https:\/\/wp.me\/P2Zwnz-r","jetpack_sharing_enabled":true,"_links":{"self":[{"href":"https:\/\/musikverket-old.test.consids5.se\/svensktvisarkiv\/wp-json\/wp\/v2\/pages\/27"}],"collection":[{"href":"https:\/\/musikverket-old.test.consids5.se\/svensktvisarkiv\/wp-json\/wp\/v2\/pages"}],"about":[{"href":"https:\/\/musikverket-old.test.consids5.se\/svensktvisarkiv\/wp-json\/wp\/v2\/types\/page"}],"author":[{"embeddable":true,"href":"https:\/\/musikverket-old.test.consids5.se\/svensktvisarkiv\/wp-json\/wp\/v2\/users\/1"}],"replies":[{"embeddable":true,"href":"https:\/\/musikverket-old.test.consids5.se\/svensktvisarkiv\/wp-json\/wp\/v2\/comments?post=27"}],"version-history":[{"count":0,"href":"https:\/\/musikverket-old.test.consids5.se\/svensktvisarkiv\/wp-json\/wp\/v2\/pages\/27\/revisions"}],"up":[{"embeddable":true,"href":"https:\/\/musikverket-old.test.consids5.se\/svensktvisarkiv\/wp-json\/wp\/v2\/pages\/45"}],"wp:attachment":[{"href":"https:\/\/musikverket-old.test.consids5.se\/svensktvisarkiv\/wp-json\/wp\/v2\/media?parent=27"}],"wp:term":[{"taxonomy":"category","embeddable":true,"href":"https:\/\/musikverket-old.test.consids5.se\/svensktvisarkiv\/wp-json\/wp\/v2\/categories?post=27"},{"taxonomy":"post_tag","embeddable":true,"href":"https:\/\/musikverket-old.test.consids5.se\/svensktvisarkiv\/wp-json\/wp\/v2\/tags?post=27"}],"curies":[{"name":"wp","href":"https:\/\/api.w.org\/{rel}","templated":true}]}}