{"id":30,"date":"2012-05-04T08:23:12","date_gmt":"2012-05-04T08:23:12","guid":{"rendered":"http:\/\/musikverket.adeprimo.se\/svensktvisarkiv\/?page_id=32"},"modified":"2023-01-09T09:46:52","modified_gmt":"2023-01-09T08:46:52","slug":"besok-visarkivet","status":"publish","type":"page","link":"https:\/\/musikverket-old.test.consids5.se\/svensktvisarkiv\/besok-visarkivet\/","title":{"rendered":"Bes\u00f6k Visarkivet"},"content":{"rendered":"<div id=\"pl-30\"  class=\"panel-layout\" ><div id=\"pg-30-0\"  class=\"panel-grid panel-no-style\" ><div id=\"pgc-30-0-0\"  class=\"panel-grid-cell\" ><div id=\"panel-30-0-0-0\" class=\"so-panel widget widget_headers panel-first-child panel-last-child\" data-index=\"0\" ><div class=\"so-widget-headers so-widget-headers-base\"><h1 id=\"expeditionen\">Expeditionen<\/h1>\n<\/div><\/div><\/div><\/div><div id=\"pg-30-1\"  class=\"panel-grid panel-no-style\" ><div id=\"pgc-30-1-0\"  class=\"panel-grid-cell panel-grid-cell-mobile-last\" ><div id=\"panel-30-1-0-0\" class=\"so-panel widget widget_black-studio-tinymce widget_black_studio_tinymce panel-first-child panel-last-child\" data-index=\"1\" ><div class=\"textwidget\"><p><em>Har du fr&aring;gor om samlingarna? V&auml;nd dig till expeditionen f&ouml;r att f&aring; svar av Visarkivets &auml;mnesexperter, s&ouml;ka i databaserna, best&auml;lla fram och ta del av material. Bes&ouml;k expeditionen p&aring; plats eller ta kontakt via telefon eller mejl.<\/em><\/p>\n<\/div><\/div><\/div><div id=\"pgc-30-1-1\"  class=\"panel-grid-cell panel-grid-cell-empty\" ><\/div><\/div><div id=\"pg-30-2\"  class=\"panel-grid panel-has-style\" ><div class=\"siteorigin-panels-stretch panel-row-style panel-row-style-for-30-2\" data-stretch-type=\"full-stretched\" ><div id=\"pgc-30-2-0\"  class=\"panel-grid-cell\" ><div id=\"panel-30-2-0-0\" class=\"so-panel widget widget_slideshow_widget panel-first-child panel-last-child\" data-index=\"2\" >\n\n<div class=\"slideshow-container\" style=\"background: #f3f3f3\">\n  <div data-duration=\"10\" class=\"slideshow standard\">\n    <ul class=\"inner centrerad\">\n    <li class=\"item\"><img class=\"image\" src=\"\/svensktvisarkiv\/files\/2012\/12\/Toppsnurra_besok_arkivet_1.png\" alt=\"\" \/><div class=\"content\"><p><\/p><p><\/p><\/div><\/li><li class=\"item\"><img class=\"image\" src=\"\/svensktvisarkiv\/files\/2012\/12\/Toppsnurra_besok_arkivet_2.png\" alt=\"\" \/><div class=\"content\"><p><\/p><p><\/p><\/div><\/li><li class=\"item\"><img class=\"image\" src=\"\/svensktvisarkiv\/files\/2012\/12\/Toppsnurra_besok_arkivet_3.png\" alt=\"\" \/><div class=\"content\"><p><\/p><p><\/p><\/div><\/li><li class=\"item\"><img class=\"image\" src=\"\/svensktvisarkiv\/files\/2012\/12\/Toppsnurra_besok_arkivet_4.png\" alt=\"\" \/><div class=\"content\"><p><\/p><p><\/p><\/div><\/li>    <\/ul>\n  <\/div>\n<\/div>\n\n\t\t<\/div><\/div><\/div><\/div><div id=\"pg-30-3\"  class=\"panel-grid panel-no-style\" ><div id=\"pgc-30-3-0\"  class=\"panel-grid-cell\" ><div id=\"panel-30-3-0-0\" class=\"so-panel widget widget_headers panel-first-child panel-last-child\" data-index=\"3\" ><div class=\"so-widget-headers so-widget-headers-base\"><h2 id=\"besok-visarkivet\">Bes\u00f6k Visarkivet<\/h2>\n<\/div><\/div><\/div><\/div><div id=\"pg-30-4\"  class=\"panel-grid panel-no-style\" ><div id=\"pgc-30-4-0\"  class=\"panel-grid-cell\" ><div id=\"panel-30-4-0-0\" class=\"so-panel widget widget_black-studio-tinymce widget_black_studio_tinymce panel-first-child panel-last-child\" data-index=\"4\" ><div class=\"textwidget\"><p><em>Expeditionen<\/em><br \/>\nTegeluddsv\u00e4gen 100, Stockholm<br \/>\nE-post:&nbsp;<a title=\"visarkivet@musikverket.se\" href=\"mailto:visarkivet@musikverket.se\" target=\"_blank\" rel=\"noopener\">visarkivet@musikverket.se&nbsp;<\/a><br \/>\nTel:&nbsp;08-519 554 88<\/p>\n<p><strong>\u00d6ppettider&nbsp;<\/strong><br \/>\nHelgfri tisdag &amp; torsdag klockan 13\u201317 eller enligt \u00f6verenskommelse.<\/p>\n<p><a title=\"Karta\" href=\"http:\/\/maps.google.com\/maps?q=Statens+Musikverk+Svenskt+Visarkiv+SVA,+Torsgatan,+Stockholm,+Sweden&amp;hl=en&amp;ie=UTF8&amp;sll=59.337138,18.042687&amp;sspn=0.018516,0.055103&amp;oq=Statens+mus&amp;hq=Statens+Musikverk+Svenskt+Visarkiv+SVA,&amp;hnear=Torsgatan,+Stockholm,+Stockholms+l%C3%A4n,+Sweden&amp;t=m&amp;z=16\" target=\"_blank\" rel=\"noopener\">Hitta hit<br \/>\n<\/a><a title=\"SL:s reseplanerare\" href=\"http:\/\/reseplanerare.sl.se\/\" target=\"_blank\" rel=\"noopener\">Res med SL<br \/>\n<\/a><a title=\"Till Entr\u00e9 Stockholms webbplats\" href=\"http:\/\/entre.stockholm.se\/scripts\/db\/entre.dll\/detnofra?css=d0*f0*t1*r0&amp;soktyp=normalsok&amp;page=0&amp;hitnumber=0&amp;antalhits=1&amp;objid=67466&amp;seekoptions=6;musik-%20och%20teaterbiblioteket;;142;musikbibliotek;;&amp;onehit=true\" target=\"_blank\" rel=\"noopener\">Tillg\u00e4nglighet<\/a><\/p>\n<\/div><\/div><\/div><div id=\"pgc-30-4-1\"  class=\"panel-grid-cell\" ><div id=\"panel-30-4-1-0\" class=\"so-panel widget widget_black-studio-tinymce widget_black_studio_tinymce panel-first-child panel-last-child\" data-index=\"5\" ><div class=\"textwidget\"><p><em>Studiebes&ouml;k<\/em><br \/>Ett studiebes&ouml;k vid Svenskt visarkiv kan inneb&auml;ra en allm&auml;n orientering om verksamheten, men kan ocks&aring; skr&auml;ddarsys efter bes&ouml;ksgruppens speciella inriktning och &ouml;nskem&aring;l.&nbsp;Studiebes&ouml;ket kan omfatta f&ouml;rel&auml;sningsmoment, demonstration av arkivmaterial, samt praktisk handledning betr&auml;ffande databaser och samlingar.<\/p>\n<p>Visarkivet tar emot grupper fr&aring;n f&ouml;reningar, skolor och h&ouml;gskolor.&nbsp;Av praktiska sk&auml;l b&ouml;r gruppen inte vara st&ouml;rre &auml;n cirka 25 personer.<\/p>\n<p>F&ouml;r att boka studiebes&ouml;k, <a title=\"roger.bergner@musikverket.se\" href=\"mailto:roger.bergner@musikverket.se\" target=\"_blank\">kontakta Roger Bergner<\/a>.<\/p>\n<\/div><\/div><\/div><\/div><div id=\"pg-30-5\"  class=\"panel-grid panel-no-style\" ><div id=\"pgc-30-5-0\"  class=\"panel-grid-cell\" ><div id=\"panel-30-5-0-0\" class=\"so-panel widget widget_headers panel-first-child\" data-index=\"6\" ><div class=\"so-widget-headers so-widget-headers-base\"><h2 id=\"i-expeditionen\">I expeditionen<\/h2>\n<\/div><\/div><div id=\"panel-30-5-0-1\" class=\"so-panel widget widget_black-studio-tinymce widget_black_studio_tinymce\" data-index=\"7\" ><div class=\"textwidget\"><p>I expeditionen kan du:<\/p>\n<ul>\n<li>s\u00f6ka i <a title=\"Visarkivets kataloger\" href=\"\/svensktvisarkiv\/sok-i-samlingarna\/\">Visarkivets kataloger<\/a> efter texter, melodier, ljudinspelningar och annat material<\/li>\n<li>s\u00f6ka fakta om folklig musik och dans, jazz, musiketnologi och angr\u00e4nsande \u00e4mnen<\/li>\n<li>lyssna p\u00e5 traditionsinspelningar och kommersiellt utgivna skivor i lyssningsrummet<\/li>\n<li>l\u00e4sa och kopiera mikrofilmat material<\/li>\n<li>best\u00e4lla fram litteratur ur arkivets&nbsp;<a title=\"Svenskt visarkivs bibliotek\" href=\"\/svensktvisarkiv\/bibliotek\/\">bibliotek<\/a> f\u00f6r l\u00e4sning p\u00e5 plats i l\u00e4sesalen<\/li>\n<li>ta fotokopior f\u00f6r eget bruk<\/li>\n<li>k\u00f6pa b\u00f6cker och skivor (<a title=\"Prislista (\u00f6ppnas i ett nytt f\u00f6nster)\" href=\"http:\/\/katalog.visarkiv.se\/lib\/views\/prisl\/AdvancedSearch.aspx\" target=\"_blank\">se prislista<\/a>)<\/li>\n<\/ul>\n<\/div><\/div><div id=\"panel-30-5-0-2\" class=\"so-panel widget widget_headers\" data-index=\"8\" ><div class=\"so-widget-headers so-widget-headers-base\"><h3 id=\"soka-och-ta-del-av-material\">S\u00f6ka och ta del av material<\/h3>\n<\/div><\/div><div id=\"panel-30-5-0-3\" class=\"so-panel widget widget_black-studio-tinymce widget_black_studio_tinymce panel-last-child\" data-index=\"9\" ><div class=\"textwidget\"><p>L&aring;ngt ifr&aring;n allt text- och notmaterial &auml;r s&ouml;kbart via webben, d&auml;ribland s&aring;dant som finns f&ouml;rtecknat i &auml;ldre kortkataloger. Arbetet med att digitalisera korten och g&ouml;ra dem <a title=\"Kortkataloger\" href=\"\/svensktvisarkiv\/sok-i-samlingarna\/#kortkataloger\" target=\"_self\">s&ouml;kbara online<\/a> p&aring;g&aring;r kontinuerligt. Expeditionspersonalen kan hj&auml;lpa till med vidare s&ouml;kningar om du inte hittar det du letar efter i de tillg&auml;ngliga katalogerna.<\/p>\n<p>F&ouml;rutom visor, l&aring;tar och ljudinspelningar finns mycket annat material i samlingarna &ndash; till exempel tidningsklipp, personarkiv, affischer, skivor, litteratur och foton &ndash; som endast &auml;r s&ouml;kbart i Visarkivets lokala databas. V&auml;lkommen hit och s&ouml;k sj&auml;lv, eller v&auml;nd dig till expeditionen med f&ouml;rfr&aring;gningar.<\/p>\n<p>Arkivmaterial f&aring;r normalt studeras i Svenskt visarkivs lokaler. Av s&auml;kerhetssk&auml;l kan maximalt fem enheter &aring;t g&aring;ngen best&auml;llas fram som l&auml;sesalsl&aring;n. &Ouml;mt&aring;ligt arkivmaterial och audiovisuella material kan beh&ouml;va migreras till digitalt format av Svenskt visarkiv innan anv&auml;ndaren kan f&aring; ta del av det. F&ouml;r att f&aring; ut mesta m&ouml;jliga av ditt bes&ouml;k &auml;r det d&auml;rf&ouml;r bra att h&ouml;ra av sig i f&ouml;rv&auml;g till expeditionen s&aring; att personalen kan ta fram\/f&ouml;rbereda materialet.<\/p>\n<p>Bes&ouml;kare kan boka bes&ouml;k utanf&ouml;r expeditionstid i &ouml;verenskommelse med personal, i m&aring;n av tid. F&ouml;rfr&aring;gningar om s&aring;dana bes&ouml;k ska st&auml;llas till expeditionen minst en vecka f&ouml;re &ouml;nskad bes&ouml;ksdag.<\/p>\n<\/div><\/div><\/div><div id=\"pgc-30-5-1\"  class=\"panel-grid-cell\" ><div id=\"panel-30-5-1-0\" class=\"so-panel widget widget_headers panel-first-child\" data-index=\"10\" ><div class=\"so-widget-headers so-widget-headers-base\"><h2 id=\"kopior-och-fjarrlan\">Kopior och fj\u00e4rrl\u00e5n<\/h2>\n<\/div><\/div><div id=\"panel-30-5-1-1\" class=\"so-panel widget widget_black-studio-tinymce widget_black_studio_tinymce\" data-index=\"11\" ><div class=\"textwidget\"><p>Visarkivet har ingen utl&aring;ning av noter och b&ouml;cker, men i expeditionen kan bes&ouml;karen kan sj&auml;lv ta papperskopior f&ouml;r eget bruk (2:-\/sida) eller skanna till usb-minne eller sin egen mejl (vilket &auml;r gratis). F&ouml;r mikrofilm &auml;r b&aring;de pappersutskrift och skanning till usb-minne m&ouml;jligt. Kopieringskort och usb-minnen kan k&ouml;pas i expeditionen.<\/p>\n<p>Kopior f&ouml;r privat bruk eller forskning kan &auml;ven best&auml;llas via expeditionen. Digitala kopior (pdf-filer) och papperskopior p&aring; enstaka texter\/noter som ej omfattas av upphovsr&auml;tten (se nedan) f&ouml;rmedlas kostnadsfritt av Svenskt visarkiv via mejl eller post. Best&auml;llningar av papperskopior som &ouml;verstiger 10 sidor debiteras med 4:-\/sida plus porto.<\/p>\n<p>Upphovsr&auml;ttsligt skyddade verk &auml;r s&aring;dana vars upphovsman &auml;r i livet eller har varit d&ouml;d mindre &auml;n 70 &aring;r och\/eller som ing&aring;r i tryckt publikation som &auml;r yngre &auml;n 50 &aring;r. S&aring;dana s&aring;nger och l&aring;tar f&aring;r Svenskt visarkiv inte f&ouml;rmedla direkt till en best&auml;llare. Visarkivet kan dock f&ouml;rmedla upphovsr&auml;ttsskyddat material som fj&auml;rrl&aring;n till lokala bibliotek. Bibliotek kan n&auml;mligen f&ouml;r l&aring;ntagares r&auml;kning best&auml;lla fj&auml;rrl&aring;nekopior kostnadsfritt p&aring; i princip allt slags notmaterial fr&aring;n Visarkivet. Detta kan sedan kopieras av l&aring;ntagaren sj&auml;lv p&aring; biblioteket (ofta mot en kopieringsavgift). F&ouml;rfarandet &auml;r enkelt: biblioteket mejlar en best&auml;llning p&aring; den &ouml;nskade noten\/texten till expeditionen:&nbsp;<a title=\"visarkivet@musikverket.se\" href=\"mailto:visarkivet@musikverket.se\" target=\"_blank\">visarkivet@musikverket.se<\/a>&nbsp;eller via best&auml;llningsformul&auml;r i <a title=\"Vis- och l&aring;tregistret\" href=\"http:\/\/katalog.visarkiv.se\/lib\/views\/visolat\/Default.aspx?item=89\" target=\"_blank\">Vis- och l&aring;tregistret<\/a>.&nbsp;Det b&ouml;r framg&aring; tydligt att best&auml;llningen kommer fr&aring;n ett bibliotek. &Auml;ven f&ouml;r detta material g&auml;ller att kopior bara f&aring;r framst&auml;llas f&ouml;r privat bruk samt att det f&aring;r publiceras eller tillg&auml;ngligg&ouml;ras endast efter uppg&ouml;relse med r&auml;ttighetsinnehavare.<\/p>\n<p>Svenskt visarkiv v&auml;rdes&auml;tter samarbetet med bibliotek s&aring; att fler anv&auml;ndare f&aring;r tillg&aring;ng till arkivets material, samtidigt som upphovsr&auml;tten respekteras.<\/p>\n<\/div><\/div><div id=\"panel-30-5-1-2\" class=\"so-panel widget widget_headers\" data-index=\"12\" ><div class=\"so-widget-headers so-widget-headers-base\"><h3 id=\"kopior-av-inspelningar\">Kopior av inspelningar<\/h3>\n<\/div><\/div><div id=\"panel-30-5-1-3\" class=\"so-panel widget widget_black-studio-tinymce widget_black_studio_tinymce panel-last-child\" data-index=\"13\" ><div class=\"textwidget\"><p>Kopior av de flesta av Visarkivets egna inspelningar kan best\u00e4llas f\u00f6r privat bruk. Arbetet debiteras per timme speltid (250:-\/timme). Kostnad f\u00f6r cd (30:-\/styck) eller usb (50:-) och porto tillkommer.<\/p>\n<\/div><\/div><\/div><\/div><div id=\"pg-30-6\"  class=\"panel-grid panel-no-style\" ><div id=\"pgc-30-6-0\"  class=\"panel-grid-cell panel-grid-cell-mobile-last\" ><div id=\"panel-30-6-0-0\" class=\"so-panel widget widget_headers panel-first-child panel-last-child\" data-index=\"14\" ><div class=\"so-widget-headers so-widget-headers-base\"><h2 id=\"serviceniva\">Serviceniv\u00e5<\/h2>\n<\/div><\/div><\/div><div id=\"pgc-30-6-1\"  class=\"panel-grid-cell panel-grid-cell-empty\" ><\/div><\/div><div id=\"pg-30-7\"  class=\"panel-grid panel-no-style\" ><div id=\"pgc-30-7-0\"  class=\"panel-grid-cell panel-grid-cell-mobile-last\" ><div id=\"panel-30-7-0-0\" class=\"so-panel widget widget_black-studio-tinymce widget_black_studio_tinymce panel-first-child panel-last-child\" data-index=\"15\" ><div class=\"textwidget\"><p>Expeditionspersonalen str&auml;var efter att hantera alla &auml;renden s&aring; snabbt som m&ouml;jligt. Best&auml;llningar p&aring; enstaka kopior expedieras i regel inom n&aring;gra dagar medan mer omfattande best&auml;llningar eller kopior p&aring; sv&aring;rtillg&auml;ngligt material kan ta lite l&auml;ngre tid.<\/p>\n<p>Fr&aring;gor om material i v&aring;ra samlingar och enklare fr&aring;gor inom v&aring;ra &auml;mnesomr&aring;den besvaras s&aring; l&aring;ngt det &auml;r m&ouml;jligt inom ramen f&ouml;r g&auml;ngse expeditionsservice, det vill s&auml;ga kostnadsfritt.<\/p>\n<p>Tidskr&auml;vande fr&aring;gor av mer komplex art, s.k &rdquo;expertf&ouml;rfr&aring;gningar\", kan besvaras mot avgift (200:-\/timme f&ouml;r ideellt bruk resp. 400 kronor\/timme f&ouml;r kommersiellt bruk). Personalen samr&aring;der alltid med fr&aring;gest&auml;llaren f&ouml;rst om detta &auml;r &ouml;nskv&auml;rt.<\/p>\n<\/div><\/div><\/div><div id=\"pgc-30-7-1\"  class=\"panel-grid-cell panel-grid-cell-empty\" ><\/div><\/div><\/div>","protected":false},"excerpt":{"rendered":"<p>Har du fr&aring;gor om samlingarna? V&auml;nd dig till expeditionen f&ouml;r att f&aring; svar av Visarkivets &auml;mnesexperter, s&ouml;ka i databaserna, best&auml;lla fram och ta del av material. Bes&ouml;k expeditionen p&aring; plats eller ta kontakt via telefon eller mejl.<\/p>\n","protected":false},"author":1,"featured_media":0,"parent":0,"menu_order":0,"comment_status":"open","ping_status":"closed","template":"","meta":{"ngg_post_thumbnail":0,"spay_email":""},"categories":[],"tags":[243,244,270,242,18],"yoast_head":"<!-- This site is optimized with the Yoast SEO plugin v16.3 - https:\/\/yoast.com\/wordpress\/plugins\/seo\/ -->\n<meta name=\"robots\" content=\"index, follow, max-snippet:-1, max-image-preview:large, max-video-preview:-1\" \/>\n<link rel=\"canonical\" href=\"https:\/\/musikverket-old.test.consids5.se\/svensktvisarkiv\/besok-visarkivet\/\" \/>\n<meta property=\"og:locale\" content=\"sv_SE\" \/>\n<meta property=\"og:type\" content=\"article\" \/>\n<meta property=\"og:title\" content=\"Bes\u00f6k Visarkivet - Svenskt visarkiv\" \/>\n<meta property=\"og:description\" content=\"Har du fr&aring;gor om samlingarna? V&auml;nd dig till expeditionen f&ouml;r att f&aring; svar av Visarkivets &auml;mnesexperter, s&ouml;ka i databaserna, best&auml;lla fram och ta del av material. Bes&ouml;k expeditionen p&aring; plats eller ta kontakt via telefon eller mejl.\" \/>\n<meta property=\"og:url\" content=\"https:\/\/musikverket-old.test.consids5.se\/svensktvisarkiv\/besok-visarkivet\/\" \/>\n<meta property=\"og:site_name\" content=\"Svenskt visarkiv\" \/>\n<meta property=\"article:modified_time\" content=\"2023-01-09T08:46:52+00:00\" \/>\n<meta name=\"twitter:label1\" content=\"Ber\u00e4knad l\u00e4stid\">\n\t<meta name=\"twitter:data1\" content=\"4 minuter\">\n<script type=\"application\/ld+json\" class=\"yoast-schema-graph\">{\"@context\":\"https:\/\/schema.org\",\"@graph\":[{\"@type\":\"WebSite\",\"@id\":\"https:\/\/musikverket-old.test.consids5.se\/svensktvisarkiv\/#website\",\"url\":\"https:\/\/musikverket-old.test.consids5.se\/svensktvisarkiv\/\",\"name\":\"Svenskt visarkiv\",\"description\":\"Bevarar folkmusik, \\u00e4ldre popul\\u00e4rmusik, jazz och inflyttade musiktraditioner\",\"potentialAction\":[{\"@type\":\"SearchAction\",\"target\":\"https:\/\/musikverket-old.test.consids5.se\/svensktvisarkiv\/?s={search_term_string}\",\"query-input\":\"required name=search_term_string\"}],\"inLanguage\":\"sv-SE\"},{\"@type\":\"WebPage\",\"@id\":\"https:\/\/musikverket-old.test.consids5.se\/svensktvisarkiv\/besok-visarkivet\/#webpage\",\"url\":\"https:\/\/musikverket-old.test.consids5.se\/svensktvisarkiv\/besok-visarkivet\/\",\"name\":\"Bes\\u00f6k Visarkivet - Svenskt visarkiv\",\"isPartOf\":{\"@id\":\"https:\/\/musikverket-old.test.consids5.se\/svensktvisarkiv\/#website\"},\"datePublished\":\"2012-05-04T08:23:12+00:00\",\"dateModified\":\"2023-01-09T08:46:52+00:00\",\"breadcrumb\":{\"@id\":\"https:\/\/musikverket-old.test.consids5.se\/svensktvisarkiv\/besok-visarkivet\/#breadcrumb\"},\"inLanguage\":\"sv-SE\",\"potentialAction\":[{\"@type\":\"ReadAction\",\"target\":[\"https:\/\/musikverket-old.test.consids5.se\/svensktvisarkiv\/besok-visarkivet\/\"]}]},{\"@type\":\"BreadcrumbList\",\"@id\":\"https:\/\/musikverket-old.test.consids5.se\/svensktvisarkiv\/besok-visarkivet\/#breadcrumb\",\"itemListElement\":[{\"@type\":\"ListItem\",\"position\":1,\"item\":{\"@type\":\"WebPage\",\"@id\":\"https:\/\/musikverket-old.test.consids5.se\/svensktvisarkiv\/\",\"url\":\"https:\/\/musikverket-old.test.consids5.se\/svensktvisarkiv\/\",\"name\":\"Hem\"}},{\"@type\":\"ListItem\",\"position\":2,\"item\":{\"@id\":\"https:\/\/musikverket-old.test.consids5.se\/svensktvisarkiv\/besok-visarkivet\/#webpage\"}}]}]}<\/script>\n<!-- \/ Yoast SEO plugin. -->","jetpack_shortlink":"https:\/\/wp.me\/P2Zwnz-u","jetpack_sharing_enabled":true,"_links":{"self":[{"href":"https:\/\/musikverket-old.test.consids5.se\/svensktvisarkiv\/wp-json\/wp\/v2\/pages\/30"}],"collection":[{"href":"https:\/\/musikverket-old.test.consids5.se\/svensktvisarkiv\/wp-json\/wp\/v2\/pages"}],"about":[{"href":"https:\/\/musikverket-old.test.consids5.se\/svensktvisarkiv\/wp-json\/wp\/v2\/types\/page"}],"author":[{"embeddable":true,"href":"https:\/\/musikverket-old.test.consids5.se\/svensktvisarkiv\/wp-json\/wp\/v2\/users\/1"}],"replies":[{"embeddable":true,"href":"https:\/\/musikverket-old.test.consids5.se\/svensktvisarkiv\/wp-json\/wp\/v2\/comments?post=30"}],"version-history":[{"count":0,"href":"https:\/\/musikverket-old.test.consids5.se\/svensktvisarkiv\/wp-json\/wp\/v2\/pages\/30\/revisions"}],"wp:attachment":[{"href":"https:\/\/musikverket-old.test.consids5.se\/svensktvisarkiv\/wp-json\/wp\/v2\/media?parent=30"}],"wp:term":[{"taxonomy":"category","embeddable":true,"href":"https:\/\/musikverket-old.test.consids5.se\/svensktvisarkiv\/wp-json\/wp\/v2\/categories?post=30"},{"taxonomy":"post_tag","embeddable":true,"href":"https:\/\/musikverket-old.test.consids5.se\/svensktvisarkiv\/wp-json\/wp\/v2\/tags?post=30"}],"curies":[{"name":"wp","href":"https:\/\/api.w.org\/{rel}","templated":true}]}}