{"id":3404,"date":"2014-06-19T09:59:04","date_gmt":"2014-06-19T07:59:04","guid":{"rendered":"http:\/\/statensmusikverk.se\/svensktvisarkiv\/?page_id=3404"},"modified":"2016-02-12T11:53:04","modified_gmt":"2016-02-12T10:53:04","slug":"anna-jakobsson","status":"publish","type":"page","link":"https:\/\/musikverket-old.test.consids5.se\/svensktvisarkiv\/handskrivna-visbocker\/anna-jakobsson\/","title":{"rendered":"Anna Jakobsson"},"content":{"rendered":"<div id=\"pl-3404\"  class=\"panel-layout\" ><div id=\"pg-3404-0\"  class=\"panel-grid panel-no-style\" ><div id=\"pgc-3404-0-0\"  class=\"panel-grid-cell\" ><div id=\"panel-3404-0-0-0\" class=\"so-panel widget widget_headers panel-first-child panel-last-child\" data-index=\"0\" ><div class=\"so-widget-headers so-widget-headers-base\"><h1 id=\"anna-jakobsson\">Anna Jakobsson<\/h1>\n<\/div><\/div><\/div><\/div><div id=\"pg-3404-1\"  class=\"panel-grid panel-no-style\" ><div id=\"pgc-3404-1-0\"  class=\"panel-grid-cell panel-grid-cell-mobile-last\" ><div id=\"panel-3404-1-0-0\" class=\"so-panel widget widget_black-studio-tinymce widget_black_studio_tinymce panel-first-child\" data-index=\"1\" ><div class=\"textwidget\"><p><em>Anna Jakobsson <em> (1889&ndash;1964)<\/em>, gift Andersson, bodde med sin man Karl Rudolf Ernfrid Andersson i Gothem socken p&aring; Gotland. Anna var baptist, sj&ouml;ng i flera k&ouml;rer under sin levnadstid och har l&auml;mnat efter sig tre visb&ouml;cker med andliga visor.<\/em><\/p>\n<p><em>&nbsp;<\/em><\/p>\n<\/div><\/div><div id=\"panel-3404-1-0-1\" class=\"so-panel widget widget_sow-image\" data-index=\"2\" ><div class=\"so-widget-sow-image so-widget-sow-image-default-d6014b76747a\">\n\n<div class=\"sow-image-container\">\n\t<img src=\"https:\/\/musikverket-old.test.consids5.se\/svensktvisarkiv\/files\/2014\/01\/SVA_gotl_visb_Anna_Jakobsson_artikel_680px.jpg\" width=\"680\" height=\"364\" srcset=\"https:\/\/musikverket-old.test.consids5.se\/svensktvisarkiv\/files\/2014\/01\/SVA_gotl_visb_Anna_Jakobsson_artikel_680px.jpg 680w, https:\/\/musikverket-old.test.consids5.se\/svensktvisarkiv\/files\/2014\/01\/SVA_gotl_visb_Anna_Jakobsson_artikel_680px-300x160.jpg 300w, https:\/\/musikverket-old.test.consids5.se\/svensktvisarkiv\/files\/2014\/01\/SVA_gotl_visb_Anna_Jakobsson_artikel_680px-252x134.jpg 252w, https:\/\/musikverket-old.test.consids5.se\/svensktvisarkiv\/files\/2014\/01\/SVA_gotl_visb_Anna_Jakobsson_artikel_680px-467x250.jpg 467w, https:\/\/musikverket-old.test.consids5.se\/svensktvisarkiv\/files\/2014\/01\/SVA_gotl_visb_Anna_Jakobsson_artikel_680px-251x134.jpg 251w\" sizes=\"(max-width: 680px) 100vw, 680px\" title=\"Anna Jakobsson. Foto: Svenskt visarkiv\" alt=\"Anna Jakobsson. Foto: Svenskt visarkiv\" \t\tclass=\"so-widget-image\"\/>\n<\/div>\n\n<\/div><\/div><div id=\"panel-3404-1-0-2\" class=\"so-panel widget widget_black-studio-tinymce widget_black_studio_tinymce panel-last-child\" data-index=\"3\" ><div class=\"textwidget\"><p>Anna Teresia Jakobsson, gift Andersson, har l&auml;mnat tre visb&ouml;cker efter sig, samtliga skrev hon innan hon gifte sig. Anna var f&ouml;dd vid ett litet st&auml;lle vid Tummungs i Gothem socken den 29 september 1889. De var fem syskon i familjen, men pappan och tv&aring; av syskonen dog i tuberkulos n&aring;got av de f&ouml;rsta &aring;ren p&aring; det nya seklet. Efter det br&auml;ndes huset de bott i, i hopp om att stoppa smittan. Annas mor och de &ouml;verlevande barnen fick i st&auml;llet flytta till Botvalde i socknen.<\/p>\n<h2>Andliga s&aring;nger<\/h2>\n<p>Anna var baptist och sj&ouml;ng i baptisternas ungdomsk&ouml;r, det &auml;r andliga visor som dominerar i hennes b&ouml;cker. Den f&ouml;rsta boken inleds med s&aring;ngen <em>Den b&auml;ste v&auml;nnen &auml;r Jesus. <\/em>I slutet finns ett register &ouml;ver s&aring;ngerna, allt sirligt skrivet med vacker handstil. Alla tre b&ouml;ckerna har svarta vaxduksp&auml;rmar, en &auml;r daterad till 1906.<\/p>\n<p>Anna tj&auml;nade vid g&aring;rden Botvalde i sjutton &aring;r, det var d&auml;r hon m&ouml;tte sin man, Karl Rudolf Ernfrid Andersson. Han var f&ouml;dd den 24 oktober 1884 i Hangvar. Eftersom de var baptister vigdes de inte i kyrkan, utan borgerligt av landsfiskalen i Slite 1919. Sonen Lennart Andersson, som fyllde 80 &aring;r 2013, har &auml;nnu kvar en bit bitsocker fr&aring;n br&ouml;llopet och en bordslampa de fick i br&ouml;llopspresent.&nbsp;<\/p>\n<p>1921 k&ouml;pte de ett litet st&auml;lle i fiskel&auml;get Botvaldevik i Gothem, d&auml;r sonen Lennart &auml;nnu bor. Fiskel&auml;get ligger sex kilometer fr&aring;n kyrkan och skolan i socknens centrum. Botvaldevik var ett samh&auml;lle &rdquo;f&ouml;r sig sj&auml;lv&rdquo; med en fin gemenskap. De flesta var fiskare, men Anderssons var sm&aring;brukare och hj&auml;lpte till hos b&ouml;nder.<\/p>\n<p>Rudolf var diversearbetare, han var brunnsspr&auml;ngare och spr&auml;ngde brunnar. Han sotade och hj&auml;lpte till vid byggen, han kunde vara borta hela veckor i str&auml;ck. Anna gjorde dagsverken i trakten: plockade potatis, hj&auml;lpte till p&aring; &aring;krarna. De hade n&aring;gra kor men ingen egen mark, s&aring; hon fick &rdquo;g&aring; pa gate&rdquo; och valla korna invid v&auml;gkanten. Om h&ouml;sten plockade hon b&auml;r och s&aring;lde.<\/p>\n<h2>Sj&ouml;ng i flera k&ouml;rer<\/h2>\n<p>Anna sj&ouml;ng f&ouml;rst i baptisternas ungdomsk&ouml;r, sedan i s&aring;ngk&ouml;ren tillsammans med ett tjugotal kvinnor. De hade egna s&aring;ngb&ouml;cker och skrev av visor ur varandras b&ouml;cker. Anna sj&ouml;ng alltid hemma, om eftermiddagarna, skillingtryck med &aring;tskilliga verser. &rdquo;Det var ett f&ouml;rskr&auml;ckligt sjungande, och de d&auml;r skillingtrycken blev bara sorgligare och sorgligare, till sist kunde t&aring;rar komma p&aring; vem som helst&rdquo;, s&auml;ger sonen Lennart Andersson.<\/p>\n<p>Han ber&auml;ttar att det h&auml;nde att mamman vikarierade som s&ouml;ndagsskolel&auml;rare. Hur det gick till ber&auml;ttade Lennarts fostersyster Anna-Lisa, som nu g&aring;tt ur tiden, i en intervju 1979 som publicerats i min bok&nbsp;<em>N&auml;tterna var v&aring;ra<\/em>&nbsp;(1996):&nbsp;<\/p>\n<blockquote>\n<p>Mamma h&ouml;ll s&ouml;ndagsskola i v&aring;ra tv&aring; rum och k&ouml;k. Mellan nio och elva satt alla barn hos oss och lyssnade och sj&ouml;ng. Det religi&ouml;sa, det pr&auml;glade v&aring;rt hem med sina m&aring;nga regler. Varje l&ouml;rdag hade mamma renskurat tr&auml;golven och rullat av de vanliga vardagsmattorna och klockan sex rullade hon p&aring; f&auml;rgglada s&ouml;ndagsmattor. De fick sedan ligga tills pappa gav sig av till arbetet p&aring; m&aring;ndag morgon.<\/p>\n<p>Det fanns n&aring;got som hette bidlag (bjudlag). Alla st&auml;llen med samma g&aring;rdsnamn ingick i bidlaget och var det fest, br&ouml;llop eller begravning s&aring; skulle bidlaget bjudas och det till h&auml;st &ndash; en ryttare red runt och bj&ouml;d. Begravningar, det var stora fester. Jag har faktiskt varit med om en begravning d&auml;r det var dans p&aring; vinden efter&aring;t. Begravningar var h&ouml;gtider, ett avbrott i det vardagliga. De s&aring;g man fram emot. Och det h&auml;nde att s&aring; snart de stoppat liket i jorden gl&ouml;mde de det. Eller sa man att det var synd att liket inte varit med f&ouml;r det skulle ha haft v&auml;ldigt roligt!<\/p>\n<\/blockquote>\n<p>Pappa Rudolf hette Karl i andranamn, och &auml;ven att man inte firade f&ouml;delsedagar s&auml;rskilt, h&ouml;ll de h&aring;rt p&aring; Karl-dagen den 28 januari. D&aring; kom han hem fr&aring;n skogen p&aring; dagen och tog sig en stund ledigt. Anna levde till juni 1964, Rudolf till mars 1967.<\/p>\n<p>Rudolf spelade lite munspel och sonen Lennart ber&auml;ttar hur han sj&auml;lv s&aring; g&auml;rna ville spela dragspel. Han best&auml;llde ett dragspel fr&aring;n Hagstr&ouml;ms. Det levererades till K&auml;llunge station, men han hade aldrig r&aring;d att l&ouml;sa ut det, s&aring; det fick g&aring; tillbaka. Lennart kommenterar: &rdquo;Det var synd, det!&rdquo;<\/p>\n<p style=\"text-align: right;\"><em>Eva Sj&ouml;strand<\/em><\/p>\n<p><a title=\"Anna Jakobsson\" href=\"http:\/\/statensmusikverk.se\/svensktvisarkiv\/files\/2014\/04\/SMV_gotl_visb_bild_Anna-Jakobsson.jpg\" target=\"_blank\">Bild p&aring; Anna Jakobsson<\/a><\/p>\n<h2>Annas visb&ouml;cker<\/h2>\n<ul>\n<li><a title=\"Anna Jakobssons visbok 1\" href=\"http:\/\/urn.kb.se\/resolve?urn=urn:nbn:se:statensmusikverk-271\" target=\"_blank\">Visbok 1 (acc. nr KopD Gotl V 003)<\/a><\/li>\n<li><a title=\"Anna Jakobssons visbok 2\" href=\"http:\/\/urn.kb.se\/resolve?urn=urn:nbn:se:statensmusikverk-272\" target=\"_blank\">Visbok 2 (acc. nr KopD Gotl V 004)<\/a>&nbsp;&nbsp;<\/li>\n<li><a title=\"Anna Jakobssons visbok 3\" href=\"http:\/\/urn.kb.se\/resolve?urn=urn:nbn:se:statensmusikverk-273\" target=\"_blank\">Visbok 3 (acc. nr KopD Gotl V 005)<\/a><\/li>\n<\/ul>\n<\/div><\/div><\/div><div id=\"pgc-3404-1-1\"  class=\"panel-grid-cell panel-grid-cell-empty\" ><\/div><\/div><\/div>","protected":false},"excerpt":{"rendered":"<p>Anna Jakobsson (1889\u20131964) var baptist och sj\u00f6ng i flera k\u00f6rer. Hon har l\u00e4mnat efter sig tre visb\u00f6cker med andliga visor.<\/p>\n","protected":false},"author":3,"featured_media":3437,"parent":3368,"menu_order":0,"comment_status":"open","ping_status":"open","template":"","meta":{"ngg_post_thumbnail":0,"spay_email":""},"categories":[4],"tags":[329],"yoast_head":"<!-- This site is optimized with the Yoast SEO plugin v16.3 - https:\/\/yoast.com\/wordpress\/plugins\/seo\/ -->\n<meta name=\"robots\" content=\"index, follow, max-snippet:-1, max-image-preview:large, max-video-preview:-1\" \/>\n<link rel=\"canonical\" href=\"https:\/\/musikverket-old.test.consids5.se\/svensktvisarkiv\/handskrivna-visbocker\/anna-jakobsson\/\" \/>\n<meta property=\"og:locale\" content=\"sv_SE\" \/>\n<meta property=\"og:type\" content=\"article\" \/>\n<meta property=\"og:title\" content=\"Anna Jakobsson - Svenskt visarkiv\" \/>\n<meta property=\"og:description\" content=\"Anna Jakobsson (1889\u20131964) var baptist och sj\u00f6ng i flera k\u00f6rer. Hon har l\u00e4mnat efter sig tre visb\u00f6cker med andliga visor.\" \/>\n<meta property=\"og:url\" content=\"https:\/\/musikverket-old.test.consids5.se\/svensktvisarkiv\/handskrivna-visbocker\/anna-jakobsson\/\" \/>\n<meta property=\"og:site_name\" content=\"Svenskt visarkiv\" \/>\n<meta property=\"article:modified_time\" content=\"2016-02-12T10:53:04+00:00\" \/>\n<meta property=\"og:image\" content=\"https:\/\/musikverket.se\/svensktvisarkiv\/files\/2014\/01\/SVA_gotl_visb_Anna_Jakobsson_artikel_680px.jpg\" \/>\n\t<meta property=\"og:image:width\" content=\"680\" \/>\n\t<meta property=\"og:image:height\" content=\"364\" \/>\n<meta name=\"twitter:label1\" content=\"Ber\u00e4knad l\u00e4stid\">\n\t<meta name=\"twitter:data1\" content=\"4 minuter\">\n<script type=\"application\/ld+json\" class=\"yoast-schema-graph\">{\"@context\":\"https:\/\/schema.org\",\"@graph\":[{\"@type\":\"WebSite\",\"@id\":\"https:\/\/musikverket-old.test.consids5.se\/svensktvisarkiv\/#website\",\"url\":\"https:\/\/musikverket-old.test.consids5.se\/svensktvisarkiv\/\",\"name\":\"Svenskt visarkiv\",\"description\":\"Bevarar folkmusik, \\u00e4ldre popul\\u00e4rmusik, jazz och inflyttade musiktraditioner\",\"potentialAction\":[{\"@type\":\"SearchAction\",\"target\":\"https:\/\/musikverket-old.test.consids5.se\/svensktvisarkiv\/?s={search_term_string}\",\"query-input\":\"required name=search_term_string\"}],\"inLanguage\":\"sv-SE\"},{\"@type\":\"ImageObject\",\"@id\":\"https:\/\/musikverket-old.test.consids5.se\/svensktvisarkiv\/handskrivna-visbocker\/anna-jakobsson\/#primaryimage\",\"inLanguage\":\"sv-SE\",\"url\":\"https:\/\/musikverket-old.test.consids5.se\/svensktvisarkiv\/files\/2014\/01\/SVA_gotl_visb_Anna_Jakobsson_artikel_680px.jpg\",\"contentUrl\":\"https:\/\/musikverket-old.test.consids5.se\/svensktvisarkiv\/files\/2014\/01\/SVA_gotl_visb_Anna_Jakobsson_artikel_680px.jpg\",\"width\":\"680\",\"height\":\"364\",\"caption\":\"Anna Jakobsson. Foto: Svenskt visarkiv\"},{\"@type\":\"WebPage\",\"@id\":\"https:\/\/musikverket-old.test.consids5.se\/svensktvisarkiv\/handskrivna-visbocker\/anna-jakobsson\/#webpage\",\"url\":\"https:\/\/musikverket-old.test.consids5.se\/svensktvisarkiv\/handskrivna-visbocker\/anna-jakobsson\/\",\"name\":\"Anna Jakobsson - Svenskt visarkiv\",\"isPartOf\":{\"@id\":\"https:\/\/musikverket-old.test.consids5.se\/svensktvisarkiv\/#website\"},\"primaryImageOfPage\":{\"@id\":\"https:\/\/musikverket-old.test.consids5.se\/svensktvisarkiv\/handskrivna-visbocker\/anna-jakobsson\/#primaryimage\"},\"datePublished\":\"2014-06-19T07:59:04+00:00\",\"dateModified\":\"2016-02-12T10:53:04+00:00\",\"breadcrumb\":{\"@id\":\"https:\/\/musikverket-old.test.consids5.se\/svensktvisarkiv\/handskrivna-visbocker\/anna-jakobsson\/#breadcrumb\"},\"inLanguage\":\"sv-SE\",\"potentialAction\":[{\"@type\":\"ReadAction\",\"target\":[\"https:\/\/musikverket-old.test.consids5.se\/svensktvisarkiv\/handskrivna-visbocker\/anna-jakobsson\/\"]}]},{\"@type\":\"BreadcrumbList\",\"@id\":\"https:\/\/musikverket-old.test.consids5.se\/svensktvisarkiv\/handskrivna-visbocker\/anna-jakobsson\/#breadcrumb\",\"itemListElement\":[{\"@type\":\"ListItem\",\"position\":1,\"item\":{\"@type\":\"WebPage\",\"@id\":\"https:\/\/musikverket-old.test.consids5.se\/svensktvisarkiv\/\",\"url\":\"https:\/\/musikverket-old.test.consids5.se\/svensktvisarkiv\/\",\"name\":\"Hem\"}},{\"@type\":\"ListItem\",\"position\":2,\"item\":{\"@type\":\"WebPage\",\"@id\":\"https:\/\/musikverket-old.test.consids5.se\/svensktvisarkiv\/handskrivna-visbocker\/\",\"url\":\"https:\/\/musikverket-old.test.consids5.se\/svensktvisarkiv\/handskrivna-visbocker\/\",\"name\":\"Handskrivna visb\\u00f6cker\"}},{\"@type\":\"ListItem\",\"position\":3,\"item\":{\"@id\":\"https:\/\/musikverket-old.test.consids5.se\/svensktvisarkiv\/handskrivna-visbocker\/anna-jakobsson\/#webpage\"}}]}]}<\/script>\n<!-- \/ Yoast SEO plugin. -->","jetpack_shortlink":"https:\/\/wp.me\/P2Zwnz-SU","jetpack_sharing_enabled":true,"_links":{"self":[{"href":"https:\/\/musikverket-old.test.consids5.se\/svensktvisarkiv\/wp-json\/wp\/v2\/pages\/3404"}],"collection":[{"href":"https:\/\/musikverket-old.test.consids5.se\/svensktvisarkiv\/wp-json\/wp\/v2\/pages"}],"about":[{"href":"https:\/\/musikverket-old.test.consids5.se\/svensktvisarkiv\/wp-json\/wp\/v2\/types\/page"}],"author":[{"embeddable":true,"href":"https:\/\/musikverket-old.test.consids5.se\/svensktvisarkiv\/wp-json\/wp\/v2\/users\/3"}],"replies":[{"embeddable":true,"href":"https:\/\/musikverket-old.test.consids5.se\/svensktvisarkiv\/wp-json\/wp\/v2\/comments?post=3404"}],"version-history":[{"count":0,"href":"https:\/\/musikverket-old.test.consids5.se\/svensktvisarkiv\/wp-json\/wp\/v2\/pages\/3404\/revisions"}],"up":[{"embeddable":true,"href":"https:\/\/musikverket-old.test.consids5.se\/svensktvisarkiv\/wp-json\/wp\/v2\/pages\/3368"}],"wp:featuredmedia":[{"embeddable":true,"href":"https:\/\/musikverket-old.test.consids5.se\/svensktvisarkiv\/wp-json\/wp\/v2\/media\/3437"}],"wp:attachment":[{"href":"https:\/\/musikverket-old.test.consids5.se\/svensktvisarkiv\/wp-json\/wp\/v2\/media?parent=3404"}],"wp:term":[{"taxonomy":"category","embeddable":true,"href":"https:\/\/musikverket-old.test.consids5.se\/svensktvisarkiv\/wp-json\/wp\/v2\/categories?post=3404"},{"taxonomy":"post_tag","embeddable":true,"href":"https:\/\/musikverket-old.test.consids5.se\/svensktvisarkiv\/wp-json\/wp\/v2\/tags?post=3404"}],"curies":[{"name":"wp","href":"https:\/\/api.w.org\/{rel}","templated":true}]}}