{"id":3479,"date":"2014-06-19T09:57:40","date_gmt":"2014-06-19T07:57:40","guid":{"rendered":"http:\/\/statensmusikverk.se\/svensktvisarkiv\/?page_id=3479"},"modified":"2016-02-12T13:24:30","modified_gmt":"2016-02-12T12:24:30","slug":"henning-svensson","status":"publish","type":"page","link":"https:\/\/musikverket-old.test.consids5.se\/svensktvisarkiv\/handskrivna-visbocker\/henning-svensson\/","title":{"rendered":"Henning Svensson"},"content":{"rendered":"<div id=\"pl-3479\"  class=\"panel-layout\" ><div id=\"pg-3479-0\"  class=\"panel-grid panel-no-style\" ><div id=\"pgc-3479-0-0\"  class=\"panel-grid-cell\" ><div id=\"panel-3479-0-0-0\" class=\"so-panel widget widget_headers panel-first-child panel-last-child\" data-index=\"0\" ><div class=\"so-widget-headers so-widget-headers-base\"><h1 id=\"henning-svensson\">Henning Svensson<\/h1>\n<\/div><\/div><\/div><\/div><div id=\"pg-3479-1\"  class=\"panel-grid panel-no-style\" ><div id=\"pgc-3479-1-0\"  class=\"panel-grid-cell panel-grid-cell-mobile-last\" ><div id=\"panel-3479-1-0-0\" class=\"so-panel widget widget_black-studio-tinymce widget_black_studio_tinymce panel-first-child\" data-index=\"1\" ><div class=\"textwidget\"><p><em>Henning Svensson (1893&ndash;1964) gick tidigt till sj&ouml;ss men en olycka f&ouml;r&auml;ndrade hans yrkesbana. Han blev senare fotograf med egen atelj&eacute; i Hemse p&aring; Gotland. Visboken som han l&auml;mnat efter sig skrevs under v&auml;rnplikten i flottan.<\/em><\/p>\n<\/div><\/div><div id=\"panel-3479-1-0-1\" class=\"so-panel widget widget_sow-image\" data-index=\"2\" ><div class=\"so-widget-sow-image so-widget-sow-image-default-d6014b76747a\">\n\n<div class=\"sow-image-container\">\n\t<img src=\"https:\/\/musikverket-old.test.consids5.se\/svensktvisarkiv\/files\/2014\/01\/SVA_gotl_visb_Henning_Svensson_artikel_680px.jpg\" width=\"680\" height=\"364\" srcset=\"https:\/\/musikverket-old.test.consids5.se\/svensktvisarkiv\/files\/2014\/01\/SVA_gotl_visb_Henning_Svensson_artikel_680px.jpg 680w, https:\/\/musikverket-old.test.consids5.se\/svensktvisarkiv\/files\/2014\/01\/SVA_gotl_visb_Henning_Svensson_artikel_680px-300x160.jpg 300w, https:\/\/musikverket-old.test.consids5.se\/svensktvisarkiv\/files\/2014\/01\/SVA_gotl_visb_Henning_Svensson_artikel_680px-252x134.jpg 252w, https:\/\/musikverket-old.test.consids5.se\/svensktvisarkiv\/files\/2014\/01\/SVA_gotl_visb_Henning_Svensson_artikel_680px-467x250.jpg 467w, https:\/\/musikverket-old.test.consids5.se\/svensktvisarkiv\/files\/2014\/01\/SVA_gotl_visb_Henning_Svensson_artikel_680px-251x134.jpg 251w\" sizes=\"(max-width: 680px) 100vw, 680px\" title=\"Henning Svensson. Foto: Svenskt visarkiv\" alt=\"Henning Svensson. Foto: Svenskt visarkiv\" \t\tclass=\"so-widget-image\"\/>\n<\/div>\n\n<\/div><\/div><div id=\"panel-3479-1-0-2\" class=\"so-panel widget widget_black-studio-tinymce widget_black_studio_tinymce panel-last-child\" data-index=\"3\" ><div class=\"textwidget\"><p>Henning Svensson har l&auml;mnat en visbok efter sig med n&aring;gra teckningar och visor skrivna med sirlig handstil. Henning f&ouml;ddes i Ronehamn vid Gotlands &ouml;stra kust 1893, han var enda barnet. Pappan Johan Adolf var m&aring;lare, han reste omkring i g&aring;rdarna och m&aring;lade. Han var konstn&auml;rligt lagd och mycket av hans m&aring;leri finns &auml;nnu bevarat. Mamma Hilma var duktig att sy. Henning Svensson ber&auml;ttar sj&auml;lv i sina minnen:<\/p>\n<blockquote>\n<p>I hemmet r&aring;dde alltid frid och endr&auml;kt. P&aring; s&ouml;ndagarna n&auml;r Far var hemma h&ouml;lls en stunds andakt, varvid Far l&auml;ste n&aring;got kapitel i bibeln och Mor sj&ouml;ng n&aring;gon vacker psalm. Mor hade en synnerligen vacker s&aring;ngr&ouml;st. Den vanligaste psalmen som de brukade sjunga var: <em>S&aring; g&aring;r en dag &auml;n fr&aring;n v&aring;r tid och kommer icke mer&hellip;<\/em><\/p>\n<p>Mor var en duktig s&ouml;mmerska och var nog den f&ouml;rsta p&aring; Ronehamn som hade en symaskin. N&auml;r hon var ute i bygden och sydde s&aring; kom dem och h&auml;mtade henne med h&auml;stskjuts och tog maskinen med p&aring; vagnen. N&auml;r Mor satt hemma och sydde brukade jag ligga p&aring; golvet och dra i pinnen som f&ouml;renade trampan p&aring; maskinen med symaskinen och Mor brukade d&aring; sjunga <em>Hjalmar och Hulda<\/em> samt <em>Alpens Ros<\/em> med flera av d&aring;tidens visor.<\/p>\n<\/blockquote>\n<p>Hennings mor kom fr&aring;n en familj med b&aring;tsm&auml;n och sj&ouml;m&auml;n. Morbror Vilhelm var Hennings stora f&ouml;rebild, han var kustroddare i Ronehamn, han drunkade en vinterdag vid Ytterholmen.<\/p>\n<blockquote>\n<p>Jag fick ofta f&ouml;lja med min morbror Vilhelm i hans b&aring;t ut till holmarna d&auml;r han hade kaninfarm och d&auml;r det var gott om f&aring;gel. Jag hade en tam fiskm&aring;s i ett par &aring;r, den hette Pelle och var s&aring; tam att den kom fram till k&ouml;ksf&ouml;nstret och fick mat. V&aring;r granne &Aring;lderman Wigsten hade ocks&aring; en s&aring;dan m&aring;sunge som han kallade Jakob, vilket han hade l&auml;rt att dansa. Gubben var n&auml;ra 80 &aring;r och sj&ouml;ng d&aring;: Dansa lille far, dansa lilla mor och dansa lille Jakob.<\/p>\n<\/blockquote>\n<h2>Gick till sj&ouml;ss<\/h2>\n<p>Havet drog. Trots f&ouml;r&auml;ldrarnas motvilja gick den unge Henning till sj&ouml;ss s&aring; snart han konfirmerats. F&ouml;rst var han jungman p&aring; galeasen Otto, de seglade med laster i &Ouml;stersj&ouml;n fr&aring;n Malm&ouml; till Ljugarn p&aring; Gotland, norrut till G&auml;vle och s&ouml;derut till Neustadt i Tyskland.<\/p>\n<p>Efter en v&aring;dlig f&auml;rd som kunde blivit hans sista m&ouml;nstrade han av och stannade hemma &ouml;ver vintern. Till v&aring;ren m&ouml;nstrade han p&aring; barkskeppet Antoinette fr&aring;n Simrishamn som skeppade splitved fr&aring;n Norrland till London. Men n&auml;r b&aring;ten under vintern l&aring;g i torrdocka i Lindholmen vid G&ouml;teborg h&auml;nde en olycka som f&ouml;r&auml;ndrade Henning Svenssons liv: han satt p&aring; en planka och m&aring;lade skutsidan n&auml;r plankan kom i gungning. Henning f&ouml;ll 22 fot rakt ner i huggen granit. Han ruskade lite p&aring; sig och gick d&auml;rifr&aring;n som om inget h&auml;nt, men s&aring; sm&aring;ningom hann olyckan ifatt honom. Han fick v&auml;rk i benet, senare tbc i kn&auml;et, han opererades men hade f&aring;tt men f&ouml;r livet.<\/p>\n<h2>Studerade p&aring; folkh&ouml;gskola<\/h2>\n<p>1911 var han hemma p&aring; Gotland igen och studerade vid folkh&ouml;gskolan i Hemse. Sj&ouml;ng han? Henning ber&auml;ttar sj&auml;lv:<\/p>\n<blockquote>\n<p>En g&aring;ng var det stor fest p&aring; godtemplarsalen, det var nuvarande missionshuset, d&auml;r upptr&auml;dde jag och Rudolf Larsson och sj&ouml;ng <em>Babords halsar<\/em>, ja det var en glad tid.<\/p>\n<\/blockquote>\n<p>N&auml;r skolan var slut tog han anst&auml;llning hos en byggnadssnickare:<\/p>\n<blockquote>\n<p>Vi byggde en bondg&aring;rd vid Koparve i Alva, ett egnahem samt ett missionshus i Hablingbo, d&auml;r var Arvid Nilsson och Gottfrid Lundqvist mina kamrater och vi hade mycket roligt.<\/p>\n<p>Det var den tiden d&aring; den stora Titanicolyckan hade h&auml;nt och vi sj&ouml;ng <em>Titanicvisan<\/em> s&aring; det ekade i salen, samt en annan visa som d&aring; var p&aring; modet: <em>Beskuggad utav bj&ouml;rk och lindar min stuga st&aring;r invid ett berg<\/em>.<\/p>\n<\/blockquote>\n<h2>Skrev visbok i flottan<\/h2>\n<p>N&auml;r det var dags att g&ouml;ra v&auml;rnplikt ryckte Henning Svensson in som artillerimatros vid Flottans station p&aring; Skeppsholmen i Stockholm den 7 november 1912. Han var i tj&auml;nst ombord p&aring; pansarb&aring;ten G&ouml;ta. Det var ombord p&aring; den han inledde visboken julafton 1912. Visboken har svart p&auml;rm, p&aring; f&ouml;rs&auml;ttsbladet finns en teckning av b&aring;ten inramad av blommor. Henning har skrivit visor sj&auml;lv men ocks&aring; f&aring;tt m&aring;nga kamrater att bidra, som Persson fr&aring;n Malm&ouml; som skrev <em>Luffarevalsen<\/em>. Psalmen <em>N&auml;rmare Gud till Dig <\/em>skrev Henning iland p&aring; Skeppsholmen 1913. D&aring; tecknade han ocks&aring; ned s&aring;ngen om barkskeppet han f&auml;rdats med 1911, Antoinette:&nbsp;<\/p>\n<p><em>V&aring;rt skepp f&ouml;r fulla segel d&auml;r nu l&auml;nsar ut ur hamn<br \/><\/em><em>F&ouml;rlig vind, f&ouml;rlig vind har det nu<br \/><\/em><em>Och i skeppets akterspegel kan ni l&auml;sa hennes namn<br \/><\/em><em>Ja d&auml;r st&aring;r jo Antoinette, skutan ifr&aring;n Simrishamn&nbsp;<br \/><\/em><em>Refr: Tra da dam, tra da dam, trallalla.<\/em><\/p>\n<p>Visboken avslutas med en rolig historia om hur en kvinna sk&auml;nkt sin man en guldklimp p&aring; tolv sk&aring;lpund. N&auml;r detta n&aring;r lokaltidningens reporter &aring;ker denne ut och fr&aring;gar efter mannens guldfyndighet och om &rdquo;h&aring;let &auml;r n&auml;ra..?&rdquo;<\/p>\n<h2>Sadlar om till fotograf<\/h2>\n<p>Efter v&auml;rnplikten tj&auml;nstgjorde Henning Svensson en tid som kusttullare, men hans onda kn&auml; b&ouml;rjade snart g&ouml;ra sig p&aring;mint. Minnesskriften &auml;r fylld av ber&auml;ttelser om bes&ouml;k hos olika l&auml;kare och insikten att sj&ouml;manslivet blev f&ouml;r h&aring;rt. S&aring; n&auml;r han en dag fick se en annons fr&aring;n br&ouml;derna &Aring;kerbloms kemigrafiska anstalt tog han f&ouml;rsta steget p&aring; den bana som blev hans: fotograf. Med ett kort avbrott vid mobiliseringen 1914:<\/p>\n<blockquote>\n<p>En s&ouml;ndag var jag utbjuden av Vilhelm Andersson, en gotl&auml;nning och kamrat fr&aring;n tullverket, tillsammans med ett tiotal tullare med damer, att &aring;ka motorb&aring;t ut till Skurusund. Vi hade mat med oss och hade mycket trevligt d&auml;rute. Som vi lekte &rdquo;sista paret ut&rdquo; s&aring; b&ouml;rjade kyrkklockorna att ringa, det var allm&auml;n mobilisering och det blev en sorglig st&auml;mning bland samtliga. Vi satte h&ouml;gsta fart p&aring; motorb&aring;ten in till stan igen. D&auml;r ringde alla kyrkklockor och stora affischer var uppklistrade i vartenda gath&ouml;rn med inkallelser, och n&auml;r jag kom hem l&aring;g redan inkallelseordern p&aring; skrivbordet med order att jag skulle inst&auml;lla mig p&aring; Skeppsholmen kl 8 fm den 5 augusti, det var allts&aring; dagen d&auml;rp&aring;, m&aring;ndagen.<\/p>\n<\/blockquote>\n<h2>Besv&auml;rad av skadat ben<\/h2>\n<p>Henning Svensson blev hemf&ouml;rlovad p&aring; grund av sitt skadade ben. Benet besv&auml;rade honom hela livet. Han blev s&aring; sm&aring;ningom fotograf med egen atelj&eacute; i Hemse p&aring; s&ouml;dra Gotland. Han var politiker och fick se m&aring;nga av sina id&eacute;er f&ouml;rverkligade. Hans firma &rdquo;Svenssons fotoatelj&eacute;&rdquo; blev ett begrepp som jag skildrat i boken <em>Frusna &Ouml;gonblick<\/em> (2004).<\/p>\n<p>Sonen Lasse Svensson som l&auml;mnat in visboken, drev firman vidare till 1992. Han ber&auml;ttar om sin far som &rdquo;en otrolig gubbe, han kunde allt&rdquo;. Om han sj&ouml;ng? Inte vad Lasse minns, men sl&auml;ktingar har ber&auml;ttat att Henning sj&ouml;ng i sin ungdom, p&aring; kalas och tillst&auml;llningar. Kanske ur sin stiligt pr&auml;ntade visbok?<\/p>\n<p style=\"text-align: right;\"><em>Eva Sj&ouml;strand<\/em><\/p>\n<h2>Bilder p&aring; Henning Svensson<\/h2>\n<ul>\n<li><a title=\"Henning Svensson bild sj&ouml;manskostym\" href=\"http:\/\/statensmusikverk.se\/svensktvisarkiv\/files\/2014\/04\/SMV_gotl_visb_bild_Henning-Svensson-sjomanskostym.jpg\" target=\"_blank\">Bild 1 (sj&ouml;manskostym)<\/a><\/li>\n<li><a title=\"Henning Svensson bild delegeringsbevis\" href=\"http:\/\/statensmusikverk.se\/svensktvisarkiv\/files\/2014\/04\/SMV_gotl_visb_bild_Henning-Svensson-delegeringsbevis.jpg\" target=\"_blank\">Bild 2 (delegeringsbevis)<\/a><\/li>\n<\/ul>\n<h2>Hennings visbok<\/h2>\n<ul>\n<li><a title=\"Hennings Svenssons visbok\" href=\"http:\/\/urn.kb.se\/resolve?urn=urn:nbn:se:statensmusikverk-277\" target=\"_blank\">Visbok (acc. nr KopD Gotl V 038)<\/a><\/li>\n<\/ul>\n<\/div><\/div><\/div><div id=\"pgc-3479-1-1\"  class=\"panel-grid-cell panel-grid-cell-empty\" ><\/div><\/div><\/div>","protected":false},"excerpt":{"rendered":"<p>Henning Svensson (1893\u20131964) gick tidigt till sj\u00f6ss men en olycka f\u00f6r\u00e4ndrade hans yrkesbana. Han har l\u00e4mnat efter sig en visbok som han skrev under v\u00e4rnplikten i flottan.<\/p>\n","protected":false},"author":3,"featured_media":3442,"parent":3368,"menu_order":0,"comment_status":"open","ping_status":"open","template":"","meta":{"ngg_post_thumbnail":0,"spay_email":""},"categories":[4],"tags":[329],"yoast_head":"<!-- This site is optimized with the Yoast SEO plugin v16.3 - https:\/\/yoast.com\/wordpress\/plugins\/seo\/ -->\n<meta name=\"robots\" content=\"index, follow, max-snippet:-1, max-image-preview:large, max-video-preview:-1\" \/>\n<link rel=\"canonical\" href=\"https:\/\/musikverket-old.test.consids5.se\/svensktvisarkiv\/handskrivna-visbocker\/henning-svensson\/\" \/>\n<meta property=\"og:locale\" content=\"sv_SE\" \/>\n<meta property=\"og:type\" content=\"article\" \/>\n<meta property=\"og:title\" content=\"Henning Svensson - Svenskt visarkiv\" \/>\n<meta property=\"og:description\" content=\"Henning Svensson (1893\u20131964) gick tidigt till sj\u00f6ss men en olycka f\u00f6r\u00e4ndrade hans yrkesbana. Han har l\u00e4mnat efter sig en visbok som han skrev under v\u00e4rnplikten i flottan.\" \/>\n<meta property=\"og:url\" content=\"https:\/\/musikverket-old.test.consids5.se\/svensktvisarkiv\/handskrivna-visbocker\/henning-svensson\/\" \/>\n<meta property=\"og:site_name\" content=\"Svenskt visarkiv\" \/>\n<meta property=\"article:modified_time\" content=\"2016-02-12T12:24:30+00:00\" \/>\n<meta property=\"og:image\" content=\"https:\/\/musikverket.se\/svensktvisarkiv\/files\/2014\/01\/SVA_gotl_visb_Henning_Svensson_artikel_680px.jpg\" \/>\n\t<meta property=\"og:image:width\" content=\"680\" \/>\n\t<meta property=\"og:image:height\" content=\"364\" \/>\n<script type=\"application\/ld+json\" class=\"yoast-schema-graph\">{\"@context\":\"https:\/\/schema.org\",\"@graph\":[{\"@type\":\"WebSite\",\"@id\":\"https:\/\/musikverket-old.test.consids5.se\/svensktvisarkiv\/#website\",\"url\":\"https:\/\/musikverket-old.test.consids5.se\/svensktvisarkiv\/\",\"name\":\"Svenskt visarkiv\",\"description\":\"Bevarar folkmusik, \\u00e4ldre popul\\u00e4rmusik, jazz och inflyttade musiktraditioner\",\"potentialAction\":[{\"@type\":\"SearchAction\",\"target\":\"https:\/\/musikverket-old.test.consids5.se\/svensktvisarkiv\/?s={search_term_string}\",\"query-input\":\"required name=search_term_string\"}],\"inLanguage\":\"sv-SE\"},{\"@type\":\"ImageObject\",\"@id\":\"https:\/\/musikverket-old.test.consids5.se\/svensktvisarkiv\/handskrivna-visbocker\/henning-svensson\/#primaryimage\",\"inLanguage\":\"sv-SE\",\"url\":\"https:\/\/musikverket-old.test.consids5.se\/svensktvisarkiv\/files\/2014\/01\/SVA_gotl_visb_Henning_Svensson_artikel_680px.jpg\",\"contentUrl\":\"https:\/\/musikverket-old.test.consids5.se\/svensktvisarkiv\/files\/2014\/01\/SVA_gotl_visb_Henning_Svensson_artikel_680px.jpg\",\"width\":\"680\",\"height\":\"364\",\"caption\":\"Henning Svensson. Foto: Svenskt visarkiv\"},{\"@type\":\"WebPage\",\"@id\":\"https:\/\/musikverket-old.test.consids5.se\/svensktvisarkiv\/handskrivna-visbocker\/henning-svensson\/#webpage\",\"url\":\"https:\/\/musikverket-old.test.consids5.se\/svensktvisarkiv\/handskrivna-visbocker\/henning-svensson\/\",\"name\":\"Henning Svensson - Svenskt visarkiv\",\"isPartOf\":{\"@id\":\"https:\/\/musikverket-old.test.consids5.se\/svensktvisarkiv\/#website\"},\"primaryImageOfPage\":{\"@id\":\"https:\/\/musikverket-old.test.consids5.se\/svensktvisarkiv\/handskrivna-visbocker\/henning-svensson\/#primaryimage\"},\"datePublished\":\"2014-06-19T07:57:40+00:00\",\"dateModified\":\"2016-02-12T12:24:30+00:00\",\"breadcrumb\":{\"@id\":\"https:\/\/musikverket-old.test.consids5.se\/svensktvisarkiv\/handskrivna-visbocker\/henning-svensson\/#breadcrumb\"},\"inLanguage\":\"sv-SE\",\"potentialAction\":[{\"@type\":\"ReadAction\",\"target\":[\"https:\/\/musikverket-old.test.consids5.se\/svensktvisarkiv\/handskrivna-visbocker\/henning-svensson\/\"]}]},{\"@type\":\"BreadcrumbList\",\"@id\":\"https:\/\/musikverket-old.test.consids5.se\/svensktvisarkiv\/handskrivna-visbocker\/henning-svensson\/#breadcrumb\",\"itemListElement\":[{\"@type\":\"ListItem\",\"position\":1,\"item\":{\"@type\":\"WebPage\",\"@id\":\"https:\/\/musikverket-old.test.consids5.se\/svensktvisarkiv\/\",\"url\":\"https:\/\/musikverket-old.test.consids5.se\/svensktvisarkiv\/\",\"name\":\"Hem\"}},{\"@type\":\"ListItem\",\"position\":2,\"item\":{\"@type\":\"WebPage\",\"@id\":\"https:\/\/musikverket-old.test.consids5.se\/svensktvisarkiv\/handskrivna-visbocker\/\",\"url\":\"https:\/\/musikverket-old.test.consids5.se\/svensktvisarkiv\/handskrivna-visbocker\/\",\"name\":\"Handskrivna visb\\u00f6cker\"}},{\"@type\":\"ListItem\",\"position\":3,\"item\":{\"@id\":\"https:\/\/musikverket-old.test.consids5.se\/svensktvisarkiv\/handskrivna-visbocker\/henning-svensson\/#webpage\"}}]}]}<\/script>\n<!-- \/ Yoast SEO plugin. -->","jetpack_shortlink":"https:\/\/wp.me\/P2Zwnz-U7","jetpack_sharing_enabled":true,"_links":{"self":[{"href":"https:\/\/musikverket-old.test.consids5.se\/svensktvisarkiv\/wp-json\/wp\/v2\/pages\/3479"}],"collection":[{"href":"https:\/\/musikverket-old.test.consids5.se\/svensktvisarkiv\/wp-json\/wp\/v2\/pages"}],"about":[{"href":"https:\/\/musikverket-old.test.consids5.se\/svensktvisarkiv\/wp-json\/wp\/v2\/types\/page"}],"author":[{"embeddable":true,"href":"https:\/\/musikverket-old.test.consids5.se\/svensktvisarkiv\/wp-json\/wp\/v2\/users\/3"}],"replies":[{"embeddable":true,"href":"https:\/\/musikverket-old.test.consids5.se\/svensktvisarkiv\/wp-json\/wp\/v2\/comments?post=3479"}],"version-history":[{"count":0,"href":"https:\/\/musikverket-old.test.consids5.se\/svensktvisarkiv\/wp-json\/wp\/v2\/pages\/3479\/revisions"}],"up":[{"embeddable":true,"href":"https:\/\/musikverket-old.test.consids5.se\/svensktvisarkiv\/wp-json\/wp\/v2\/pages\/3368"}],"wp:featuredmedia":[{"embeddable":true,"href":"https:\/\/musikverket-old.test.consids5.se\/svensktvisarkiv\/wp-json\/wp\/v2\/media\/3442"}],"wp:attachment":[{"href":"https:\/\/musikverket-old.test.consids5.se\/svensktvisarkiv\/wp-json\/wp\/v2\/media?parent=3479"}],"wp:term":[{"taxonomy":"category","embeddable":true,"href":"https:\/\/musikverket-old.test.consids5.se\/svensktvisarkiv\/wp-json\/wp\/v2\/categories?post=3479"},{"taxonomy":"post_tag","embeddable":true,"href":"https:\/\/musikverket-old.test.consids5.se\/svensktvisarkiv\/wp-json\/wp\/v2\/tags?post=3479"}],"curies":[{"name":"wp","href":"https:\/\/api.w.org\/{rel}","templated":true}]}}