{"id":3491,"date":"2014-06-19T09:58:11","date_gmt":"2014-06-19T07:58:11","guid":{"rendered":"http:\/\/statensmusikverk.se\/svensktvisarkiv\/?page_id=3491"},"modified":"2016-02-12T13:28:49","modified_gmt":"2016-02-12T12:28:49","slug":"hilda-larsson","status":"publish","type":"page","link":"https:\/\/musikverket-old.test.consids5.se\/svensktvisarkiv\/handskrivna-visbocker\/hilda-larsson\/","title":{"rendered":"Hilda Larsson"},"content":{"rendered":"<div id=\"pl-3491\"  class=\"panel-layout\" ><div id=\"pg-3491-0\"  class=\"panel-grid panel-no-style\" ><div id=\"pgc-3491-0-0\"  class=\"panel-grid-cell\" ><div id=\"panel-3491-0-0-0\" class=\"so-panel widget widget_headers panel-first-child panel-last-child\" data-index=\"0\" ><div class=\"so-widget-headers so-widget-headers-base\"><h1 id=\"hilda-larsson\">Hilda Larsson<\/h1>\n<\/div><\/div><\/div><\/div><div id=\"pg-3491-1\"  class=\"panel-grid panel-no-style\" ><div id=\"pgc-3491-1-0\"  class=\"panel-grid-cell panel-grid-cell-mobile-last\" ><div id=\"panel-3491-1-0-0\" class=\"so-panel widget widget_black-studio-tinymce widget_black_studio_tinymce panel-first-child\" data-index=\"1\" ><div class=\"textwidget\"><p><em>Hilda Larsson (1895&ndash;1965) f&ouml;ddes i Lau p&aring; Gotland. Hon &aring;kte till Stockholm i unga &aring;r och bodde under en period i USA. Hon har l&auml;mnat efter sig en visbok med k&auml;rleksvisor, valser och sm&aring; teckningar.<\/em><\/p>\n<\/div><\/div><div id=\"panel-3491-1-0-1\" class=\"so-panel widget widget_sow-image\" data-index=\"2\" ><div class=\"so-widget-sow-image so-widget-sow-image-default-d6014b76747a\">\n\n<div class=\"sow-image-container\">\n\t<img src=\"https:\/\/musikverket-old.test.consids5.se\/svensktvisarkiv\/files\/2014\/01\/SVA_gotl_visb_Hilda_Larsson_artikel_680px.jpg\" width=\"680\" height=\"364\" srcset=\"https:\/\/musikverket-old.test.consids5.se\/svensktvisarkiv\/files\/2014\/01\/SVA_gotl_visb_Hilda_Larsson_artikel_680px.jpg 680w, https:\/\/musikverket-old.test.consids5.se\/svensktvisarkiv\/files\/2014\/01\/SVA_gotl_visb_Hilda_Larsson_artikel_680px-300x160.jpg 300w, https:\/\/musikverket-old.test.consids5.se\/svensktvisarkiv\/files\/2014\/01\/SVA_gotl_visb_Hilda_Larsson_artikel_680px-252x134.jpg 252w, https:\/\/musikverket-old.test.consids5.se\/svensktvisarkiv\/files\/2014\/01\/SVA_gotl_visb_Hilda_Larsson_artikel_680px-467x250.jpg 467w, https:\/\/musikverket-old.test.consids5.se\/svensktvisarkiv\/files\/2014\/01\/SVA_gotl_visb_Hilda_Larsson_artikel_680px-251x134.jpg 251w\" sizes=\"(max-width: 680px) 100vw, 680px\" title=\"Hilda Larsson. Foto: Svenskt visarkiv\" alt=\"Hilda Larsson. Foto: Svenskt visarkiv\" \t\tclass=\"so-widget-image\"\/>\n<\/div>\n\n<\/div><\/div><div id=\"panel-3491-1-0-2\" class=\"so-panel widget widget_black-studio-tinymce widget_black_studio_tinymce panel-last-child\" data-index=\"3\" ><div class=\"textwidget\"><p>Hilda Klara Larsson f&ouml;ddes vid Botels i Lau den 27 november 1895. Hon var &auml;ldsta dotter, n&auml;st &auml;ldst i en syskonskara med sex barn. Visboken har svart vaxduksp&auml;rm. P&aring; f&ouml;rs&auml;ttsbladet har hon tecknat en vilande kvinna och skrivit sitt namn den 14 februari 1914.<\/p>\n<p>Den f&ouml;rsta visan &auml;r <em>Sk&ouml;rdeflickan<\/em>&nbsp;som ber&auml;ttar om en ung flicka vars &auml;lskade drog ut i krig mot Ryssland med Gustav den tredje. N&auml;r ungm&ouml;n fick d&ouml;dsbud brast hennes hj&auml;rta av sorg.<\/p>\n<h2>K&auml;rleksvisor dominerar<\/h2>\n<p>K&auml;rleksvisorna dominerar i visboken. H&auml;r finns ocks&aring; marscher och valser och h&auml;r och var sm&aring; fina teckningar: en fiol, n&aring;gra f&aring;glar, en liljekonvaljest&auml;ngel. S&aring; var Hilda ocks&aring; konstn&auml;rligt lagd, hon m&aring;lade tavlor och studerade konst under sina &aring;r i Amerika. Men om och var hon sj&ouml;ng ur sin visbok minns ingen i dag. P&aring; sista uppslaget verkar hennes v&auml;nner skrivit verser som i en poesibok, de &auml;r skrivna med olika handstilar.<\/p>\n<p>Som ung for Hilda till Stockholm och tog plats, sedan vidare till Boston. Hilda var till yrket husf&ouml;rest&aring;ndarinna. Hon gifte sig aldrig och fick inga barn. I samband med b&ouml;rskraschen f&ouml;rlorade hon sina pengar och &aring;terv&auml;nde till Europa.<\/p>\n<p>Hilda bodde i flera &aring;r i Paris innan hon &aring;terv&auml;nde till Stockholm d&auml;r hon f&ouml;restod hush&aring;llet f&ouml;r en notarie p&aring; G&auml;vlegatan 11. N&auml;r &aring;ldern tog ut sin r&auml;tt flyttade hon hem till Gotland och dog 1965 efter en tids vistelse p&aring; Follingbo sjukhus. Hon vilar p&aring; Lau kyrkog&aring;rd.<\/p>\n<p style=\"text-align: right;\"><em>Eva Sj&ouml;strand<\/em><\/p>\n<h2>Bilder p&aring; Hilda Larsson<\/h2>\n<ul title=\"Hilda Larsson bild i studio\">Bild 1 (studio)<\/p>\n<li><a title=\"Hilda Larsson familjebild\" href=\"http:\/\/statensmusikverk.se\/svensktvisarkiv\/files\/2014\/04\/SMV_gotl_visb_bild_Hilda-Larsson-familj-5.jpg\" target=\"_self\">Bild 2 (familjebild)<\/a><\/li>\n<li><a title=\"Hilda Larsson bild i atelj&eacute;\" href=\"http:\/\/statensmusikverk.se\/svensktvisarkiv\/files\/2014\/04\/SMV_gotl_visb_bild_Hilda-Larsson-atelje-4.jpg\" target=\"_self\">Bild 3 (atelj&eacute;)<\/a><\/li>\n<\/ul>\n<h2>Hildas visbok<\/h2>\n<ul>\n<li><a title=\"Hilda Larssons visbok\" href=\"http:\/\/urn.kb.se\/resolve?urn=urn:nbn:se:statensmusikverk-278\" target=\"_blank\">Visbok (acc. nr&nbsp; KopD Gotl V 039)<\/a><\/li>\n<\/ul>\n<\/div><\/div><\/div><div id=\"pgc-3491-1-1\"  class=\"panel-grid-cell panel-grid-cell-empty\" ><\/div><\/div><\/div>","protected":false},"excerpt":{"rendered":"<p>Hilda Larsson (1895\u20131965) f\u00f6ddes p\u00e5 Gotland men bodde i b\u00e5de Europa och USA under sin levnadstid. Hon har l\u00e4mnat efter sig en visbok som domineras av k\u00e4rleksvisor.<\/p>\n","protected":false},"author":3,"featured_media":3440,"parent":3368,"menu_order":0,"comment_status":"open","ping_status":"open","template":"","meta":{"ngg_post_thumbnail":0,"spay_email":""},"categories":[4],"tags":[329],"yoast_head":"<!-- This site is optimized with the Yoast SEO plugin v16.3 - https:\/\/yoast.com\/wordpress\/plugins\/seo\/ -->\n<meta name=\"robots\" content=\"index, follow, max-snippet:-1, max-image-preview:large, max-video-preview:-1\" \/>\n<link rel=\"canonical\" href=\"https:\/\/musikverket-old.test.consids5.se\/svensktvisarkiv\/handskrivna-visbocker\/hilda-larsson\/\" \/>\n<meta property=\"og:locale\" content=\"sv_SE\" \/>\n<meta property=\"og:type\" content=\"article\" \/>\n<meta property=\"og:title\" content=\"Hilda Larsson - Svenskt visarkiv\" \/>\n<meta property=\"og:description\" content=\"Hilda Larsson (1895\u20131965) f\u00f6ddes p\u00e5 Gotland men bodde i b\u00e5de Europa och USA under sin levnadstid. Hon har l\u00e4mnat efter sig en visbok som domineras av k\u00e4rleksvisor.\" \/>\n<meta property=\"og:url\" content=\"https:\/\/musikverket-old.test.consids5.se\/svensktvisarkiv\/handskrivna-visbocker\/hilda-larsson\/\" \/>\n<meta property=\"og:site_name\" content=\"Svenskt visarkiv\" \/>\n<meta property=\"article:modified_time\" content=\"2016-02-12T12:28:49+00:00\" \/>\n<meta property=\"og:image\" content=\"https:\/\/musikverket.se\/svensktvisarkiv\/files\/2014\/01\/SVA_gotl_visb_Hilda_Larsson_artikel_680px.jpg\" \/>\n\t<meta property=\"og:image:width\" content=\"680\" \/>\n\t<meta property=\"og:image:height\" content=\"364\" \/>\n<meta name=\"twitter:label1\" content=\"Ber\u00e4knad l\u00e4stid\">\n\t<meta name=\"twitter:data1\" content=\"2 minuter\">\n<script type=\"application\/ld+json\" class=\"yoast-schema-graph\">{\"@context\":\"https:\/\/schema.org\",\"@graph\":[{\"@type\":\"WebSite\",\"@id\":\"https:\/\/musikverket-old.test.consids5.se\/svensktvisarkiv\/#website\",\"url\":\"https:\/\/musikverket-old.test.consids5.se\/svensktvisarkiv\/\",\"name\":\"Svenskt visarkiv\",\"description\":\"Bevarar folkmusik, \\u00e4ldre popul\\u00e4rmusik, jazz och inflyttade musiktraditioner\",\"potentialAction\":[{\"@type\":\"SearchAction\",\"target\":\"https:\/\/musikverket-old.test.consids5.se\/svensktvisarkiv\/?s={search_term_string}\",\"query-input\":\"required name=search_term_string\"}],\"inLanguage\":\"sv-SE\"},{\"@type\":\"ImageObject\",\"@id\":\"https:\/\/musikverket-old.test.consids5.se\/svensktvisarkiv\/handskrivna-visbocker\/hilda-larsson\/#primaryimage\",\"inLanguage\":\"sv-SE\",\"url\":\"https:\/\/musikverket-old.test.consids5.se\/svensktvisarkiv\/files\/2014\/01\/SVA_gotl_visb_Hilda_Larsson_artikel_680px.jpg\",\"contentUrl\":\"https:\/\/musikverket-old.test.consids5.se\/svensktvisarkiv\/files\/2014\/01\/SVA_gotl_visb_Hilda_Larsson_artikel_680px.jpg\",\"width\":\"680\",\"height\":\"364\",\"caption\":\"Hilda Larsson. Foto: Svenskt visarkiv\"},{\"@type\":\"WebPage\",\"@id\":\"https:\/\/musikverket-old.test.consids5.se\/svensktvisarkiv\/handskrivna-visbocker\/hilda-larsson\/#webpage\",\"url\":\"https:\/\/musikverket-old.test.consids5.se\/svensktvisarkiv\/handskrivna-visbocker\/hilda-larsson\/\",\"name\":\"Hilda Larsson - Svenskt visarkiv\",\"isPartOf\":{\"@id\":\"https:\/\/musikverket-old.test.consids5.se\/svensktvisarkiv\/#website\"},\"primaryImageOfPage\":{\"@id\":\"https:\/\/musikverket-old.test.consids5.se\/svensktvisarkiv\/handskrivna-visbocker\/hilda-larsson\/#primaryimage\"},\"datePublished\":\"2014-06-19T07:58:11+00:00\",\"dateModified\":\"2016-02-12T12:28:49+00:00\",\"breadcrumb\":{\"@id\":\"https:\/\/musikverket-old.test.consids5.se\/svensktvisarkiv\/handskrivna-visbocker\/hilda-larsson\/#breadcrumb\"},\"inLanguage\":\"sv-SE\",\"potentialAction\":[{\"@type\":\"ReadAction\",\"target\":[\"https:\/\/musikverket-old.test.consids5.se\/svensktvisarkiv\/handskrivna-visbocker\/hilda-larsson\/\"]}]},{\"@type\":\"BreadcrumbList\",\"@id\":\"https:\/\/musikverket-old.test.consids5.se\/svensktvisarkiv\/handskrivna-visbocker\/hilda-larsson\/#breadcrumb\",\"itemListElement\":[{\"@type\":\"ListItem\",\"position\":1,\"item\":{\"@type\":\"WebPage\",\"@id\":\"https:\/\/musikverket-old.test.consids5.se\/svensktvisarkiv\/\",\"url\":\"https:\/\/musikverket-old.test.consids5.se\/svensktvisarkiv\/\",\"name\":\"Hem\"}},{\"@type\":\"ListItem\",\"position\":2,\"item\":{\"@type\":\"WebPage\",\"@id\":\"https:\/\/musikverket-old.test.consids5.se\/svensktvisarkiv\/handskrivna-visbocker\/\",\"url\":\"https:\/\/musikverket-old.test.consids5.se\/svensktvisarkiv\/handskrivna-visbocker\/\",\"name\":\"Handskrivna visb\\u00f6cker\"}},{\"@type\":\"ListItem\",\"position\":3,\"item\":{\"@id\":\"https:\/\/musikverket-old.test.consids5.se\/svensktvisarkiv\/handskrivna-visbocker\/hilda-larsson\/#webpage\"}}]}]}<\/script>\n<!-- \/ Yoast SEO plugin. -->","jetpack_shortlink":"https:\/\/wp.me\/P2Zwnz-Uj","jetpack_sharing_enabled":true,"_links":{"self":[{"href":"https:\/\/musikverket-old.test.consids5.se\/svensktvisarkiv\/wp-json\/wp\/v2\/pages\/3491"}],"collection":[{"href":"https:\/\/musikverket-old.test.consids5.se\/svensktvisarkiv\/wp-json\/wp\/v2\/pages"}],"about":[{"href":"https:\/\/musikverket-old.test.consids5.se\/svensktvisarkiv\/wp-json\/wp\/v2\/types\/page"}],"author":[{"embeddable":true,"href":"https:\/\/musikverket-old.test.consids5.se\/svensktvisarkiv\/wp-json\/wp\/v2\/users\/3"}],"replies":[{"embeddable":true,"href":"https:\/\/musikverket-old.test.consids5.se\/svensktvisarkiv\/wp-json\/wp\/v2\/comments?post=3491"}],"version-history":[{"count":0,"href":"https:\/\/musikverket-old.test.consids5.se\/svensktvisarkiv\/wp-json\/wp\/v2\/pages\/3491\/revisions"}],"up":[{"embeddable":true,"href":"https:\/\/musikverket-old.test.consids5.se\/svensktvisarkiv\/wp-json\/wp\/v2\/pages\/3368"}],"wp:featuredmedia":[{"embeddable":true,"href":"https:\/\/musikverket-old.test.consids5.se\/svensktvisarkiv\/wp-json\/wp\/v2\/media\/3440"}],"wp:attachment":[{"href":"https:\/\/musikverket-old.test.consids5.se\/svensktvisarkiv\/wp-json\/wp\/v2\/media?parent=3491"}],"wp:term":[{"taxonomy":"category","embeddable":true,"href":"https:\/\/musikverket-old.test.consids5.se\/svensktvisarkiv\/wp-json\/wp\/v2\/categories?post=3491"},{"taxonomy":"post_tag","embeddable":true,"href":"https:\/\/musikverket-old.test.consids5.se\/svensktvisarkiv\/wp-json\/wp\/v2\/tags?post=3491"}],"curies":[{"name":"wp","href":"https:\/\/api.w.org\/{rel}","templated":true}]}}