{"id":3511,"date":"2014-06-19T10:01:31","date_gmt":"2014-06-19T08:01:31","guid":{"rendered":"http:\/\/statensmusikverk.se\/svensktvisarkiv\/?page_id=3511"},"modified":"2016-02-12T13:36:28","modified_gmt":"2016-02-12T12:36:28","slug":"reinhold-hansson","status":"publish","type":"page","link":"https:\/\/musikverket-old.test.consids5.se\/svensktvisarkiv\/handskrivna-visbocker\/reinhold-hansson\/","title":{"rendered":"Reinhold Hansson"},"content":{"rendered":"<div id=\"pl-3511\"  class=\"panel-layout\" ><div id=\"pg-3511-0\"  class=\"panel-grid panel-no-style\" ><div id=\"pgc-3511-0-0\"  class=\"panel-grid-cell\" ><div id=\"panel-3511-0-0-0\" class=\"so-panel widget widget_headers panel-first-child panel-last-child\" data-index=\"0\" ><div class=\"so-widget-headers so-widget-headers-base\"><h1 id=\"reinhold-hansson\">Reinhold Hansson<\/h1>\n<\/div><\/div><\/div><\/div><div id=\"pg-3511-1\"  class=\"panel-grid panel-no-style\" ><div id=\"pgc-3511-1-0\"  class=\"panel-grid-cell panel-grid-cell-mobile-last\" ><div id=\"panel-3511-1-0-0\" class=\"so-panel widget widget_black-studio-tinymce widget_black_studio_tinymce panel-first-child\" data-index=\"1\" ><div class=\"textwidget\"><p><em>Reinhold Hansson (1892&ndash;1971) bodde i Lau p&aring; syd&ouml;stra Gotland under hela sitt liv. Han var sm&aring;brukare och fiskare och skrev sina visb&ouml;cker under milit&auml;rtj&auml;nstg&ouml;ringen. I b&ouml;ckerna finns visor, humoristiska verser, poesi och mer prosaiska inslag.<\/em><\/p>\n<p><em>&nbsp;<\/em><\/p>\n<\/div><\/div><div id=\"panel-3511-1-0-1\" class=\"so-panel widget widget_sow-image\" data-index=\"2\" ><div class=\"so-widget-sow-image so-widget-sow-image-default-d6014b76747a\">\n\n<div class=\"sow-image-container\">\n\t<img src=\"https:\/\/musikverket-old.test.consids5.se\/svensktvisarkiv\/files\/2014\/01\/SVA_gotl_visb_Reinhold_Hansson_artikel_680px.jpg\" width=\"680\" height=\"364\" srcset=\"https:\/\/musikverket-old.test.consids5.se\/svensktvisarkiv\/files\/2014\/01\/SVA_gotl_visb_Reinhold_Hansson_artikel_680px.jpg 680w, https:\/\/musikverket-old.test.consids5.se\/svensktvisarkiv\/files\/2014\/01\/SVA_gotl_visb_Reinhold_Hansson_artikel_680px-300x160.jpg 300w, https:\/\/musikverket-old.test.consids5.se\/svensktvisarkiv\/files\/2014\/01\/SVA_gotl_visb_Reinhold_Hansson_artikel_680px-252x134.jpg 252w, https:\/\/musikverket-old.test.consids5.se\/svensktvisarkiv\/files\/2014\/01\/SVA_gotl_visb_Reinhold_Hansson_artikel_680px-467x250.jpg 467w, https:\/\/musikverket-old.test.consids5.se\/svensktvisarkiv\/files\/2014\/01\/SVA_gotl_visb_Reinhold_Hansson_artikel_680px-251x134.jpg 251w\" sizes=\"(max-width: 680px) 100vw, 680px\" title=\"Reinhold Hansson. Foto: Svenskt visarkiv\" alt=\"Reinhold Hansson. Foto: Svenskt visarkiv\" \t\tclass=\"so-widget-image\"\/>\n<\/div>\n\n<\/div><\/div><div id=\"panel-3511-1-0-2\" class=\"so-panel widget widget_black-studio-tinymce widget_black_studio_tinymce panel-last-child\" data-index=\"3\" ><div class=\"textwidget\"><blockquote>\n<p>Han sj&ouml;ng n&auml;r han cyklade och sjunga, det kunde han! Han var en glad och trevlig m&auml;nniska med en fantastisk r&ouml;st som h&ouml;rdes l&aring;ngt. Reinhold brukade stanna och prata med en granne, Reinhold stod p&aring; v&auml;gen och grannen inne i sitt uthus, de kunde ha tv&aring;hundra meter emellan sig &ndash; &auml;nd&aring; kunde de f&ouml;ra ett samtal!<\/p>\n<\/blockquote>\n<p>S&aring; ber&auml;ttar Laubon Gunhild Nyroth om Olof Reinhold Johannes Hansson. Han har l&auml;mnat tv&aring; visb&ouml;cker efter sig i arkivet, b&aring;da med svarta vaxduksp&auml;rmar.<\/p>\n<p>Reinhold f&ouml;ddes den 28 februari 1892 vid Snausarve i Lau p&aring; syd&ouml;stra Gotland. Han blev st&auml;llet och hemsocknen trogen hela livet. F&ouml;r&auml;ldrarna gifte sig &rdquo;i grevens tid&rdquo; samma &aring;r 1892. I <em>Boken om Lau&nbsp;<\/em>(1951) st&aring;r om fadern att &rdquo;han avvek efter en kort tid till Amerika&rdquo;. Hur det gick till ber&auml;ttar &ouml;ns store meddelare, Jakob Karlsson &rdquo;F&auml;i-Jak&aring;&rdquo;, vars brev givits ut av Gutam&aring;lsgillet i tv&aring; volymer.<\/p>\n<h2>Pappan emigrerade<\/h2>\n<p>I den andra volymen, <em>Flair brev fran F&auml;i-Jak&aring;<\/em>, ber&auml;ttas hur Reinholds far med samma namn, dr&auml;ngen Reinhold, r&aring;kade ut f&ouml;r en olycka i skogen januari 1892. D&aring; hade hans f&auml;stm&ouml; Hanna ocks&aring; &rdquo;r&aring;kat i olycka&rdquo; &ndash; hon var med barn, men de var inte gifta och Reinhold ville inte ha henne! Han ville emigrera.<\/p>\n<p>Eftersom han var bev&auml;ring beh&ouml;vde han kungens tillst&aring;nd att resa till Amerika. Det fick han. Men pr&auml;sten i Lau v&auml;grade att skriva ut pr&auml;stbetyg och att sl&auml;ppa iv&auml;g honom om han inte gifte sig med f&auml;stm&ouml;n. S&aring; Reinhold och Hanna gifte sig men sedan f&ouml;rsvann han raskt &ouml;ver Atlanten.<\/p>\n<p>Barnet, den lille Reinhold, v&auml;xte upp utan syskon tillsammans med sin mor.<\/p>\n<h2>Skrev visb&ouml;cker under v&auml;rnplikten<\/h2>\n<p>Som ung exercerade han bev&auml;ring vid Kustartilleriet i F&aring;r&ouml;sund och p&aring; Wisborgs sl&auml;tt, det var d&aring; han skrev i sina visb&ouml;cker. Den ena verkar f&ouml;rst ha tillh&ouml;rt &rdquo;Bev&auml;ringsrekryt 105 K T Larsson, 3:e kompaniet&rdquo;. Namnet Frans Oskar Bengtsson f&ouml;rekommer ocks&aring; ofta, och flera kamrater har avslutat den andra boken med sina signaturer.<\/p>\n<p>I b&ouml;ckerna finns visor, schlagers, poesi, humoristiska verser och supvisor, blandat med mer prosaiska inslag som <em>Frim&auml;rksspr&aring;ket<\/em>, <em>Hur en flicka b&ouml;r vara<\/em>, <em>Ett s&auml;kert botemedel mot gikt<\/em> och en vers Elin Pettersson fr&aring;n Ahr i Fleringe verkar ha skrivit:<\/p>\n<p><em>Livet &auml;r en strid.<br \/><\/em><em>Ektenskapet &auml;r en r&aring;ttef&auml;lla.<br \/><\/em><em>K&auml;rleken &auml;r en ostebit p&aring; livets sm&ouml;rg&aring;s.<\/em><\/p>\n<p>I Boken om Lau fr&aring;n 1951 st&aring;r: &rdquo;Reinhold Hansson &auml;r till yrket fiskare och sm&aring;brukare och innehar motorb&aring;t.&rdquo;<\/p>\n<p>Han &ouml;vertog sm&aring;bruket hemma 1944. Reinhold var ocks&aring; spr&auml;ngare och hj&auml;lpte till vid byggen, men det var vid stranden han trivdes b&auml;st, han fiskade med egen b&aring;t vid Snausarvebod. Han brukade leta sj&ouml;gods och i det han hittade ristade han in sina initialer RH. 1929 gifte han sig med en &auml;nka i socknen. De fick en dotter och en son men nu har de alla g&aring;tt ur tiden. Reinhold Hansson dog 1971 och vilar p&aring; Lau kyrkog&aring;rd.<\/p>\n<p style=\"text-align: right;\"><em>Eva Sj&ouml;strand<\/em><\/p>\n<p><a title=\"Reinhold Hansson\" href=\"http:\/\/statensmusikverk.se\/svensktvisarkiv\/files\/2014\/04\/SMV_gotl_visb_bild_Reinhold-Hansson.jpg\" target=\"_blank\">Bild p&aring; Reinhold Hansson<\/a><\/p>\n<h2>Reinholds visb&ouml;cker<\/h2>\n<ul>\n<li><a title=\"Reinhold Hanssons visbok 1\" href=\"http:\/\/urn.kb.se\/resolve?urn=urn:nbn:se:statensmusikverk-281\" target=\"_blank\">Visbok 1 (acc. nr KopD Gotl V 042)<\/a><\/li>\n<li><a title=\"Reinhold Hanssons visbok 2\" href=\"http:\/\/urn.kb.se\/resolve?urn=urn:nbn:se:statensmusikverk-282\" target=\"_blank\">Visbok 2 (acc. nr&nbsp;KopD Gotl V 043)<\/a><\/li>\n<\/ul>\n<\/div><\/div><\/div><div id=\"pgc-3511-1-1\"  class=\"panel-grid-cell panel-grid-cell-empty\" ><\/div><\/div><\/div>","protected":false},"excerpt":{"rendered":"<p>Reinhold Hansson (1892\u20131971) var sm\u00e5brukare och fiskare. Han har l\u00e4mnat efter sig tv\u00e5 visb\u00f6cker med humoristiska verser, poesi och prosaiska inslag.<\/p>\n","protected":false},"author":3,"featured_media":3441,"parent":3368,"menu_order":0,"comment_status":"open","ping_status":"open","template":"","meta":{"ngg_post_thumbnail":0,"spay_email":""},"categories":[4],"tags":[329],"yoast_head":"<!-- This site is optimized with the Yoast SEO plugin v16.3 - https:\/\/yoast.com\/wordpress\/plugins\/seo\/ -->\n<meta name=\"robots\" content=\"index, follow, max-snippet:-1, max-image-preview:large, max-video-preview:-1\" \/>\n<link rel=\"canonical\" href=\"https:\/\/musikverket-old.test.consids5.se\/svensktvisarkiv\/handskrivna-visbocker\/reinhold-hansson\/\" \/>\n<meta property=\"og:locale\" content=\"sv_SE\" \/>\n<meta property=\"og:type\" content=\"article\" \/>\n<meta property=\"og:title\" content=\"Reinhold Hansson - Svenskt visarkiv\" \/>\n<meta property=\"og:description\" content=\"Reinhold Hansson (1892\u20131971) var sm\u00e5brukare och fiskare. Han har l\u00e4mnat efter sig tv\u00e5 visb\u00f6cker med humoristiska verser, poesi och prosaiska inslag.\" \/>\n<meta property=\"og:url\" content=\"https:\/\/musikverket-old.test.consids5.se\/svensktvisarkiv\/handskrivna-visbocker\/reinhold-hansson\/\" \/>\n<meta property=\"og:site_name\" content=\"Svenskt visarkiv\" \/>\n<meta property=\"article:modified_time\" content=\"2016-02-12T12:36:28+00:00\" \/>\n<meta property=\"og:image\" content=\"https:\/\/musikverket.se\/svensktvisarkiv\/files\/2014\/01\/SVA_gotl_visb_Reinhold_Hansson_artikel_680px.jpg\" \/>\n\t<meta property=\"og:image:width\" content=\"680\" \/>\n\t<meta property=\"og:image:height\" content=\"364\" \/>\n<meta name=\"twitter:label1\" content=\"Ber\u00e4knad l\u00e4stid\">\n\t<meta name=\"twitter:data1\" content=\"3 minuter\">\n<script type=\"application\/ld+json\" class=\"yoast-schema-graph\">{\"@context\":\"https:\/\/schema.org\",\"@graph\":[{\"@type\":\"WebSite\",\"@id\":\"https:\/\/musikverket-old.test.consids5.se\/svensktvisarkiv\/#website\",\"url\":\"https:\/\/musikverket-old.test.consids5.se\/svensktvisarkiv\/\",\"name\":\"Svenskt visarkiv\",\"description\":\"Bevarar folkmusik, \\u00e4ldre popul\\u00e4rmusik, jazz och inflyttade musiktraditioner\",\"potentialAction\":[{\"@type\":\"SearchAction\",\"target\":\"https:\/\/musikverket-old.test.consids5.se\/svensktvisarkiv\/?s={search_term_string}\",\"query-input\":\"required name=search_term_string\"}],\"inLanguage\":\"sv-SE\"},{\"@type\":\"ImageObject\",\"@id\":\"https:\/\/musikverket-old.test.consids5.se\/svensktvisarkiv\/handskrivna-visbocker\/reinhold-hansson\/#primaryimage\",\"inLanguage\":\"sv-SE\",\"url\":\"https:\/\/musikverket-old.test.consids5.se\/svensktvisarkiv\/files\/2014\/01\/SVA_gotl_visb_Reinhold_Hansson_artikel_680px.jpg\",\"contentUrl\":\"https:\/\/musikverket-old.test.consids5.se\/svensktvisarkiv\/files\/2014\/01\/SVA_gotl_visb_Reinhold_Hansson_artikel_680px.jpg\",\"width\":\"680\",\"height\":\"364\",\"caption\":\"Reinhold Hansson. Foto: Svenskt visarkiv\"},{\"@type\":\"WebPage\",\"@id\":\"https:\/\/musikverket-old.test.consids5.se\/svensktvisarkiv\/handskrivna-visbocker\/reinhold-hansson\/#webpage\",\"url\":\"https:\/\/musikverket-old.test.consids5.se\/svensktvisarkiv\/handskrivna-visbocker\/reinhold-hansson\/\",\"name\":\"Reinhold Hansson - Svenskt visarkiv\",\"isPartOf\":{\"@id\":\"https:\/\/musikverket-old.test.consids5.se\/svensktvisarkiv\/#website\"},\"primaryImageOfPage\":{\"@id\":\"https:\/\/musikverket-old.test.consids5.se\/svensktvisarkiv\/handskrivna-visbocker\/reinhold-hansson\/#primaryimage\"},\"datePublished\":\"2014-06-19T08:01:31+00:00\",\"dateModified\":\"2016-02-12T12:36:28+00:00\",\"breadcrumb\":{\"@id\":\"https:\/\/musikverket-old.test.consids5.se\/svensktvisarkiv\/handskrivna-visbocker\/reinhold-hansson\/#breadcrumb\"},\"inLanguage\":\"sv-SE\",\"potentialAction\":[{\"@type\":\"ReadAction\",\"target\":[\"https:\/\/musikverket-old.test.consids5.se\/svensktvisarkiv\/handskrivna-visbocker\/reinhold-hansson\/\"]}]},{\"@type\":\"BreadcrumbList\",\"@id\":\"https:\/\/musikverket-old.test.consids5.se\/svensktvisarkiv\/handskrivna-visbocker\/reinhold-hansson\/#breadcrumb\",\"itemListElement\":[{\"@type\":\"ListItem\",\"position\":1,\"item\":{\"@type\":\"WebPage\",\"@id\":\"https:\/\/musikverket-old.test.consids5.se\/svensktvisarkiv\/\",\"url\":\"https:\/\/musikverket-old.test.consids5.se\/svensktvisarkiv\/\",\"name\":\"Hem\"}},{\"@type\":\"ListItem\",\"position\":2,\"item\":{\"@type\":\"WebPage\",\"@id\":\"https:\/\/musikverket-old.test.consids5.se\/svensktvisarkiv\/handskrivna-visbocker\/\",\"url\":\"https:\/\/musikverket-old.test.consids5.se\/svensktvisarkiv\/handskrivna-visbocker\/\",\"name\":\"Handskrivna visb\\u00f6cker\"}},{\"@type\":\"ListItem\",\"position\":3,\"item\":{\"@id\":\"https:\/\/musikverket-old.test.consids5.se\/svensktvisarkiv\/handskrivna-visbocker\/reinhold-hansson\/#webpage\"}}]}]}<\/script>\n<!-- \/ Yoast SEO plugin. -->","jetpack_shortlink":"https:\/\/wp.me\/P2Zwnz-UD","jetpack_sharing_enabled":true,"_links":{"self":[{"href":"https:\/\/musikverket-old.test.consids5.se\/svensktvisarkiv\/wp-json\/wp\/v2\/pages\/3511"}],"collection":[{"href":"https:\/\/musikverket-old.test.consids5.se\/svensktvisarkiv\/wp-json\/wp\/v2\/pages"}],"about":[{"href":"https:\/\/musikverket-old.test.consids5.se\/svensktvisarkiv\/wp-json\/wp\/v2\/types\/page"}],"author":[{"embeddable":true,"href":"https:\/\/musikverket-old.test.consids5.se\/svensktvisarkiv\/wp-json\/wp\/v2\/users\/3"}],"replies":[{"embeddable":true,"href":"https:\/\/musikverket-old.test.consids5.se\/svensktvisarkiv\/wp-json\/wp\/v2\/comments?post=3511"}],"version-history":[{"count":0,"href":"https:\/\/musikverket-old.test.consids5.se\/svensktvisarkiv\/wp-json\/wp\/v2\/pages\/3511\/revisions"}],"up":[{"embeddable":true,"href":"https:\/\/musikverket-old.test.consids5.se\/svensktvisarkiv\/wp-json\/wp\/v2\/pages\/3368"}],"wp:featuredmedia":[{"embeddable":true,"href":"https:\/\/musikverket-old.test.consids5.se\/svensktvisarkiv\/wp-json\/wp\/v2\/media\/3441"}],"wp:attachment":[{"href":"https:\/\/musikverket-old.test.consids5.se\/svensktvisarkiv\/wp-json\/wp\/v2\/media?parent=3511"}],"wp:term":[{"taxonomy":"category","embeddable":true,"href":"https:\/\/musikverket-old.test.consids5.se\/svensktvisarkiv\/wp-json\/wp\/v2\/categories?post=3511"},{"taxonomy":"post_tag","embeddable":true,"href":"https:\/\/musikverket-old.test.consids5.se\/svensktvisarkiv\/wp-json\/wp\/v2\/tags?post=3511"}],"curies":[{"name":"wp","href":"https:\/\/api.w.org\/{rel}","templated":true}]}}