{"id":3529,"date":"2014-06-12T10:10:32","date_gmt":"2014-06-12T08:10:32","guid":{"rendered":"http:\/\/statensmusikverk.se\/svensktvisarkiv\/?page_id=3529"},"modified":"2016-02-12T13:31:27","modified_gmt":"2016-02-12T12:31:27","slug":"josef-winberg","status":"publish","type":"page","link":"https:\/\/musikverket-old.test.consids5.se\/svensktvisarkiv\/handskrivna-visbocker\/josef-winberg\/","title":{"rendered":"Josef Winberg"},"content":{"rendered":"<div id=\"pl-3529\"  class=\"panel-layout\" ><div id=\"pg-3529-0\"  class=\"panel-grid panel-no-style\" ><div id=\"pgc-3529-0-0\"  class=\"panel-grid-cell\" ><div id=\"panel-3529-0-0-0\" class=\"so-panel widget widget_headers panel-first-child panel-last-child\" data-index=\"0\" ><div class=\"so-widget-headers so-widget-headers-base\"><h1 id=\"josef-winberg\">Josef Winberg<\/h1>\n<\/div><\/div><\/div><\/div><div id=\"pg-3529-1\"  class=\"panel-grid panel-no-style\" ><div id=\"pgc-3529-1-0\"  class=\"panel-grid-cell panel-grid-cell-mobile-last\" ><div id=\"panel-3529-1-0-0\" class=\"so-panel widget widget_black-studio-tinymce widget_black_studio_tinymce panel-first-child\" data-index=\"1\" ><div class=\"textwidget\"><p><em>Josef Winberg (1883&ndash;1974), far till <em>Harald Winberg,&nbsp;<\/em>bodde med sin fru Hilda Lindell i Alskog p&aring; Gotland. Josef var snickare, hade ett stort musikintresse och skrev dagbok i hela sitt liv. K&auml;rleksvisor, dryckesvisor och r&auml;kenskaper &auml;r n&aring;got av det som &aring;terfinns i hans visb&ouml;cker.<\/em><\/p>\n<p><em>&nbsp;<\/em><\/p>\n<\/div><\/div><div id=\"panel-3529-1-0-1\" class=\"so-panel widget widget_sow-image\" data-index=\"2\" ><div class=\"so-widget-sow-image so-widget-sow-image-default-d6014b76747a\">\n\n<div class=\"sow-image-container\">\n\t<img src=\"https:\/\/musikverket-old.test.consids5.se\/svensktvisarkiv\/files\/2014\/01\/SVA_gotl_visb_Josef_Winberg_artikel_680px.jpg\" width=\"680\" height=\"364\" srcset=\"https:\/\/musikverket-old.test.consids5.se\/svensktvisarkiv\/files\/2014\/01\/SVA_gotl_visb_Josef_Winberg_artikel_680px.jpg 680w, https:\/\/musikverket-old.test.consids5.se\/svensktvisarkiv\/files\/2014\/01\/SVA_gotl_visb_Josef_Winberg_artikel_680px-300x160.jpg 300w, https:\/\/musikverket-old.test.consids5.se\/svensktvisarkiv\/files\/2014\/01\/SVA_gotl_visb_Josef_Winberg_artikel_680px-252x134.jpg 252w, https:\/\/musikverket-old.test.consids5.se\/svensktvisarkiv\/files\/2014\/01\/SVA_gotl_visb_Josef_Winberg_artikel_680px-467x250.jpg 467w, https:\/\/musikverket-old.test.consids5.se\/svensktvisarkiv\/files\/2014\/01\/SVA_gotl_visb_Josef_Winberg_artikel_680px-251x134.jpg 251w\" sizes=\"(max-width: 680px) 100vw, 680px\" title=\"Josef Winberg. Foto: Svenskt visarkiv\" alt=\"Josef Winberg. Foto: Svenskt visarkiv\" \t\tclass=\"so-widget-image\"\/>\n<\/div>\n\n<\/div><\/div><div id=\"panel-3529-1-0-2\" class=\"so-panel widget widget_black-studio-tinymce widget_black_studio_tinymce panel-last-child\" data-index=\"3\" ><div class=\"textwidget\"><p>Josef Viktor Winberg har l&auml;mnat tv&aring; visb&ouml;cker efter sig, b&aring;da kom till under milit&auml;rtj&auml;nsten vid Kungliga Artilleriet i Wisby 1904. &nbsp;<\/p>\n<p>Josef f&ouml;ddes vid Vinor p&aring; F&aring;r&ouml; den 20 november 1883. Namnet Winberg &auml;r taget fr&aring;n g&aring;rdsnamnet p&aring; F&aring;r&ouml;. N&auml;r Josef konfirmerats, &aring;ret f&ouml;re sekelskiftet, flyttade han till Rone p&aring; syd&ouml;stra Gotland f&ouml;r att arbeta. Men n&auml;r hans far dog tre &aring;r senare &aring;terv&auml;nde Josef f&ouml;r en kort tid till F&aring;r&ouml; innan han ryckte in som bev&auml;ringsartillerist i Visby 1904. D&aring; togs bilden av honom i uniform. &nbsp;<\/p>\n<p>Den f&ouml;rsta visboken &auml;r signerad b&aring;de av honom som &rdquo;Bev&auml;ringsartilleristen 73 Vinberg&rdquo; och av hans milit&auml;rkamrat i Visby: &rdquo;Nr 46 Werner L&ouml;fstedt&rdquo;. Men boken verkar vara skriven av Werner L&ouml;fstedt redan 1903. Den inneh&aring;ller k&auml;rleksvisor och dryckesvisor och avslutas med r&auml;kenskaper p&aring; p&auml;rmens insida.<\/p>\n<h2>K&auml;rleksvisor och supvisor<\/h2>\n<p>Den andra visboken saknar p&auml;rm och den f&ouml;rsta sidan. H&auml;r har Josef sj&auml;lv skrivit och signerat visor 1904: k&auml;rleksvisor, knektvisor, rallarvisor och ber&auml;ttande visor som &rdquo;Mordet p&aring; husaren Landtz&rdquo;. H&auml;r finns b&aring;de supvisor och dess motsats i en visa d&auml;r envar uppmanas &rdquo;l&aring;ta glaset st&aring;&rdquo;.<\/p>\n<p>Josef har antecknat en nyckel f&ouml;r teckenskrift och p&aring; ett uppslag beskrivs &rdquo;N&auml;sduksspr&aring;ket och dess betydelse&rdquo;. Det g&auml;ller att h&aring;lla r&auml;tt p&aring; h&ouml;ger och v&auml;nster, f&ouml;r gnider man en n&auml;sduk mot h&ouml;gra kinden betyder det &rdquo;Jag &auml;lskar dig, &auml;lskar du mig?&rdquo; medan en gnidning mot den v&auml;nstra signalerar &rdquo;Jag &auml;lskar en annan&rdquo;.<\/p>\n<h2>Stor barnaskara<\/h2>\n<p>Den 26 september 1904 var det utryckningsdag. &Aring;ret d&auml;rp&aring;, 1905, var Josef tillbaka p&aring; s&ouml;dra Gotland i Alskog, d&auml;r han gifte sig med Hilda Lindell. Josef var snickare och finsnickare, han tillverkade m&ouml;bler. De f&ouml;rsta &aring;ren bodde de hos Hildas f&ouml;r&auml;ldrar, men i hans dagbok finns en anteckning fr&aring;n l&ouml;rdagen den 2 mars 1907: &rdquo;Flyttade&rdquo;. Anteckningen &auml;r gripande i sin enkelhet. Den dagen flyttade han och Hilda in i det hus vid Mallg&aring;rds i Alskog d&auml;r de kom att leva med sina stora barnaskara. De fick nio barn, varav &aring;tta blev vuxna.<\/p>\n<p>Josef skrev dagbok i hela sitt liv. Han antecknade vad han gjort p&aring; dagarna. Resor, dagsverken, inkomster och utgifter, som hur mycket pengar Hilda f&aring;tt att handla f&ouml;r, finns ocks&aring; nogsamt nedskrivet. Josef skrev inte bara dagbok: Han tecknade ocks&aring; ner visor, kupletter och den tidens popul&auml;rmusik. Allt skrev han f&ouml;r hand med prydlig handstil och reservoarpenna. Men trots hans stora intresse f&ouml;r texter och musik har barnbarnen inget minne av att ha h&ouml;rt farfar sjunga eller spela n&aring;got instrument. Josef dog den 6 december 1974.<\/p>\n<p style=\"text-align: right;\"><em>Eva Sj&ouml;strand<\/em><\/p>\n<h2>Bilder p&aring; Josef Winberg<\/h2>\n<ul>\n<li><a title=\"Josef Winberg uniform\" href=\"http:\/\/statensmusikverk.se\/svensktvisarkiv\/files\/2014\/04\/SMV_gotl_visb_bild_Josef-Winberg-uniform.jpg\" target=\"_blank\">Bild 1 (uniform)<\/a><\/li>\n<li><a title=\"Josef Winberg studio\" href=\"http:\/\/statensmusikverk.se\/svensktvisarkiv\/files\/2014\/04\/SMV_gotl_visb_bild_Josef-Winberg-studio.jpg\" target=\"_blank\">Bild 2 (studio)<\/a><\/li>\n<\/ul>\n<h2>Josefs visb&ouml;cker<\/h2>\n<ul>\n<li><a title=\"Josef Winbergs visbok 1\" href=\"http:\/\/urn.kb.se\/resolve?urn=urn:nbn:se:statensmusikverk-279\" target=\"_blank\">Visbok 1 (acc. nr KopD Gotl V 035)<\/a><\/li>\n<li><a title=\"Josef Winbergs visbok 2\" href=\"http:\/\/urn.kb.se\/resolve?urn=urn:nbn:se:statensmusikverk-280\" target=\"_blank\">Visbok 2 (acc. nr KopD Gotl V 036)<\/a><\/li>\n<\/ul>\n<\/div><\/div><\/div><div id=\"pgc-3529-1-1\"  class=\"panel-grid-cell panel-grid-cell-empty\" ><\/div><\/div><\/div>","protected":false},"excerpt":{"rendered":"<p>Josef Winberg (1883\u20131974) var snickare och hade ett stort musikintresse. Han har l\u00e4mnat efter sig tv\u00e5 visb\u00f6cker med k\u00e4rleksvisor och dryckesvisor.<\/p>\n","protected":false},"author":3,"featured_media":3522,"parent":3368,"menu_order":0,"comment_status":"open","ping_status":"open","template":"","meta":{"ngg_post_thumbnail":0,"spay_email":""},"categories":[4],"tags":[329],"yoast_head":"<!-- This site is optimized with the Yoast SEO plugin v16.3 - https:\/\/yoast.com\/wordpress\/plugins\/seo\/ -->\n<meta name=\"robots\" content=\"index, follow, max-snippet:-1, max-image-preview:large, max-video-preview:-1\" \/>\n<link rel=\"canonical\" href=\"https:\/\/musikverket-old.test.consids5.se\/svensktvisarkiv\/handskrivna-visbocker\/josef-winberg\/\" \/>\n<meta property=\"og:locale\" content=\"sv_SE\" \/>\n<meta property=\"og:type\" content=\"article\" \/>\n<meta property=\"og:title\" content=\"Josef Winberg - Svenskt visarkiv\" \/>\n<meta property=\"og:description\" content=\"Josef Winberg (1883\u20131974) var snickare och hade ett stort musikintresse. Han har l\u00e4mnat efter sig tv\u00e5 visb\u00f6cker med k\u00e4rleksvisor och dryckesvisor.\" \/>\n<meta property=\"og:url\" content=\"https:\/\/musikverket-old.test.consids5.se\/svensktvisarkiv\/handskrivna-visbocker\/josef-winberg\/\" \/>\n<meta property=\"og:site_name\" content=\"Svenskt visarkiv\" \/>\n<meta property=\"article:modified_time\" content=\"2016-02-12T12:31:27+00:00\" \/>\n<meta property=\"og:image\" content=\"https:\/\/musikverket.se\/svensktvisarkiv\/files\/2014\/01\/SVA_gotl_visb_Josef_Winberg_artikel_680px.jpg\" \/>\n\t<meta property=\"og:image:width\" content=\"680\" \/>\n\t<meta property=\"og:image:height\" content=\"364\" \/>\n<meta name=\"twitter:label1\" content=\"Ber\u00e4knad l\u00e4stid\">\n\t<meta name=\"twitter:data1\" content=\"3 minuter\">\n<script type=\"application\/ld+json\" class=\"yoast-schema-graph\">{\"@context\":\"https:\/\/schema.org\",\"@graph\":[{\"@type\":\"WebSite\",\"@id\":\"https:\/\/musikverket-old.test.consids5.se\/svensktvisarkiv\/#website\",\"url\":\"https:\/\/musikverket-old.test.consids5.se\/svensktvisarkiv\/\",\"name\":\"Svenskt visarkiv\",\"description\":\"Bevarar folkmusik, \\u00e4ldre popul\\u00e4rmusik, jazz och inflyttade musiktraditioner\",\"potentialAction\":[{\"@type\":\"SearchAction\",\"target\":\"https:\/\/musikverket-old.test.consids5.se\/svensktvisarkiv\/?s={search_term_string}\",\"query-input\":\"required name=search_term_string\"}],\"inLanguage\":\"sv-SE\"},{\"@type\":\"ImageObject\",\"@id\":\"https:\/\/musikverket-old.test.consids5.se\/svensktvisarkiv\/handskrivna-visbocker\/josef-winberg\/#primaryimage\",\"inLanguage\":\"sv-SE\",\"url\":\"https:\/\/musikverket-old.test.consids5.se\/svensktvisarkiv\/files\/2014\/01\/SVA_gotl_visb_Josef_Winberg_artikel_680px.jpg\",\"contentUrl\":\"https:\/\/musikverket-old.test.consids5.se\/svensktvisarkiv\/files\/2014\/01\/SVA_gotl_visb_Josef_Winberg_artikel_680px.jpg\",\"width\":\"680\",\"height\":\"364\",\"caption\":\"Josef Winberg. Foto: Svenskt visarkiv\"},{\"@type\":\"WebPage\",\"@id\":\"https:\/\/musikverket-old.test.consids5.se\/svensktvisarkiv\/handskrivna-visbocker\/josef-winberg\/#webpage\",\"url\":\"https:\/\/musikverket-old.test.consids5.se\/svensktvisarkiv\/handskrivna-visbocker\/josef-winberg\/\",\"name\":\"Josef Winberg - Svenskt visarkiv\",\"isPartOf\":{\"@id\":\"https:\/\/musikverket-old.test.consids5.se\/svensktvisarkiv\/#website\"},\"primaryImageOfPage\":{\"@id\":\"https:\/\/musikverket-old.test.consids5.se\/svensktvisarkiv\/handskrivna-visbocker\/josef-winberg\/#primaryimage\"},\"datePublished\":\"2014-06-12T08:10:32+00:00\",\"dateModified\":\"2016-02-12T12:31:27+00:00\",\"breadcrumb\":{\"@id\":\"https:\/\/musikverket-old.test.consids5.se\/svensktvisarkiv\/handskrivna-visbocker\/josef-winberg\/#breadcrumb\"},\"inLanguage\":\"sv-SE\",\"potentialAction\":[{\"@type\":\"ReadAction\",\"target\":[\"https:\/\/musikverket-old.test.consids5.se\/svensktvisarkiv\/handskrivna-visbocker\/josef-winberg\/\"]}]},{\"@type\":\"BreadcrumbList\",\"@id\":\"https:\/\/musikverket-old.test.consids5.se\/svensktvisarkiv\/handskrivna-visbocker\/josef-winberg\/#breadcrumb\",\"itemListElement\":[{\"@type\":\"ListItem\",\"position\":1,\"item\":{\"@type\":\"WebPage\",\"@id\":\"https:\/\/musikverket-old.test.consids5.se\/svensktvisarkiv\/\",\"url\":\"https:\/\/musikverket-old.test.consids5.se\/svensktvisarkiv\/\",\"name\":\"Hem\"}},{\"@type\":\"ListItem\",\"position\":2,\"item\":{\"@type\":\"WebPage\",\"@id\":\"https:\/\/musikverket-old.test.consids5.se\/svensktvisarkiv\/handskrivna-visbocker\/\",\"url\":\"https:\/\/musikverket-old.test.consids5.se\/svensktvisarkiv\/handskrivna-visbocker\/\",\"name\":\"Handskrivna visb\\u00f6cker\"}},{\"@type\":\"ListItem\",\"position\":3,\"item\":{\"@id\":\"https:\/\/musikverket-old.test.consids5.se\/svensktvisarkiv\/handskrivna-visbocker\/josef-winberg\/#webpage\"}}]}]}<\/script>\n<!-- \/ Yoast SEO plugin. -->","jetpack_shortlink":"https:\/\/wp.me\/P2Zwnz-UV","jetpack_sharing_enabled":true,"_links":{"self":[{"href":"https:\/\/musikverket-old.test.consids5.se\/svensktvisarkiv\/wp-json\/wp\/v2\/pages\/3529"}],"collection":[{"href":"https:\/\/musikverket-old.test.consids5.se\/svensktvisarkiv\/wp-json\/wp\/v2\/pages"}],"about":[{"href":"https:\/\/musikverket-old.test.consids5.se\/svensktvisarkiv\/wp-json\/wp\/v2\/types\/page"}],"author":[{"embeddable":true,"href":"https:\/\/musikverket-old.test.consids5.se\/svensktvisarkiv\/wp-json\/wp\/v2\/users\/3"}],"replies":[{"embeddable":true,"href":"https:\/\/musikverket-old.test.consids5.se\/svensktvisarkiv\/wp-json\/wp\/v2\/comments?post=3529"}],"version-history":[{"count":0,"href":"https:\/\/musikverket-old.test.consids5.se\/svensktvisarkiv\/wp-json\/wp\/v2\/pages\/3529\/revisions"}],"up":[{"embeddable":true,"href":"https:\/\/musikverket-old.test.consids5.se\/svensktvisarkiv\/wp-json\/wp\/v2\/pages\/3368"}],"wp:featuredmedia":[{"embeddable":true,"href":"https:\/\/musikverket-old.test.consids5.se\/svensktvisarkiv\/wp-json\/wp\/v2\/media\/3522"}],"wp:attachment":[{"href":"https:\/\/musikverket-old.test.consids5.se\/svensktvisarkiv\/wp-json\/wp\/v2\/media?parent=3529"}],"wp:term":[{"taxonomy":"category","embeddable":true,"href":"https:\/\/musikverket-old.test.consids5.se\/svensktvisarkiv\/wp-json\/wp\/v2\/categories?post=3529"},{"taxonomy":"post_tag","embeddable":true,"href":"https:\/\/musikverket-old.test.consids5.se\/svensktvisarkiv\/wp-json\/wp\/v2\/tags?post=3529"}],"curies":[{"name":"wp","href":"https:\/\/api.w.org\/{rel}","templated":true}]}}