{"id":3550,"date":"2014-03-03T07:00:45","date_gmt":"2014-03-03T06:00:45","guid":{"rendered":"http:\/\/statensmusikverk.se\/svensktvisarkiv\/?page_id=3550"},"modified":"2017-12-20T17:16:31","modified_gmt":"2017-12-20T16:16:31","slug":"alice-tegner-150-ar","status":"publish","type":"page","link":"https:\/\/musikverket-old.test.consids5.se\/svensktvisarkiv\/alice-tegner-150-ar\/","title":{"rendered":"Alice Tegn\u00e9r"},"content":{"rendered":"<div id=\"pl-3550\"  class=\"panel-layout\" ><div id=\"pg-3550-0\"  class=\"panel-grid panel-no-style\" ><div id=\"pgc-3550-0-0\"  class=\"panel-grid-cell\" ><div id=\"panel-3550-0-0-0\" class=\"so-panel widget widget_headers panel-first-child panel-last-child\" data-index=\"0\" ><div class=\"so-widget-headers so-widget-headers-base\"><h1 id=\"alice-tegner\">Alice Tegn\u00e9r<\/h1>\n<\/div><\/div><\/div><\/div><div id=\"pg-3550-1\"  class=\"panel-grid panel-no-style\" ><div id=\"pgc-3550-1-0\"  class=\"panel-grid-cell panel-grid-cell-mobile-last\" ><div id=\"panel-3550-1-0-0\" class=\"so-panel widget widget_black-studio-tinymce widget_black_studio_tinymce panel-first-child panel-last-child\" data-index=\"1\" ><div class=\"textwidget\"><p><em>Musikverket uppm&auml;rksammar Alice Tegn&eacute;rs (1864&ndash;1943) m&aring;ngsidiga konstn&auml;rskap genom att tillg&auml;ngligg&ouml;ra unikt material &ndash; delar av hennes barnvisor och konstmusikverk.&nbsp;F&ouml;r m&aring;nga &auml;r Alice Tegn&eacute;r barnvisornas moder. Men hon skrev &auml;ven k&ouml;rmusik och instrumentalverk. Hon str&auml;vade b&aring;de efter att utveckla barnvisan och att utforska konstmusik.<\/em><\/p>\n<\/div><\/div><\/div><div id=\"pgc-3550-1-1\"  class=\"panel-grid-cell panel-grid-cell-empty\" ><\/div><\/div><div id=\"pg-3550-2\"  class=\"panel-grid panel-no-style\" ><div id=\"pgc-3550-2-0\"  class=\"panel-grid-cell\" ><div id=\"panel-3550-2-0-0\" class=\"so-panel widget widget_text panel-first-child panel-last-child\" data-index=\"2\" >\t\t\t<div class=\"textwidget\"><div style=\"background-color:#000000; margin:0px; height:425px\"><img src=\"\/svensktvisarkiv\/files\/2014\/02\/SVA_Alice_Tegner_toppsnurra.jpg\" alt=\"Alice Tegn\u00e9r i sitt hem i Djursholm 1932. Foto: Karl Sandels\/Bonnierarkivet\/Scanpix\"><\/div><\/div>\n\t\t<\/div><\/div><\/div><div id=\"pg-3550-3\"  class=\"panel-grid panel-no-style\" ><div id=\"pgc-3550-3-0\"  class=\"panel-grid-cell\" ><div id=\"panel-3550-3-0-0\" class=\"so-panel widget widget_headers panel-first-child panel-last-child\" data-index=\"3\" ><div class=\"so-widget-headers so-widget-headers-base\"><h3 id=\"konstmusiken-alice-tegners-okanda-styrka\">Konstmusiken \u2013 Alice Tegn\u00e9rs ok\u00e4nda styrka<\/h3>\n<\/div><\/div><\/div><\/div><div id=\"pg-3550-4\"  class=\"panel-grid panel-no-style\" ><div id=\"pgc-3550-4-0\"  class=\"panel-grid-cell\" ><div id=\"panel-3550-4-0-0\" class=\"so-panel widget widget_black-studio-tinymce widget_black_studio_tinymce panel-first-child panel-last-child\" data-index=\"4\" ><div class=\"textwidget\"><p>Under 1920-talet b&ouml;rjade Alice Tegn&eacute;r komponera musik f&ouml;r vuxna. Men intresse f&ouml;r konstmusik hade hon haft l&auml;nge. Ett av hennes mer ber&ouml;mda konstmusikverk &auml;r&nbsp;<em>Sonat, f&ouml;r violin och piano<\/em>&nbsp;fr&aring;n 1901. <a title=\"Christina Tobecks artikel om Alice Tegn&eacute;r\" href=\"http:\/\/statensmusikverk.se\/artikel\/alice-tegner-och-konstmusiken\/\">Musikforskaren Christina Tobecks artikel<\/a>&nbsp;beskriver hur viktig konstmusiken var f&ouml;r Alice Tegn&eacute;r. Christina Tobeck har tidigare gjort en&nbsp;dokument&auml;rserie om Alice Tegn&eacute;r&nbsp;f&ouml;r Sveriges Radio P2.<\/p>\n<\/div><\/div><\/div><div id=\"pgc-3550-4-1\"  class=\"panel-grid-cell\" ><div id=\"panel-3550-4-1-0\" class=\"so-panel widget widget_black-studio-tinymce widget_black_studio_tinymce panel-first-child panel-last-child\" data-index=\"5\" ><div class=\"textwidget\"><p>Noterna till&nbsp;<em>Sonat, f&ouml;r violin och piano<\/em>&nbsp;och verken&nbsp;<em>Barnen dansa<\/em>,&nbsp;<em>Betlehems stj&auml;rna<\/em>,&nbsp;<em>Etude (&agrave; la Chopin)<\/em>&nbsp;och&nbsp;<em>Etude&nbsp;<\/em><em>romantique<\/em>,&nbsp;finns att ta del av h&auml;r nedan. Flera av Alice Tegn&eacute;rs verk ing&aring;r &auml;ven i projektet&nbsp;<em><a title=\"En &aring;terfunnen repertoar\" href=\"http:\/\/statensmusikverk.se\/musikochteaterbiblioteket\/rariteter\/kvinnliga-tonsattare\/\">Kvinnliga tons&auml;ttare<\/a>&nbsp;<\/em>som Musikverket gett ekonomiskt st&ouml;d till.<\/p>\n<\/div><\/div><\/div><\/div><div id=\"pg-3550-5\"  class=\"panel-grid panel-no-style\" ><div id=\"pgc-3550-5-0\"  class=\"panel-grid-cell\" ><div id=\"panel-3550-5-0-0\" class=\"so-panel widget widget_headers panel-first-child panel-last-child\" data-index=\"6\" ><div class=\"so-widget-headers so-widget-headers-base\"><h3 id=\"konstmusikverken\">Konstmusikverken<\/h3>\n<\/div><\/div><\/div><\/div><div id=\"pg-3550-6\"  class=\"panel-grid panel-no-style\" ><div id=\"pgc-3550-6-0\"  class=\"panel-grid-cell\" ><div id=\"panel-3550-6-0-0\" class=\"so-panel widget widget_puff_widget panel-first-child panel-last-child\" data-index=\"7\" >\t\t\t<div class=\"inner with_title with_text with_picture with_link\" >\r\n\t\t\t<a href=\"\/svensktvisarkiv\/files\/2014\/02\/Alice_Tegner_autograf_Barnen_dansa.pdf\">\t\t\t<div class=\"puff-picture\"><img src=\"\/svensktvisarkiv\/files\/2014\/02\/SVA_Barnen_dansa_fempuff.jpg\" alt=\"Puff Picture\" \/><\/div>\t\t\t<h4>Barnen dansa<\/h4>\t\t\t<div class=\"puff-text\"><p>F\u00f6r cello och piano. Uruppf\u00f6rdes i Stockholm 1935.<\/p><\/div>\t\t\t<\/a>\t\t\t<\/div>\r\n\t\t<\/div><\/div><div id=\"pgc-3550-6-1\"  class=\"panel-grid-cell\" ><div id=\"panel-3550-6-1-0\" class=\"so-panel widget widget_puff_widget panel-first-child panel-last-child\" data-index=\"8\" >\t\t\t<div class=\"inner with_title with_text with_picture with_link\" >\r\n\t\t\t<a href=\"\/svensktvisarkiv\/files\/2014\/02\/Alice_Tegner_autograf_Betlehems_stjarna.pdf\">\t\t\t<div class=\"puff-picture\"><img src=\"\/svensktvisarkiv\/files\/2014\/02\/SVA_Betlehems_stjarna_fempuff.jpg\" alt=\"Puff Picture\" \/><\/div>\t\t\t<h4>Betlehems stj\u00e4rna<\/h4>\t\t\t<div class=\"puff-text\"><p>Text av Viktor Rydberg, tonsatt av Alice Tegn\u00e9r f\u00f6r s\u00e5ng och piano 1893.<\/p><\/div>\t\t\t<\/a>\t\t\t<\/div>\r\n\t\t<\/div><\/div><div id=\"pgc-3550-6-2\"  class=\"panel-grid-cell\" ><div id=\"panel-3550-6-2-0\" class=\"so-panel widget widget_puff_widget panel-first-child panel-last-child\" data-index=\"9\" >\t\t\t<div class=\"inner with_title with_text with_picture with_link\" >\r\n\t\t\t<a href=\"\/svensktvisarkiv\/files\/2014\/02\/Alice_Tegner_autograf_Etude_a_la_Chopin.pdf\">\t\t\t<div class=\"puff-picture\"><img src=\"\/svensktvisarkiv\/files\/2014\/02\/SVA_Etude_a_la_Chopin_fempuff.jpg\" alt=\"Puff Picture\" \/><\/div>\t\t\t<h4>Etude (\u00e0 la Chopin)<\/h4>\t\t\t<div class=\"puff-text\"><p>Etyd f\u00f6r piano.<\/p><\/div>\t\t\t<\/a>\t\t\t<\/div>\r\n\t\t<\/div><\/div><div id=\"pgc-3550-6-3\"  class=\"panel-grid-cell\" ><div id=\"panel-3550-6-3-0\" class=\"so-panel widget widget_puff_widget panel-first-child panel-last-child\" data-index=\"10\" >\t\t\t<div class=\"inner with_title with_text with_picture with_link\" >\r\n\t\t\t<a href=\"\/svensktvisarkiv\/files\/2014\/02\/Alice_Tegner_autograf_Etude_romantique.pdf\">\t\t\t<div class=\"puff-picture\"><img src=\"\/svensktvisarkiv\/files\/2014\/02\/SVA_Etude_romantique_fempuff.jpg\" alt=\"Puff Picture\" \/><\/div>\t\t\t<h4>Etude romantique<\/h4>\t\t\t<div class=\"puff-text\"><p>Etyd f\u00f6r piano, fr\u00e5n 1925.<\/p><\/div>\t\t\t<\/a>\t\t\t<\/div>\r\n\t\t<\/div><\/div><div id=\"pgc-3550-6-4\"  class=\"panel-grid-cell\" ><div id=\"panel-3550-6-4-0\" class=\"so-panel widget widget_puff_widget panel-first-child panel-last-child\" data-index=\"11\" >\t\t\t<div class=\"inner with_title with_text with_picture with_link\" >\r\n\t\t\t<a href=\"http:\/\/urn.kb.se\/resolve?urn=urn:nbn:se:statensmusikverk-174\">\t\t\t<div class=\"puff-picture\"><img src=\"\/svensktvisarkiv\/files\/2014\/02\/SVA_Sonat_for_violin_och_piano_fempuff.jpg\" alt=\"Puff Picture\" \/><\/div>\t\t\t<h4>Sonat, f\u00f6r violin och piano<\/h4>\t\t\t<div class=\"puff-text\"><p>Ett av Alice Tegn\u00e9rs mest omfattande verk f\u00f6r violin och piano, skrivet 1901 och n\u00e4stan 25 minuter l\u00e5ngt.<\/p><\/div>\t\t\t<\/a>\t\t\t<\/div>\r\n\t\t<\/div><\/div><\/div><div id=\"pg-3550-7\"  class=\"panel-grid panel-no-style\" ><div id=\"pgc-3550-7-0\"  class=\"panel-grid-cell\" ><div id=\"panel-3550-7-0-0\" class=\"so-panel widget widget_headers panel-first-child panel-last-child\" data-index=\"12\" ><div class=\"so-widget-headers so-widget-headers-base\"><h3 id=\"sjung-med-oss-mamma-med-barnets-perspektiv\">Sjung med oss mamma! \u2013 med barnets perspektiv<\/h3>\n<\/div><\/div><\/div><\/div><div id=\"pg-3550-8\"  class=\"panel-grid panel-no-style\" ><div id=\"pgc-3550-8-0\"  class=\"panel-grid-cell\" ><div id=\"panel-3550-8-0-0\" class=\"so-panel widget widget_black-studio-tinymce widget_black_studio_tinymce panel-first-child panel-last-child\" data-index=\"13\" ><div class=\"textwidget\"><p>Alice Tegn&eacute;r komponerade sina barnvisor i hemmet i Djursholm. Visorna publicerades i h&auml;ften med titeln <em>Sjung med oss, Mamma!<\/em> Till en b&ouml;rjan distribuerades visorna inom familjen men spreds sedan till skolor. Totalt gavs nio h&auml;ften ut. Alice Tegn&eacute;r hade en ambition att utg&aring; ifr&aring;n barnets perspektiv. Hon ville att s&aring;ngintresset skulle &ouml;ka hos barn och ungdomar.&nbsp;<\/p>\n<\/div><\/div><\/div><div id=\"pgc-3550-8-1\"  class=\"panel-grid-cell\" ><div id=\"panel-3550-8-1-0\" class=\"so-panel widget widget_black-studio-tinymce widget_black_studio_tinymce panel-first-child panel-last-child\" data-index=\"14\" ><div class=\"textwidget\"><p><a title=\"Kajsa Paulssons artikel om Alice Tegn\u00e9r\" href=\"\/artikel\/barnvisans-fornyare\/\">Musikforskaren Kajsa Paulssons artikel<\/a>&nbsp;beskriver hur visorna kom till och deras betydelse f\u00f6r barnvisan som genre.&nbsp;H\u00e4r nedan&nbsp;finns de fem f\u00f6rsta h\u00e4ftena av&nbsp;<em>Sjung med oss, Mamma!<\/em>&nbsp;tillg\u00e4ngliga. H\u00e4r finns \u00e4ven&nbsp;<a title=\"Svenskt visarkivs f\u00f6rteckning\" href=\"http:\/\/katalog.visarkiv.se\/lib\/views\/visolat\/HitList.aspx?ccl=find+xrkod+sjungmedossmamma\">en f\u00f6rteckning \u00f6ver alla visor som ing\u00e5r i dessa fem h\u00e4ften<\/a>.<\/p>\n<\/div><\/div><\/div><\/div><div id=\"pg-3550-9\"  class=\"panel-grid panel-no-style\" ><div id=\"pgc-3550-9-0\"  class=\"panel-grid-cell\" ><div id=\"panel-3550-9-0-0\" class=\"so-panel widget widget_headers panel-first-child panel-last-child\" data-index=\"15\" ><div class=\"so-widget-headers so-widget-headers-base\"><h3 id=\"sjung-med-oss-mamma\">Sjung med oss, Mamma!<\/h3>\n<\/div><\/div><\/div><\/div><div id=\"pg-3550-10\"  class=\"panel-grid panel-no-style\" ><div id=\"pgc-3550-10-0\"  class=\"panel-grid-cell\" ><div id=\"panel-3550-10-0-0\" class=\"so-panel widget widget_puff_widget panel-first-child panel-last-child\" data-index=\"16\" >\t\t\t<div class=\"inner with_title with_text with_picture with_link\" >\r\n\t\t\t<a href=\"\/svensktvisarkiv\/files\/2014\/02\/Alice_Tegner_Sjung_med_oss_mamma_1.pdf\">\t\t\t<div class=\"puff-picture\"><img src=\"\/svensktvisarkiv\/files\/2014\/02\/SVA_alice_tegner_sjung_med_oss_mamma_1_fempuff.jpg\" alt=\"Puff Picture\" \/><\/div>\t\t\t<h4>H\u00e4fte 1<\/h4>\t\t\t<div class=\"puff-text\"><p>Det f\u00f6rsta h\u00e4ftet av <em>Sjung med oss, Mamma!<\/em> kom ut 1892 och inneh\u00e5ller visor som <em>Julafton<\/em>, <em>B\u00e4, B\u00e4, vita lamm<\/em> och <em>Borgm\u00e4star' Munthe<\/em>.<\/p><\/div>\t\t\t<\/a>\t\t\t<\/div>\r\n\t\t<\/div><\/div><div id=\"pgc-3550-10-1\"  class=\"panel-grid-cell\" ><div id=\"panel-3550-10-1-0\" class=\"so-panel widget widget_puff_widget panel-first-child panel-last-child\" data-index=\"17\" >\t\t\t<div class=\"inner with_title with_text with_picture with_link\" >\r\n\t\t\t<a href=\"\/svensktvisarkiv\/files\/2014\/02\/Alice_Tegner_Sjung_med_oss_mamma_2.pdf\">\t\t\t<div class=\"puff-picture\"><img src=\"\/svensktvisarkiv\/files\/2014\/02\/SVA_alice_tegner_sjung_med_oss_mamma_2_fempuff.jpg\" alt=\"Puff Picture\" \/><\/div>\t\t\t<h4>H\u00e4fte 2<\/h4>\t\t\t<div class=\"puff-text\"><p>Det andra h\u00e4ftet av <em>Sjung med oss, Mamma!<\/em> kom 1893 och inneh\u00e5ller visor som <em>Vart ska du g\u00e5, min lilla flicka?<\/em>,\u00a0<em>Litet bo jag s\u00e4tta vill och Betlehems stj\u00e4rna<\/em>.<\/p><\/div>\t\t\t<\/a>\t\t\t<\/div>\r\n\t\t<\/div><\/div><div id=\"pgc-3550-10-2\"  class=\"panel-grid-cell\" ><div id=\"panel-3550-10-2-0\" class=\"so-panel widget widget_puff_widget panel-first-child panel-last-child\" data-index=\"18\" >\t\t\t<div class=\"inner with_title with_text with_picture with_link\" >\r\n\t\t\t<a href=\"\/svensktvisarkiv\/files\/2014\/02\/Alice_Tegner_Sjung_med_oss_mamma_3.pdf\">\t\t\t<div class=\"puff-picture\"><img src=\"\/svensktvisarkiv\/files\/2014\/02\/SVA_alice_tegner_sjung_med_oss_mamma_3_fempuff.jpg\" alt=\"Puff Picture\" \/><\/div>\t\t\t<h4>H\u00e4fte 3<\/h4>\t\t\t<div class=\"puff-text\"><p>Det tredje h\u00e4ftet av <em>Sjung med oss, Mamma!<\/em> gavs ut 1895 och inneh\u00e5ller visor som <em>Sockerbagaren<\/em>, <em>Mors lilla Olle<\/em> och <em>Den blomstertid nu kommer<\/em>.<\/p><\/div>\t\t\t<\/a>\t\t\t<\/div>\r\n\t\t<\/div><\/div><div id=\"pgc-3550-10-3\"  class=\"panel-grid-cell\" ><div id=\"panel-3550-10-3-0\" class=\"so-panel widget widget_puff_widget panel-first-child panel-last-child\" data-index=\"19\" >\t\t\t<div class=\"inner with_title with_text with_picture with_link\" >\r\n\t\t\t<a href=\"\/svensktvisarkiv\/files\/2014\/02\/Alice_Tegner_Sjung_med_oss_mamma_4.pdf\">\t\t\t<div class=\"puff-picture\"><img src=\"\/svensktvisarkiv\/files\/2014\/02\/SVA_alice_tegner_sjung_med_oss_mamma_4_fempuff.jpg\" alt=\"Puff Picture\" \/><\/div>\t\t\t<h4>H\u00e4fte 4<\/h4>\t\t\t<div class=\"puff-text\"><p>Det fj\u00e4rde h\u00e4ftet av\u00a0<em>Sjung med oss, Mamma!<\/em>\u00a0gavs ut 1897 och inneh\u00e5ller visor som <em>Lasse liten<\/em>,\u00a0<em>Majas visa<\/em>\u00a0och\u00a0<em>Fritjof och Ingeborg<\/em>.<\/p><\/div>\t\t\t<\/a>\t\t\t<\/div>\r\n\t\t<\/div><\/div><div id=\"pgc-3550-10-4\"  class=\"panel-grid-cell\" ><div id=\"panel-3550-10-4-0\" class=\"so-panel widget widget_puff_widget panel-first-child panel-last-child\" data-index=\"20\" >\t\t\t<div class=\"inner with_title with_text with_picture with_link\" >\r\n\t\t\t<a href=\"\/svensktvisarkiv\/files\/2014\/02\/Alice_Tegner_Sjung_med_oss_mamma_5.pdf\">\t\t\t<div class=\"puff-picture\"><img src=\"\/svensktvisarkiv\/files\/2014\/02\/SVA_alice_tegner_sjung_med_oss_mamma_5_fempuff.jpg\" alt=\"Puff Picture\" \/><\/div>\t\t\t<h4>H\u00e4fte 5<\/h4>\t\t\t<div class=\"puff-text\"><p>Det femte h\u00e4ftet av\u00a0<em>Sjung med oss, Mamma!<\/em>\u00a0gavs ut 1899 och inneh\u00e5ller visor som\u00a0<em>De svenska gossarnas utmarsch<\/em>,<em>\u00a0<em>Sj\u00f6mansvisa <\/em><\/em>och<em><em>\u00a0<em>Vad skall du \u00e4lska?<\/em><\/em><\/em>.<\/p><\/div>\t\t\t<\/a>\t\t\t<\/div>\r\n\t\t<\/div><\/div><\/div><div id=\"pg-3550-11\"  class=\"panel-grid panel-no-style\" ><div id=\"pgc-3550-11-0\"  class=\"panel-grid-cell\" ><div id=\"panel-3550-11-0-0\" class=\"so-panel widget widget_headers panel-first-child panel-last-child\" data-index=\"21\" ><div class=\"so-widget-headers so-widget-headers-base\"><h3 id=\"lankar\">L\u00e4nkar<\/h3>\n<\/div><\/div><\/div><\/div><div id=\"pg-3550-12\"  class=\"panel-grid panel-no-style\" ><div id=\"pgc-3550-12-0\"  class=\"panel-grid-cell panel-grid-cell-mobile-last\" ><div id=\"panel-3550-12-0-0\" class=\"so-panel widget widget_black-studio-tinymce widget_black_studio_tinymce panel-first-child panel-last-child\" data-index=\"22\" ><div class=\"textwidget\"><ul>\n<li><a title=\"Visarkivets f&ouml;rteckning Sjung med oss, Mamma!\" href=\"http:\/\/katalog.visarkiv.se\/lib\/views\/visolat\/HitList.aspx?ccl=find+xrkod+sjungmedossmamma\">F&ouml;rteckning &ouml;ver visorna i <em>Sjung med oss, Mamma!<\/em> h&auml;fte 1&ndash;5<\/a><\/li>\n<li><a title=\"Arkivf&ouml;rteckning &ouml;ver verk i autograf av Alice Tegn&eacute;r i Statens musikverks arkiv\" href=\"\/svensktvisarkiv\/files\/2014\/02\/Alice_Tegner_Arkivforteckning_i_MTBs_samlingar.pdf\" target=\"_blank\">F&ouml;rteckning &ouml;ver verk i autograf (handskrifter) av Alice Tegn&eacute;r<\/a><\/li>\n<li><a title=\"En &aring;terfunnen repertoar\" href=\"\/musikochteaterbiblioteket\/rariteter\/kvinnliga-tonsattare\/\" target=\"_self\">Projektet<em> Kvinnliga tons&auml;ttare<\/em>&nbsp;som f&aring;tt st&ouml;d av Musikverket<\/a><\/li>\n<li><a title=\"P2 Dokument&auml;r\" href=\"http:\/\/sverigesradio.se\/sida\/avsnitt\/190376?programid=4112\" target=\"_blank\">Christina Tobecks dokument&auml;r om Alice Tegn&eacute;r i radioserien &rdquo;Tons&auml;ttarinnor i ett manligt musikliv\" i P2 Dokument&auml;r<\/a><\/li>\n<\/ul>\n<\/div><\/div><\/div><div id=\"pgc-3550-12-1\"  class=\"panel-grid-cell panel-grid-cell-empty\" ><\/div><\/div><\/div>","protected":false},"excerpt":{"rendered":"<p>2014 var det 150 \u00e5r sedan Alice Tegner f\u00f6ddes. Musikverket uppm\u00e4rksammar hennes m\u00e5ngsidiga konstn\u00e4rskap genom att tillg\u00e4ngligg\u00f6ra unikt material \u2013 delar av hennes barnvisor och konstmusikverk.<\/p>\n","protected":false},"author":29,"featured_media":3656,"parent":0,"menu_order":0,"comment_status":"open","ping_status":"open","template":"","meta":{"ngg_post_thumbnail":0,"spay_email":""},"categories":[4],"tags":[320,321,369],"yoast_head":"<!-- This site is optimized with the Yoast SEO plugin v16.3 - https:\/\/yoast.com\/wordpress\/plugins\/seo\/ -->\n<meta name=\"robots\" content=\"index, follow, max-snippet:-1, max-image-preview:large, max-video-preview:-1\" \/>\n<link rel=\"canonical\" href=\"https:\/\/musikverket-old.test.consids5.se\/svensktvisarkiv\/alice-tegner-150-ar\/\" \/>\n<meta property=\"og:locale\" content=\"sv_SE\" \/>\n<meta property=\"og:type\" content=\"article\" \/>\n<meta property=\"og:title\" content=\"Alice Tegn\u00e9r - Svenskt visarkiv\" \/>\n<meta property=\"og:description\" content=\"2014 var det 150 \u00e5r sedan Alice Tegner f\u00f6ddes. Musikverket uppm\u00e4rksammar hennes m\u00e5ngsidiga konstn\u00e4rskap genom att tillg\u00e4ngligg\u00f6ra unikt material \u2013 delar av hennes barnvisor och konstmusikverk.\" \/>\n<meta property=\"og:url\" content=\"https:\/\/musikverket-old.test.consids5.se\/svensktvisarkiv\/alice-tegner-150-ar\/\" \/>\n<meta property=\"og:site_name\" content=\"Svenskt visarkiv\" \/>\n<meta property=\"article:modified_time\" content=\"2017-12-20T16:16:31+00:00\" \/>\n<meta property=\"og:image\" content=\"https:\/\/musikverket.se\/svensktvisarkiv\/files\/2014\/02\/SVA_Alice_Tegner_150_ar_utv_bild_680px.jpg\" \/>\n\t<meta property=\"og:image:width\" content=\"680\" \/>\n\t<meta property=\"og:image:height\" content=\"364\" \/>\n<meta name=\"twitter:label1\" content=\"Ber\u00e4knad l\u00e4stid\">\n\t<meta name=\"twitter:data1\" content=\"3 minuter\">\n<script type=\"application\/ld+json\" class=\"yoast-schema-graph\">{\"@context\":\"https:\/\/schema.org\",\"@graph\":[{\"@type\":\"WebSite\",\"@id\":\"https:\/\/musikverket-old.test.consids5.se\/svensktvisarkiv\/#website\",\"url\":\"https:\/\/musikverket-old.test.consids5.se\/svensktvisarkiv\/\",\"name\":\"Svenskt visarkiv\",\"description\":\"Bevarar folkmusik, \\u00e4ldre popul\\u00e4rmusik, jazz och inflyttade musiktraditioner\",\"potentialAction\":[{\"@type\":\"SearchAction\",\"target\":\"https:\/\/musikverket-old.test.consids5.se\/svensktvisarkiv\/?s={search_term_string}\",\"query-input\":\"required name=search_term_string\"}],\"inLanguage\":\"sv-SE\"},{\"@type\":\"ImageObject\",\"@id\":\"https:\/\/musikverket-old.test.consids5.se\/svensktvisarkiv\/alice-tegner-150-ar\/#primaryimage\",\"inLanguage\":\"sv-SE\",\"url\":\"https:\/\/musikverket-old.test.consids5.se\/svensktvisarkiv\/files\/2014\/02\/SVA_Alice_Tegner_150_ar_utv_bild_680px.jpg\",\"contentUrl\":\"https:\/\/musikverket-old.test.consids5.se\/svensktvisarkiv\/files\/2014\/02\/SVA_Alice_Tegner_150_ar_utv_bild_680px.jpg\",\"width\":\"680\",\"height\":\"364\",\"caption\":\"Alice Tegn\\u00e9r 150 \\u00e5r. Foto: Karl Sandels\/Bonnierarkivet\/Scanpix\"},{\"@type\":\"WebPage\",\"@id\":\"https:\/\/musikverket-old.test.consids5.se\/svensktvisarkiv\/alice-tegner-150-ar\/#webpage\",\"url\":\"https:\/\/musikverket-old.test.consids5.se\/svensktvisarkiv\/alice-tegner-150-ar\/\",\"name\":\"Alice Tegn\\u00e9r - Svenskt visarkiv\",\"isPartOf\":{\"@id\":\"https:\/\/musikverket-old.test.consids5.se\/svensktvisarkiv\/#website\"},\"primaryImageOfPage\":{\"@id\":\"https:\/\/musikverket-old.test.consids5.se\/svensktvisarkiv\/alice-tegner-150-ar\/#primaryimage\"},\"datePublished\":\"2014-03-03T06:00:45+00:00\",\"dateModified\":\"2017-12-20T16:16:31+00:00\",\"breadcrumb\":{\"@id\":\"https:\/\/musikverket-old.test.consids5.se\/svensktvisarkiv\/alice-tegner-150-ar\/#breadcrumb\"},\"inLanguage\":\"sv-SE\",\"potentialAction\":[{\"@type\":\"ReadAction\",\"target\":[\"https:\/\/musikverket-old.test.consids5.se\/svensktvisarkiv\/alice-tegner-150-ar\/\"]}]},{\"@type\":\"BreadcrumbList\",\"@id\":\"https:\/\/musikverket-old.test.consids5.se\/svensktvisarkiv\/alice-tegner-150-ar\/#breadcrumb\",\"itemListElement\":[{\"@type\":\"ListItem\",\"position\":1,\"item\":{\"@type\":\"WebPage\",\"@id\":\"https:\/\/musikverket-old.test.consids5.se\/svensktvisarkiv\/\",\"url\":\"https:\/\/musikverket-old.test.consids5.se\/svensktvisarkiv\/\",\"name\":\"Hem\"}},{\"@type\":\"ListItem\",\"position\":2,\"item\":{\"@id\":\"https:\/\/musikverket-old.test.consids5.se\/svensktvisarkiv\/alice-tegner-150-ar\/#webpage\"}}]}]}<\/script>\n<!-- \/ Yoast SEO plugin. -->","jetpack_shortlink":"https:\/\/wp.me\/P2Zwnz-Vg","jetpack_sharing_enabled":true,"_links":{"self":[{"href":"https:\/\/musikverket-old.test.consids5.se\/svensktvisarkiv\/wp-json\/wp\/v2\/pages\/3550"}],"collection":[{"href":"https:\/\/musikverket-old.test.consids5.se\/svensktvisarkiv\/wp-json\/wp\/v2\/pages"}],"about":[{"href":"https:\/\/musikverket-old.test.consids5.se\/svensktvisarkiv\/wp-json\/wp\/v2\/types\/page"}],"author":[{"embeddable":true,"href":"https:\/\/musikverket-old.test.consids5.se\/svensktvisarkiv\/wp-json\/wp\/v2\/users\/29"}],"replies":[{"embeddable":true,"href":"https:\/\/musikverket-old.test.consids5.se\/svensktvisarkiv\/wp-json\/wp\/v2\/comments?post=3550"}],"version-history":[{"count":0,"href":"https:\/\/musikverket-old.test.consids5.se\/svensktvisarkiv\/wp-json\/wp\/v2\/pages\/3550\/revisions"}],"wp:featuredmedia":[{"embeddable":true,"href":"https:\/\/musikverket-old.test.consids5.se\/svensktvisarkiv\/wp-json\/wp\/v2\/media\/3656"}],"wp:attachment":[{"href":"https:\/\/musikverket-old.test.consids5.se\/svensktvisarkiv\/wp-json\/wp\/v2\/media?parent=3550"}],"wp:term":[{"taxonomy":"category","embeddable":true,"href":"https:\/\/musikverket-old.test.consids5.se\/svensktvisarkiv\/wp-json\/wp\/v2\/categories?post=3550"},{"taxonomy":"post_tag","embeddable":true,"href":"https:\/\/musikverket-old.test.consids5.se\/svensktvisarkiv\/wp-json\/wp\/v2\/tags?post=3550"}],"curies":[{"name":"wp","href":"https:\/\/api.w.org\/{rel}","templated":true}]}}