{"id":46,"date":"2012-05-07T13:10:33","date_gmt":"2012-05-07T11:10:33","guid":{"rendered":"http:\/\/musikverket.adeprimo.se\/svensktvisarkiv\/?page_id=193"},"modified":"2016-02-10T11:25:46","modified_gmt":"2016-02-10T10:25:46","slug":"musik","status":"publish","type":"page","link":"https:\/\/musikverket-old.test.consids5.se\/svensktvisarkiv\/musik\/","title":{"rendered":"Musikomr\u00e5den"},"content":{"rendered":"<div id=\"pl-46\"  class=\"panel-layout\" ><div id=\"pg-46-0\"  class=\"panel-grid panel-no-style\" ><div id=\"pgc-46-0-0\"  class=\"panel-grid-cell\" ><div id=\"panel-46-0-0-0\" class=\"so-panel widget widget_headers panel-first-child panel-last-child\" data-index=\"0\" ><div class=\"so-widget-headers so-widget-headers-base\"><h1 id=\"massor-av-musik\">Massor av musik<\/h1>\n<\/div><\/div><\/div><\/div><div id=\"pg-46-1\"  class=\"panel-grid panel-no-style\" ><div id=\"pgc-46-1-0\"  class=\"panel-grid-cell panel-grid-cell-mobile-last\" ><div id=\"panel-46-1-0-0\" class=\"so-panel widget widget_black-studio-tinymce widget_black_studio_tinymce panel-first-child panel-last-child\" data-index=\"1\" ><div class=\"textwidget\"><p><em>Visarkivets musiksamlingar sp&auml;nner &ouml;ver folkmusik, jazz och &auml;ldre popul&auml;rmusik. I samlingarna finns <em>noter och texter till ett or&auml;kneligt antal visor och l&aring;tar,&nbsp;<\/em>allt fr&aring;n handskrivna spelmansb&ouml;cker fr&aring;n 1700-talet till f&auml;rgsprakande schlagerh&auml;ften fr&aring;n 1900-talet. L<em>judsamlingen best&aring;r av s&aring;v&auml;l unika jazzinspelningar som skolg&aring;rdsfolklore och en omfattande dokumentation av &nbsp;folkmusik i olika delar av landet.<\/em><\/em><\/p>\n<\/div><\/div><\/div><div id=\"pgc-46-1-1\"  class=\"panel-grid-cell panel-grid-cell-empty\" ><\/div><\/div><div id=\"pg-46-2\"  class=\"panel-grid panel-no-style\" ><div id=\"pgc-46-2-0\"  class=\"panel-grid-cell\" ><div id=\"panel-46-2-0-0\" class=\"so-panel widget widget_puff_widget panel-first-child panel-last-child\" data-index=\"2\" >\t\t\t<div class=\"inner with_title with_text with_picture with_link\" >\r\n\t\t\t<a href=\"\/svensktvisarkiv\/samlingar\/musik\/folkmusik\/\">\t\t\t<div class=\"puff-picture\"><img src=\"\/svensktvisarkiv\/files\/2012\/11\/SVA_folkmusik_fempuff.png\" alt=\"Puff Picture\" \/><\/div>\t\t\t<h4>Folkmusik<\/h4>\t\t\t<div class=\"puff-text\"><p>Sveriges st\u00f6rsta samling av folkmusik \u2013 hundratusentals noter, handskrivna vis- och spelmansb\u00f6cker, skillingtryck i massor,\u00a0omfattande ljudinspelningar fr\u00e5n 1940-talet fram till i dag, samt flera arkiv donerade av svenska spelm\u00e4n och viss\u00e5ngare.<\/p><\/div>\t\t\t<\/a>\t\t\t<\/div>\r\n\t\t<\/div><\/div><div id=\"pgc-46-2-1\"  class=\"panel-grid-cell\" ><div id=\"panel-46-2-1-0\" class=\"so-panel widget widget_puff_widget panel-first-child panel-last-child\" data-index=\"3\" >\t\t\t<div class=\"inner with_title with_text with_picture with_link\" >\r\n\t\t\t<a href=\"\/svensktvisarkiv\/samlingar\/musik\/jazz\/\">\t\t\t<div class=\"puff-picture\"><img src=\"\/svensktvisarkiv\/files\/2012\/11\/SVA_jazz_fempuff.png\" alt=\"Puff Picture\" \/><\/div>\t\t\t<h4>Jazz<\/h4>\t\t\t<div class=\"puff-text\"><p>Fr\u00e5n r\u00f6kiga klubbar till konserthusens finrum. Samlingen ger en unik inblick i jazzens historia och utveckling i Sverige.\u00a0H\u00e4r finns unika musikinspelningar, intervjuer med jazzmusiker, fotografier, filmer, affischer, arkiv, klippb\u00f6cker och mycket mer.\u00a0<\/p><\/div>\t\t\t<\/a>\t\t\t<\/div>\r\n\t\t<\/div><\/div><div id=\"pgc-46-2-2\"  class=\"panel-grid-cell\" ><div id=\"panel-46-2-2-0\" class=\"so-panel widget widget_puff_widget panel-first-child panel-last-child\" data-index=\"4\" >\t\t\t<div class=\"inner with_title with_text with_picture with_link\" >\r\n\t\t\t<a href=\"\/svensktvisarkiv\/i-samlingarna\/musik\/litterar-visa\/\">\t\t\t<div class=\"puff-picture\"><img src=\"\/svensktvisarkiv\/files\/2012\/11\/SVA_litterar_visa_fempuff.png\" alt=\"Puff Picture\" \/><\/div>\t\t\t<h4>Litter\u00e4r visa<\/h4>\t\t\t<div class=\"puff-text\"><p>Evert Taube, Barbro H\u00f6rberg, Git Magnusson och Peder Svan \u00e4r exempel p\u00e5 n\u00e5gra centralfigurer inom den litter\u00e4ra visgenren i Sverige. Samlingen inneh\u00e5ller material om dem och andra viss\u00e5ngare, till exempel noter, l\u00e5ttexter, klippsamlingar och arkiv.<\/p><\/div>\t\t\t<\/a>\t\t\t<\/div>\r\n\t\t<\/div><\/div><div id=\"pgc-46-2-3\"  class=\"panel-grid-cell\" ><div id=\"panel-46-2-3-0\" class=\"so-panel widget widget_puff_widget panel-first-child panel-last-child\" data-index=\"5\" >\t\t\t<div class=\"inner with_title with_text with_picture with_link\" >\r\n\t\t\t<a href=\"\/svensktvisarkiv\/i-samlingarna\/musik\/schlager\/\">\t\t\t<div class=\"puff-picture\"><img src=\"\/svensktvisarkiv\/files\/2012\/11\/SVA_schlager_fempuff.png\" alt=\"Puff Picture\" \/><\/div>\t\t\t<h4>Schlager<\/h4>\t\t\t<div class=\"puff-text\"><p>Omfattande samling slagd\u00e4ngor fr\u00e5n\u00a01900-talets f\u00f6rsta h\u00e4lft. Notblad, texth\u00e4ften och b\u00f6cker speglar d\u00e5tidens explosion av moderna, medryckande s\u00e5nger \u2013 schlagern. Sm\u00f6rs\u00e5ng och k\u00e4nsliga bitar samsas\u00a0med material fr\u00e5n d\u00e5tidens popul\u00e4ra revyscen.<\/p><\/div>\t\t\t<\/a>\t\t\t<\/div>\r\n\t\t<\/div><\/div><div id=\"pgc-46-2-4\"  class=\"panel-grid-cell\" ><div id=\"panel-46-2-4-0\" class=\"so-panel widget widget_puff_widget panel-first-child panel-last-child\" data-index=\"6\" >\t\t\t<div class=\"inner with_title with_text with_picture with_link\" >\r\n\t\t\t<a href=\"\/svensktvisarkiv\/samlingar\/musik\/dragspelssamling\/\">\t\t\t<div class=\"puff-picture\"><img src=\"\/svensktvisarkiv\/files\/2012\/11\/SVA_dragspel_fempuff.png\" alt=\"Puff Picture\" \/><\/div>\t\t\t<h4>Dragspel<\/h4>\t\t\t<div class=\"puff-text\"><p>Dragspelet har spelat en betydande och varierande roll i den svenska kulturhistorien under 1900-talet. En stor samling inspelningar, noter och dokument speglar detta m\u00e5ngfacetterade och flitigt spelade instrument.<\/p><\/div>\t\t\t<\/a>\t\t\t<\/div>\r\n\t\t<\/div><\/div><\/div><\/div>","protected":false},"excerpt":{"rendered":"<p>Visarkivets musiksamlingar sp&auml;nner &ouml;ver folkmusik, jazz och &auml;ldre popul&auml;rmusik. I samlingarna finns noter och texter till ett or&auml;kneligt antal visor och l&aring;tar,&nbsp;allt fr&aring;n handskrivna spelmansb&ouml;cker fr&aring;n 1700-talet till f&auml;rgsprakande schlagerh&auml;ften fr&aring;n 1900-talet. Ljudsamlingen best&aring;r av s&aring;v&auml;l unika jazzinspelningar som skolg&aring;rdsfolklore och en omfattande dokumentation av &nbsp;folkmusik i olika delar av landet.<\/p>\n","protected":false},"author":1,"featured_media":0,"parent":0,"menu_order":0,"comment_status":"open","ping_status":"closed","template":"","meta":{"ngg_post_thumbnail":0,"spay_email":""},"categories":[3,4],"tags":[238,9,14,128,212],"yoast_head":"<!-- This site is optimized with the Yoast SEO plugin v16.3 - https:\/\/yoast.com\/wordpress\/plugins\/seo\/ -->\n<meta name=\"robots\" content=\"index, follow, max-snippet:-1, max-image-preview:large, max-video-preview:-1\" \/>\n<link rel=\"canonical\" href=\"https:\/\/musikverket-old.test.consids5.se\/svensktvisarkiv\/musik\/\" \/>\n<meta property=\"og:locale\" content=\"sv_SE\" \/>\n<meta property=\"og:type\" content=\"article\" \/>\n<meta property=\"og:title\" content=\"Musikomr\u00e5den - Svenskt visarkiv\" \/>\n<meta property=\"og:description\" content=\"Visarkivets musiksamlingar sp&auml;nner &ouml;ver folkmusik, jazz och &auml;ldre popul&auml;rmusik. I samlingarna finns noter och texter till ett or&auml;kneligt antal visor och l&aring;tar,&nbsp;allt fr&aring;n handskrivna spelmansb&ouml;cker fr&aring;n 1700-talet till f&auml;rgsprakande schlagerh&auml;ften fr&aring;n 1900-talet. Ljudsamlingen best&aring;r av s&aring;v&auml;l unika jazzinspelningar som skolg&aring;rdsfolklore och en omfattande dokumentation av &nbsp;folkmusik i olika delar av landet.\" \/>\n<meta property=\"og:url\" content=\"https:\/\/musikverket-old.test.consids5.se\/svensktvisarkiv\/musik\/\" \/>\n<meta property=\"og:site_name\" content=\"Svenskt visarkiv\" \/>\n<meta property=\"article:modified_time\" content=\"2016-02-10T10:25:46+00:00\" \/>\n<meta property=\"og:image\" content=\"https:\/\/musikverket-old.test.consids5.se\/svensktvisarkiv\/files\/2012\/11\/SVA_folkmusik_fempuff.png\" \/>\n<meta name=\"twitter:label1\" content=\"Ber\u00e4knad l\u00e4stid\">\n\t<meta name=\"twitter:data1\" content=\"1 minut\">\n<script type=\"application\/ld+json\" class=\"yoast-schema-graph\">{\"@context\":\"https:\/\/schema.org\",\"@graph\":[{\"@type\":\"WebSite\",\"@id\":\"https:\/\/musikverket-old.test.consids5.se\/svensktvisarkiv\/#website\",\"url\":\"https:\/\/musikverket-old.test.consids5.se\/svensktvisarkiv\/\",\"name\":\"Svenskt visarkiv\",\"description\":\"Bevarar folkmusik, \\u00e4ldre popul\\u00e4rmusik, jazz och inflyttade musiktraditioner\",\"potentialAction\":[{\"@type\":\"SearchAction\",\"target\":\"https:\/\/musikverket-old.test.consids5.se\/svensktvisarkiv\/?s={search_term_string}\",\"query-input\":\"required name=search_term_string\"}],\"inLanguage\":\"sv-SE\"},{\"@type\":\"ImageObject\",\"@id\":\"https:\/\/musikverket-old.test.consids5.se\/svensktvisarkiv\/musik\/#primaryimage\",\"inLanguage\":\"sv-SE\",\"url\":\"\/svensktvisarkiv\/files\/2012\/11\/SVA_folkmusik_fempuff.png\",\"contentUrl\":\"\/svensktvisarkiv\/files\/2012\/11\/SVA_folkmusik_fempuff.png\"},{\"@type\":\"WebPage\",\"@id\":\"https:\/\/musikverket-old.test.consids5.se\/svensktvisarkiv\/musik\/#webpage\",\"url\":\"https:\/\/musikverket-old.test.consids5.se\/svensktvisarkiv\/musik\/\",\"name\":\"Musikomr\\u00e5den - Svenskt visarkiv\",\"isPartOf\":{\"@id\":\"https:\/\/musikverket-old.test.consids5.se\/svensktvisarkiv\/#website\"},\"primaryImageOfPage\":{\"@id\":\"https:\/\/musikverket-old.test.consids5.se\/svensktvisarkiv\/musik\/#primaryimage\"},\"datePublished\":\"2012-05-07T11:10:33+00:00\",\"dateModified\":\"2016-02-10T10:25:46+00:00\",\"breadcrumb\":{\"@id\":\"https:\/\/musikverket-old.test.consids5.se\/svensktvisarkiv\/musik\/#breadcrumb\"},\"inLanguage\":\"sv-SE\",\"potentialAction\":[{\"@type\":\"ReadAction\",\"target\":[\"https:\/\/musikverket-old.test.consids5.se\/svensktvisarkiv\/musik\/\"]}]},{\"@type\":\"BreadcrumbList\",\"@id\":\"https:\/\/musikverket-old.test.consids5.se\/svensktvisarkiv\/musik\/#breadcrumb\",\"itemListElement\":[{\"@type\":\"ListItem\",\"position\":1,\"item\":{\"@type\":\"WebPage\",\"@id\":\"https:\/\/musikverket-old.test.consids5.se\/svensktvisarkiv\/\",\"url\":\"https:\/\/musikverket-old.test.consids5.se\/svensktvisarkiv\/\",\"name\":\"Hem\"}},{\"@type\":\"ListItem\",\"position\":2,\"item\":{\"@id\":\"https:\/\/musikverket-old.test.consids5.se\/svensktvisarkiv\/musik\/#webpage\"}}]}]}<\/script>\n<!-- \/ Yoast SEO plugin. -->","jetpack_shortlink":"https:\/\/wp.me\/P2Zwnz-K","jetpack_sharing_enabled":true,"_links":{"self":[{"href":"https:\/\/musikverket-old.test.consids5.se\/svensktvisarkiv\/wp-json\/wp\/v2\/pages\/46"}],"collection":[{"href":"https:\/\/musikverket-old.test.consids5.se\/svensktvisarkiv\/wp-json\/wp\/v2\/pages"}],"about":[{"href":"https:\/\/musikverket-old.test.consids5.se\/svensktvisarkiv\/wp-json\/wp\/v2\/types\/page"}],"author":[{"embeddable":true,"href":"https:\/\/musikverket-old.test.consids5.se\/svensktvisarkiv\/wp-json\/wp\/v2\/users\/1"}],"replies":[{"embeddable":true,"href":"https:\/\/musikverket-old.test.consids5.se\/svensktvisarkiv\/wp-json\/wp\/v2\/comments?post=46"}],"version-history":[{"count":0,"href":"https:\/\/musikverket-old.test.consids5.se\/svensktvisarkiv\/wp-json\/wp\/v2\/pages\/46\/revisions"}],"wp:attachment":[{"href":"https:\/\/musikverket-old.test.consids5.se\/svensktvisarkiv\/wp-json\/wp\/v2\/media?parent=46"}],"wp:term":[{"taxonomy":"category","embeddable":true,"href":"https:\/\/musikverket-old.test.consids5.se\/svensktvisarkiv\/wp-json\/wp\/v2\/categories?post=46"},{"taxonomy":"post_tag","embeddable":true,"href":"https:\/\/musikverket-old.test.consids5.se\/svensktvisarkiv\/wp-json\/wp\/v2\/tags?post=46"}],"curies":[{"name":"wp","href":"https:\/\/api.w.org\/{rel}","templated":true}]}}