{"id":47,"date":"2012-05-04T08:54:55","date_gmt":"2012-05-04T08:54:55","guid":{"rendered":"http:\/\/musikverket.adeprimo.se\/svensktvisarkiv\/?page_id=54"},"modified":"2023-01-16T11:40:24","modified_gmt":"2023-01-16T10:40:24","slug":"folkmusik","status":"publish","type":"page","link":"https:\/\/musikverket-old.test.consids5.se\/svensktvisarkiv\/musik\/folkmusik\/","title":{"rendered":"Folkmusik"},"content":{"rendered":"<div id=\"pl-47\"  class=\"panel-layout\" ><div id=\"pg-47-0\"  class=\"panel-grid panel-no-style\" ><div id=\"pgc-47-0-0\"  class=\"panel-grid-cell\" ><div id=\"panel-47-0-0-0\" class=\"so-panel widget widget_headers panel-first-child panel-last-child\" data-index=\"0\" ><div class=\"so-widget-headers so-widget-headers-base\"><h1 id=\"folkmusiksamlingar\">Folkmusiksamlingar<\/h1>\n<\/div><\/div><\/div><\/div><div id=\"pg-47-1\"  class=\"panel-grid panel-no-style\" ><div id=\"pgc-47-1-0\"  class=\"panel-grid-cell panel-grid-cell-mobile-last\" ><div id=\"panel-47-1-0-0\" class=\"so-panel widget widget_black-studio-tinymce widget_black_studio_tinymce panel-first-child panel-last-child\" data-index=\"1\" ><div class=\"textwidget\"><p><em>Sveriges st&ouml;rsta samlingar av folkmusik. H&auml;r finns medeltida ballader, folkliga visor, polska, jojk, lockrop, husf&ouml;rh&ouml;rsvisor, schottis, cueca med mera. I samlingarna finns unika inspelningar, uppteckningar, notutg&aring;vor, visb&ouml;cker och skivor. Visarkivet f&ouml;rmedlar material och kunskap till folkmusikintresserade &ouml;ver hela landet.<\/em><\/p>\n<\/div><\/div><\/div><div id=\"pgc-47-1-1\"  class=\"panel-grid-cell panel-grid-cell-empty\" ><\/div><\/div><div id=\"pg-47-2\"  class=\"panel-grid panel-no-style\" ><div id=\"pgc-47-2-0\"  class=\"panel-grid-cell\" ><div id=\"panel-47-2-0-0\" class=\"widget_text so-panel widget widget_custom_html panel-first-child panel-last-child\" data-index=\"2\" ><div class=\"textwidget custom-html-widget\"><div style=\"background-color:black;margin:0px;height:425px\">\n<img src=\"https:\/\/musikverket.se\/svensktvisarkiv\/files\/2012\/12\/SVA_folkmusik_underetta.png\">\n<\/div><\/div><\/div><\/div><\/div><div id=\"pg-47-3\"  class=\"panel-grid panel-no-style\" ><div id=\"pgc-47-3-0\"  class=\"panel-grid-cell\" ><div id=\"panel-47-3-0-0\" class=\"so-panel widget widget_headers panel-first-child\" data-index=\"3\" ><div class=\"so-widget-headers so-widget-headers-base\"><h3 id=\"i-folkmusiksamlingarna\">I folkmusiksamlingarna<\/h3>\n<\/div><\/div><div id=\"panel-47-3-0-1\" class=\"so-panel widget widget_black-studio-tinymce widget_black_studio_tinymce\" data-index=\"4\" ><div class=\"textwidget\"><p>Folkmusiksamlingarna inneh&aring;ller l&aring;tar, visor, danser och intervjuer p&aring; <a title=\"Inspelningar\" href=\"https:\/\/musikverket.se\/svensktvisarkiv\/i-samlingarna\/inspelningar\/\">ljudinspelningar<\/a> och film samt i uppteckningar, <a title=\"Att samla visor\" href=\"https:\/\/musikverket.se\/svensktvisarkiv\/gotlandska-visbocker\/att-samla-visor\/\">handskrivna visb&ouml;cker<\/a>, <a title=\"Om spelmansb&ouml;cker\" href=\"https:\/\/musikverket.se\/svensktvisarkiv\/artikel\/om-spelmansbocker\/\">spelmansb&ouml;cker<\/a> och <a title=\"Visarkivets bibliotek\" href=\"https:\/\/musikverket.se\/svensktvisarkiv\/bibliotek\/\">tryckta noter<\/a>. H&auml;r finns ocks&aring; fotografier och personliga handlingar efter ut&ouml;vare, forskare och organisationer som varit verksamma p&aring; folkmusikomr&aring;det.<\/p>\n<p>Samlingarna best&aring;r av musik och dans med koppling till s&aring;v&auml;l svensk kultur som till ursprungliga och invandrade minoritetsgrupper.&nbsp;<\/p>\n<p><a title=\"Mer om folkmusik och dans\" href=\"\/svensktvisarkiv\/artikel\/folkmusik-och-folkdans\/\" target=\"_self\">L&auml;s mer<\/a><\/p>\n<\/div><\/div><div id=\"panel-47-3-0-2\" class=\"so-panel widget widget_headers\" data-index=\"5\" ><div class=\"so-widget-headers so-widget-headers-base\"><h3 id=\"sok-i-samlingarna\">S\u00f6k i samlingarna<\/h3>\n<\/div><\/div><div id=\"panel-47-3-0-3\" class=\"so-panel widget widget_black-studio-tinymce widget_black_studio_tinymce panel-last-child\" data-index=\"6\" ><div class=\"textwidget\"><p>Det finns flera kataloger f\u00f6r att <a title=\"S\u00f6k i samlingarna\" href=\"http:\/\/statensmusikverk.se\/svensktvisarkiv\/sok-i-samlingarna\/\">s\u00f6ka i Visarkivets samlingar<\/a>. I <a title=\"Folkmusikkommissionens notsamling\" href=\"http:\/\/www.smus.se\/earkiv\/fmk\/\" target=\"_blank\">Folkmusikkommissionens notsamling<\/a> kan du s\u00f6ka direkt bland noter i fulltext \u2013 h\u00e4r finns \u00f6ver 100 000 l\u00e5tar fr\u00e5n olika delar av Sverige. Via andra databaser, till exempel <a title=\"Vis- och l\u00e5tregistret\" href=\"http:\/\/katalog.visarkiv.se\/lib\/views\/visolat\" target=\"_blank\">Vis- och l\u00e5tregistret<\/a>, kan du ta reda p\u00e5 om en s\u00e4rskild visa eller l\u00e5t finns i samlingarna f\u00f6r att sedan best\u00e4lla den fr\u00e5n Visarkivet. I onlinekatalogen <a title=\"Inspelningar i Svenskt visarkiv\" href=\"https:\/\/katalog.visarkiv.se\/lib\/views\/rec\/Default.aspx?item=65#_ga=2.178148837.1918702735.1509356456-1430866962.1503923161\">Inspelningar i Svenskt visarkiv<\/a> kan du s\u00f6ka bland Visarkivets omfattande ljudsamlingar. V\u00e4nd dig till <a title=\"Visarkivets expedition\" href=\"http:\/\/statensmusikverk.se\/svensktvisarkiv\/besok-visarkivet\/\">expeditionen<\/a> om du har n\u00e5gra fr\u00e5gor eller vill ha hj\u00e4lp att s\u00f6ka i samlingarna.<\/p>\n<\/div><\/div><\/div><div id=\"pgc-47-3-1\"  class=\"panel-grid-cell\" ><div id=\"panel-47-3-1-0\" class=\"so-panel widget widget_headers panel-first-child\" data-index=\"7\" ><div class=\"so-widget-headers so-widget-headers-base\"><h3 id=\"traditionell-musik-i-manga-varianter\">Traditionell musik i m\u00e5nga varianter<\/h3>\n<\/div><\/div><div id=\"panel-47-3-1-1\" class=\"so-panel widget widget_black-studio-tinymce widget_black_studio_tinymce\" data-index=\"8\" ><div class=\"textwidget\"><p>Generellt har etiketten folkmusik f&auml;sts vid musik som varit n&auml;ra kopplad till traditionella livsstilar som fanns innan det moderna samh&auml;llet b&ouml;rjade v&auml;xa fram. I Sverige har exempelvis musik f&ouml;rknippad med bondesamh&auml;llet eller samisk nomadisk kultur ansetts vara typisk folkmusik.<\/p>\n<p>K&auml;nnetecknande f&ouml;r mycket av den h&auml;r musiken &auml;r att den vanligtvis spridits geh&ouml;rsv&auml;gen och d&auml;rmed f&ouml;r&auml;ndrats, s&aring; att en m&auml;ngd mer eller mindre lika varianter av samma visa eller l&aring;t med tiden uppkommit, samt att det bland ut&ouml;varna inte varit s&auml;rskilt intressant vem som &auml;r upphovspersonen. Detsamma g&auml;ller &auml;ven f&ouml;r dans.<\/p>\n<\/div><\/div><div id=\"panel-47-3-1-2\" class=\"so-panel widget widget_headers\" data-index=\"9\" ><div class=\"so-widget-headers so-widget-headers-base\"><h3 id=\"mer-folkmusik\">Mer folkmusik<\/h3>\n<\/div><\/div><div id=\"panel-47-3-1-3\" class=\"so-panel widget widget_black-studio-tinymce widget_black_studio_tinymce panel-last-child\" data-index=\"10\" ><div class=\"textwidget\"><ul>\n<li><a title=\"Handskrivna visb\u00f6cker\" href=\"\/svensktvisarkiv\/handskrivna-visbocker\/\">Handskrivna visb\u00f6cker<\/a><\/li>\n<li><a title=\"Mats Arnbergs resa i folkmusiken\" href=\"\/svensktvisarkiv\/arnbergs-resa-i-folkmusiken\/\">Matts Arnbergs resa i folkmusiken<\/a><\/li>\n<li><a title=\"Medeltida ballader\" href=\"\/svensktvisarkiv\/musik\/folkmusik\/\">Medeltida ballader<\/a><\/li>\n<li><a title=\"Samiska r\u00f6ster\" href=\"\/svensktvisarkiv\/i-samlingarna\/inspelningar\/karl-tiren\/\">Samiska r\u00f6ster<\/a><\/li>\n<li><a title=\"Spelmansb\u00f6cker\" href=\"\/svensktvisarkiv\/spelmansbocker\/\">Spelmansb\u00f6cker<\/a><\/li>\n<\/ul>\n<p><a title=\"Skivserien Musica Sveciae\" href=\"http:\/\/old.visarkiv.se\/biblfolk.htm#_ga=2.197596527.111467064.1508140325-1092528187.1481532500\">Musica Sveciae<\/a>&nbsp;\u2013 den svenska folkmusikens nationalencyklopedi i form av 28 cd-skivor. Skivserien inneh\u00e5ller bland annat medeltida ballader, blodiga skillingtryck och lokala nedslag.<\/p>\n<p><a title=\"Folkmusikbibliografi\" href=\"http:\/\/old.visarkiv.se\/biblfolk.htm\" target=\"_blank\" rel=\"noopener\">Folkmusikbibliografi<\/a>&nbsp;\u2013 sammanst\u00e4llning av litteratur inom folkmusik, visa, dans och \u00e4ldre popul\u00e4rmusik i Sverige.&nbsp;Urvalet speglar forskning och studier fr\u00e4mst inom musiketnologi, musikvetenskap och etnologi\/folkloristik.<\/p>\n<\/div><\/div><\/div><\/div><\/div>","protected":false},"excerpt":{"rendered":"<p>Sveriges st&ouml;rsta samlingar av folkmusik. H&auml;r finns medeltida ballader, folkliga visor, polska, jojk, lockrop, husf&ouml;rh&ouml;rsvisor, schottis, cueca med mera. I samlingarna finns unika inspelningar, uppteckningar, notutg&aring;vor, visb&ouml;cker och skivor. Visarkivet f&ouml;rmedlar material och kunskap till folkmusikintresserade &ouml;ver hela landet.<\/p>\n","protected":false},"author":1,"featured_media":0,"parent":46,"menu_order":0,"comment_status":"open","ping_status":"closed","template":"","meta":{"ngg_post_thumbnail":0,"spay_email":""},"categories":[3,4],"tags":[9],"yoast_head":"<!-- This site is optimized with the Yoast SEO plugin v16.3 - https:\/\/yoast.com\/wordpress\/plugins\/seo\/ -->\n<meta name=\"robots\" content=\"index, follow, max-snippet:-1, max-image-preview:large, max-video-preview:-1\" \/>\n<link rel=\"canonical\" href=\"https:\/\/musikverket-old.test.consids5.se\/svensktvisarkiv\/musik\/folkmusik\/\" \/>\n<meta property=\"og:locale\" content=\"sv_SE\" \/>\n<meta property=\"og:type\" content=\"article\" \/>\n<meta property=\"og:title\" content=\"Folkmusik - Svenskt visarkiv\" \/>\n<meta property=\"og:description\" content=\"Sveriges st&ouml;rsta samlingar av folkmusik. H&auml;r finns medeltida ballader, folkliga visor, polska, jojk, lockrop, husf&ouml;rh&ouml;rsvisor, schottis, cueca med mera. I samlingarna finns unika inspelningar, uppteckningar, notutg&aring;vor, visb&ouml;cker och skivor. Visarkivet f&ouml;rmedlar material och kunskap till folkmusikintresserade &ouml;ver hela landet.\" \/>\n<meta property=\"og:url\" content=\"https:\/\/musikverket-old.test.consids5.se\/svensktvisarkiv\/musik\/folkmusik\/\" \/>\n<meta property=\"og:site_name\" content=\"Svenskt visarkiv\" \/>\n<meta property=\"article:modified_time\" content=\"2023-01-16T10:40:24+00:00\" \/>\n<meta name=\"twitter:label1\" content=\"Ber\u00e4knad l\u00e4stid\">\n\t<meta name=\"twitter:data1\" content=\"2 minuter\">\n<script type=\"application\/ld+json\" class=\"yoast-schema-graph\">{\"@context\":\"https:\/\/schema.org\",\"@graph\":[{\"@type\":\"WebSite\",\"@id\":\"https:\/\/musikverket-old.test.consids5.se\/svensktvisarkiv\/#website\",\"url\":\"https:\/\/musikverket-old.test.consids5.se\/svensktvisarkiv\/\",\"name\":\"Svenskt visarkiv\",\"description\":\"Bevarar folkmusik, \\u00e4ldre popul\\u00e4rmusik, jazz och inflyttade musiktraditioner\",\"potentialAction\":[{\"@type\":\"SearchAction\",\"target\":\"https:\/\/musikverket-old.test.consids5.se\/svensktvisarkiv\/?s={search_term_string}\",\"query-input\":\"required name=search_term_string\"}],\"inLanguage\":\"sv-SE\"},{\"@type\":\"WebPage\",\"@id\":\"https:\/\/musikverket-old.test.consids5.se\/svensktvisarkiv\/musik\/folkmusik\/#webpage\",\"url\":\"https:\/\/musikverket-old.test.consids5.se\/svensktvisarkiv\/musik\/folkmusik\/\",\"name\":\"Folkmusik - Svenskt visarkiv\",\"isPartOf\":{\"@id\":\"https:\/\/musikverket-old.test.consids5.se\/svensktvisarkiv\/#website\"},\"datePublished\":\"2012-05-04T08:54:55+00:00\",\"dateModified\":\"2023-01-16T10:40:24+00:00\",\"breadcrumb\":{\"@id\":\"https:\/\/musikverket-old.test.consids5.se\/svensktvisarkiv\/musik\/folkmusik\/#breadcrumb\"},\"inLanguage\":\"sv-SE\",\"potentialAction\":[{\"@type\":\"ReadAction\",\"target\":[\"https:\/\/musikverket-old.test.consids5.se\/svensktvisarkiv\/musik\/folkmusik\/\"]}]},{\"@type\":\"BreadcrumbList\",\"@id\":\"https:\/\/musikverket-old.test.consids5.se\/svensktvisarkiv\/musik\/folkmusik\/#breadcrumb\",\"itemListElement\":[{\"@type\":\"ListItem\",\"position\":1,\"item\":{\"@type\":\"WebPage\",\"@id\":\"https:\/\/musikverket-old.test.consids5.se\/svensktvisarkiv\/\",\"url\":\"https:\/\/musikverket-old.test.consids5.se\/svensktvisarkiv\/\",\"name\":\"Hem\"}},{\"@type\":\"ListItem\",\"position\":2,\"item\":{\"@type\":\"WebPage\",\"@id\":\"https:\/\/musikverket-old.test.consids5.se\/svensktvisarkiv\/musik\/\",\"url\":\"https:\/\/musikverket-old.test.consids5.se\/svensktvisarkiv\/musik\/\",\"name\":\"Musikomr\\u00e5den\"}},{\"@type\":\"ListItem\",\"position\":3,\"item\":{\"@id\":\"https:\/\/musikverket-old.test.consids5.se\/svensktvisarkiv\/musik\/folkmusik\/#webpage\"}}]}]}<\/script>\n<!-- \/ Yoast SEO plugin. -->","jetpack_shortlink":"https:\/\/wp.me\/P2Zwnz-L","jetpack_sharing_enabled":true,"_links":{"self":[{"href":"https:\/\/musikverket-old.test.consids5.se\/svensktvisarkiv\/wp-json\/wp\/v2\/pages\/47"}],"collection":[{"href":"https:\/\/musikverket-old.test.consids5.se\/svensktvisarkiv\/wp-json\/wp\/v2\/pages"}],"about":[{"href":"https:\/\/musikverket-old.test.consids5.se\/svensktvisarkiv\/wp-json\/wp\/v2\/types\/page"}],"author":[{"embeddable":true,"href":"https:\/\/musikverket-old.test.consids5.se\/svensktvisarkiv\/wp-json\/wp\/v2\/users\/1"}],"replies":[{"embeddable":true,"href":"https:\/\/musikverket-old.test.consids5.se\/svensktvisarkiv\/wp-json\/wp\/v2\/comments?post=47"}],"version-history":[{"count":0,"href":"https:\/\/musikverket-old.test.consids5.se\/svensktvisarkiv\/wp-json\/wp\/v2\/pages\/47\/revisions"}],"up":[{"embeddable":true,"href":"https:\/\/musikverket-old.test.consids5.se\/svensktvisarkiv\/wp-json\/wp\/v2\/pages\/46"}],"wp:attachment":[{"href":"https:\/\/musikverket-old.test.consids5.se\/svensktvisarkiv\/wp-json\/wp\/v2\/media?parent=47"}],"wp:term":[{"taxonomy":"category","embeddable":true,"href":"https:\/\/musikverket-old.test.consids5.se\/svensktvisarkiv\/wp-json\/wp\/v2\/categories?post=47"},{"taxonomy":"post_tag","embeddable":true,"href":"https:\/\/musikverket-old.test.consids5.se\/svensktvisarkiv\/wp-json\/wp\/v2\/tags?post=47"}],"curies":[{"name":"wp","href":"https:\/\/api.w.org\/{rel}","templated":true}]}}