{"id":5571,"date":"2015-01-26T16:38:48","date_gmt":"2015-01-26T15:38:48","guid":{"rendered":"https:\/\/musikverket.se\/svensktvisarkiv\/?page_id=5571"},"modified":"2022-08-08T15:06:57","modified_gmt":"2022-08-08T13:06:57","slug":"puls","status":"publish","type":"page","link":"https:\/\/musikverket-old.test.consids5.se\/svensktvisarkiv\/publikationer\/puls\/","title":{"rendered":"Puls"},"content":{"rendered":"<div id=\"pl-5571\"  class=\"panel-layout\" ><div id=\"pg-5571-0\"  class=\"panel-grid panel-no-style\" ><div id=\"pgc-5571-0-0\"  class=\"panel-grid-cell\" ><div id=\"panel-5571-0-0-0\" class=\"so-panel widget widget_black-studio-tinymce widget_black_studio_tinymce panel-first-child panel-last-child\" data-index=\"0\" ><div class=\"textwidget\"><p><img src=\"https:\/\/musikverket.se\/svensktvisarkiv\/files\/2016\/03\/Puls_logo_web_200px.png\" alt=\"Puls \u2013 logotype\" width=\"200\" height=\"200\" \/><\/p>\n<\/div><\/div><\/div><\/div><div id=\"pg-5571-1\"  class=\"panel-grid panel-no-style\" ><div id=\"pgc-5571-1-0\"  class=\"panel-grid-cell\" ><div id=\"panel-5571-1-0-0\" class=\"so-panel widget widget_headers panel-first-child panel-last-child\" data-index=\"1\" ><div class=\"so-widget-headers so-widget-headers-base\"><h1 id=\"puls-musik-och-dansetnologisk-tidskrift\">Puls \u2013 musik- och dansetnologisk tidskrift<\/h1>\n<\/div><\/div><\/div><\/div><div id=\"pg-5571-2\"  class=\"panel-grid panel-no-style\" ><div id=\"pgc-5571-2-0\"  class=\"panel-grid-cell\" ><div id=\"panel-5571-2-0-0\" class=\"so-panel widget widget_headers panel-first-child\" data-index=\"2\" ><div class=\"so-widget-headers so-widget-headers-base\"><h2 id=\"puls-nr-7\">Puls nr 7<\/h2>\n<\/div><\/div><div id=\"panel-5571-2-0-1\" class=\"so-panel widget widget_black-studio-tinymce widget_black_studio_tinymce\" data-index=\"3\" ><div class=\"textwidget\"><p>Senaste numret av <em>Puls<\/em> \u00e4r ett rikt blandat nummer med sju artiklar som sp\u00e4nner \u00f6ver en stor bredd i \u00e4mnesval och angreppss\u00e4tt. Tonvikten ligger p\u00e5 nordisk kontext, s\u00e5n\u00e4r som i featureartikeln signerad musiksociologen Simon Frith som h\u00e4r reflekterar \u00f6ver musikers val utifr\u00e5n givna f\u00f6ruts\u00e4ttningar.<\/p>\n<p>I <em>Puls<\/em> 7:e nummer kan man ocks\u00e5 l\u00e4sa om groove i norska telespringar, om publiceringar av en estlandssvensk visbok, om k\u00f6n, v\u00e5ld och makt i medeltida ballader, om retoriken i Hi-fi-magasin, om f\u00f6rest\u00e4llningar under folkmusikv\u00e5gen och om dragspelskvinnor. Tolv recensioner av intressant litteratur inom det musik- och dansetnologiska f\u00e4ltet, liksom sju konferensrapporter ing\u00e5r ocks\u00e5 i detta fullmatade nummer. God l\u00e4sning!<\/p>\n<p><a href=\"https:\/\/urn.kb.se\/resolve?urn=urn:nbn:se:statensmusikverk-46197\">Till Puls nr 7<\/a><\/p>\n<h3><em>Puls<\/em> nr 8<\/h3>\n<p>Sista inl\u00e4mningsdatum f\u00f6r artiklar till&nbsp;<em>Puls<\/em>&nbsp;nr 8 \u00e4r den 1 april 2022.<\/p>\n<p><a href=\"https:\/\/musikverket.se\/svensktvisarkiv\/files\/2021\/11\/Inbjudan-till-forfattare-nr-8-SV.pdf\">Inbjudan till f\u00f6rfattare <em>Puls<\/em>&nbsp;nr 8<\/a><\/p>\n<p><a href=\"https:\/\/musikverket.se\/svensktvisarkiv\/files\/2021\/11\/CfC-no-8-EN.pdf\">Call for contributions for <em>Puls<\/em>&nbsp;nr 8<\/a><\/p>\n<p>&nbsp;<\/p>\n<\/div><\/div><div id=\"panel-5571-2-0-2\" class=\"so-panel widget widget_headers\" data-index=\"4\" ><div class=\"so-widget-headers so-widget-headers-base\"><h2 id=\"redaktionen\">Redaktionen<\/h2>\n<\/div><\/div><div id=\"panel-5571-2-0-3\" class=\"so-panel widget widget_black-studio-tinymce widget_black_studio_tinymce panel-last-child\" data-index=\"5\" ><div class=\"textwidget\"><p><em>Puls<\/em> kommer ut med ett nummer per \u00e5r. Det redaktionella arbetet leds av en redakt\u00f6r samt en g\u00e4stredakt\u00f6r som knyts till tidskriften i tv\u00e5\u00e5rsperioder i samarbete med Svenskt visarkivs redaktionsgrupp. Ett vetenskapligt och tv\u00e4rvetenskapligt r\u00e5d av externa sakkunniga fr\u00e5n hela Norden \u00e4r knutet till tidskriften.<\/p>\n<p>Ansvarig utgivare: Dan Lundberg, generaldirekt\u00f6r Musikverket,&nbsp;<a href=\"mailto:dan.lundberg@musikverket.se\">dan.lundberg@musikverket.se<\/a><br \/>\nHuvudredakt\u00f6r:&nbsp;Madeleine Modin,&nbsp;Svenskt visarkiv,&nbsp; <a href=\"mailto:madeleine.modin@musikverket.se\">madeleine.modin@musikverket.se<\/a><br \/>\nArtiklar skickas till&nbsp;puls@musikverket.se<br \/>\nG\u00e4stredakt\u00f6r f\u00f6r nr 8: Owe Ronstr\u00f6m, Uppsala universitet, <a href=\"mailto:owe.ronstrom@etnologi.uu.se\">owe.ronstrom@etnologi.uu.se<\/a><br \/>\nRecensionsredakt\u00f6r f\u00f6r nr 8: Alf Arvidsson, Ume\u00e5 universitet, <a href=\"mailto:alf.arvidsson@kultmed.umu.se\">alf.arvidsson@kultmed.umu.se<\/a><\/p>\n<p>Recensionsredakt\u00f6r f\u00f6r nr 5-7: Karin L. Eriksson, Linn\u00e9universitetet, <a href=\"mailto:karin.eriksson@lnu.se\">karin.eriksson@lnu.se<\/a><br \/>\nG\u00e4stredakt\u00f6r f\u00f6r nr 5-7: Alf Arvidsson, Ume\u00e5 universitet, <a href=\"mailto:alf.arvidsson@kultmed.umu.se\">alf.arvidsson@kultmed.umu.se<\/a><\/p>\n<p><a href=\"https:\/\/musikverket.se\/wp-content\/uploads\/2020\/03\/F\u00f6rfattarinstruktion-uppdat-feb-2020.pdf\">F\u00f6rfattarinstruktioner<\/a><br \/>\n<a href=\"https:\/\/musikverket.se\/wp-content\/uploads\/2020\/03\/Guidelines-for-authors-Puls-updated-Feb-2020.pdf\">Guidelines for authors<\/a><\/p>\n<p><a href=\"https:\/\/musikverket.se\/svensktvisarkiv\/files\/2021\/06\/Forfattarinstruktioner-for-recensioner-och-rapporter.pdf\">F\u00f6rfattarinstruktioner f\u00f6r recensioner och rapporter<\/a><\/p>\n<p>&nbsp;<\/p>\n<\/div><\/div><\/div><div id=\"pgc-5571-2-1\"  class=\"panel-grid-cell\" ><div id=\"panel-5571-2-1-0\" class=\"so-panel widget widget_headers panel-first-child\" data-index=\"6\" ><div class=\"so-widget-headers so-widget-headers-base\"><h2 id=\"en-modern-tidskrift-for-det-musiketnologiska-faltet\">En modern tidskrift f\u00f6r det musiketnologiska f\u00e4ltet<\/h2>\n<\/div><\/div><div id=\"panel-5571-2-1-1\" class=\"so-panel widget widget_black-studio-tinymce widget_black_studio_tinymce panel-last-child\" data-index=\"7\" ><div class=\"textwidget\"><p><em>Puls \u2013 musik- och dansetnologisk tidskrift<\/em> \u00e4r en \u00f6ppen elektronisk tidskrift fr\u00e5n Svenskt visarkiv. Tidskriftens inriktning \u00e4r bred med utg\u00e5ngspunkt i musik- och dansetnologi och omfattar \u00e4ven andra delar av musikvetenskap och dansforskning, folkloristik, litteraturvetenskap och andra kulturvetenskaper.<\/p>\n<p>Den sammanh\u00e5llande id\u00e9n \u00e4r att <em>Puls<\/em> ur ett brett vetenskapligt perspektiv ska belysa musikens och dansens uttryck, roller och funktioner i samh\u00e4llet. <em>Puls<\/em> ambition \u00e4r att vara ett forum f\u00f6r den musik- och dansetnologiska forskningen p\u00e5 olika niv\u00e5er men ocks\u00e5 en arena f\u00f6r diskussion av viktiga fr\u00e5gor inom kulturlivet. Huvuddelen av tidskriften utg\u00f6rs av artiklar, men inneh\u00e5ller ocks\u00e5 recensioner och rapporter inom det vetenskapliga musik- och dansf\u00e4ltet.<\/p>\n<p><em>Puls<\/em> v\u00e4nder sig till s\u00e5v\u00e4l forskare och studenter som ut\u00f6vare inom musik- och dansomr\u00e5det samt till en kulturintresserad allm\u00e4nhet. Tidskriften kan ses som en kommunikativ och vetenskaplig utveckling av Svenskt visarkivs tidigare publikationer, \u00e5rsboken <em>Sumlen<\/em> (1976\u20131999) och den popul\u00e4rvetenskapliga tidskriften <em>Noterat<\/em> (1995\u20132014).<\/p>\n<p><em>Puls<\/em> inneh\u00e5ller artiklar p\u00e5 svenska, danska, norska och engelska. Samtliga artiklar \u00e4r \u201dpeer review\u201d-granskade vilket inneb\u00e4r att de \u00e4r granskade enligt vetenskaplig praxis av tv\u00e5 anonyma och oberoende granskare.<\/p>\n<\/div><\/div><\/div><div id=\"pgc-5571-2-2\"  class=\"panel-grid-cell\" ><div id=\"panel-5571-2-2-0\" class=\"so-panel widget widget_puff_widget panel-first-child\" data-index=\"8\" >\t\t\t<div class=\"inner with_title with_picture with_link\" >\r\n\t\t\t<a href=\"https:\/\/urn.kb.se\/resolve?urn=urn:nbn:se:statensmusikverk-46197\">\t\t\t<div class=\"puff-picture\"><img src=\"https:\/\/musikverket.se\/wp-content\/uploads\/2022\/03\/puff_puls-nr-7.jpg\" alt=\"Puff Picture\" \/><\/div>\t\t\t<h4>Puls nr 7<\/h4>\t\t\t\t\t\t<\/a>\t\t\t<\/div>\r\n\t\t<\/div><div id=\"panel-5571-2-2-1\" class=\"so-panel widget widget_puff_widget\" data-index=\"9\" >\t\t\t<div class=\"inner with_title with_picture with_link\" >\r\n\t\t\t<a href=\"https:\/\/urn.kb.se\/resolve?urn=urn:nbn:se:statensmusikverk-46196\">\t\t\t<div class=\"puff-picture\"><img src=\"https:\/\/musikverket.se\/svensktvisarkiv\/files\/2021\/03\/Puls-nr-6-puff.png\" alt=\"Puff Picture\" \/><\/div>\t\t\t<h4>Puls nr 6<\/h4>\t\t\t\t\t\t<\/a>\t\t\t<\/div>\r\n\t\t<\/div><div id=\"panel-5571-2-2-2\" class=\"so-panel widget widget_puff_widget\" data-index=\"10\" >\t\t\t<div class=\"inner with_title with_picture with_link\" >\r\n\t\t\t<a href=\"http:\/\/urn.kb.se\/resolve?urn=urn:nbn:se:statensmusikverk-12614\">\t\t\t<div class=\"puff-picture\"><img src=\"https:\/\/musikverket.se\/svensktvisarkiv\/files\/2020\/05\/PUls-nr-5-puff.jpg\" alt=\"Puff Picture\" \/><\/div>\t\t\t<h4>Puls nr 5<\/h4>\t\t\t\t\t\t<\/a>\t\t\t<\/div>\r\n\t\t<\/div><div id=\"panel-5571-2-2-3\" class=\"so-panel widget widget_puff_widget\" data-index=\"11\" >\t\t\t<div class=\"inner with_title with_picture with_link\" >\r\n\t\t\t<a href=\"http:\/\/urn.kb.se\/resolve?urn=urn:nbn:se:statensmusikverk-12419\">\t\t\t<div class=\"puff-picture\"><img src=\"\/wp-content\/uploads\/2019\/06\/Puls-4-puff.jpg\" alt=\"Puff Picture\" \/><\/div>\t\t\t<h4>Puls nr 4<\/h4>\t\t\t\t\t\t<\/a>\t\t\t<\/div>\r\n\t\t<\/div><div id=\"panel-5571-2-2-4\" class=\"so-panel widget widget_puff_widget\" data-index=\"12\" >\t\t\t<div class=\"inner with_title with_picture with_link\" >\r\n\t\t\t<a href=\"http:\/\/urn.kb.se\/resolve?urn=urn:nbn:se:statensmusikverk-9486\">\t\t\t<div class=\"puff-picture\"><img src=\"\/svensktvisarkiv\/files\/2018\/04\/Puls-3-puff.jpg\" alt=\"Puff Picture\" \/><\/div>\t\t\t<h4>Puls nr 3<\/h4>\t\t\t\t\t\t<\/a>\t\t\t<\/div>\r\n\t\t<\/div><div id=\"panel-5571-2-2-5\" class=\"so-panel widget widget_puff_widget\" data-index=\"13\" >\t\t\t<div class=\"inner with_title with_picture with_link\" >\r\n\t\t\t<a href=\"http:\/\/urn.kb.se\/resolve?urn=urn:nbn:se:statensmusikverk-6868\">\t\t\t<div class=\"puff-picture\"><img src=\"\/svensktvisarkiv\/files\/2017\/03\/SVA_Puls_2_Fempuff.jpg\" alt=\"Puff Picture\" \/><\/div>\t\t\t<h4>Puls nr 2<\/h4>\t\t\t\t\t\t<\/a>\t\t\t<\/div>\r\n\t\t<\/div><div id=\"panel-5571-2-2-6\" class=\"so-panel widget widget_puff_widget panel-last-child\" data-index=\"14\" >\t\t\t<div class=\"inner with_title with_picture with_link\" >\r\n\t\t\t<a href=\"http:\/\/urn.kb.se\/resolve?urn=urn:nbn:se:statensmusikverk-6143\">\t\t\t<div class=\"puff-picture\"><img src=\"\/svensktvisarkiv\/files\/2016\/09\/puls-1.jpg\" alt=\"Puff Picture\" \/><\/div>\t\t\t<h4>Puls nr 1<\/h4>\t\t\t\t\t\t<\/a>\t\t\t<\/div>\r\n\t\t<\/div><\/div><\/div><\/div>","protected":false},"excerpt":{"rendered":"<p>Puls \u2013 musik- och dansetnologisk tidskrift Puls nr 7 Senaste numret av Puls \u00e4r ett rikt blandat nummer med sju artiklar som sp\u00e4nner \u00f6ver en stor bredd i \u00e4mnesval och angreppss\u00e4tt. Tonvikten ligger p\u00e5 nordisk kontext, s\u00e5n\u00e4r som i featureartikeln signerad musiksociologen Simon Frith som h\u00e4r reflekterar \u00f6ver musikers val utifr\u00e5n givna f\u00f6ruts\u00e4ttningar. I Puls [&hellip;]<\/p>\n","protected":false},"author":29,"featured_media":0,"parent":14,"menu_order":0,"comment_status":"open","ping_status":"open","template":"","meta":{"ngg_post_thumbnail":0,"spay_email":""},"categories":[4],"tags":[339],"yoast_head":"<!-- This site is optimized with the Yoast SEO plugin v16.3 - https:\/\/yoast.com\/wordpress\/plugins\/seo\/ -->\n<meta name=\"robots\" content=\"index, follow, max-snippet:-1, max-image-preview:large, max-video-preview:-1\" \/>\n<link rel=\"canonical\" href=\"https:\/\/musikverket-old.test.consids5.se\/svensktvisarkiv\/publikationer\/puls\/\" \/>\n<meta property=\"og:locale\" content=\"sv_SE\" \/>\n<meta property=\"og:type\" content=\"article\" \/>\n<meta property=\"og:title\" content=\"Puls - Svenskt visarkiv\" \/>\n<meta property=\"og:description\" content=\"Puls \u2013 musik- och dansetnologisk tidskrift Puls nr 7 Senaste numret av Puls \u00e4r ett rikt blandat nummer med sju artiklar som sp\u00e4nner \u00f6ver en stor bredd i \u00e4mnesval och angreppss\u00e4tt. Tonvikten ligger p\u00e5 nordisk kontext, s\u00e5n\u00e4r som i featureartikeln signerad musiksociologen Simon Frith som h\u00e4r reflekterar \u00f6ver musikers val utifr\u00e5n givna f\u00f6ruts\u00e4ttningar. I Puls [&hellip;]\" \/>\n<meta property=\"og:url\" content=\"https:\/\/musikverket-old.test.consids5.se\/svensktvisarkiv\/publikationer\/puls\/\" \/>\n<meta property=\"og:site_name\" content=\"Svenskt visarkiv\" \/>\n<meta property=\"article:modified_time\" content=\"2022-08-08T13:06:57+00:00\" \/>\n<meta property=\"og:image\" content=\"https:\/\/musikverket.se\/svensktvisarkiv\/files\/2016\/03\/Puls_logo_web_200px.png\" \/>\n<meta name=\"twitter:label1\" content=\"Ber\u00e4knad l\u00e4stid\">\n\t<meta name=\"twitter:data1\" content=\"3 minuter\">\n<script type=\"application\/ld+json\" class=\"yoast-schema-graph\">{\"@context\":\"https:\/\/schema.org\",\"@graph\":[{\"@type\":\"WebSite\",\"@id\":\"https:\/\/musikverket-old.test.consids5.se\/svensktvisarkiv\/#website\",\"url\":\"https:\/\/musikverket-old.test.consids5.se\/svensktvisarkiv\/\",\"name\":\"Svenskt visarkiv\",\"description\":\"Bevarar folkmusik, \\u00e4ldre popul\\u00e4rmusik, jazz och inflyttade musiktraditioner\",\"potentialAction\":[{\"@type\":\"SearchAction\",\"target\":\"https:\/\/musikverket-old.test.consids5.se\/svensktvisarkiv\/?s={search_term_string}\",\"query-input\":\"required name=search_term_string\"}],\"inLanguage\":\"sv-SE\"},{\"@type\":\"ImageObject\",\"@id\":\"https:\/\/musikverket-old.test.consids5.se\/svensktvisarkiv\/publikationer\/puls\/#primaryimage\",\"inLanguage\":\"sv-SE\",\"url\":\"https:\/\/musikverket.se\/svensktvisarkiv\/files\/2016\/03\/Puls_logo_web_200px.png\",\"contentUrl\":\"https:\/\/musikverket.se\/svensktvisarkiv\/files\/2016\/03\/Puls_logo_web_200px.png\"},{\"@type\":\"WebPage\",\"@id\":\"https:\/\/musikverket-old.test.consids5.se\/svensktvisarkiv\/publikationer\/puls\/#webpage\",\"url\":\"https:\/\/musikverket-old.test.consids5.se\/svensktvisarkiv\/publikationer\/puls\/\",\"name\":\"Puls - Svenskt visarkiv\",\"isPartOf\":{\"@id\":\"https:\/\/musikverket-old.test.consids5.se\/svensktvisarkiv\/#website\"},\"primaryImageOfPage\":{\"@id\":\"https:\/\/musikverket-old.test.consids5.se\/svensktvisarkiv\/publikationer\/puls\/#primaryimage\"},\"datePublished\":\"2015-01-26T15:38:48+00:00\",\"dateModified\":\"2022-08-08T13:06:57+00:00\",\"breadcrumb\":{\"@id\":\"https:\/\/musikverket-old.test.consids5.se\/svensktvisarkiv\/publikationer\/puls\/#breadcrumb\"},\"inLanguage\":\"sv-SE\",\"potentialAction\":[{\"@type\":\"ReadAction\",\"target\":[\"https:\/\/musikverket-old.test.consids5.se\/svensktvisarkiv\/publikationer\/puls\/\"]}]},{\"@type\":\"BreadcrumbList\",\"@id\":\"https:\/\/musikverket-old.test.consids5.se\/svensktvisarkiv\/publikationer\/puls\/#breadcrumb\",\"itemListElement\":[{\"@type\":\"ListItem\",\"position\":1,\"item\":{\"@type\":\"WebPage\",\"@id\":\"https:\/\/musikverket-old.test.consids5.se\/svensktvisarkiv\/\",\"url\":\"https:\/\/musikverket-old.test.consids5.se\/svensktvisarkiv\/\",\"name\":\"Hem\"}},{\"@type\":\"ListItem\",\"position\":2,\"item\":{\"@type\":\"WebPage\",\"@id\":\"https:\/\/musikverket-old.test.consids5.se\/svensktvisarkiv\/publikationer\/\",\"url\":\"https:\/\/musikverket-old.test.consids5.se\/svensktvisarkiv\/publikationer\/\",\"name\":\"Publikationer\"}},{\"@type\":\"ListItem\",\"position\":3,\"item\":{\"@id\":\"https:\/\/musikverket-old.test.consids5.se\/svensktvisarkiv\/publikationer\/puls\/#webpage\"}}]}]}<\/script>\n<!-- \/ Yoast SEO plugin. -->","jetpack_shortlink":"https:\/\/wp.me\/P2Zwnz-1rR","jetpack_sharing_enabled":true,"_links":{"self":[{"href":"https:\/\/musikverket-old.test.consids5.se\/svensktvisarkiv\/wp-json\/wp\/v2\/pages\/5571"}],"collection":[{"href":"https:\/\/musikverket-old.test.consids5.se\/svensktvisarkiv\/wp-json\/wp\/v2\/pages"}],"about":[{"href":"https:\/\/musikverket-old.test.consids5.se\/svensktvisarkiv\/wp-json\/wp\/v2\/types\/page"}],"author":[{"embeddable":true,"href":"https:\/\/musikverket-old.test.consids5.se\/svensktvisarkiv\/wp-json\/wp\/v2\/users\/29"}],"replies":[{"embeddable":true,"href":"https:\/\/musikverket-old.test.consids5.se\/svensktvisarkiv\/wp-json\/wp\/v2\/comments?post=5571"}],"version-history":[{"count":0,"href":"https:\/\/musikverket-old.test.consids5.se\/svensktvisarkiv\/wp-json\/wp\/v2\/pages\/5571\/revisions"}],"up":[{"embeddable":true,"href":"https:\/\/musikverket-old.test.consids5.se\/svensktvisarkiv\/wp-json\/wp\/v2\/pages\/14"}],"wp:attachment":[{"href":"https:\/\/musikverket-old.test.consids5.se\/svensktvisarkiv\/wp-json\/wp\/v2\/media?parent=5571"}],"wp:term":[{"taxonomy":"category","embeddable":true,"href":"https:\/\/musikverket-old.test.consids5.se\/svensktvisarkiv\/wp-json\/wp\/v2\/categories?post=5571"},{"taxonomy":"post_tag","embeddable":true,"href":"https:\/\/musikverket-old.test.consids5.se\/svensktvisarkiv\/wp-json\/wp\/v2\/tags?post=5571"}],"curies":[{"name":"wp","href":"https:\/\/api.w.org\/{rel}","templated":true}]}}