{"id":6,"date":"2012-05-04T08:57:05","date_gmt":"2012-05-04T06:57:05","guid":{"rendered":"http:\/\/musikverket.adeprimo.se\/svensktvisarkiv\/?page_id=66"},"modified":"2018-08-22T11:37:10","modified_gmt":"2018-08-22T09:37:10","slug":"dans","status":"publish","type":"page","link":"https:\/\/musikverket-old.test.consids5.se\/svensktvisarkiv\/musik\/dans\/","title":{"rendered":"Dans"},"content":{"rendered":"<div id=\"pl-6\"  class=\"panel-layout\" ><div id=\"pg-6-0\"  class=\"panel-grid panel-no-style\" ><div id=\"pgc-6-0-0\"  class=\"panel-grid-cell\" ><div id=\"panel-6-0-0-0\" class=\"so-panel widget widget_headers panel-first-child panel-last-child\" data-index=\"0\" ><div class=\"so-widget-headers so-widget-headers-base\"><h1 id=\"dans\">Dans<\/h1>\n<\/div><\/div><\/div><\/div><div id=\"pg-6-1\"  class=\"panel-grid panel-no-style\" ><div id=\"pgc-6-1-0\"  class=\"panel-grid-cell panel-grid-cell-mobile-last\" ><div id=\"panel-6-1-0-0\" class=\"so-panel widget widget_black-studio-tinymce widget_black_studio_tinymce panel-first-child panel-last-child\" data-index=\"1\" ><div class=\"textwidget\"><p><em>Dokumentation av folklig dans i dagens Sverige samt bevarande<\/em>\u00a0<em>och tillg\u00e4ngligg\u00f6rande av kulturarvet inom genren.\u00a0Verksamheten \u00e4r fr\u00e4mst inriktad mot folklig dans i vid bem\u00e4rkelse, det vill s\u00e4ga olika\u00a0typer av dans som f\u00f6rekommer n\u00e4r man g\u00e5r ut och roar sig.\u00a0<\/em><\/p>\n<\/div><\/div><\/div><div id=\"pgc-6-1-1\"  class=\"panel-grid-cell panel-grid-cell-empty\" ><\/div><\/div><div id=\"pg-6-2\"  class=\"panel-grid panel-no-style\" ><div id=\"pgc-6-2-0\"  class=\"panel-grid-cell\" ><div id=\"panel-6-2-0-0\" class=\"so-panel widget widget_black-studio-tinymce widget_black_studio_tinymce panel-first-child panel-last-child\" data-index=\"2\" ><div class=\"textwidget\"><h3>Arkivet f\u00f6r folklig dans<\/h3>\n<p>Visarkivets st\u00f6rsta och viktigaste samling \u00e4r Arkivet f\u00f6r folklig dans som bildades av Henry Sj\u00f6berg 1965. Arkivet inneh\u00e5ller bland annat filmer, dansb\u00f6cker, uppsatser, dansbeskrivningar, noter, fotografier och pressklipp fr\u00e5n dansf\u00f6reningar, dansl\u00e4rare, danskurser och seminarier.<\/p>\n<ul>\n<li><a title=\"Arkivf\u00f6rteckning Arkivet f\u00f6r folklig dans (pdf, \u00f6ppnas i ett nytt f\u00f6nster)\" href=\"http:\/\/urn.kb.se\/resolve?urn=urn:nbn:se:statensmusikverk-5896\" target=\"_blank\">Till arkivf\u00f6rteckningen \u00f6ver Arkivet f\u00f6r folklig dans<\/a><\/li>\n<li><a href=\"https:\/\/musikverket.se\/svensktvisarkiv\/files\/2016\/04\/Eldsjal-folkbildare-och-dansforskare.pdf\" target=\"_blank\">L\u00e4s mer om\u00a0Henry Sj\u00f6berg och hans liv med dansen<\/a><\/li>\n<\/ul>\n<h3>Person- och organisationsarkiv<\/h3>\n<p>Dessutom ing\u00e5r ett antal separata person- eller organisationsarkiv, till exempel fr\u00e5n:<\/p>\n<ul>\n<li><a title=\"Arkivf\u00f6rteckning Henry Sj\u00f6bergs arkiv (pdf, \u00f6ppnas i ett nytt f\u00f6nster)\" href=\"http:\/\/urn.kb.se\/resolve?urn=urn:nbn:se:statensmusikverk-5893\" target=\"_blank\">Henry Sj\u00f6berg<\/a><\/li>\n<li><a title=\"Arkivf\u00f6rteckning Anta Rymans arkiv (pdf, \u00f6ppnas i ett nytt f\u00f6nster)\" href=\"http:\/\/urn.kb.se\/resolve?urn=urn:nbn:se:statensmusikverk-5895\" target=\"_blank\">Anta Ryman<\/a><\/li>\n<li>Lilian Karina\u00a0<\/li>\n<li>Rolf Heinemann<\/li>\n<li>Maud (Moppe) Carlsson\u00a0<\/li>\n<li>Brage Gille<\/li>\n<li><a title=\"Arkivf\u00f6rteckning Kulturella folkdansgillets arkiv (pdf, \u00f6ppnas i ett nytt f\u00f6nster)\" href=\"http:\/\/urn.kb.se\/resolve?urn=urn:nbn:se:statensmusikverk-5894\" target=\"_blank\">Kulturella folkdansgillet<\/a><\/li>\n<li>Nordingarna<\/li>\n<li>Nordisk f\u00f6rening f\u00f6r folkdansforskning (Nff)\u00a0<\/li>\n<li>Samarbetsn\u00e4mnden f\u00f6r folklig dans (Sfd)<\/li>\n<\/ul>\n<\/div><\/div><\/div><div id=\"pgc-6-2-1\"  class=\"panel-grid-cell\" ><div id=\"panel-6-2-1-0\" class=\"so-panel widget widget_headers panel-first-child\" data-index=\"3\" ><div class=\"so-widget-headers so-widget-headers-base\"><h3 id=\"ta-del-av-danssamlingarna\">Ta del av danssamlingarna<\/h3>\n<\/div><\/div><div id=\"panel-6-2-1-1\" class=\"so-panel widget widget_black-studio-tinymce widget_black_studio_tinymce\" data-index=\"4\" ><div class=\"textwidget\"><p>Danssamlingarna f&ouml;rvaras i Visarkivets lokaler i G&auml;ddviken i Nacka och studeras p&aring; plats. Bes&ouml;kare tas emot efter &ouml;verenskommelse.&nbsp;<\/p>\n<p>Boka bes&ouml;k via Visarkivets expedition <br \/>E-post: <a title=\"visarkivet@musikverket.se\" href=\"mailto:visarkivet@musikverket.se\" target=\"_blank\">visarkivet@musikverket.se<br \/><\/a>Telefon:&nbsp;08-519 554 88<\/p>\n<\/div><\/div><div id=\"panel-6-2-1-2\" class=\"so-panel widget widget_headers\" data-index=\"5\" ><div class=\"so-widget-headers so-widget-headers-base\"><h3 id=\"queerdans-i-sverige\">Queerdans i Sverige<\/h3>\n<\/div><\/div><div id=\"panel-6-2-1-3\" class=\"so-panel widget widget_black-studio-tinymce widget_black_studio_tinymce panel-last-child\" data-index=\"6\" ><div class=\"textwidget\"><p>Queerdans handlar om att ifr\u00e5gas\u00e4tta heteronormen i dans, till exempel fr\u00e5ng\u00e5s vanan att det alltid \u00e4r mannen som f\u00f6r och kvinnan som f\u00f6ljer. Queerdans finns inom flera olika pardansgenrer, till exempel queertango, queersalsa, queerlindy och queerpolska. Musikverket har i ett dokumentationsprojekt samlat kunskap om queerdans som f\u00f6reteelse i Sverige. Resultatet av arbetet, i form av inspelningar, intervjuer och annan dokumentation, finns arkiverat i Svenskt visarkiv.&nbsp;<\/p>\n<p>L\u00e4r dig mer om queerdans, se filmer och l\u00e4s intervjuer med dansare i presentationen <a href=\"\/svensktvisarkiv\/det-queera-dansgolvet\/\"><em>Det queera dansgolvet<\/em><\/a>.<\/p>\n<\/div><\/div><\/div><\/div><div id=\"pg-6-3\"  class=\"panel-grid panel-no-style\" ><div id=\"pgc-6-3-0\"  class=\"panel-grid-cell\" ><div id=\"panel-6-3-0-0\" class=\"so-panel widget widget_puff_widget panel-first-child panel-last-child\" data-index=\"7\" >\t\t\t<div class=\"inner with_title with_text with_picture with_link\" >\r\n\t\t\t<a href=\"mailto:info@visarkiv.se\">\t\t\t<div class=\"puff-picture\"><img src=\"\/svensktvisarkiv\/files\/2012\/12\/SVA_I_SAMLINGARNA_dans_Fempuff_.png\" alt=\"Puff Picture\" \/><\/div>\t\t\t<h4>Vill du donera material?<\/h4>\t\t\t<div class=\"puff-text\"><p>Visarkivet tar emot donationer av relevant dansmaterial till samlingarna fr\u00e5n s\u00e5v\u00e4l privatpersoner som organisationer.\u00a0Mejla g\u00e4rna information om det material du vill donera samt dina kontaktuppgifter.<\/p><\/div>\t\t\t<\/a>\t\t\t<\/div>\r\n\t\t<\/div><\/div><div id=\"pgc-6-3-1\"  class=\"panel-grid-cell\" ><div id=\"panel-6-3-1-0\" class=\"so-panel widget widget_puff_widget panel-first-child panel-last-child\" data-index=\"8\" >\t\t\t<div class=\"inner with_title with_text with_picture with_link\" >\r\n\t\t\t<a href=\"\/musikochteaterbiblioteket\/rariteter\/fotografier\/\">\t\t\t<div class=\"puff-picture\"><img src=\"\/svensktvisarkiv\/files\/2012\/12\/SVA_mer_dans_Fempuff.png\" alt=\"Puff Picture\" \/><\/div>\t\t\t<h4>Mer dans p\u00e5 Musik- och teaterbiblioteket<\/h4>\t\t\t<div class=\"puff-text\"><p>Musik- och teaterbiblioteket har inte bara ett rikt utbud av danslitteratur, utan \u00e4ven material om dans\u00a0i sina raritetssamlingarna, till exempel \u00e4ldre fotografier och arkiv efter personer och organisationer inom dansen.<\/p><\/div>\t\t\t<\/a>\t\t\t<\/div>\r\n\t\t<\/div><\/div><div id=\"pgc-6-3-2\"  class=\"panel-grid-cell\" ><div id=\"panel-6-3-2-0\" class=\"so-panel widget widget_puff_widget panel-first-child panel-last-child\" data-index=\"9\" >\t\t\t<div class=\"inner with_title with_text with_picture with_link\" >\r\n\t\t\t<a href=\"http:\/\/carina.se\/library_sv.html\">\t\t\t<div class=\"puff-picture\"><img src=\"\/svensktvisarkiv\/files\/2016\/04\/SVA_Carina_Ari_fempuff.jpg\" alt=\"Puff Picture\" \/><\/div>\t\t\t<h4>Carina Ari Biblioteket<\/h4>\t\t\t<div class=\"puff-text\"><p>Samlingarna omfattar \u00f6ver 13&nbsp000 boktitlar om de flesta dansformer, plus ett stort antal tidskrifter, programh\u00e4ften, arkivalier och fotografier. \u00d6ver 4&nbsp000 dansfilmer \u00e4r tillg\u00e4ngliga f\u00f6r forskning. Bes\u00f6k efter \u00f6verenskommelse.<\/p><\/div>\t\t\t<\/a>\t\t\t<\/div>\r\n\t\t<\/div><\/div><div id=\"pgc-6-3-3\"  class=\"panel-grid-cell panel-grid-cell-mobile-last\" ><div id=\"panel-6-3-3-0\" class=\"so-panel widget widget_puff_widget panel-first-child panel-last-child\" data-index=\"10\" >\t\t\t<div class=\"inner with_title with_text with_picture with_link\" >\r\n\t\t\t<a href=\"http:\/\/www.dansmuseet.se\/\">\t\t\t<div class=\"puff-picture\"><img src=\"\/svensktvisarkiv\/files\/2012\/12\/SVA_dans_dansmuseet_Fempuf.png\" alt=\"Puff Picture\" \/><\/div>\t\t\t<h4>Missa inte Dansmuseet<\/h4>\t\t\t<div class=\"puff-text\"><p>Dansmuseets samlingar och utst\u00e4llningar fokuserar fr\u00e4mst p\u00e5 sceniska dansgenrer som balett, modern och nutida dans. Museet har \u00e4ven ett studiecentrum med bibliotek, videotek och arkiv. Foto: Jonas Melin<\/p><\/div>\t\t\t<\/a>\t\t\t<\/div>\r\n\t\t<\/div><\/div><div id=\"pgc-6-3-4\"  class=\"panel-grid-cell panel-grid-cell-empty\" ><\/div><\/div><\/div>","protected":false},"excerpt":{"rendered":"<p>Dokumentation av folklig dans i dagens Sverige samt bevarande\u00a0och tillg\u00e4ngligg\u00f6rande av kulturarvet inom genren.\u00a0Verksamheten \u00e4r fr\u00e4mst inriktad mot folklig dans i vid bem\u00e4rkelse, det vill s\u00e4ga olika\u00a0typer av dans som f\u00f6rekommer n\u00e4r man g\u00e5r ut och roar sig.\u00a0<\/p>\n","protected":false},"author":1,"featured_media":0,"parent":46,"menu_order":0,"comment_status":"open","ping_status":"closed","template":"","meta":{"ngg_post_thumbnail":0,"spay_email":""},"categories":[5,4],"tags":[259,241,240],"yoast_head":"<!-- This site is optimized with the Yoast SEO plugin v16.3 - https:\/\/yoast.com\/wordpress\/plugins\/seo\/ -->\n<meta name=\"robots\" content=\"index, follow, max-snippet:-1, max-image-preview:large, max-video-preview:-1\" \/>\n<link rel=\"canonical\" href=\"https:\/\/musikverket-old.test.consids5.se\/svensktvisarkiv\/musik\/dans\/\" \/>\n<meta property=\"og:locale\" content=\"sv_SE\" \/>\n<meta property=\"og:type\" content=\"article\" \/>\n<meta property=\"og:title\" content=\"Dans - Svenskt visarkiv\" \/>\n<meta property=\"og:description\" content=\"Dokumentation av folklig dans i dagens Sverige samt bevarande\u00a0och tillg\u00e4ngligg\u00f6rande av kulturarvet inom genren.\u00a0Verksamheten \u00e4r fr\u00e4mst inriktad mot folklig dans i vid bem\u00e4rkelse, det vill s\u00e4ga olika\u00a0typer av dans som f\u00f6rekommer n\u00e4r man g\u00e5r ut och roar sig.\u00a0\" \/>\n<meta property=\"og:url\" content=\"https:\/\/musikverket-old.test.consids5.se\/svensktvisarkiv\/musik\/dans\/\" \/>\n<meta property=\"og:site_name\" content=\"Svenskt visarkiv\" \/>\n<meta property=\"article:modified_time\" content=\"2018-08-22T09:37:10+00:00\" \/>\n<meta name=\"twitter:label1\" content=\"Ber\u00e4knad l\u00e4stid\">\n\t<meta name=\"twitter:data1\" content=\"2 minuter\">\n<script type=\"application\/ld+json\" class=\"yoast-schema-graph\">{\"@context\":\"https:\/\/schema.org\",\"@graph\":[{\"@type\":\"WebSite\",\"@id\":\"https:\/\/musikverket-old.test.consids5.se\/svensktvisarkiv\/#website\",\"url\":\"https:\/\/musikverket-old.test.consids5.se\/svensktvisarkiv\/\",\"name\":\"Svenskt visarkiv\",\"description\":\"Bevarar folkmusik, \\u00e4ldre popul\\u00e4rmusik, jazz och inflyttade musiktraditioner\",\"potentialAction\":[{\"@type\":\"SearchAction\",\"target\":\"https:\/\/musikverket-old.test.consids5.se\/svensktvisarkiv\/?s={search_term_string}\",\"query-input\":\"required name=search_term_string\"}],\"inLanguage\":\"sv-SE\"},{\"@type\":\"WebPage\",\"@id\":\"https:\/\/musikverket-old.test.consids5.se\/svensktvisarkiv\/musik\/dans\/#webpage\",\"url\":\"https:\/\/musikverket-old.test.consids5.se\/svensktvisarkiv\/musik\/dans\/\",\"name\":\"Dans - Svenskt visarkiv\",\"isPartOf\":{\"@id\":\"https:\/\/musikverket-old.test.consids5.se\/svensktvisarkiv\/#website\"},\"datePublished\":\"2012-05-04T06:57:05+00:00\",\"dateModified\":\"2018-08-22T09:37:10+00:00\",\"breadcrumb\":{\"@id\":\"https:\/\/musikverket-old.test.consids5.se\/svensktvisarkiv\/musik\/dans\/#breadcrumb\"},\"inLanguage\":\"sv-SE\",\"potentialAction\":[{\"@type\":\"ReadAction\",\"target\":[\"https:\/\/musikverket-old.test.consids5.se\/svensktvisarkiv\/musik\/dans\/\"]}]},{\"@type\":\"BreadcrumbList\",\"@id\":\"https:\/\/musikverket-old.test.consids5.se\/svensktvisarkiv\/musik\/dans\/#breadcrumb\",\"itemListElement\":[{\"@type\":\"ListItem\",\"position\":1,\"item\":{\"@type\":\"WebPage\",\"@id\":\"https:\/\/musikverket-old.test.consids5.se\/svensktvisarkiv\/\",\"url\":\"https:\/\/musikverket-old.test.consids5.se\/svensktvisarkiv\/\",\"name\":\"Hem\"}},{\"@type\":\"ListItem\",\"position\":2,\"item\":{\"@type\":\"WebPage\",\"@id\":\"https:\/\/musikverket-old.test.consids5.se\/svensktvisarkiv\/musik\/\",\"url\":\"https:\/\/musikverket-old.test.consids5.se\/svensktvisarkiv\/musik\/\",\"name\":\"Musikomr\\u00e5den\"}},{\"@type\":\"ListItem\",\"position\":3,\"item\":{\"@id\":\"https:\/\/musikverket-old.test.consids5.se\/svensktvisarkiv\/musik\/dans\/#webpage\"}}]}]}<\/script>\n<!-- \/ Yoast SEO plugin. -->","jetpack_shortlink":"https:\/\/wp.me\/P2Zwnz-6","jetpack_sharing_enabled":true,"_links":{"self":[{"href":"https:\/\/musikverket-old.test.consids5.se\/svensktvisarkiv\/wp-json\/wp\/v2\/pages\/6"}],"collection":[{"href":"https:\/\/musikverket-old.test.consids5.se\/svensktvisarkiv\/wp-json\/wp\/v2\/pages"}],"about":[{"href":"https:\/\/musikverket-old.test.consids5.se\/svensktvisarkiv\/wp-json\/wp\/v2\/types\/page"}],"author":[{"embeddable":true,"href":"https:\/\/musikverket-old.test.consids5.se\/svensktvisarkiv\/wp-json\/wp\/v2\/users\/1"}],"replies":[{"embeddable":true,"href":"https:\/\/musikverket-old.test.consids5.se\/svensktvisarkiv\/wp-json\/wp\/v2\/comments?post=6"}],"version-history":[{"count":0,"href":"https:\/\/musikverket-old.test.consids5.se\/svensktvisarkiv\/wp-json\/wp\/v2\/pages\/6\/revisions"}],"up":[{"embeddable":true,"href":"https:\/\/musikverket-old.test.consids5.se\/svensktvisarkiv\/wp-json\/wp\/v2\/pages\/46"}],"wp:attachment":[{"href":"https:\/\/musikverket-old.test.consids5.se\/svensktvisarkiv\/wp-json\/wp\/v2\/media?parent=6"}],"wp:term":[{"taxonomy":"category","embeddable":true,"href":"https:\/\/musikverket-old.test.consids5.se\/svensktvisarkiv\/wp-json\/wp\/v2\/categories?post=6"},{"taxonomy":"post_tag","embeddable":true,"href":"https:\/\/musikverket-old.test.consids5.se\/svensktvisarkiv\/wp-json\/wp\/v2\/tags?post=6"}],"curies":[{"name":"wp","href":"https:\/\/api.w.org\/{rel}","templated":true}]}}