{"id":6117,"date":"2015-10-09T15:24:44","date_gmt":"2015-10-09T13:24:44","guid":{"rendered":"https:\/\/musikverket.se\/svensktvisarkiv\/?page_id=6117"},"modified":"2022-05-31T16:05:00","modified_gmt":"2022-05-31T14:05:00","slug":"christer-landergrens-samling","status":"publish","type":"page","link":"https:\/\/musikverket-old.test.consids5.se\/svensktvisarkiv\/i-samlingarna\/fotografier\/christer-landergrens-samling\/","title":{"rendered":"Christer Landergrens samling"},"content":{"rendered":"<div id=\"pl-6117\"  class=\"panel-layout\" ><div id=\"pg-6117-0\"  class=\"panel-grid panel-no-style\" ><div id=\"pgc-6117-0-0\"  class=\"panel-grid-cell\" ><div id=\"panel-6117-0-0-0\" class=\"so-panel widget widget_headers panel-first-child panel-last-child\" data-index=\"0\" ><div class=\"so-widget-headers so-widget-headers-base\"><h1 id=\"christer-landergrens-samling\">Christer Landergrens samling<\/h1>\n<\/div><\/div><\/div><\/div><div id=\"pg-6117-1\"  class=\"panel-grid panel-no-style\" ><div id=\"pgc-6117-1-0\"  class=\"panel-grid-cell panel-grid-cell-mobile-last\" ><div id=\"panel-6117-1-0-0\" class=\"so-panel widget widget_black-studio-tinymce widget_black_studio_tinymce panel-first-child panel-last-child\" data-index=\"1\" ><div class=\"textwidget\"><p><em>Christer&nbsp;Landergren&nbsp;(1941&ndash;2006) &auml;r&nbsp;en&nbsp;av Sveriges fr&auml;msta jazzfotografer. Landergrens bildarkiv&nbsp;med&nbsp;cirka 150 000 negativ och tusentals papperskopior &auml;r en del av&nbsp;Svenskt visarkiv.<\/em><\/p>\n<\/div><\/div><\/div><div id=\"pgc-6117-1-1\"  class=\"panel-grid-cell panel-grid-cell-empty\" ><\/div><\/div><div id=\"pg-6117-2\"  class=\"panel-grid panel-has-style\" ><div class=\"siteorigin-panels-stretch panel-row-style panel-row-style-for-6117-2\" data-stretch-type=\"full-stretched\" ><div id=\"pgc-6117-2-0\"  class=\"panel-grid-cell\" ><div id=\"panel-6117-2-0-0\" class=\"so-panel widget widget_slideshow_widget panel-first-child panel-last-child\" data-index=\"2\" >\n\n<div class=\"slideshow-container\" style=\"background: black\">\n  <div data-duration=\"10\" class=\"slideshow standard\">\n    <ul class=\"inner centrerad\">\n    <li class=\"item\"><img class=\"image\" src=\"https:\/\/musikverket.se\/svensktvisarkiv\/files\/2015\/10\/Landergren_1_toppsnurra.jpg\" alt=\"\" \/><div class=\"content\"><p><\/p><p><\/p><\/div><\/li><li class=\"item\"><img class=\"image\" src=\"https:\/\/musikverket.se\/svensktvisarkiv\/files\/2015\/10\/Landergren_2_toppsnurra.jpg\" alt=\"\" \/><div class=\"content\"><p><\/p><p><\/p><\/div><\/li><li class=\"item\"><img class=\"image\" src=\"https:\/\/musikverket.se\/svensktvisarkiv\/files\/2015\/10\/Landergren_3_toppsnurra.jpg\" alt=\"\" \/><div class=\"content\"><p><\/p><p><\/p><\/div><\/li><li class=\"item\"><img class=\"image\" src=\"https:\/\/musikverket.se\/svensktvisarkiv\/files\/2015\/10\/Landergren_4_toppsnurra.jpg\" alt=\"\" \/><div class=\"content\"><p><\/p><p><\/p><\/div><\/li><li class=\"item\"><img class=\"image\" src=\"https:\/\/musikverket.se\/svensktvisarkiv\/files\/2015\/10\/Landergren_5_toppsnurra.jpg\" alt=\"\" \/><div class=\"content\"><p><\/p><p><\/p><\/div><\/li>    <\/ul>\n  <\/div>\n<\/div>\n\n\t\t<\/div><\/div><\/div><\/div><div id=\"pg-6117-3\"  class=\"panel-grid panel-no-style\" ><div id=\"pgc-6117-3-0\"  class=\"panel-grid-cell panel-grid-cell-mobile-last\" ><div id=\"panel-6117-3-0-0\" class=\"so-panel widget widget_black-studio-tinymce widget_black_studio_tinymce panel-first-child\" data-index=\"3\" ><h3 class=\"widget-title\">40 \u00e5r av jazz i Sverige<\/h3><div class=\"textwidget\"><p>Fotografen Christer Landergren skildrade den svenska jazzscenen och g&auml;stande internationella storstj&auml;rnor fr&aring;n mitten av 1960-talet och 40 &aring;r fram&aring;t. Hans fotografier utg&ouml;r ett viktigt underlag f&ouml;r den som intresserar sig f&ouml;r jazzens historia i Sverige under denna tid, de har &auml;ven&nbsp;ett konstn&auml;rligt v&auml;rde.<\/p>\n<ul>\n<li><a title=\"Christer Landergren\" href=\"\/svensktvisarkiv\/i-samlingarna\/fotografier\/christer-landergrens-samling\/christer-landergren\/\">L&auml;s mer om fotografen Christer Landergren<\/a><\/li>\n<\/ul>\n<\/div><\/div><div id=\"panel-6117-3-0-1\" class=\"so-panel widget widget_black-studio-tinymce widget_black_studio_tinymce panel-last-child\" data-index=\"4\" ><h3 class=\"widget-title\">Foto: Christer Landergren \u2013 Ny utst\u00e4llning!<\/h3><div class=\"textwidget\"><p>Foton du kan h\u00f6ra, musik du kan se. P\u00e5 utst\u00e4llningen Foto: Christer Landergren p\u00e5 Scenkonstmuseet kan du se ett urval av Landergrens fotografier. H\u00e4r finns fotografier som aldrig tidigare visats, exklusiva liveinspelningar och v\u00e4rldsk\u00e4nda artister som du aldrig har sett dem f\u00f6rut.<\/p>\n<p>Visas 10 juni 2022 till 15 januari 2023 p\u00e5 Scenkonstmuseet<br \/>\n<a href=\"https:\/\/scenkonstmuseet.se\/utstallningar\/foto-christer-landergren\/\">L\u00e4s mer om utst\u00e4llningen<\/a><\/p>\n<p><em>Utst\u00e4llningen h\u00e5lls i samarbete med Svenskt visarkiv.<\/em><\/p>\n<\/div><\/div><\/div><div id=\"pgc-6117-3-1\"  class=\"panel-grid-cell panel-grid-cell-empty\" ><\/div><\/div><div id=\"pg-6117-4\"  class=\"panel-grid panel-no-style\" ><div id=\"pgc-6117-4-0\"  class=\"panel-grid-cell\" ><div id=\"panel-6117-4-0-0\" class=\"so-panel widget widget_puff_widget panel-first-child panel-last-child\" data-index=\"5\" >\t\t\t<div class=\"inner with_title with_text with_picture with_link\" >\r\n\t\t\t<a href=\"https:\/\/musikverket.se\/svensktvisarkiv\/i-samlingarna\/fotografier\/christer-landergrens-samling\/60-talet\/\">\t\t\t<div class=\"puff-picture\"><img src=\"https:\/\/musikverket.se\/svensktvisarkiv\/files\/2016\/10\/landergren-puff.jpg\" alt=\"Puff Picture\" \/><\/div>\t\t\t<h4>60-talet<\/h4>\t\t\t<div class=\"puff-text\">Se Christer Landergrens bilder fr\u00e5n 60-talet och l\u00e4s om jazzscen i Sverige.<\/div>\t\t\t<\/a>\t\t\t<\/div>\r\n\t\t<\/div><\/div><div id=\"pgc-6117-4-1\"  class=\"panel-grid-cell\" ><div id=\"panel-6117-4-1-0\" class=\"so-panel widget widget_puff_widget panel-first-child panel-last-child\" data-index=\"6\" >\t\t\t<div class=\"inner with_title with_text with_picture with_link\" >\r\n\t\t\t<a href=\"\/svensktvisarkiv\/i-samlingarna\/fotografier\/christer-landergrens-samling\/70-talet\/\">\t\t\t<div class=\"puff-picture\"><img src=\"\/svensktvisarkiv\/files\/2017\/03\/Dee_Dee_Bridgewater.jpg\" alt=\"Puff Picture\" \/><\/div>\t\t\t<h4>70-talet<\/h4>\t\t\t<div class=\"puff-text\">Se bilderna och l\u00e4s om jazz i Sverige p\u00e5 70-talet. <\/div>\t\t\t<\/a>\t\t\t<\/div>\r\n\t\t<\/div><\/div><div id=\"pgc-6117-4-2\"  class=\"panel-grid-cell panel-grid-cell-empty\" ><\/div><div id=\"pgc-6117-4-3\"  class=\"panel-grid-cell panel-grid-cell-empty panel-grid-cell-mobile-last\" ><\/div><div id=\"pgc-6117-4-4\"  class=\"panel-grid-cell panel-grid-cell-empty\" ><\/div><\/div><\/div>","protected":false},"excerpt":{"rendered":"<p>Christer Landergren (1941\u20132006) \u00e4r en av Sveriges fr\u00e4msta jazzfotografer. Hans bildarkiv med cirka 150 000 negativ och tusentals papperskopior \u00e4r en del av Svenskt visarkiv. H\u00e4r visas ett urval av bilderna.<\/p>\n","protected":false},"author":29,"featured_media":6505,"parent":8,"menu_order":0,"comment_status":"open","ping_status":"open","template":"","meta":{"ngg_post_thumbnail":0,"spay_email":""},"categories":[3,4],"tags":[254,350,14],"yoast_head":"<!-- This site is optimized with the Yoast SEO plugin v16.3 - https:\/\/yoast.com\/wordpress\/plugins\/seo\/ -->\n<meta name=\"robots\" content=\"index, follow, max-snippet:-1, max-image-preview:large, max-video-preview:-1\" \/>\n<link rel=\"canonical\" href=\"https:\/\/musikverket-old.test.consids5.se\/svensktvisarkiv\/i-samlingarna\/fotografier\/christer-landergrens-samling\/\" \/>\n<meta property=\"og:locale\" content=\"sv_SE\" \/>\n<meta property=\"og:type\" content=\"article\" \/>\n<meta property=\"og:title\" content=\"Christer Landergrens samling - Svenskt visarkiv\" \/>\n<meta property=\"og:description\" content=\"Christer Landergren (1941\u20132006) \u00e4r en av Sveriges fr\u00e4msta jazzfotografer. Hans bildarkiv med cirka 150 000 negativ och tusentals papperskopior \u00e4r en del av Svenskt visarkiv. H\u00e4r visas ett urval av bilderna.\" \/>\n<meta property=\"og:url\" content=\"https:\/\/musikverket-old.test.consids5.se\/svensktvisarkiv\/i-samlingarna\/fotografier\/christer-landergrens-samling\/\" \/>\n<meta property=\"og:site_name\" content=\"Svenskt visarkiv\" \/>\n<meta property=\"article:modified_time\" content=\"2022-05-31T14:05:00+00:00\" \/>\n<meta property=\"og:image\" content=\"https:\/\/musikverket.se\/svensktvisarkiv\/files\/2015\/10\/bill.jpg\" \/>\n\t<meta property=\"og:image:width\" content=\"680\" \/>\n\t<meta property=\"og:image:height\" content=\"364\" \/>\n<meta name=\"twitter:label1\" content=\"Ber\u00e4knad l\u00e4stid\">\n\t<meta name=\"twitter:data1\" content=\"1 minut\">\n<script type=\"application\/ld+json\" class=\"yoast-schema-graph\">{\"@context\":\"https:\/\/schema.org\",\"@graph\":[{\"@type\":\"WebSite\",\"@id\":\"https:\/\/musikverket-old.test.consids5.se\/svensktvisarkiv\/#website\",\"url\":\"https:\/\/musikverket-old.test.consids5.se\/svensktvisarkiv\/\",\"name\":\"Svenskt visarkiv\",\"description\":\"Bevarar folkmusik, \\u00e4ldre popul\\u00e4rmusik, jazz och inflyttade musiktraditioner\",\"potentialAction\":[{\"@type\":\"SearchAction\",\"target\":\"https:\/\/musikverket-old.test.consids5.se\/svensktvisarkiv\/?s={search_term_string}\",\"query-input\":\"required name=search_term_string\"}],\"inLanguage\":\"sv-SE\"},{\"@type\":\"ImageObject\",\"@id\":\"https:\/\/musikverket-old.test.consids5.se\/svensktvisarkiv\/i-samlingarna\/fotografier\/christer-landergrens-samling\/#primaryimage\",\"inLanguage\":\"sv-SE\",\"url\":\"https:\/\/musikverket-old.test.consids5.se\/svensktvisarkiv\/files\/2015\/10\/bill.jpg\",\"contentUrl\":\"https:\/\/musikverket-old.test.consids5.se\/svensktvisarkiv\/files\/2015\/10\/bill.jpg\",\"width\":680,\"height\":364,\"caption\":\"Bill Evans, Johanneshov Isstadion, Stockholm, november 1965. Foto: Christer Landergren\"},{\"@type\":\"WebPage\",\"@id\":\"https:\/\/musikverket-old.test.consids5.se\/svensktvisarkiv\/i-samlingarna\/fotografier\/christer-landergrens-samling\/#webpage\",\"url\":\"https:\/\/musikverket-old.test.consids5.se\/svensktvisarkiv\/i-samlingarna\/fotografier\/christer-landergrens-samling\/\",\"name\":\"Christer Landergrens samling - Svenskt visarkiv\",\"isPartOf\":{\"@id\":\"https:\/\/musikverket-old.test.consids5.se\/svensktvisarkiv\/#website\"},\"primaryImageOfPage\":{\"@id\":\"https:\/\/musikverket-old.test.consids5.se\/svensktvisarkiv\/i-samlingarna\/fotografier\/christer-landergrens-samling\/#primaryimage\"},\"datePublished\":\"2015-10-09T13:24:44+00:00\",\"dateModified\":\"2022-05-31T14:05:00+00:00\",\"breadcrumb\":{\"@id\":\"https:\/\/musikverket-old.test.consids5.se\/svensktvisarkiv\/i-samlingarna\/fotografier\/christer-landergrens-samling\/#breadcrumb\"},\"inLanguage\":\"sv-SE\",\"potentialAction\":[{\"@type\":\"ReadAction\",\"target\":[\"https:\/\/musikverket-old.test.consids5.se\/svensktvisarkiv\/i-samlingarna\/fotografier\/christer-landergrens-samling\/\"]}]},{\"@type\":\"BreadcrumbList\",\"@id\":\"https:\/\/musikverket-old.test.consids5.se\/svensktvisarkiv\/i-samlingarna\/fotografier\/christer-landergrens-samling\/#breadcrumb\",\"itemListElement\":[{\"@type\":\"ListItem\",\"position\":1,\"item\":{\"@type\":\"WebPage\",\"@id\":\"https:\/\/musikverket-old.test.consids5.se\/svensktvisarkiv\/\",\"url\":\"https:\/\/musikverket-old.test.consids5.se\/svensktvisarkiv\/\",\"name\":\"Hem\"}},{\"@type\":\"ListItem\",\"position\":2,\"item\":{\"@type\":\"WebPage\",\"@id\":\"https:\/\/musikverket-old.test.consids5.se\/svensktvisarkiv\/i-samlingarna\/\",\"url\":\"https:\/\/musikverket-old.test.consids5.se\/svensktvisarkiv\/i-samlingarna\/\",\"name\":\"Samlingar\"}},{\"@type\":\"ListItem\",\"position\":3,\"item\":{\"@type\":\"WebPage\",\"@id\":\"https:\/\/musikverket-old.test.consids5.se\/svensktvisarkiv\/i-samlingarna\/fotografier\/\",\"url\":\"https:\/\/musikverket-old.test.consids5.se\/svensktvisarkiv\/i-samlingarna\/fotografier\/\",\"name\":\"Fotografier\"}},{\"@type\":\"ListItem\",\"position\":4,\"item\":{\"@id\":\"https:\/\/musikverket-old.test.consids5.se\/svensktvisarkiv\/i-samlingarna\/fotografier\/christer-landergrens-samling\/#webpage\"}}]}]}<\/script>\n<!-- \/ Yoast SEO plugin. -->","jetpack_shortlink":"https:\/\/wp.me\/P2Zwnz-1AF","jetpack_sharing_enabled":true,"_links":{"self":[{"href":"https:\/\/musikverket-old.test.consids5.se\/svensktvisarkiv\/wp-json\/wp\/v2\/pages\/6117"}],"collection":[{"href":"https:\/\/musikverket-old.test.consids5.se\/svensktvisarkiv\/wp-json\/wp\/v2\/pages"}],"about":[{"href":"https:\/\/musikverket-old.test.consids5.se\/svensktvisarkiv\/wp-json\/wp\/v2\/types\/page"}],"author":[{"embeddable":true,"href":"https:\/\/musikverket-old.test.consids5.se\/svensktvisarkiv\/wp-json\/wp\/v2\/users\/29"}],"replies":[{"embeddable":true,"href":"https:\/\/musikverket-old.test.consids5.se\/svensktvisarkiv\/wp-json\/wp\/v2\/comments?post=6117"}],"version-history":[{"count":0,"href":"https:\/\/musikverket-old.test.consids5.se\/svensktvisarkiv\/wp-json\/wp\/v2\/pages\/6117\/revisions"}],"up":[{"embeddable":true,"href":"https:\/\/musikverket-old.test.consids5.se\/svensktvisarkiv\/wp-json\/wp\/v2\/pages\/8"}],"wp:featuredmedia":[{"embeddable":true,"href":"https:\/\/musikverket-old.test.consids5.se\/svensktvisarkiv\/wp-json\/wp\/v2\/media\/6505"}],"wp:attachment":[{"href":"https:\/\/musikverket-old.test.consids5.se\/svensktvisarkiv\/wp-json\/wp\/v2\/media?parent=6117"}],"wp:term":[{"taxonomy":"category","embeddable":true,"href":"https:\/\/musikverket-old.test.consids5.se\/svensktvisarkiv\/wp-json\/wp\/v2\/categories?post=6117"},{"taxonomy":"post_tag","embeddable":true,"href":"https:\/\/musikverket-old.test.consids5.se\/svensktvisarkiv\/wp-json\/wp\/v2\/tags?post=6117"}],"curies":[{"name":"wp","href":"https:\/\/api.w.org\/{rel}","templated":true}]}}