{"id":62,"date":"2013-02-08T08:10:34","date_gmt":"2013-02-08T07:10:34","guid":{"rendered":"http:\/\/musikverket.adeprimo.se\/svensktvisarkiv\/?page_id=2803"},"modified":"2021-02-11T16:30:17","modified_gmt":"2021-02-11T15:30:17","slug":"sok-i-samlingarna","status":"publish","type":"page","link":"https:\/\/musikverket-old.test.consids5.se\/svensktvisarkiv\/sok-i-samlingarna\/","title":{"rendered":"S\u00f6k i samlingarna"},"content":{"rendered":"<div id=\"pl-62\"  class=\"panel-layout\" ><div id=\"pg-62-0\"  class=\"panel-grid panel-no-style\" ><div id=\"pgc-62-0-0\"  class=\"panel-grid-cell\" ><div id=\"panel-62-0-0-0\" class=\"so-panel widget widget_headers panel-first-child panel-last-child\" data-index=\"0\" ><div class=\"so-widget-headers so-widget-headers-base\"><h1 id=\"sok-i-samlingarna\">S\u00f6k i samlingarna<\/h1>\n<\/div><\/div><\/div><\/div><div id=\"pg-62-1\"  class=\"panel-grid panel-no-style\" ><div id=\"pgc-62-1-0\"  class=\"panel-grid-cell panel-grid-cell-mobile-last\" ><div id=\"panel-62-1-0-0\" class=\"so-panel widget widget_black-studio-tinymce widget_black_studio_tinymce panel-first-child panel-last-child\" data-index=\"1\" ><div class=\"textwidget\"><p><em>Det finns flera s&auml;tt att s&ouml;ka i Visarkivets samlingar. I Folkmusikkommissionens notsamling finns noter till &ouml;ver 100 000 l&aring;tar. Via andra databaser kan du ta reda p&aring; om en s&auml;rskild visa eller l&aring;t finns i samlingarna f&ouml;r att sedan best&auml;lla den fr&aring;n Visarkivet. V&auml;nd dig till&nbsp;<a title=\"Visarkivets expedition\" href=\"http:\/\/statensmusikverk.se\/svensktvisarkiv\/besok-visarkivet\/\">expeditionen<\/a>&nbsp;om du har n&aring;gra fr&aring;gor eller vill ha hj&auml;lp att&nbsp;s&ouml;ka i samlingarna.<\/em><\/p>\n<\/div><\/div><\/div><div id=\"pgc-62-1-1\"  class=\"panel-grid-cell panel-grid-cell-empty\" ><\/div><\/div><div id=\"pg-62-2\"  class=\"panel-grid panel-no-style\" ><div id=\"pgc-62-2-0\"  class=\"panel-grid-cell\" ><div id=\"panel-62-2-0-0\" class=\"so-panel widget widget_puff_widget panel-first-child panel-last-child\" data-index=\"2\" >\t\t\t<div class=\"inner with_title with_text with_picture with_link\" >\r\n\t\t\t<a href=\"http:\/\/katalog.visarkiv.se\/lib\/views\/visolat\/Default.aspx?item=89\">\t\t\t<div class=\"puff-picture\"><img src=\"\/svensktvisarkiv\/files\/2013\/05\/vis_och_lat_registerpuff.png\" alt=\"Puff Picture\" \/><\/div>\t\t\t<h4>Vis- och l\u00e5tregistret<\/h4>\t\t\t<div class=\"puff-text\"><p>180\u00a0000 poster \u00f6ver visor och l\u00e5tar i tryckta publikationer \u2013 fr\u00e5n 1500-talets adelsvisb\u00f6cker till dagens moderna visor och schlagermelodier.<\/p><\/div>\t\t\t<\/a>\t\t\t<\/div>\r\n\t\t<\/div><\/div><div id=\"pgc-62-2-1\"  class=\"panel-grid-cell\" ><div id=\"panel-62-2-1-0\" class=\"so-panel widget widget_puff_widget panel-first-child panel-last-child\" data-index=\"3\" >\t\t\t<div class=\"inner with_title with_text with_picture with_link\" >\r\n\t\t\t<a href=\"http:\/\/fmk.musikverket.se\/\">\t\t\t<div class=\"puff-picture\"><img src=\"\/svensktvisarkiv\/files\/2012\/12\/SVA_SOK_3_Fempuff.png\" alt=\"Puff Picture\" \/><\/div>\t\t\t<h4>Folkmusikkommissionen<\/h4>\t\t\t<div class=\"puff-text\"><p>Notsamling med \u00f6ver 100\u00a0000 s\u00f6kbara l\u00e5tar. Handskrivna notb\u00f6cker fr\u00e5n 1700- och 1800-talen samt insamlade l\u00e5tar och visor fr\u00e5n olika delar av Sverige.<\/p><\/div>\t\t\t<\/a>\t\t\t<\/div>\r\n\t\t<\/div><\/div><div id=\"pgc-62-2-2\"  class=\"panel-grid-cell\" ><div id=\"panel-62-2-2-0\" class=\"so-panel widget widget_puff_widget panel-first-child panel-last-child\" data-index=\"4\" >\t\t\t<div class=\"inner with_title with_text with_picture with_link\" >\r\n\t\t\t<a href=\"https:\/\/litteraturbanken.se\/forfattare\/SvensktVisarkiv\/titlar\">\t\t\t<div class=\"puff-picture\"><img src=\"\/svensktvisarkiv\/files\/2017\/06\/ballader-puff3.jpg\" alt=\"Puff Picture\" \/><\/div>\t\t\t<h4>Sveriges Medeltida Ballader<\/h4>\t\t\t<div class=\"puff-text\">Sveriges medeltida ballader gavs ut av Svenskt visarkiv 1983\u20132001. Alla band i utg\u00e5van finns digitalt tillg\u00e4ngliga hos Litteraturbanken. <\/div>\t\t\t<\/a>\t\t\t<\/div>\r\n\t\t<\/div><\/div><div id=\"pgc-62-2-3\"  class=\"panel-grid-cell\" ><div id=\"panel-62-2-3-0\" class=\"so-panel widget widget_puff_widget panel-first-child panel-last-child\" data-index=\"5\" >\t\t\t<div class=\"inner with_title with_text with_picture with_link\" >\r\n\t\t\t<a href=\"http:\/\/katalog.visarkiv.se\/lib\/views\/rec\/Default.aspx?item=65\">\t\t\t<div class=\"puff-picture\"><img src=\"\/svensktvisarkiv\/files\/2016\/04\/sok_i_ljudsamlingarna-puff.png\" alt=\"Puff Picture\" \/><\/div>\t\t\t<h4>Inspelningar i Svenskt visarkiv<\/h4>\t\t\t<div class=\"puff-text\"><p>S\u00f6k bland Visarkivets omfattande ljudsamlingar. H\u00e4r finns katalogposter med information om tusentals inspelningar, och det g\u00e5r \u00e4ven att lyssna p\u00e5 valda delar av ljudsamlingarna.<\/p><\/div>\t\t\t<\/a>\t\t\t<\/div>\r\n\t\t<\/div><\/div><div id=\"pgc-62-2-4\"  class=\"panel-grid-cell\" ><div id=\"panel-62-2-4-0\" class=\"so-panel widget widget_puff_widget panel-first-child panel-last-child\" data-index=\"6\" >\t\t\t<div class=\"inner with_title with_text with_picture with_link\" >\r\n\t\t\t<a href=\"https:\/\/discover.musikverket.se\">\t\t\t<div class=\"puff-picture\"><img src=\"\/svensktvisarkiv\/files\/2014\/10\/Musikverkets_databas_fempuff.jpg\" alt=\"Puff Picture\" \/><\/div>\t\t\t<h4>Musikverkets s\u00f6kverktyg<\/h4>\t\t\t<div class=\"puff-text\">I detta s\u00f6kverktyg kan du hitta allt som ing\u00e5r i katalogerna Vis- och l\u00e5tregistret och Inspelningar i Svenskt visarkiv samt dessutom Visarkivets bibliotekskatalog och arkivregister. Allt detta samsas med ett antal andra kataloger fr\u00e5n Musikverkets \u00f6vriga verksamheter, bland annat Musik- och teaterbibliotekets webbkatalog.<\/div>\t\t\t<\/a>\t\t\t<\/div>\r\n\t\t<\/div><\/div><\/div><div id=\"pg-62-3\"  class=\"panel-grid panel-no-style\" ><div id=\"pgc-62-3-0\"  class=\"panel-grid-cell panel-grid-cell-mobile-last\" ><div id=\"panel-62-3-0-0\" class=\"so-panel widget widget_black-studio-tinymce widget_black_studio_tinymce panel-first-child panel-last-child\" data-index=\"7\" ><div class=\"textwidget\"><h3 class=\"p1\"><a name=\"kortkataloger\"><\/a>Kortkataloger<\/h3>\n<p class=\"p1\"><em>I de skannade kortkatalogerna finns v&auml;gar till material som annars &auml;r sv&aring;rtillg&auml;ngligt. Korten inneh&aring;ller bland annat handskrivna anteckningar och kan vara bitvis sv&aring;rl&auml;sta &ndash; v&auml;nd dig till <a title=\"Expeditionen\" href=\"\/svensktvisarkiv\/besok-visarkivet\/\">Visarkivets expedition<\/a> om du har fr&aring;gor.<\/em><\/p>\n<\/div><\/div><\/div><div id=\"pgc-62-3-1\"  class=\"panel-grid-cell panel-grid-cell-empty\" ><\/div><\/div><div id=\"pg-62-4\"  class=\"panel-grid panel-no-style\" ><div id=\"pgc-62-4-0\"  class=\"panel-grid-cell\" ><div id=\"panel-62-4-0-0\" class=\"so-panel widget widget_puff_widget panel-first-child panel-last-child\" data-index=\"8\" >\t\t\t<div class=\"inner with_title with_text with_picture with_link\" >\r\n\t\t\t<a href=\"http:\/\/katalog.visarkiv.se\/kort\/views\/nordl\/Default.aspx?item=123\">\t\t\t<div class=\"puff-picture\"><img src=\"\/svensktvisarkiv\/files\/2014\/08\/Barnvisor.jpg\" alt=\"Puff Picture\" \/><\/div>\t\t\t<h4>Barnvise- och barnrimsregistret<\/h4>\t\t\t<div class=\"puff-text\"><p>S&ouml;ker du efter &auml;ldre barnvisor och rim i olika varianter? D&aring; &auml;r detta katalogen att b&ouml;rja botanisera i. Registret inneh&aring;ller n&auml;rmare 6&nbsp;800 kort och f&ouml;rtecknar visor och ramsor ur s&aring;v&auml;l upptecknade som tryckta k&auml;llor.<\/p><\/div>\t\t\t<\/a>\t\t\t<\/div>\r\n\t\t<\/div><\/div><div id=\"pgc-62-4-1\"  class=\"panel-grid-cell\" ><div id=\"panel-62-4-1-0\" class=\"so-panel widget widget_puff_widget panel-first-child panel-last-child\" data-index=\"9\" >\t\t\t<div class=\"inner with_title with_text with_picture with_link\" >\r\n\t\t\t<a href=\"http:\/\/katalog.visarkiv.se\/kort\/views\/na\/Default.aspx?item=102\">\t\t\t<div class=\"puff-picture\"><img src=\"\/svensktvisarkiv\/files\/2014\/06\/Bellmantidens_visor.jpg\" alt=\"Puff Picture\" \/><\/div>\t\t\t<h4>Bellmantidens visor<\/h4>\t\t\t<div class=\"puff-text\"><p>Nyfiken p\u00e5 vilka visor\u00a0som sj\u00f6ngs\u00a0och spreds i\u00a0Bellmans samtid? I denna katalog kan\u00a0du fritexts\u00f6ka bland visor ur\u00a0diktsamlingar, tidningar och tidskrifter, f\u00f6rtecknade p\u00e5\u00a0n\u00e4rmare\u00a09\u00a0000 kort.<\/p><\/div>\t\t\t<\/a>\t\t\t<\/div>\r\n\t\t<\/div><\/div><div id=\"pgc-62-4-2\"  class=\"panel-grid-cell\" ><div id=\"panel-62-4-2-0\" class=\"so-panel widget widget_puff_widget panel-first-child panel-last-child\" data-index=\"10\" >\t\t\t<div class=\"inner with_title with_text with_picture with_link\" >\r\n\t\t\t<a href=\"http:\/\/katalog.visarkiv.se\/kort\/views\/fr\/Default.aspx?item=29\">\t\t\t<div class=\"puff-picture\"><img src=\"\/svensktvisarkiv\/files\/2012\/12\/SVA_Forstaradsregistret-_Fempuff.png\" alt=\"Puff Picture\" \/><\/div>\t\t\t<h4>F\u00f6rstaradsregistret<\/h4>\t\t\t<div class=\"puff-text\"><p>Kan du f\u00f6rsta raden?\u00a0Hitta r\u00e4tt bland 70\u00a0000 visor genom att s\u00f6ka p\u00e5 f\u00f6rsta textraden. \u00c4ldre material som inte hittas i g\u00e4ngse samlingsutg\u00e5vor.\u00a0<\/p><\/div>\t\t\t<\/a>\t\t\t<\/div>\r\n\t\t<\/div><\/div><div id=\"pgc-62-4-3\"  class=\"panel-grid-cell panel-grid-cell-mobile-last\" ><div id=\"panel-62-4-3-0\" class=\"so-panel widget widget_puff_widget panel-first-child panel-last-child\" data-index=\"11\" >\t\t\t<div class=\"inner with_title with_text with_picture with_link\" >\r\n\t\t\t<a href=\"http:\/\/katalog.visarkiv.se\/kort\/views\/gv\/Default.aspx?item=104\">\t\t\t<div class=\"puff-picture\"><img src=\"\/svensktvisarkiv\/files\/2014\/06\/Gamla-visboksregistret.jpg\" alt=\"Puff Picture\" \/><\/div>\t\t\t<h4>Gamla visboksregistret<\/h4>\t\t\t<div class=\"puff-text\"><p>Vad inneh&ouml;ll 1800-talets tryckta visb&ouml;cker egentligen? Det f&aring;r man reda p&aring; i detta register som p&aring; &ouml;ver 62&nbsp;000 kort f&ouml;rtecknar visor ur skols&aring;ngb&ouml;cker, students&aring;ngb&ouml;cker och m&aring;nga andra publikationer.<\/p><\/div>\t\t\t<\/a>\t\t\t<\/div>\r\n\t\t<\/div><\/div><div id=\"pgc-62-4-4\"  class=\"panel-grid-cell panel-grid-cell-empty\" ><\/div><\/div><div id=\"pg-62-5\"  class=\"panel-grid panel-no-style\" ><div id=\"pgc-62-5-0\"  class=\"panel-grid-cell\" ><div id=\"panel-62-5-0-0\" class=\"so-panel widget widget_puff_widget panel-first-child panel-last-child\" data-index=\"12\" >\t\t\t<div class=\"inner with_title with_text with_picture with_link\" >\r\n\t\t\t<a href=\"http:\/\/katalog.visarkiv.se\/kort\/views\/dencker\/Default.aspx?item=122\">\t\t\t<div class=\"puff-picture\"><img src=\"\/svensktvisarkiv\/files\/2014\/03\/sangleksregistret_puff.png\" alt=\"Puff Picture\" \/><\/div>\t\t\t<h4>S\u00e5ngleksregistret<\/h4>\t\t\t<div class=\"puff-text\"><p>Leksugen? S\u00f6k bland 350 lekar och danser i en m\u00e4ngd varianter i Svenskt visarkivs digitaliserade s\u00e5ngleksregister.<\/p><\/div>\t\t\t<\/a>\t\t\t<\/div>\r\n\t\t<\/div><\/div><div id=\"pgc-62-5-1\"  class=\"panel-grid-cell\" ><div id=\"panel-62-5-1-0\" class=\"so-panel widget widget_puff_widget panel-first-child panel-last-child\" data-index=\"13\" >\t\t\t<div class=\"inner with_title with_text with_picture with_link\" >\r\n\t\t\t<a href=\"http:\/\/katalog.visarkiv.se\/kort\/views\/ar\/Default.aspx?item=83\">\t\t\t<div class=\"puff-picture\"><img src=\"\/svensktvisarkiv\/files\/2012\/12\/SVA_amnesregistret_Fempuff.png\" alt=\"Puff Picture\" \/><\/div>\t\t\t<h4>\u00c4mnesregistret<\/h4>\t\t\t<div class=\"puff-text\">P\u00e5 jakt efter folkliga visor? Om du inte hittar det du s\u00f6ker i F\u00f6rstaradsregistret, prova att s\u00f6ka p\u00e5 \u00e4mnesord bland \u00f6ver 30 000 katalogkort. Ingen engelsk version.<\/div>\t\t\t<\/a>\t\t\t<\/div>\r\n\t\t<\/div><\/div><div id=\"pgc-62-5-2\"  class=\"panel-grid-cell\" ><div id=\"panel-62-5-2-0\" class=\"so-panel widget widget_puff_widget panel-first-child panel-last-child\" data-index=\"14\" >\t\t\t<div class=\"inner with_title with_text with_picture with_link\" >\r\n\t\t\t<a href=\"https:\/\/katalog.visarkiv.se\/kort\/views\/skv\/Default.aspx?item=126\">\t\t\t<div class=\"puff-picture\"><img src=\"https:\/\/musikverket.se\/svensktvisarkiv\/files\/2017\/03\/Sk\u00e4mtvisor-5-puff.jpg\" alt=\"Puff Picture\" \/><\/div>\t\t\t<h4>Sk\u00e4mtvisor<\/h4>\t\t\t<div class=\"puff-text\">Sk\u00e4mtar du? I denna katalog kan du botanisera bland \u00f6ver 200 folkliga sk\u00e4mtvisor med m\u00e5nga varianter.<\/div>\t\t\t<\/a>\t\t\t<\/div>\r\n\t\t<\/div><\/div><div id=\"pgc-62-5-3\"  class=\"panel-grid-cell panel-grid-cell-mobile-last\" ><div id=\"panel-62-5-3-0\" class=\"so-panel widget widget_puff_widget panel-first-child panel-last-child\" data-index=\"15\" >\t\t\t<div class=\"inner with_title with_text with_picture with_link\" >\r\n\t\t\t<a href=\"https:\/\/katalog.visarkiv.se\/kort\/views\/kbs\/\">\t\t\t<div class=\"puff-picture\"><img src=\"\/svensktvisarkiv\/files\/2019\/03\/skillingtrycks-framsida_med_bild.png\" alt=\"Puff Picture\" \/><\/div>\t\t\t<h4>Skillingtryck i KB<\/h4>\t\t\t<div class=\"puff-text\">Kungliga bibliotekets stora samling av skillingtryck. Katalogen best\u00e5r av 14 524 kort och f\u00f6rtecknar visornas f\u00f6rstarader samt inneh\u00e5ller en del f\u00f6rfattarh\u00e4nvisningar. <\/div>\t\t\t<\/a>\t\t\t<\/div>\r\n\t\t<\/div><\/div><div id=\"pgc-62-5-4\"  class=\"panel-grid-cell panel-grid-cell-empty\" ><\/div><\/div><\/div>","protected":false},"excerpt":{"rendered":"<p>Det finns flera s\u00e4tt att s\u00f6ka i Visarkivets samlingar. I Folkmusikkommissionens notsamling finns noter till \u00f6ver 100 000 l\u00e5tar.<\/p>\n","protected":false},"author":1,"featured_media":2790,"parent":0,"menu_order":0,"comment_status":"open","ping_status":"closed","template":"","meta":{"ngg_post_thumbnail":0,"spay_email":""},"categories":[3,4],"tags":[19,20,9,21,22,23,13,24,25],"yoast_head":"<!-- This site is optimized with the Yoast SEO plugin v16.3 - https:\/\/yoast.com\/wordpress\/plugins\/seo\/ -->\n<meta name=\"robots\" content=\"index, follow, max-snippet:-1, max-image-preview:large, max-video-preview:-1\" \/>\n<link rel=\"canonical\" href=\"https:\/\/musikverket-old.test.consids5.se\/svensktvisarkiv\/sok-i-samlingarna\/\" \/>\n<meta property=\"og:locale\" content=\"sv_SE\" \/>\n<meta property=\"og:type\" content=\"article\" \/>\n<meta property=\"og:title\" content=\"S\u00f6k i samlingarna - Svenskt visarkiv\" \/>\n<meta property=\"og:description\" content=\"Det finns flera s\u00e4tt att s\u00f6ka i Visarkivets samlingar. I Folkmusikkommissionens notsamling finns noter till \u00f6ver 100 000 l\u00e5tar.\" \/>\n<meta property=\"og:url\" content=\"https:\/\/musikverket-old.test.consids5.se\/svensktvisarkiv\/sok-i-samlingarna\/\" \/>\n<meta property=\"og:site_name\" content=\"Svenskt visarkiv\" \/>\n<meta property=\"article:modified_time\" content=\"2021-02-11T15:30:17+00:00\" \/>\n<meta property=\"og:image\" content=\"https:\/\/musikverket.se\/svensktvisarkiv\/files\/2013\/09\/SVA_sok_i_saml_utv_bild_500x364px.jpg\" \/>\n\t<meta property=\"og:image:width\" content=\"500\" \/>\n\t<meta property=\"og:image:height\" content=\"364\" \/>\n<meta name=\"twitter:label1\" content=\"Ber\u00e4knad l\u00e4stid\">\n\t<meta name=\"twitter:data1\" content=\"1 minut\">\n<script type=\"application\/ld+json\" class=\"yoast-schema-graph\">{\"@context\":\"https:\/\/schema.org\",\"@graph\":[{\"@type\":\"WebSite\",\"@id\":\"https:\/\/musikverket-old.test.consids5.se\/svensktvisarkiv\/#website\",\"url\":\"https:\/\/musikverket-old.test.consids5.se\/svensktvisarkiv\/\",\"name\":\"Svenskt visarkiv\",\"description\":\"Bevarar folkmusik, \\u00e4ldre popul\\u00e4rmusik, jazz och inflyttade musiktraditioner\",\"potentialAction\":[{\"@type\":\"SearchAction\",\"target\":\"https:\/\/musikverket-old.test.consids5.se\/svensktvisarkiv\/?s={search_term_string}\",\"query-input\":\"required name=search_term_string\"}],\"inLanguage\":\"sv-SE\"},{\"@type\":\"ImageObject\",\"@id\":\"https:\/\/musikverket-old.test.consids5.se\/svensktvisarkiv\/sok-i-samlingarna\/#primaryimage\",\"inLanguage\":\"sv-SE\",\"url\":\"https:\/\/musikverket-old.test.consids5.se\/svensktvisarkiv\/files\/2013\/09\/SVA_sok_i_saml_utv_bild_500x364px.jpg\",\"contentUrl\":\"https:\/\/musikverket-old.test.consids5.se\/svensktvisarkiv\/files\/2013\/09\/SVA_sok_i_saml_utv_bild_500x364px.jpg\",\"width\":\"500\",\"height\":\"364\",\"caption\":\"S\\u00f6k i samlingarna. Foto: Miki Anagrius\"},{\"@type\":\"WebPage\",\"@id\":\"https:\/\/musikverket-old.test.consids5.se\/svensktvisarkiv\/sok-i-samlingarna\/#webpage\",\"url\":\"https:\/\/musikverket-old.test.consids5.se\/svensktvisarkiv\/sok-i-samlingarna\/\",\"name\":\"S\\u00f6k i samlingarna - Svenskt visarkiv\",\"isPartOf\":{\"@id\":\"https:\/\/musikverket-old.test.consids5.se\/svensktvisarkiv\/#website\"},\"primaryImageOfPage\":{\"@id\":\"https:\/\/musikverket-old.test.consids5.se\/svensktvisarkiv\/sok-i-samlingarna\/#primaryimage\"},\"datePublished\":\"2013-02-08T07:10:34+00:00\",\"dateModified\":\"2021-02-11T15:30:17+00:00\",\"breadcrumb\":{\"@id\":\"https:\/\/musikverket-old.test.consids5.se\/svensktvisarkiv\/sok-i-samlingarna\/#breadcrumb\"},\"inLanguage\":\"sv-SE\",\"potentialAction\":[{\"@type\":\"ReadAction\",\"target\":[\"https:\/\/musikverket-old.test.consids5.se\/svensktvisarkiv\/sok-i-samlingarna\/\"]}]},{\"@type\":\"BreadcrumbList\",\"@id\":\"https:\/\/musikverket-old.test.consids5.se\/svensktvisarkiv\/sok-i-samlingarna\/#breadcrumb\",\"itemListElement\":[{\"@type\":\"ListItem\",\"position\":1,\"item\":{\"@type\":\"WebPage\",\"@id\":\"https:\/\/musikverket-old.test.consids5.se\/svensktvisarkiv\/\",\"url\":\"https:\/\/musikverket-old.test.consids5.se\/svensktvisarkiv\/\",\"name\":\"Hem\"}},{\"@type\":\"ListItem\",\"position\":2,\"item\":{\"@id\":\"https:\/\/musikverket-old.test.consids5.se\/svensktvisarkiv\/sok-i-samlingarna\/#webpage\"}}]}]}<\/script>\n<!-- \/ Yoast SEO plugin. -->","jetpack_shortlink":"https:\/\/wp.me\/P2Zwnz-10","jetpack_sharing_enabled":true,"_links":{"self":[{"href":"https:\/\/musikverket-old.test.consids5.se\/svensktvisarkiv\/wp-json\/wp\/v2\/pages\/62"}],"collection":[{"href":"https:\/\/musikverket-old.test.consids5.se\/svensktvisarkiv\/wp-json\/wp\/v2\/pages"}],"about":[{"href":"https:\/\/musikverket-old.test.consids5.se\/svensktvisarkiv\/wp-json\/wp\/v2\/types\/page"}],"author":[{"embeddable":true,"href":"https:\/\/musikverket-old.test.consids5.se\/svensktvisarkiv\/wp-json\/wp\/v2\/users\/1"}],"replies":[{"embeddable":true,"href":"https:\/\/musikverket-old.test.consids5.se\/svensktvisarkiv\/wp-json\/wp\/v2\/comments?post=62"}],"version-history":[{"count":0,"href":"https:\/\/musikverket-old.test.consids5.se\/svensktvisarkiv\/wp-json\/wp\/v2\/pages\/62\/revisions"}],"wp:featuredmedia":[{"embeddable":true,"href":"https:\/\/musikverket-old.test.consids5.se\/svensktvisarkiv\/wp-json\/wp\/v2\/media\/2790"}],"wp:attachment":[{"href":"https:\/\/musikverket-old.test.consids5.se\/svensktvisarkiv\/wp-json\/wp\/v2\/media?parent=62"}],"wp:term":[{"taxonomy":"category","embeddable":true,"href":"https:\/\/musikverket-old.test.consids5.se\/svensktvisarkiv\/wp-json\/wp\/v2\/categories?post=62"},{"taxonomy":"post_tag","embeddable":true,"href":"https:\/\/musikverket-old.test.consids5.se\/svensktvisarkiv\/wp-json\/wp\/v2\/tags?post=62"}],"curies":[{"name":"wp","href":"https:\/\/api.w.org\/{rel}","templated":true}]}}