{"id":6223,"date":"2015-10-09T14:58:47","date_gmt":"2015-10-09T12:58:47","guid":{"rendered":"https:\/\/musikverket.se\/svensktvisarkiv\/?page_id=6223"},"modified":"2021-10-27T10:31:48","modified_gmt":"2021-10-27T08:31:48","slug":"christer-landergren","status":"publish","type":"page","link":"https:\/\/musikverket-old.test.consids5.se\/svensktvisarkiv\/i-samlingarna\/fotografier\/christer-landergrens-samling\/christer-landergren\/","title":{"rendered":"Christer Landergren"},"content":{"rendered":"<div id=\"pl-6223\"  class=\"panel-layout\" ><div id=\"pg-6223-0\"  class=\"panel-grid panel-no-style\" ><div id=\"pgc-6223-0-0\"  class=\"panel-grid-cell\" ><div id=\"panel-6223-0-0-0\" class=\"so-panel widget widget_headers panel-first-child panel-last-child\" data-index=\"0\" ><div class=\"so-widget-headers so-widget-headers-base\"><h1 id=\"christer-landergren\">Christer Landergren<\/h1>\n<\/div><\/div><\/div><\/div><div id=\"pg-6223-1\"  class=\"panel-grid panel-no-style\" ><div id=\"pgc-6223-1-0\"  class=\"panel-grid-cell panel-grid-cell-mobile-last\" ><div id=\"panel-6223-1-0-0\" class=\"so-panel widget widget_black-studio-tinymce widget_black_studio_tinymce panel-first-child panel-last-child\" data-index=\"1\" ><div class=\"textwidget\"><p><em>Fotografen Christer Landergren (1941&ndash;2006) skildrade den svenska jazzscenen under fyra decennier. Hans fotografier &auml;r en viktig dokumentation av en av 1900-talets mest inflytelserika musikformer.<\/em><\/p>\n<\/div><\/div><\/div><div id=\"pgc-6223-1-1\"  class=\"panel-grid-cell panel-grid-cell-empty\" ><\/div><\/div><div id=\"pg-6223-2\"  class=\"panel-grid panel-has-style\" ><div class=\"siteorigin-panels-stretch panel-row-style panel-row-style-for-6223-2\" data-stretch-type=\"full-stretched\" ><div id=\"pgc-6223-2-0\"  class=\"panel-grid-cell\" ><div id=\"panel-6223-2-0-0\" class=\"so-panel widget widget_sow-slider panel-first-child panel-last-child\" data-index=\"2\" ><div class=\"so-widget-sow-slider so-widget-sow-slider-default-53fd0f98de19\"><div class=\"sow-slider-base \" style=\"display: none\"><ul class=\"sow-slider-images\" data-settings=\"{&quot;pagination&quot;:true,&quot;speed&quot;:800,&quot;timeout&quot;:8000,&quot;paused&quot;:false,&quot;pause_on_hover&quot;:false,&quot;swipe&quot;:true,&quot;nav_always_show_desktop&quot;:&quot;&quot;,&quot;nav_always_show_mobile&quot;:&quot;&quot;,&quot;breakpoint&quot;:&quot;780px&quot;}\">\t\t<li class=\"sow-slider-image  sow-slider-image-cover\" style=\"background-image: url(https:\/\/musikverket-old.test.consids5.se\/svensktvisarkiv\/files\/2015\/10\/Landergren_portratt_toppsnurra.jpg)\" >\n\t\t\t\t\t\t\t\t\t<img width=\"1280\" height=\"425\" src=\"https:\/\/musikverket-old.test.consids5.se\/svensktvisarkiv\/files\/2015\/10\/Landergren_portratt_toppsnurra.jpg\" class=\"sow-slider-background-image\" alt=\"Christer Landergren vid utst\u00e4llningen \u201dSome faces in jazz\u201d, Ume\u00e5 h\u00f6sten 1968. Foto: Roger Sandstr\u00f6m\/V\u00e4sterbottens Folkblad\" loading=\"eager\" srcset=\"https:\/\/musikverket-old.test.consids5.se\/svensktvisarkiv\/files\/2015\/10\/Landergren_portratt_toppsnurra.jpg 1280w, https:\/\/musikverket-old.test.consids5.se\/svensktvisarkiv\/files\/2015\/10\/Landergren_portratt_toppsnurra-300x99.jpg 300w, https:\/\/musikverket-old.test.consids5.se\/svensktvisarkiv\/files\/2015\/10\/Landergren_portratt_toppsnurra-1024x340.jpg 1024w, https:\/\/musikverket-old.test.consids5.se\/svensktvisarkiv\/files\/2015\/10\/Landergren_portratt_toppsnurra-252x83.jpg 252w, https:\/\/musikverket-old.test.consids5.se\/svensktvisarkiv\/files\/2015\/10\/Landergren_portratt_toppsnurra-1204x400.jpg 1204w, https:\/\/musikverket-old.test.consids5.se\/svensktvisarkiv\/files\/2015\/10\/Landergren_portratt_toppsnurra-752x250.jpg 752w, https:\/\/musikverket-old.test.consids5.se\/svensktvisarkiv\/files\/2015\/10\/Landergren_portratt_toppsnurra-251x83.jpg 251w\" sizes=\"(max-width: 1280px) 100vw, 1280px\" \/>\t\t\t\t\t\t\t\t<\/li>\n\t\t<\/ul>\t\t\t\t<ol class=\"sow-slider-pagination\">\n\t\t\t\t\t\t\t\t\t\t\t<li><a href=\"#\" data-goto=\"0\" aria-label=\"display slide 1\"><\/a><\/li>\n\t\t\t\t\t\t\t\t\t<\/ol>\n\n\t\t\t\t<div class=\"sow-slide-nav sow-slide-nav-next\">\n\t\t\t\t\t<a href=\"#\" data-goto=\"next\" aria-label=\"next slide\" data-action=\"next\">\n\t\t\t\t\t\t<em class=\"sow-sld-icon-thin-right\"><\/em>\n\t\t\t\t\t<\/a>\n\t\t\t\t<\/div>\n\n\t\t\t\t<div class=\"sow-slide-nav sow-slide-nav-prev\">\n\t\t\t\t\t<a href=\"#\" data-goto=\"previous\" aria-label=\"previous slide\" data-action=\"prev\">\n\t\t\t\t\t\t<em class=\"sow-sld-icon-thin-left\"><\/em>\n\t\t\t\t\t<\/a>\n\t\t\t\t<\/div>\n\t\t\t\t<\/div><\/div><\/div><\/div><\/div><\/div><div id=\"pg-6223-3\"  class=\"panel-grid panel-no-style\" ><div id=\"pgc-6223-3-0\"  class=\"panel-grid-cell panel-grid-cell-mobile-last\" ><div id=\"panel-6223-3-0-0\" class=\"so-panel widget widget_black-studio-tinymce widget_black_studio_tinymce panel-first-child panel-last-child\" data-index=\"3\" ><div class=\"textwidget\"><p>2006 donerade Christer Landergren hela sitt bildarkiv till Svenskt visarkiv. F\u00f6rutom m\u00e5nga tusen papperskopior inneh\u00e5ller arkivet cirka 150 000 negativ. H\u00e4r finns foton av det stora flertalet\u00a0jazzmusiker som spelade i Sverige under den tid Landergren var verksam, bland andra Duke Ellington, Sheila Jordan, Ornette Coleman, Ernestine Anderson, Nannie Porres, Big Mama Thornton, Archie Shepp, Don Cherry, Bernt Rosengren, B\u00f6rje Fredriksson, Monica Zetterlund, Bengt Hallberg.<\/p>\n<ul>\n<li><a title=\"Christer Landergrens samling\" href=\"\/svensktvisarkiv\/i-samlingarna\/fotografier\/christer-landergrens-samling\/\">Till bildpresentationen av Christer Landergrens samling<\/a><\/li>\n<\/ul>\n<h2>Utbildade sig p\u00e5 Fotoskolan<\/h2>\n<p>Christer Landergrens stora jazzintresse grundlades i de tidiga ton\u00e5ren och han har sj\u00e4lv ber\u00e4ttat om ett avg\u00f6rande biobes\u00f6k i b\u00f6rjan av 1950-talet d\u00e5 han s\u00e5g filmen <em>New Orleans <\/em>med jazzmusikern Louis Armstrong och s\u00e5ngerskan Billie Holiday. D\u00e4refter kom jazzen att bli en livsl\u00e5ng passion.<\/p>\n<p>Landergren hade redan fotograferat en del d\u00e5 han s\u00f6kte in p\u00e5 Fotoskolan i Stockholm 1964. Han blev antagen till skolan som d\u00e5 leddes av den ber\u00f6mda fotografen Christer Str\u00f6mholm (1918\u20132002). Efter tre \u00e5r p\u00e5 Fotoskolan fortsatte Landergren ett \u00e5r p\u00e5 Dokument\u00e4rfilmskolan i Tor-Ivan Odulfs regi. 1968 b\u00f6rjade han arbeta som l\u00e4rare p\u00e5 Fotoskolan vilket han fortsatte med fram till 1984. Skolan kom med tiden att drivas i Kursverksamhetens regi (GFU) som senare blev Nordens fotoskola.<\/p>\n<h2>Utvecklade svenskt jazzfotografi<\/h2>\n<p>Christer Landergren var \u00e4ven verksam som frilansande fotograf. Fr\u00e5n 1965 och fram till sin d\u00f6d arbetade han f\u00f6r jazztidskriften OrkesterJournalen (OJ) och blev med tiden en av dess fr\u00e4msta fotografer. En stor del av hans jazzbilder finns i OJ:s bildarkiv p\u00e5 Svenskt visarkiv. Landergren var alltid n\u00e4rvarande med sin kamera p\u00e5 st\u00e4llen d\u00e4r det spelades jazz \u2013 fr\u00e5n sm\u00e5 klubbar till stora festivaler, mest i Stockholm men ocks\u00e5 i andra delar av landet. P\u00e5 1960-talet bevakade han i stort sett allt som h\u00e4nde p\u00e5 jazzklubben Gyllene Cirkeln i ABF-huset. P\u00e5 1970-talet och senare var det jazzklubben Fasching som g\u00e4llde.<\/p>\n<p>Landergren utvecklade en stor hantverksskicklighet och en alldeles egen estetik som fick betydelse f\u00f6r en yngre generation av fotografer. Han var tidig med att f\u00e5nga r\u00f6relse och musikaliskt uttryck i sina bilder, n\u00e5got som senare kom att bli grundl\u00e4ggande inom jazzfotografin. Att f\u00e5nga det v\u00e4sentliga i motivet och bevara dess specifika uttryck till efterv\u00e4rlden var n\u00e5got av Landergrens k\u00e4nnetecken.<\/p>\n<h2>Konstn\u00e4rligt uttryck och teknisk f\u00e4rdighet<\/h2>\n<p>Christer Landergren\u00a0str\u00e4vade efter en v\u00e4l avv\u00e4gd balans mellan det konstn\u00e4rliga och det tekniska. Han har sj\u00e4lv formulerat det p\u00e5 f\u00f6ljande s\u00e4tt:<\/p>\n<p>\u201dN\u00e5got av det sv\u00e5raste, i alla uttryckss\u00e4tt, \u00e4r att formulera sig enkelt. Detta \u00e4r inte detsamma som simpelt utan tv\u00e4rtom ett rakare och sannare spr\u00e5k, utan trendigt grumleri som leder bort fr\u00e5n grundbudskapet. Den tekniska f\u00e4rdigheten \u00e4r viktig, men den f\u00e5r aldrig bli ett sj\u00e4lv\u00e4ndam\u00e5l. Den \u00e4r inget budskap i sig, bara n\u00f6dv\u00e4ndig f\u00f6r att ge det enkla spr\u00e5ket en chans. Och det \u00e4r f\u00f6rst d\u00e5 som en alldeles sj\u00e4lvklar musik, eller bild, ocks\u00e5 v\u00e4cker f\u00f6rundran\u201d.<\/p>\n<p>(Ur boken <em>Body Soul<\/em> fr\u00e5n 1987)<\/p>\n<p>N\u00e4r det g\u00e4ller att ta jazzbilder har han sagt:<\/p>\n<p>\u201dEn bra jazzbild \u00e4r en bild som \u00e4r intr\u00e4ngande och k\u00e4nslig och som f\u00f6rm\u00e5r visa n\u00e5got mer \u00e4n bara utseendet hos en musiker. Och som ocks\u00e5 s\u00e4ger n\u00e5got om fotografen, om hans h\u00e5llning och personliga upplevelse\u201d.<\/p>\n<p>(Ur OrkesterJournalen, nr 12, 1986)<\/p>\n<h2>Utst\u00e4llningar och utm\u00e4rkelser\u00a0i urval<\/h2>\n<ul>\n<li>Some Faces In Jazz (f\u00f6rsta egna utst\u00e4llningen) Jazzfestivalen i Ume\u00e5, 1968.<\/li>\n<li>Fotografiska museet (samlingsutst\u00e4llning) Moderna museet, 1986.<\/li>\n<li>Grand Prix vid en t\u00e4vling utlyst av International Jazz Federation och tidskriften Jazz Forum 1986, vilket ledde till en stor utst\u00e4llning i Warszawa 1987.<\/li>\n<li>Gyllene Cirkeln \u2013 En bit av 60-talet, Stockholms Stadsmuseum, 17 nov 1995\u2013 4 feb 1996.\u00a0<\/li>\n<li>Jazz Moments, Stockholms Konserthus, 2007.<\/li>\n<li>En av hans bilder p\u00e5 Lars Gullin blev frim\u00e4rke 1983.<strong>\u00a0<\/strong><\/li>\n<\/ul>\n<h2>B\u00f6cker<\/h2>\n<ul>\n<li><em>Body and Soul<\/em> (Fotografcentrums f\u00f6rlag och Folket i bild\/Kulturfront, 1987) monografi<\/li>\n<li><em>Chet Baker<\/em> (f\u00f6rfattare Bj\u00f6rn Borgstr\u00f6m, Eklund &amp; Joost, 1990)<\/li>\n<li><em>Jazz \u2013 En k\u00e4rlekshistoria<\/em> (redakt\u00f6r Erik Centerwall, F\u00f6reningen Faschings v\u00e4nner, 1992)<\/li>\n<li><em>Den Gyllene Cirkeln<\/em> \u2013 Jazzen p\u00e5 1960-talet (redakt\u00f6r Roger Bergner, Prisma, 2002)<\/li>\n<\/ul>\n<p>Samtliga b\u00f6cker finns att l\u00e5na p\u00e5 <a title=\"Musik- och teaterbiblioteket\" href=\"\/musikochteaterbiblioteket\/\" target=\"_blank\">Musik- och teaterbiblioteket<\/a>.<\/p>\n<h2>Mer information<\/h2>\n<ul>\n<li><a title=\"Christer Landergrens samling\" href=\"\/svensktvisarkiv\/i-samlingarna\/fotografier\/christer-landergrens-samling\/\">Bildpresentation av Christer Landergrens samling<\/a><\/li>\n<li><a title=\"Jazz\" href=\"\/svensktvisarkiv\/musik\/jazz\/\">Jazzsamlingen p\u00e5 Svenskt visarkiv<\/a><\/li>\n<\/ul>\n<\/div><\/div><\/div><div id=\"pgc-6223-3-1\"  class=\"panel-grid-cell panel-grid-cell-empty\" ><\/div><\/div><\/div>","protected":false},"excerpt":{"rendered":"<p>Fotografen Christer Landergren (1941\u20132006) skildrade den svenska jazzscenen under fyra decennier. Hans fotografier \u00e4r en viktig dokumentation av en av 1900-talets mest inflytelserika musikformer. <\/p>\n","protected":false},"author":29,"featured_media":0,"parent":6117,"menu_order":0,"comment_status":"open","ping_status":"closed","template":"","meta":{"ngg_post_thumbnail":0,"spay_email":""},"categories":[3,4],"tags":[254,236,14,351],"yoast_head":"<!-- This site is optimized with the Yoast SEO plugin v16.3 - https:\/\/yoast.com\/wordpress\/plugins\/seo\/ -->\n<meta name=\"robots\" content=\"index, follow, max-snippet:-1, max-image-preview:large, max-video-preview:-1\" \/>\n<link rel=\"canonical\" href=\"https:\/\/musikverket-old.test.consids5.se\/svensktvisarkiv\/i-samlingarna\/fotografier\/christer-landergrens-samling\/christer-landergren\/\" \/>\n<meta property=\"og:locale\" content=\"sv_SE\" \/>\n<meta property=\"og:type\" content=\"article\" \/>\n<meta property=\"og:title\" content=\"Christer Landergren - Svenskt visarkiv\" \/>\n<meta property=\"og:description\" content=\"Fotografen Christer Landergren (1941\u20132006) skildrade den svenska jazzscenen under fyra decennier. Hans fotografier \u00e4r en viktig dokumentation av en av 1900-talets mest inflytelserika musikformer.\" \/>\n<meta property=\"og:url\" content=\"https:\/\/musikverket-old.test.consids5.se\/svensktvisarkiv\/i-samlingarna\/fotografier\/christer-landergrens-samling\/christer-landergren\/\" \/>\n<meta property=\"og:site_name\" content=\"Svenskt visarkiv\" \/>\n<meta property=\"article:modified_time\" content=\"2021-10-27T08:31:48+00:00\" \/>\n<meta name=\"twitter:label1\" content=\"Ber\u00e4knad l\u00e4stid\">\n\t<meta name=\"twitter:data1\" content=\"3 minuter\">\n<script type=\"application\/ld+json\" class=\"yoast-schema-graph\">{\"@context\":\"https:\/\/schema.org\",\"@graph\":[{\"@type\":\"WebSite\",\"@id\":\"https:\/\/musikverket-old.test.consids5.se\/svensktvisarkiv\/#website\",\"url\":\"https:\/\/musikverket-old.test.consids5.se\/svensktvisarkiv\/\",\"name\":\"Svenskt visarkiv\",\"description\":\"Bevarar folkmusik, \\u00e4ldre popul\\u00e4rmusik, jazz och inflyttade musiktraditioner\",\"potentialAction\":[{\"@type\":\"SearchAction\",\"target\":\"https:\/\/musikverket-old.test.consids5.se\/svensktvisarkiv\/?s={search_term_string}\",\"query-input\":\"required name=search_term_string\"}],\"inLanguage\":\"sv-SE\"},{\"@type\":\"WebPage\",\"@id\":\"https:\/\/musikverket-old.test.consids5.se\/svensktvisarkiv\/i-samlingarna\/fotografier\/christer-landergrens-samling\/christer-landergren\/#webpage\",\"url\":\"https:\/\/musikverket-old.test.consids5.se\/svensktvisarkiv\/i-samlingarna\/fotografier\/christer-landergrens-samling\/christer-landergren\/\",\"name\":\"Christer Landergren - Svenskt visarkiv\",\"isPartOf\":{\"@id\":\"https:\/\/musikverket-old.test.consids5.se\/svensktvisarkiv\/#website\"},\"datePublished\":\"2015-10-09T12:58:47+00:00\",\"dateModified\":\"2021-10-27T08:31:48+00:00\",\"breadcrumb\":{\"@id\":\"https:\/\/musikverket-old.test.consids5.se\/svensktvisarkiv\/i-samlingarna\/fotografier\/christer-landergrens-samling\/christer-landergren\/#breadcrumb\"},\"inLanguage\":\"sv-SE\",\"potentialAction\":[{\"@type\":\"ReadAction\",\"target\":[\"https:\/\/musikverket-old.test.consids5.se\/svensktvisarkiv\/i-samlingarna\/fotografier\/christer-landergrens-samling\/christer-landergren\/\"]}]},{\"@type\":\"BreadcrumbList\",\"@id\":\"https:\/\/musikverket-old.test.consids5.se\/svensktvisarkiv\/i-samlingarna\/fotografier\/christer-landergrens-samling\/christer-landergren\/#breadcrumb\",\"itemListElement\":[{\"@type\":\"ListItem\",\"position\":1,\"item\":{\"@type\":\"WebPage\",\"@id\":\"https:\/\/musikverket-old.test.consids5.se\/svensktvisarkiv\/\",\"url\":\"https:\/\/musikverket-old.test.consids5.se\/svensktvisarkiv\/\",\"name\":\"Hem\"}},{\"@type\":\"ListItem\",\"position\":2,\"item\":{\"@type\":\"WebPage\",\"@id\":\"https:\/\/musikverket-old.test.consids5.se\/svensktvisarkiv\/i-samlingarna\/\",\"url\":\"https:\/\/musikverket-old.test.consids5.se\/svensktvisarkiv\/i-samlingarna\/\",\"name\":\"Samlingar\"}},{\"@type\":\"ListItem\",\"position\":3,\"item\":{\"@type\":\"WebPage\",\"@id\":\"https:\/\/musikverket-old.test.consids5.se\/svensktvisarkiv\/i-samlingarna\/fotografier\/\",\"url\":\"https:\/\/musikverket-old.test.consids5.se\/svensktvisarkiv\/i-samlingarna\/fotografier\/\",\"name\":\"Fotografier\"}},{\"@type\":\"ListItem\",\"position\":4,\"item\":{\"@type\":\"WebPage\",\"@id\":\"https:\/\/musikverket-old.test.consids5.se\/svensktvisarkiv\/i-samlingarna\/fotografier\/christer-landergrens-samling\/\",\"url\":\"https:\/\/musikverket-old.test.consids5.se\/svensktvisarkiv\/i-samlingarna\/fotografier\/christer-landergrens-samling\/\",\"name\":\"Christer Landergrens samling\"}},{\"@type\":\"ListItem\",\"position\":5,\"item\":{\"@id\":\"https:\/\/musikverket-old.test.consids5.se\/svensktvisarkiv\/i-samlingarna\/fotografier\/christer-landergrens-samling\/christer-landergren\/#webpage\"}}]}]}<\/script>\n<!-- \/ Yoast SEO plugin. -->","jetpack_shortlink":"https:\/\/wp.me\/P2Zwnz-1Cn","jetpack_sharing_enabled":true,"_links":{"self":[{"href":"https:\/\/musikverket-old.test.consids5.se\/svensktvisarkiv\/wp-json\/wp\/v2\/pages\/6223"}],"collection":[{"href":"https:\/\/musikverket-old.test.consids5.se\/svensktvisarkiv\/wp-json\/wp\/v2\/pages"}],"about":[{"href":"https:\/\/musikverket-old.test.consids5.se\/svensktvisarkiv\/wp-json\/wp\/v2\/types\/page"}],"author":[{"embeddable":true,"href":"https:\/\/musikverket-old.test.consids5.se\/svensktvisarkiv\/wp-json\/wp\/v2\/users\/29"}],"replies":[{"embeddable":true,"href":"https:\/\/musikverket-old.test.consids5.se\/svensktvisarkiv\/wp-json\/wp\/v2\/comments?post=6223"}],"version-history":[{"count":0,"href":"https:\/\/musikverket-old.test.consids5.se\/svensktvisarkiv\/wp-json\/wp\/v2\/pages\/6223\/revisions"}],"up":[{"embeddable":true,"href":"https:\/\/musikverket-old.test.consids5.se\/svensktvisarkiv\/wp-json\/wp\/v2\/pages\/6117"}],"wp:attachment":[{"href":"https:\/\/musikverket-old.test.consids5.se\/svensktvisarkiv\/wp-json\/wp\/v2\/media?parent=6223"}],"wp:term":[{"taxonomy":"category","embeddable":true,"href":"https:\/\/musikverket-old.test.consids5.se\/svensktvisarkiv\/wp-json\/wp\/v2\/categories?post=6223"},{"taxonomy":"post_tag","embeddable":true,"href":"https:\/\/musikverket-old.test.consids5.se\/svensktvisarkiv\/wp-json\/wp\/v2\/tags?post=6223"}],"curies":[{"name":"wp","href":"https:\/\/api.w.org\/{rel}","templated":true}]}}